{"id":53009,"date":"2022-01-08T21:57:38","date_gmt":"2022-01-09T00:57:38","guid":{"rendered":"https:\/\/bodegaoutdoor.cl\/store\/product\/hamaca-multipersona-para-exteriores-diseno-de-3-puntos-portatil-multifuncional-triangular-aerea-conveniente-para-dormir-y-acampar\/"},"modified":"2023-05-04T19:18:49","modified_gmt":"2023-05-04T23:18:49","slug":"hamaca-multipersona-para-exteriores-diseno-de-3-puntos-portatil-multifuncional-triangular-aerea-conveniente-para-dormir-y-acampar","status":"publish","type":"product","link":"https:\/\/bodegaoutdoor.cl\/store\/product\/hamaca-multipersona-para-exteriores-diseno-de-3-puntos-portatil-multifuncional-triangular-aerea-conveniente-para-dormir-y-acampar\/","title":{"rendered":"Hamaca multipersona para exteriores, dise\u00f1o de 3 puntos, port\u00e1til, multifuncional, triangular, a\u00e9rea, conveniente para dormir y acampar"},"content":{"rendered":"<div>\n<div>\n<div>\n<p style=\"font-family: OpenSans; font-size: 14px; font-weight: 300; line-height: 20px; margin-bottom: 12px;\">Descripci\u00f3n:<\/p>\n<p>1. El exclusivo sistema de anclaje de hamaca de 3 puntos proporciona una Base apretada y tensa para la hamaca. Ya sea que duerma en la parte delantera, trasera o lateral de la tienda,<\/p>\n<p>2. Puedes dormir en la tienda c\u00f3modamente. Si su hijo no es suave y permanece en buenas condiciones despu\u00e9s de un uso repetido. Incluso despu\u00e9s de llevarlos en la lavadora varias veces, todav\u00eda parecen nuevas.<\/p>\n<p>3. Antipunta multipersona hamacas con correas, hamacas triangulares port\u00e1tiles para \u00e1rboles, f\u00e1cil de usar, c\u00f3modos muebles de Camping para terrazas al aire libre o de jard\u00edn.<\/p>\n<p>4. Cada tienda est\u00e1 reforzada con nuestro exclusivo sistema de cintur\u00f3n Anti-vertido para crear un \u00e1rea de dormir separada para todos y evitar que se mueva al centro de la tienda;<\/p>\n<p>5. Una caracter\u00edstica imprescindible para el Camping para varias personas.<\/p>\n<p>6. La comodidad y versatilidad de Camping tienen la protecci\u00f3n de una hamaca, seguridad y m\u00faltiples usos de una tienda de campa\u00f1a. Dale A tu familia una hamaca segura.<\/p>\n<p>Carga m\u00e1xima: 400 (kg)<\/p>\n<p>Especificaci\u00f3n: (largo X ancho)<\/p>\n<p>280x280x280cm \/ 400x400x400cm (cm)<\/p>\n<p>Hamaca Material de la superficie: malla de poli\u00e9ster<\/p>\n<p>Lista de embalaje:<\/p>\n<p>Hamaca x1, mosquet\u00f3n x3, Correa 2M x3, bolsa de almacenamiento x1<\/p>\n<p>Nota:<br \/>\n1. Debido a la luz y a la diferencia de pantalla, el color del art\u00edculo puede ser ligeramente diferente al de las im\u00e1genes.<br \/>\n2. Permite diferencias de 0,5-2 cm debido a la medici\u00f3n manual.<\/p>\n<\/div>\n<div><img decoding=\"async\" title=\"Hamaca multipersona para exteriores, dise\u00f1o de 3 puntos, port\u00e1til, multifuncional, triangular, a\u00e9rea, conveniente para dormir y acampar\" src=\"https:\/\/bodegaoutdoor.cl\/store\/wp-content\/uploads\/2022\/01\/53009-ic778g.jpg\" alt=\"Hamaca multipersona para exteriores, dise\u00f1o de 3 puntos, port\u00e1til, multifuncional, triangular, a\u00e9rea, conveniente para dormir y acampar\" \/><img decoding=\"async\" title=\"Hamaca multipersona para exteriores, dise\u00f1o de 3 puntos, port\u00e1til, multifuncional, triangular, a\u00e9rea, conveniente para dormir y acampar\" src=\"https:\/\/bodegaoutdoor.cl\/store\/wp-content\/uploads\/2022\/01\/53009-ddefyv.jpg\" alt=\"Hamaca multipersona para exteriores, dise\u00f1o de 3 puntos, port\u00e1til, multifuncional, triangular, a\u00e9rea, conveniente para dormir y acampar\" \/><img decoding=\"async\" title=\"Hamaca multipersona para exteriores, dise\u00f1o de 3 puntos, port\u00e1til, multifuncional, triangular, a\u00e9rea, conveniente para dormir y acampar\" src=\"https:\/\/bodegaoutdoor.cl\/store\/wp-content\/uploads\/2022\/01\/53009-mnyfbc.jpg\" alt=\"Hamaca multipersona para exteriores, dise\u00f1o de 3 puntos, port\u00e1til, multifuncional, triangular, a\u00e9rea, conveniente para dormir y acampar\" \/><img decoding=\"async\" title=\"Hamaca multipersona para exteriores, dise\u00f1o de 3 puntos, port\u00e1til, multifuncional, triangular, a\u00e9rea, conveniente para dormir y acampar\" src=\"https:\/\/bodegaoutdoor.cl\/store\/wp-content\/uploads\/2022\/01\/53009-yuqvbv.jpg\" alt=\"Hamaca multipersona para exteriores, dise\u00f1o de 3 puntos, port\u00e1til, multifuncional, triangular, a\u00e9rea, conveniente para dormir y acampar\" \/><img decoding=\"async\" title=\"Hamaca multipersona para exteriores, dise\u00f1o de 3 puntos, port\u00e1til, multifuncional, triangular, a\u00e9rea, conveniente para dormir y acampar\" src=\"https:\/\/bodegaoutdoor.cl\/store\/wp-content\/uploads\/2022\/01\/53009-pjas99.jpg\" alt=\"Hamaca multipersona para exteriores, dise\u00f1o de 3 puntos, port\u00e1til, multifuncional, triangular, a\u00e9rea, conveniente para dormir y acampar\" \/><img decoding=\"async\" title=\"Hamaca multipersona para exteriores, dise\u00f1o de 3 puntos, port\u00e1til, multifuncional, triangular, a\u00e9rea, conveniente para dormir y acampar\" src=\"https:\/\/bodegaoutdoor.cl\/store\/wp-content\/uploads\/2022\/01\/53009-vsmger.jpg\" alt=\"Hamaca multipersona para exteriores, dise\u00f1o de 3 puntos, port\u00e1til, multifuncional, triangular, a\u00e9rea, conveniente para dormir y acampar\" \/><img decoding=\"async\" title=\"Hamaca multipersona para exteriores, dise\u00f1o de 3 puntos, port\u00e1til, multifuncional, triangular, a\u00e9rea, conveniente para dormir y acampar\" src=\"https:\/\/bodegaoutdoor.cl\/store\/wp-content\/uploads\/2022\/01\/53009-lu9ylz.jpg\" alt=\"Hamaca multipersona para exteriores, dise\u00f1o de 3 puntos, port\u00e1til, multifuncional, triangular, a\u00e9rea, conveniente para dormir y acampar\" \/><img decoding=\"async\" title=\"Hamaca multipersona para exteriores, dise\u00f1o de 3 puntos, port\u00e1til, multifuncional, triangular, a\u00e9rea, conveniente para dormir y acampar\" src=\"https:\/\/bodegaoutdoor.cl\/store\/wp-content\/uploads\/2022\/01\/53009-syra1x.jpg\" alt=\"Hamaca multipersona para exteriores, dise\u00f1o de 3 puntos, port\u00e1til, multifuncional, triangular, a\u00e9rea, conveniente para dormir y acampar\" \/><img decoding=\"async\" title=\"Hamaca multipersona para exteriores, dise\u00f1o de 3 puntos, port\u00e1til, multifuncional, triangular, a\u00e9rea, conveniente para dormir y acampar\" src=\"https:\/\/bodegaoutdoor.cl\/store\/wp-content\/uploads\/2022\/01\/53009-p6e6sl.jpg\" alt=\"Hamaca multipersona para exteriores, dise\u00f1o de 3 puntos, port\u00e1til, multifuncional, triangular, a\u00e9rea, conveniente para dormir y acampar\" \/><img decoding=\"async\" title=\"Hamaca multipersona para exteriores, dise\u00f1o de 3 puntos, port\u00e1til, multifuncional, triangular, a\u00e9rea, conveniente para dormir y acampar\" src=\"https:\/\/bodegaoutdoor.cl\/store\/wp-content\/uploads\/2022\/01\/53009-1jcz7g.jpg\" alt=\"Hamaca multipersona para exteriores, dise\u00f1o de 3 puntos, port\u00e1til, multifuncional, triangular, a\u00e9rea, conveniente para dormir y acampar\" \/><\/div>\n<div><img decoding=\"async\" title=\"Hamaca multipersona para exteriores, dise\u00f1o de 3 puntos, port\u00e1til, multifuncional, triangular, a\u00e9rea, conveniente para dormir y acampar\" src=\"https:\/\/bodegaoutdoor.cl\/store\/wp-content\/uploads\/2022\/01\/53009-ys84wg.jpg\" alt=\"Hamaca multipersona para exteriores, dise\u00f1o de 3 puntos, port\u00e1til, multifuncional, triangular, a\u00e9rea, conveniente para dormir y acampar\" \/><\/div>\n<p>&nbsp;<\/p>\n<\/div>\n<\/div>\n\n    <div class=\"xs_social_share_widget xs_share_url after_content \t\tmain_content  wslu-style-1 wslu-share-box-shaped wslu-fill-colored wslu-none wslu-share-horizontal wslu-theme-font-no wslu-main_content\">\n\n\t\t\n        <ul>\n\t\t\t        <\/ul>\n    <\/div> \n","protected":false},"excerpt":{"rendered":"<p>Descripci\u00f3n: 1. El exclusivo sistema de anclaje de hamaca de 3 puntos proporciona una Base apretada y tensa para la hamaca. Ya sea que duerma en la parte delantera, trasera o lateral de la tienda, 2. Puedes dormir en la tienda c\u00f3modamente. Si su hijo no es suave y permanece en buenas condiciones despu\u00e9s de [&hellip;]<\/p>\n","protected":false},"featured_media":53025,"comment_status":"open","ping_status":"closed","template":"","meta":{"jetpack_publicize_message":"","jetpack_publicize_feature_enabled":true,"jetpack_social_post_already_shared":true,"jetpack_social_options":{"image_generator_settings":{"template":"highway","enabled":false},"version":2}},"product_brand":[],"product_cat":[275],"product_tag":[],"class_list":{"0":"post-53009","1":"product","2":"type-product","3":"status-publish","4":"has-post-thumbnail","6":"product_cat-hamacas","8":"first","9":"instock","10":"taxable","11":"shipping-taxable","12":"purchasable","13":"product-type-variable"},"jetpack_publicize_connections":[],"jetpack_sharing_enabled":true,"_links":{"self":[{"href":"https:\/\/bodegaoutdoor.cl\/store\/wp-json\/wp\/v2\/product\/53009","targetHints":{"allow":["GET"]}}],"collection":[{"href":"https:\/\/bodegaoutdoor.cl\/store\/wp-json\/wp\/v2\/product"}],"about":[{"href":"https:\/\/bodegaoutdoor.cl\/store\/wp-json\/wp\/v2\/types\/product"}],"replies":[{"embeddable":true,"href":"https:\/\/bodegaoutdoor.cl\/store\/wp-json\/wp\/v2\/comments?post=53009"}],"version-history":[{"count":2,"href":"https:\/\/bodegaoutdoor.cl\/store\/wp-json\/wp\/v2\/product\/53009\/revisions"}],"predecessor-version":[{"id":70957,"href":"https:\/\/bodegaoutdoor.cl\/store\/wp-json\/wp\/v2\/product\/53009\/revisions\/70957"}],"wp:featuredmedia":[{"embeddable":true,"href":"https:\/\/bodegaoutdoor.cl\/store\/wp-json\/wp\/v2\/media\/53025"}],"wp:attachment":[{"href":"https:\/\/bodegaoutdoor.cl\/store\/wp-json\/wp\/v2\/media?parent=53009"}],"wp:term":[{"taxonomy":"product_brand","embeddable":true,"href":"https:\/\/bodegaoutdoor.cl\/store\/wp-json\/wp\/v2\/product_brand?post=53009"},{"taxonomy":"product_cat","embeddable":true,"href":"https:\/\/bodegaoutdoor.cl\/store\/wp-json\/wp\/v2\/product_cat?post=53009"},{"taxonomy":"product_tag","embeddable":true,"href":"https:\/\/bodegaoutdoor.cl\/store\/wp-json\/wp\/v2\/product_tag?post=53009"}],"curies":[{"name":"wp","href":"https:\/\/api.w.org\/{rel}","templated":true}]}}