{"id":53052,"date":"2022-01-10T00:42:45","date_gmt":"2022-01-10T03:42:45","guid":{"rendered":"https:\/\/bodegaoutdoor.cl\/store\/product\/casco-de-moto-casco-de-moto-de-campo-traviesa-casco-para-ninos-casco-luminoso-nocturno-3-regalos\/"},"modified":"2023-05-04T19:18:49","modified_gmt":"2023-05-04T23:18:49","slug":"casco-de-moto-casco-de-moto-de-campo-traviesa-casco-para-ninos-casco-luminoso-nocturno-3-regalos","status":"publish","type":"product","link":"https:\/\/bodegaoutdoor.cl\/store\/product\/casco-de-moto-casco-de-moto-de-campo-traviesa-casco-para-ninos-casco-luminoso-nocturno-3-regalos\/","title":{"rendered":"Casco de moto Dot Certificado + 3 regalos"},"content":{"rendered":"<p style=\"text-align: center;\"><video style=\"max-width: 100%;\" src=\"\/\/cloud.video.taobao.com\/play\/u\/2212376406936\/p\/1\/e\/6\/t\/10301\/328080604050.mp4\" poster=\"https:\/\/ae01.alicdn.com\/kf\/H6c842ad4a1b748b78cb0a9ebbe6821fav\/Casco-de-moto-casco-de-moto-de-campo-traviesa-casco-para-ni-os-casco-luminoso-nocturno.jpg,https:\/\/ae01.alicdn.com\/kf\/H4731439fe5284326b53aaefc667a9c49Z\/Casco-de-moto-casco-de-moto-de-campo-traviesa-casco-para-ni-os-casco-luminoso-nocturno.jpg,https:\/\/ae01.alicdn.com\/kf\/H8fb53f969ad44bb99b6c82b8ed53a90fF\/Casco-de-moto-casco-de-moto-de-campo-traviesa-casco-para-ni-os-casco-luminoso-nocturno.jpg,https:\/\/ae01.alicdn.com\/kf\/H000dbdf2579a4d708356951d9b10c4c6m\/Casco-de-moto-casco-de-moto-de-campo-traviesa-casco-para-ni-os-casco-luminoso-nocturno.jpg,https:\/\/ae01.alicdn.com\/kf\/H25bf7070ec7a4b189093bcb0270a0c82F\/Casco-de-moto-casco-de-moto-de-campo-traviesa-casco-para-ni-os-casco-luminoso-nocturno.jpg,https:\/\/ae01.alicdn.com\/kf\/H604c44d729b544b2841d54231bb7d3e6L\/Casco-de-moto-casco-de-moto-de-campo-traviesa-casco-para-ni-os-casco-luminoso-nocturno.jpg\" preload=\"auto\" controls=\"controls\" width=\"100%\" height=\"100%\"><\/video><\/p>\n<div>\n<div>\n<p align=\"center\"><img decoding=\"async\" title=\"Casco de moto, casco de moto de campo traviesa, casco para ni\u00f1os, casco luminoso nocturno, 3 regalos\" src=\"https:\/\/bodegaoutdoor.cl\/store\/wp-content\/uploads\/2022\/01\/53052-lvhxru.jpg\" alt=\"Casco de moto, casco de moto de campo traviesa, casco para ni\u00f1os, casco luminoso nocturno, 3 regalos\" \/><\/p>\n<p align=\"center\"><strong><span style=\"font-size: 28px;\">Selecci\u00f3n de tallas:<\/span><\/strong><strong>S<\/strong><strong><span style=\"font-size: 28px;\">&#8211;<\/span><\/strong><strong>53 ~ 55<\/strong><strong>M<\/strong><strong><span style=\"font-size: 28px;\">&#8211;<\/span><\/strong><strong>55 ~ 56<\/strong><strong>L<\/strong><strong><span style=\"font-size: 28px;\">&#8211;<\/span><\/strong><strong>57 ~ 58<\/strong><strong>Modelo XL<\/strong><strong><span style=\"font-size: 28px;\">&#8211;<\/span><\/strong><strong>59<\/strong><strong>~ 61<\/strong><\/p>\n<p align=\"center\">El forro interior del casco, para envolver mejor la cabeza.<\/p>\n<p align=\"center\">C\u00f3modo y m\u00e1s seguro. La esponja forma parte de la estructura. Habr\u00e1 uno<\/p>\n<p align=\"center\">Error del 0,2 al 0,5. Es normal y puede ser ignorado y no afecta<\/p>\n<p align=\"center\">Llevarlo. Por favor, forgive<\/p>\n<p align=\"center\"><strong><span style=\"font-size: 32px;\">C\u00f3mo medir la circunferencia de la cabeza: Use una regla suave para pasar la frente (por encima del hueso de la frente) y el punto sobresaliente detr\u00e1s de la cabeza en un c\u00edrculo. Tambi\u00e9n se cuenta el pelo. Puede calcular el tama\u00f1o de su cabeza y luego elegir el tama\u00f1o correcto del casco seg\u00fan sus necesidades.<\/span><\/strong><\/p>\n<p align=\"center\"><span style=\"font-size: 28px;\">Un casco de cross-country que brilla por la noche y brilla por la noche.<\/span><\/p>\n<p style=\"text-align: center;\" align=\"center\"><img decoding=\"async\" title=\"Casco de moto, casco de moto de campo traviesa, casco para ni\u00f1os, casco luminoso nocturno, 3 regalos\" src=\"https:\/\/bodegaoutdoor.cl\/store\/wp-content\/uploads\/2022\/01\/53052-eefexj.jpg\" alt=\"Casco de moto, casco de moto de campo traviesa, casco para ni\u00f1os, casco luminoso nocturno, 3 regalos\" \/><\/p>\n<p>&nbsp;<\/p>\n<p style=\"text-align: center;\" align=\"center\"><img decoding=\"async\" title=\"Casco de moto, casco de moto de campo traviesa, casco para ni\u00f1os, casco luminoso nocturno, 3 regalos\" src=\"https:\/\/bodegaoutdoor.cl\/store\/wp-content\/uploads\/2022\/01\/53052-bo5gwy.jpg\" alt=\"Casco de moto, casco de moto de campo traviesa, casco para ni\u00f1os, casco luminoso nocturno, 3 regalos\" \/><\/p>\n<p>&nbsp;<\/p>\n<div>\n<div>\n<div>\n<div id=\"327894022180\" data-previewurl=\"\/\/img.alicdn.com\/imgextra\/i4\/6000000001995\/O1CN01Q5LlYj1QbkrFYZPWE_!!6000000001995-0-tbvideo.jpg\"><\/div>\n<\/div>\n<\/div>\n<p><img decoding=\"async\" title=\"Casco de moto, casco de moto de campo traviesa, casco para ni\u00f1os, casco luminoso nocturno, 3 regalos\" src=\"https:\/\/bodegaoutdoor.cl\/store\/wp-content\/uploads\/2022\/01\/53052-sqpj7q.jpg\" alt=\"Casco de moto, casco de moto de campo traviesa, casco para ni\u00f1os, casco luminoso nocturno, 3 regalos\" \/><img decoding=\"async\" title=\"Casco de moto, casco de moto de campo traviesa, casco para ni\u00f1os, casco luminoso nocturno, 3 regalos\" src=\"https:\/\/bodegaoutdoor.cl\/store\/wp-content\/uploads\/2022\/01\/53052-uwu5lt.jpg\" alt=\"Casco de moto, casco de moto de campo traviesa, casco para ni\u00f1os, casco luminoso nocturno, 3 regalos\" \/><img decoding=\"async\" title=\"Casco de moto, casco de moto de campo traviesa, casco para ni\u00f1os, casco luminoso nocturno, 3 regalos\" src=\"https:\/\/bodegaoutdoor.cl\/store\/wp-content\/uploads\/2022\/01\/53052-uw7dv0.jpg\" alt=\"Casco de moto, casco de moto de campo traviesa, casco para ni\u00f1os, casco luminoso nocturno, 3 regalos\" \/><img decoding=\"async\" title=\"Casco de moto, casco de moto de campo traviesa, casco para ni\u00f1os, casco luminoso nocturno, 3 regalos\" src=\"https:\/\/bodegaoutdoor.cl\/store\/wp-content\/uploads\/2022\/01\/53052-tru5fk.jpg\" alt=\"Casco de moto, casco de moto de campo traviesa, casco para ni\u00f1os, casco luminoso nocturno, 3 regalos\" \/><img decoding=\"async\" title=\"Casco de moto, casco de moto de campo traviesa, casco para ni\u00f1os, casco luminoso nocturno, 3 regalos\" src=\"https:\/\/bodegaoutdoor.cl\/store\/wp-content\/uploads\/2022\/01\/53052-yior0v.jpg\" alt=\"Casco de moto, casco de moto de campo traviesa, casco para ni\u00f1os, casco luminoso nocturno, 3 regalos\" \/><img decoding=\"async\" title=\"Casco de moto, casco de moto de campo traviesa, casco para ni\u00f1os, casco luminoso nocturno, 3 regalos\" src=\"https:\/\/bodegaoutdoor.cl\/store\/wp-content\/uploads\/2022\/01\/53052-f6bf45.jpg\" alt=\"Casco de moto, casco de moto de campo traviesa, casco para ni\u00f1os, casco luminoso nocturno, 3 regalos\" \/><img decoding=\"async\" title=\"Casco de moto, casco de moto de campo traviesa, casco para ni\u00f1os, casco luminoso nocturno, 3 regalos\" src=\"https:\/\/bodegaoutdoor.cl\/store\/wp-content\/uploads\/2022\/01\/53052-fucdoa.jpg\" alt=\"Casco de moto, casco de moto de campo traviesa, casco para ni\u00f1os, casco luminoso nocturno, 3 regalos\" \/><img decoding=\"async\" title=\"Casco de moto, casco de moto de campo traviesa, casco para ni\u00f1os, casco luminoso nocturno, 3 regalos\" src=\"https:\/\/bodegaoutdoor.cl\/store\/wp-content\/uploads\/2022\/01\/53052-okrs8h.jpg\" alt=\"Casco de moto, casco de moto de campo traviesa, casco para ni\u00f1os, casco luminoso nocturno, 3 regalos\" \/><img decoding=\"async\" title=\"Casco de moto, casco de moto de campo traviesa, casco para ni\u00f1os, casco luminoso nocturno, 3 regalos\" src=\"https:\/\/bodegaoutdoor.cl\/store\/wp-content\/uploads\/2022\/01\/53052-y76ddm.jpg\" alt=\"Casco de moto, casco de moto de campo traviesa, casco para ni\u00f1os, casco luminoso nocturno, 3 regalos\" \/><img decoding=\"async\" title=\"Casco de moto, casco de moto de campo traviesa, casco para ni\u00f1os, casco luminoso nocturno, 3 regalos\" src=\"https:\/\/bodegaoutdoor.cl\/store\/wp-content\/uploads\/2022\/01\/53052-ijncx8.jpg\" alt=\"Casco de moto, casco de moto de campo traviesa, casco para ni\u00f1os, casco luminoso nocturno, 3 regalos\" \/><img decoding=\"async\" title=\"Casco de moto, casco de moto de campo traviesa, casco para ni\u00f1os, casco luminoso nocturno, 3 regalos\" src=\"https:\/\/bodegaoutdoor.cl\/store\/wp-content\/uploads\/2022\/01\/53052-fx5uzr.jpg\" alt=\"Casco de moto, casco de moto de campo traviesa, casco para ni\u00f1os, casco luminoso nocturno, 3 regalos\" \/><img decoding=\"async\" title=\"Casco de moto, casco de moto de campo traviesa, casco para ni\u00f1os, casco luminoso nocturno, 3 regalos\" src=\"https:\/\/bodegaoutdoor.cl\/store\/wp-content\/uploads\/2022\/01\/53052-ufd3sa.jpg\" alt=\"Casco de moto, casco de moto de campo traviesa, casco para ni\u00f1os, casco luminoso nocturno, 3 regalos\" \/><img decoding=\"async\" title=\"Casco de moto, casco de moto de campo traviesa, casco para ni\u00f1os, casco luminoso nocturno, 3 regalos\" src=\"https:\/\/bodegaoutdoor.cl\/store\/wp-content\/uploads\/2022\/01\/53052-jgxvcm.jpg\" alt=\"Casco de moto, casco de moto de campo traviesa, casco para ni\u00f1os, casco luminoso nocturno, 3 regalos\" \/><img decoding=\"async\" title=\"Casco de moto, casco de moto de campo traviesa, casco para ni\u00f1os, casco luminoso nocturno, 3 regalos\" src=\"https:\/\/bodegaoutdoor.cl\/store\/wp-content\/uploads\/2022\/01\/53052-rktkkm.jpg\" alt=\"Casco de moto, casco de moto de campo traviesa, casco para ni\u00f1os, casco luminoso nocturno, 3 regalos\" \/><img decoding=\"async\" title=\"Casco de moto, casco de moto de campo traviesa, casco para ni\u00f1os, casco luminoso nocturno, 3 regalos\" src=\"https:\/\/bodegaoutdoor.cl\/store\/wp-content\/uploads\/2022\/01\/53052-g0czk7.jpg\" alt=\"Casco de moto, casco de moto de campo traviesa, casco para ni\u00f1os, casco luminoso nocturno, 3 regalos\" \/><img decoding=\"async\" title=\"Casco de moto, casco de moto de campo traviesa, casco para ni\u00f1os, casco luminoso nocturno, 3 regalos\" src=\"https:\/\/bodegaoutdoor.cl\/store\/wp-content\/uploads\/2022\/01\/53052-lyfjhx.jpg\" alt=\"Casco de moto, casco de moto de campo traviesa, casco para ni\u00f1os, casco luminoso nocturno, 3 regalos\" \/><img decoding=\"async\" title=\"Casco de moto, casco de moto de campo traviesa, casco para ni\u00f1os, casco luminoso nocturno, 3 regalos\" src=\"https:\/\/bodegaoutdoor.cl\/store\/wp-content\/uploads\/2022\/01\/53052-sm9hi6.jpg\" alt=\"Casco de moto, casco de moto de campo traviesa, casco para ni\u00f1os, casco luminoso nocturno, 3 regalos\" \/><img decoding=\"async\" title=\"Casco de moto, casco de moto de campo traviesa, casco para ni\u00f1os, casco luminoso nocturno, 3 regalos\" src=\"https:\/\/bodegaoutdoor.cl\/store\/wp-content\/uploads\/2022\/01\/53052-htskjy.jpg\" alt=\"Casco de moto, casco de moto de campo traviesa, casco para ni\u00f1os, casco luminoso nocturno, 3 regalos\" \/><img decoding=\"async\" title=\"Casco de moto, casco de moto de campo traviesa, casco para ni\u00f1os, casco luminoso nocturno, 3 regalos\" src=\"https:\/\/bodegaoutdoor.cl\/store\/wp-content\/uploads\/2022\/01\/53052-nanlez.jpg\" alt=\"Casco de moto, casco de moto de campo traviesa, casco para ni\u00f1os, casco luminoso nocturno, 3 regalos\" \/><img decoding=\"async\" title=\"Casco de moto, casco de moto de campo traviesa, casco para ni\u00f1os, casco luminoso nocturno, 3 regalos\" src=\"https:\/\/bodegaoutdoor.cl\/store\/wp-content\/uploads\/2022\/01\/53052-zplbvw.jpg\" alt=\"Casco de moto, casco de moto de campo traviesa, casco para ni\u00f1os, casco luminoso nocturno, 3 regalos\" \/><\/p>\n<\/div>\n<p>&nbsp;<\/p>\n<p>&nbsp;<\/p>\n<p>&nbsp;<\/p>\n<p>&nbsp;<\/p>\n<p>&nbsp;<\/p>\n<p>&nbsp;<\/p>\n<p>&nbsp;<\/p>\n<p>&nbsp;<\/p>\n<p>&nbsp;<\/p>\n<p>&nbsp;<\/p>\n<p>&nbsp;<\/p>\n<p>&nbsp;<\/p>\n<p>&nbsp;<\/p>\n<p>&nbsp;<\/p>\n<p>&nbsp;<\/p>\n<p>&nbsp;<\/p>\n<p>&nbsp;<\/p>\n<\/div>\n<\/div>\n<p>&nbsp;<\/p>\n\n    <div class=\"xs_social_share_widget xs_share_url after_content \t\tmain_content  wslu-style-1 wslu-share-box-shaped wslu-fill-colored wslu-none wslu-share-horizontal wslu-theme-font-no wslu-main_content\">\n\n\t\t\n        <ul>\n\t\t\t        <\/ul>\n    <\/div> \n","protected":false},"excerpt":{"rendered":"<p>Selecci\u00f3n de tallas:S&#8211;53 ~ 55M&#8211;55 ~ 56L&#8211;57 ~ 58Modelo XL&#8211;59~ 61 El forro interior del casco, para envolver mejor la cabeza. C\u00f3modo y m\u00e1s seguro. La esponja forma parte de la estructura. Habr\u00e1 uno Error del 0,2 al 0,5. Es normal y puede ser ignorado y no afecta Llevarlo. Por favor, forgive C\u00f3mo medir la [&hellip;]<\/p>\n","protected":false},"featured_media":53145,"comment_status":"open","ping_status":"closed","template":"","meta":{"jetpack_publicize_message":"","jetpack_publicize_feature_enabled":true,"jetpack_social_post_already_shared":true,"jetpack_social_options":{"image_generator_settings":{"template":"highway","enabled":false},"version":2}},"product_brand":[],"product_cat":[1978],"product_tag":[],"class_list":{"0":"post-53052","1":"product","2":"type-product","3":"status-publish","4":"has-post-thumbnail","6":"product_cat-cascos","8":"first","9":"instock","10":"taxable","11":"shipping-taxable","12":"purchasable","13":"product-type-variable"},"jetpack_publicize_connections":[],"jetpack_sharing_enabled":true,"_links":{"self":[{"href":"https:\/\/bodegaoutdoor.cl\/store\/wp-json\/wp\/v2\/product\/53052","targetHints":{"allow":["GET"]}}],"collection":[{"href":"https:\/\/bodegaoutdoor.cl\/store\/wp-json\/wp\/v2\/product"}],"about":[{"href":"https:\/\/bodegaoutdoor.cl\/store\/wp-json\/wp\/v2\/types\/product"}],"replies":[{"embeddable":true,"href":"https:\/\/bodegaoutdoor.cl\/store\/wp-json\/wp\/v2\/comments?post=53052"}],"version-history":[{"count":2,"href":"https:\/\/bodegaoutdoor.cl\/store\/wp-json\/wp\/v2\/product\/53052\/revisions"}],"predecessor-version":[{"id":70956,"href":"https:\/\/bodegaoutdoor.cl\/store\/wp-json\/wp\/v2\/product\/53052\/revisions\/70956"}],"wp:featuredmedia":[{"embeddable":true,"href":"https:\/\/bodegaoutdoor.cl\/store\/wp-json\/wp\/v2\/media\/53145"}],"wp:attachment":[{"href":"https:\/\/bodegaoutdoor.cl\/store\/wp-json\/wp\/v2\/media?parent=53052"}],"wp:term":[{"taxonomy":"product_brand","embeddable":true,"href":"https:\/\/bodegaoutdoor.cl\/store\/wp-json\/wp\/v2\/product_brand?post=53052"},{"taxonomy":"product_cat","embeddable":true,"href":"https:\/\/bodegaoutdoor.cl\/store\/wp-json\/wp\/v2\/product_cat?post=53052"},{"taxonomy":"product_tag","embeddable":true,"href":"https:\/\/bodegaoutdoor.cl\/store\/wp-json\/wp\/v2\/product_tag?post=53052"}],"curies":[{"name":"wp","href":"https:\/\/api.w.org\/{rel}","templated":true}]}}