{"id":53320,"date":"2022-01-17T19:34:48","date_gmt":"2022-01-17T22:34:48","guid":{"rendered":"https:\/\/bodegaoutdoor.cl\/store\/product\/geertop-tienda-de-campana-bivyii-bivy-para-una-persona-ultraligera-3-estaciones-con-mosquitera-impermeable-facil-de-instalar-para-senderismo-y-turismo\/"},"modified":"2023-05-04T19:18:49","modified_gmt":"2023-05-04T23:18:49","slug":"geertop-carpa-para-una-persona-ultraligera-3-estaciones-con-mosquitera-impermeable-facil-de-instalar","status":"publish","type":"product","link":"https:\/\/bodegaoutdoor.cl\/store\/product\/geertop-carpa-para-una-persona-ultraligera-3-estaciones-con-mosquitera-impermeable-facil-de-instalar\/","title":{"rendered":"GeerTop- Carpa para una persona, ultraligera, 3 estaciones, con mosquitera, impermeable, f\u00e1cil de instalar"},"content":{"rendered":"<p style=\"text-align: center;\"><video style=\"max-width: 100%;\" src=\"\/\/cloud.video.taobao.com\/play\/u\/4050601485\/p\/1\/e\/6\/t\/10301\/218478040835.mp4\" poster=\"https:\/\/ae01.alicdn.com\/kf\/Hf246a9a3221f4727a98cdf54cf52fdceZ\/GeerTop-tienda-de-campa-a-BivyII-bivy-para-una-persona-ultraligera-3-estaciones-con-mosquitera-impermeable.jpg,https:\/\/ae01.alicdn.com\/kf\/HTB1.SwRas_vK1Rjy0Foq6xIxVXai\/GeerTop-tienda-de-campa-a-BivyII-bivy-para-una-persona-ultraligera-3-estaciones-con-mosquitera-impermeable.jpg,https:\/\/ae01.alicdn.com\/kf\/HTB1h8IUaxrvK1RjSszeq6yObFXa4\/GeerTop-tienda-de-campa-a-BivyII-bivy-para-una-persona-ultraligera-3-estaciones-con-mosquitera-impermeable.jpg,https:\/\/ae01.alicdn.com\/kf\/HTB1MxcVayLrK1Rjy1zdq6ynnpXac\/GeerTop-tienda-de-campa-a-BivyII-bivy-para-una-persona-ultraligera-3-estaciones-con-mosquitera-impermeable.jpg,https:\/\/ae01.alicdn.com\/kf\/HTB1pnkZasrrK1Rjy1zeq6xalFXaA\/GeerTop-tienda-de-campa-a-BivyII-bivy-para-una-persona-ultraligera-3-estaciones-con-mosquitera-impermeable.jpg,https:\/\/ae01.alicdn.com\/kf\/HTB1tgS1BhjaK1RjSZKzq6xVwXXaH\/GeerTop-tienda-de-campa-a-BivyII-bivy-para-una-persona-ultraligera-3-estaciones-con-mosquitera-impermeable.jpg\" preload=\"auto\" controls=\"controls\" width=\"100%\" height=\"100%\"><\/video><\/p>\n<div><\/div>\n<div>\n<div>\n<div>\n<div>\n<p style=\"margin: 0px;\"><img decoding=\"async\" title=\"GeerTop-tienda de campa\u00f1a BivyII bivy para una persona, ultraligera, 3 estaciones, con mosquitera, impermeable, f\u00e1cil de instalar, para senderismo y turismo\" src=\"https:\/\/bodegaoutdoor.cl\/store\/wp-content\/uploads\/2022\/01\/53320-lluyy8.jpg\" alt=\"GeerTop-tienda de campa\u00f1a BivyII bivy para una persona, ultraligera, 3 estaciones, con mosquitera, impermeable, f\u00e1cil de instalar, para senderismo y turismo\" \/><\/p>\n<p style=\"margin: 0px;\"><img decoding=\"async\" title=\"GeerTop-tienda de campa\u00f1a BivyII bivy para una persona, ultraligera, 3 estaciones, con mosquitera, impermeable, f\u00e1cil de instalar, para senderismo y turismo\" src=\"https:\/\/bodegaoutdoor.cl\/store\/wp-content\/uploads\/2022\/01\/53320-k3fxfp.jpg\" alt=\"GeerTop-tienda de campa\u00f1a BivyII bivy para una persona, ultraligera, 3 estaciones, con mosquitera, impermeable, f\u00e1cil de instalar, para senderismo y turismo\" \/><\/p>\n<p>&nbsp;<\/p>\n<div><strong><span style=\"font-size: 16px;\"><span style=\"font-family: arial, helvetica, sans-serif;\">Tela:<\/span><\/span><\/strong><\/div>\n<div><\/div>\n<div><span style=\"font-size: 16px;\"><span style=\"font-family: arial, helvetica, sans-serif;\">Vuelo: 210T PU5000MM poli\u00e9ster.<\/span><\/span><\/div>\n<div><span style=\"font-size: 16px;\"><span style=\"font-family: arial, helvetica, sans-serif;\">Piso: poli\u00e9ster 240T PU10000MM, costura sellada, doble costura.<\/span><\/span><\/div>\n<div><span style=\"font-size: 16px;\"><span style=\"font-family: arial, helvetica, sans-serif;\">Material del poste: aluminio, 8,5mm<\/span><\/span><\/div>\n<div><\/div>\n<div><strong><span style=\"font-size: 16px;\"><span style=\"font-family: arial, helvetica, sans-serif;\">Caracter\u00edsticas principales:<\/span><\/span><\/strong><\/div>\n<div><\/div>\n<ul>\n<li><span style=\"font-size: 16px;\"><span style=\"font-family: arial, helvetica, sans-serif;\">Dise\u00f1o de poste de aluminio cruzado para aumentar la estructura de resistencia de la tienda.<\/span><\/span><\/li>\n<li><span style=\"font-size: 16px;\"><span style=\"font-family: arial, helvetica, sans-serif;\">Estacas de aluminio para tienda de campa\u00f1a combinadas con pies fuertes para evitar que se rompan los vientos venosos.<\/span><\/span><\/li>\n<li><span style=\"font-size: 16px;\"><span style=\"font-family: arial, helvetica, sans-serif;\">La malla en la parte superior de la tienda y en las dos ventanas de ventilaci\u00f3n permite un mayor flujo de aire en toda la tienda.<\/span><\/span><\/li>\n<li><span style=\"font-size: 16px;\"><span style=\"font-family: arial, helvetica, sans-serif;\">Las costuras selladas garantizan la impermeabilidad.<\/span><\/span><\/li>\n<li><span style=\"font-size: 16px;\"><span style=\"font-family: arial, helvetica, sans-serif;\">Port\u00e1til: incluso con todas las caracter\u00edsticas incluidas, la tienda todav\u00eda cabe f\u00e1cilmente en una mochila est\u00e1ndar.<\/span><\/span><\/li>\n<li><span style=\"font-size: 16px;\"><span style=\"font-family: arial, helvetica, sans-serif;\">Los bolsillos de almacenamiento interno son perfectos para sostener tel\u00e9fonos, llaves, carteras o cualquier otro art\u00edculo peque\u00f1o que desee cerrar.<\/span><\/span><\/li>\n<\/ul>\n<div><\/div>\n<div><strong><span style=\"font-size: 16px;\"><span style=\"font-family: arial, helvetica, sans-serif;\">Especificaciones:<\/span><\/span><\/strong><\/div>\n<div><\/div>\n<div><span style=\"font-size: 16px;\"><span style=\"font-family: arial, helvetica, sans-serif;\">Tama\u00f1o del suelo: 7 pies 7 pulgadas x 2 pies 6 pulgadas (230x75cm)<\/span><\/span><\/div>\n<div><span style=\"font-size: 16px;\"><span style=\"font-family: arial, helvetica, sans-serif;\">Altura: 24 pulgadas (60 cm)<\/span><\/span><\/div>\n<div><span style=\"font-size: 16px;\"><span style=\"font-family: arial, helvetica, sans-serif;\">Tama\u00f1o del paquete: 19x5x5 pulgadas (47x12x12 cm)<\/span><\/span><\/div>\n<div><span style=\"font-size: 16px;\"><span style=\"font-family: arial, helvetica, sans-serif;\">Peso (todos los accesorios incluidos): 2,5 lbs (1,13 kg)<\/span><\/span><\/div>\n<div><\/div>\n<div><strong><span style=\"font-size: 16px;\"><span style=\"font-family: arial, helvetica, sans-serif;\">Lista del paquete:<\/span><\/span><\/strong><\/div>\n<div><\/div>\n<div><span style=\"font-size: 16px;\"><span style=\"font-family: arial, helvetica, sans-serif;\">1 x Cuerpo de tienda<\/span><\/span><\/div>\n<div><span style=\"font-size: 16px;\"><span style=\"font-family: arial, helvetica, sans-serif;\">9 x clavijas de aluminio para tienda<\/span><\/span><\/div>\n<div><span style=\"font-size: 16px;\"><span style=\"font-family: arial, helvetica, sans-serif;\">3 postes de aluminio plegables<\/span><\/span><\/div>\n<div><span style=\"font-size: 16px;\"><span style=\"font-family: arial, helvetica, sans-serif;\">1 cuerda reflectante resistente al viento<\/span><\/span><\/div>\n<div><span style=\"font-size: 16px;\"><span style=\"font-family: arial, helvetica, sans-serif;\">1 x bolsa de transporte<\/span><\/span><\/div>\n<div><\/div>\n<div style=\"text-align: center;\" align=\"center\"><img fetchpriority=\"high\" decoding=\"async\" title=\"GeerTop-tienda de campa\u00f1a BivyII bivy para una persona, ultraligera, 3 estaciones, con mosquitera, impermeable, f\u00e1cil de instalar, para senderismo y turismo\" src=\"https:\/\/bodegaoutdoor.cl\/store\/wp-content\/uploads\/2022\/01\/53320-79mg2j.jpg\" alt=\"GeerTop-tienda de campa\u00f1a BivyII bivy para una persona, ultraligera, 3 estaciones, con mosquitera, impermeable, f\u00e1cil de instalar, para senderismo y turismo\" width=\"800\" height=\"115\" \/><\/div>\n<div style=\"text-align: center;\" align=\"center\"><a href=\"\/\/www.aliexpress.com\/item\/32924054314.html\" target=\"_self\" rel=\"noopener\"><img decoding=\"async\" title=\"GeerTop-tienda de campa\u00f1a BivyII bivy para una persona, ultraligera, 3 estaciones, con mosquitera, impermeable, f\u00e1cil de instalar, para senderismo y turismo\" src=\"https:\/\/bodegaoutdoor.cl\/store\/wp-content\/uploads\/2022\/01\/53320-6ay1kq.jpg\" alt=\"GeerTop-tienda de campa\u00f1a BivyII bivy para una persona, ultraligera, 3 estaciones, con mosquitera, impermeable, f\u00e1cil de instalar, para senderismo y turismo\" width=\"200\" height=\"200\" \/><\/a><br \/>\n<a href=\"\/\/www.aliexpress.com\/item\/32925723712.html\" target=\"_self\" rel=\"noopener\"><img decoding=\"async\" title=\"GeerTop-tienda de campa\u00f1a BivyII bivy para una persona, ultraligera, 3 estaciones, con mosquitera, impermeable, f\u00e1cil de instalar, para senderismo y turismo\" src=\"https:\/\/bodegaoutdoor.cl\/store\/wp-content\/uploads\/2022\/01\/53320-pwuica.jpg\" alt=\"GeerTop-tienda de campa\u00f1a BivyII bivy para una persona, ultraligera, 3 estaciones, con mosquitera, impermeable, f\u00e1cil de instalar, para senderismo y turismo\" width=\"200\" height=\"200\" \/><\/a><br \/>\n<a href=\"\/\/www.aliexpress.com\/item\/4000199390232.html\" target=\"_self\" rel=\"noopener\"><img loading=\"lazy\" decoding=\"async\" title=\"GeerTop-tienda de campa\u00f1a BivyII bivy para una persona, ultraligera, 3 estaciones, con mosquitera, impermeable, f\u00e1cil de instalar, para senderismo y turismo\" src=\"https:\/\/bodegaoutdoor.cl\/store\/wp-content\/uploads\/2022\/01\/53320-ptjadd.jpg\" alt=\"GeerTop-tienda de campa\u00f1a BivyII bivy para una persona, ultraligera, 3 estaciones, con mosquitera, impermeable, f\u00e1cil de instalar, para senderismo y turismo\" width=\"200\" height=\"200\" \/><\/a><\/div>\n<p><img decoding=\"async\" title=\"GeerTop-tienda de campa\u00f1a BivyII bivy para una persona, ultraligera, 3 estaciones, con mosquitera, impermeable, f\u00e1cil de instalar, para senderismo y turismo\" src=\"https:\/\/bodegaoutdoor.cl\/store\/wp-content\/uploads\/2022\/01\/53320-lepyns.jpg\" alt=\"GeerTop-tienda de campa\u00f1a BivyII bivy para una persona, ultraligera, 3 estaciones, con mosquitera, impermeable, f\u00e1cil de instalar, para senderismo y turismo\" \/><\/p>\n<p style=\"text-align: center;\" align=\"center\"><img loading=\"lazy\" decoding=\"async\" title=\"GeerTop-tienda de campa\u00f1a BivyII bivy para una persona, ultraligera, 3 estaciones, con mosquitera, impermeable, f\u00e1cil de instalar, para senderismo y turismo\" src=\"https:\/\/bodegaoutdoor.cl\/store\/wp-content\/uploads\/2022\/01\/53320-abz9ai.jpg\" alt=\"GeerTop-tienda de campa\u00f1a BivyII bivy para una persona, ultraligera, 3 estaciones, con mosquitera, impermeable, f\u00e1cil de instalar, para senderismo y turismo\" width=\"800\" height=\"800\" \/><\/p>\n<h1 style=\"text-align: center;\" align=\"center\"><span style=\"font-size: 26px;\">Tama\u00f1o del producto<\/span><\/h1>\n<p style=\"text-align: center;\" align=\"center\"><img loading=\"lazy\" decoding=\"async\" title=\"GeerTop-tienda de campa\u00f1a BivyII bivy para una persona, ultraligera, 3 estaciones, con mosquitera, impermeable, f\u00e1cil de instalar, para senderismo y turismo\" src=\"https:\/\/bodegaoutdoor.cl\/store\/wp-content\/uploads\/2022\/01\/53320-qdgnq1.jpg\" alt=\"GeerTop-tienda de campa\u00f1a BivyII bivy para una persona, ultraligera, 3 estaciones, con mosquitera, impermeable, f\u00e1cil de instalar, para senderismo y turismo\" width=\"800\" height=\"800\" \/><\/p>\n<h1 style=\"text-align: center;\" align=\"center\"><span style=\"font-size: 26px;\">Gran espacio para una persona<\/span><\/h1>\n<p style=\"text-align: center;\" align=\"center\"><img loading=\"lazy\" decoding=\"async\" title=\"GeerTop-tienda de campa\u00f1a BivyII bivy para una persona, ultraligera, 3 estaciones, con mosquitera, impermeable, f\u00e1cil de instalar, para senderismo y turismo\" src=\"https:\/\/bodegaoutdoor.cl\/store\/wp-content\/uploads\/2022\/01\/53320-jzvss4.jpg\" alt=\"GeerTop-tienda de campa\u00f1a BivyII bivy para una persona, ultraligera, 3 estaciones, con mosquitera, impermeable, f\u00e1cil de instalar, para senderismo y turismo\" width=\"800\" height=\"800\" \/><\/p>\n<h1 style=\"text-align: center;\" align=\"center\"><span style=\"font-size: 26px;\"><span style=\"font-family: arial, helvetica, sans-serif;\">Mochila ultraligera<\/span><\/span><\/h1>\n<p style=\"text-align: center;\" align=\"center\"><img loading=\"lazy\" decoding=\"async\" title=\"GeerTop-tienda de campa\u00f1a BivyII bivy para una persona, ultraligera, 3 estaciones, con mosquitera, impermeable, f\u00e1cil de instalar, para senderismo y turismo\" src=\"https:\/\/bodegaoutdoor.cl\/store\/wp-content\/uploads\/2022\/01\/53320-0jbnjd.jpg\" alt=\"GeerTop-tienda de campa\u00f1a BivyII bivy para una persona, ultraligera, 3 estaciones, con mosquitera, impermeable, f\u00e1cil de instalar, para senderismo y turismo\" width=\"800\" height=\"800\" \/><\/p>\n<h1 style=\"text-align: center;\" align=\"center\"><span style=\"font-size: 26px;\">Detalles del Flysheet<\/span><\/h1>\n<p style=\"text-align: center;\" align=\"center\"><img loading=\"lazy\" decoding=\"async\" title=\"GeerTop-tienda de campa\u00f1a BivyII bivy para una persona, ultraligera, 3 estaciones, con mosquitera, impermeable, f\u00e1cil de instalar, para senderismo y turismo\" src=\"https:\/\/bodegaoutdoor.cl\/store\/wp-content\/uploads\/2022\/01\/53320-0xo4ss.jpg\" alt=\"GeerTop-tienda de campa\u00f1a BivyII bivy para una persona, ultraligera, 3 estaciones, con mosquitera, impermeable, f\u00e1cil de instalar, para senderismo y turismo\" width=\"800\" height=\"800\" \/><\/p>\n<h1 style=\"text-align: center;\" align=\"center\"><\/h1>\n<h1 style=\"text-align: center;\" align=\"center\"><span style=\"font-size: 26px;\">Detalles de la tienda interior<\/span><\/h1>\n<p style=\"text-align: center;\" align=\"center\"><img loading=\"lazy\" decoding=\"async\" title=\"GeerTop-tienda de campa\u00f1a BivyII bivy para una persona, ultraligera, 3 estaciones, con mosquitera, impermeable, f\u00e1cil de instalar, para senderismo y turismo\" src=\"https:\/\/bodegaoutdoor.cl\/store\/wp-content\/uploads\/2022\/01\/53320-92i7v1.jpg\" alt=\"GeerTop-tienda de campa\u00f1a BivyII bivy para una persona, ultraligera, 3 estaciones, con mosquitera, impermeable, f\u00e1cil de instalar, para senderismo y turismo\" width=\"800\" height=\"800\" \/><\/p>\n<p>&nbsp;<\/p>\n<h1 style=\"text-align: center;\" align=\"center\">Par\u00e1metro del art\u00edculo<\/h1>\n<p style=\"text-align: center;\" align=\"center\"><img loading=\"lazy\" decoding=\"async\" title=\"GeerTop-tienda de campa\u00f1a BivyII bivy para una persona, ultraligera, 3 estaciones, con mosquitera, impermeable, f\u00e1cil de instalar, para senderismo y turismo\" src=\"https:\/\/bodegaoutdoor.cl\/store\/wp-content\/uploads\/2022\/01\/53320-qfbiqy.jpg\" alt=\"GeerTop-tienda de campa\u00f1a BivyII bivy para una persona, ultraligera, 3 estaciones, con mosquitera, impermeable, f\u00e1cil de instalar, para senderismo y turismo\" width=\"800\" height=\"800\" \/><\/p>\n<p style=\"text-align: center;\" align=\"center\"><img decoding=\"async\" title=\"GeerTop-tienda de campa\u00f1a BivyII bivy para una persona, ultraligera, 3 estaciones, con mosquitera, impermeable, f\u00e1cil de instalar, para senderismo y turismo\" src=\"https:\/\/bodegaoutdoor.cl\/store\/wp-content\/uploads\/2022\/01\/53320-4fmsls.jpg\" alt=\"GeerTop-tienda de campa\u00f1a BivyII bivy para una persona, ultraligera, 3 estaciones, con mosquitera, impermeable, f\u00e1cil de instalar, para senderismo y turismo\" \/><\/p>\n<p>&nbsp;<\/p>\n<h1 style=\"text-align: center;\" align=\"center\"><span style=\"font-family: arial, helvetica, sans-serif;\"><span style=\"font-size: 26px;\">Lista de paquetes<\/span><\/span><\/h1>\n<p style=\"text-align: center;\" align=\"center\"><img loading=\"lazy\" decoding=\"async\" style=\"font-size: 12px;\" title=\"GeerTop-tienda de campa\u00f1a BivyII bivy para una persona, ultraligera, 3 estaciones, con mosquitera, impermeable, f\u00e1cil de instalar, para senderismo y turismo\" src=\"https:\/\/bodegaoutdoor.cl\/store\/wp-content\/uploads\/2022\/01\/53320-5yrymw.jpg\" alt=\"GeerTop-tienda de campa\u00f1a BivyII bivy para una persona, ultraligera, 3 estaciones, con mosquitera, impermeable, f\u00e1cil de instalar, para senderismo y turismo\" width=\"800\" height=\"800\" \/><\/p>\n<p style=\"text-align: center;\" align=\"center\"><img decoding=\"async\" title=\"GeerTop-tienda de campa\u00f1a BivyII bivy para una persona, ultraligera, 3 estaciones, con mosquitera, impermeable, f\u00e1cil de instalar, para senderismo y turismo\" src=\"https:\/\/bodegaoutdoor.cl\/store\/wp-content\/uploads\/2022\/01\/53320-nzzgsy.jpg\" alt=\"GeerTop-tienda de campa\u00f1a BivyII bivy para una persona, ultraligera, 3 estaciones, con mosquitera, impermeable, f\u00e1cil de instalar, para senderismo y turismo\" \/><\/p>\n<p>&nbsp;<\/p>\n<p style=\"text-align: center;\" align=\"center\"><img loading=\"lazy\" decoding=\"async\" title=\"GeerTop-tienda de campa\u00f1a BivyII bivy para una persona, ultraligera, 3 estaciones, con mosquitera, impermeable, f\u00e1cil de instalar, para senderismo y turismo\" src=\"https:\/\/bodegaoutdoor.cl\/store\/wp-content\/uploads\/2022\/01\/53320-ldfkgz.jpg\" alt=\"GeerTop-tienda de campa\u00f1a BivyII bivy para una persona, ultraligera, 3 estaciones, con mosquitera, impermeable, f\u00e1cil de instalar, para senderismo y turismo\" width=\"800\" height=\"800\" \/><\/p>\n<p style=\"text-align: center;\" align=\"center\"><img loading=\"lazy\" decoding=\"async\" title=\"GeerTop-tienda de campa\u00f1a BivyII bivy para una persona, ultraligera, 3 estaciones, con mosquitera, impermeable, f\u00e1cil de instalar, para senderismo y turismo\" src=\"https:\/\/bodegaoutdoor.cl\/store\/wp-content\/uploads\/2022\/01\/53320-ylreut.jpg\" alt=\"GeerTop-tienda de campa\u00f1a BivyII bivy para una persona, ultraligera, 3 estaciones, con mosquitera, impermeable, f\u00e1cil de instalar, para senderismo y turismo\" width=\"800\" height=\"800\" \/><\/p>\n<p style=\"text-align: center;\" align=\"center\"><img loading=\"lazy\" decoding=\"async\" title=\"GeerTop-tienda de campa\u00f1a BivyII bivy para una persona, ultraligera, 3 estaciones, con mosquitera, impermeable, f\u00e1cil de instalar, para senderismo y turismo\" src=\"https:\/\/bodegaoutdoor.cl\/store\/wp-content\/uploads\/2022\/01\/53320-az4w9i.jpg\" alt=\"GeerTop-tienda de campa\u00f1a BivyII bivy para una persona, ultraligera, 3 estaciones, con mosquitera, impermeable, f\u00e1cil de instalar, para senderismo y turismo\" width=\"800\" height=\"800\" \/><\/p>\n<p>&nbsp;<\/p>\n<p><img decoding=\"async\" title=\"GeerTop-tienda de campa\u00f1a BivyII bivy para una persona, ultraligera, 3 estaciones, con mosquitera, impermeable, f\u00e1cil de instalar, para senderismo y turismo\" src=\"https:\/\/bodegaoutdoor.cl\/store\/wp-content\/uploads\/2022\/01\/53320-6orxoj.jpg\" alt=\"GeerTop-tienda de campa\u00f1a BivyII bivy para una persona, ultraligera, 3 estaciones, con mosquitera, impermeable, f\u00e1cil de instalar, para senderismo y turismo\" \/><\/p>\n<ul>\n<li><span style=\"font-size: inherit; font-family: tahoma, geneva, sans-serif;\"><span style=\"font-size: 16px;\">Pedidos procesados a tiempo despu\u00e9s de la verificaci\u00f3n del pago. El n\u00famero de seguimiento se enviar\u00e1 a todos los clientes tras el env\u00edo del paquete.<\/span><\/span><\/li>\n<li><span style=\"font-size: inherit; font-family: tahoma, geneva, sans-serif;\"><span style=\"font-size: 16px;\">Para env\u00edos a Rusia\/Europa, nuestro m\u00e9todo de env\u00edo est\u00e1ndar se refiere al correo econ\u00f3mico. La entrega tardar\u00e1 de 20 a 25 d\u00edas h\u00e1biles.<\/span><\/span><\/li>\n<li><span style=\"font-size: inherit; font-family: tahoma, geneva, sans-serif;\"><span style=\"font-size: 16px;\">Solo enviamos a direcciones de pedido confirmadas. Tu direcci\u00f3n del pedido debe coincidir con tu direcci\u00f3n de env\u00edo.<\/span><\/span><\/li>\n<li><span style=\"font-size: inherit; font-family: tahoma, geneva, sans-serif;\"><span style=\"font-size: 16px;\">Enviaremos los productos por China Post mail,PostNL mail,Singapore Post, etc. otro correo postal, y si no se indica en particular, elegiremos el mejor seg\u00fan su direcci\u00f3n. Tarda generalmente 15 ~ 35 d\u00edas en llegar All\u00ed, pero no garantizamos el tiempo exacto de env\u00edo en sus env\u00edos, debido a las diferencias en los tiempos de despacho de aduana en cada pa\u00eds, lo que puede afectar a la rapidez con la que se inspecciona y pasa su paquete. Ten en cuenta que los compradores son responsables de tus cargos e impuestos aduaneros locales.<\/span><\/span><\/li>\n<li><span style=\"font-size: inherit; font-family: tahoma, geneva, sans-serif;\"><span style=\"font-size: 16px;\">Tambi\u00e9n tenemos almacenes en DE, Reino Unido y EE. UU. Si desea obtener este art\u00edculo en una semana, no dude en contactarnos para actualizar el env\u00edo. Tambi\u00e9n ofrecemos env\u00edo est\u00e1ndar de Aliexpress a nuestros clientes. Garant\u00eda de Env\u00edo Est\u00e1ndar de Aliexpress para proteger los problemas de env\u00edo para compradores y vendedores.<\/span><\/span><\/li>\n<li><span style=\"font-size: inherit; font-family: tahoma, geneva, sans-serif;\"><span style=\"font-size: 16px;\">El tiempo de tr\u00e1nsito del servicio es proporcionado por el transportista y excluye fines de semana y d\u00edas festivos. Los tiempos de tr\u00e1nsito pueden variar, sobre todo durante la temporada de vacaciones.<\/span><\/span><\/li>\n<li><span style=\"font-size: inherit; font-family: tahoma, geneva, sans-serif;\"><span style=\"font-size: 16px;\">Por supuesto, si no has recibido el env\u00edo en el plazo de 30 d\u00edas desde el pago, no dudes en contactarnos. Realizaremos un seguimiento del env\u00edo y nos pondremos en contacto contigo lo antes posible con una respuesta. \u00a1Nuestro objetivo es la satisfacci\u00f3n del cliente!<\/span><\/span><\/li>\n<li><span style=\"font-size: inherit; font-family: tahoma, geneva, sans-serif;\"><span style=\"font-size: 16px;\">Debido al estado de las existencias y a las diferencias horarias, elegiremos enviar tu art\u00edculo desde nuestro primer almac\u00e9n disponible para una entrega r\u00e1pida.<\/span><\/span><\/li>\n<\/ul>\n<p>&nbsp;<\/p>\n<p><img decoding=\"async\" title=\"GeerTop-tienda de campa\u00f1a BivyII bivy para una persona, ultraligera, 3 estaciones, con mosquitera, impermeable, f\u00e1cil de instalar, para senderismo y turismo\" src=\"https:\/\/bodegaoutdoor.cl\/store\/wp-content\/uploads\/2022\/01\/53320-us79fd.jpg\" alt=\"GeerTop-tienda de campa\u00f1a BivyII bivy para una persona, ultraligera, 3 estaciones, con mosquitera, impermeable, f\u00e1cil de instalar, para senderismo y turismo\" \/><\/p>\n<p>&nbsp;<\/p>\n<div style=\"font-family: arial, helvetica; font-size: 13.3333px; line-height: inherit; border: 0px; margin: 0px; padding: 0px;\"><\/div>\n<\/div>\n<\/div>\n<div><\/div>\n<p>&nbsp;<\/p>\n<\/div>\n<\/div>\n\n    <div class=\"xs_social_share_widget xs_share_url after_content \t\tmain_content  wslu-style-1 wslu-share-box-shaped wslu-fill-colored wslu-none wslu-share-horizontal wslu-theme-font-no wslu-main_content\">\n\n\t\t\n        <ul>\n\t\t\t        <\/ul>\n    <\/div> \n","protected":false},"excerpt":{"rendered":"<p>&nbsp; Tela: Vuelo: 210T PU5000MM poli\u00e9ster. Piso: poli\u00e9ster 240T PU10000MM, costura sellada, doble costura. Material del poste: aluminio, 8,5mm Caracter\u00edsticas principales: Dise\u00f1o de poste de aluminio cruzado para aumentar la estructura de resistencia de la tienda. Estacas de aluminio para tienda de campa\u00f1a combinadas con pies fuertes para evitar que se rompan los vientos venosos. [&hellip;]<\/p>\n","protected":false},"featured_media":53389,"comment_status":"open","ping_status":"closed","template":"","meta":{"jetpack_publicize_message":"","jetpack_publicize_feature_enabled":true,"jetpack_social_post_already_shared":true,"jetpack_social_options":{"image_generator_settings":{"template":"highway","enabled":false},"version":2}},"product_brand":[],"product_cat":[227,67],"product_tag":[],"class_list":{"0":"post-53320","1":"product","2":"type-product","3":"status-publish","4":"has-post-thumbnail","6":"product_cat-carpas-1-2-personas","7":"product_cat-carpas-camping","9":"first","10":"instock","11":"sale","12":"taxable","13":"shipping-taxable","14":"purchasable","15":"product-type-variable"},"jetpack_publicize_connections":[],"jetpack_sharing_enabled":true,"_links":{"self":[{"href":"https:\/\/bodegaoutdoor.cl\/store\/wp-json\/wp\/v2\/product\/53320","targetHints":{"allow":["GET"]}}],"collection":[{"href":"https:\/\/bodegaoutdoor.cl\/store\/wp-json\/wp\/v2\/product"}],"about":[{"href":"https:\/\/bodegaoutdoor.cl\/store\/wp-json\/wp\/v2\/types\/product"}],"replies":[{"embeddable":true,"href":"https:\/\/bodegaoutdoor.cl\/store\/wp-json\/wp\/v2\/comments?post=53320"}],"version-history":[{"count":2,"href":"https:\/\/bodegaoutdoor.cl\/store\/wp-json\/wp\/v2\/product\/53320\/revisions"}],"predecessor-version":[{"id":70953,"href":"https:\/\/bodegaoutdoor.cl\/store\/wp-json\/wp\/v2\/product\/53320\/revisions\/70953"}],"wp:featuredmedia":[{"embeddable":true,"href":"https:\/\/bodegaoutdoor.cl\/store\/wp-json\/wp\/v2\/media\/53389"}],"wp:attachment":[{"href":"https:\/\/bodegaoutdoor.cl\/store\/wp-json\/wp\/v2\/media?parent=53320"}],"wp:term":[{"taxonomy":"product_brand","embeddable":true,"href":"https:\/\/bodegaoutdoor.cl\/store\/wp-json\/wp\/v2\/product_brand?post=53320"},{"taxonomy":"product_cat","embeddable":true,"href":"https:\/\/bodegaoutdoor.cl\/store\/wp-json\/wp\/v2\/product_cat?post=53320"},{"taxonomy":"product_tag","embeddable":true,"href":"https:\/\/bodegaoutdoor.cl\/store\/wp-json\/wp\/v2\/product_tag?post=53320"}],"curies":[{"name":"wp","href":"https:\/\/api.w.org\/{rel}","templated":true}]}}