{"id":53421,"date":"2022-01-17T19:49:29","date_gmt":"2022-01-17T22:49:29","guid":{"rendered":"https:\/\/bodegaoutdoor.cl\/store\/product\/tiendas-de-campana-automaticas-para-exteriores-carpas-impermeables-plegables-portatiles-para-1-o-2-personas-para-playa-camping-viaje-caza\/"},"modified":"2023-10-04T17:05:46","modified_gmt":"2023-10-04T20:05:46","slug":"tiendas-de-campana-automaticas-para-exteriores-carpas-impermeables-plegables-portatiles-para-1-o-2-personas-para-playa-camping-viaje-caza","status":"publish","type":"product","link":"https:\/\/bodegaoutdoor.cl\/store\/product\/tiendas-de-campana-automaticas-para-exteriores-carpas-impermeables-plegables-portatiles-para-1-o-2-personas-para-playa-camping-viaje-caza\/","title":{"rendered":"carpas plegables port\u00e1tiles para 1 o 2 personas impermeable"},"content":{"rendered":"<p style=\"text-align: center;\"><video style=\"max-width: 100%;\" src=\"\/\/cloud.video.taobao.com\/play\/u\/3429852593\/p\/1\/e\/6\/t\/10301\/342906325805.mp4\" poster=\"https:\/\/ae01.alicdn.com\/kf\/Sab7cdecfb9134ad09b4a5045b5f55b31v\/Tiendas-de-campa-a-autom-ticas-para-exteriores-carpas-impermeables-plegables-port-tiles-para-1-o.jpg,https:\/\/ae01.alicdn.com\/kf\/S39626630c9ca46e39d20731433e4cff9g\/Tiendas-de-campa-a-autom-ticas-para-exteriores-carpas-impermeables-plegables-port-tiles-para-1-o.jpg,https:\/\/ae01.alicdn.com\/kf\/Sc598072a9d7941dbb8096172a6ffe05cN\/Tiendas-de-campa-a-autom-ticas-para-exteriores-carpas-impermeables-plegables-port-tiles-para-1-o.jpg,https:\/\/ae01.alicdn.com\/kf\/Sec9a5f86f2074b1eac0a2c149df5890eP\/Tiendas-de-campa-a-autom-ticas-para-exteriores-carpas-impermeables-plegables-port-tiles-para-1-o.jpg,https:\/\/ae01.alicdn.com\/kf\/S40d1af15d3e643b18c9198a8f5cb0233w\/Tiendas-de-campa-a-autom-ticas-para-exteriores-carpas-impermeables-plegables-port-tiles-para-1-o.jpg,https:\/\/ae01.alicdn.com\/kf\/Scc394710de774a34ac3ebd2684e7c959m\/Tiendas-de-campa-a-autom-ticas-para-exteriores-carpas-impermeables-plegables-port-tiles-para-1-o.jpg\" preload=\"auto\" controls=\"controls\" width=\"100%\" height=\"100%\"><\/video><\/p>\n<p>&nbsp;<\/p>\n<div>\n<table style=\"border-collapse: collapse; width: 465pt;\" border=\"0\" width=\"620\" cellspacing=\"0\" cellpadding=\"0\">\n<tbody>\n<tr style=\"height: 20.25pt;\">\n<td class=\"xl83\" style=\"height: 20.25pt;\" height=\"27\">lluvias hasta 600 mm<\/td>\n<\/tr>\n<tr style=\"height: 20.25pt;\">\n<td class=\"xl84\" style=\"height: 20.25pt;\" height=\"27\">Tela:<\/td>\n<\/tr>\n<tr style=\"height: 20.25pt;\">\n<td class=\"xl83\" style=\"height: 20.25pt;\" height=\"27\">Mosquetero de Poliester<\/td>\n<\/tr>\n<tr style=\"height: 20.25pt;\">\n<td class=\"xl84\" style=\"height: 20.25pt;\" height=\"27\">Piso:<\/td>\n<\/tr>\n<tr style=\"height: 20.25pt;\">\n<td class=\"xl83\" style=\"height: 20.25pt;\" height=\"27\">Polietileno de<br \/>\naltaresistencia<\/td>\n<\/tr>\n<tr style=\"height: 20.25pt;\">\n<td class=\"xl84\" style=\"height: 20.25pt;\" height=\"27\">Estructura:<\/td>\n<\/tr>\n<tr style=\"height: 20.25pt;\">\n<td class=\"xl83\" style=\"height: 20.25pt;\" height=\"27\">Varas de fibra de vidrio<\/td>\n<\/tr>\n<tr style=\"height: 20.25pt;\">\n<td class=\"xl83\" style=\"height: 20.25pt;\" height=\"27\">Producto dise\u00f1ada para climasvsecos, en caso de lluvia utilizar en lugares cubiertos<\/td>\n<\/tr>\n<\/tbody>\n<\/table>\n<\/div>\n<p><span style=\"font-size: 22px;\">Descripci\u00f3n:<\/span><\/p>\n<p><span style=\"font-size: 16px;\">Color: azul<\/span><\/p>\n<p><span style=\"font-size: 16px;\">Material: tela Oxford<\/span><\/p>\n<p><span style=\"font-size: 16px;\">\u00c1mbito de aplicaci\u00f3n: 1 persona<\/span><\/p>\n<p><span style=\"font-size: 16px;\">Dimensiones: 200x140x110 cm<\/span><\/p>\n<p>&nbsp;<\/p>\n<p><span style=\"font-size: 22px;\">Lista del paquete:<\/span><\/p>\n<p><span style=\"font-size: 16px;\">1 * tienda de campa\u00f1a<\/span><\/p>\n<p><span style=\"font-size: 16px;\">1 x Accesorios de instalaci\u00f3n<\/span><\/p>\n<p><span style=\"font-size: 16px;\">1 bolso de mano<\/span><\/p>\n<p><img decoding=\"async\" title=\"Tiendas de campa\u00f1a autom\u00e1ticas para exteriores, carpas impermeables plegables port\u00e1tiles para 1 o 2 personas, para playa, Camping, viaje, caza\" src=\"https:\/\/bodegaoutdoor.cl\/store\/wp-content\/uploads\/2022\/01\/53421-helhqh.jpg\" alt=\"Tiendas de campa\u00f1a autom\u00e1ticas para exteriores, carpas impermeables plegables port\u00e1tiles para 1 o 2 personas, para playa, Camping, viaje, caza\" \/><\/p>\n<p><img decoding=\"async\" title=\"Tiendas de campa\u00f1a autom\u00e1ticas para exteriores, carpas impermeables plegables port\u00e1tiles para 1 o 2 personas, para playa, Camping, viaje, caza\" src=\"https:\/\/bodegaoutdoor.cl\/store\/wp-content\/uploads\/2022\/01\/53421-lfkdxx.jpg\" alt=\"Tiendas de campa\u00f1a autom\u00e1ticas para exteriores, carpas impermeables plegables port\u00e1tiles para 1 o 2 personas, para playa, Camping, viaje, caza\" align=\"bottom\" border=\"0\" hspace=\"0\" \/><\/p>\n<p><img decoding=\"async\" title=\"Tiendas de campa\u00f1a autom\u00e1ticas para exteriores, carpas impermeables plegables port\u00e1tiles para 1 o 2 personas, para playa, Camping, viaje, caza\" src=\"https:\/\/bodegaoutdoor.cl\/store\/wp-content\/uploads\/2022\/01\/53421-kqkmj0.jpg\" alt=\"Tiendas de campa\u00f1a autom\u00e1ticas para exteriores, carpas impermeables plegables port\u00e1tiles para 1 o 2 personas, para playa, Camping, viaje, caza\" align=\"bottom\" border=\"0\" hspace=\"0\" \/><\/p>\n<p><img decoding=\"async\" title=\"Tiendas de campa\u00f1a autom\u00e1ticas para exteriores, carpas impermeables plegables port\u00e1tiles para 1 o 2 personas, para playa, Camping, viaje, caza\" src=\"https:\/\/bodegaoutdoor.cl\/store\/wp-content\/uploads\/2022\/01\/53421-qdpszj.jpg\" alt=\"Tiendas de campa\u00f1a autom\u00e1ticas para exteriores, carpas impermeables plegables port\u00e1tiles para 1 o 2 personas, para playa, Camping, viaje, caza\" align=\"bottom\" border=\"0\" hspace=\"0\" \/><\/p>\n<p><img decoding=\"async\" title=\"Tiendas de campa\u00f1a autom\u00e1ticas para exteriores, carpas impermeables plegables port\u00e1tiles para 1 o 2 personas, para playa, Camping, viaje, caza\" src=\"https:\/\/bodegaoutdoor.cl\/store\/wp-content\/uploads\/2022\/01\/53421-kwpst8.jpg\" alt=\"Tiendas de campa\u00f1a autom\u00e1ticas para exteriores, carpas impermeables plegables port\u00e1tiles para 1 o 2 personas, para playa, Camping, viaje, caza\" align=\"bottom\" border=\"0\" hspace=\"0\" \/><\/p>\n\n    <div class=\"xs_social_share_widget xs_share_url after_content \t\tmain_content  wslu-style-1 wslu-share-box-shaped wslu-fill-colored wslu-none wslu-share-horizontal wslu-theme-font-no wslu-main_content\">\n\n\t\t\n        <ul>\n\t\t\t        <\/ul>\n    <\/div> \n","protected":false},"excerpt":{"rendered":"<p>&nbsp; lluvias hasta 600 mm Tela: Mosquetero de Poliester Piso: Polietileno de altaresistencia Estructura: Varas de fibra de vidrio Producto dise\u00f1ada para climasvsecos, en caso de lluvia utilizar en lugares cubiertos Descripci\u00f3n: Color: azul Material: tela Oxford \u00c1mbito de aplicaci\u00f3n: 1 persona Dimensiones: 200x140x110 cm &nbsp; Lista del paquete: 1 * tienda de campa\u00f1a 1 [&hellip;]<\/p>\n","protected":false},"featured_media":53423,"comment_status":"open","ping_status":"closed","template":"","meta":{"jetpack_publicize_message":"","jetpack_publicize_feature_enabled":true,"jetpack_social_post_already_shared":true,"jetpack_social_options":{"image_generator_settings":{"template":"highway","enabled":false},"version":2}},"product_brand":[],"product_cat":[227,67],"product_tag":[3251,483,2149,1282],"class_list":{"0":"post-53421","1":"product","2":"type-product","3":"status-publish","4":"has-post-thumbnail","6":"product_cat-carpas-1-2-personas","7":"product_cat-carpas-camping","8":"product_tag-autoaermado","9":"product_tag-camping","10":"product_tag-carpa","11":"product_tag-impermeable","13":"first","14":"instock","15":"sale","16":"taxable","17":"shipping-taxable","18":"purchasable","19":"product-type-variable"},"jetpack_publicize_connections":[],"jetpack_sharing_enabled":true,"_links":{"self":[{"href":"https:\/\/bodegaoutdoor.cl\/store\/wp-json\/wp\/v2\/product\/53421","targetHints":{"allow":["GET"]}}],"collection":[{"href":"https:\/\/bodegaoutdoor.cl\/store\/wp-json\/wp\/v2\/product"}],"about":[{"href":"https:\/\/bodegaoutdoor.cl\/store\/wp-json\/wp\/v2\/types\/product"}],"replies":[{"embeddable":true,"href":"https:\/\/bodegaoutdoor.cl\/store\/wp-json\/wp\/v2\/comments?post=53421"}],"version-history":[{"count":4,"href":"https:\/\/bodegaoutdoor.cl\/store\/wp-json\/wp\/v2\/product\/53421\/revisions"}],"predecessor-version":[{"id":79924,"href":"https:\/\/bodegaoutdoor.cl\/store\/wp-json\/wp\/v2\/product\/53421\/revisions\/79924"}],"wp:featuredmedia":[{"embeddable":true,"href":"https:\/\/bodegaoutdoor.cl\/store\/wp-json\/wp\/v2\/media\/53423"}],"wp:attachment":[{"href":"https:\/\/bodegaoutdoor.cl\/store\/wp-json\/wp\/v2\/media?parent=53421"}],"wp:term":[{"taxonomy":"product_brand","embeddable":true,"href":"https:\/\/bodegaoutdoor.cl\/store\/wp-json\/wp\/v2\/product_brand?post=53421"},{"taxonomy":"product_cat","embeddable":true,"href":"https:\/\/bodegaoutdoor.cl\/store\/wp-json\/wp\/v2\/product_cat?post=53421"},{"taxonomy":"product_tag","embeddable":true,"href":"https:\/\/bodegaoutdoor.cl\/store\/wp-json\/wp\/v2\/product_tag?post=53421"}],"curies":[{"name":"wp","href":"https:\/\/api.w.org\/{rel}","templated":true}]}}