{"id":54289,"date":"2022-02-23T12:55:02","date_gmt":"2022-02-23T15:55:02","guid":{"rendered":"https:\/\/bodegaoutdoor.cl\/store\/?post_type=product&#038;p=54289"},"modified":"2023-05-04T19:18:48","modified_gmt":"2023-05-04T23:18:48","slug":"pantalones-de-trabajo-con-multiples-bolsillos-para-hombre-ropa-deporte-unisex-informal-a-la-moda-con-bloqueo-de-color-impermeable","status":"publish","type":"product","link":"https:\/\/bodegaoutdoor.cl\/store\/product\/pantalones-de-trabajo-con-multiples-bolsillos-para-hombre-ropa-deporte-unisex-informal-a-la-moda-con-bloqueo-de-color-impermeable\/","title":{"rendered":"Pantalones de trabajo con m\u00faltiples bolsillos para hombre, ropa Deporte unisex, informal, a la moda, con bloqueo de Color Impermeable"},"content":{"rendered":"<p><video style=\"max-width: 100%;\" src=\"\/\/cloud.video.taobao.com\/play\/u\/2045206088\/p\/1\/e\/6\/t\/10301\/273227234539.mp4\" poster=\"https:\/\/ae01.alicdn.com\/kf\/Hf616d544424347628d542ccca7e1f940O\/SCIONE-Pantalones-largos-deportivos-con-m-ltiples-bolsillos-para-hombre-pantal-n-de-trabajo-informal-a.jpg,https:\/\/ae01.alicdn.com\/kf\/H84290c6f7e6549c5958814295daf2247N\/SCIONE-Pantalones-largos-deportivos-con-m-ltiples-bolsillos-para-hombre-pantal-n-de-trabajo-informal-a.jpg,https:\/\/ae01.alicdn.com\/kf\/He1148593321a48a0958a4220e2db2a1dA\/SCIONE-Pantalones-largos-deportivos-con-m-ltiples-bolsillos-para-hombre-pantal-n-de-trabajo-informal-a.jpg,https:\/\/ae01.alicdn.com\/kf\/H37218d8a72bd4f5c8c48fdfb04adfff8z\/SCIONE-Pantalones-largos-deportivos-con-m-ltiples-bolsillos-para-hombre-pantal-n-de-trabajo-informal-a.jpg,https:\/\/ae01.alicdn.com\/kf\/H87169205e38443fdb2e5aa20a5b000a8c\/SCIONE-Pantalones-largos-deportivos-con-m-ltiples-bolsillos-para-hombre-pantal-n-de-trabajo-informal-a.jpg,https:\/\/ae01.alicdn.com\/kf\/H4c8dbe7206194e8c8b9d6c9eb9fbcc1cm\/SCIONE-Pantalones-largos-deportivos-con-m-ltiples-bolsillos-para-hombre-pantal-n-de-trabajo-informal-a.jpg\" preload=\"auto\" controls=\"controls\" width=\"100%\" height=\"100%\"><\/video><\/p>\n<p style=\"text-align: center;\"><img decoding=\"async\" title=\"Pantalones largos deportivos con m\u00faltiples bolsillos para hombre, ropa de trabajo masculina, informal, a la moda, con bloqueo de Color, env\u00edo gratis\" src=\"https:\/\/bodegaoutdoor.cl\/store\/wp-content\/uploads\/2022\/02\/54289-hsh3uu.jpg\" alt=\"Pantalones largos deportivos con m\u00faltiples bolsillos para hombre, ropa de trabajo masculina, informal, a la moda, con bloqueo de Color, env\u00edo gratis\" \/><img decoding=\"async\" title=\"Pantalones largos deportivos con m\u00faltiples bolsillos para hombre, ropa de trabajo masculina, informal, a la moda, con bloqueo de Color, env\u00edo gratis\" src=\"https:\/\/bodegaoutdoor.cl\/store\/wp-content\/uploads\/2022\/02\/54289-wzr5ed.jpg\" alt=\"Pantalones largos deportivos con m\u00faltiples bolsillos para hombre, ropa de trabajo masculina, informal, a la moda, con bloqueo de Color, env\u00edo gratis\" \/><\/p>\n<p style=\"text-align: center;\"><img decoding=\"async\" title=\"Pantalones largos deportivos con m\u00faltiples bolsillos para hombre, ropa de trabajo masculina, informal, a la moda, con bloqueo de Color, env\u00edo gratis\" src=\"https:\/\/bodegaoutdoor.cl\/store\/wp-content\/uploads\/2022\/02\/54289-zzaqyd.png\" alt=\"Pantalones largos deportivos con m\u00faltiples bolsillos para hombre, ropa de trabajo masculina, informal, a la moda, con bloqueo de Color, env\u00edo gratis\" \/><\/p>\n<p style=\"text-align: center;\"><strong>Informaci\u00f3n del producto<\/strong><\/p>\n<p style=\"text-align: center;\">1.<span class=\"property-title\">Pantal\u00f3n estilo:<\/span><span class=\"property-desc line-limit-length\">Pantalones de carga<\/span><\/p>\n<p style=\"text-align: center;\">2<span class=\"property-title\">Material:<\/span><span class=\"property-desc line-limit-length\">De algod\u00f3n<\/span><\/p>\n<p style=\"text-align: center;\"><span class=\"property-desc line-limit-length\">3<\/span>Espesor: General<\/p>\n<p style=\"text-align: center;\">4. Estaci\u00f3n adecuada: primavera y oto\u00f1o<\/p>\n<p style=\"text-align: center;\">5. Artesan\u00eda: Collage\/costura<\/p>\n<p style=\"text-align: center;\">6. Estilo: Herramientas japonesas<\/p>\n<p style=\"text-align: center;\">7. Otro nombre: pantalones de trabajo informales multibolsillo de moda deportiva<\/p>\n<p style=\"text-align: center;\">Gr\u00e1fico de tama\u00f1o<\/p>\n<p style=\"text-align: center;\">Aviso:<\/p>\n<p style=\"text-align: center;\">1. Si no est\u00e1s seguro de tu talla, ponte en contacto con nuestro servicio de atenci\u00f3n al cliente o d\u00e9janos un mensaje. Gracias.<\/p>\n<p style=\"text-align: center;\">2 para elegir el tama\u00f1o m\u00e1s preciso, puedes elegir ropa similar para comparar el tama\u00f1o del detalle, sobre la longitud, busto, cintura, hombro. Y por favor, lee la informaci\u00f3n sobre el tama\u00f1o antes de elegir el tama\u00f1o. \u00a1Gracias!<\/p>\n<p style=\"text-align: center;\" data-spm-anchor-id=\"a2g0o.detail.1000023.i4.24a7603fIKz7sc\">3. Si su medida flota entre dos tallas, le recomendamos elegir la talla m\u00e1s grande. 5. Medici\u00f3n manual pura, es normal que haya alg\u00fan error con una diferencia de 1-3cm<\/p>\n<p style=\"text-align: center;\"><img fetchpriority=\"high\" decoding=\"async\" class=\"alignnone size-full wp-image-55522\" src=\"https:\/\/bodegaoutdoor.cl\/store\/wp-content\/uploads\/2022\/02\/6d21ded5-36a9-4d04-b3c6-c57d1f5170d4.jpg\" alt=\"\" width=\"800\" height=\"800\" srcset=\"https:\/\/bodegaoutdoor.cl\/store\/wp-content\/uploads\/2022\/02\/6d21ded5-36a9-4d04-b3c6-c57d1f5170d4.jpg 800w, https:\/\/bodegaoutdoor.cl\/store\/wp-content\/uploads\/2022\/02\/6d21ded5-36a9-4d04-b3c6-c57d1f5170d4-300x300.jpg 300w, https:\/\/bodegaoutdoor.cl\/store\/wp-content\/uploads\/2022\/02\/6d21ded5-36a9-4d04-b3c6-c57d1f5170d4-100x100.jpg 100w, https:\/\/bodegaoutdoor.cl\/store\/wp-content\/uploads\/2022\/02\/6d21ded5-36a9-4d04-b3c6-c57d1f5170d4-600x600.jpg 600w, https:\/\/bodegaoutdoor.cl\/store\/wp-content\/uploads\/2022\/02\/6d21ded5-36a9-4d04-b3c6-c57d1f5170d4-150x150.jpg 150w, https:\/\/bodegaoutdoor.cl\/store\/wp-content\/uploads\/2022\/02\/6d21ded5-36a9-4d04-b3c6-c57d1f5170d4-768x768.jpg 768w\" sizes=\"(max-width: 800px) 100vw, 800px\" \/> <img decoding=\"async\" class=\"alignnone size-medium wp-image-55525\" src=\"https:\/\/bodegaoutdoor.cl\/store\/wp-content\/uploads\/2022\/02\/320bb12f-5319-4c4f-9cda-db8f852afe23.jpg\" alt=\"\" width=\"800\" height=\"800\" srcset=\"https:\/\/bodegaoutdoor.cl\/store\/wp-content\/uploads\/2022\/02\/320bb12f-5319-4c4f-9cda-db8f852afe23.jpg 800w, https:\/\/bodegaoutdoor.cl\/store\/wp-content\/uploads\/2022\/02\/320bb12f-5319-4c4f-9cda-db8f852afe23-300x300.jpg 300w, https:\/\/bodegaoutdoor.cl\/store\/wp-content\/uploads\/2022\/02\/320bb12f-5319-4c4f-9cda-db8f852afe23-100x100.jpg 100w, https:\/\/bodegaoutdoor.cl\/store\/wp-content\/uploads\/2022\/02\/320bb12f-5319-4c4f-9cda-db8f852afe23-600x600.jpg 600w, https:\/\/bodegaoutdoor.cl\/store\/wp-content\/uploads\/2022\/02\/320bb12f-5319-4c4f-9cda-db8f852afe23-150x150.jpg 150w, https:\/\/bodegaoutdoor.cl\/store\/wp-content\/uploads\/2022\/02\/320bb12f-5319-4c4f-9cda-db8f852afe23-768x768.jpg 768w\" sizes=\"(max-width: 800px) 100vw, 800px\" \/> <img decoding=\"async\" class=\"alignnone size-medium wp-image-55524\" src=\"https:\/\/bodegaoutdoor.cl\/store\/wp-content\/uploads\/2022\/02\/94c41174-a269-46aa-93de-07a5df033c7c.jpg\" alt=\"\" width=\"800\" height=\"800\" srcset=\"https:\/\/bodegaoutdoor.cl\/store\/wp-content\/uploads\/2022\/02\/94c41174-a269-46aa-93de-07a5df033c7c.jpg 800w, https:\/\/bodegaoutdoor.cl\/store\/wp-content\/uploads\/2022\/02\/94c41174-a269-46aa-93de-07a5df033c7c-300x300.jpg 300w, https:\/\/bodegaoutdoor.cl\/store\/wp-content\/uploads\/2022\/02\/94c41174-a269-46aa-93de-07a5df033c7c-100x100.jpg 100w, https:\/\/bodegaoutdoor.cl\/store\/wp-content\/uploads\/2022\/02\/94c41174-a269-46aa-93de-07a5df033c7c-600x600.jpg 600w, https:\/\/bodegaoutdoor.cl\/store\/wp-content\/uploads\/2022\/02\/94c41174-a269-46aa-93de-07a5df033c7c-150x150.jpg 150w, https:\/\/bodegaoutdoor.cl\/store\/wp-content\/uploads\/2022\/02\/94c41174-a269-46aa-93de-07a5df033c7c-768x768.jpg 768w\" sizes=\"(max-width: 800px) 100vw, 800px\" \/><\/p>\n<p style=\"text-align: center;\"><img loading=\"lazy\" decoding=\"async\" class=\"alignnone size-full wp-image-55527\" src=\"https:\/\/bodegaoutdoor.cl\/store\/wp-content\/uploads\/2022\/02\/642ef990-04ee-4d94-b5c6-17375bebd8f1.jpg\" alt=\"\" width=\"800\" height=\"800\" srcset=\"https:\/\/bodegaoutdoor.cl\/store\/wp-content\/uploads\/2022\/02\/642ef990-04ee-4d94-b5c6-17375bebd8f1.jpg 800w, https:\/\/bodegaoutdoor.cl\/store\/wp-content\/uploads\/2022\/02\/642ef990-04ee-4d94-b5c6-17375bebd8f1-300x300.jpg 300w, https:\/\/bodegaoutdoor.cl\/store\/wp-content\/uploads\/2022\/02\/642ef990-04ee-4d94-b5c6-17375bebd8f1-100x100.jpg 100w, https:\/\/bodegaoutdoor.cl\/store\/wp-content\/uploads\/2022\/02\/642ef990-04ee-4d94-b5c6-17375bebd8f1-600x600.jpg 600w, https:\/\/bodegaoutdoor.cl\/store\/wp-content\/uploads\/2022\/02\/642ef990-04ee-4d94-b5c6-17375bebd8f1-150x150.jpg 150w, https:\/\/bodegaoutdoor.cl\/store\/wp-content\/uploads\/2022\/02\/642ef990-04ee-4d94-b5c6-17375bebd8f1-768x768.jpg 768w\" sizes=\"(max-width: 800px) 100vw, 800px\" \/> <img loading=\"lazy\" decoding=\"async\" class=\"alignnone size-medium wp-image-55528\" src=\"https:\/\/bodegaoutdoor.cl\/store\/wp-content\/uploads\/2022\/02\/acbeaa07-81da-4bf6-a4fe-e01e4ebc5f36.jpg\" alt=\"\" width=\"800\" height=\"800\" srcset=\"https:\/\/bodegaoutdoor.cl\/store\/wp-content\/uploads\/2022\/02\/acbeaa07-81da-4bf6-a4fe-e01e4ebc5f36.jpg 800w, https:\/\/bodegaoutdoor.cl\/store\/wp-content\/uploads\/2022\/02\/acbeaa07-81da-4bf6-a4fe-e01e4ebc5f36-300x300.jpg 300w, https:\/\/bodegaoutdoor.cl\/store\/wp-content\/uploads\/2022\/02\/acbeaa07-81da-4bf6-a4fe-e01e4ebc5f36-100x100.jpg 100w, https:\/\/bodegaoutdoor.cl\/store\/wp-content\/uploads\/2022\/02\/acbeaa07-81da-4bf6-a4fe-e01e4ebc5f36-600x600.jpg 600w, https:\/\/bodegaoutdoor.cl\/store\/wp-content\/uploads\/2022\/02\/acbeaa07-81da-4bf6-a4fe-e01e4ebc5f36-150x150.jpg 150w, https:\/\/bodegaoutdoor.cl\/store\/wp-content\/uploads\/2022\/02\/acbeaa07-81da-4bf6-a4fe-e01e4ebc5f36-768x768.jpg 768w\" sizes=\"(max-width: 800px) 100vw, 800px\" \/> <img loading=\"lazy\" decoding=\"async\" class=\"alignnone size-medium wp-image-55529\" src=\"https:\/\/bodegaoutdoor.cl\/store\/wp-content\/uploads\/2022\/02\/f87bf735-5d52-41ed-9794-1d5b1cd0f11b.jpg\" alt=\"\" width=\"800\" height=\"800\" srcset=\"https:\/\/bodegaoutdoor.cl\/store\/wp-content\/uploads\/2022\/02\/f87bf735-5d52-41ed-9794-1d5b1cd0f11b.jpg 800w, https:\/\/bodegaoutdoor.cl\/store\/wp-content\/uploads\/2022\/02\/f87bf735-5d52-41ed-9794-1d5b1cd0f11b-300x300.jpg 300w, https:\/\/bodegaoutdoor.cl\/store\/wp-content\/uploads\/2022\/02\/f87bf735-5d52-41ed-9794-1d5b1cd0f11b-100x100.jpg 100w, https:\/\/bodegaoutdoor.cl\/store\/wp-content\/uploads\/2022\/02\/f87bf735-5d52-41ed-9794-1d5b1cd0f11b-600x600.jpg 600w, https:\/\/bodegaoutdoor.cl\/store\/wp-content\/uploads\/2022\/02\/f87bf735-5d52-41ed-9794-1d5b1cd0f11b-150x150.jpg 150w, https:\/\/bodegaoutdoor.cl\/store\/wp-content\/uploads\/2022\/02\/f87bf735-5d52-41ed-9794-1d5b1cd0f11b-768x768.jpg 768w\" sizes=\"(max-width: 800px) 100vw, 800px\" \/> <img loading=\"lazy\" decoding=\"async\" class=\"alignnone size-medium wp-image-55523\" src=\"https:\/\/bodegaoutdoor.cl\/store\/wp-content\/uploads\/2022\/02\/9f6719a4-d2bc-4500-a5c5-326babd0d8ad.jpg\" alt=\"\" width=\"800\" height=\"800\" srcset=\"https:\/\/bodegaoutdoor.cl\/store\/wp-content\/uploads\/2022\/02\/9f6719a4-d2bc-4500-a5c5-326babd0d8ad.jpg 800w, https:\/\/bodegaoutdoor.cl\/store\/wp-content\/uploads\/2022\/02\/9f6719a4-d2bc-4500-a5c5-326babd0d8ad-300x300.jpg 300w, https:\/\/bodegaoutdoor.cl\/store\/wp-content\/uploads\/2022\/02\/9f6719a4-d2bc-4500-a5c5-326babd0d8ad-100x100.jpg 100w, https:\/\/bodegaoutdoor.cl\/store\/wp-content\/uploads\/2022\/02\/9f6719a4-d2bc-4500-a5c5-326babd0d8ad-600x600.jpg 600w, https:\/\/bodegaoutdoor.cl\/store\/wp-content\/uploads\/2022\/02\/9f6719a4-d2bc-4500-a5c5-326babd0d8ad-150x150.jpg 150w, https:\/\/bodegaoutdoor.cl\/store\/wp-content\/uploads\/2022\/02\/9f6719a4-d2bc-4500-a5c5-326babd0d8ad-768x768.jpg 768w\" sizes=\"(max-width: 800px) 100vw, 800px\" \/><\/p>\n<p style=\"text-align: center;\"><img loading=\"lazy\" decoding=\"async\" title=\"Pantalones largos deportivos con m\u00faltiples bolsillos para hombre, ropa de trabajo masculina, informal, a la moda, con bloqueo de Color, env\u00edo gratis\" src=\"https:\/\/bodegaoutdoor.cl\/store\/wp-content\/uploads\/2022\/02\/54289-tmg8cg.jpg\" alt=\"Pantalones largos deportivos con m\u00faltiples bolsillos para hombre, ropa de trabajo masculina, informal, a la moda, con bloqueo de Color, env\u00edo gratis\" width=\"800\" height=\"800\" \/><img loading=\"lazy\" decoding=\"async\" title=\"Pantalones largos deportivos con m\u00faltiples bolsillos para hombre, ropa de trabajo masculina, informal, a la moda, con bloqueo de Color, env\u00edo gratis\" src=\"https:\/\/bodegaoutdoor.cl\/store\/wp-content\/uploads\/2022\/02\/54289-vsovss.jpg\" alt=\"Pantalones largos deportivos con m\u00faltiples bolsillos para hombre, ropa de trabajo masculina, informal, a la moda, con bloqueo de Color, env\u00edo gratis\" width=\"800\" height=\"800\" \/><\/p>\n<p style=\"text-align: center;\"><img loading=\"lazy\" decoding=\"async\" class=\"alignnone size-full wp-image-55530 aligncenter\" src=\"https:\/\/bodegaoutdoor.cl\/store\/wp-content\/uploads\/2022\/02\/93be4f50-97e8-4df6-aef5-1df7c5e89567.jpg\" alt=\"\" width=\"853\" height=\"1280\" srcset=\"https:\/\/bodegaoutdoor.cl\/store\/wp-content\/uploads\/2022\/02\/93be4f50-97e8-4df6-aef5-1df7c5e89567.jpg 853w, https:\/\/bodegaoutdoor.cl\/store\/wp-content\/uploads\/2022\/02\/93be4f50-97e8-4df6-aef5-1df7c5e89567-600x900.jpg 600w, https:\/\/bodegaoutdoor.cl\/store\/wp-content\/uploads\/2022\/02\/93be4f50-97e8-4df6-aef5-1df7c5e89567-768x1152.jpg 768w\" sizes=\"(max-width: 853px) 100vw, 853px\" \/><\/p>\n\n    <div class=\"xs_social_share_widget xs_share_url after_content \t\tmain_content  wslu-style-1 wslu-share-box-shaped wslu-fill-colored wslu-none wslu-share-horizontal wslu-theme-font-no wslu-main_content\">\n\n\t\t\n        <ul>\n\t\t\t        <\/ul>\n    <\/div> \n","protected":false},"excerpt":{"rendered":"<div class=\"woocommerce-product-details__short-description\">\n<div class=\"woocommerce-product-details__short-description\">\n<div class=\"woocommerce-product-details__short-description\">\n<div class=\"woocommerce-product-details__short-description\">\n<div class=\"woocommerce-product-details__short-description\">\n<div class=\"woocommerce-product-details__short-description\">\n<div class=\"woocommerce-product-details__short-description\">\n<div class=\"woocommerce-product-details__short-description\">\n<div class=\"woocommerce-product-details__short-description\">\n<div class=\"woocommerce-product-details__short-description\">\n<div class=\"woocommerce-product-details__short-description\">\n<div class=\"woocommerce-product-details__short-description\">\n<p><span style=\"color: #ff0000;\"><strong>PRECIO MAYOR M\u00cdNIMO 3 UNIDADES\u00a0 $ 30.000 c\/u<\/strong><\/span><\/p>\n<\/div>\n<\/div>\n<\/div>\n<\/div>\n<\/div>\n<\/div>\n<\/div>\n<\/div>\n<\/div>\n<\/div>\n<\/div>\n<\/div>\n","protected":false},"featured_media":55522,"comment_status":"open","ping_status":"closed","template":"","meta":{"jetpack_publicize_message":"","jetpack_publicize_feature_enabled":true,"jetpack_social_post_already_shared":true,"jetpack_social_options":{"image_generator_settings":{"template":"highway","enabled":false},"version":2}},"product_brand":[],"product_cat":[190,62],"product_tag":[3286,1282,3287,2404],"class_list":{"0":"post-54289","1":"product","2":"type-product","3":"status-publish","4":"has-post-thumbnail","6":"product_cat-pantalones-hombre","7":"product_cat-vestuario-hombre","8":"product_tag-epp","9":"product_tag-impermeable","10":"product_tag-pantalones-cargo","11":"product_tag-trabajo","13":"first","14":"instock","15":"sale","16":"taxable","17":"shipping-taxable","18":"purchasable","19":"product-type-variable"},"jetpack_publicize_connections":[],"jetpack_sharing_enabled":true,"_links":{"self":[{"href":"https:\/\/bodegaoutdoor.cl\/store\/wp-json\/wp\/v2\/product\/54289","targetHints":{"allow":["GET"]}}],"collection":[{"href":"https:\/\/bodegaoutdoor.cl\/store\/wp-json\/wp\/v2\/product"}],"about":[{"href":"https:\/\/bodegaoutdoor.cl\/store\/wp-json\/wp\/v2\/types\/product"}],"replies":[{"embeddable":true,"href":"https:\/\/bodegaoutdoor.cl\/store\/wp-json\/wp\/v2\/comments?post=54289"}],"version-history":[{"count":2,"href":"https:\/\/bodegaoutdoor.cl\/store\/wp-json\/wp\/v2\/product\/54289\/revisions"}],"predecessor-version":[{"id":70947,"href":"https:\/\/bodegaoutdoor.cl\/store\/wp-json\/wp\/v2\/product\/54289\/revisions\/70947"}],"wp:featuredmedia":[{"embeddable":true,"href":"https:\/\/bodegaoutdoor.cl\/store\/wp-json\/wp\/v2\/media\/55522"}],"wp:attachment":[{"href":"https:\/\/bodegaoutdoor.cl\/store\/wp-json\/wp\/v2\/media?parent=54289"}],"wp:term":[{"taxonomy":"product_brand","embeddable":true,"href":"https:\/\/bodegaoutdoor.cl\/store\/wp-json\/wp\/v2\/product_brand?post=54289"},{"taxonomy":"product_cat","embeddable":true,"href":"https:\/\/bodegaoutdoor.cl\/store\/wp-json\/wp\/v2\/product_cat?post=54289"},{"taxonomy":"product_tag","embeddable":true,"href":"https:\/\/bodegaoutdoor.cl\/store\/wp-json\/wp\/v2\/product_tag?post=54289"}],"curies":[{"name":"wp","href":"https:\/\/api.w.org\/{rel}","templated":true}]}}