{"id":54479,"date":"2022-03-20T20:08:40","date_gmt":"2022-03-20T23:08:40","guid":{"rendered":"https:\/\/bodegaoutdoor.cl\/store\/product\/lixada-estufa-de-camping-para-exteriores-mini-estufa-de-alcohol-con-soporte-cruzado-soporte-de-estante\/"},"modified":"2023-08-29T15:58:03","modified_gmt":"2023-08-29T19:58:03","slug":"lixada-estufa-de-camping-para-exteriores-mini-estufa-de-alcohol-con-soporte-cruzado-soporte-de-estante","status":"publish","type":"product","link":"https:\/\/bodegaoutdoor.cl\/store\/product\/lixada-estufa-de-camping-para-exteriores-mini-estufa-de-alcohol-con-soporte-cruzado-soporte-de-estante\/","title":{"rendered":"Mini Cocinilla-estufa de Camping para exteriores usa  Alcohol"},"content":{"rendered":"<div>\n<div>\n<div style=\"font-family: Arial, Helvetica, sans-serif; font-size: 12px; line-height: 150%;\">\n<div><\/div>\n<p style=\"margin-bottom: 6px; margin-top: 6px;\"><img decoding=\"async\" title=\"Lixada-estufa de Camping para exteriores, Mini estufa de Alcohol con soporte cruzado, soporte de estante\" src=\"https:\/\/bodegaoutdoor.cl\/store\/wp-content\/uploads\/2022\/03\/54479-ljkmpp.jpg\" alt=\"Lixada-estufa de Camping para exteriores, Mini estufa de Alcohol con soporte cruzado, soporte de estante\" width=\"810\" height=\"40\" \/><\/p>\n<p>Perfecta minihornillo de alcohol con soporte cruzado para camping, senderismo, mochilero, etc.<\/p>\n<p><strong>Caracter\u00edsticas:<\/strong><br \/>\nJuego de hornillos y estantes superligeros y resistentes.<br \/>\nEl tama\u00f1o Mini se ajusta f\u00e1cilmente a cualquier bolsillo o mochila.<br \/>\nEl soporte cruzado crea estabilidad y quema la estufa de manera eficiente.<br \/>\nPerfecto para camping al aire libre, senderismo, mochilero, etc.<\/p>\n<p><strong>Especificaciones:<\/strong><br \/>\nMaterial: Titanio\/<strong>Acero inoxidable\/aleaci\u00f3n de aluminio<\/strong><br \/>\nEstufa de Alcohol:<br \/>\nEn general tama\u00f1o: 80*40mm\/3,1 * 1.6in<br \/>\nPeso: 38g\/1,3 oz<\/p>\n<p><strong>Rack:<\/strong><br \/>\nLongitud superior: 95mm\/3,7 pulgadas<br \/>\nLongitud inferior: 85mm\/pulgadas<br \/>\nAltura: 29mm\/pulgadas<br \/>\nPeso: 18g\/0,6 oz<\/p>\n<p><strong>Lista de paquetes:<\/strong><br \/>\n1 * estufa de Alcohol<br \/>\n1 * cocina Rack<\/p>\n<p style=\"margin-bottom: 6px; margin-top: 6px;\"><img decoding=\"async\" title=\"Lixada-estufa de Camping para exteriores, Mini estufa de Alcohol con soporte cruzado, soporte de estante\" src=\"https:\/\/bodegaoutdoor.cl\/store\/wp-content\/uploads\/2022\/03\/54479-zbnirc.jpg\" alt=\"Lixada-estufa de Camping para exteriores, Mini estufa de Alcohol con soporte cruzado, soporte de estante\" width=\"810\" height=\"40\" \/><\/p>\n<p><img decoding=\"async\" title=\"Lixada-estufa de Camping para exteriores, Mini estufa de Alcohol con soporte cruzado, soporte de estante\" src=\"https:\/\/bodegaoutdoor.cl\/store\/wp-content\/uploads\/2022\/03\/54479-u1dlbe.jpg\" alt=\"Lixada-estufa de Camping para exteriores, Mini estufa de Alcohol con soporte cruzado, soporte de estante\" \/><br \/>\n<img decoding=\"async\" title=\"Lixada-estufa de Camping para exteriores, Mini estufa de Alcohol con soporte cruzado, soporte de estante\" src=\"https:\/\/bodegaoutdoor.cl\/store\/wp-content\/uploads\/2022\/03\/54479-2hjjrb.jpg\" alt=\"Lixada-estufa de Camping para exteriores, Mini estufa de Alcohol con soporte cruzado, soporte de estante\" \/><br \/>\n<img decoding=\"async\" title=\"Lixada-estufa de Camping para exteriores, Mini estufa de Alcohol con soporte cruzado, soporte de estante\" src=\"https:\/\/bodegaoutdoor.cl\/store\/wp-content\/uploads\/2022\/03\/54479-owcwf6.jpg\" alt=\"Lixada-estufa de Camping para exteriores, Mini estufa de Alcohol con soporte cruzado, soporte de estante\" \/><br \/>\n<img decoding=\"async\" title=\"Lixada-estufa de Camping para exteriores, Mini estufa de Alcohol con soporte cruzado, soporte de estante\" src=\"https:\/\/bodegaoutdoor.cl\/store\/wp-content\/uploads\/2022\/03\/54479-4n0kou.jpg\" alt=\"Lixada-estufa de Camping para exteriores, Mini estufa de Alcohol con soporte cruzado, soporte de estante\" \/><br \/>\n<img decoding=\"async\" title=\"Lixada-estufa de Camping para exteriores, Mini estufa de Alcohol con soporte cruzado, soporte de estante\" src=\"https:\/\/bodegaoutdoor.cl\/store\/wp-content\/uploads\/2022\/03\/54479-calr6o.jpg\" alt=\"Lixada-estufa de Camping para exteriores, Mini estufa de Alcohol con soporte cruzado, soporte de estante\" \/><br \/>\n<img decoding=\"async\" title=\"Lixada-estufa de Camping para exteriores, Mini estufa de Alcohol con soporte cruzado, soporte de estante\" src=\"https:\/\/bodegaoutdoor.cl\/store\/wp-content\/uploads\/2022\/03\/54479-c0kfzj.jpg\" alt=\"Lixada-estufa de Camping para exteriores, Mini estufa de Alcohol con soporte cruzado, soporte de estante\" \/><br \/>\n<img decoding=\"async\" title=\"Lixada-estufa de Camping para exteriores, Mini estufa de Alcohol con soporte cruzado, soporte de estante\" src=\"https:\/\/bodegaoutdoor.cl\/store\/wp-content\/uploads\/2022\/03\/54479-4tcpdn.jpg\" alt=\"Lixada-estufa de Camping para exteriores, Mini estufa de Alcohol con soporte cruzado, soporte de estante\" \/><br \/>\n<img decoding=\"async\" title=\"Lixada-estufa de Camping para exteriores, Mini estufa de Alcohol con soporte cruzado, soporte de estante\" src=\"https:\/\/bodegaoutdoor.cl\/store\/wp-content\/uploads\/2022\/03\/54479-bcbeeg.jpg\" alt=\"Lixada-estufa de Camping para exteriores, Mini estufa de Alcohol con soporte cruzado, soporte de estante\" \/><br \/>\n<img decoding=\"async\" title=\"Lixada-estufa de Camping para exteriores, Mini estufa de Alcohol con soporte cruzado, soporte de estante\" src=\"https:\/\/bodegaoutdoor.cl\/store\/wp-content\/uploads\/2022\/03\/54479-f3vpa4.jpg\" alt=\"Lixada-estufa de Camping para exteriores, Mini estufa de Alcohol con soporte cruzado, soporte de estante\" \/><br \/>\n<img decoding=\"async\" title=\"Lixada-estufa de Camping para exteriores, Mini estufa de Alcohol con soporte cruzado, soporte de estante\" src=\"https:\/\/bodegaoutdoor.cl\/store\/wp-content\/uploads\/2022\/03\/54479-hjh0mi.jpg\" alt=\"Lixada-estufa de Camping para exteriores, Mini estufa de Alcohol con soporte cruzado, soporte de estante\" \/><br \/>\n<img decoding=\"async\" title=\"Lixada-estufa de Camping para exteriores, Mini estufa de Alcohol con soporte cruzado, soporte de estante\" src=\"https:\/\/bodegaoutdoor.cl\/store\/wp-content\/uploads\/2022\/03\/54479-lq3r44.jpg\" alt=\"Lixada-estufa de Camping para exteriores, Mini estufa de Alcohol con soporte cruzado, soporte de estante\" \/><br \/>\n<img decoding=\"async\" title=\"Lixada-estufa de Camping para exteriores, Mini estufa de Alcohol con soporte cruzado, soporte de estante\" src=\"https:\/\/bodegaoutdoor.cl\/store\/wp-content\/uploads\/2022\/03\/54479-esk2no.jpg\" alt=\"Lixada-estufa de Camping para exteriores, Mini estufa de Alcohol con soporte cruzado, soporte de estante\" \/><br \/>\n<img decoding=\"async\" title=\"Lixada-estufa de Camping para exteriores, Mini estufa de Alcohol con soporte cruzado, soporte de estante\" src=\"https:\/\/bodegaoutdoor.cl\/store\/wp-content\/uploads\/2022\/03\/54479-ayarf1.jpg\" alt=\"Lixada-estufa de Camping para exteriores, Mini estufa de Alcohol con soporte cruzado, soporte de estante\" \/><br \/>\n<img decoding=\"async\" title=\"Lixada-estufa de Camping para exteriores, Mini estufa de Alcohol con soporte cruzado, soporte de estante\" src=\"https:\/\/bodegaoutdoor.cl\/store\/wp-content\/uploads\/2022\/03\/54479-wgjroy.jpg\" alt=\"Lixada-estufa de Camping para exteriores, Mini estufa de Alcohol con soporte cruzado, soporte de estante\" \/><br \/>\n<img decoding=\"async\" title=\"Lixada-estufa de Camping para exteriores, Mini estufa de Alcohol con soporte cruzado, soporte de estante\" src=\"https:\/\/bodegaoutdoor.cl\/store\/wp-content\/uploads\/2022\/03\/54479-xqohkd.jpg\" alt=\"Lixada-estufa de Camping para exteriores, Mini estufa de Alcohol con soporte cruzado, soporte de estante\" \/><br \/>\n<img decoding=\"async\" title=\"Lixada-estufa de Camping para exteriores, Mini estufa de Alcohol con soporte cruzado, soporte de estante\" src=\"https:\/\/bodegaoutdoor.cl\/store\/wp-content\/uploads\/2022\/03\/54479-voelaa.jpg\" alt=\"Lixada-estufa de Camping para exteriores, Mini estufa de Alcohol con soporte cruzado, soporte de estante\" \/><br \/>\n<img decoding=\"async\" title=\"Lixada-estufa de Camping para exteriores, Mini estufa de Alcohol con soporte cruzado, soporte de estante\" src=\"https:\/\/bodegaoutdoor.cl\/store\/wp-content\/uploads\/2022\/03\/54479-pkbpq0.jpg\" alt=\"Lixada-estufa de Camping para exteriores, Mini estufa de Alcohol con soporte cruzado, soporte de estante\" \/><br \/>\n<img decoding=\"async\" title=\"Lixada-estufa de Camping para exteriores, Mini estufa de Alcohol con soporte cruzado, soporte de estante\" src=\"https:\/\/bodegaoutdoor.cl\/store\/wp-content\/uploads\/2022\/03\/54479-oxepy6.jpg\" alt=\"Lixada-estufa de Camping para exteriores, Mini estufa de Alcohol con soporte cruzado, soporte de estante\" \/><\/p>\n<div style=\"margin-bottom: 6px; margin-top: 6px;\"><img decoding=\"async\" title=\"Lixada-estufa de Camping para exteriores, Mini estufa de Alcohol con soporte cruzado, soporte de estante\" src=\"https:\/\/bodegaoutdoor.cl\/store\/wp-content\/uploads\/2022\/03\/54479-81mzxx.jpg\" alt=\"Lixada-estufa de Camping para exteriores, Mini estufa de Alcohol con soporte cruzado, soporte de estante\" width=\"810\" height=\"40\" \/><\/div>\n<p><img loading=\"lazy\" decoding=\"async\" title=\"Lixada-estufa de Camping para exteriores, Mini estufa de Alcohol con soporte cruzado, soporte de estante\" src=\"\/\/hz01.i.aliimg.com\/img\/pb\/959\/942\/746\/746942959_855.jpg\" alt=\"Lixada-estufa de Camping para exteriores, Mini estufa de Alcohol con soporte cruzado, soporte de estante\" width=\"425\" height=\"62\" \/><\/p>\n<p style=\"font-family: arial, helvetica; font-size: 12px; text-align: left;\" align=\"left\">1) aceptamos Alipay, Western Union, TT.<span style=\"font-size: 13px;\">Se aceptan todas las principales tarjetas de cr\u00e9dito a trav\u00e9s del procesador de pago seguro ESCROW.<\/span><\/p>\n<p style=\"font-family: arial, helvetica; font-size: 12px; text-align: left;\" align=\"left\">2) El pago se debe hacer en el plazo de 3 d\u00edas de orden.<\/p>\n<p style=\"font-family: arial, helvetica; font-size: 12px; text-align: left;\" align=\"left\">3) Si no puedes realizar el pago inmediatamente despu\u00e9s del cierre de la subasta, espera unos minutos e int\u00e9ntalo de nuevo. Los pagos deben completarse en un plazo de 3 d\u00edas.<\/p>\n<p style=\"margin-bottom: 6px; margin-top: 6px;\"><img loading=\"lazy\" decoding=\"async\" title=\"Lixada-estufa de Camping para exteriores, Mini estufa de Alcohol con soporte cruzado, soporte de estante\" src=\"https:\/\/bodegaoutdoor.cl\/store\/wp-content\/uploads\/2022\/03\/54479-vovvg5.jpg\" alt=\"Lixada-estufa de Camping para exteriores, Mini estufa de Alcohol con soporte cruzado, soporte de estante\" width=\"810\" height=\"40\" \/><\/p>\n<p style=\"font-family: arial, helvetica; font-size: 12px; text-align: left; margin-bottom: 6px;\" align=\"left\"><span style=\"font-size: 14px;\">1. Env\u00edo Mundial.<\/span>(Excepto algunos pa\u00edses y APO\/FPO)<br \/>\n2. Los pedidos se procesan a tiempo despu\u00e9s de la verificaci\u00f3n de pago.<br \/>\n3. Enviamos solamente a las direcciones confirmadas del pedido. La direcci\u00f3n de tu pedido debe coincidir con tu direcci\u00f3n de env\u00edo.<br \/>\n4. Las im\u00e1genes mostradas no son el art\u00edculo real y son solo para tu referencia.<br \/>\n5. El tiempo de tr\u00e1nsito del servicio es proporcionado por el transportista y excluye fines de semana y d\u00edas festivos. Los tiempos de tr\u00e1nsito pueden variar, sobre todo durante la temporada de vacaciones.<br \/>\n6. Si no has recibido el env\u00edo en el plazo de 30 d\u00edas desde el pago, cont\u00e1ctanos. Realizaremos un seguimiento del env\u00edo y te responderemos lo antes posible. \u00a1Nuestro objetivo es la satisfacci\u00f3n del cliente!<br \/>\n7. Debido al estado de las existencias y a las diferencias de tiempo, elegiremos enviar tu art\u00edculo desde nuestro primer almac\u00e9n disponible para una entrega r\u00e1pida.<\/p>\n<p style=\"font-family: arial, helvetica; font-size: 12px; text-align: left; margin-bottom: 6px;\" align=\"left\"><img loading=\"lazy\" decoding=\"async\" title=\"Lixada-estufa de Camping para exteriores, Mini estufa de Alcohol con soporte cruzado, soporte de estante\" src=\"https:\/\/bodegaoutdoor.cl\/store\/wp-content\/uploads\/2022\/03\/54479-vkw0bp.jpg\" alt=\"Lixada-estufa de Camping para exteriores, Mini estufa de Alcohol con soporte cruzado, soporte de estante\" width=\"810\" height=\"40\" \/><\/p>\n<p style=\"font-family: arial, helvetica; font-size: 12px; text-align: left;\" align=\"left\"><span style=\"font-size: 12px; font-family: arial, helvetica;\">1. Tienes 7 d\u00edas para comunicarte con nosotros y 30 d\u00edas para devolverlo a partir de la fecha de recepci\u00f3n. Si te quedas el art\u00edculo durante m\u00e1s de 7 d\u00edas, se considera usado y no te ofreceremos un reembolso o reemplazo. \u00a1NO hay diferencia! Los gastos de env\u00edo correr\u00e1n a cargo tanto del vendedor como del comprador a la mitad.<br \/>\n2. Todos los art\u00edculos devueltos deben estar en el empaquetado original y debes proporcionarnos el n\u00famero de seguimiento del env\u00edo, la raz\u00f3n espec\u00edfica de la devoluci\u00f3n y el apartado postal.<br \/>\n3. Te devolveremos la cantidad completa de la oferta, una vez recibido el art\u00edculo en sus condiciones y embalaje originales con todos los componentes y accesorios incluidos, despu\u00e9s de que el comprador y el vendedor cancelen la transacci\u00f3n de aliexpress. O, puedes elegir tener un reemplazo.<br \/>\n4. Nos haremos cargo de todo el costo de env\u00edo si el\/los producto (s) no es como se indica.<\/span><\/p>\n<p style=\"margin-bottom: 6px; margin-top: 6px;\"><img loading=\"lazy\" decoding=\"async\" title=\"Lixada-estufa de Camping para exteriores, Mini estufa de Alcohol con soporte cruzado, soporte de estante\" src=\"https:\/\/bodegaoutdoor.cl\/store\/wp-content\/uploads\/2022\/03\/54479-vcxzrs.jpg\" alt=\"Lixada-estufa de Camping para exteriores, Mini estufa de Alcohol con soporte cruzado, soporte de estante\" width=\"810\" height=\"40\" \/><\/p>\n<p style=\"font-family: arial, helvetica; font-size: 12px; text-align: left;\" align=\"left\">1. 12 meses de garant\u00eda limitada del fabricante para art\u00edculos defectuosos (excluyendo art\u00edculos da\u00f1ados y\/o usados incorrectamente despu\u00e9s de recibirlos). Los accesorios vienen con una garant\u00eda de 3 meses.<br \/>\n2. Los art\u00edculos defectuosos deben informarse y devolverse dentro del per\u00edodo de garant\u00eda (y en el embalaje original, si es posible). Debes decirnos cu\u00e1l es el defecto y darnos el n\u00famero de pedido. No reparamos ni reemplazamos art\u00edculos con garant\u00eda expirada.<br \/>\n\u00a1Al realizar un pedido en aliexpress aceptas todas las pol\u00edticas mencionadas anteriormente!<\/p>\n<p style=\"margin-bottom: 6px; margin-top: 6px;\"><img loading=\"lazy\" decoding=\"async\" title=\"Lixada-estufa de Camping para exteriores, Mini estufa de Alcohol con soporte cruzado, soporte de estante\" src=\"https:\/\/bodegaoutdoor.cl\/store\/wp-content\/uploads\/2022\/03\/54479-duhdgk.jpg\" alt=\"Lixada-estufa de Camping para exteriores, Mini estufa de Alcohol con soporte cruzado, soporte de estante\" width=\"810\" height=\"40\" \/><\/p>\n<p style=\"font-family: arial, helvetica; font-size: 12px; line-height: 16px; border: 0px none; margin: 0px; padding: 0px;\">\u00a1Mantenemos altos est\u00e1ndares de excelencia y nos esforzamos por conseguir una satisfacci\u00f3n del cliente del 100 %! Tus comentarios son muy importantes. Te pedimos que te contactes con nosotros inmediatamente antes de dejarnos un comentario neutral o negativo, para que podamos satisfacer tus preocupaciones.<br \/>\n\u00a1Es imposible abordar problemas si no los conocemos!<\/p>\n<div><\/div>\n<p style=\"margin-top: 6px;\"><img loading=\"lazy\" decoding=\"async\" title=\"Lixada-estufa de Camping para exteriores, Mini estufa de Alcohol con soporte cruzado, soporte de estante\" src=\"https:\/\/bodegaoutdoor.cl\/store\/wp-content\/uploads\/2022\/03\/54479-hwo8zu.jpg\" alt=\"Lixada-estufa de Camping para exteriores, Mini estufa de Alcohol con soporte cruzado, soporte de estante\" width=\"810\" height=\"40\" \/><\/p>\n<\/div>\n<\/div>\n<\/div>\n\n    <div class=\"xs_social_share_widget xs_share_url after_content \t\tmain_content  wslu-style-1 wslu-share-box-shaped wslu-fill-colored wslu-none wslu-share-horizontal wslu-theme-font-no wslu-main_content\">\n\n\t\t\n        <ul>\n\t\t\t        <\/ul>\n    <\/div> \n","protected":false},"excerpt":{"rendered":"<p>Perfecta minihornillo de alcohol con soporte cruzado para camping, senderismo, mochilero, etc. Caracter\u00edsticas: Juego de hornillos y estantes superligeros y resistentes. El tama\u00f1o Mini se ajusta f\u00e1cilmente a cualquier bolsillo o mochila. El soporte cruzado crea estabilidad y quema la estufa de manera eficiente. Perfecto para camping al aire libre, senderismo, mochilero, etc. Especificaciones: Material: [&hellip;]<\/p>\n","protected":false},"featured_media":54483,"comment_status":"open","ping_status":"closed","template":"","meta":{"jetpack_publicize_message":"","jetpack_publicize_feature_enabled":true,"jetpack_social_post_already_shared":true,"jetpack_social_options":{"image_generator_settings":{"template":"highway","enabled":false},"version":2}},"product_brand":[],"product_cat":[1150],"product_tag":[],"class_list":{"0":"post-54479","1":"product","2":"type-product","3":"status-publish","4":"has-post-thumbnail","6":"product_cat-cocinillas","8":"first","9":"instock","10":"sale","11":"taxable","12":"shipping-taxable","13":"purchasable","14":"product-type-variable"},"jetpack_publicize_connections":[],"jetpack_sharing_enabled":true,"_links":{"self":[{"href":"https:\/\/bodegaoutdoor.cl\/store\/wp-json\/wp\/v2\/product\/54479","targetHints":{"allow":["GET"]}}],"collection":[{"href":"https:\/\/bodegaoutdoor.cl\/store\/wp-json\/wp\/v2\/product"}],"about":[{"href":"https:\/\/bodegaoutdoor.cl\/store\/wp-json\/wp\/v2\/types\/product"}],"replies":[{"embeddable":true,"href":"https:\/\/bodegaoutdoor.cl\/store\/wp-json\/wp\/v2\/comments?post=54479"}],"version-history":[{"count":1,"href":"https:\/\/bodegaoutdoor.cl\/store\/wp-json\/wp\/v2\/product\/54479\/revisions"}],"predecessor-version":[{"id":70945,"href":"https:\/\/bodegaoutdoor.cl\/store\/wp-json\/wp\/v2\/product\/54479\/revisions\/70945"}],"wp:featuredmedia":[{"embeddable":true,"href":"https:\/\/bodegaoutdoor.cl\/store\/wp-json\/wp\/v2\/media\/54483"}],"wp:attachment":[{"href":"https:\/\/bodegaoutdoor.cl\/store\/wp-json\/wp\/v2\/media?parent=54479"}],"wp:term":[{"taxonomy":"product_brand","embeddable":true,"href":"https:\/\/bodegaoutdoor.cl\/store\/wp-json\/wp\/v2\/product_brand?post=54479"},{"taxonomy":"product_cat","embeddable":true,"href":"https:\/\/bodegaoutdoor.cl\/store\/wp-json\/wp\/v2\/product_cat?post=54479"},{"taxonomy":"product_tag","embeddable":true,"href":"https:\/\/bodegaoutdoor.cl\/store\/wp-json\/wp\/v2\/product_tag?post=54479"}],"curies":[{"name":"wp","href":"https:\/\/api.w.org\/{rel}","templated":true}]}}