{"id":54519,"date":"2022-03-21T09:50:59","date_gmt":"2022-03-21T12:50:59","guid":{"rendered":"https:\/\/bodegaoutdoor.cl\/store\/product\/estufa-de-titanio-lixada-para-acampar-al-aire-libre-estufa-de-madera-plegable-ultraligera-portatil-estufa-de-bolsillo-para-acampar-pescar-y-senderismo\/"},"modified":"2023-05-04T19:18:48","modified_gmt":"2023-05-04T23:18:48","slug":"estufa-de-titanio-lixada-para-acampar-al-aire-libre-estufa-de-madera-plegable-ultraligera-portatil-estufa-de-bolsillo-para-acampar-pescar-y-senderismo","status":"publish","type":"product","link":"https:\/\/bodegaoutdoor.cl\/store\/product\/estufa-de-titanio-lixada-para-acampar-al-aire-libre-estufa-de-madera-plegable-ultraligera-portatil-estufa-de-bolsillo-para-acampar-pescar-y-senderismo\/","title":{"rendered":"Estufa de titanio Lixada para acampar al aire libre, estufa de madera plegable ultraligera port\u00e1til, estufa de bolsillo para acampar, pescar y senderismo"},"content":{"rendered":"<div>\n<div><\/div>\n<\/div>\n<div>\n<div><\/div>\n<\/div>\n<div>\n<div><\/div>\n<\/div>\n<div>\n<div><\/div>\n<\/div>\n<div>\n<div><\/div>\n<\/div>\n<div><\/div>\n<div><\/div>\n<div><\/div>\n<div><\/div>\n<div>\n<div><\/div>\n<\/div>\n<div><\/div>\n<div>\n<div><\/div>\n<\/div>\n<div>\n<div><\/div>\n<div>\n<div><\/div>\n<div>\n<div><\/div>\n<div>\n<div><\/div>\n<div>\n<div>\n<div style=\"font-family: arial, helvetica, sans-serif; font-size: 12px; line-height: 150%;\">\n<p>&nbsp;<\/p>\n<p style=\"margin-bottom: 6px; margin-top: 6px;\"><img decoding=\"async\" title=\"Estufa de titanio Lixada para acampar al aire libre, estufa de madera plegable ultraligera port\u00e1til, estufa de bolsillo para acampar, pescar y senderismo\" src=\"https:\/\/bodegaoutdoor.cl\/store\/wp-content\/uploads\/2022\/03\/54519-ezakcb.jpg\" alt=\"Estufa de titanio Lixada para acampar al aire libre, estufa de madera plegable ultraligera port\u00e1til, estufa de bolsillo para acampar, pescar y senderismo\" width=\"810\" height=\"40\" \/><\/p>\n<p>Esta estufa de le\u00f1a es plegable y ligera, muy c\u00f3moda de llevar. Es imprescindible para todos los mochileros, supervivencia y campistas serios.<\/p>\n<p><strong>Caracter\u00edsticas:<\/strong><br \/>\nPlegable y port\u00e1til: ligero y compacto, se pliega en segundos para encajar en cualquier bolsillo.<br \/>\nEstructura resistente: la construcci\u00f3n de titanio fuerte crea una plataforma estable para sus utensilios de cocina, ligera y duradera.<br \/>\nDise\u00f1o cient\u00edfico: con una abertura para a\u00f1adir madera c\u00f3modamente. Rejillas de ventilaci\u00f3n para una buena ventilaci\u00f3n y una combusti\u00f3n eficiente.<br \/>\nFuentes de combustible ilimitadas: cocine una comida con ramitas, ramas, hojas. Di adi\u00f3s a los combustibles de gasolina pesados, costosos y contaminantes.<br \/>\nRespetuoso con el medio ambiente: sin botes de combustible, sin emisiones qu\u00edmicas, No se requieren bater\u00edas, menos huella de carbono.<br \/>\nViene con una bolsa de almacenamiento para un transporte conveniente, ideal para camping, pesca, mochilero, senderismo, picnic, etc.<\/p>\n<p><strong>Especificaciones:<\/strong><br \/>\nMaterial: titanio\/acero inoxidable<\/p>\n<p>Longitud inferior:<\/p>\n<p>Acero inoxidable M: 8cm \/ 3.1in<\/p>\n<p>Acero inoxidable L: 12,8 cm \/ 5.0in<\/p>\n<div>\n<div>\n<div>\n<div>\n<div>\n<div>\n<div style=\"font-family: arial, helvetica, sans-serif; font-size: 12px; line-height: 150%;\">\n<p>Titanio S: 8,5 cm \/ 3.3in<\/p>\n<p>Titanio M: 12,8 cm \/ 5.0in<\/p>\n<\/div>\n<\/div>\n<\/div>\n<\/div>\n<\/div>\n<\/div>\n<\/div>\n<p>Longitud superior:<\/p>\n<p>&nbsp;<\/p>\n<div>\n<div>\n<div>\n<div>\n<div>\n<div>\n<div style=\"font-family: arial, helvetica, sans-serif; font-size: 12px; line-height: 150%;\">\n<p>Acero inoxidable M: 9cm \/ 3.5in<\/p>\n<p>Acero inoxidable L: 11,5 cm \/ 4.5in<\/p>\n<div>\n<div>\n<div>\n<div>\n<div>\n<div>\n<div style=\"font-family: arial, helvetica, sans-serif; font-size: 12px; line-height: 150%;\">\n<p>Titanio S: 7,8 cm \/ 3.1in<\/p>\n<p>Titanio M: 11,5 cm \/ 4.5in<\/p>\n<\/div>\n<\/div>\n<\/div>\n<\/div>\n<\/div>\n<\/div>\n<\/div>\n<\/div>\n<\/div>\n<\/div>\n<\/div>\n<\/div>\n<\/div>\n<\/div>\n<p>Altura:<\/p>\n<p>&nbsp;<\/p>\n<div>\n<div>\n<div>\n<div>\n<div>\n<div>\n<div style=\"font-family: arial, helvetica, sans-serif; font-size: 12px; line-height: 150%;\">\n<p>Acero inoxidable M: 11cm \/ 4.3in<\/p>\n<p>Acero inoxidable L: 16cm \/ 6.3in<\/p>\n<div>\n<div>\n<div>\n<div>\n<div>\n<div>\n<div style=\"font-family: arial, helvetica, sans-serif; font-size: 12px; line-height: 150%;\">\n<p>Titanio S: 10,8 cm \/ 4.2in<\/p>\n<p>Titanio M: 16cm \/ 6.3in<\/p>\n<\/div>\n<\/div>\n<\/div>\n<\/div>\n<\/div>\n<\/div>\n<\/div>\n<\/div>\n<\/div>\n<\/div>\n<\/div>\n<\/div>\n<\/div>\n<\/div>\n<p>Peso:<\/p>\n<p>&nbsp;<\/p>\n<div>\n<div>\n<div>\n<div>\n<div>\n<div>\n<div style=\"font-family: arial, helvetica, sans-serif; font-size: 12px; line-height: 150%;\">\n<p>Acero inoxidable M: 140g\/4,9 oz<\/p>\n<p>Acero inoxidable L: aprox. 300g\/10,6 oz<\/p>\n<div>\n<div>\n<div>\n<div>\n<div>\n<div>\n<div style=\"font-family: arial, helvetica, sans-serif; font-size: 12px; line-height: 150%;\">\n<p>Titanio S: aprox. 70g\/2,5 oz<\/p>\n<p>Titanio M: aprox. 164g\/5,8 oz<\/p>\n<\/div>\n<\/div>\n<\/div>\n<\/div>\n<\/div>\n<\/div>\n<\/div>\n<\/div>\n<\/div>\n<\/div>\n<\/div>\n<\/div>\n<\/div>\n<\/div>\n<p>Tama\u00f1o del paquete:<\/p>\n<div>\n<div>\n<div>\n<div>\n<div>\n<div>\n<div style=\"font-family: arial, helvetica, sans-serif; font-size: 12px; line-height: 150%;\">\n<p>&nbsp;<\/p>\n<div>\n<div>\n<div>\n<div>\n<div>\n<div>\n<div style=\"font-family: arial, helvetica, sans-serif; font-size: 12px; line-height: 150%;\">\n<p>Acero inoxidable M: aprox. 15*12*3cm\/5,9*4,7*1, 2in<\/p>\n<p>Acero inoxidable L: aprox. 18*16,5*2,5 cm\/7,1*6,5*1, 0in<\/p>\n<div>\n<div>\n<div>\n<div>\n<div>\n<div>\n<div style=\"font-family: arial, helvetica, sans-serif; font-size: 12px; line-height: 150%;\">\n<p>Titanio S: aprox. 17*13,2*0,5 cm\/6,7*5,2*0, 2in<\/p>\n<p>Titanio M: aprox. 20,7*17,5*0,8 cm\/8,1*6,9*0, 3in<\/p>\n<\/div>\n<\/div>\n<\/div>\n<\/div>\n<\/div>\n<\/div>\n<\/div>\n<\/div>\n<\/div>\n<\/div>\n<\/div>\n<\/div>\n<\/div>\n<\/div>\n<\/div>\n<\/div>\n<\/div>\n<\/div>\n<\/div>\n<\/div>\n<\/div>\n<p><strong>Lista de paquetes:<\/strong><br \/>\n1 * estufa de le\u00f1a<br \/>\n1 * saco de almacenamiento<\/p>\n<p style=\"margin-bottom: 6px; margin-top: 6px;\"><img decoding=\"async\" title=\"Estufa de titanio Lixada para acampar al aire libre, estufa de madera plegable ultraligera port\u00e1til, estufa de bolsillo para acampar, pescar y senderismo\" src=\"https:\/\/bodegaoutdoor.cl\/store\/wp-content\/uploads\/2022\/03\/54519-tpbjlc.jpg\" alt=\"Estufa de titanio Lixada para acampar al aire libre, estufa de madera plegable ultraligera port\u00e1til, estufa de bolsillo para acampar, pescar y senderismo\" width=\"810\" height=\"40\" \/><\/p>\n<p><img decoding=\"async\" title=\"Estufa de titanio Lixada para acampar al aire libre, estufa de madera plegable ultraligera port\u00e1til, estufa de bolsillo para acampar, pescar y senderismo\" src=\"https:\/\/bodegaoutdoor.cl\/store\/wp-content\/uploads\/2022\/03\/54519-873gzk.jpg\" alt=\"Estufa de titanio Lixada para acampar al aire libre, estufa de madera plegable ultraligera port\u00e1til, estufa de bolsillo para acampar, pescar y senderismo\" \/><br \/>\n<img decoding=\"async\" title=\"Estufa de titanio Lixada para acampar al aire libre, estufa de madera plegable ultraligera port\u00e1til, estufa de bolsillo para acampar, pescar y senderismo\" src=\"https:\/\/bodegaoutdoor.cl\/store\/wp-content\/uploads\/2022\/03\/54519-xr7mbv.jpg\" alt=\"Estufa de titanio Lixada para acampar al aire libre, estufa de madera plegable ultraligera port\u00e1til, estufa de bolsillo para acampar, pescar y senderismo\" \/><br \/>\n<img decoding=\"async\" title=\"Estufa de titanio Lixada para acampar al aire libre, estufa de madera plegable ultraligera port\u00e1til, estufa de bolsillo para acampar, pescar y senderismo\" src=\"https:\/\/bodegaoutdoor.cl\/store\/wp-content\/uploads\/2022\/03\/54519-3mdftn.jpg\" alt=\"Estufa de titanio Lixada para acampar al aire libre, estufa de madera plegable ultraligera port\u00e1til, estufa de bolsillo para acampar, pescar y senderismo\" \/><br \/>\n<img decoding=\"async\" title=\"Estufa de titanio Lixada para acampar al aire libre, estufa de madera plegable ultraligera port\u00e1til, estufa de bolsillo para acampar, pescar y senderismo\" src=\"https:\/\/bodegaoutdoor.cl\/store\/wp-content\/uploads\/2022\/03\/54519-ecv5wo.jpg\" alt=\"Estufa de titanio Lixada para acampar al aire libre, estufa de madera plegable ultraligera port\u00e1til, estufa de bolsillo para acampar, pescar y senderismo\" \/><br \/>\n<img decoding=\"async\" title=\"Estufa de titanio Lixada para acampar al aire libre, estufa de madera plegable ultraligera port\u00e1til, estufa de bolsillo para acampar, pescar y senderismo\" src=\"https:\/\/bodegaoutdoor.cl\/store\/wp-content\/uploads\/2022\/03\/54519-ayh3mt.jpg\" alt=\"Estufa de titanio Lixada para acampar al aire libre, estufa de madera plegable ultraligera port\u00e1til, estufa de bolsillo para acampar, pescar y senderismo\" \/><br \/>\n<img decoding=\"async\" title=\"Estufa de titanio Lixada para acampar al aire libre, estufa de madera plegable ultraligera port\u00e1til, estufa de bolsillo para acampar, pescar y senderismo\" src=\"https:\/\/bodegaoutdoor.cl\/store\/wp-content\/uploads\/2022\/03\/54519-gs4q9x.jpg\" alt=\"Estufa de titanio Lixada para acampar al aire libre, estufa de madera plegable ultraligera port\u00e1til, estufa de bolsillo para acampar, pescar y senderismo\" \/><br \/>\n<img decoding=\"async\" title=\"Estufa de titanio Lixada para acampar al aire libre, estufa de madera plegable ultraligera port\u00e1til, estufa de bolsillo para acampar, pescar y senderismo\" src=\"https:\/\/bodegaoutdoor.cl\/store\/wp-content\/uploads\/2022\/03\/54519-sbvovh.jpg\" alt=\"Estufa de titanio Lixada para acampar al aire libre, estufa de madera plegable ultraligera port\u00e1til, estufa de bolsillo para acampar, pescar y senderismo\" \/><br \/>\n<img decoding=\"async\" title=\"Estufa de titanio Lixada para acampar al aire libre, estufa de madera plegable ultraligera port\u00e1til, estufa de bolsillo para acampar, pescar y senderismo\" src=\"https:\/\/bodegaoutdoor.cl\/store\/wp-content\/uploads\/2022\/03\/54519-kmcpuu.jpg\" alt=\"Estufa de titanio Lixada para acampar al aire libre, estufa de madera plegable ultraligera port\u00e1til, estufa de bolsillo para acampar, pescar y senderismo\" \/><br \/>\n<img decoding=\"async\" title=\"Estufa de titanio Lixada para acampar al aire libre, estufa de madera plegable ultraligera port\u00e1til, estufa de bolsillo para acampar, pescar y senderismo\" src=\"https:\/\/bodegaoutdoor.cl\/store\/wp-content\/uploads\/2022\/03\/54519-ijosrz.jpg\" alt=\"Estufa de titanio Lixada para acampar al aire libre, estufa de madera plegable ultraligera port\u00e1til, estufa de bolsillo para acampar, pescar y senderismo\" \/><br \/>\n<img decoding=\"async\" title=\"Estufa de titanio Lixada para acampar al aire libre, estufa de madera plegable ultraligera port\u00e1til, estufa de bolsillo para acampar, pescar y senderismo\" src=\"https:\/\/bodegaoutdoor.cl\/store\/wp-content\/uploads\/2022\/03\/54519-6p3sif.jpg\" alt=\"Estufa de titanio Lixada para acampar al aire libre, estufa de madera plegable ultraligera port\u00e1til, estufa de bolsillo para acampar, pescar y senderismo\" \/><br \/>\n<img decoding=\"async\" title=\"Estufa de titanio Lixada para acampar al aire libre, estufa de madera plegable ultraligera port\u00e1til, estufa de bolsillo para acampar, pescar y senderismo\" src=\"https:\/\/bodegaoutdoor.cl\/store\/wp-content\/uploads\/2022\/03\/54519-65nwpy.jpg\" alt=\"Estufa de titanio Lixada para acampar al aire libre, estufa de madera plegable ultraligera port\u00e1til, estufa de bolsillo para acampar, pescar y senderismo\" \/><br \/>\n<img decoding=\"async\" title=\"Estufa de titanio Lixada para acampar al aire libre, estufa de madera plegable ultraligera port\u00e1til, estufa de bolsillo para acampar, pescar y senderismo\" src=\"https:\/\/bodegaoutdoor.cl\/store\/wp-content\/uploads\/2022\/03\/54519-u1q692.jpg\" alt=\"Estufa de titanio Lixada para acampar al aire libre, estufa de madera plegable ultraligera port\u00e1til, estufa de bolsillo para acampar, pescar y senderismo\" \/><br \/>\n<img decoding=\"async\" title=\"Estufa de titanio Lixada para acampar al aire libre, estufa de madera plegable ultraligera port\u00e1til, estufa de bolsillo para acampar, pescar y senderismo\" src=\"https:\/\/bodegaoutdoor.cl\/store\/wp-content\/uploads\/2022\/03\/54519-4mpjj1.jpg\" alt=\"Estufa de titanio Lixada para acampar al aire libre, estufa de madera plegable ultraligera port\u00e1til, estufa de bolsillo para acampar, pescar y senderismo\" \/><br \/>\n<img decoding=\"async\" title=\"Estufa de titanio Lixada para acampar al aire libre, estufa de madera plegable ultraligera port\u00e1til, estufa de bolsillo para acampar, pescar y senderismo\" src=\"https:\/\/bodegaoutdoor.cl\/store\/wp-content\/uploads\/2022\/03\/54519-wswi5u.jpg\" alt=\"Estufa de titanio Lixada para acampar al aire libre, estufa de madera plegable ultraligera port\u00e1til, estufa de bolsillo para acampar, pescar y senderismo\" \/><br \/>\n<img decoding=\"async\" title=\"Estufa de titanio Lixada para acampar al aire libre, estufa de madera plegable ultraligera port\u00e1til, estufa de bolsillo para acampar, pescar y senderismo\" src=\"https:\/\/bodegaoutdoor.cl\/store\/wp-content\/uploads\/2022\/03\/54519-huuzwg.jpg\" alt=\"Estufa de titanio Lixada para acampar al aire libre, estufa de madera plegable ultraligera port\u00e1til, estufa de bolsillo para acampar, pescar y senderismo\" \/><br \/>\n<img decoding=\"async\" title=\"Estufa de titanio Lixada para acampar al aire libre, estufa de madera plegable ultraligera port\u00e1til, estufa de bolsillo para acampar, pescar y senderismo\" src=\"https:\/\/bodegaoutdoor.cl\/store\/wp-content\/uploads\/2022\/03\/54519-npoybr.jpg\" alt=\"Estufa de titanio Lixada para acampar al aire libre, estufa de madera plegable ultraligera port\u00e1til, estufa de bolsillo para acampar, pescar y senderismo\" \/><br \/>\n<img decoding=\"async\" title=\"Estufa de titanio Lixada para acampar al aire libre, estufa de madera plegable ultraligera port\u00e1til, estufa de bolsillo para acampar, pescar y senderismo\" src=\"https:\/\/bodegaoutdoor.cl\/store\/wp-content\/uploads\/2022\/03\/54519-tgbjrz.jpg\" alt=\"Estufa de titanio Lixada para acampar al aire libre, estufa de madera plegable ultraligera port\u00e1til, estufa de bolsillo para acampar, pescar y senderismo\" \/><br \/>\n<img decoding=\"async\" title=\"Estufa de titanio Lixada para acampar al aire libre, estufa de madera plegable ultraligera port\u00e1til, estufa de bolsillo para acampar, pescar y senderismo\" src=\"https:\/\/bodegaoutdoor.cl\/store\/wp-content\/uploads\/2022\/03\/54519-rqe0ab.jpg\" alt=\"Estufa de titanio Lixada para acampar al aire libre, estufa de madera plegable ultraligera port\u00e1til, estufa de bolsillo para acampar, pescar y senderismo\" \/><br \/>\n<img decoding=\"async\" title=\"Estufa de titanio Lixada para acampar al aire libre, estufa de madera plegable ultraligera port\u00e1til, estufa de bolsillo para acampar, pescar y senderismo\" src=\"https:\/\/bodegaoutdoor.cl\/store\/wp-content\/uploads\/2022\/03\/54519-i8lyqf.jpg\" alt=\"Estufa de titanio Lixada para acampar al aire libre, estufa de madera plegable ultraligera port\u00e1til, estufa de bolsillo para acampar, pescar y senderismo\" \/><br \/>\n<img decoding=\"async\" title=\"Estufa de titanio Lixada para acampar al aire libre, estufa de madera plegable ultraligera port\u00e1til, estufa de bolsillo para acampar, pescar y senderismo\" src=\"https:\/\/bodegaoutdoor.cl\/store\/wp-content\/uploads\/2022\/03\/54519-vjulrd.jpg\" alt=\"Estufa de titanio Lixada para acampar al aire libre, estufa de madera plegable ultraligera port\u00e1til, estufa de bolsillo para acampar, pescar y senderismo\" \/><br \/>\n<img decoding=\"async\" title=\"Estufa de titanio Lixada para acampar al aire libre, estufa de madera plegable ultraligera port\u00e1til, estufa de bolsillo para acampar, pescar y senderismo\" src=\"https:\/\/bodegaoutdoor.cl\/store\/wp-content\/uploads\/2022\/03\/54519-zybnrm.jpg\" alt=\"Estufa de titanio Lixada para acampar al aire libre, estufa de madera plegable ultraligera port\u00e1til, estufa de bolsillo para acampar, pescar y senderismo\" \/><\/p>\n<\/div>\n<\/div>\n<\/div>\n<\/div>\n<\/div>\n<\/div>\n<div><\/div>\n<\/div>\n<div>\n<div><\/div>\n<\/div>\n<div><\/div>\n\n    <div class=\"xs_social_share_widget xs_share_url after_content \t\tmain_content  wslu-style-1 wslu-share-box-shaped wslu-fill-colored wslu-none wslu-share-horizontal wslu-theme-font-no wslu-main_content\">\n\n\t\t\n        <ul>\n\t\t\t        <\/ul>\n    <\/div> \n","protected":false},"excerpt":{"rendered":"<p>&nbsp; Esta estufa de le\u00f1a es plegable y ligera, muy c\u00f3moda de llevar. Es imprescindible para todos los mochileros, supervivencia y campistas serios. Caracter\u00edsticas: Plegable y port\u00e1til: ligero y compacto, se pliega en segundos para encajar en cualquier bolsillo. Estructura resistente: la construcci\u00f3n de titanio fuerte crea una plataforma estable para sus utensilios de cocina, [&hellip;]<\/p>\n","protected":false},"featured_media":54524,"comment_status":"open","ping_status":"closed","template":"","meta":{"jetpack_publicize_message":"","jetpack_publicize_feature_enabled":true,"jetpack_social_post_already_shared":true,"jetpack_social_options":{"image_generator_settings":{"template":"highway","enabled":false},"version":2}},"product_brand":[],"product_cat":[1150],"product_tag":[483,3295,1464,909],"class_list":{"0":"post-54519","1":"product","2":"type-product","3":"status-publish","4":"has-post-thumbnail","6":"product_cat-cocinillas","7":"product_tag-camping","8":"product_tag-cocinilla","9":"product_tag-portatil","10":"product_tag-trekking","12":"first","13":"instock","14":"taxable","15":"shipping-taxable","16":"purchasable","17":"product-type-variable"},"jetpack_publicize_connections":[],"jetpack_sharing_enabled":true,"_links":{"self":[{"href":"https:\/\/bodegaoutdoor.cl\/store\/wp-json\/wp\/v2\/product\/54519","targetHints":{"allow":["GET"]}}],"collection":[{"href":"https:\/\/bodegaoutdoor.cl\/store\/wp-json\/wp\/v2\/product"}],"about":[{"href":"https:\/\/bodegaoutdoor.cl\/store\/wp-json\/wp\/v2\/types\/product"}],"replies":[{"embeddable":true,"href":"https:\/\/bodegaoutdoor.cl\/store\/wp-json\/wp\/v2\/comments?post=54519"}],"version-history":[{"count":2,"href":"https:\/\/bodegaoutdoor.cl\/store\/wp-json\/wp\/v2\/product\/54519\/revisions"}],"predecessor-version":[{"id":70944,"href":"https:\/\/bodegaoutdoor.cl\/store\/wp-json\/wp\/v2\/product\/54519\/revisions\/70944"}],"wp:featuredmedia":[{"embeddable":true,"href":"https:\/\/bodegaoutdoor.cl\/store\/wp-json\/wp\/v2\/media\/54524"}],"wp:attachment":[{"href":"https:\/\/bodegaoutdoor.cl\/store\/wp-json\/wp\/v2\/media?parent=54519"}],"wp:term":[{"taxonomy":"product_brand","embeddable":true,"href":"https:\/\/bodegaoutdoor.cl\/store\/wp-json\/wp\/v2\/product_brand?post=54519"},{"taxonomy":"product_cat","embeddable":true,"href":"https:\/\/bodegaoutdoor.cl\/store\/wp-json\/wp\/v2\/product_cat?post=54519"},{"taxonomy":"product_tag","embeddable":true,"href":"https:\/\/bodegaoutdoor.cl\/store\/wp-json\/wp\/v2\/product_tag?post=54519"}],"curies":[{"name":"wp","href":"https:\/\/api.w.org\/{rel}","templated":true}]}}