{"id":5454,"date":"2020-07-17T06:21:23","date_gmt":"2020-07-17T06:21:23","guid":{"rendered":"https:\/\/bodegaoutdoor.cl\/store\/product\/bolsa-de-pierna-de-cintura-tactica-bolsa-de-pierna-de-funcion-multifuncional-para-actividades-al-aire-libre-para-equipo-de-pesca-masculino-lu-ya-bolsa-de-pierna-bolso-tactico\/"},"modified":"2023-05-04T19:19:39","modified_gmt":"2023-05-04T23:19:39","slug":"muslera-bolsa-de-pierna-multifuncional-outdoor-bolso-tactico","status":"publish","type":"product","link":"https:\/\/bodegaoutdoor.cl\/store\/product\/muslera-bolsa-de-pierna-multifuncional-outdoor-bolso-tactico\/","title":{"rendered":"Muslera waperproof Bolsa de pierna multifuncional outdoor bolso t\u00e1ctico"},"content":{"rendered":"<div>\n<div>\n<p><img decoding=\"async\" style=\"max-width: 750.0px;\" title=\"Bolsa de pierna de cintura t\u00e1ctica, bolsa de pierna de funci\u00f3n multifuncional para actividades al aire libre, para equipo de pesca masculino Lu Ya, bolsa de pierna, bolso t\u00e1ctico\" src=\"https:\/\/bodegaoutdoor.cl\/store\/wp-content\/uploads\/2020\/07\/5454-8eya8u.jpg\" alt=\"Bolsa de pierna de cintura t\u00e1ctica, bolsa de pierna de funci\u00f3n multifuncional para actividades al aire libre, para equipo de pesca masculino Lu Ya, bolsa de pierna, bolso t\u00e1ctico\" align=\"absmiddle\" \/><img decoding=\"async\" style=\"max-width: 750.0px;\" title=\"Bolsa de pierna de cintura t\u00e1ctica, bolsa de pierna de funci\u00f3n multifuncional para actividades al aire libre, para equipo de pesca masculino Lu Ya, bolsa de pierna, bolso t\u00e1ctico\" src=\"https:\/\/bodegaoutdoor.cl\/store\/wp-content\/uploads\/2020\/07\/5454-zf5o9z.jpg\" alt=\"Bolsa de pierna de cintura t\u00e1ctica, bolsa de pierna de funci\u00f3n multifuncional para actividades al aire libre, para equipo de pesca masculino Lu Ya, bolsa de pierna, bolso t\u00e1ctico\" align=\"absmiddle\" \/><img decoding=\"async\" style=\"max-width: 750.0px;\" title=\"Bolsa de pierna de cintura t\u00e1ctica, bolsa de pierna de funci\u00f3n multifuncional para actividades al aire libre, para equipo de pesca masculino Lu Ya, bolsa de pierna, bolso t\u00e1ctico\" src=\"https:\/\/bodegaoutdoor.cl\/store\/wp-content\/uploads\/2020\/07\/5454-yrhacx.jpg\" alt=\"Bolsa de pierna de cintura t\u00e1ctica, bolsa de pierna de funci\u00f3n multifuncional para actividades al aire libre, para equipo de pesca masculino Lu Ya, bolsa de pierna, bolso t\u00e1ctico\" align=\"absmiddle\" \/><img decoding=\"async\" style=\"max-width: 750.0px;\" title=\"Bolsa de pierna de cintura t\u00e1ctica, bolsa de pierna de funci\u00f3n multifuncional para actividades al aire libre, para equipo de pesca masculino Lu Ya, bolsa de pierna, bolso t\u00e1ctico\" src=\"https:\/\/bodegaoutdoor.cl\/store\/wp-content\/uploads\/2020\/07\/5454-ffmhns.jpg\" alt=\"Bolsa de pierna de cintura t\u00e1ctica, bolsa de pierna de funci\u00f3n multifuncional para actividades al aire libre, para equipo de pesca masculino Lu Ya, bolsa de pierna, bolso t\u00e1ctico\" align=\"absmiddle\" \/><img decoding=\"async\" style=\"max-width: 750.0px;\" title=\"Bolsa de pierna de cintura t\u00e1ctica, bolsa de pierna de funci\u00f3n multifuncional para actividades al aire libre, para equipo de pesca masculino Lu Ya, bolsa de pierna, bolso t\u00e1ctico\" src=\"https:\/\/bodegaoutdoor.cl\/store\/wp-content\/uploads\/2020\/07\/5454-cqsgec.jpg\" alt=\"Bolsa de pierna de cintura t\u00e1ctica, bolsa de pierna de funci\u00f3n multifuncional para actividades al aire libre, para equipo de pesca masculino Lu Ya, bolsa de pierna, bolso t\u00e1ctico\" align=\"absmiddle\" \/><img decoding=\"async\" style=\"max-width: 750.0px;\" title=\"Bolsa de pierna de cintura t\u00e1ctica, bolsa de pierna de funci\u00f3n multifuncional para actividades al aire libre, para equipo de pesca masculino Lu Ya, bolsa de pierna, bolso t\u00e1ctico\" src=\"https:\/\/bodegaoutdoor.cl\/store\/wp-content\/uploads\/2020\/07\/5454-t7gqf4.jpg\" alt=\"Bolsa de pierna de cintura t\u00e1ctica, bolsa de pierna de funci\u00f3n multifuncional para actividades al aire libre, para equipo de pesca masculino Lu Ya, bolsa de pierna, bolso t\u00e1ctico\" align=\"absmiddle\" \/><img decoding=\"async\" style=\"max-width: 750.0px;\" title=\"Bolsa de pierna de cintura t\u00e1ctica, bolsa de pierna de funci\u00f3n multifuncional para actividades al aire libre, para equipo de pesca masculino Lu Ya, bolsa de pierna, bolso t\u00e1ctico\" src=\"https:\/\/bodegaoutdoor.cl\/store\/wp-content\/uploads\/2020\/07\/5454-nx2qbr.jpg\" alt=\"Bolsa de pierna de cintura t\u00e1ctica, bolsa de pierna de funci\u00f3n multifuncional para actividades al aire libre, para equipo de pesca masculino Lu Ya, bolsa de pierna, bolso t\u00e1ctico\" align=\"absmiddle\" \/><img decoding=\"async\" style=\"max-width: 750.0px;\" title=\"Bolsa de pierna de cintura t\u00e1ctica, bolsa de pierna de funci\u00f3n multifuncional para actividades al aire libre, para equipo de pesca masculino Lu Ya, bolsa de pierna, bolso t\u00e1ctico\" src=\"https:\/\/bodegaoutdoor.cl\/store\/wp-content\/uploads\/2020\/07\/5454-wuhjei.jpg\" alt=\"Bolsa de pierna de cintura t\u00e1ctica, bolsa de pierna de funci\u00f3n multifuncional para actividades al aire libre, para equipo de pesca masculino Lu Ya, bolsa de pierna, bolso t\u00e1ctico\" align=\"absmiddle\" \/><img decoding=\"async\" style=\"max-width: 750.0px;\" title=\"Bolsa de pierna de cintura t\u00e1ctica, bolsa de pierna de funci\u00f3n multifuncional para actividades al aire libre, para equipo de pesca masculino Lu Ya, bolsa de pierna, bolso t\u00e1ctico\" src=\"https:\/\/bodegaoutdoor.cl\/store\/wp-content\/uploads\/2020\/07\/5454-rhdmut.jpg\" alt=\"Bolsa de pierna de cintura t\u00e1ctica, bolsa de pierna de funci\u00f3n multifuncional para actividades al aire libre, para equipo de pesca masculino Lu Ya, bolsa de pierna, bolso t\u00e1ctico\" align=\"absmiddle\" \/><img decoding=\"async\" style=\"max-width: 750.0px;\" title=\"Bolsa de pierna de cintura t\u00e1ctica, bolsa de pierna de funci\u00f3n multifuncional para actividades al aire libre, para equipo de pesca masculino Lu Ya, bolsa de pierna, bolso t\u00e1ctico\" src=\"https:\/\/bodegaoutdoor.cl\/store\/wp-content\/uploads\/2020\/07\/5454-30swfj.jpg\" alt=\"Bolsa de pierna de cintura t\u00e1ctica, bolsa de pierna de funci\u00f3n multifuncional para actividades al aire libre, para equipo de pesca masculino Lu Ya, bolsa de pierna, bolso t\u00e1ctico\" align=\"absmiddle\" \/><img decoding=\"async\" style=\"max-width: 750.0px;\" title=\"Bolsa de pierna de cintura t\u00e1ctica, bolsa de pierna de funci\u00f3n multifuncional para actividades al aire libre, para equipo de pesca masculino Lu Ya, bolsa de pierna, bolso t\u00e1ctico\" src=\"https:\/\/bodegaoutdoor.cl\/store\/wp-content\/uploads\/2020\/07\/5454-qbq6ky.jpg\" alt=\"Bolsa de pierna de cintura t\u00e1ctica, bolsa de pierna de funci\u00f3n multifuncional para actividades al aire libre, para equipo de pesca masculino Lu Ya, bolsa de pierna, bolso t\u00e1ctico\" align=\"absmiddle\" \/><img decoding=\"async\" style=\"max-width: 750.0px;\" title=\"Bolsa de pierna de cintura t\u00e1ctica, bolsa de pierna de funci\u00f3n multifuncional para actividades al aire libre, para equipo de pesca masculino Lu Ya, bolsa de pierna, bolso t\u00e1ctico\" src=\"https:\/\/bodegaoutdoor.cl\/store\/wp-content\/uploads\/2020\/07\/5454-4oiqxo.jpg\" alt=\"Bolsa de pierna de cintura t\u00e1ctica, bolsa de pierna de funci\u00f3n multifuncional para actividades al aire libre, para equipo de pesca masculino Lu Ya, bolsa de pierna, bolso t\u00e1ctico\" align=\"absmiddle\" \/><img decoding=\"async\" style=\"max-width: 750.0px;\" title=\"Bolsa de pierna de cintura t\u00e1ctica, bolsa de pierna de funci\u00f3n multifuncional para actividades al aire libre, para equipo de pesca masculino Lu Ya, bolsa de pierna, bolso t\u00e1ctico\" src=\"https:\/\/bodegaoutdoor.cl\/store\/wp-content\/uploads\/2020\/07\/5454-1aozud.jpg\" alt=\"Bolsa de pierna de cintura t\u00e1ctica, bolsa de pierna de funci\u00f3n multifuncional para actividades al aire libre, para equipo de pesca masculino Lu Ya, bolsa de pierna, bolso t\u00e1ctico\" align=\"absmiddle\" \/><img decoding=\"async\" style=\"max-width: 750.0px;\" title=\"Bolsa de pierna de cintura t\u00e1ctica, bolsa de pierna de funci\u00f3n multifuncional para actividades al aire libre, para equipo de pesca masculino Lu Ya, bolsa de pierna, bolso t\u00e1ctico\" src=\"https:\/\/bodegaoutdoor.cl\/store\/wp-content\/uploads\/2020\/07\/5454-63u6gi.jpg\" alt=\"Bolsa de pierna de cintura t\u00e1ctica, bolsa de pierna de funci\u00f3n multifuncional para actividades al aire libre, para equipo de pesca masculino Lu Ya, bolsa de pierna, bolso t\u00e1ctico\" align=\"absmiddle\" \/><\/p>\n<\/div>\n<\/div>\n\n    <div class=\"xs_social_share_widget xs_share_url after_content \t\tmain_content  wslu-style-1 wslu-share-box-shaped wslu-fill-colored wslu-none wslu-share-horizontal wslu-theme-font-no wslu-main_content\">\n\n\t\t\n        <ul>\n\t\t\t        <\/ul>\n    <\/div> \n","protected":false},"excerpt":{"rendered":"<p><span style=\"color: #ff0000;\">PRECIO MAYOR M\u00cdNIMO 3 UNIDADES\u00a0 $ 12.000 c\/u<\/span><\/p>\n","protected":false},"featured_media":5479,"comment_status":"open","ping_status":"closed","template":"","meta":{"jetpack_publicize_message":"","jetpack_publicize_feature_enabled":true,"jetpack_social_post_already_shared":true,"jetpack_social_options":{"image_generator_settings":{"template":"highway","enabled":false},"version":2}},"product_brand":[],"product_cat":[274,195],"product_tag":[],"class_list":{"0":"post-5454","1":"product","2":"type-product","3":"status-publish","4":"has-post-thumbnail","6":"product_cat-bananos-otros","7":"product_cat-mochilas","9":"first","10":"instock","11":"sale","12":"taxable","13":"shipping-taxable","14":"purchasable","15":"product-type-variable"},"jetpack_publicize_connections":[],"jetpack_sharing_enabled":true,"_links":{"self":[{"href":"https:\/\/bodegaoutdoor.cl\/store\/wp-json\/wp\/v2\/product\/5454","targetHints":{"allow":["GET"]}}],"collection":[{"href":"https:\/\/bodegaoutdoor.cl\/store\/wp-json\/wp\/v2\/product"}],"about":[{"href":"https:\/\/bodegaoutdoor.cl\/store\/wp-json\/wp\/v2\/types\/product"}],"replies":[{"embeddable":true,"href":"https:\/\/bodegaoutdoor.cl\/store\/wp-json\/wp\/v2\/comments?post=5454"}],"version-history":[{"count":2,"href":"https:\/\/bodegaoutdoor.cl\/store\/wp-json\/wp\/v2\/product\/5454\/revisions"}],"predecessor-version":[{"id":71355,"href":"https:\/\/bodegaoutdoor.cl\/store\/wp-json\/wp\/v2\/product\/5454\/revisions\/71355"}],"wp:featuredmedia":[{"embeddable":true,"href":"https:\/\/bodegaoutdoor.cl\/store\/wp-json\/wp\/v2\/media\/5479"}],"wp:attachment":[{"href":"https:\/\/bodegaoutdoor.cl\/store\/wp-json\/wp\/v2\/media?parent=5454"}],"wp:term":[{"taxonomy":"product_brand","embeddable":true,"href":"https:\/\/bodegaoutdoor.cl\/store\/wp-json\/wp\/v2\/product_brand?post=5454"},{"taxonomy":"product_cat","embeddable":true,"href":"https:\/\/bodegaoutdoor.cl\/store\/wp-json\/wp\/v2\/product_cat?post=5454"},{"taxonomy":"product_tag","embeddable":true,"href":"https:\/\/bodegaoutdoor.cl\/store\/wp-json\/wp\/v2\/product_tag?post=5454"}],"curies":[{"name":"wp","href":"https:\/\/api.w.org\/{rel}","templated":true}]}}