{"id":54770,"date":"2022-05-03T14:45:19","date_gmt":"2022-05-03T18:45:19","guid":{"rendered":"https:\/\/bodegaoutdoor.cl\/store\/product\/casco-tactico-de-corte-alto-antibalas-ach-armadura-corporal-nucleo-de-aramida-casco-de-seguridad-nij-iiia-mich\/"},"modified":"2026-02-19T14:52:04","modified_gmt":"2026-02-19T17:52:04","slug":"casco-tactico-de-corte-alto-antibalas-ach-armadura-corporal-nucleo-de-aramida-casco-de-seguridad-nij-iiia-mich","status":"publish","type":"product","link":"https:\/\/bodegaoutdoor.cl\/store\/product\/casco-tactico-de-corte-alto-antibalas-ach-armadura-corporal-nucleo-de-aramida-casco-de-seguridad-nij-iiia-mich\/","title":{"rendered":"Casco t\u00e1ctico de corte alto antibalas ACH, armadura corporal, n\u00facleo de aramida, casco de seguridad NIJ IIIA MICH"},"content":{"rendered":"<div>\n<div style=\"margin: 10px auto 0px auto; max-width: 100%;\">\n<div><\/div>\n<div style=\"margin-top: -55.15%;\">\n<div style=\"margin-top: 0%; margin-left: 0%; width: 20%;\"><a href=\"\/\/www.aliexpress.com\/item\/detail\/1005003025352653.html\" target=\"_blank\" rel=\"noopener\"><img decoding=\"async\" style=\"width: 186px; height: 257px;\" title=\"Casco t\u00e1ctico de corte alto antibalas ACH, armadura corporal, n\u00facleo de aramida, casco de seguridad NIJ IIIA MICH\" src=\"https:\/\/bodegaoutdoor.cl\/store\/wp-content\/uploads\/2022\/05\/54770-au3gw7.png\" alt=\"Casco t\u00e1ctico de corte alto antibalas ACH, armadura corporal, n\u00facleo de aramida, casco de seguridad NIJ IIIA MICH\" width=\"186px\" height=\"257px\" \/><\/a><\/div>\n<div style=\"margin-top: -27.58%; margin-left: 20%; width: 20%;\"><a href=\"\/\/www.aliexpress.com\/item\/detail\/1005003022031201.html\" target=\"_blank\" rel=\"noopener\"><img decoding=\"async\" style=\"width: 186px; height: 257px;\" title=\"Casco t\u00e1ctico de corte alto antibalas ACH, armadura corporal, n\u00facleo de aramida, casco de seguridad NIJ IIIA MICH\" src=\"https:\/\/bodegaoutdoor.cl\/store\/wp-content\/uploads\/2022\/05\/54770-au3gw7.png\" alt=\"Casco t\u00e1ctico de corte alto antibalas ACH, armadura corporal, n\u00facleo de aramida, casco de seguridad NIJ IIIA MICH\" width=\"186px\" height=\"257px\" \/><\/a><\/div>\n<div style=\"margin-top: -27.58%; margin-left: 40%; width: 20%;\"><a href=\"\/\/www.aliexpress.com\/item\/detail\/1005001457935815.html\" target=\"_blank\" rel=\"noopener\"><img decoding=\"async\" style=\"width: 186px; height: 257px;\" title=\"Casco t\u00e1ctico de corte alto antibalas ACH, armadura corporal, n\u00facleo de aramida, casco de seguridad NIJ IIIA MICH\" src=\"https:\/\/bodegaoutdoor.cl\/store\/wp-content\/uploads\/2022\/05\/54770-au3gw7.png\" alt=\"Casco t\u00e1ctico de corte alto antibalas ACH, armadura corporal, n\u00facleo de aramida, casco de seguridad NIJ IIIA MICH\" width=\"186px\" height=\"257px\" \/><\/a><\/div>\n<div style=\"margin-top: -27.58%; margin-left: 60%; width: 20%;\"><a href=\"\/\/www.aliexpress.com\/item\/detail\/1005003021811858.html\" target=\"_blank\" rel=\"noopener\"><img decoding=\"async\" style=\"width: 186px; height: 257px;\" title=\"Casco t\u00e1ctico de corte alto antibalas ACH, armadura corporal, n\u00facleo de aramida, casco de seguridad NIJ IIIA MICH\" src=\"https:\/\/bodegaoutdoor.cl\/store\/wp-content\/uploads\/2022\/05\/54770-au3gw7.png\" alt=\"Casco t\u00e1ctico de corte alto antibalas ACH, armadura corporal, n\u00facleo de aramida, casco de seguridad NIJ IIIA MICH\" width=\"186px\" height=\"257px\" \/><\/a><\/div>\n<div style=\"margin-top: -27.58%; margin-left: 80%; width: 20%;\"><a href=\"\/\/www.aliexpress.com\/item\/detail\/1005001929245227.html\" target=\"_blank\" rel=\"noopener\"><img decoding=\"async\" style=\"width: 186px; height: 257px;\" title=\"Casco t\u00e1ctico de corte alto antibalas ACH, armadura corporal, n\u00facleo de aramida, casco de seguridad NIJ IIIA MICH\" src=\"https:\/\/bodegaoutdoor.cl\/store\/wp-content\/uploads\/2022\/05\/54770-au3gw7.png\" alt=\"Casco t\u00e1ctico de corte alto antibalas ACH, armadura corporal, n\u00facleo de aramida, casco de seguridad NIJ IIIA MICH\" width=\"186px\" height=\"257px\" \/><\/a><\/div>\n<div style=\"margin-top: 0%; margin-left: 0%; width: 20%;\"><a href=\"\/\/www.aliexpress.com\/item\/detail\/1005003025685852.html\" target=\"_blank\" rel=\"noopener\"><img decoding=\"async\" style=\"width: 186px; height: 257px;\" title=\"Casco t\u00e1ctico de corte alto antibalas ACH, armadura corporal, n\u00facleo de aramida, casco de seguridad NIJ IIIA MICH\" src=\"https:\/\/bodegaoutdoor.cl\/store\/wp-content\/uploads\/2022\/05\/54770-au3gw7.png\" alt=\"Casco t\u00e1ctico de corte alto antibalas ACH, armadura corporal, n\u00facleo de aramida, casco de seguridad NIJ IIIA MICH\" width=\"186px\" height=\"257px\" \/><\/a><\/div>\n<div style=\"margin-top: -27.58%; margin-left: 20%; width: 20%;\"><a href=\"\/\/www.aliexpress.com\/item\/detail\/1005003020738595.html\" target=\"_blank\" rel=\"noopener\"><img decoding=\"async\" style=\"width: 186px; height: 257px;\" title=\"Casco t\u00e1ctico de corte alto antibalas ACH, armadura corporal, n\u00facleo de aramida, casco de seguridad NIJ IIIA MICH\" src=\"https:\/\/bodegaoutdoor.cl\/store\/wp-content\/uploads\/2022\/05\/54770-au3gw7.png\" alt=\"Casco t\u00e1ctico de corte alto antibalas ACH, armadura corporal, n\u00facleo de aramida, casco de seguridad NIJ IIIA MICH\" width=\"186px\" height=\"257px\" \/><\/a><\/div>\n<div style=\"margin-top: -27.58%; margin-left: 40%; width: 20%;\"><a href=\"\/\/www.aliexpress.com\/item\/detail\/1005003020633515.html\" target=\"_blank\" rel=\"noopener\"><img decoding=\"async\" style=\"width: 186px; height: 257px;\" title=\"Casco t\u00e1ctico de corte alto antibalas ACH, armadura corporal, n\u00facleo de aramida, casco de seguridad NIJ IIIA MICH\" src=\"https:\/\/bodegaoutdoor.cl\/store\/wp-content\/uploads\/2022\/05\/54770-au3gw7.png\" alt=\"Casco t\u00e1ctico de corte alto antibalas ACH, armadura corporal, n\u00facleo de aramida, casco de seguridad NIJ IIIA MICH\" width=\"186px\" height=\"257px\" \/><\/a><\/div>\n<div style=\"margin-top: -27.58%; margin-left: 60%; width: 20%;\"><a href=\"\/\/www.aliexpress.com\/item\/detail\/1005003025778790.html\" target=\"_blank\" rel=\"noopener\"><img decoding=\"async\" style=\"width: 186px; height: 257px;\" title=\"Casco t\u00e1ctico de corte alto antibalas ACH, armadura corporal, n\u00facleo de aramida, casco de seguridad NIJ IIIA MICH\" src=\"https:\/\/bodegaoutdoor.cl\/store\/wp-content\/uploads\/2022\/05\/54770-au3gw7.png\" alt=\"Casco t\u00e1ctico de corte alto antibalas ACH, armadura corporal, n\u00facleo de aramida, casco de seguridad NIJ IIIA MICH\" width=\"186px\" height=\"257px\" \/><\/a><\/div>\n<div style=\"margin-top: -27.58%; margin-left: 80%; width: 20%;\"><a href=\"\/\/www.aliexpress.com\/item\/detail\/1005001928037359.html\" target=\"_blank\" rel=\"noopener\"><img decoding=\"async\" style=\"width: 186px; height: 257px;\" title=\"Casco t\u00e1ctico de corte alto antibalas ACH, armadura corporal, n\u00facleo de aramida, casco de seguridad NIJ IIIA MICH\" src=\"https:\/\/bodegaoutdoor.cl\/store\/wp-content\/uploads\/2022\/05\/54770-au3gw7.png\" alt=\"Casco t\u00e1ctico de corte alto antibalas ACH, armadura corporal, n\u00facleo de aramida, casco de seguridad NIJ IIIA MICH\" width=\"186px\" height=\"257px\" \/><\/a><\/div>\n<\/div>\n<\/div>\n<ul>\n<li style=\"margin: 0px; padding: 0px;\">\n<div><span style=\"font-size: 18px;\"><strong>Este producto se compra de un fabricante de los productos antibalas m\u00e1s experimentados de China.<\/strong><\/span><\/div>\n<\/li>\n<li style=\"margin: 0px; padding: 0px;\">\n<div style=\"margin: 0px; padding: 0px;\"><span style=\"font-size: 18px;\"><strong>Los productos se suministran en grandes cantidades a la polic\u00eda armada, las fuerzas de mantenimiento de la paz y las organizaciones de milicianos locales.<\/strong><\/span><\/div>\n<\/li>\n<li style=\"margin: 0px; padding: 0px;\">\n<div style=\"margin: 0px; padding: 0px;\"><span style=\"font-size: 18px;\"><strong>Los productos antibalas vendidos en esta tienda son todos a prueba de balas reales y tienen certificaci\u00f3n oficial.<\/strong><\/span><\/div>\n<\/li>\n<li style=\"margin: 0px; padding: 0px;\">\n<div style=\"margin: 0px; padding: 0px;\"><span style=\"font-size: 18px;\"><strong>Porque viene directamente de f\u00e1brica, el precio es muy favorable.<\/strong><\/span><\/div>\n<\/li>\n<li style=\"margin: 0px; padding: 0px;\">\n<div style=\"margin: 0px; padding: 0px;\"><span style=\"font-size: 18px;\"><strong>Adem\u00e1s, esta tienda proporciona servicio de devoluci\u00f3n, si encuentra alg\u00fan problema de calidad, puede contactarnos para devolverlo<\/strong><\/span><\/div>\n<\/li>\n<\/ul>\n<div align=\"start\"><img fetchpriority=\"high\" decoding=\"async\" style=\"margin: 0px; padding: 0px; max-width: 100%;\" title=\"Casco t\u00e1ctico de corte alto antibalas ACH, armadura corporal, n\u00facleo de aramida, casco de seguridad NIJ IIIA MICH\" src=\"https:\/\/bodegaoutdoor.cl\/store\/wp-content\/uploads\/2022\/05\/54770-5qduws.jpg\" alt=\"Casco t\u00e1ctico de corte alto antibalas ACH, armadura corporal, n\u00facleo de aramida, casco de seguridad NIJ IIIA MICH\" width=\"816\" height=\"1056\" \/><img decoding=\"async\" style=\"margin: 0px; padding: 0px; max-width: 100%;\" title=\"Casco t\u00e1ctico de corte alto antibalas ACH, armadura corporal, n\u00facleo de aramida, casco de seguridad NIJ IIIA MICH\" src=\"https:\/\/bodegaoutdoor.cl\/store\/wp-content\/uploads\/2022\/05\/54770-gqnxpu.jpg\" alt=\"Casco t\u00e1ctico de corte alto antibalas ACH, armadura corporal, n\u00facleo de aramida, casco de seguridad NIJ IIIA MICH\" \/><img decoding=\"async\" style=\"margin: 0px; padding: 0px; max-width: 100%;\" title=\"Casco t\u00e1ctico de corte alto antibalas ACH, armadura corporal, n\u00facleo de aramida, casco de seguridad NIJ IIIA MICH\" src=\"https:\/\/bodegaoutdoor.cl\/store\/wp-content\/uploads\/2022\/05\/54770-nbswml.jpg\" alt=\"Casco t\u00e1ctico de corte alto antibalas ACH, armadura corporal, n\u00facleo de aramida, casco de seguridad NIJ IIIA MICH\" \/>Acerca del\u00a0<strong>Prueba a prueba de balas del producto:<\/strong><\/div>\n<div align=\"start\"><strong>La siguiente es una prueba de CNAS:<\/strong><\/div>\n<div align=\"start\"><strong>El resultado: La subametralladora ligera tipo 79 de 7,62mm utiliza balas de 7,62mm y dispara a una velocidad de 520 m\/s desde una distancia de 5 metros.<\/strong><strong>\u00a0<\/strong><span style=\"font-size: 16px;\"><strong>Sin aver\u00edas.<\/strong><\/span><img decoding=\"async\" style=\"margin: 0px; padding: 0px; max-width: 100%;\" title=\"Casco t\u00e1ctico de corte alto antibalas ACH, armadura corporal, n\u00facleo de aramida, casco de seguridad NIJ IIIA MICH\" src=\"https:\/\/bodegaoutdoor.cl\/store\/wp-content\/uploads\/2022\/05\/54770-garvyo.jpg\" alt=\"Casco t\u00e1ctico de corte alto antibalas ACH, armadura corporal, n\u00facleo de aramida, casco de seguridad NIJ IIIA MICH\" \/><\/div>\n<div align=\"start\">\n<p><span style=\"font-family: arial, helvetica, sans-serif;\"><span style=\"font-size: 18px;\"><strong>Manual del producto<\/strong><\/span><\/span><br \/>\n<span style=\"font-family: arial, helvetica, sans-serif;\"><span style=\"font-size: 18px;\"><span style=\"font-size: 16px;\">Este casco a prueba de balas consiste en una correa para la barbilla de la carcasa del casco y un sistema de suspensi\u00f3n superior del casco. Es ligero y se puede utilizar con auriculares con ruido. El casco a prueba de balas tiene un sistema ajustable en el interior, que es c\u00f3modo y tiene una fuerte funci\u00f3n de amortiguaci\u00f3n. El exterior del casco est\u00e1 equipado con un riel que se puede ampliar.<\/span><\/span><\/span><br \/>\n<span style=\"font-family: arial, helvetica, sans-serif;\"><span style=\"font-size: 18px;\"><strong>Descripci\u00f3n del producto<\/strong><\/span><\/span><br \/>\n<span style=\"font-family: arial, helvetica, sans-serif;\"><span style=\"font-size: 16px;\">Este es un nuevo casco bal\u00edstico nivel IIIA UHMW-PE en color negro.<\/span><\/span><br \/>\n<span style=\"font-family: arial, helvetica, sans-serif;\"><span style=\"font-size: 16px;\">Material: UHMW-PE<\/span><\/span><br \/>\n<span style=\"font-size: 18px; font-family: arial, helvetica, sans-serif;\"><strong>Tama\u00f1o M\/L (se adapta a la llanta de 54-59cm, 3\/4 6 &#8211; 3\/8 7), talla L\/XL (se adapta a 60-63cm, 1\/2 7-7\/8 7)<\/strong><\/span><br \/>\n<span style=\"font-family: arial, helvetica, sans-serif;\"><span style=\"font-size: 16px;\">Pesa no m\u00e1s de 3 libras (1,4 kg).<\/span><\/span><br \/>\n<span style=\"font-family: arial, helvetica, sans-serif;\"><span style=\"font-size: 16px;\">Color del producto: negro, env\u00edo, verde,<\/span><\/span><span style=\"font-family: arial, helvetica, sans-serif;\"><span style=\"font-size: 16px;\">Tela de camuflaje<\/span><\/span><span style=\"font-family: arial, helvetica, sans-serif;\"><span style=\"font-size: 16px;\">(Opcional)<\/span><\/span><br \/>\n<span style=\"font-family: arial, helvetica, sans-serif;\"><span style=\"font-size: 16px;\">\u00c1rea de Protecci\u00f3n: \u2265 0,12 \u33a1 (1.29ft \u00b2)<\/span><\/span><br \/>\n<span style=\"font-family: arial, helvetica, sans-serif;\"><span style=\"font-size: 16px;\">Nivel de protecci\u00f3n: nivel NIJ IIIA, nivel est\u00e1ndar nacional tres.<\/span><\/span><br \/>\n<span style=\"font-family: arial, helvetica, sans-serif;\"><span style=\"font-size: 16px;\">Est\u00e1ndar ejecutivo: Nivel 3 est\u00e1ndar nacional<\/span><\/span><br \/>\n<span style=\"font-family: arial, helvetica, sans-serif;\"><span style=\"font-size: 18px;\"><strong>Detalles del embalaje<\/strong><\/span><\/span><br \/>\n<span style=\"font-family: arial, helvetica, sans-serif;\"><span style=\"font-size: 16px;\">1 Unidad x casco bal\u00edstico UHMW-PE<\/span><\/span><\/p>\n<p><img decoding=\"async\" style=\"margin: 0px; padding: 0px; max-width: 100%;\" title=\"Casco t\u00e1ctico de corte alto antibalas ACH, armadura corporal, n\u00facleo de aramida, casco de seguridad NIJ IIIA MICH\" src=\"https:\/\/bodegaoutdoor.cl\/store\/wp-content\/uploads\/2022\/05\/54770-rzjul8.jpg\" alt=\"Casco t\u00e1ctico de corte alto antibalas ACH, armadura corporal, n\u00facleo de aramida, casco de seguridad NIJ IIIA MICH\" width=\"915\" height=\"915\" \/><\/p>\n<\/div>\n<p align=\"start\"><img decoding=\"async\" style=\"font-family: KaiTi_GB2312; border: 0px; margin: 0px; padding: 0px; max-width: 100%;\" title=\"Casco t\u00e1ctico de corte alto antibalas ACH, armadura corporal, n\u00facleo de aramida, casco de seguridad NIJ IIIA MICH\" src=\"https:\/\/bodegaoutdoor.cl\/store\/wp-content\/uploads\/2022\/05\/54770-rrh8ok.jpg\" alt=\"Casco t\u00e1ctico de corte alto antibalas ACH, armadura corporal, n\u00facleo de aramida, casco de seguridad NIJ IIIA MICH\" \/><img decoding=\"async\" style=\"font-family: KaiTi_GB2312; border: 0px; margin: 0px; padding: 0px; max-width: 100%;\" title=\"Casco t\u00e1ctico de corte alto antibalas ACH, armadura corporal, n\u00facleo de aramida, casco de seguridad NIJ IIIA MICH\" src=\"https:\/\/bodegaoutdoor.cl\/store\/wp-content\/uploads\/2022\/05\/54770-sxaalq.jpg\" alt=\"Casco t\u00e1ctico de corte alto antibalas ACH, armadura corporal, n\u00facleo de aramida, casco de seguridad NIJ IIIA MICH\" \/><img decoding=\"async\" style=\"margin: 0px; padding: 0px; max-width: 100%;\" title=\"Casco t\u00e1ctico de corte alto antibalas ACH, armadura corporal, n\u00facleo de aramida, casco de seguridad NIJ IIIA MICH\" src=\"https:\/\/bodegaoutdoor.cl\/store\/wp-content\/uploads\/2022\/05\/54770-s6vwnn.jpg\" alt=\"Casco t\u00e1ctico de corte alto antibalas ACH, armadura corporal, n\u00facleo de aramida, casco de seguridad NIJ IIIA MICH\" \/><\/p>\n<p align=\"start\">\n<\/div>\n\n    <div class=\"xs_social_share_widget xs_share_url after_content \t\tmain_content  wslu-style-1 wslu-share-box-shaped wslu-fill-colored wslu-none wslu-share-horizontal wslu-theme-font-no wslu-main_content\">\n\n\t\t\n        <ul>\n\t\t\t        <\/ul>\n    <\/div> \n","protected":false},"excerpt":{"rendered":"<p>Este producto se compra de un fabricante de los productos antibalas m\u00e1s experimentados de China. Los productos se suministran en grandes cantidades a la polic\u00eda armada, las fuerzas de mantenimiento de la paz y las organizaciones de milicianos locales. Los productos antibalas vendidos en esta tienda son todos a prueba de balas reales y tienen [&hellip;]<\/p>\n","protected":false},"featured_media":54777,"comment_status":"open","ping_status":"closed","template":"","meta":{"jetpack_publicize_message":"","jetpack_publicize_feature_enabled":true,"jetpack_social_post_already_shared":true,"jetpack_social_options":{"image_generator_settings":{"template":"highway","enabled":false},"version":2}},"product_brand":[],"product_cat":[1978],"product_tag":[3338,3339,2031,2406,3337],"class_list":{"0":"post-54770","1":"product","2":"type-product","3":"status-publish","4":"has-post-thumbnail","6":"product_cat-cascos","7":"product_tag-anti-balas","8":"product_tag-balistico","9":"product_tag-casco","10":"product_tag-certificado","11":"product_tag-mich","13":"first","14":"instock","15":"taxable","16":"shipping-taxable","17":"purchasable","18":"product-type-variable"},"jetpack_publicize_connections":[],"jetpack_sharing_enabled":true,"_links":{"self":[{"href":"https:\/\/bodegaoutdoor.cl\/store\/wp-json\/wp\/v2\/product\/54770","targetHints":{"allow":["GET"]}}],"collection":[{"href":"https:\/\/bodegaoutdoor.cl\/store\/wp-json\/wp\/v2\/product"}],"about":[{"href":"https:\/\/bodegaoutdoor.cl\/store\/wp-json\/wp\/v2\/types\/product"}],"replies":[{"embeddable":true,"href":"https:\/\/bodegaoutdoor.cl\/store\/wp-json\/wp\/v2\/comments?post=54770"}],"version-history":[{"count":2,"href":"https:\/\/bodegaoutdoor.cl\/store\/wp-json\/wp\/v2\/product\/54770\/revisions"}],"predecessor-version":[{"id":70940,"href":"https:\/\/bodegaoutdoor.cl\/store\/wp-json\/wp\/v2\/product\/54770\/revisions\/70940"}],"wp:featuredmedia":[{"embeddable":true,"href":"https:\/\/bodegaoutdoor.cl\/store\/wp-json\/wp\/v2\/media\/54777"}],"wp:attachment":[{"href":"https:\/\/bodegaoutdoor.cl\/store\/wp-json\/wp\/v2\/media?parent=54770"}],"wp:term":[{"taxonomy":"product_brand","embeddable":true,"href":"https:\/\/bodegaoutdoor.cl\/store\/wp-json\/wp\/v2\/product_brand?post=54770"},{"taxonomy":"product_cat","embeddable":true,"href":"https:\/\/bodegaoutdoor.cl\/store\/wp-json\/wp\/v2\/product_cat?post=54770"},{"taxonomy":"product_tag","embeddable":true,"href":"https:\/\/bodegaoutdoor.cl\/store\/wp-json\/wp\/v2\/product_tag?post=54770"}],"curies":[{"name":"wp","href":"https:\/\/api.w.org\/{rel}","templated":true}]}}