{"id":54798,"date":"2022-05-03T21:47:14","date_gmt":"2022-05-04T01:47:14","guid":{"rendered":"https:\/\/bodegaoutdoor.cl\/store\/product\/mascara-protectora-de-media-cara-para-caza-mascarilla-tactica-transpirable-para-airsoft-paintball-cs-mascara-facial-de-combate-con-conector-para-casco\/"},"modified":"2023-05-04T19:18:47","modified_gmt":"2023-05-04T23:18:47","slug":"mascara-protectora-de-media-cara-para-caza-mascarilla-tactica-transpirable-para-airsoft-paintball-cs-mascara-facial-de-combate-con-conector-para-casco","status":"publish","type":"product","link":"https:\/\/bodegaoutdoor.cl\/store\/product\/mascara-protectora-de-media-cara-para-caza-mascarilla-tactica-transpirable-para-airsoft-paintball-cs-mascara-facial-de-combate-con-conector-para-casco\/","title":{"rendered":"M\u00e1scara protectora de media cara para caza, mascarilla t\u00e1ctica transpirable para Airsoft Paintball CS, m\u00e1scara facial de combate con conector para casco"},"content":{"rendered":"<div style=\"margin: 10px auto 0; max-width: 100%;\">\n<p>&nbsp;<\/p>\n<div style=\"margin-top: -67.6%;\">\n<div style=\"margin-left: 0.0%; margin-top: 0.0%; width: 25.0%;\"><a href=\"\/\/www.aliexpress.com\/item\/detail\/1005001597686215.html\" target=\"_blank\" rel=\"noopener\"><img decoding=\"async\" style=\"width: 233px; height: 315px;\" title=\"M\u00e1scara protectora de media cara para caza, mascarilla t\u00e1ctica transpirable para Airsoft Paintball CS, m\u00e1scara facial de combate con conector para casco\" src=\"https:\/\/bodegaoutdoor.cl\/store\/wp-content\/uploads\/2022\/05\/54798-zciies.png\" alt=\"M\u00e1scara protectora de media cara para caza, mascarilla t\u00e1ctica transpirable para Airsoft Paintball CS, m\u00e1scara facial de combate con conector para casco\" \/><\/a><\/div>\n<div style=\"margin-left: 25.0%; margin-top: -33.8%; width: 25.0%;\"><a href=\"\/\/www.aliexpress.com\/item\/detail\/1005001658883503.html\" target=\"_blank\" rel=\"noopener\"><img decoding=\"async\" style=\"width: 233px; height: 315px;\" title=\"M\u00e1scara protectora de media cara para caza, mascarilla t\u00e1ctica transpirable para Airsoft Paintball CS, m\u00e1scara facial de combate con conector para casco\" src=\"https:\/\/bodegaoutdoor.cl\/store\/wp-content\/uploads\/2022\/05\/54798-zciies.png\" alt=\"M\u00e1scara protectora de media cara para caza, mascarilla t\u00e1ctica transpirable para Airsoft Paintball CS, m\u00e1scara facial de combate con conector para casco\" \/><\/a><\/div>\n<div style=\"margin-left: 50.0%; margin-top: -33.8%; width: 25.0%;\"><a href=\"\/\/www.aliexpress.com\/item\/detail\/1005001592539287.html\" target=\"_blank\" rel=\"noopener\"><img decoding=\"async\" style=\"width: 233px; height: 315px;\" title=\"M\u00e1scara protectora de media cara para caza, mascarilla t\u00e1ctica transpirable para Airsoft Paintball CS, m\u00e1scara facial de combate con conector para casco\" src=\"https:\/\/bodegaoutdoor.cl\/store\/wp-content\/uploads\/2022\/05\/54798-zciies.png\" alt=\"M\u00e1scara protectora de media cara para caza, mascarilla t\u00e1ctica transpirable para Airsoft Paintball CS, m\u00e1scara facial de combate con conector para casco\" \/><\/a><\/div>\n<div style=\"margin-left: 75.0%; margin-top: -33.8%; width: 25.0%;\"><a href=\"\/\/www.aliexpress.com\/item\/detail\/4000411342234.html\" target=\"_blank\" rel=\"noopener\"><img decoding=\"async\" style=\"width: 233px; height: 315px;\" title=\"M\u00e1scara protectora de media cara para caza, mascarilla t\u00e1ctica transpirable para Airsoft Paintball CS, m\u00e1scara facial de combate con conector para casco\" src=\"https:\/\/bodegaoutdoor.cl\/store\/wp-content\/uploads\/2022\/05\/54798-zciies.png\" alt=\"M\u00e1scara protectora de media cara para caza, mascarilla t\u00e1ctica transpirable para Airsoft Paintball CS, m\u00e1scara facial de combate con conector para casco\" \/><\/a><\/div>\n<div style=\"margin-left: 0.0%; margin-top: 0.0%; width: 25.0%;\"><\/div>\n<div style=\"margin-left: 25.0%; margin-top: -33.8%; width: 25.0%;\"><a href=\"\/\/www.aliexpress.com\/item\/detail\/4000960248153.html\" target=\"_blank\" rel=\"noopener\"><img decoding=\"async\" style=\"width: 233px; height: 315px;\" title=\"M\u00e1scara protectora de media cara para caza, mascarilla t\u00e1ctica transpirable para Airsoft Paintball CS, m\u00e1scara facial de combate con conector para casco\" src=\"https:\/\/bodegaoutdoor.cl\/store\/wp-content\/uploads\/2022\/05\/54798-zciies.png\" alt=\"M\u00e1scara protectora de media cara para caza, mascarilla t\u00e1ctica transpirable para Airsoft Paintball CS, m\u00e1scara facial de combate con conector para casco\" \/><\/a><\/div>\n<div style=\"margin-left: 50.0%; margin-top: -33.8%; width: 25.0%;\"><\/div>\n<div style=\"margin-left: 75.0%; margin-top: -33.8%; width: 25.0%;\"><a href=\"\/\/www.aliexpress.com\/item\/detail\/32910077391.html\" target=\"_blank\" rel=\"noopener\"><img decoding=\"async\" style=\"width: 233px; height: 315px;\" title=\"M\u00e1scara protectora de media cara para caza, mascarilla t\u00e1ctica transpirable para Airsoft Paintball CS, m\u00e1scara facial de combate con conector para casco\" src=\"https:\/\/bodegaoutdoor.cl\/store\/wp-content\/uploads\/2022\/05\/54798-zciies.png\" alt=\"M\u00e1scara protectora de media cara para caza, mascarilla t\u00e1ctica transpirable para Airsoft Paintball CS, m\u00e1scara facial de combate con conector para casco\" \/><\/a><\/div>\n<\/div>\n<\/div>\n<div>\n<div>\n<div>\n<div>\n<div>\n<div>\n<div>\n<div>\n<div>\n<div>\n<div>\n<div>\n<div>\n<div>\n<div>\n<div>\n<div>\n<div>\n<div>\n<div>\n<div>\n<div>\n<div>\n<div>\n<div>\n<div>\n<div>\n<div>\n<div>\n<div>\n<div>\n<div>\n<div>\n<div>\n<div>\n<div>\n<div>\n<div>\n<div>\n<div>\n<div>\n<div>\n<div>\n<div>\n<div>\n<div>\n<div>\n<div>\n<div>\n<div>\n<div>\n<div>\n<div>\n<div>\n<div>\n<div>\n<div>\n<div>\n<div>\n<div>\n<div><strong><span style=\"font-family: Comic Sans MS,cursive;\"><span style=\"font-size: 18px;\">M\u00e1scara de Protecci\u00f3n de caza m\u00e1scara t\u00e1ctica transpirable de media cara m\u00e1scara de juego de caza Airsoft Paintball CS para conector de casco<\/span><\/span><\/strong><\/div>\n<\/div>\n<\/div>\n<\/div>\n<\/div>\n<\/div>\n<\/div>\n<\/div>\n<\/div>\n<\/div>\n<\/div>\n<\/div>\n<\/div>\n<\/div>\n<\/div>\n<\/div>\n<\/div>\n<\/div>\n<\/div>\n<\/div>\n<\/div>\n<\/div>\n<\/div>\n<\/div>\n<\/div>\n<\/div>\n<\/div>\n<\/div>\n<\/div>\n<\/div>\n<\/div>\n<\/div>\n<\/div>\n<\/div>\n<\/div>\n<\/div>\n<\/div>\n<\/div>\n<\/div>\n<\/div>\n<\/div>\n<\/div>\n<\/div>\n<\/div>\n<\/div>\n<\/div>\n<\/div>\n<\/div>\n<\/div>\n<\/div>\n<\/div>\n<\/div>\n<\/div>\n<\/div>\n<\/div>\n<\/div>\n<\/div>\n<\/div>\n<\/div>\n<\/div>\n<p><span style=\"font-family: Comic Sans MS,cursive;\"><span style=\"font-size: 18px;\">Nombre de la marca: WoSporT<br \/>\nN\u00famero de modelo: MA-95<br \/>\nColores del producto: negro, verde, gris, bronceado, CP<br \/>\nCaracter\u00edsticas: 2 modelos (\u00faselo solo, \u00faselo con casco r\u00e1pido)<br \/>\nMateriales: TPE de m\u00e1scara, acero bajo en carbono, banda de nailon<br \/>\nTama\u00f1o del producto: 21*15,5 cm(8*6 pulgadas)<br \/>\nEscenas disponibles: T\u00e1ctico, Airsoft,Paintballs, caza, tiro, CS, utiler\u00eda de pel\u00edcula<\/span><\/span><\/p>\n<p style=\"text-align: left; margin: 0;\"><img decoding=\"async\" style=\"width: 800px;\" title=\"M\u00e1scara protectora de media cara para caza, mascarilla t\u00e1ctica transpirable para Airsoft Paintball CS, m\u00e1scara facial de combate con conector para casco\" src=\"https:\/\/bodegaoutdoor.cl\/store\/wp-content\/uploads\/2022\/05\/54798-ef9z1c.jpg\" alt=\"M\u00e1scara protectora de media cara para caza, mascarilla t\u00e1ctica transpirable para Airsoft Paintball CS, m\u00e1scara facial de combate con conector para casco\" \/><img decoding=\"async\" style=\"width: 800px;\" title=\"M\u00e1scara protectora de media cara para caza, mascarilla t\u00e1ctica transpirable para Airsoft Paintball CS, m\u00e1scara facial de combate con conector para casco\" src=\"https:\/\/bodegaoutdoor.cl\/store\/wp-content\/uploads\/2022\/05\/54798-uohho5.jpg\" alt=\"M\u00e1scara protectora de media cara para caza, mascarilla t\u00e1ctica transpirable para Airsoft Paintball CS, m\u00e1scara facial de combate con conector para casco\" \/><img decoding=\"async\" style=\"width: 800px;\" title=\"M\u00e1scara protectora de media cara para caza, mascarilla t\u00e1ctica transpirable para Airsoft Paintball CS, m\u00e1scara facial de combate con conector para casco\" src=\"https:\/\/bodegaoutdoor.cl\/store\/wp-content\/uploads\/2022\/05\/54798-cgcati.jpg\" alt=\"M\u00e1scara protectora de media cara para caza, mascarilla t\u00e1ctica transpirable para Airsoft Paintball CS, m\u00e1scara facial de combate con conector para casco\" \/><img decoding=\"async\" style=\"width: 800px;\" title=\"M\u00e1scara protectora de media cara para caza, mascarilla t\u00e1ctica transpirable para Airsoft Paintball CS, m\u00e1scara facial de combate con conector para casco\" src=\"https:\/\/bodegaoutdoor.cl\/store\/wp-content\/uploads\/2022\/05\/54798-rm98mk.jpg\" alt=\"M\u00e1scara protectora de media cara para caza, mascarilla t\u00e1ctica transpirable para Airsoft Paintball CS, m\u00e1scara facial de combate con conector para casco\" \/><img decoding=\"async\" style=\"width: 800px;\" title=\"M\u00e1scara protectora de media cara para caza, mascarilla t\u00e1ctica transpirable para Airsoft Paintball CS, m\u00e1scara facial de combate con conector para casco\" src=\"https:\/\/bodegaoutdoor.cl\/store\/wp-content\/uploads\/2022\/05\/54798-fxzwax.jpg\" alt=\"M\u00e1scara protectora de media cara para caza, mascarilla t\u00e1ctica transpirable para Airsoft Paintball CS, m\u00e1scara facial de combate con conector para casco\" \/><img decoding=\"async\" style=\"width: 800px;\" title=\"M\u00e1scara protectora de media cara para caza, mascarilla t\u00e1ctica transpirable para Airsoft Paintball CS, m\u00e1scara facial de combate con conector para casco\" src=\"https:\/\/bodegaoutdoor.cl\/store\/wp-content\/uploads\/2022\/05\/54798-vu3vg8.jpg\" alt=\"M\u00e1scara protectora de media cara para caza, mascarilla t\u00e1ctica transpirable para Airsoft Paintball CS, m\u00e1scara facial de combate con conector para casco\" \/><img decoding=\"async\" style=\"width: 800px;\" title=\"M\u00e1scara protectora de media cara para caza, mascarilla t\u00e1ctica transpirable para Airsoft Paintball CS, m\u00e1scara facial de combate con conector para casco\" src=\"https:\/\/bodegaoutdoor.cl\/store\/wp-content\/uploads\/2022\/05\/54798-pa2xqp.jpg\" alt=\"M\u00e1scara protectora de media cara para caza, mascarilla t\u00e1ctica transpirable para Airsoft Paintball CS, m\u00e1scara facial de combate con conector para casco\" \/><img decoding=\"async\" style=\"width: 800px;\" title=\"M\u00e1scara protectora de media cara para caza, mascarilla t\u00e1ctica transpirable para Airsoft Paintball CS, m\u00e1scara facial de combate con conector para casco\" src=\"https:\/\/bodegaoutdoor.cl\/store\/wp-content\/uploads\/2022\/05\/54798-v4735y.jpg\" alt=\"M\u00e1scara protectora de media cara para caza, mascarilla t\u00e1ctica transpirable para Airsoft Paintball CS, m\u00e1scara facial de combate con conector para casco\" \/><img decoding=\"async\" style=\"width: 800px;\" title=\"M\u00e1scara protectora de media cara para caza, mascarilla t\u00e1ctica transpirable para Airsoft Paintball CS, m\u00e1scara facial de combate con conector para casco\" src=\"https:\/\/bodegaoutdoor.cl\/store\/wp-content\/uploads\/2022\/05\/54798-aalu0h.jpg\" alt=\"M\u00e1scara protectora de media cara para caza, mascarilla t\u00e1ctica transpirable para Airsoft Paintball CS, m\u00e1scara facial de combate con conector para casco\" \/><img decoding=\"async\" style=\"width: 800px;\" title=\"M\u00e1scara protectora de media cara para caza, mascarilla t\u00e1ctica transpirable para Airsoft Paintball CS, m\u00e1scara facial de combate con conector para casco\" src=\"https:\/\/bodegaoutdoor.cl\/store\/wp-content\/uploads\/2022\/05\/54798-kwpks1.jpg\" alt=\"M\u00e1scara protectora de media cara para caza, mascarilla t\u00e1ctica transpirable para Airsoft Paintball CS, m\u00e1scara facial de combate con conector para casco\" \/><img decoding=\"async\" style=\"width: 800px;\" title=\"M\u00e1scara protectora de media cara para caza, mascarilla t\u00e1ctica transpirable para Airsoft Paintball CS, m\u00e1scara facial de combate con conector para casco\" src=\"https:\/\/bodegaoutdoor.cl\/store\/wp-content\/uploads\/2022\/05\/54798-6vwlgs.jpg\" alt=\"M\u00e1scara protectora de media cara para caza, mascarilla t\u00e1ctica transpirable para Airsoft Paintball CS, m\u00e1scara facial de combate con conector para casco\" \/><img decoding=\"async\" style=\"width: 800px;\" title=\"M\u00e1scara protectora de media cara para caza, mascarilla t\u00e1ctica transpirable para Airsoft Paintball CS, m\u00e1scara facial de combate con conector para casco\" src=\"https:\/\/bodegaoutdoor.cl\/store\/wp-content\/uploads\/2022\/05\/54798-lvwtwj.jpg\" alt=\"M\u00e1scara protectora de media cara para caza, mascarilla t\u00e1ctica transpirable para Airsoft Paintball CS, m\u00e1scara facial de combate con conector para casco\" \/><img decoding=\"async\" style=\"width: 800px;\" title=\"M\u00e1scara protectora de media cara para caza, mascarilla t\u00e1ctica transpirable para Airsoft Paintball CS, m\u00e1scara facial de combate con conector para casco\" src=\"https:\/\/bodegaoutdoor.cl\/store\/wp-content\/uploads\/2022\/05\/54798-ila06i.jpg\" alt=\"M\u00e1scara protectora de media cara para caza, mascarilla t\u00e1ctica transpirable para Airsoft Paintball CS, m\u00e1scara facial de combate con conector para casco\" \/><img decoding=\"async\" style=\"width: 800px;\" title=\"M\u00e1scara protectora de media cara para caza, mascarilla t\u00e1ctica transpirable para Airsoft Paintball CS, m\u00e1scara facial de combate con conector para casco\" src=\"https:\/\/bodegaoutdoor.cl\/store\/wp-content\/uploads\/2022\/05\/54798-dz16yw.jpg\" alt=\"M\u00e1scara protectora de media cara para caza, mascarilla t\u00e1ctica transpirable para Airsoft Paintball CS, m\u00e1scara facial de combate con conector para casco\" \/><\/p>\n<div>\n<p><span style=\"max-width: 100%; margin: 0px; padding: 0px; border: 0px; font-style: inherit; font-variant: inherit; font-weight: inherit; font-size: 14px; line-height: inherit; font-family: inherit; vertical-align: baseline;\"><span lang=\"EN-US\" style=\"max-width: 100%; margin: 0px; padding: 0px; border: 0px; font-style: inherit; font-variant: inherit; font-weight: inherit; font-size: inherit; line-height: inherit; font-family: inherit; vertical-align: baseline;\"><span style=\"max-width: 100%; margin: 0px; padding: 0px; border: 0px; font-style: inherit; font-variant: inherit; font-weight: inherit; font-size: inherit; line-height: inherit; font-family: inherit; vertical-align: baseline; background: white;\"><span style=\"max-width: 100%; margin: 0px; padding: 0px; border: 0px; font-style: inherit; font-variant: inherit; font-weight: inherit; font-size: inherit; line-height: inherit; font-family: inherit; vertical-align: baseline;\"><br \/>\n<\/span><\/span><\/span><\/span><\/p>\n<\/div>\n<\/div>\n\n    <div class=\"xs_social_share_widget xs_share_url after_content \t\tmain_content  wslu-style-1 wslu-share-box-shaped wslu-fill-colored wslu-none wslu-share-horizontal wslu-theme-font-no wslu-main_content\">\n\n\t\t\n        <ul>\n\t\t\t        <\/ul>\n    <\/div> \n","protected":false},"excerpt":{"rendered":"<p>&nbsp; M\u00e1scara de Protecci\u00f3n de caza m\u00e1scara t\u00e1ctica transpirable de media cara m\u00e1scara de juego de caza Airsoft Paintball CS para conector de casco Nombre de la marca: WoSporT N\u00famero de modelo: MA-95 Colores del producto: negro, verde, gris, bronceado, CP Caracter\u00edsticas: 2 modelos (\u00faselo solo, \u00faselo con casco r\u00e1pido) Materiales: TPE de m\u00e1scara, acero [&hellip;]<\/p>\n","protected":false},"featured_media":54804,"comment_status":"open","ping_status":"closed","template":"","meta":{"jetpack_publicize_message":"","jetpack_publicize_feature_enabled":true,"jetpack_social_post_already_shared":true,"jetpack_social_options":{"image_generator_settings":{"template":"highway","enabled":false},"version":2}},"product_brand":[],"product_cat":[15,64,487],"product_tag":[3312,847,3311],"class_list":{"0":"post-54798","1":"product","2":"type-product","3":"status-publish","4":"has-post-thumbnail","6":"product_cat-otros","7":"product_cat-accessories","8":"product_cat-airsoft","9":"product_tag-3312","10":"product_tag-airsoft","11":"product_tag-mascara","13":"first","14":"instock","15":"sale","16":"taxable","17":"shipping-taxable","18":"purchasable","19":"product-type-variable"},"jetpack_publicize_connections":[],"jetpack_sharing_enabled":true,"_links":{"self":[{"href":"https:\/\/bodegaoutdoor.cl\/store\/wp-json\/wp\/v2\/product\/54798","targetHints":{"allow":["GET"]}}],"collection":[{"href":"https:\/\/bodegaoutdoor.cl\/store\/wp-json\/wp\/v2\/product"}],"about":[{"href":"https:\/\/bodegaoutdoor.cl\/store\/wp-json\/wp\/v2\/types\/product"}],"replies":[{"embeddable":true,"href":"https:\/\/bodegaoutdoor.cl\/store\/wp-json\/wp\/v2\/comments?post=54798"}],"version-history":[{"count":2,"href":"https:\/\/bodegaoutdoor.cl\/store\/wp-json\/wp\/v2\/product\/54798\/revisions"}],"predecessor-version":[{"id":70939,"href":"https:\/\/bodegaoutdoor.cl\/store\/wp-json\/wp\/v2\/product\/54798\/revisions\/70939"}],"wp:featuredmedia":[{"embeddable":true,"href":"https:\/\/bodegaoutdoor.cl\/store\/wp-json\/wp\/v2\/media\/54804"}],"wp:attachment":[{"href":"https:\/\/bodegaoutdoor.cl\/store\/wp-json\/wp\/v2\/media?parent=54798"}],"wp:term":[{"taxonomy":"product_brand","embeddable":true,"href":"https:\/\/bodegaoutdoor.cl\/store\/wp-json\/wp\/v2\/product_brand?post=54798"},{"taxonomy":"product_cat","embeddable":true,"href":"https:\/\/bodegaoutdoor.cl\/store\/wp-json\/wp\/v2\/product_cat?post=54798"},{"taxonomy":"product_tag","embeddable":true,"href":"https:\/\/bodegaoutdoor.cl\/store\/wp-json\/wp\/v2\/product_tag?post=54798"}],"curies":[{"name":"wp","href":"https:\/\/api.w.org\/{rel}","templated":true}]}}