{"id":5480,"date":"2020-07-17T06:22:50","date_gmt":"2020-07-17T06:22:50","guid":{"rendered":"https:\/\/bodegaoutdoor.cl\/store\/product\/invierno-hombres-mujeres-esqui-ciclismo-guantes-cortavientos-antideslizantes-al-aire-libre-termico-calido-guante-de-pantalla-tactil-transpirable-tactico\/"},"modified":"2023-05-04T19:19:39","modified_gmt":"2023-05-04T23:19:39","slug":"invierno-hombres-mujeres-esqui-ciclismo-guantes-cortavientos-antideslizantes-al-aire-libre-termico-calido-guante-de-pantalla-tactil-transpirable-tactico","status":"publish","type":"product","link":"https:\/\/bodegaoutdoor.cl\/store\/product\/invierno-hombres-mujeres-esqui-ciclismo-guantes-cortavientos-antideslizantes-al-aire-libre-termico-calido-guante-de-pantalla-tactil-transpirable-tactico\/","title":{"rendered":"Guantes ciclismo guantes cortavientos antideslizantes , t\u00e9rmico, transpirable"},"content":{"rendered":"<div>\n<div>\n<div>\n<div>\n<p><strong><span style=\"font-size: 21px;\"><span style=\"font-family: arial,helvetica,sans-serif;\"><span style=\"font-size: 36px;\">Descripci\u00f3n:<\/span><br \/>\n<\/span><\/span><\/strong><\/p>\n<p><span style=\"font-family: 'Times New Roman'; font-size: 16px;\"><span style=\"font-size: 24px;\">Guantes <\/span><\/span><span style=\"font-family: 'Times New Roman'; font-size: 16px;\"><span style=\"font-size: 24px;\">\u00a0polar\/pantalla t\u00e1ctil sensible\/mu\u00f1eca extendida c\u00e1lida<\/span><br \/>\n<span style=\"font-size: 24px;\"><br \/>\n<\/span><\/span><\/p>\n<p><span style=\"font-family: 'Times New Roman'; font-size: 16px;\"><span style=\"font-size: 24px;\">1. M\u00e1s terciopelo para mantener el calor, el viento y el fr\u00edo<\/span><br \/>\n<span style=\"font-size: 24px;\"><br \/>\n<\/span><\/span><\/p>\n<p><span style=\"font-family: 'Times New Roman'; font-size: 16px;\"><span style=\"font-size: 24px;\">Ropa de ba\u00f1o externa, resistente a los ara\u00f1azos y al desgaste, forro polar interior de 180g, mantiene el calor y el fr\u00edo.<\/span><br \/>\n<span style=\"font-size: 24px;\"><br \/>\n<\/span><\/span><\/p>\n<p><span style=\"font-family: 'Times New Roman'; font-size: 16px;\"><span style=\"font-size: 24px;\">2 De lana caliente<\/span><br \/>\n<span style=\"font-size: 24px;\"><br \/>\n<\/span><\/span><\/p>\n<p><span style=\"font-family: 'Times New Roman'; font-size: 16px;\"><span style=\"font-size: 24px;\">Forro polar de lana c\u00e1lido interior, efecto m\u00e1s c\u00e1lido, no f\u00e1cil de pelar, alta elasticidad.<\/span><br \/>\n<span style=\"font-size: 24px;\"><br \/>\n<\/span><\/span><\/p>\n<p><span style=\"font-family: 'Times New Roman'; font-size: 16px;\"><span style=\"font-size: 24px;\">3. Part\u00edculas antideslizantes de silicona de Palma<\/span><br \/>\n<span style=\"font-size: 24px;\"><br \/>\n<\/span><\/span><\/p>\n<p><span style=\"font-family: 'Times New Roman'; font-size: 16px;\"><span style=\"font-size: 24px;\">Mejor efecto antideslizante y m\u00e1s c\u00f3modo de llevar.<\/span><br \/>\n<span style=\"font-size: 24px;\"><br \/>\n<\/span><\/span><\/p>\n<p><span style=\"font-family: 'Times New Roman'; font-size: 16px;\"><span style=\"font-size: 24px;\">4. Pa\u00f1o de fibra conductora sensible a la punta de los dedos<\/span><br \/>\n<span style=\"font-size: 24px;\"><br \/>\n<\/span><\/span><\/p>\n<p><span style=\"font-family: 'Times New Roman'; font-size: 16px;\"><span style=\"font-size: 24px;\">Abre una buena experiencia t\u00e1ctil.<\/span><br \/>\n<\/span><\/p>\n<p><strong><span style=\"font-size: 21px;\"><span style=\"font-family: arial,helvetica,sans-serif;\"><span style=\"font-size: 36px;\">Especificaciones:<\/span><br \/>\n<\/span><\/span><\/strong><\/p>\n<p>&nbsp;<\/p>\n<p>Dedo largo guantes<\/p>\n<p>Mano atr\u00e1s: tela de traje de ba\u00f1o 140G + pel\u00edcula + 260G de vell\u00f3n + tratamiento repelente al agua<\/p>\n<p>Palma: tejido de punto + forro polar 180G + pel\u00edcula + goma antideslizante<\/p>\n<p>Dedo grande\/dedo \u00edndice: microfibra conductora negra (pantalla t\u00e1ctil)<\/p>\n<p>Borde de la mu\u00f1eca: 250G de nailon y LICRA<\/p>\n<p>Tri\u00e1ngulo posterior de la mano: 250G nailon Lycra Color: rojo\/negro<\/p>\n<p>Tama\u00f1o Regular: M\/L\/XL\/XXL<\/p>\n<p>1 * un par de guantes<\/p>\n<p id=\"combine-desc-images\"><img decoding=\"async\" style=\"margin: 0 auto;\" title=\"Invierno hombres mujeres esqu\u00ed ciclismo guantes cortavientos antideslizantes al aire libre t\u00e9rmico c\u00e1lido guante de pantalla t\u00e1ctil transpirable Tactico\" src=\"https:\/\/bodegaoutdoor.cl\/store\/wp-content\/uploads\/2020\/07\/5480-fl8rmn.jpg\" alt=\"Invierno hombres mujeres esqu\u00ed ciclismo guantes cortavientos antideslizantes al aire libre t\u00e9rmico c\u00e1lido guante de pantalla t\u00e1ctil transpirable Tactico\" \/><img decoding=\"async\" style=\"margin: 0 auto;\" title=\"Invierno hombres mujeres esqu\u00ed ciclismo guantes cortavientos antideslizantes al aire libre t\u00e9rmico c\u00e1lido guante de pantalla t\u00e1ctil transpirable Tactico\" src=\"https:\/\/bodegaoutdoor.cl\/store\/wp-content\/uploads\/2020\/07\/5480-uxmspm.jpg\" alt=\"Invierno hombres mujeres esqu\u00ed ciclismo guantes cortavientos antideslizantes al aire libre t\u00e9rmico c\u00e1lido guante de pantalla t\u00e1ctil transpirable Tactico\" \/><img decoding=\"async\" style=\"margin: 0 auto;\" title=\"Invierno hombres mujeres esqu\u00ed ciclismo guantes cortavientos antideslizantes al aire libre t\u00e9rmico c\u00e1lido guante de pantalla t\u00e1ctil transpirable Tactico\" src=\"https:\/\/bodegaoutdoor.cl\/store\/wp-content\/uploads\/2020\/07\/5480-zrgb9f.jpg\" alt=\"Invierno hombres mujeres esqu\u00ed ciclismo guantes cortavientos antideslizantes al aire libre t\u00e9rmico c\u00e1lido guante de pantalla t\u00e1ctil transpirable Tactico\" \/><img decoding=\"async\" style=\"margin: 0 auto;\" title=\"Invierno hombres mujeres esqu\u00ed ciclismo guantes cortavientos antideslizantes al aire libre t\u00e9rmico c\u00e1lido guante de pantalla t\u00e1ctil transpirable Tactico\" src=\"https:\/\/bodegaoutdoor.cl\/store\/wp-content\/uploads\/2020\/07\/5480-6jgpel.jpg\" alt=\"Invierno hombres mujeres esqu\u00ed ciclismo guantes cortavientos antideslizantes al aire libre t\u00e9rmico c\u00e1lido guante de pantalla t\u00e1ctil transpirable Tactico\" \/><img decoding=\"async\" style=\"margin: 0 auto;\" title=\"Invierno hombres mujeres esqu\u00ed ciclismo guantes cortavientos antideslizantes al aire libre t\u00e9rmico c\u00e1lido guante de pantalla t\u00e1ctil transpirable Tactico\" src=\"https:\/\/bodegaoutdoor.cl\/store\/wp-content\/uploads\/2020\/07\/5480-nhq332.jpg\" alt=\"Invierno hombres mujeres esqu\u00ed ciclismo guantes cortavientos antideslizantes al aire libre t\u00e9rmico c\u00e1lido guante de pantalla t\u00e1ctil transpirable Tactico\" \/><img decoding=\"async\" style=\"margin: 0 auto;\" title=\"Invierno hombres mujeres esqu\u00ed ciclismo guantes cortavientos antideslizantes al aire libre t\u00e9rmico c\u00e1lido guante de pantalla t\u00e1ctil transpirable Tactico\" src=\"https:\/\/bodegaoutdoor.cl\/store\/wp-content\/uploads\/2020\/07\/5480-fduans.jpg\" alt=\"Invierno hombres mujeres esqu\u00ed ciclismo guantes cortavientos antideslizantes al aire libre t\u00e9rmico c\u00e1lido guante de pantalla t\u00e1ctil transpirable Tactico\" \/><img decoding=\"async\" style=\"margin: 0 auto;\" title=\"Invierno hombres mujeres esqu\u00ed ciclismo guantes cortavientos antideslizantes al aire libre t\u00e9rmico c\u00e1lido guante de pantalla t\u00e1ctil transpirable Tactico\" src=\"https:\/\/bodegaoutdoor.cl\/store\/wp-content\/uploads\/2020\/07\/5480-kzw364.jpg\" alt=\"Invierno hombres mujeres esqu\u00ed ciclismo guantes cortavientos antideslizantes al aire libre t\u00e9rmico c\u00e1lido guante de pantalla t\u00e1ctil transpirable Tactico\" \/><img decoding=\"async\" style=\"margin: 0 auto;\" title=\"Invierno hombres mujeres esqu\u00ed ciclismo guantes cortavientos antideslizantes al aire libre t\u00e9rmico c\u00e1lido guante de pantalla t\u00e1ctil transpirable Tactico\" src=\"https:\/\/bodegaoutdoor.cl\/store\/wp-content\/uploads\/2020\/07\/5480-akpfij.jpg\" alt=\"Invierno hombres mujeres esqu\u00ed ciclismo guantes cortavientos antideslizantes al aire libre t\u00e9rmico c\u00e1lido guante de pantalla t\u00e1ctil transpirable Tactico\" \/><img decoding=\"async\" style=\"margin: 0 auto;\" title=\"Invierno hombres mujeres esqu\u00ed ciclismo guantes cortavientos antideslizantes al aire libre t\u00e9rmico c\u00e1lido guante de pantalla t\u00e1ctil transpirable Tactico\" src=\"https:\/\/bodegaoutdoor.cl\/store\/wp-content\/uploads\/2020\/07\/5480-suojxn.jpg\" alt=\"Invierno hombres mujeres esqu\u00ed ciclismo guantes cortavientos antideslizantes al aire libre t\u00e9rmico c\u00e1lido guante de pantalla t\u00e1ctil transpirable Tactico\" \/><img decoding=\"async\" style=\"margin: 0 auto;\" title=\"Invierno hombres mujeres esqu\u00ed ciclismo guantes cortavientos antideslizantes al aire libre t\u00e9rmico c\u00e1lido guante de pantalla t\u00e1ctil transpirable Tactico\" src=\"https:\/\/bodegaoutdoor.cl\/store\/wp-content\/uploads\/2020\/07\/5480-za5irs.jpg\" alt=\"Invierno hombres mujeres esqu\u00ed ciclismo guantes cortavientos antideslizantes al aire libre t\u00e9rmico c\u00e1lido guante de pantalla t\u00e1ctil transpirable Tactico\" \/><img decoding=\"async\" style=\"margin: 0 auto;\" title=\"Invierno hombres mujeres esqu\u00ed ciclismo guantes cortavientos antideslizantes al aire libre t\u00e9rmico c\u00e1lido guante de pantalla t\u00e1ctil transpirable Tactico\" src=\"https:\/\/bodegaoutdoor.cl\/store\/wp-content\/uploads\/2020\/07\/5480-gjrb8o.jpg\" alt=\"Invierno hombres mujeres esqu\u00ed ciclismo guantes cortavientos antideslizantes al aire libre t\u00e9rmico c\u00e1lido guante de pantalla t\u00e1ctil transpirable Tactico\" \/><\/p>\n<\/div>\n<\/div>\n<\/div>\n<\/div>\n\n    <div class=\"xs_social_share_widget xs_share_url after_content \t\tmain_content  wslu-style-1 wslu-share-box-shaped wslu-fill-colored wslu-none wslu-share-horizontal wslu-theme-font-no wslu-main_content\">\n\n\t\t\n        <ul>\n\t\t\t        <\/ul>\n    <\/div> \n","protected":false},"excerpt":{"rendered":"<div class=\"woocommerce-product-details__short-description\">\n<div class=\"woocommerce-product-details__short-description\">\n<div class=\"woocommerce-product-details__short-description\">\n<p><span style=\"color: #ff0000;\"><strong>PRECIO MAYOR M\u00cdNIMO 30 UNIDADES\u00a0 $ 6.000 c\/u<\/strong><\/span><\/p>\n<p><strong>PRECIO MAYOR M\u00cdNIMO 3 UNIDADES\u00a0 $ 8.000 c\/u<\/strong><\/p>\n<\/div>\n<p class=\"price\">\n<\/div>\n<\/div>\n","protected":false},"featured_media":5569,"comment_status":"open","ping_status":"closed","template":"","meta":{"jetpack_publicize_message":"","jetpack_publicize_feature_enabled":true,"jetpack_social_post_already_shared":true,"jetpack_social_options":{"image_generator_settings":{"template":"highway","enabled":false},"version":2}},"product_brand":[],"product_cat":[15,490],"product_tag":[830,845,481],"class_list":{"0":"post-5480","1":"product","2":"type-product","3":"status-publish","4":"has-post-thumbnail","6":"product_cat-otros","7":"product_cat-guantes","8":"product_tag-frio","9":"product_tag-guantes","10":"product_tag-outdoor","12":"first","13":"instock","14":"sale","15":"taxable","16":"shipping-taxable","17":"purchasable","18":"product-type-variable"},"jetpack_publicize_connections":[],"jetpack_sharing_enabled":true,"_links":{"self":[{"href":"https:\/\/bodegaoutdoor.cl\/store\/wp-json\/wp\/v2\/product\/5480","targetHints":{"allow":["GET"]}}],"collection":[{"href":"https:\/\/bodegaoutdoor.cl\/store\/wp-json\/wp\/v2\/product"}],"about":[{"href":"https:\/\/bodegaoutdoor.cl\/store\/wp-json\/wp\/v2\/types\/product"}],"replies":[{"embeddable":true,"href":"https:\/\/bodegaoutdoor.cl\/store\/wp-json\/wp\/v2\/comments?post=5480"}],"version-history":[{"count":3,"href":"https:\/\/bodegaoutdoor.cl\/store\/wp-json\/wp\/v2\/product\/5480\/revisions"}],"predecessor-version":[{"id":70676,"href":"https:\/\/bodegaoutdoor.cl\/store\/wp-json\/wp\/v2\/product\/5480\/revisions\/70676"}],"wp:featuredmedia":[{"embeddable":true,"href":"https:\/\/bodegaoutdoor.cl\/store\/wp-json\/wp\/v2\/media\/5569"}],"wp:attachment":[{"href":"https:\/\/bodegaoutdoor.cl\/store\/wp-json\/wp\/v2\/media?parent=5480"}],"wp:term":[{"taxonomy":"product_brand","embeddable":true,"href":"https:\/\/bodegaoutdoor.cl\/store\/wp-json\/wp\/v2\/product_brand?post=5480"},{"taxonomy":"product_cat","embeddable":true,"href":"https:\/\/bodegaoutdoor.cl\/store\/wp-json\/wp\/v2\/product_cat?post=5480"},{"taxonomy":"product_tag","embeddable":true,"href":"https:\/\/bodegaoutdoor.cl\/store\/wp-json\/wp\/v2\/product_tag?post=5480"}],"curies":[{"name":"wp","href":"https:\/\/api.w.org\/{rel}","templated":true}]}}