{"id":55453,"date":"2022-05-18T16:11:19","date_gmt":"2022-05-18T20:11:19","guid":{"rendered":"https:\/\/bodegaoutdoor.cl\/store\/product\/naranjasabor-chaqueta-de-otono-para-hombre-abrigo-con-capucha-de-retazos-de-camuflaje-juvenil-ropa-de-marca-ajustada-4xl-n548-2020\/"},"modified":"2023-05-04T19:18:46","modified_gmt":"2023-05-04T23:18:46","slug":"chaqueta-de-otono-para-hombre-abrigo-con-capucha-diseno-camuflaje","status":"publish","type":"product","link":"https:\/\/bodegaoutdoor.cl\/store\/product\/chaqueta-de-otono-para-hombre-abrigo-con-capucha-diseno-camuflaje\/","title":{"rendered":"Chaqueta de oto\u00f1o para hombre, Abrigo con capucha dise\u00f1o camuflaje"},"content":{"rendered":"<div><\/div>\n<div><\/div>\n<div>\n<div>\n<table style=\"width: 869px;\" border=\"1\" width=\"869\" cellspacing=\"0\" cellpadding=\"0\">\n<tbody>\n<tr>\n<td style=\"width: 869px; height: 90px;\" colspan=\"10\">\n<p align=\"left\"><span style=\"font-size: 14px;\"><strong>Cuaderno de notas<\/strong>: Vendemos<strong> Talla asi\u00e1tica<\/strong>. Es Sobre<strong> 2-3 tama\u00f1os m\u00e1s peque\u00f1os<\/strong>Talla de EE. UU., Reino Unido, Australia, ue. Elige la talla de acuerdo con nuestra tabla de tallas. Todas las dimensiones que hemos medido personalmente y lo probamos personalmente. Cuando realices el pedido<strong>Deje el mensaje con su peso (KG\/LB) y altura (CM\/IN)<\/strong>. Le ayudaremos a confirmar la talla. Si no est\u00e1 seguro de qu\u00e9 talla puede usar, no dude en<strong>P\u00f3ngase en contacto con nosotros<\/strong>\u00a1!<\/span><\/p>\n<\/td>\n<\/tr>\n<tr>\n<td style=\"width: 589px; height: 30px;\" colspan=\"9\" nowrap=\"nowrap\">\n<p align=\"center\"><span style=\"font-size: 16px;\"><strong>Informaci\u00f3n sobre el tama\u00f1o<\/strong><\/span><\/p>\n<\/td>\n<td style=\"width: 280px; height: 30px;\" rowspan=\"10\" nowrap=\"nowrap\">\n<p align=\"center\"><img decoding=\"async\" title=\"NaranjaSabor-Chaqueta de oto\u00f1o para hombre, Abrigo con capucha de retazos de camuflaje juvenil, ropa de marca ajustada, 4XL, N548, 2020\" src=\"https:\/\/bodegaoutdoor.cl\/store\/wp-content\/uploads\/2022\/05\/55453-jlsela.jpg\" alt=\"NaranjaSabor-Chaqueta de oto\u00f1o para hombre, Abrigo con capucha de retazos de camuflaje juvenil, ropa de marca ajustada, 4XL, N548, 2020\" \/><\/p>\n<\/td>\n<\/tr>\n<tr>\n<td style=\"width: 115px; height: 24px;\" rowspan=\"2\" nowrap=\"nowrap\">\n<p align=\"center\"><span style=\"font-size: 14px;\"><strong>Talla asi\u00e1tica<\/strong><\/span><\/p>\n<\/td>\n<td style=\"width: 107px; height: 24px;\" colspan=\"2\" nowrap=\"nowrap\">\n<p align=\"center\">Pecho pecho<\/p>\n<\/td>\n<td style=\"width: 123px; height: 24px;\" colspan=\"2\" nowrap=\"nowrap\">\n<p align=\"center\">Longitud<\/p>\n<\/td>\n<td style=\"width: 123px; height: 24px;\" colspan=\"2\" nowrap=\"nowrap\">\n<p align=\"center\">Bolso de hombro<\/p>\n<\/td>\n<td style=\"width: 123px; height: 24px;\" colspan=\"2\" nowrap=\"nowrap\">\n<p align=\"center\">Manga larga<\/p>\n<\/td>\n<\/tr>\n<tr>\n<td style=\"width: 53px; height: 24px;\" nowrap=\"nowrap\">\n<p align=\"center\">CM<\/p>\n<\/td>\n<td style=\"width: 53px; height: 24px;\" nowrap=\"nowrap\">\n<p align=\"center\">Pulgadas<\/p>\n<\/td>\n<td style=\"width: 61px; height: 24px;\" nowrap=\"nowrap\">\n<p align=\"center\">CM<\/p>\n<\/td>\n<td style=\"width: 61px; height: 24px;\" nowrap=\"nowrap\">\n<p align=\"center\">Pulgadas<\/p>\n<\/td>\n<td style=\"width: 61px; height: 24px;\" nowrap=\"nowrap\">\n<p align=\"center\">CM<\/p>\n<\/td>\n<td style=\"width: 61px; height: 24px;\" nowrap=\"nowrap\">\n<p align=\"center\">Pulgadas<\/p>\n<\/td>\n<td style=\"width: 61px; height: 24px;\" nowrap=\"nowrap\">\n<p align=\"center\">CM<\/p>\n<\/td>\n<td style=\"width: 61px; height: 24px;\" nowrap=\"nowrap\">\n<p align=\"center\">Pulgadas<\/p>\n<\/td>\n<\/tr>\n<tr>\n<td style=\"width: 115px; height: 24px;\">\n<p align=\"center\">M<\/p>\n<\/td>\n<td style=\"width: 53px; height: 24px;\">\n<p align=\"center\">104,0<\/p>\n<\/td>\n<td style=\"width: 53px; height: 24px;\">\n<p align=\"center\">40,9<\/p>\n<\/td>\n<td style=\"width: 61px; height: 24px;\">\n<p align=\"center\">71,0<\/p>\n<\/td>\n<td style=\"width: 61px; height: 24px;\">\n<p align=\"center\">28,0<\/p>\n<\/td>\n<td style=\"width: 61px; height: 24px;\">\n<p align=\"center\">45,0<\/p>\n<\/td>\n<td style=\"width: 61px; height: 24px;\">\n<p align=\"center\">17,7<\/p>\n<\/td>\n<td style=\"width: 61px; height: 24px;\">\n<p align=\"center\">65,0<\/p>\n<\/td>\n<td style=\"width: 61px; height: 24px;\">\n<p align=\"center\">25,6<\/p>\n<\/td>\n<\/tr>\n<tr>\n<td style=\"width: 115px; height: 24px;\">\n<p align=\"center\">L<\/p>\n<\/td>\n<td style=\"width: 53px; height: 24px;\">\n<p align=\"center\">110,0<\/p>\n<\/td>\n<td style=\"width: 53px; height: 24px;\">\n<p align=\"center\">43,3<\/p>\n<\/td>\n<td style=\"width: 61px; height: 24px;\">\n<p align=\"center\">73,0<\/p>\n<\/td>\n<td style=\"width: 61px; height: 24px;\">\n<p align=\"center\">28,7<\/p>\n<\/td>\n<td style=\"width: 61px; height: 24px;\">\n<p align=\"center\">47,0<\/p>\n<\/td>\n<td style=\"width: 61px; height: 24px;\">\n<p align=\"center\">18,5<\/p>\n<\/td>\n<td style=\"width: 61px; height: 24px;\">\n<p align=\"center\">66,0<\/p>\n<\/td>\n<td style=\"width: 61px; height: 24px;\">\n<p align=\"center\">26,0<\/p>\n<\/td>\n<\/tr>\n<tr>\n<td style=\"width: 115px; height: 24px;\">\n<p align=\"center\">Modelo XL<\/p>\n<\/td>\n<td style=\"width: 53px; height: 24px;\">\n<p align=\"center\">116,0<\/p>\n<\/td>\n<td style=\"width: 53px; height: 24px;\">\n<p align=\"center\">45,7<\/p>\n<\/td>\n<td style=\"width: 61px; height: 24px;\">\n<p align=\"center\">75,0<\/p>\n<\/td>\n<td style=\"width: 61px; height: 24px;\">\n<p align=\"center\">29,5<\/p>\n<\/td>\n<td style=\"width: 61px; height: 24px;\">\n<p align=\"center\">48,0<\/p>\n<\/td>\n<td style=\"width: 61px; height: 24px;\">\n<p align=\"center\">18,9<\/p>\n<\/td>\n<td style=\"width: 61px; height: 24px;\">\n<p align=\"center\">67,0<\/p>\n<\/td>\n<td style=\"width: 61px; height: 24px;\">\n<p align=\"center\">26,4<\/p>\n<\/td>\n<\/tr>\n<tr>\n<td style=\"width: 115px; height: 24px;\">\n<p align=\"center\">XXL<\/p>\n<\/td>\n<td style=\"width: 53px; height: 24px;\">\n<p align=\"center\">122,0<\/p>\n<\/td>\n<td style=\"width: 53px; height: 24px;\">\n<p align=\"center\">48,0<\/p>\n<\/td>\n<td style=\"width: 61px; height: 24px;\">\n<p align=\"center\">77,0<\/p>\n<\/td>\n<td style=\"width: 61px; height: 24px;\">\n<p align=\"center\">30,3<\/p>\n<\/td>\n<td style=\"width: 61px; height: 24px;\">\n<p align=\"center\">49,5<\/p>\n<\/td>\n<td style=\"width: 61px; height: 24px;\">\n<p align=\"center\">19,5<\/p>\n<\/td>\n<td style=\"width: 61px; height: 24px;\">\n<p align=\"center\">70,0<\/p>\n<\/td>\n<td style=\"width: 61px; height: 24px;\">\n<p align=\"center\">27,6<\/p>\n<\/td>\n<\/tr>\n<tr>\n<td style=\"width: 115px; height: 24px;\">\n<p align=\"center\">Modelo 3XL<\/p>\n<\/td>\n<td style=\"width: 53px; height: 24px;\">\n<p align=\"center\">128,0<\/p>\n<\/td>\n<td style=\"width: 53px; height: 24px;\">\n<p align=\"center\">50,4<\/p>\n<\/td>\n<td style=\"width: 61px; height: 24px;\">\n<p align=\"center\">79,0<\/p>\n<\/td>\n<td style=\"width: 61px; height: 24px;\">\n<p align=\"center\">31,1<\/p>\n<\/td>\n<td style=\"width: 61px; height: 24px;\">\n<p align=\"center\">51,0<\/p>\n<\/td>\n<td style=\"width: 61px; height: 24px;\">\n<p align=\"center\">20,1<\/p>\n<\/td>\n<td style=\"width: 61px; height: 24px;\">\n<p align=\"center\">71,0<\/p>\n<\/td>\n<td style=\"width: 61px; height: 24px;\">\n<p align=\"center\">28,0<\/p>\n<\/td>\n<\/tr>\n<tr>\n<td style=\"width: 115px; height: 24px;\">\n<p align=\"center\">Modelo 4XL<\/p>\n<\/td>\n<td style=\"width: 53px; height: 24px;\">\n<p align=\"center\">134,0<\/p>\n<\/td>\n<td style=\"width: 53px; height: 24px;\">\n<p align=\"center\">52,8<\/p>\n<\/td>\n<td style=\"width: 61px; height: 24px;\">\n<p align=\"center\">81,0<\/p>\n<\/td>\n<td style=\"width: 61px; height: 24px;\">\n<p align=\"center\">31,9<\/p>\n<\/td>\n<td style=\"width: 61px; height: 24px;\">\n<p align=\"center\">52,5<\/p>\n<\/td>\n<td style=\"width: 61px; height: 24px;\">\n<p align=\"center\">20,7<\/p>\n<\/td>\n<td style=\"width: 61px; height: 24px;\">\n<p align=\"center\">72,0<\/p>\n<\/td>\n<td style=\"width: 61px; height: 24px;\">\n<p align=\"center\">28,4<\/p>\n<\/td>\n<\/tr>\n<tr>\n<td style=\"width: 589px; height: 27px;\" colspan=\"9\" nowrap=\"nowrap\">\n<p align=\"center\"><span style=\"font-size: 14px;\"><strong>La medici\u00f3n manual tendr\u00e1 una discrepancia de aproximadamente 1-3cm 1 pulgada = 2,54 cm<\/strong><\/span><\/p>\n<\/td>\n<\/tr>\n<\/tbody>\n<\/table>\n<p style=\"text-align: center;\"><img decoding=\"async\" title=\"NaranjaSabor-Chaqueta de oto\u00f1o para hombre, Abrigo con capucha de retazos de camuflaje juvenil, ropa de marca ajustada, 4XL, N548, 2020\" src=\"https:\/\/bodegaoutdoor.cl\/store\/wp-content\/uploads\/2022\/05\/55453-y6voi2.jpg\" alt=\"NaranjaSabor-Chaqueta de oto\u00f1o para hombre, Abrigo con capucha de retazos de camuflaje juvenil, ropa de marca ajustada, 4XL, N548, 2020\" width=\"800\" height=\"45\" \/><\/p>\n<p style=\"text-align: center;\"><img decoding=\"async\" title=\"NaranjaSabor-Chaqueta de oto\u00f1o para hombre, Abrigo con capucha de retazos de camuflaje juvenil, ropa de marca ajustada, 4XL, N548, 2020\" src=\"https:\/\/bodegaoutdoor.cl\/store\/wp-content\/uploads\/2022\/05\/55453-zhaaci.jpg\" alt=\"NaranjaSabor-Chaqueta de oto\u00f1o para hombre, Abrigo con capucha de retazos de camuflaje juvenil, ropa de marca ajustada, 4XL, N548, 2020\" \/><\/p>\n<p style=\"text-align: center;\"><img decoding=\"async\" title=\"NaranjaSabor-Chaqueta de oto\u00f1o para hombre, Abrigo con capucha de retazos de camuflaje juvenil, ropa de marca ajustada, 4XL, N548, 2020\" src=\"https:\/\/bodegaoutdoor.cl\/store\/wp-content\/uploads\/2022\/05\/55453-hmm6c4.jpg\" alt=\"NaranjaSabor-Chaqueta de oto\u00f1o para hombre, Abrigo con capucha de retazos de camuflaje juvenil, ropa de marca ajustada, 4XL, N548, 2020\" \/><\/p>\n<p style=\"text-align: center;\"><img decoding=\"async\" title=\"NaranjaSabor-Chaqueta de oto\u00f1o para hombre, Abrigo con capucha de retazos de camuflaje juvenil, ropa de marca ajustada, 4XL, N548, 2020\" src=\"https:\/\/bodegaoutdoor.cl\/store\/wp-content\/uploads\/2022\/05\/55453-jyd0x8.jpg\" alt=\"NaranjaSabor-Chaqueta de oto\u00f1o para hombre, Abrigo con capucha de retazos de camuflaje juvenil, ropa de marca ajustada, 4XL, N548, 2020\" \/><\/p>\n<p style=\"text-align: center;\"><img decoding=\"async\" title=\"NaranjaSabor-Chaqueta de oto\u00f1o para hombre, Abrigo con capucha de retazos de camuflaje juvenil, ropa de marca ajustada, 4XL, N548, 2020\" src=\"https:\/\/bodegaoutdoor.cl\/store\/wp-content\/uploads\/2022\/05\/55453-clxgor.jpg\" alt=\"NaranjaSabor-Chaqueta de oto\u00f1o para hombre, Abrigo con capucha de retazos de camuflaje juvenil, ropa de marca ajustada, 4XL, N548, 2020\" \/><\/p>\n<p style=\"text-align: center;\"><img decoding=\"async\" title=\"NaranjaSabor-Chaqueta de oto\u00f1o para hombre, Abrigo con capucha de retazos de camuflaje juvenil, ropa de marca ajustada, 4XL, N548, 2020\" src=\"https:\/\/bodegaoutdoor.cl\/store\/wp-content\/uploads\/2022\/05\/55453-2stvmx.jpg\" alt=\"NaranjaSabor-Chaqueta de oto\u00f1o para hombre, Abrigo con capucha de retazos de camuflaje juvenil, ropa de marca ajustada, 4XL, N548, 2020\" \/><\/p>\n<p style=\"text-align: center;\"><img decoding=\"async\" title=\"NaranjaSabor-Chaqueta de oto\u00f1o para hombre, Abrigo con capucha de retazos de camuflaje juvenil, ropa de marca ajustada, 4XL, N548, 2020\" src=\"https:\/\/bodegaoutdoor.cl\/store\/wp-content\/uploads\/2022\/05\/55453-pkd8xk.jpg\" alt=\"NaranjaSabor-Chaqueta de oto\u00f1o para hombre, Abrigo con capucha de retazos de camuflaje juvenil, ropa de marca ajustada, 4XL, N548, 2020\" \/><\/p>\n<p style=\"text-align: center;\"><img decoding=\"async\" title=\"NaranjaSabor-Chaqueta de oto\u00f1o para hombre, Abrigo con capucha de retazos de camuflaje juvenil, ropa de marca ajustada, 4XL, N548, 2020\" src=\"https:\/\/bodegaoutdoor.cl\/store\/wp-content\/uploads\/2022\/05\/55453-utzuha.jpg\" alt=\"NaranjaSabor-Chaqueta de oto\u00f1o para hombre, Abrigo con capucha de retazos de camuflaje juvenil, ropa de marca ajustada, 4XL, N548, 2020\" \/><\/p>\n<p style=\"text-align: center;\"><img decoding=\"async\" title=\"NaranjaSabor-Chaqueta de oto\u00f1o para hombre, Abrigo con capucha de retazos de camuflaje juvenil, ropa de marca ajustada, 4XL, N548, 2020\" src=\"https:\/\/bodegaoutdoor.cl\/store\/wp-content\/uploads\/2022\/05\/55453-wmabyd.jpg\" alt=\"NaranjaSabor-Chaqueta de oto\u00f1o para hombre, Abrigo con capucha de retazos de camuflaje juvenil, ropa de marca ajustada, 4XL, N548, 2020\" \/><\/p>\n<p style=\"text-align: center;\"><img decoding=\"async\" title=\"NaranjaSabor-Chaqueta de oto\u00f1o para hombre, Abrigo con capucha de retazos de camuflaje juvenil, ropa de marca ajustada, 4XL, N548, 2020\" src=\"https:\/\/bodegaoutdoor.cl\/store\/wp-content\/uploads\/2022\/05\/55453-e8vqca.jpg\" alt=\"NaranjaSabor-Chaqueta de oto\u00f1o para hombre, Abrigo con capucha de retazos de camuflaje juvenil, ropa de marca ajustada, 4XL, N548, 2020\" width=\"800\" height=\"45\" \/><\/p>\n<p style=\"text-align: center;\"><img decoding=\"async\" title=\"NaranjaSabor-Chaqueta de oto\u00f1o para hombre, Abrigo con capucha de retazos de camuflaje juvenil, ropa de marca ajustada, 4XL, N548, 2020\" src=\"https:\/\/bodegaoutdoor.cl\/store\/wp-content\/uploads\/2022\/05\/55453-7qo3yq.jpg\" alt=\"NaranjaSabor-Chaqueta de oto\u00f1o para hombre, Abrigo con capucha de retazos de camuflaje juvenil, ropa de marca ajustada, 4XL, N548, 2020\" \/><\/p>\n<p style=\"text-align: center;\"><img decoding=\"async\" title=\"NaranjaSabor-Chaqueta de oto\u00f1o para hombre, Abrigo con capucha de retazos de camuflaje juvenil, ropa de marca ajustada, 4XL, N548, 2020\" src=\"https:\/\/bodegaoutdoor.cl\/store\/wp-content\/uploads\/2022\/05\/55453-cr3kxp.jpg\" alt=\"NaranjaSabor-Chaqueta de oto\u00f1o para hombre, Abrigo con capucha de retazos de camuflaje juvenil, ropa de marca ajustada, 4XL, N548, 2020\" \/><\/p>\n<p style=\"text-align: center;\"><img decoding=\"async\" title=\"NaranjaSabor-Chaqueta de oto\u00f1o para hombre, Abrigo con capucha de retazos de camuflaje juvenil, ropa de marca ajustada, 4XL, N548, 2020\" src=\"https:\/\/bodegaoutdoor.cl\/store\/wp-content\/uploads\/2022\/05\/55453-q9je4m.jpg\" alt=\"NaranjaSabor-Chaqueta de oto\u00f1o para hombre, Abrigo con capucha de retazos de camuflaje juvenil, ropa de marca ajustada, 4XL, N548, 2020\" \/><\/p>\n<p style=\"text-align: center;\"><img decoding=\"async\" title=\"NaranjaSabor-Chaqueta de oto\u00f1o para hombre, Abrigo con capucha de retazos de camuflaje juvenil, ropa de marca ajustada, 4XL, N548, 2020\" src=\"https:\/\/bodegaoutdoor.cl\/store\/wp-content\/uploads\/2022\/05\/55453-k9s9ed.jpg\" alt=\"NaranjaSabor-Chaqueta de oto\u00f1o para hombre, Abrigo con capucha de retazos de camuflaje juvenil, ropa de marca ajustada, 4XL, N548, 2020\" \/><\/p>\n<p style=\"text-align: center;\"><img decoding=\"async\" title=\"NaranjaSabor-Chaqueta de oto\u00f1o para hombre, Abrigo con capucha de retazos de camuflaje juvenil, ropa de marca ajustada, 4XL, N548, 2020\" src=\"https:\/\/bodegaoutdoor.cl\/store\/wp-content\/uploads\/2022\/05\/55453-gewwr1.jpg\" alt=\"NaranjaSabor-Chaqueta de oto\u00f1o para hombre, Abrigo con capucha de retazos de camuflaje juvenil, ropa de marca ajustada, 4XL, N548, 2020\" \/><\/p>\n<p style=\"text-align: center;\"><img decoding=\"async\" title=\"NaranjaSabor-Chaqueta de oto\u00f1o para hombre, Abrigo con capucha de retazos de camuflaje juvenil, ropa de marca ajustada, 4XL, N548, 2020\" src=\"https:\/\/bodegaoutdoor.cl\/store\/wp-content\/uploads\/2022\/05\/55453-qdz5b4.jpg\" alt=\"NaranjaSabor-Chaqueta de oto\u00f1o para hombre, Abrigo con capucha de retazos de camuflaje juvenil, ropa de marca ajustada, 4XL, N548, 2020\" \/><\/p>\n<p style=\"text-align: center;\"><img decoding=\"async\" title=\"NaranjaSabor-Chaqueta de oto\u00f1o para hombre, Abrigo con capucha de retazos de camuflaje juvenil, ropa de marca ajustada, 4XL, N548, 2020\" src=\"https:\/\/bodegaoutdoor.cl\/store\/wp-content\/uploads\/2022\/05\/55453-ldloiu.jpg\" alt=\"NaranjaSabor-Chaqueta de oto\u00f1o para hombre, Abrigo con capucha de retazos de camuflaje juvenil, ropa de marca ajustada, 4XL, N548, 2020\" \/><\/p>\n<p style=\"text-align: center;\"><img decoding=\"async\" title=\"NaranjaSabor-Chaqueta de oto\u00f1o para hombre, Abrigo con capucha de retazos de camuflaje juvenil, ropa de marca ajustada, 4XL, N548, 2020\" src=\"https:\/\/bodegaoutdoor.cl\/store\/wp-content\/uploads\/2022\/05\/55453-rffhyr.jpg\" alt=\"NaranjaSabor-Chaqueta de oto\u00f1o para hombre, Abrigo con capucha de retazos de camuflaje juvenil, ropa de marca ajustada, 4XL, N548, 2020\" \/><\/p>\n<p style=\"text-align: center;\">\n<\/div>\n<\/div>\n<div>\n<p style=\"text-align: center;\">\n<\/div>\n\n    <div class=\"xs_social_share_widget xs_share_url after_content \t\tmain_content  wslu-style-1 wslu-share-box-shaped wslu-fill-colored wslu-none wslu-share-horizontal wslu-theme-font-no wslu-main_content\">\n\n\t\t\n        <ul>\n\t\t\t        <\/ul>\n    <\/div> \n","protected":false},"excerpt":{"rendered":"<p>Cuaderno de notas: Vendemos Talla asi\u00e1tica. Es Sobre 2-3 tama\u00f1os m\u00e1s peque\u00f1osTalla de EE. UU., Reino Unido, Australia, ue. Elige la talla de acuerdo con nuestra tabla de tallas. Todas las dimensiones que hemos medido personalmente y lo probamos personalmente. Cuando realices el pedidoDeje el mensaje con su peso (KG\/LB) y altura (CM\/IN). Le ayudaremos [&hellip;]<\/p>\n","protected":false},"featured_media":55478,"comment_status":"open","ping_status":"closed","template":"","meta":{"jetpack_publicize_message":"","jetpack_publicize_feature_enabled":true,"jetpack_social_post_already_shared":true,"jetpack_social_options":{"image_generator_settings":{"template":"highway","enabled":false},"version":2}},"product_brand":[],"product_cat":[62],"product_tag":[],"class_list":{"0":"post-55453","1":"product","2":"type-product","3":"status-publish","4":"has-post-thumbnail","6":"product_cat-vestuario-hombre","8":"first","9":"instock","10":"taxable","11":"shipping-taxable","12":"purchasable","13":"product-type-variable"},"jetpack_publicize_connections":[],"jetpack_sharing_enabled":true,"_links":{"self":[{"href":"https:\/\/bodegaoutdoor.cl\/store\/wp-json\/wp\/v2\/product\/55453","targetHints":{"allow":["GET"]}}],"collection":[{"href":"https:\/\/bodegaoutdoor.cl\/store\/wp-json\/wp\/v2\/product"}],"about":[{"href":"https:\/\/bodegaoutdoor.cl\/store\/wp-json\/wp\/v2\/types\/product"}],"replies":[{"embeddable":true,"href":"https:\/\/bodegaoutdoor.cl\/store\/wp-json\/wp\/v2\/comments?post=55453"}],"version-history":[{"count":2,"href":"https:\/\/bodegaoutdoor.cl\/store\/wp-json\/wp\/v2\/product\/55453\/revisions"}],"predecessor-version":[{"id":70935,"href":"https:\/\/bodegaoutdoor.cl\/store\/wp-json\/wp\/v2\/product\/55453\/revisions\/70935"}],"wp:featuredmedia":[{"embeddable":true,"href":"https:\/\/bodegaoutdoor.cl\/store\/wp-json\/wp\/v2\/media\/55478"}],"wp:attachment":[{"href":"https:\/\/bodegaoutdoor.cl\/store\/wp-json\/wp\/v2\/media?parent=55453"}],"wp:term":[{"taxonomy":"product_brand","embeddable":true,"href":"https:\/\/bodegaoutdoor.cl\/store\/wp-json\/wp\/v2\/product_brand?post=55453"},{"taxonomy":"product_cat","embeddable":true,"href":"https:\/\/bodegaoutdoor.cl\/store\/wp-json\/wp\/v2\/product_cat?post=55453"},{"taxonomy":"product_tag","embeddable":true,"href":"https:\/\/bodegaoutdoor.cl\/store\/wp-json\/wp\/v2\/product_tag?post=55453"}],"curies":[{"name":"wp","href":"https:\/\/api.w.org\/{rel}","templated":true}]}}