{"id":55743,"date":"2022-05-24T14:06:15","date_gmt":"2022-05-24T18:06:15","guid":{"rendered":"https:\/\/bodegaoutdoor.cl\/store\/product\/pantalones-de-camuflaje-bionic-realtree-ropa-de-algodon-puro-pantalones-de-camuflaje-talla-grande\/"},"modified":"2025-05-17T22:00:02","modified_gmt":"2025-05-18T02:00:02","slug":"pantalones-de-camuflaje-waterproof-realtree-material-algodon-100-aprueba-de-agua","status":"publish","type":"product","link":"https:\/\/bodegaoutdoor.cl\/store\/product\/pantalones-de-camuflaje-waterproof-realtree-material-algodon-100-aprueba-de-agua\/","title":{"rendered":"Pantalones de camuflaje Waterproof Realtree, material algod\u00f3n 100% (aprueba de agua)"},"content":{"rendered":"<div>\n<div>Descripciones<\/div>\n<div>1) tejido facial: Algod\u00f3n\/tejido polar<\/div>\n<div>2) material interior: tejido polar<\/div>\n<div>3)Color: patr\u00f3n de camuflaje de La Selva marr\u00f3n (cualquier color est\u00e1 disponible)<\/div>\n<div>4) Marco: fibra de vidrio y alambre de acero<\/div>\n<div>5) Tama\u00f1o:\/M\/L\/XL\/XXL\/XXXL<\/div>\n<div>6) transpirable: S\u00ed<\/div>\n<div>7) resistente al agua: S\u00ed<\/div>\n<div>8) resistente al viento: S\u00ed<\/div>\n<div>9)4 bolsillos con pantalones (2 bolsillos en las piernas\/2 bolsillos normales)<\/div>\n<div><\/div>\n<div>Tama\u00f1o del embalaje: 57*57*7CM<\/div>\n<div>Peso del embalaje: 0,7 kg<\/div>\n<div>Garant\u00eda: 2 a\u00f1os<\/div>\n<\/div>\n<div><\/div>\n<div><img decoding=\"async\" title=\"Pantalones de camuflaje Bionic Realtree, ropa de algod\u00f3n puro, pantalones de camuflaje, talla grande\" src=\"https:\/\/bodegaoutdoor.cl\/store\/wp-content\/uploads\/2022\/05\/55743-4ymuvl.jpg\" alt=\"Pantalones de camuflaje Bionic Realtree, ropa de algod\u00f3n puro, pantalones de camuflaje, talla grande\" \/><\/div>\n<div><img decoding=\"async\" title=\"Pantalones de camuflaje Bionic Realtree, ropa de algod\u00f3n puro, pantalones de camuflaje, talla grande\" src=\"https:\/\/bodegaoutdoor.cl\/store\/wp-content\/uploads\/2022\/05\/55743-gepbdr.jpg\" alt=\"Pantalones de camuflaje Bionic Realtree, ropa de algod\u00f3n puro, pantalones de camuflaje, talla grande\" \/><img decoding=\"async\" title=\"Pantalones de camuflaje Bionic Realtree, ropa de algod\u00f3n puro, pantalones de camuflaje, talla grande\" src=\"https:\/\/bodegaoutdoor.cl\/store\/wp-content\/uploads\/2022\/05\/55743-5ilnoi.jpg\" alt=\"Pantalones de camuflaje Bionic Realtree, ropa de algod\u00f3n puro, pantalones de camuflaje, talla grande\" \/><img decoding=\"async\" title=\"Pantalones de camuflaje Bionic Realtree, ropa de algod\u00f3n puro, pantalones de camuflaje, talla grande\" src=\"https:\/\/bodegaoutdoor.cl\/store\/wp-content\/uploads\/2022\/05\/55743-jukdte.jpg\" alt=\"Pantalones de camuflaje Bionic Realtree, ropa de algod\u00f3n puro, pantalones de camuflaje, talla grande\" \/><img decoding=\"async\" title=\"Pantalones de camuflaje Bionic Realtree, ropa de algod\u00f3n puro, pantalones de camuflaje, talla grande\" src=\"https:\/\/bodegaoutdoor.cl\/store\/wp-content\/uploads\/2022\/05\/55743-q1umbq.jpg\" alt=\"Pantalones de camuflaje Bionic Realtree, ropa de algod\u00f3n puro, pantalones de camuflaje, talla grande\" \/><\/div>\n<div><\/div>\n<div><\/div>\n<div><span style=\"font-size: 48px;\">Algod\u00f3n puro<\/span><\/div>\n<div><span style=\"font-size: 48px;\"><img decoding=\"async\" title=\"Pantalones de camuflaje Bionic Realtree, ropa de algod\u00f3n puro, pantalones de camuflaje, talla grande\" src=\"https:\/\/bodegaoutdoor.cl\/store\/wp-content\/uploads\/2022\/05\/55743-fcgxeb.jpg\" alt=\"Pantalones de camuflaje Bionic Realtree, ropa de algod\u00f3n puro, pantalones de camuflaje, talla grande\" \/><\/span><\/div>\n<div><\/div>\n<div><img decoding=\"async\" title=\"Pantalones de camuflaje Bionic Realtree, ropa de algod\u00f3n puro, pantalones de camuflaje, talla grande\" src=\"https:\/\/bodegaoutdoor.cl\/store\/wp-content\/uploads\/2022\/05\/55743-prolql.jpg\" alt=\"Pantalones de camuflaje Bionic Realtree, ropa de algod\u00f3n puro, pantalones de camuflaje, talla grande\" \/><img decoding=\"async\" title=\"Pantalones de camuflaje Bionic Realtree, ropa de algod\u00f3n puro, pantalones de camuflaje, talla grande\" src=\"https:\/\/bodegaoutdoor.cl\/store\/wp-content\/uploads\/2022\/05\/55743-65x8vp.jpg\" alt=\"Pantalones de camuflaje Bionic Realtree, ropa de algod\u00f3n puro, pantalones de camuflaje, talla grande\" \/><\/div>\n<div><span style=\"font-size: 48px;\">Tela de lana<\/span><\/div>\n<div><img decoding=\"async\" style=\"font-size: 48px;\" title=\"Pantalones de camuflaje Bionic Realtree, ropa de algod\u00f3n puro, pantalones de camuflaje, talla grande\" src=\"https:\/\/bodegaoutdoor.cl\/store\/wp-content\/uploads\/2022\/05\/55743-7bjsey.jpg\" alt=\"Pantalones de camuflaje Bionic Realtree, ropa de algod\u00f3n puro, pantalones de camuflaje, talla grande\" \/><\/div>\n<div><\/div>\n<div><\/div>\n\n    <div class=\"xs_social_share_widget xs_share_url after_content \t\tmain_content  wslu-style-1 wslu-share-box-shaped wslu-fill-colored wslu-none wslu-share-horizontal wslu-theme-font-no wslu-main_content\">\n\n\t\t\n        <ul>\n\t\t\t        <\/ul>\n    <\/div> \n","protected":false},"excerpt":{"rendered":"<div class=\"woocommerce-product-details__short-description\">\n<div class=\"woocommerce-product-details__short-description\">\n<div class=\"woocommerce-product-details__short-description\">\n<div class=\"woocommerce-product-details__short-description\">\n<div class=\"woocommerce-product-details__short-description\">\n<div class=\"woocommerce-product-details__short-description\">\n<div class=\"woocommerce-product-details__short-description\">\n<div class=\"woocommerce-product-details__short-description\">\n<div class=\"woocommerce-product-details__short-description\">\n<div class=\"woocommerce-product-details__short-description\">\n<div class=\"woocommerce-product-details__short-description\">\n<div class=\"woocommerce-product-details__short-description\">\n<div class=\"woocommerce-product-details__short-description\">\n<p><span style=\"color: #ff0000;\"><strong>PRECIO MAYOR M\u00cdNIMO 3 UNIDADES\u00a0 $ 30.000 c\/u<\/strong><\/span><\/p>\n<\/div>\n<\/div>\n<\/div>\n<\/div>\n<\/div>\n<\/div>\n<\/div>\n<\/div>\n<\/div>\n<\/div>\n<\/div>\n<\/div>\n<\/div>\n<p class=\"price\">\n","protected":false},"featured_media":55754,"comment_status":"open","ping_status":"closed","template":"","meta":{"jetpack_publicize_message":"","jetpack_publicize_feature_enabled":true,"jetpack_social_post_already_shared":true,"jetpack_social_options":{"image_generator_settings":{"template":"highway","enabled":false},"version":2}},"product_brand":[],"product_cat":[62],"product_tag":[],"class_list":{"0":"post-55743","1":"product","2":"type-product","3":"status-publish","4":"has-post-thumbnail","6":"product_cat-vestuario-hombre","8":"first","9":"instock","10":"sale","11":"taxable","12":"shipping-taxable","13":"purchasable","14":"product-type-variable"},"jetpack_publicize_connections":[],"jetpack_sharing_enabled":true,"_links":{"self":[{"href":"https:\/\/bodegaoutdoor.cl\/store\/wp-json\/wp\/v2\/product\/55743","targetHints":{"allow":["GET"]}}],"collection":[{"href":"https:\/\/bodegaoutdoor.cl\/store\/wp-json\/wp\/v2\/product"}],"about":[{"href":"https:\/\/bodegaoutdoor.cl\/store\/wp-json\/wp\/v2\/types\/product"}],"replies":[{"embeddable":true,"href":"https:\/\/bodegaoutdoor.cl\/store\/wp-json\/wp\/v2\/comments?post=55743"}],"version-history":[{"count":2,"href":"https:\/\/bodegaoutdoor.cl\/store\/wp-json\/wp\/v2\/product\/55743\/revisions"}],"predecessor-version":[{"id":70934,"href":"https:\/\/bodegaoutdoor.cl\/store\/wp-json\/wp\/v2\/product\/55743\/revisions\/70934"}],"wp:featuredmedia":[{"embeddable":true,"href":"https:\/\/bodegaoutdoor.cl\/store\/wp-json\/wp\/v2\/media\/55754"}],"wp:attachment":[{"href":"https:\/\/bodegaoutdoor.cl\/store\/wp-json\/wp\/v2\/media?parent=55743"}],"wp:term":[{"taxonomy":"product_brand","embeddable":true,"href":"https:\/\/bodegaoutdoor.cl\/store\/wp-json\/wp\/v2\/product_brand?post=55743"},{"taxonomy":"product_cat","embeddable":true,"href":"https:\/\/bodegaoutdoor.cl\/store\/wp-json\/wp\/v2\/product_cat?post=55743"},{"taxonomy":"product_tag","embeddable":true,"href":"https:\/\/bodegaoutdoor.cl\/store\/wp-json\/wp\/v2\/product_tag?post=55743"}],"curies":[{"name":"wp","href":"https:\/\/api.w.org\/{rel}","templated":true}]}}