{"id":56019,"date":"2022-05-26T18:04:01","date_gmt":"2022-05-26T22:04:01","guid":{"rendered":"https:\/\/bodegaoutdoor.cl\/store\/product\/tad-pantalones-impermeables-de-piel-de-tiburon-para-hombre-calzas-de-lana-para-exteriores-senderismo-escalada-camuflaje-cs-caza-ejercito-militar\/"},"modified":"2023-05-04T19:18:46","modified_gmt":"2023-05-04T23:18:46","slug":"pantalon-cargo-impermeables-softshell-para-hombre-outdoor-montana-trabajo","status":"publish","type":"product","link":"https:\/\/bodegaoutdoor.cl\/store\/product\/pantalon-cargo-impermeables-softshell-para-hombre-outdoor-montana-trabajo\/","title":{"rendered":"Pantalon cargo impermeables Softshell para hombre, Outdoor Monta\u00f1a Trabajo"},"content":{"rendered":"<p style=\"text-align: center;\"><video style=\"max-width: 100%;\" src=\"\/\/cloud.video.taobao.com\/play\/u\/2246659123\/p\/1\/e\/6\/t\/10301\/316470872591.mp4\" poster=\"https:\/\/ae01.alicdn.com\/kf\/H9e8c37f7635549078c3619a234edf6e4b\/TAD-Pantalones-impermeables-de-piel-de-tibur-n-para-hombre-calzas-de-lana-para-exteriores-senderismo.jpg,https:\/\/ae01.alicdn.com\/kf\/Ha6f0fdd44ba8457ba10ffbfc2bbd0a119\/TAD-Pantalones-impermeables-de-piel-de-tibur-n-para-hombre-calzas-de-lana-para-exteriores-senderismo.jpg,https:\/\/ae01.alicdn.com\/kf\/Hca3e1c3263ec41ea8158d7df85e4815f3\/TAD-Pantalones-impermeables-de-piel-de-tibur-n-para-hombre-calzas-de-lana-para-exteriores-senderismo.jpg,https:\/\/ae01.alicdn.com\/kf\/H183f698d894146f0b845ae78aac71503E\/TAD-Pantalones-impermeables-de-piel-de-tibur-n-para-hombre-calzas-de-lana-para-exteriores-senderismo.jpg,https:\/\/ae01.alicdn.com\/kf\/H64393b2d11dd4f38a16c81b2b68d5961r\/TAD-Pantalones-impermeables-de-piel-de-tibur-n-para-hombre-calzas-de-lana-para-exteriores-senderismo.jpg,https:\/\/ae01.alicdn.com\/kf\/H2a93a4ea7ee043baaeb3794ad0aef8beq\/TAD-Pantalones-impermeables-de-piel-de-tibur-n-para-hombre-calzas-de-lana-para-exteriores-senderismo.jpg\" preload=\"auto\" controls=\"controls\" width=\"100%\" height=\"100%\"><\/video><\/p>\n<div>\n<div>\n<div style=\"clear: both;\">\n<p style=\"text-align: center;\">\n<\/div>\n<div>\n<p>&nbsp;<\/p>\n<h1 style=\"text-align: center;\"><span style=\"color: #ff0000;\"><strong><span style=\"font-size: 16.0px;\">Gear-Pantalones t\u00e1cticos impermeables para hombre, pantalones militares de camuflaje, c\u00e1lidos, a prueba de viento, de piel de tibur\u00f3n, caza del ej\u00e9rcito<\/span><\/strong><\/span><\/h1>\n<p><span style=\"font-size: 14.0px;\"><span style=\"color: #ff0000;\"><strong>Caracter\u00edsticas:<\/strong><\/span><\/span><\/p>\n<\/div>\n<div><span style=\"font-family: tahoma , geneva , sans-serif;\"><span style=\"font-size: 16.0px;\">Material: POLI\u00c9STER + algod\u00f3n, forro polar en el interior<\/span><\/span><\/div>\n<div><span style=\"font-family: tahoma , geneva , sans-serif;\"><span style=\"font-size: 16.0px;\">Caracter\u00edsticas: impermeable, resistente al viento, t\u00e9rmico, Softshell, Camuflaje&#8230;<\/span><\/span><\/div>\n<div><span style=\"font-family: tahoma , geneva , sans-serif;\"><span style=\"font-size: 16.0px;\">Temporada: invierno, primavera, oto\u00f1o (forro polar interior, t\u00e9rmico para invierno).<\/span><\/span><\/div>\n<div><span style=\"font-family: tahoma , geneva , sans-serif;\"><span style=\"font-size: 16.0px;\">Tama\u00f1o: la tabla de tallas es la siguiente, elija seg\u00fan la talla de su cuerpo. Hay un margen de error de 1-2cm, si no est\u00e1 seguro del tama\u00f1o, env\u00edeme la informaci\u00f3n de su altura, peso y cintura, te ayudar\u00e9 a elegir la talla correcta. \u00a1Gracias!<\/span><\/span><\/div>\n<p style=\"text-align: center;\"><img decoding=\"async\" title=\"TAD-Pantalones impermeables de piel de tibur\u00f3n para hombre, calzas de lana para exteriores, senderismo, escalada, Camuflaje CS, caza, ej\u00e9rcito militar\" src=\"https:\/\/bodegaoutdoor.cl\/store\/wp-content\/uploads\/2022\/05\/56019-5x5kmu.jpg\" alt=\"TAD-Pantalones impermeables de piel de tibur\u00f3n para hombre, calzas de lana para exteriores, senderismo, escalada, Camuflaje CS, caza, ej\u00e9rcito militar\" \/> <img decoding=\"async\" title=\"TAD-Pantalones impermeables de piel de tibur\u00f3n para hombre, calzas de lana para exteriores, senderismo, escalada, Camuflaje CS, caza, ej\u00e9rcito militar\" src=\"https:\/\/bodegaoutdoor.cl\/store\/wp-content\/uploads\/2022\/05\/56019-hu7zpm.jpg\" alt=\"TAD-Pantalones impermeables de piel de tibur\u00f3n para hombre, calzas de lana para exteriores, senderismo, escalada, Camuflaje CS, caza, ej\u00e9rcito militar\" \/><br \/>\n<img decoding=\"async\" title=\"TAD-Pantalones impermeables de piel de tibur\u00f3n para hombre, calzas de lana para exteriores, senderismo, escalada, Camuflaje CS, caza, ej\u00e9rcito militar\" src=\"https:\/\/bodegaoutdoor.cl\/store\/wp-content\/uploads\/2022\/05\/56019-n249tm.jpg\" alt=\"TAD-Pantalones impermeables de piel de tibur\u00f3n para hombre, calzas de lana para exteriores, senderismo, escalada, Camuflaje CS, caza, ej\u00e9rcito militar\" \/><\/p>\n<p><img decoding=\"async\" title=\"TAD-Pantalones impermeables de piel de tibur\u00f3n para hombre, calzas de lana para exteriores, senderismo, escalada, Camuflaje CS, caza, ej\u00e9rcito militar\" src=\"https:\/\/bodegaoutdoor.cl\/store\/wp-content\/uploads\/2022\/05\/56019-pvmurz.jpg\" alt=\"TAD-Pantalones impermeables de piel de tibur\u00f3n para hombre, calzas de lana para exteriores, senderismo, escalada, Camuflaje CS, caza, ej\u00e9rcito militar\" \/><img decoding=\"async\" title=\"TAD-Pantalones impermeables de piel de tibur\u00f3n para hombre, calzas de lana para exteriores, senderismo, escalada, Camuflaje CS, caza, ej\u00e9rcito militar\" src=\"https:\/\/bodegaoutdoor.cl\/store\/wp-content\/uploads\/2022\/05\/56019-gbwjiy.jpg\" alt=\"TAD-Pantalones impermeables de piel de tibur\u00f3n para hombre, calzas de lana para exteriores, senderismo, escalada, Camuflaje CS, caza, ej\u00e9rcito militar\" \/><img decoding=\"async\" title=\"TAD-Pantalones impermeables de piel de tibur\u00f3n para hombre, calzas de lana para exteriores, senderismo, escalada, Camuflaje CS, caza, ej\u00e9rcito militar\" src=\"https:\/\/bodegaoutdoor.cl\/store\/wp-content\/uploads\/2022\/05\/56019-jhy2x4.jpg\" alt=\"TAD-Pantalones impermeables de piel de tibur\u00f3n para hombre, calzas de lana para exteriores, senderismo, escalada, Camuflaje CS, caza, ej\u00e9rcito militar\" \/><img decoding=\"async\" style=\"width: 800.0px; height: 695.0px;\" title=\"TAD-Pantalones impermeables de piel de tibur\u00f3n para hombre, calzas de lana para exteriores, senderismo, escalada, Camuflaje CS, caza, ej\u00e9rcito militar\" src=\"https:\/\/bodegaoutdoor.cl\/store\/wp-content\/uploads\/2022\/05\/56019-goddlm.jpg\" alt=\"TAD-Pantalones impermeables de piel de tibur\u00f3n para hombre, calzas de lana para exteriores, senderismo, escalada, Camuflaje CS, caza, ej\u00e9rcito militar\" \/><img decoding=\"async\" style=\"width: 800.0px; height: 722.0px;\" title=\"TAD-Pantalones impermeables de piel de tibur\u00f3n para hombre, calzas de lana para exteriores, senderismo, escalada, Camuflaje CS, caza, ej\u00e9rcito militar\" src=\"https:\/\/bodegaoutdoor.cl\/store\/wp-content\/uploads\/2022\/05\/56019-g06x4i.jpg\" alt=\"TAD-Pantalones impermeables de piel de tibur\u00f3n para hombre, calzas de lana para exteriores, senderismo, escalada, Camuflaje CS, caza, ej\u00e9rcito militar\" \/><img decoding=\"async\" style=\"width: 800.0px; height: 725.0px;\" title=\"TAD-Pantalones impermeables de piel de tibur\u00f3n para hombre, calzas de lana para exteriores, senderismo, escalada, Camuflaje CS, caza, ej\u00e9rcito militar\" src=\"https:\/\/bodegaoutdoor.cl\/store\/wp-content\/uploads\/2022\/05\/56019-871maz.jpg\" alt=\"TAD-Pantalones impermeables de piel de tibur\u00f3n para hombre, calzas de lana para exteriores, senderismo, escalada, Camuflaje CS, caza, ej\u00e9rcito militar\" \/><img decoding=\"async\" style=\"width: 800.0px; height: 720.0px;\" title=\"TAD-Pantalones impermeables de piel de tibur\u00f3n para hombre, calzas de lana para exteriores, senderismo, escalada, Camuflaje CS, caza, ej\u00e9rcito militar\" src=\"https:\/\/bodegaoutdoor.cl\/store\/wp-content\/uploads\/2022\/05\/56019-bdtl3l.jpg\" alt=\"TAD-Pantalones impermeables de piel de tibur\u00f3n para hombre, calzas de lana para exteriores, senderismo, escalada, Camuflaje CS, caza, ej\u00e9rcito militar\" \/><img decoding=\"async\" style=\"width: 800.0px; height: 723.0px;\" title=\"TAD-Pantalones impermeables de piel de tibur\u00f3n para hombre, calzas de lana para exteriores, senderismo, escalada, Camuflaje CS, caza, ej\u00e9rcito militar\" src=\"https:\/\/bodegaoutdoor.cl\/store\/wp-content\/uploads\/2022\/05\/56019-3oizgp.jpg\" alt=\"TAD-Pantalones impermeables de piel de tibur\u00f3n para hombre, calzas de lana para exteriores, senderismo, escalada, Camuflaje CS, caza, ej\u00e9rcito militar\" \/><img decoding=\"async\" style=\"width: 800.0px; height: 723.0px;\" title=\"TAD-Pantalones impermeables de piel de tibur\u00f3n para hombre, calzas de lana para exteriores, senderismo, escalada, Camuflaje CS, caza, ej\u00e9rcito militar\" src=\"https:\/\/bodegaoutdoor.cl\/store\/wp-content\/uploads\/2022\/05\/56019-aqvkva.jpg\" alt=\"TAD-Pantalones impermeables de piel de tibur\u00f3n para hombre, calzas de lana para exteriores, senderismo, escalada, Camuflaje CS, caza, ej\u00e9rcito militar\" \/><img decoding=\"async\" style=\"width: 800.0px; height: 723.0px;\" title=\"TAD-Pantalones impermeables de piel de tibur\u00f3n para hombre, calzas de lana para exteriores, senderismo, escalada, Camuflaje CS, caza, ej\u00e9rcito militar\" src=\"https:\/\/bodegaoutdoor.cl\/store\/wp-content\/uploads\/2022\/05\/56019-swdyxf.jpg\" alt=\"TAD-Pantalones impermeables de piel de tibur\u00f3n para hombre, calzas de lana para exteriores, senderismo, escalada, Camuflaje CS, caza, ej\u00e9rcito militar\" \/><img decoding=\"async\" style=\"width: 800.0px; height: 720.0px;\" title=\"TAD-Pantalones impermeables de piel de tibur\u00f3n para hombre, calzas de lana para exteriores, senderismo, escalada, Camuflaje CS, caza, ej\u00e9rcito militar\" src=\"https:\/\/bodegaoutdoor.cl\/store\/wp-content\/uploads\/2022\/05\/56019-3v03p9.jpg\" alt=\"TAD-Pantalones impermeables de piel de tibur\u00f3n para hombre, calzas de lana para exteriores, senderismo, escalada, Camuflaje CS, caza, ej\u00e9rcito militar\" \/><img decoding=\"async\" style=\"width: 800.0px; height: 732.0px;\" title=\"TAD-Pantalones impermeables de piel de tibur\u00f3n para hombre, calzas de lana para exteriores, senderismo, escalada, Camuflaje CS, caza, ej\u00e9rcito militar\" src=\"https:\/\/bodegaoutdoor.cl\/store\/wp-content\/uploads\/2022\/05\/56019-cjq0al.jpg\" alt=\"TAD-Pantalones impermeables de piel de tibur\u00f3n para hombre, calzas de lana para exteriores, senderismo, escalada, Camuflaje CS, caza, ej\u00e9rcito militar\" \/><img decoding=\"async\" style=\"width: 800.0px; height: 732.0px;\" title=\"TAD-Pantalones impermeables de piel de tibur\u00f3n para hombre, calzas de lana para exteriores, senderismo, escalada, Camuflaje CS, caza, ej\u00e9rcito militar\" src=\"https:\/\/bodegaoutdoor.cl\/store\/wp-content\/uploads\/2022\/05\/56019-duqqrb.jpg\" alt=\"TAD-Pantalones impermeables de piel de tibur\u00f3n para hombre, calzas de lana para exteriores, senderismo, escalada, Camuflaje CS, caza, ej\u00e9rcito militar\" \/><img decoding=\"async\" style=\"width: 800.0px; height: 700.0px;\" title=\"TAD-Pantalones impermeables de piel de tibur\u00f3n para hombre, calzas de lana para exteriores, senderismo, escalada, Camuflaje CS, caza, ej\u00e9rcito militar\" src=\"https:\/\/bodegaoutdoor.cl\/store\/wp-content\/uploads\/2022\/05\/56019-qhrei6.jpg\" alt=\"TAD-Pantalones impermeables de piel de tibur\u00f3n para hombre, calzas de lana para exteriores, senderismo, escalada, Camuflaje CS, caza, ej\u00e9rcito militar\" \/><img decoding=\"async\" style=\"width: 800.0px; height: 682.0px;\" title=\"TAD-Pantalones impermeables de piel de tibur\u00f3n para hombre, calzas de lana para exteriores, senderismo, escalada, Camuflaje CS, caza, ej\u00e9rcito militar\" src=\"https:\/\/bodegaoutdoor.cl\/store\/wp-content\/uploads\/2022\/05\/56019-sshure.jpg\" alt=\"TAD-Pantalones impermeables de piel de tibur\u00f3n para hombre, calzas de lana para exteriores, senderismo, escalada, Camuflaje CS, caza, ej\u00e9rcito militar\" \/><\/p>\n<p style=\"text-align: center;\"><img decoding=\"async\" title=\"TAD-Pantalones impermeables de piel de tibur\u00f3n para hombre, calzas de lana para exteriores, senderismo, escalada, Camuflaje CS, caza, ej\u00e9rcito militar\" src=\"https:\/\/bodegaoutdoor.cl\/store\/wp-content\/uploads\/2022\/05\/56019-d4qxiz.jpg\" alt=\"TAD-Pantalones impermeables de piel de tibur\u00f3n para hombre, calzas de lana para exteriores, senderismo, escalada, Camuflaje CS, caza, ej\u00e9rcito militar\" \/><img decoding=\"async\" style=\"width: 800.0px; height: 657.0px;\" title=\"TAD-Pantalones impermeables de piel de tibur\u00f3n para hombre, calzas de lana para exteriores, senderismo, escalada, Camuflaje CS, caza, ej\u00e9rcito militar\" src=\"https:\/\/bodegaoutdoor.cl\/store\/wp-content\/uploads\/2022\/05\/56019-grrzsl.jpg\" alt=\"TAD-Pantalones impermeables de piel de tibur\u00f3n para hombre, calzas de lana para exteriores, senderismo, escalada, Camuflaje CS, caza, ej\u00e9rcito militar\" \/><img decoding=\"async\" style=\"width: 800.0px; height: 640.0px;\" title=\"TAD-Pantalones impermeables de piel de tibur\u00f3n para hombre, calzas de lana para exteriores, senderismo, escalada, Camuflaje CS, caza, ej\u00e9rcito militar\" src=\"https:\/\/bodegaoutdoor.cl\/store\/wp-content\/uploads\/2022\/05\/56019-lplg7k.jpg\" alt=\"TAD-Pantalones impermeables de piel de tibur\u00f3n para hombre, calzas de lana para exteriores, senderismo, escalada, Camuflaje CS, caza, ej\u00e9rcito militar\" \/><img decoding=\"async\" style=\"width: 800.0px; height: 640.0px;\" title=\"TAD-Pantalones impermeables de piel de tibur\u00f3n para hombre, calzas de lana para exteriores, senderismo, escalada, Camuflaje CS, caza, ej\u00e9rcito militar\" src=\"https:\/\/bodegaoutdoor.cl\/store\/wp-content\/uploads\/2022\/05\/56019-qd7luq.jpg\" alt=\"TAD-Pantalones impermeables de piel de tibur\u00f3n para hombre, calzas de lana para exteriores, senderismo, escalada, Camuflaje CS, caza, ej\u00e9rcito militar\" \/><img decoding=\"async\" style=\"width: 800.0px; height: 640.0px;\" title=\"TAD-Pantalones impermeables de piel de tibur\u00f3n para hombre, calzas de lana para exteriores, senderismo, escalada, Camuflaje CS, caza, ej\u00e9rcito militar\" src=\"https:\/\/bodegaoutdoor.cl\/store\/wp-content\/uploads\/2022\/05\/56019-lywjoq.jpg\" alt=\"TAD-Pantalones impermeables de piel de tibur\u00f3n para hombre, calzas de lana para exteriores, senderismo, escalada, Camuflaje CS, caza, ej\u00e9rcito militar\" \/><img decoding=\"async\" title=\"TAD-Pantalones impermeables de piel de tibur\u00f3n para hombre, calzas de lana para exteriores, senderismo, escalada, Camuflaje CS, caza, ej\u00e9rcito militar\" src=\"https:\/\/bodegaoutdoor.cl\/store\/wp-content\/uploads\/2022\/05\/56019-6ahdoi.jpg\" alt=\"TAD-Pantalones impermeables de piel de tibur\u00f3n para hombre, calzas de lana para exteriores, senderismo, escalada, Camuflaje CS, caza, ej\u00e9rcito militar\" \/><img decoding=\"async\" style=\"width: 800.0px; height: 542.0px;\" title=\"TAD-Pantalones impermeables de piel de tibur\u00f3n para hombre, calzas de lana para exteriores, senderismo, escalada, Camuflaje CS, caza, ej\u00e9rcito militar\" src=\"https:\/\/bodegaoutdoor.cl\/store\/wp-content\/uploads\/2022\/05\/56019-thf7ll.jpg\" alt=\"TAD-Pantalones impermeables de piel de tibur\u00f3n para hombre, calzas de lana para exteriores, senderismo, escalada, Camuflaje CS, caza, ej\u00e9rcito militar\" \/><img decoding=\"async\" style=\"width: 800.0px; height: 542.0px;\" title=\"TAD-Pantalones impermeables de piel de tibur\u00f3n para hombre, calzas de lana para exteriores, senderismo, escalada, Camuflaje CS, caza, ej\u00e9rcito militar\" src=\"https:\/\/bodegaoutdoor.cl\/store\/wp-content\/uploads\/2022\/05\/56019-apuoet.jpg\" alt=\"TAD-Pantalones impermeables de piel de tibur\u00f3n para hombre, calzas de lana para exteriores, senderismo, escalada, Camuflaje CS, caza, ej\u00e9rcito militar\" \/><img decoding=\"async\" style=\"width: 800.0px; height: 542.0px;\" title=\"TAD-Pantalones impermeables de piel de tibur\u00f3n para hombre, calzas de lana para exteriores, senderismo, escalada, Camuflaje CS, caza, ej\u00e9rcito militar\" src=\"https:\/\/bodegaoutdoor.cl\/store\/wp-content\/uploads\/2022\/05\/56019-0ckwn9.jpg\" alt=\"TAD-Pantalones impermeables de piel de tibur\u00f3n para hombre, calzas de lana para exteriores, senderismo, escalada, Camuflaje CS, caza, ej\u00e9rcito militar\" \/><img decoding=\"async\" style=\"width: 800.0px; height: 542.0px;\" title=\"TAD-Pantalones impermeables de piel de tibur\u00f3n para hombre, calzas de lana para exteriores, senderismo, escalada, Camuflaje CS, caza, ej\u00e9rcito militar\" src=\"https:\/\/bodegaoutdoor.cl\/store\/wp-content\/uploads\/2022\/05\/56019-sx2bce.jpg\" alt=\"TAD-Pantalones impermeables de piel de tibur\u00f3n para hombre, calzas de lana para exteriores, senderismo, escalada, Camuflaje CS, caza, ej\u00e9rcito militar\" \/><img decoding=\"async\" style=\"width: 800.0px; height: 542.0px;\" title=\"TAD-Pantalones impermeables de piel de tibur\u00f3n para hombre, calzas de lana para exteriores, senderismo, escalada, Camuflaje CS, caza, ej\u00e9rcito militar\" src=\"https:\/\/bodegaoutdoor.cl\/store\/wp-content\/uploads\/2022\/05\/56019-8zbwvc.jpg\" alt=\"TAD-Pantalones impermeables de piel de tibur\u00f3n para hombre, calzas de lana para exteriores, senderismo, escalada, Camuflaje CS, caza, ej\u00e9rcito militar\" \/><img decoding=\"async\" style=\"width: 800.0px; height: 542.0px;\" title=\"TAD-Pantalones impermeables de piel de tibur\u00f3n para hombre, calzas de lana para exteriores, senderismo, escalada, Camuflaje CS, caza, ej\u00e9rcito militar\" src=\"https:\/\/bodegaoutdoor.cl\/store\/wp-content\/uploads\/2022\/05\/56019-z2hfl1.jpg\" alt=\"TAD-Pantalones impermeables de piel de tibur\u00f3n para hombre, calzas de lana para exteriores, senderismo, escalada, Camuflaje CS, caza, ej\u00e9rcito militar\" \/><img decoding=\"async\" style=\"width: 800.0px; height: 542.0px;\" title=\"TAD-Pantalones impermeables de piel de tibur\u00f3n para hombre, calzas de lana para exteriores, senderismo, escalada, Camuflaje CS, caza, ej\u00e9rcito militar\" src=\"https:\/\/bodegaoutdoor.cl\/store\/wp-content\/uploads\/2022\/05\/56019-xiadg0.jpg\" alt=\"TAD-Pantalones impermeables de piel de tibur\u00f3n para hombre, calzas de lana para exteriores, senderismo, escalada, Camuflaje CS, caza, ej\u00e9rcito militar\" \/><img decoding=\"async\" style=\"width: 800.0px; height: 542.0px;\" title=\"TAD-Pantalones impermeables de piel de tibur\u00f3n para hombre, calzas de lana para exteriores, senderismo, escalada, Camuflaje CS, caza, ej\u00e9rcito militar\" src=\"https:\/\/bodegaoutdoor.cl\/store\/wp-content\/uploads\/2022\/05\/56019-ynezi9.jpg\" alt=\"TAD-Pantalones impermeables de piel de tibur\u00f3n para hombre, calzas de lana para exteriores, senderismo, escalada, Camuflaje CS, caza, ej\u00e9rcito militar\" \/><\/p>\n<p>&nbsp;<\/p>\n<p>&nbsp;<\/p>\n<\/div>\n<\/div>\n\n    <div class=\"xs_social_share_widget xs_share_url after_content \t\tmain_content  wslu-style-1 wslu-share-box-shaped wslu-fill-colored wslu-none wslu-share-horizontal wslu-theme-font-no wslu-main_content\">\n\n\t\t\n        <ul>\n\t\t\t        <\/ul>\n    <\/div> \n","protected":false},"excerpt":{"rendered":"<p>&nbsp; Gear-Pantalones t\u00e1cticos impermeables para hombre, pantalones militares de camuflaje, c\u00e1lidos, a prueba de viento, de piel de tibur\u00f3n, caza del ej\u00e9rcito Caracter\u00edsticas: Material: POLI\u00c9STER + algod\u00f3n, forro polar en el interior Caracter\u00edsticas: impermeable, resistente al viento, t\u00e9rmico, Softshell, Camuflaje&#8230; Temporada: invierno, primavera, oto\u00f1o (forro polar interior, t\u00e9rmico para invierno). Tama\u00f1o: la tabla de tallas [&hellip;]<\/p>\n","protected":false},"featured_media":56140,"comment_status":"open","ping_status":"closed","template":"","meta":{"jetpack_publicize_message":"","jetpack_publicize_feature_enabled":true,"jetpack_social_post_already_shared":true,"jetpack_social_options":{"image_generator_settings":{"template":"highway","enabled":false},"version":2}},"product_brand":[],"product_cat":[190,62],"product_tag":[1282,2558,826,827,2044,828],"class_list":{"0":"post-56019","1":"product","2":"type-product","3":"status-publish","4":"has-post-thumbnail","6":"product_cat-pantalones-hombre","7":"product_cat-vestuario-hombre","8":"product_tag-impermeable","9":"product_tag-pantalon","10":"product_tag-polar","11":"product_tag-softshell","12":"product_tag-tactico","13":"product_tag-termico","15":"first","16":"instock","17":"sale","18":"taxable","19":"shipping-taxable","20":"purchasable","21":"product-type-variable"},"jetpack_publicize_connections":[],"jetpack_sharing_enabled":true,"_links":{"self":[{"href":"https:\/\/bodegaoutdoor.cl\/store\/wp-json\/wp\/v2\/product\/56019","targetHints":{"allow":["GET"]}}],"collection":[{"href":"https:\/\/bodegaoutdoor.cl\/store\/wp-json\/wp\/v2\/product"}],"about":[{"href":"https:\/\/bodegaoutdoor.cl\/store\/wp-json\/wp\/v2\/types\/product"}],"replies":[{"embeddable":true,"href":"https:\/\/bodegaoutdoor.cl\/store\/wp-json\/wp\/v2\/comments?post=56019"}],"version-history":[{"count":2,"href":"https:\/\/bodegaoutdoor.cl\/store\/wp-json\/wp\/v2\/product\/56019\/revisions"}],"predecessor-version":[{"id":70932,"href":"https:\/\/bodegaoutdoor.cl\/store\/wp-json\/wp\/v2\/product\/56019\/revisions\/70932"}],"wp:featuredmedia":[{"embeddable":true,"href":"https:\/\/bodegaoutdoor.cl\/store\/wp-json\/wp\/v2\/media\/56140"}],"wp:attachment":[{"href":"https:\/\/bodegaoutdoor.cl\/store\/wp-json\/wp\/v2\/media?parent=56019"}],"wp:term":[{"taxonomy":"product_brand","embeddable":true,"href":"https:\/\/bodegaoutdoor.cl\/store\/wp-json\/wp\/v2\/product_brand?post=56019"},{"taxonomy":"product_cat","embeddable":true,"href":"https:\/\/bodegaoutdoor.cl\/store\/wp-json\/wp\/v2\/product_cat?post=56019"},{"taxonomy":"product_tag","embeddable":true,"href":"https:\/\/bodegaoutdoor.cl\/store\/wp-json\/wp\/v2\/product_tag?post=56019"}],"curies":[{"name":"wp","href":"https:\/\/api.w.org\/{rel}","templated":true}]}}