{"id":56304,"date":"2022-05-31T11:47:24","date_gmt":"2022-05-31T15:47:24","guid":{"rendered":"https:\/\/bodegaoutdoor.cl\/store\/product\/tabla-paddle-surf-hinchable-tabla-de-surf-ultraligera-kit-de-reparacion-de-bomba-de-aire-correa-de-pie\/"},"modified":"2023-05-04T19:18:46","modified_gmt":"2023-05-04T23:18:46","slug":"tabla-paddle-surf-hinchable-tabla-de-surf-ultraligera","status":"publish","type":"product","link":"https:\/\/bodegaoutdoor.cl\/store\/product\/tabla-paddle-surf-hinchable-tabla-de-surf-ultraligera\/","title":{"rendered":"Tabla paddle surf hinchable Tabla de Surf ultraligera"},"content":{"rendered":"<p style=\"text-align: center;\"><video style=\"max-width: 100%;\" src=\"\/\/cloud.video.taobao.com\/play\/u\/2208399602838\/p\/1\/e\/6\/t\/10301\/1100013621511.mp4\" poster=\"https:\/\/ae01.alicdn.com\/kf\/H10519423d2114187a3d47d125345e670A\/Tabla-paddle-surf-hinchable-Tabla-de-Surf-ultraligera-Kit-de-reparaci-n-de-bomba-de-aire.jpg,https:\/\/ae01.alicdn.com\/kf\/Hc5e2aceb7f994f3a91c62a4092ce91d7Z\/Tabla-paddle-surf-hinchable-Tabla-de-Surf-ultraligera-Kit-de-reparaci-n-de-bomba-de-aire.jpg,https:\/\/ae01.alicdn.com\/kf\/Hb86e2fe75b6c4d808cd255486e45b0e39\/Tabla-paddle-surf-hinchable-Tabla-de-Surf-ultraligera-Kit-de-reparaci-n-de-bomba-de-aire.jpg,https:\/\/ae01.alicdn.com\/kf\/H3b42a17c0b354f6e9d3eb1fe356f9b19R\/Tabla-paddle-surf-hinchable-Tabla-de-Surf-ultraligera-Kit-de-reparaci-n-de-bomba-de-aire.jpg,https:\/\/ae01.alicdn.com\/kf\/H7fad20fe72fd4b04b9e09aed2b6e7ae0Q\/Tabla-paddle-surf-hinchable-Tabla-de-Surf-ultraligera-Kit-de-reparaci-n-de-bomba-de-aire.jpg,https:\/\/ae01.alicdn.com\/kf\/Hd21c93ce588a41d1869f85964ff9a638f\/Tabla-paddle-surf-hinchable-Tabla-de-Surf-ultraligera-Kit-de-reparaci-n-de-bomba-de-aire.jpg\" preload=\"auto\" controls=\"controls\" width=\"100%\" height=\"100%\"><\/video><\/p>\n<div>\n<div><\/div>\n<div>\n<div style=\"font-family: Arial, Helvetica, sans-serif; font-size: 12px; line-height: 150%;\">\n<p style=\"font-size: 24px; font-weight: bold; line-height: 30px; margin-bottom: 6px;\"><img fetchpriority=\"high\" decoding=\"async\" title=\"Tabla paddle surf hinchable Tabla de Surf ultraligera, Kit de reparaci\u00f3n de bomba de aire, correa de pie\" src=\"https:\/\/bodegaoutdoor.cl\/store\/wp-content\/uploads\/2022\/05\/56304-lscnmy.jpg\" alt=\"Tabla paddle surf hinchable Tabla de Surf ultraligera, Kit de reparaci\u00f3n de bomba de aire, correa de pie\" width=\"1000\" height=\"95\" \/><\/p>\n<p><strong>Caracter\u00edsticas:<\/strong><\/p>\n<p>Construido con material de PVC duradero, alta resistencia y durabilidad duradera.<\/p>\n<p>La construcci\u00f3n estable de la aleta caudal logra una excelente capacidad de equilibrio, confiable y segura.<br \/>\nCuerda de pie segura para encontrar f\u00e1cil y r\u00e1pidamente su tabla de paddle cuando cae al agua.<br \/>\nCuerda fija de almacenamiento para guardar c\u00f3modamente las necesidades y manejar para facilitar su transporte.<\/p>\n<p>La almohadilla de cubierta de EVA suave antideslizante mejora en gran medida la estabilidad y la seguridad mientras est\u00e1 de pie.<br \/>\nSe infla y desinfla r\u00e1pidamente para que sea f\u00e1cil de transportar y almacenar con la bolsa de transporte.<\/p>\n<p>Ampliamente utilizado en el oc\u00e9ano, Lago y r\u00edo, soporta tanto agua dulce como agua salada.<\/p>\n<p><strong>Especificaciones:<\/strong><br \/>\n<strong>[Tabla de surf]<\/strong><\/p>\n<p>Material: PVC<br \/>\nTama\u00f1o: 3,2 m<br \/>\nAncho: 76cm \/ 30 pulgadas<\/p>\n<p>Grosor: 15cm\/pulgadas<\/p>\n<p>Presi\u00f3n de aire sugerida: 12-15PSI<br \/>\nPeso neto: 8kg\/17,6 LB 9,2 kg\/20,3 LB 10kg \/ 22lb<\/p>\n<p><strong>[Paleta]<\/strong><\/p>\n<p>Material: aleaci\u00f3n de aluminio + nailon + fibra de vidrio<\/p>\n<p>Longitud: 167-226cm\/65,7-89 pulgadas<\/p>\n<p>Tama\u00f1o: 44*22cm\/17,3 * 8.7in<\/p>\n<p>Di\u00e1metro: 29mm<\/p>\n<p>Grosor: 1,3mm<br \/>\nPeso: 1kg\/2,2lb<\/p>\n<p><strong>[Aleta trasera]<\/strong><\/p>\n<p>Altura: 21,5 cm<\/p>\n<p>Ancho: 4cm\/pulgadas<\/p>\n<p>Tama\u00f1o del paquete: 85*45*20cm\/33,5*17,7 * LB<\/p>\n<p>Peso del paquete: 12,6 kg\/13,6 LB 14,6 kg \/ 30lb kg\/lb<\/p>\n<p><strong>Lista del paquete:<\/strong><\/p>\n<p>1 X Tabla de Paddle<\/p>\n<p>1 * juego de paletas<\/p>\n<p>1 * aleta trasera<\/p>\n<p>1 * cuerda de pie<\/p>\n<p>1 * inflador<\/p>\n<p>1 * herramienta de reparaci\u00f3n<\/p>\n<div><\/div>\n<p style=\"margin-bottom: 6px; margin-top: 6px;\"><img decoding=\"async\" title=\"Tabla paddle surf hinchable Tabla de Surf ultraligera, Kit de reparaci\u00f3n de bomba de aire, correa de pie\" src=\"https:\/\/bodegaoutdoor.cl\/store\/wp-content\/uploads\/2022\/05\/56304-mwri2a.jpg\" alt=\"Tabla paddle surf hinchable Tabla de Surf ultraligera, Kit de reparaci\u00f3n de bomba de aire, correa de pie\" width=\"1000\" height=\"87\" \/><\/p>\n<p><img decoding=\"async\" title=\"Tabla paddle surf hinchable Tabla de Surf ultraligera, Kit de reparaci\u00f3n de bomba de aire, correa de pie\" src=\"https:\/\/bodegaoutdoor.cl\/store\/wp-content\/uploads\/2022\/05\/56304-qz2ez1.jpg\" alt=\"Tabla paddle surf hinchable Tabla de Surf ultraligera, Kit de reparaci\u00f3n de bomba de aire, correa de pie\" \/><br \/>\n<img decoding=\"async\" title=\"Tabla paddle surf hinchable Tabla de Surf ultraligera, Kit de reparaci\u00f3n de bomba de aire, correa de pie\" src=\"https:\/\/bodegaoutdoor.cl\/store\/wp-content\/uploads\/2022\/05\/56304-xbusvz.jpg\" alt=\"Tabla paddle surf hinchable Tabla de Surf ultraligera, Kit de reparaci\u00f3n de bomba de aire, correa de pie\" \/><br \/>\n<img decoding=\"async\" title=\"Tabla paddle surf hinchable Tabla de Surf ultraligera, Kit de reparaci\u00f3n de bomba de aire, correa de pie\" src=\"https:\/\/bodegaoutdoor.cl\/store\/wp-content\/uploads\/2022\/05\/56304-dafyyq.jpg\" alt=\"Tabla paddle surf hinchable Tabla de Surf ultraligera, Kit de reparaci\u00f3n de bomba de aire, correa de pie\" \/><br \/>\n<img decoding=\"async\" title=\"Tabla paddle surf hinchable Tabla de Surf ultraligera, Kit de reparaci\u00f3n de bomba de aire, correa de pie\" src=\"https:\/\/bodegaoutdoor.cl\/store\/wp-content\/uploads\/2022\/05\/56304-y5dp9c.jpg\" alt=\"Tabla paddle surf hinchable Tabla de Surf ultraligera, Kit de reparaci\u00f3n de bomba de aire, correa de pie\" \/><br \/>\n<img decoding=\"async\" title=\"Tabla paddle surf hinchable Tabla de Surf ultraligera, Kit de reparaci\u00f3n de bomba de aire, correa de pie\" src=\"https:\/\/bodegaoutdoor.cl\/store\/wp-content\/uploads\/2022\/05\/56304-gbfsk4.jpg\" alt=\"Tabla paddle surf hinchable Tabla de Surf ultraligera, Kit de reparaci\u00f3n de bomba de aire, correa de pie\" \/><br \/>\n<img decoding=\"async\" title=\"Tabla paddle surf hinchable Tabla de Surf ultraligera, Kit de reparaci\u00f3n de bomba de aire, correa de pie\" src=\"https:\/\/bodegaoutdoor.cl\/store\/wp-content\/uploads\/2022\/05\/56304-qx9smd.jpg\" alt=\"Tabla paddle surf hinchable Tabla de Surf ultraligera, Kit de reparaci\u00f3n de bomba de aire, correa de pie\" \/><br \/>\n<img decoding=\"async\" title=\"Tabla paddle surf hinchable Tabla de Surf ultraligera, Kit de reparaci\u00f3n de bomba de aire, correa de pie\" src=\"https:\/\/bodegaoutdoor.cl\/store\/wp-content\/uploads\/2022\/05\/56304-tlq2bv.jpg\" alt=\"Tabla paddle surf hinchable Tabla de Surf ultraligera, Kit de reparaci\u00f3n de bomba de aire, correa de pie\" \/><br \/>\n<img decoding=\"async\" title=\"Tabla paddle surf hinchable Tabla de Surf ultraligera, Kit de reparaci\u00f3n de bomba de aire, correa de pie\" src=\"https:\/\/bodegaoutdoor.cl\/store\/wp-content\/uploads\/2022\/05\/56304-fg2zzu.jpg\" alt=\"Tabla paddle surf hinchable Tabla de Surf ultraligera, Kit de reparaci\u00f3n de bomba de aire, correa de pie\" \/><br \/>\n<img decoding=\"async\" title=\"Tabla paddle surf hinchable Tabla de Surf ultraligera, Kit de reparaci\u00f3n de bomba de aire, correa de pie\" src=\"https:\/\/bodegaoutdoor.cl\/store\/wp-content\/uploads\/2022\/05\/56304-8fbkef.jpg\" alt=\"Tabla paddle surf hinchable Tabla de Surf ultraligera, Kit de reparaci\u00f3n de bomba de aire, correa de pie\" \/><br \/>\n<img decoding=\"async\" title=\"Tabla paddle surf hinchable Tabla de Surf ultraligera, Kit de reparaci\u00f3n de bomba de aire, correa de pie\" src=\"https:\/\/bodegaoutdoor.cl\/store\/wp-content\/uploads\/2022\/05\/56304-fdhnxo.jpg\" alt=\"Tabla paddle surf hinchable Tabla de Surf ultraligera, Kit de reparaci\u00f3n de bomba de aire, correa de pie\" \/><br \/>\n<img decoding=\"async\" title=\"Tabla paddle surf hinchable Tabla de Surf ultraligera, Kit de reparaci\u00f3n de bomba de aire, correa de pie\" src=\"https:\/\/bodegaoutdoor.cl\/store\/wp-content\/uploads\/2022\/05\/56304-zy6y2w.jpg\" alt=\"Tabla paddle surf hinchable Tabla de Surf ultraligera, Kit de reparaci\u00f3n de bomba de aire, correa de pie\" \/><br \/>\n<img decoding=\"async\" title=\"Tabla paddle surf hinchable Tabla de Surf ultraligera, Kit de reparaci\u00f3n de bomba de aire, correa de pie\" src=\"https:\/\/bodegaoutdoor.cl\/store\/wp-content\/uploads\/2022\/05\/56304-m1cqqc.jpg\" alt=\"Tabla paddle surf hinchable Tabla de Surf ultraligera, Kit de reparaci\u00f3n de bomba de aire, correa de pie\" \/><br \/>\n<img decoding=\"async\" title=\"Tabla paddle surf hinchable Tabla de Surf ultraligera, Kit de reparaci\u00f3n de bomba de aire, correa de pie\" src=\"https:\/\/bodegaoutdoor.cl\/store\/wp-content\/uploads\/2022\/05\/56304-6bewtq.jpg\" alt=\"Tabla paddle surf hinchable Tabla de Surf ultraligera, Kit de reparaci\u00f3n de bomba de aire, correa de pie\" \/><br \/>\n<img decoding=\"async\" title=\"Tabla paddle surf hinchable Tabla de Surf ultraligera, Kit de reparaci\u00f3n de bomba de aire, correa de pie\" src=\"https:\/\/bodegaoutdoor.cl\/store\/wp-content\/uploads\/2022\/05\/56304-qig2so.jpg\" alt=\"Tabla paddle surf hinchable Tabla de Surf ultraligera, Kit de reparaci\u00f3n de bomba de aire, correa de pie\" \/><\/p>\n<div style=\"margin-bottom: 6px; margin-top: 6px;\">\n<p>&nbsp;<\/p>\n<p>&nbsp;<\/p>\n<p>&nbsp;<\/p>\n<p>&nbsp;<\/p>\n<p>&nbsp;<\/p>\n<div><\/div>\n<\/div>\n<p>&nbsp;<\/p>\n<\/div>\n<div><\/div>\n<\/div>\n<p>&nbsp;<\/p>\n<\/div>\n\n    <div class=\"xs_social_share_widget xs_share_url after_content \t\tmain_content  wslu-style-1 wslu-share-box-shaped wslu-fill-colored wslu-none wslu-share-horizontal wslu-theme-font-no wslu-main_content\">\n\n\t\t\n        <ul>\n\t\t\t        <\/ul>\n    <\/div> \n","protected":false},"excerpt":{"rendered":"<p>Caracter\u00edsticas: Construido con material de PVC duradero, alta resistencia y durabilidad duradera. La construcci\u00f3n estable de la aleta caudal logra una excelente capacidad de equilibrio, confiable y segura. Cuerda de pie segura para encontrar f\u00e1cil y r\u00e1pidamente su tabla de paddle cuando cae al agua. Cuerda fija de almacenamiento para guardar c\u00f3modamente las necesidades y [&hellip;]<\/p>\n","protected":false},"featured_media":56339,"comment_status":"open","ping_status":"closed","template":"","meta":{"jetpack_publicize_message":"","jetpack_publicize_feature_enabled":true,"jetpack_social_post_already_shared":true,"jetpack_social_options":{"image_generator_settings":{"template":"highway","enabled":false},"version":2}},"product_brand":[],"product_cat":[15],"product_tag":[481,3422,3423],"class_list":{"0":"post-56304","1":"product","2":"type-product","3":"status-publish","4":"has-post-thumbnail","6":"product_cat-otros","7":"product_tag-outdoor","8":"product_tag-paddle","9":"product_tag-surf","11":"first","12":"instock","13":"sale","14":"taxable","15":"shipping-taxable","16":"purchasable","17":"product-type-variable"},"jetpack_publicize_connections":[],"jetpack_sharing_enabled":true,"_links":{"self":[{"href":"https:\/\/bodegaoutdoor.cl\/store\/wp-json\/wp\/v2\/product\/56304","targetHints":{"allow":["GET"]}}],"collection":[{"href":"https:\/\/bodegaoutdoor.cl\/store\/wp-json\/wp\/v2\/product"}],"about":[{"href":"https:\/\/bodegaoutdoor.cl\/store\/wp-json\/wp\/v2\/types\/product"}],"replies":[{"embeddable":true,"href":"https:\/\/bodegaoutdoor.cl\/store\/wp-json\/wp\/v2\/comments?post=56304"}],"version-history":[{"count":2,"href":"https:\/\/bodegaoutdoor.cl\/store\/wp-json\/wp\/v2\/product\/56304\/revisions"}],"predecessor-version":[{"id":70930,"href":"https:\/\/bodegaoutdoor.cl\/store\/wp-json\/wp\/v2\/product\/56304\/revisions\/70930"}],"wp:featuredmedia":[{"embeddable":true,"href":"https:\/\/bodegaoutdoor.cl\/store\/wp-json\/wp\/v2\/media\/56339"}],"wp:attachment":[{"href":"https:\/\/bodegaoutdoor.cl\/store\/wp-json\/wp\/v2\/media?parent=56304"}],"wp:term":[{"taxonomy":"product_brand","embeddable":true,"href":"https:\/\/bodegaoutdoor.cl\/store\/wp-json\/wp\/v2\/product_brand?post=56304"},{"taxonomy":"product_cat","embeddable":true,"href":"https:\/\/bodegaoutdoor.cl\/store\/wp-json\/wp\/v2\/product_cat?post=56304"},{"taxonomy":"product_tag","embeddable":true,"href":"https:\/\/bodegaoutdoor.cl\/store\/wp-json\/wp\/v2\/product_tag?post=56304"}],"curies":[{"name":"wp","href":"https:\/\/api.w.org\/{rel}","templated":true}]}}