{"id":5683,"date":"2020-07-17T06:27:51","date_gmt":"2020-07-17T06:27:51","guid":{"rendered":"https:\/\/bodegaoutdoor.cl\/store\/product\/airsoft-tactical-single-point-pistola-pistola-primavera-lanyard-sling-caza-disparos-equipo-de-combate-del-ejercito-de-la-correa-de-liberacion-rapida\/"},"modified":"2023-05-04T19:19:38","modified_gmt":"2023-05-04T23:19:38","slug":"airsoft-tactical-single-point-pistola-pistola-primavera-lanyard-sling-caza-disparos-equipo-de-combate-del-ejercito-de-la-correa-de-liberacion-rapida","status":"publish","type":"product","link":"https:\/\/bodegaoutdoor.cl\/store\/product\/airsoft-tactical-single-point-pistola-pistola-primavera-lanyard-sling-caza-disparos-equipo-de-combate-del-ejercito-de-la-correa-de-liberacion-rapida\/","title":{"rendered":"Airsoft Tactical Single Pistola Sling Ej\u00e9rcito Liberaci\u00f3n R\u00e1pida"},"content":{"rendered":"<p><img decoding=\"async\" title=\"Airsoft Tactical Single Point Pistola Pistola Primavera Lanyard Sling Caza Disparos Equipo de Combate Del Ej\u00e9rcito de La Correa de Liberaci\u00f3n R\u00e1pida\" src=\"https:\/\/bodegaoutdoor.cl\/store\/wp-content\/uploads\/2020\/07\/5683-ldk1jy.jpg\" alt=\"Airsoft Tactical Single Point Pistola Pistola Primavera Lanyard Sling Caza Disparos Equipo de Combate Del Ej\u00e9rcito de La Correa de Liberaci\u00f3n R\u00e1pida\" \/><img decoding=\"async\" title=\"Airsoft Tactical Single Point Pistola Pistola Primavera Lanyard Sling Caza Disparos Equipo de Combate Del Ej\u00e9rcito de La Correa de Liberaci\u00f3n R\u00e1pida\" src=\"https:\/\/bodegaoutdoor.cl\/store\/wp-content\/uploads\/2020\/07\/5683-guzftg.jpg\" alt=\"Airsoft Tactical Single Point Pistola Pistola Primavera Lanyard Sling Caza Disparos Equipo de Combate Del Ej\u00e9rcito de La Correa de Liberaci\u00f3n R\u00e1pida\" \/><img decoding=\"async\" title=\"Airsoft Tactical Single Point Pistola Pistola Primavera Lanyard Sling Caza Disparos Equipo de Combate Del Ej\u00e9rcito de La Correa de Liberaci\u00f3n R\u00e1pida\" src=\"https:\/\/bodegaoutdoor.cl\/store\/wp-content\/uploads\/2020\/07\/5683-fbaif7.jpg\" alt=\"Airsoft Tactical Single Point Pistola Pistola Primavera Lanyard Sling Caza Disparos Equipo de Combate Del Ej\u00e9rcito de La Correa de Liberaci\u00f3n R\u00e1pida\" \/><img decoding=\"async\" title=\"Airsoft Tactical Single Point Pistola Pistola Primavera Lanyard Sling Caza Disparos Equipo de Combate Del Ej\u00e9rcito de La Correa de Liberaci\u00f3n R\u00e1pida\" src=\"https:\/\/bodegaoutdoor.cl\/store\/wp-content\/uploads\/2020\/07\/5683-hqg0xh.jpg\" alt=\"Airsoft Tactical Single Point Pistola Pistola Primavera Lanyard Sling Caza Disparos Equipo de Combate Del Ej\u00e9rcito de La Correa de Liberaci\u00f3n R\u00e1pida\" \/><img decoding=\"async\" title=\"Airsoft Tactical Single Point Pistola Pistola Primavera Lanyard Sling Caza Disparos Equipo de Combate Del Ej\u00e9rcito de La Correa de Liberaci\u00f3n R\u00e1pida\" src=\"https:\/\/bodegaoutdoor.cl\/store\/wp-content\/uploads\/2020\/07\/5683-duklav.jpg\" alt=\"Airsoft Tactical Single Point Pistola Pistola Primavera Lanyard Sling Caza Disparos Equipo de Combate Del Ej\u00e9rcito de La Correa de Liberaci\u00f3n R\u00e1pida\" \/><img decoding=\"async\" class=\"alignleft\" title=\"Airsoft Tactical Single Point Pistola Pistola Primavera Lanyard Sling Caza Disparos Equipo de Combate Del Ej\u00e9rcito de La Correa de Liberaci\u00f3n R\u00e1pida\" src=\"https:\/\/bodegaoutdoor.cl\/store\/wp-content\/uploads\/2020\/07\/5683-kfuy7p.jpg\" alt=\"Airsoft Tactical Single Point Pistola Pistola Primavera Lanyard Sling Caza Disparos Equipo de Combate Del Ej\u00e9rcito de La Correa de Liberaci\u00f3n R\u00e1pida\" \/><\/p>\n<p>&nbsp;<\/p>\n\n    <div class=\"xs_social_share_widget xs_share_url after_content \t\tmain_content  wslu-style-1 wslu-share-box-shaped wslu-fill-colored wslu-none wslu-share-horizontal wslu-theme-font-no wslu-main_content\">\n\n\t\t\n        <ul>\n\t\t\t        <\/ul>\n    <\/div> \n","protected":false},"excerpt":{"rendered":"<p>&nbsp;<\/p>\n","protected":false},"featured_media":5866,"comment_status":"open","ping_status":"closed","template":"","meta":{"jetpack_publicize_message":"","jetpack_publicize_feature_enabled":true,"jetpack_social_post_already_shared":true,"jetpack_social_options":{"image_generator_settings":{"template":"highway","enabled":false},"version":2}},"product_brand":[],"product_cat":[15,487],"product_tag":[],"class_list":{"0":"post-5683","1":"product","2":"type-product","3":"status-publish","4":"has-post-thumbnail","6":"product_cat-otros","7":"product_cat-airsoft","9":"first","10":"instock","11":"sale","12":"taxable","13":"shipping-taxable","14":"purchasable","15":"product-type-variable"},"jetpack_publicize_connections":[],"jetpack_sharing_enabled":true,"_links":{"self":[{"href":"https:\/\/bodegaoutdoor.cl\/store\/wp-json\/wp\/v2\/product\/5683","targetHints":{"allow":["GET"]}}],"collection":[{"href":"https:\/\/bodegaoutdoor.cl\/store\/wp-json\/wp\/v2\/product"}],"about":[{"href":"https:\/\/bodegaoutdoor.cl\/store\/wp-json\/wp\/v2\/types\/product"}],"replies":[{"embeddable":true,"href":"https:\/\/bodegaoutdoor.cl\/store\/wp-json\/wp\/v2\/comments?post=5683"}],"version-history":[{"count":2,"href":"https:\/\/bodegaoutdoor.cl\/store\/wp-json\/wp\/v2\/product\/5683\/revisions"}],"predecessor-version":[{"id":71352,"href":"https:\/\/bodegaoutdoor.cl\/store\/wp-json\/wp\/v2\/product\/5683\/revisions\/71352"}],"wp:featuredmedia":[{"embeddable":true,"href":"https:\/\/bodegaoutdoor.cl\/store\/wp-json\/wp\/v2\/media\/5866"}],"wp:attachment":[{"href":"https:\/\/bodegaoutdoor.cl\/store\/wp-json\/wp\/v2\/media?parent=5683"}],"wp:term":[{"taxonomy":"product_brand","embeddable":true,"href":"https:\/\/bodegaoutdoor.cl\/store\/wp-json\/wp\/v2\/product_brand?post=5683"},{"taxonomy":"product_cat","embeddable":true,"href":"https:\/\/bodegaoutdoor.cl\/store\/wp-json\/wp\/v2\/product_cat?post=5683"},{"taxonomy":"product_tag","embeddable":true,"href":"https:\/\/bodegaoutdoor.cl\/store\/wp-json\/wp\/v2\/product_tag?post=5683"}],"curies":[{"name":"wp","href":"https:\/\/api.w.org\/{rel}","templated":true}]}}