{"id":5688,"date":"2020-07-17T06:27:56","date_gmt":"2020-07-17T06:27:56","guid":{"rendered":"https:\/\/bodegaoutdoor.cl\/store\/product\/6094-chaleco-tactico-molle-900d-nylon-cuerpo-armadura-caza-placa-portador-airsoft-094k-m4-bolsa-combate-equipo-multicam\/"},"modified":"2023-05-04T19:19:38","modified_gmt":"2023-05-04T23:19:38","slug":"6094-chaleco-tactico-molle-900d-nylon-cuerpo-armadura-caza-placa-portador-airsoft-094k-m4-bolsa-combate-equipo-multicam","status":"publish","type":"product","link":"https:\/\/bodegaoutdoor.cl\/store\/product\/6094-chaleco-tactico-molle-900d-nylon-cuerpo-armadura-caza-placa-portador-airsoft-094k-m4-bolsa-combate-equipo-multicam\/","title":{"rendered":"Chaleco t\u00e1ctico Molle 900D Nylon Outdoor Airsoft 094K M4 Multicam"},"content":{"rendered":"<p style=\"text-align: center;\"><video style=\"max-width: 100%;\" src=\"\/\/cloud.video.taobao.com\/play\/u\/2201501253513\/p\/1\/e\/6\/t\/10301\/239076456362.mp4\" poster=\"https:\/\/ae01.alicdn.com\/kf\/H089e7ea1199f47d49e1f54744848333bA\/6094-chaleco-t-ctico-Molle-900D-Nylon-cuerpo-armadura-caza-placa-portador-Airsoft-094K-M4-bolsa.jpg,https:\/\/ae01.alicdn.com\/kf\/H8374f894bbec45b3862639258240d0bcU\/6094-chaleco-t-ctico-Molle-900D-Nylon-cuerpo-armadura-caza-placa-portador-Airsoft-094K-M4-bolsa.jpg,https:\/\/ae01.alicdn.com\/kf\/H40ea1b9e10a44ed085b27f4b7a518f744\/6094-chaleco-t-ctico-Molle-900D-Nylon-cuerpo-armadura-caza-placa-portador-Airsoft-094K-M4-bolsa.jpg,https:\/\/ae01.alicdn.com\/kf\/Hd758bd80de374d3eb48ca5708044ea33i\/6094-chaleco-t-ctico-Molle-900D-Nylon-cuerpo-armadura-caza-placa-portador-Airsoft-094K-M4-bolsa.jpg,https:\/\/ae01.alicdn.com\/kf\/H84e90835273541feba6dedcd4cc61f8e2\/6094-chaleco-t-ctico-Molle-900D-Nylon-cuerpo-armadura-caza-placa-portador-Airsoft-094K-M4-bolsa.jpg,https:\/\/ae01.alicdn.com\/kf\/Hd4e18b301264412186dba32dde7db3f21\/6094-chaleco-t-ctico-Molle-900D-Nylon-cuerpo-armadura-caza-placa-portador-Airsoft-094K-M4-bolsa.jpg\" preload=\"auto\" controls=\"controls\" width=\"100%\" height=\"100%\"><\/video><\/p>\n<div>\n<div>\n<p style=\"margin: 0px; line-height: inherit; text-align: left;\"><span style=\"max-width: 100%; font-size: 18px;\"><span style=\"max-width: 100%; font-family: tahoma, geneva, sans-serif;\" data-spm-anchor-id=\"a2g0o.detail.1000023.i0.3b91ba24qtZvG2\">Caracter\u00edsticas:<\/span><\/span><\/p>\n<\/div>\n<p style=\"margin: 0px; line-height: inherit; padding: 0px; font-family: arial; text-align: left;\"><span style=\"max-width: 100%; font-family: tahoma, geneva, sans-serif;\">Hecho de material de nailon de alta calidad 900D, con gran durabilidad<br \/>\nSistema Molle, puede agregar otros art\u00edculos t\u00e1cticos peque\u00f1os<br \/>\nLa parte delantera y trasera tienen un toque m\u00e1gico con un bot\u00f3n de liberaci\u00f3n r\u00e1pida, el hombro del chaleco se puede ajustar<br \/>\nChaleco t\u00e1ctico con doble espuma rellena adicional<\/span><\/p>\n<p>Especificaciones:<br \/>\nMaterial: 900D nailon militar<br \/>\nTama\u00f1o: aproximadamente 11,5X14,5 pulgadas (Ancho x Alto), 29,2&#215;37 cm (Ancho x Alto)<br \/>\nL\u00ednea Wirst: 120cm (Ajuste)<br \/>\nPeso: 1,4 KG<br \/>\nColor: Negro, caqui, verde, CP, ACU<\/p>\n<p style=\"margin: 0px; line-height: inherit; padding: 0px; font-family: arial; text-align: left;\"><span style=\"max-width: 100%; font-family: tahoma, geneva, sans-serif;\"><img decoding=\"async\" title=\"6094 chaleco t\u00e1ctico Molle 900D Nylon cuerpo armadura caza placa portador Airsoft 094K M4 bolsa combate equipo Multicam\" src=\"https:\/\/bodegaoutdoor.cl\/store\/wp-content\/uploads\/2020\/07\/5688-kudaxn.jpg\" alt=\"6094 chaleco t\u00e1ctico Molle 900D Nylon cuerpo armadura caza placa portador Airsoft 094K M4 bolsa combate equipo Multicam\" \/><img decoding=\"async\" title=\"6094 chaleco t\u00e1ctico Molle 900D Nylon cuerpo armadura caza placa portador Airsoft 094K M4 bolsa combate equipo Multicam\" src=\"https:\/\/bodegaoutdoor.cl\/store\/wp-content\/uploads\/2020\/07\/5688-v6dgdi.jpg\" alt=\"6094 chaleco t\u00e1ctico Molle 900D Nylon cuerpo armadura caza placa portador Airsoft 094K M4 bolsa combate equipo Multicam\" \/><img decoding=\"async\" title=\"6094 chaleco t\u00e1ctico Molle 900D Nylon cuerpo armadura caza placa portador Airsoft 094K M4 bolsa combate equipo Multicam\" src=\"https:\/\/bodegaoutdoor.cl\/store\/wp-content\/uploads\/2020\/07\/5688-acazkn.jpg\" alt=\"6094 chaleco t\u00e1ctico Molle 900D Nylon cuerpo armadura caza placa portador Airsoft 094K M4 bolsa combate equipo Multicam\" \/><img decoding=\"async\" title=\"6094 chaleco t\u00e1ctico Molle 900D Nylon cuerpo armadura caza placa portador Airsoft 094K M4 bolsa combate equipo Multicam\" src=\"https:\/\/bodegaoutdoor.cl\/store\/wp-content\/uploads\/2020\/07\/5688-dc4g0t.jpg\" alt=\"6094 chaleco t\u00e1ctico Molle 900D Nylon cuerpo armadura caza placa portador Airsoft 094K M4 bolsa combate equipo Multicam\" \/><img decoding=\"async\" title=\"6094 chaleco t\u00e1ctico Molle 900D Nylon cuerpo armadura caza placa portador Airsoft 094K M4 bolsa combate equipo Multicam\" src=\"https:\/\/bodegaoutdoor.cl\/store\/wp-content\/uploads\/2020\/07\/5688-n8d854.jpg\" alt=\"6094 chaleco t\u00e1ctico Molle 900D Nylon cuerpo armadura caza placa portador Airsoft 094K M4 bolsa combate equipo Multicam\" \/><img decoding=\"async\" title=\"6094 chaleco t\u00e1ctico Molle 900D Nylon cuerpo armadura caza placa portador Airsoft 094K M4 bolsa combate equipo Multicam\" src=\"https:\/\/bodegaoutdoor.cl\/store\/wp-content\/uploads\/2020\/07\/5688-lrtrfj.jpg\" alt=\"6094 chaleco t\u00e1ctico Molle 900D Nylon cuerpo armadura caza placa portador Airsoft 094K M4 bolsa combate equipo Multicam\" \/><img decoding=\"async\" title=\"6094 chaleco t\u00e1ctico Molle 900D Nylon cuerpo armadura caza placa portador Airsoft 094K M4 bolsa combate equipo Multicam\" src=\"https:\/\/bodegaoutdoor.cl\/store\/wp-content\/uploads\/2020\/07\/5688-tnosdo.jpg\" alt=\"6094 chaleco t\u00e1ctico Molle 900D Nylon cuerpo armadura caza placa portador Airsoft 094K M4 bolsa combate equipo Multicam\" \/><img decoding=\"async\" title=\"6094 chaleco t\u00e1ctico Molle 900D Nylon cuerpo armadura caza placa portador Airsoft 094K M4 bolsa combate equipo Multicam\" src=\"https:\/\/bodegaoutdoor.cl\/store\/wp-content\/uploads\/2020\/07\/5688-385cvj.jpg\" alt=\"6094 chaleco t\u00e1ctico Molle 900D Nylon cuerpo armadura caza placa portador Airsoft 094K M4 bolsa combate equipo Multicam\" \/><img decoding=\"async\" title=\"6094 chaleco t\u00e1ctico Molle 900D Nylon cuerpo armadura caza placa portador Airsoft 094K M4 bolsa combate equipo Multicam\" src=\"https:\/\/bodegaoutdoor.cl\/store\/wp-content\/uploads\/2020\/07\/5688-fai5es.jpg\" alt=\"6094 chaleco t\u00e1ctico Molle 900D Nylon cuerpo armadura caza placa portador Airsoft 094K M4 bolsa combate equipo Multicam\" \/><img decoding=\"async\" title=\"6094 chaleco t\u00e1ctico Molle 900D Nylon cuerpo armadura caza placa portador Airsoft 094K M4 bolsa combate equipo Multicam\" src=\"https:\/\/bodegaoutdoor.cl\/store\/wp-content\/uploads\/2020\/07\/5688-0ziiix.jpg\" alt=\"6094 chaleco t\u00e1ctico Molle 900D Nylon cuerpo armadura caza placa portador Airsoft 094K M4 bolsa combate equipo Multicam\" \/><img decoding=\"async\" title=\"6094 chaleco t\u00e1ctico Molle 900D Nylon cuerpo armadura caza placa portador Airsoft 094K M4 bolsa combate equipo Multicam\" src=\"https:\/\/bodegaoutdoor.cl\/store\/wp-content\/uploads\/2020\/07\/5688-d3plnd.jpg\" alt=\"6094 chaleco t\u00e1ctico Molle 900D Nylon cuerpo armadura caza placa portador Airsoft 094K M4 bolsa combate equipo Multicam\" \/><img decoding=\"async\" title=\"6094 chaleco t\u00e1ctico Molle 900D Nylon cuerpo armadura caza placa portador Airsoft 094K M4 bolsa combate equipo Multicam\" src=\"https:\/\/bodegaoutdoor.cl\/store\/wp-content\/uploads\/2020\/07\/5688-anckgi.jpg\" alt=\"6094 chaleco t\u00e1ctico Molle 900D Nylon cuerpo armadura caza placa portador Airsoft 094K M4 bolsa combate equipo Multicam\" \/><img decoding=\"async\" title=\"6094 chaleco t\u00e1ctico Molle 900D Nylon cuerpo armadura caza placa portador Airsoft 094K M4 bolsa combate equipo Multicam\" src=\"https:\/\/bodegaoutdoor.cl\/store\/wp-content\/uploads\/2020\/07\/5688-rxfdtp.jpg\" alt=\"6094 chaleco t\u00e1ctico Molle 900D Nylon cuerpo armadura caza placa portador Airsoft 094K M4 bolsa combate equipo Multicam\" \/><img decoding=\"async\" title=\"6094 chaleco t\u00e1ctico Molle 900D Nylon cuerpo armadura caza placa portador Airsoft 094K M4 bolsa combate equipo Multicam\" src=\"https:\/\/bodegaoutdoor.cl\/store\/wp-content\/uploads\/2020\/07\/5688-pt5zvg.jpg\" alt=\"6094 chaleco t\u00e1ctico Molle 900D Nylon cuerpo armadura caza placa portador Airsoft 094K M4 bolsa combate equipo Multicam\" \/><img decoding=\"async\" title=\"6094 chaleco t\u00e1ctico Molle 900D Nylon cuerpo armadura caza placa portador Airsoft 094K M4 bolsa combate equipo Multicam\" src=\"https:\/\/bodegaoutdoor.cl\/store\/wp-content\/uploads\/2020\/07\/5688-9oxsx9.jpg\" alt=\"6094 chaleco t\u00e1ctico Molle 900D Nylon cuerpo armadura caza placa portador Airsoft 094K M4 bolsa combate equipo Multicam\" \/><img decoding=\"async\" title=\"6094 chaleco t\u00e1ctico Molle 900D Nylon cuerpo armadura caza placa portador Airsoft 094K M4 bolsa combate equipo Multicam\" src=\"https:\/\/bodegaoutdoor.cl\/store\/wp-content\/uploads\/2020\/07\/5688-thtkjx.jpg\" alt=\"6094 chaleco t\u00e1ctico Molle 900D Nylon cuerpo armadura caza placa portador Airsoft 094K M4 bolsa combate equipo Multicam\" \/><img decoding=\"async\" title=\"6094 chaleco t\u00e1ctico Molle 900D Nylon cuerpo armadura caza placa portador Airsoft 094K M4 bolsa combate equipo Multicam\" src=\"https:\/\/bodegaoutdoor.cl\/store\/wp-content\/uploads\/2020\/07\/5688-ktvmvg.jpg\" alt=\"6094 chaleco t\u00e1ctico Molle 900D Nylon cuerpo armadura caza placa portador Airsoft 094K M4 bolsa combate equipo Multicam\" \/><img decoding=\"async\" title=\"6094 chaleco t\u00e1ctico Molle 900D Nylon cuerpo armadura caza placa portador Airsoft 094K M4 bolsa combate equipo Multicam\" src=\"https:\/\/bodegaoutdoor.cl\/store\/wp-content\/uploads\/2020\/07\/5688-38kikm.jpg\" alt=\"6094 chaleco t\u00e1ctico Molle 900D Nylon cuerpo armadura caza placa portador Airsoft 094K M4 bolsa combate equipo Multicam\" \/><\/span><\/p>\n<\/div>\n\n    <div class=\"xs_social_share_widget xs_share_url after_content \t\tmain_content  wslu-style-1 wslu-share-box-shaped wslu-fill-colored wslu-none wslu-share-horizontal wslu-theme-font-no wslu-main_content\">\n\n\t\t\n        <ul>\n\t\t\t        <\/ul>\n    <\/div> \n","protected":false},"excerpt":{"rendered":"<p>Caracter\u00edsticas: Hecho de material de nailon de alta calidad 900D, con gran durabilidad Sistema Molle, puede agregar otros art\u00edculos t\u00e1cticos peque\u00f1os La parte delantera y trasera tienen un toque m\u00e1gico con un bot\u00f3n de liberaci\u00f3n r\u00e1pida, el hombro del chaleco se puede ajustar Chaleco t\u00e1ctico con doble espuma rellena adicional Especificaciones: Material: 900D nailon militar [&hellip;]<\/p>\n","protected":false},"featured_media":5894,"comment_status":"open","ping_status":"closed","template":"","meta":{"jetpack_publicize_message":"","jetpack_publicize_feature_enabled":true,"jetpack_social_post_already_shared":true,"jetpack_social_options":{"image_generator_settings":{"template":"highway","enabled":false},"version":2}},"product_brand":[],"product_cat":[15,487],"product_tag":[],"class_list":{"0":"post-5688","1":"product","2":"type-product","3":"status-publish","4":"has-post-thumbnail","6":"product_cat-otros","7":"product_cat-airsoft","9":"first","10":"instock","11":"sale","12":"taxable","13":"shipping-taxable","14":"purchasable","15":"product-type-variable"},"jetpack_publicize_connections":[],"jetpack_sharing_enabled":true,"_links":{"self":[{"href":"https:\/\/bodegaoutdoor.cl\/store\/wp-json\/wp\/v2\/product\/5688","targetHints":{"allow":["GET"]}}],"collection":[{"href":"https:\/\/bodegaoutdoor.cl\/store\/wp-json\/wp\/v2\/product"}],"about":[{"href":"https:\/\/bodegaoutdoor.cl\/store\/wp-json\/wp\/v2\/types\/product"}],"replies":[{"embeddable":true,"href":"https:\/\/bodegaoutdoor.cl\/store\/wp-json\/wp\/v2\/comments?post=5688"}],"version-history":[{"count":2,"href":"https:\/\/bodegaoutdoor.cl\/store\/wp-json\/wp\/v2\/product\/5688\/revisions"}],"predecessor-version":[{"id":71351,"href":"https:\/\/bodegaoutdoor.cl\/store\/wp-json\/wp\/v2\/product\/5688\/revisions\/71351"}],"wp:featuredmedia":[{"embeddable":true,"href":"https:\/\/bodegaoutdoor.cl\/store\/wp-json\/wp\/v2\/media\/5894"}],"wp:attachment":[{"href":"https:\/\/bodegaoutdoor.cl\/store\/wp-json\/wp\/v2\/media?parent=5688"}],"wp:term":[{"taxonomy":"product_brand","embeddable":true,"href":"https:\/\/bodegaoutdoor.cl\/store\/wp-json\/wp\/v2\/product_brand?post=5688"},{"taxonomy":"product_cat","embeddable":true,"href":"https:\/\/bodegaoutdoor.cl\/store\/wp-json\/wp\/v2\/product_cat?post=5688"},{"taxonomy":"product_tag","embeddable":true,"href":"https:\/\/bodegaoutdoor.cl\/store\/wp-json\/wp\/v2\/product_tag?post=5688"}],"curies":[{"name":"wp","href":"https:\/\/api.w.org\/{rel}","templated":true}]}}