{"id":5695,"date":"2020-07-17T06:28:06","date_gmt":"2020-07-17T06:28:06","guid":{"rendered":"https:\/\/bodegaoutdoor.cl\/store\/product\/gafas-de-paintball-tacticas-de-alta-calidad-para-caza-gafas-de-malla-de-alambre-de-acero-airsoft-gafas-de-red-resistente-a-los-golpes-protector-de-ojos\/"},"modified":"2023-05-04T19:19:38","modified_gmt":"2023-05-04T23:19:38","slug":"gafas-de-paintball-de-alta-calidad-caza-malla-airsoft-resistente-a-los-golpes","status":"publish","type":"product","link":"https:\/\/bodegaoutdoor.cl\/store\/product\/gafas-de-paintball-de-alta-calidad-caza-malla-airsoft-resistente-a-los-golpes\/","title":{"rendered":"Gafas de Paintball de alta calidad, malla Airsoft, resistente a los golpes"},"content":{"rendered":"<div>\n<div><strong style=\"font-family: arial, helvetica, sans-serif;\">Especificaci\u00f3n:<\/strong><\/div>\n<\/div>\n<div>\n<ul>\n<li><span style=\"font-family: arial , helvetica , sans-serif; font-size: 16.0px;\">Nuevo y de alta calidad<\/span><\/li>\n<li><span style=\"font-family: arial , helvetica , sans-serif; font-size: 16.0px;\">Material: malla de alambre de acero + PVC<\/span><\/li>\n<li><span style=\"font-family: arial , helvetica , sans-serif; font-size: 16.0px;\">Color: verde militar, negro, tostado<\/span><\/li>\n<li><span style=\"font-family: arial , helvetica , sans-serif; font-size: 16.0px;\">Grosor de la lente: aprox. 2mm<\/span><\/li>\n<\/ul>\n<p><span style=\"font-family: arial , helvetica , sans-serif; font-size: 16.0px;\"><strong>Caracter\u00edsticas:<\/strong><\/span><\/p>\n<ul>\n<li><span style=\"font-family: arial , helvetica , sans-serif; font-size: 16.0px;\">Cintur\u00f3n correa el\u00e1stico ajustable<\/span><\/li>\n<li><span style=\"font-family: arial , helvetica , sans-serif; font-size: 16.0px;\">Malla met\u00e1lica, protege tus ojos de insectos y heridas por ramas de \u00e1rboles en el bosque de Campo<\/span><\/li>\n<li><span style=\"font-family: arial , helvetica , sans-serif; font-size: 16.0px;\">Puede evitar que la arena entre 0,2mm y 0,3mm entre<\/span><\/li>\n<li><span style=\"font-family: arial , helvetica , sans-serif; font-size: 16.0px;\">Perfectamente equipado para disparar escaramuzas, esqu\u00ed, montar, actividades al aire libre, uso de caza<\/span><\/li>\n<\/ul>\n<p><span style=\"font-family: arial , helvetica , sans-serif; font-size: 16.0px;\"><strong>Crisol de grafito mini horno de oro de la antorcha de fusi\u00f3n del metal:<\/strong><\/span><\/p>\n<ul>\n<li><span style=\"color: #ff0000;\"><strong><span style=\"font-family: arial , helvetica , sans-serif; font-size: 16.0px;\">1 gafas protectoras de malla met\u00e1lica<\/span><\/strong><\/span><\/li>\n<\/ul>\n<p><span style=\"font-family: arial , helvetica , sans-serif; font-size: 16.0px;\"><strong><span style=\"font-family: arial , helvetica , sans-serif; font-size: 16.0px; color: #ff0000;\">Nota:<\/span><\/strong><\/span><\/p>\n<ul>\n<li><span style=\"color: #ff0000; font-family: arial , helvetica , sans-serif; font-size: 16.0px;\">Puede haber errores de 1-2mm debido a la medici\u00f3n manual<\/span><\/li>\n<li><span style=\"color: #ff0000; font-family: arial , helvetica , sans-serif; font-size: 16.0px;\">El color del art\u00edculo que se muestra en las fotos puede verse algo diferente en el monitor de tu ordenador, ya que los monitores no est\u00e1n calibrados del mismo modo<\/span><\/li>\n<\/ul>\n<div>\n<p><img decoding=\"async\" title=\"Gafas de Paintball t\u00e1cticas de alta calidad para caza, gafas de malla de alambre de acero Airsoft, gafas de red resistente a los golpes, Protector de ojos\" src=\"https:\/\/bodegaoutdoor.cl\/store\/wp-content\/uploads\/2020\/07\/5695-tmwwgn.jpg\" alt=\"Gafas de Paintball t\u00e1cticas de alta calidad para caza, gafas de malla de alambre de acero Airsoft, gafas de red resistente a los golpes, Protector de ojos\" \/><\/p>\n<p><img decoding=\"async\" title=\"Gafas de Paintball t\u00e1cticas de alta calidad para caza, gafas de malla de alambre de acero Airsoft, gafas de red resistente a los golpes, Protector de ojos\" src=\"https:\/\/bodegaoutdoor.cl\/store\/wp-content\/uploads\/2020\/07\/5695-8utzzt.jpg\" alt=\"Gafas de Paintball t\u00e1cticas de alta calidad para caza, gafas de malla de alambre de acero Airsoft, gafas de red resistente a los golpes, Protector de ojos\" \/><\/p>\n<p><img decoding=\"async\" title=\"Gafas de Paintball t\u00e1cticas de alta calidad para caza, gafas de malla de alambre de acero Airsoft, gafas de red resistente a los golpes, Protector de ojos\" src=\"https:\/\/bodegaoutdoor.cl\/store\/wp-content\/uploads\/2020\/07\/5695-zrtpio.jpg\" alt=\"Gafas de Paintball t\u00e1cticas de alta calidad para caza, gafas de malla de alambre de acero Airsoft, gafas de red resistente a los golpes, Protector de ojos\" \/><\/p>\n<p><img decoding=\"async\" title=\"Gafas de Paintball t\u00e1cticas de alta calidad para caza, gafas de malla de alambre de acero Airsoft, gafas de red resistente a los golpes, Protector de ojos\" src=\"https:\/\/bodegaoutdoor.cl\/store\/wp-content\/uploads\/2020\/07\/5695-pt1ouq.jpg\" alt=\"Gafas de Paintball t\u00e1cticas de alta calidad para caza, gafas de malla de alambre de acero Airsoft, gafas de red resistente a los golpes, Protector de ojos\" \/><\/p>\n<p><img fetchpriority=\"high\" decoding=\"async\" title=\"Gafas de Paintball t\u00e1cticas de alta calidad para caza, gafas de malla de alambre de acero Airsoft, gafas de red resistente a los golpes, Protector de ojos\" src=\"https:\/\/bodegaoutdoor.cl\/store\/wp-content\/uploads\/2020\/07\/5695-87iikl.jpg\" alt=\"Gafas de Paintball t\u00e1cticas de alta calidad para caza, gafas de malla de alambre de acero Airsoft, gafas de red resistente a los golpes, Protector de ojos\" width=\"800\" height=\"800\" \/><\/p>\n<p><img decoding=\"async\" title=\"Gafas de Paintball t\u00e1cticas de alta calidad para caza, gafas de malla de alambre de acero Airsoft, gafas de red resistente a los golpes, Protector de ojos\" src=\"https:\/\/bodegaoutdoor.cl\/store\/wp-content\/uploads\/2020\/07\/5695-o5xigt.jpg\" alt=\"Gafas de Paintball t\u00e1cticas de alta calidad para caza, gafas de malla de alambre de acero Airsoft, gafas de red resistente a los golpes, Protector de ojos\" width=\"800\" height=\"800\" \/><\/p>\n<p><img decoding=\"async\" title=\"Gafas de Paintball t\u00e1cticas de alta calidad para caza, gafas de malla de alambre de acero Airsoft, gafas de red resistente a los golpes, Protector de ojos\" src=\"https:\/\/bodegaoutdoor.cl\/store\/wp-content\/uploads\/2020\/07\/5695-pguicl.jpg\" alt=\"Gafas de Paintball t\u00e1cticas de alta calidad para caza, gafas de malla de alambre de acero Airsoft, gafas de red resistente a los golpes, Protector de ojos\" width=\"800\" height=\"800\" \/><\/p>\n<p><img loading=\"lazy\" decoding=\"async\" title=\"Gafas de Paintball t\u00e1cticas de alta calidad para caza, gafas de malla de alambre de acero Airsoft, gafas de red resistente a los golpes, Protector de ojos\" src=\"https:\/\/bodegaoutdoor.cl\/store\/wp-content\/uploads\/2020\/07\/5695-ntpjql.jpg\" alt=\"Gafas de Paintball t\u00e1cticas de alta calidad para caza, gafas de malla de alambre de acero Airsoft, gafas de red resistente a los golpes, Protector de ojos\" width=\"800\" height=\"800\" \/><\/p>\n<p><img decoding=\"async\" title=\"Gafas de Paintball t\u00e1cticas de alta calidad para caza, gafas de malla de alambre de acero Airsoft, gafas de red resistente a los golpes, Protector de ojos\" src=\"https:\/\/bodegaoutdoor.cl\/store\/wp-content\/uploads\/2020\/07\/5695-th0kkg.jpg\" alt=\"Gafas de Paintball t\u00e1cticas de alta calidad para caza, gafas de malla de alambre de acero Airsoft, gafas de red resistente a los golpes, Protector de ojos\" \/><\/p>\n<p><img loading=\"lazy\" decoding=\"async\" title=\"Gafas de Paintball t\u00e1cticas de alta calidad para caza, gafas de malla de alambre de acero Airsoft, gafas de red resistente a los golpes, Protector de ojos\" src=\"https:\/\/bodegaoutdoor.cl\/store\/wp-content\/uploads\/2020\/07\/5695-st6iqj.jpg\" alt=\"Gafas de Paintball t\u00e1cticas de alta calidad para caza, gafas de malla de alambre de acero Airsoft, gafas de red resistente a los golpes, Protector de ojos\" width=\"800\" height=\"800\" \/><\/p>\n<p><img loading=\"lazy\" decoding=\"async\" title=\"Gafas de Paintball t\u00e1cticas de alta calidad para caza, gafas de malla de alambre de acero Airsoft, gafas de red resistente a los golpes, Protector de ojos\" src=\"https:\/\/bodegaoutdoor.cl\/store\/wp-content\/uploads\/2020\/07\/5695-kon7j9.jpg\" alt=\"Gafas de Paintball t\u00e1cticas de alta calidad para caza, gafas de malla de alambre de acero Airsoft, gafas de red resistente a los golpes, Protector de ojos\" width=\"800\" height=\"800\" \/><\/p>\n<\/div>\n<\/div>\n\n    <div class=\"xs_social_share_widget xs_share_url after_content \t\tmain_content  wslu-style-1 wslu-share-box-shaped wslu-fill-colored wslu-none wslu-share-horizontal wslu-theme-font-no wslu-main_content\">\n\n\t\t\n        <ul>\n\t\t\t        <\/ul>\n    <\/div> \n","protected":false},"excerpt":{"rendered":"<p>Especificaci\u00f3n: Nuevo y de alta calidad Material: malla de alambre de acero + PVC Color: verde militar, negro, tostado Grosor de la lente: aprox. 2mm Caracter\u00edsticas: Cintur\u00f3n correa el\u00e1stico ajustable Malla met\u00e1lica, protege tus ojos de insectos y heridas por ramas de \u00e1rboles en el bosque de Campo Puede evitar que la arena entre 0,2mm [&hellip;]<\/p>\n","protected":false},"featured_media":5939,"comment_status":"open","ping_status":"closed","template":"","meta":{"jetpack_publicize_message":"","jetpack_publicize_feature_enabled":true,"jetpack_social_post_already_shared":true,"jetpack_social_options":{"image_generator_settings":{"template":"highway","enabled":false},"version":2}},"product_brand":[],"product_cat":[15,487,38],"product_tag":[],"class_list":{"0":"post-5695","1":"product","2":"type-product","3":"status-publish","4":"has-post-thumbnail","6":"product_cat-otros","7":"product_cat-airsoft","8":"product_cat-lentes","10":"first","11":"instock","12":"sale","13":"taxable","14":"shipping-taxable","15":"purchasable","16":"product-type-variable"},"jetpack_publicize_connections":[],"jetpack_sharing_enabled":true,"_links":{"self":[{"href":"https:\/\/bodegaoutdoor.cl\/store\/wp-json\/wp\/v2\/product\/5695","targetHints":{"allow":["GET"]}}],"collection":[{"href":"https:\/\/bodegaoutdoor.cl\/store\/wp-json\/wp\/v2\/product"}],"about":[{"href":"https:\/\/bodegaoutdoor.cl\/store\/wp-json\/wp\/v2\/types\/product"}],"replies":[{"embeddable":true,"href":"https:\/\/bodegaoutdoor.cl\/store\/wp-json\/wp\/v2\/comments?post=5695"}],"version-history":[{"count":1,"href":"https:\/\/bodegaoutdoor.cl\/store\/wp-json\/wp\/v2\/product\/5695\/revisions"}],"predecessor-version":[{"id":71350,"href":"https:\/\/bodegaoutdoor.cl\/store\/wp-json\/wp\/v2\/product\/5695\/revisions\/71350"}],"wp:featuredmedia":[{"embeddable":true,"href":"https:\/\/bodegaoutdoor.cl\/store\/wp-json\/wp\/v2\/media\/5939"}],"wp:attachment":[{"href":"https:\/\/bodegaoutdoor.cl\/store\/wp-json\/wp\/v2\/media?parent=5695"}],"wp:term":[{"taxonomy":"product_brand","embeddable":true,"href":"https:\/\/bodegaoutdoor.cl\/store\/wp-json\/wp\/v2\/product_brand?post=5695"},{"taxonomy":"product_cat","embeddable":true,"href":"https:\/\/bodegaoutdoor.cl\/store\/wp-json\/wp\/v2\/product_cat?post=5695"},{"taxonomy":"product_tag","embeddable":true,"href":"https:\/\/bodegaoutdoor.cl\/store\/wp-json\/wp\/v2\/product_tag?post=5695"}],"curies":[{"name":"wp","href":"https:\/\/api.w.org\/{rel}","templated":true}]}}