{"id":56962,"date":"2022-06-08T12:46:18","date_gmt":"2022-06-08T16:46:18","guid":{"rendered":"https:\/\/bodegaoutdoor.cl\/store\/product\/zapatos-deportivos-de-senderismo-para-ninos-zapatillas-de-trekking-antideslizantes-calzado-para-escalar-calidas-de-piel-para-otono-e-invierno\/"},"modified":"2023-05-04T19:18:45","modified_gmt":"2023-05-04T23:18:45","slug":"zapatos-deportivos-de-senderismo-para-ninos-zapatillas-de-trekking-antideslizantes","status":"publish","type":"product","link":"https:\/\/bodegaoutdoor.cl\/store\/product\/zapatos-deportivos-de-senderismo-para-ninos-zapatillas-de-trekking-antideslizantes\/","title":{"rendered":"Zapatos deportivos de senderismo para ni\u00f1os, zapatillas de Trekking antideslizantes"},"content":{"rendered":"<div>\n<div>\n<div>\n<div>\n<div>\n<div style=\"text-align: center;\" align=\"center\">\n<div style=\"font-family: arial, helvetica, sans-serif; line-height: inherit; text-align: center; margin: 0px;\" align=\"center\">\n<p style=\"text-align: left;\" align=\"left\"><span style=\"font-size: 36px;\"><strong>\u00a1Importante!<\/strong><\/span><\/p>\n<\/div>\n<p style=\"text-align: left;\" align=\"left\"><span style=\"font-size: 18px; font-family: verdana, geneva, sans-serif;\">\u00bfC\u00f3mo elegir la talla correcta?<\/span><br \/>\n<span style=\"font-size: 16px; font-family: verdana, geneva, sans-serif;\">1. Mide tu<\/span><span style=\"font-size: 16px; font-family: verdana, geneva, sans-serif;\">Longitud del pie<\/span><span style=\"font-size: 16px; font-family: verdana, geneva, sans-serif;\">Como en la foto.<\/span><br \/>\n<span style=\"font-size: 16px; font-family: verdana, geneva, sans-serif;\">2. \u00a1Encuentra la &#8220;talla US&#8221; de la tabla de tallas seg\u00fan la longitud de tu pie!<\/span><\/p>\n<p style=\"text-align: left;\" align=\"left\"><span style=\"font-size: 16px; font-family: verdana, geneva, sans-serif;\">3. No midas la longitud de la plantilla, es diferente a la longitud del pie.<\/span><\/p>\n<p style=\"text-align: left;\" align=\"left\"><span style=\"font-size: 16px; font-family: verdana, geneva, sans-serif;\">4. Para un tama\u00f1o exacto, por favor<\/span><span style=\"font-size: 16px; font-family: verdana, geneva, sans-serif;\"><span style=\"font-size: 16px; font-family: verdana, geneva, sans-serif;\">No usar<\/span><\/span><span style=\"font-size: 16px; font-family: verdana, geneva, sans-serif;\">Compre directamente seg\u00fan la talla europea de su pa\u00eds. Debe estar seg\u00fan el Real<\/span><span style=\"font-size: 16px; font-family: verdana, geneva, sans-serif;\"><span style=\"font-size: 16px; font-family: verdana, geneva, sans-serif;\">Longitud del pie.<\/span><\/span><\/p>\n<p style=\"text-align: left;\" align=\"left\"><span style=\"font-size: 18px; font-family: verdana, geneva, sans-serif;\">Forma de medici\u00f3n<\/span><\/p>\n<div><img decoding=\"async\" title=\"Zapatos deportivos de senderismo para ni\u00f1os, zapatillas de Trekking antideslizantes, calzado para escalar, c\u00e1lidas, de piel, para Oto\u00f1o e Invierno\" src=\"https:\/\/bodegaoutdoor.cl\/store\/wp-content\/uploads\/2022\/06\/56962-7rnjvu.jpg\" alt=\"Zapatos deportivos de senderismo para ni\u00f1os, zapatillas de Trekking antideslizantes, calzado para escalar, c\u00e1lidas, de piel, para Oto\u00f1o e Invierno\" \/><\/div>\n<div>\n<p style=\"text-align: center;\" align=\"center\"><img decoding=\"async\" title=\"Zapatos deportivos de senderismo para ni\u00f1os, zapatillas de Trekking antideslizantes, calzado para escalar, c\u00e1lidas, de piel, para Oto\u00f1o e Invierno\" src=\"https:\/\/bodegaoutdoor.cl\/store\/wp-content\/uploads\/2022\/06\/56962-eawu0r.jpg\" alt=\"Zapatos deportivos de senderismo para ni\u00f1os, zapatillas de Trekking antideslizantes, calzado para escalar, c\u00e1lidas, de piel, para Oto\u00f1o e Invierno\" \/><img decoding=\"async\" title=\"Zapatos deportivos de senderismo para ni\u00f1os, zapatillas de Trekking antideslizantes, calzado para escalar, c\u00e1lidas, de piel, para Oto\u00f1o e Invierno\" src=\"https:\/\/bodegaoutdoor.cl\/store\/wp-content\/uploads\/2022\/06\/56962-sbcoaz.jpg\" alt=\"Zapatos deportivos de senderismo para ni\u00f1os, zapatillas de Trekking antideslizantes, calzado para escalar, c\u00e1lidas, de piel, para Oto\u00f1o e Invierno\" \/><img decoding=\"async\" title=\"Zapatos deportivos de senderismo para ni\u00f1os, zapatillas de Trekking antideslizantes, calzado para escalar, c\u00e1lidas, de piel, para Oto\u00f1o e Invierno\" src=\"https:\/\/bodegaoutdoor.cl\/store\/wp-content\/uploads\/2022\/06\/56962-y1kexm.jpg\" alt=\"Zapatos deportivos de senderismo para ni\u00f1os, zapatillas de Trekking antideslizantes, calzado para escalar, c\u00e1lidas, de piel, para Oto\u00f1o e Invierno\" \/><img decoding=\"async\" title=\"Zapatos deportivos de senderismo para ni\u00f1os, zapatillas de Trekking antideslizantes, calzado para escalar, c\u00e1lidas, de piel, para Oto\u00f1o e Invierno\" src=\"https:\/\/bodegaoutdoor.cl\/store\/wp-content\/uploads\/2022\/06\/56962-uaylqw.jpg\" alt=\"Zapatos deportivos de senderismo para ni\u00f1os, zapatillas de Trekking antideslizantes, calzado para escalar, c\u00e1lidas, de piel, para Oto\u00f1o e Invierno\" \/><img decoding=\"async\" title=\"Zapatos deportivos de senderismo para ni\u00f1os, zapatillas de Trekking antideslizantes, calzado para escalar, c\u00e1lidas, de piel, para Oto\u00f1o e Invierno\" src=\"https:\/\/bodegaoutdoor.cl\/store\/wp-content\/uploads\/2022\/06\/56962-mnzt8t.jpg\" alt=\"Zapatos deportivos de senderismo para ni\u00f1os, zapatillas de Trekking antideslizantes, calzado para escalar, c\u00e1lidas, de piel, para Oto\u00f1o e Invierno\" \/><img decoding=\"async\" title=\"Zapatos deportivos de senderismo para ni\u00f1os, zapatillas de Trekking antideslizantes, calzado para escalar, c\u00e1lidas, de piel, para Oto\u00f1o e Invierno\" src=\"https:\/\/bodegaoutdoor.cl\/store\/wp-content\/uploads\/2022\/06\/56962-twofk2.jpg\" alt=\"Zapatos deportivos de senderismo para ni\u00f1os, zapatillas de Trekking antideslizantes, calzado para escalar, c\u00e1lidas, de piel, para Oto\u00f1o e Invierno\" \/><img decoding=\"async\" title=\"Zapatos deportivos de senderismo para ni\u00f1os, zapatillas de Trekking antideslizantes, calzado para escalar, c\u00e1lidas, de piel, para Oto\u00f1o e Invierno\" src=\"https:\/\/bodegaoutdoor.cl\/store\/wp-content\/uploads\/2022\/06\/56962-a1vy0i.jpg\" alt=\"Zapatos deportivos de senderismo para ni\u00f1os, zapatillas de Trekking antideslizantes, calzado para escalar, c\u00e1lidas, de piel, para Oto\u00f1o e Invierno\" \/><img decoding=\"async\" title=\"Zapatos deportivos de senderismo para ni\u00f1os, zapatillas de Trekking antideslizantes, calzado para escalar, c\u00e1lidas, de piel, para Oto\u00f1o e Invierno\" src=\"https:\/\/bodegaoutdoor.cl\/store\/wp-content\/uploads\/2022\/06\/56962-4vtau1.jpg\" alt=\"Zapatos deportivos de senderismo para ni\u00f1os, zapatillas de Trekking antideslizantes, calzado para escalar, c\u00e1lidas, de piel, para Oto\u00f1o e Invierno\" \/><img decoding=\"async\" title=\"Zapatos deportivos de senderismo para ni\u00f1os, zapatillas de Trekking antideslizantes, calzado para escalar, c\u00e1lidas, de piel, para Oto\u00f1o e Invierno\" src=\"https:\/\/bodegaoutdoor.cl\/store\/wp-content\/uploads\/2022\/06\/56962-m7vyyt.jpg\" alt=\"Zapatos deportivos de senderismo para ni\u00f1os, zapatillas de Trekking antideslizantes, calzado para escalar, c\u00e1lidas, de piel, para Oto\u00f1o e Invierno\" \/><img decoding=\"async\" title=\"Zapatos deportivos de senderismo para ni\u00f1os, zapatillas de Trekking antideslizantes, calzado para escalar, c\u00e1lidas, de piel, para Oto\u00f1o e Invierno\" src=\"https:\/\/bodegaoutdoor.cl\/store\/wp-content\/uploads\/2022\/06\/56962-2n6mbf.jpg\" alt=\"Zapatos deportivos de senderismo para ni\u00f1os, zapatillas de Trekking antideslizantes, calzado para escalar, c\u00e1lidas, de piel, para Oto\u00f1o e Invierno\" \/><img decoding=\"async\" title=\"Zapatos deportivos de senderismo para ni\u00f1os, zapatillas de Trekking antideslizantes, calzado para escalar, c\u00e1lidas, de piel, para Oto\u00f1o e Invierno\" src=\"https:\/\/bodegaoutdoor.cl\/store\/wp-content\/uploads\/2022\/06\/56962-pektwv.jpg\" alt=\"Zapatos deportivos de senderismo para ni\u00f1os, zapatillas de Trekking antideslizantes, calzado para escalar, c\u00e1lidas, de piel, para Oto\u00f1o e Invierno\" \/><img decoding=\"async\" title=\"Zapatos deportivos de senderismo para ni\u00f1os, zapatillas de Trekking antideslizantes, calzado para escalar, c\u00e1lidas, de piel, para Oto\u00f1o e Invierno\" src=\"https:\/\/bodegaoutdoor.cl\/store\/wp-content\/uploads\/2022\/06\/56962-zuby0p.jpg\" alt=\"Zapatos deportivos de senderismo para ni\u00f1os, zapatillas de Trekking antideslizantes, calzado para escalar, c\u00e1lidas, de piel, para Oto\u00f1o e Invierno\" \/><img decoding=\"async\" title=\"Zapatos deportivos de senderismo para ni\u00f1os, zapatillas de Trekking antideslizantes, calzado para escalar, c\u00e1lidas, de piel, para Oto\u00f1o e Invierno\" src=\"https:\/\/bodegaoutdoor.cl\/store\/wp-content\/uploads\/2022\/06\/56962-5liowk.jpg\" alt=\"Zapatos deportivos de senderismo para ni\u00f1os, zapatillas de Trekking antideslizantes, calzado para escalar, c\u00e1lidas, de piel, para Oto\u00f1o e Invierno\" \/><img decoding=\"async\" title=\"Zapatos deportivos de senderismo para ni\u00f1os, zapatillas de Trekking antideslizantes, calzado para escalar, c\u00e1lidas, de piel, para Oto\u00f1o e Invierno\" src=\"https:\/\/bodegaoutdoor.cl\/store\/wp-content\/uploads\/2022\/06\/56962-pfviop.jpg\" alt=\"Zapatos deportivos de senderismo para ni\u00f1os, zapatillas de Trekking antideslizantes, calzado para escalar, c\u00e1lidas, de piel, para Oto\u00f1o e Invierno\" \/><img decoding=\"async\" title=\"Zapatos deportivos de senderismo para ni\u00f1os, zapatillas de Trekking antideslizantes, calzado para escalar, c\u00e1lidas, de piel, para Oto\u00f1o e Invierno\" src=\"https:\/\/bodegaoutdoor.cl\/store\/wp-content\/uploads\/2022\/06\/56962-gacckk.jpg\" alt=\"Zapatos deportivos de senderismo para ni\u00f1os, zapatillas de Trekking antideslizantes, calzado para escalar, c\u00e1lidas, de piel, para Oto\u00f1o e Invierno\" \/><img decoding=\"async\" title=\"Zapatos deportivos de senderismo para ni\u00f1os, zapatillas de Trekking antideslizantes, calzado para escalar, c\u00e1lidas, de piel, para Oto\u00f1o e Invierno\" src=\"https:\/\/bodegaoutdoor.cl\/store\/wp-content\/uploads\/2022\/06\/56962-t4e4ob.jpg\" alt=\"Zapatos deportivos de senderismo para ni\u00f1os, zapatillas de Trekking antideslizantes, calzado para escalar, c\u00e1lidas, de piel, para Oto\u00f1o e Invierno\" \/><img decoding=\"async\" title=\"Zapatos deportivos de senderismo para ni\u00f1os, zapatillas de Trekking antideslizantes, calzado para escalar, c\u00e1lidas, de piel, para Oto\u00f1o e Invierno\" src=\"https:\/\/bodegaoutdoor.cl\/store\/wp-content\/uploads\/2022\/06\/56962-weu0s0.jpg\" alt=\"Zapatos deportivos de senderismo para ni\u00f1os, zapatillas de Trekking antideslizantes, calzado para escalar, c\u00e1lidas, de piel, para Oto\u00f1o e Invierno\" \/><\/p>\n<p style=\"text-align: center;\" align=\"center\"><img decoding=\"async\" title=\"Zapatos deportivos de senderismo para ni\u00f1os, zapatillas de Trekking antideslizantes, calzado para escalar, c\u00e1lidas, de piel, para Oto\u00f1o e Invierno\" src=\"https:\/\/bodegaoutdoor.cl\/store\/wp-content\/uploads\/2022\/06\/56962-amu4cf.jpg\" alt=\"Zapatos deportivos de senderismo para ni\u00f1os, zapatillas de Trekking antideslizantes, calzado para escalar, c\u00e1lidas, de piel, para Oto\u00f1o e Invierno\" \/><\/p>\n<p style=\"text-align: center;\" align=\"center\"><img decoding=\"async\" title=\"Zapatos deportivos de senderismo para ni\u00f1os, zapatillas de Trekking antideslizantes, calzado para escalar, c\u00e1lidas, de piel, para Oto\u00f1o e Invierno\" src=\"https:\/\/bodegaoutdoor.cl\/store\/wp-content\/uploads\/2022\/06\/56962-we1d9p.jpg\" alt=\"Zapatos deportivos de senderismo para ni\u00f1os, zapatillas de Trekking antideslizantes, calzado para escalar, c\u00e1lidas, de piel, para Oto\u00f1o e Invierno\" \/><\/p>\n<p style=\"text-align: center;\" align=\"center\"><img decoding=\"async\" title=\"Zapatos deportivos de senderismo para ni\u00f1os, zapatillas de Trekking antideslizantes, calzado para escalar, c\u00e1lidas, de piel, para Oto\u00f1o e Invierno\" src=\"https:\/\/bodegaoutdoor.cl\/store\/wp-content\/uploads\/2022\/06\/56962-iuaw56.jpg\" alt=\"Zapatos deportivos de senderismo para ni\u00f1os, zapatillas de Trekking antideslizantes, calzado para escalar, c\u00e1lidas, de piel, para Oto\u00f1o e Invierno\" \/><\/p>\n<p style=\"text-align: center;\" align=\"center\"><img decoding=\"async\" title=\"Zapatos deportivos de senderismo para ni\u00f1os, zapatillas de Trekking antideslizantes, calzado para escalar, c\u00e1lidas, de piel, para Oto\u00f1o e Invierno\" src=\"https:\/\/bodegaoutdoor.cl\/store\/wp-content\/uploads\/2022\/06\/56962-yljtgh.jpg\" alt=\"Zapatos deportivos de senderismo para ni\u00f1os, zapatillas de Trekking antideslizantes, calzado para escalar, c\u00e1lidas, de piel, para Oto\u00f1o e Invierno\" \/><\/p>\n<p style=\"text-align: center;\" align=\"center\"><img decoding=\"async\" title=\"Zapatos deportivos de senderismo para ni\u00f1os, zapatillas de Trekking antideslizantes, calzado para escalar, c\u00e1lidas, de piel, para Oto\u00f1o e Invierno\" src=\"https:\/\/bodegaoutdoor.cl\/store\/wp-content\/uploads\/2022\/06\/56962-i4gr6x.jpg\" alt=\"Zapatos deportivos de senderismo para ni\u00f1os, zapatillas de Trekking antideslizantes, calzado para escalar, c\u00e1lidas, de piel, para Oto\u00f1o e Invierno\" \/><\/p>\n<p style=\"text-align: center;\" align=\"center\"><img decoding=\"async\" title=\"Zapatos deportivos de senderismo para ni\u00f1os, zapatillas de Trekking antideslizantes, calzado para escalar, c\u00e1lidas, de piel, para Oto\u00f1o e Invierno\" src=\"https:\/\/bodegaoutdoor.cl\/store\/wp-content\/uploads\/2022\/06\/56962-7mwklv.jpg\" alt=\"Zapatos deportivos de senderismo para ni\u00f1os, zapatillas de Trekking antideslizantes, calzado para escalar, c\u00e1lidas, de piel, para Oto\u00f1o e Invierno\" \/><\/p>\n<p style=\"text-align: center;\" align=\"center\"><img decoding=\"async\" title=\"Zapatos deportivos de senderismo para ni\u00f1os, zapatillas de Trekking antideslizantes, calzado para escalar, c\u00e1lidas, de piel, para Oto\u00f1o e Invierno\" src=\"https:\/\/bodegaoutdoor.cl\/store\/wp-content\/uploads\/2022\/06\/56962-whyryv.jpg\" alt=\"Zapatos deportivos de senderismo para ni\u00f1os, zapatillas de Trekking antideslizantes, calzado para escalar, c\u00e1lidas, de piel, para Oto\u00f1o e Invierno\" \/><\/p>\n<p style=\"text-align: center;\" align=\"center\"><img decoding=\"async\" title=\"Zapatos deportivos de senderismo para ni\u00f1os, zapatillas de Trekking antideslizantes, calzado para escalar, c\u00e1lidas, de piel, para Oto\u00f1o e Invierno\" src=\"https:\/\/bodegaoutdoor.cl\/store\/wp-content\/uploads\/2022\/06\/56962-b0yqy5.jpg\" alt=\"Zapatos deportivos de senderismo para ni\u00f1os, zapatillas de Trekking antideslizantes, calzado para escalar, c\u00e1lidas, de piel, para Oto\u00f1o e Invierno\" \/><\/p>\n<p style=\"text-align: center;\" align=\"center\"><img decoding=\"async\" title=\"Zapatos deportivos de senderismo para ni\u00f1os, zapatillas de Trekking antideslizantes, calzado para escalar, c\u00e1lidas, de piel, para Oto\u00f1o e Invierno\" src=\"https:\/\/bodegaoutdoor.cl\/store\/wp-content\/uploads\/2022\/06\/56962-164oli.jpg\" alt=\"Zapatos deportivos de senderismo para ni\u00f1os, zapatillas de Trekking antideslizantes, calzado para escalar, c\u00e1lidas, de piel, para Oto\u00f1o e Invierno\" \/><\/p>\n<p style=\"text-align: center;\" align=\"center\"><img decoding=\"async\" title=\"Zapatos deportivos de senderismo para ni\u00f1os, zapatillas de Trekking antideslizantes, calzado para escalar, c\u00e1lidas, de piel, para Oto\u00f1o e Invierno\" src=\"https:\/\/bodegaoutdoor.cl\/store\/wp-content\/uploads\/2022\/06\/56962-cqwz91.jpg\" alt=\"Zapatos deportivos de senderismo para ni\u00f1os, zapatillas de Trekking antideslizantes, calzado para escalar, c\u00e1lidas, de piel, para Oto\u00f1o e Invierno\" \/><\/p>\n<p style=\"text-align: center;\" align=\"center\"><img decoding=\"async\" title=\"Zapatos deportivos de senderismo para ni\u00f1os, zapatillas de Trekking antideslizantes, calzado para escalar, c\u00e1lidas, de piel, para Oto\u00f1o e Invierno\" src=\"https:\/\/bodegaoutdoor.cl\/store\/wp-content\/uploads\/2022\/06\/56962-pd9jnf.jpg\" alt=\"Zapatos deportivos de senderismo para ni\u00f1os, zapatillas de Trekking antideslizantes, calzado para escalar, c\u00e1lidas, de piel, para Oto\u00f1o e Invierno\" \/><\/p>\n<p style=\"text-align: center;\" align=\"center\"><img decoding=\"async\" title=\"Zapatos deportivos de senderismo para ni\u00f1os, zapatillas de Trekking antideslizantes, calzado para escalar, c\u00e1lidas, de piel, para Oto\u00f1o e Invierno\" src=\"https:\/\/bodegaoutdoor.cl\/store\/wp-content\/uploads\/2022\/06\/56962-e0igdb.jpg\" alt=\"Zapatos deportivos de senderismo para ni\u00f1os, zapatillas de Trekking antideslizantes, calzado para escalar, c\u00e1lidas, de piel, para Oto\u00f1o e Invierno\" \/><\/p>\n<p style=\"text-align: center;\" align=\"center\"><img decoding=\"async\" title=\"Zapatos deportivos de senderismo para ni\u00f1os, zapatillas de Trekking antideslizantes, calzado para escalar, c\u00e1lidas, de piel, para Oto\u00f1o e Invierno\" src=\"https:\/\/bodegaoutdoor.cl\/store\/wp-content\/uploads\/2022\/06\/56962-tf0mmy.jpg\" alt=\"Zapatos deportivos de senderismo para ni\u00f1os, zapatillas de Trekking antideslizantes, calzado para escalar, c\u00e1lidas, de piel, para Oto\u00f1o e Invierno\" \/><\/p>\n<p style=\"text-align: center;\" align=\"center\"><img decoding=\"async\" title=\"Zapatos deportivos de senderismo para ni\u00f1os, zapatillas de Trekking antideslizantes, calzado para escalar, c\u00e1lidas, de piel, para Oto\u00f1o e Invierno\" src=\"https:\/\/bodegaoutdoor.cl\/store\/wp-content\/uploads\/2022\/06\/56962-cadqok.jpg\" alt=\"Zapatos deportivos de senderismo para ni\u00f1os, zapatillas de Trekking antideslizantes, calzado para escalar, c\u00e1lidas, de piel, para Oto\u00f1o e Invierno\" \/><\/p>\n<p style=\"text-align: center;\" align=\"center\"><img decoding=\"async\" title=\"Zapatos deportivos de senderismo para ni\u00f1os, zapatillas de Trekking antideslizantes, calzado para escalar, c\u00e1lidas, de piel, para Oto\u00f1o e Invierno\" src=\"https:\/\/bodegaoutdoor.cl\/store\/wp-content\/uploads\/2022\/06\/56962-uo6ddh.jpg\" alt=\"Zapatos deportivos de senderismo para ni\u00f1os, zapatillas de Trekking antideslizantes, calzado para escalar, c\u00e1lidas, de piel, para Oto\u00f1o e Invierno\" \/><\/p>\n<div><\/div>\n<\/div>\n<\/div>\n<\/div>\n<\/div>\n<\/div>\n<\/div>\n<\/div>\n\n    <div class=\"xs_social_share_widget xs_share_url after_content \t\tmain_content  wslu-style-1 wslu-share-box-shaped wslu-fill-colored wslu-none wslu-share-horizontal wslu-theme-font-no wslu-main_content\">\n\n\t\t\n        <ul>\n\t\t\t        <\/ul>\n    <\/div> \n","protected":false},"excerpt":{"rendered":"<p>\u00a1Importante! \u00bfC\u00f3mo elegir la talla correcta? 1. Mide tuLongitud del pieComo en la foto. 2. \u00a1Encuentra la &#8220;talla US&#8221; de la tabla de tallas seg\u00fan la longitud de tu pie! 3. No midas la longitud de la plantilla, es diferente a la longitud del pie. 4. Para un tama\u00f1o exacto, por favorNo usarCompre directamente seg\u00fan [&hellip;]<\/p>\n","protected":false},"featured_media":57007,"comment_status":"open","ping_status":"closed","template":"","meta":{"jetpack_publicize_message":"","jetpack_publicize_feature_enabled":true,"jetpack_social_post_already_shared":true,"jetpack_social_options":{"image_generator_settings":{"template":"highway","enabled":false},"version":2}},"product_brand":[],"product_cat":[15],"product_tag":[],"class_list":{"0":"post-56962","1":"product","2":"type-product","3":"status-publish","4":"has-post-thumbnail","6":"product_cat-otros","8":"first","9":"instock","10":"sale","11":"taxable","12":"shipping-taxable","13":"purchasable","14":"product-type-variable"},"jetpack_publicize_connections":[],"jetpack_sharing_enabled":true,"_links":{"self":[{"href":"https:\/\/bodegaoutdoor.cl\/store\/wp-json\/wp\/v2\/product\/56962","targetHints":{"allow":["GET"]}}],"collection":[{"href":"https:\/\/bodegaoutdoor.cl\/store\/wp-json\/wp\/v2\/product"}],"about":[{"href":"https:\/\/bodegaoutdoor.cl\/store\/wp-json\/wp\/v2\/types\/product"}],"replies":[{"embeddable":true,"href":"https:\/\/bodegaoutdoor.cl\/store\/wp-json\/wp\/v2\/comments?post=56962"}],"version-history":[{"count":2,"href":"https:\/\/bodegaoutdoor.cl\/store\/wp-json\/wp\/v2\/product\/56962\/revisions"}],"predecessor-version":[{"id":70927,"href":"https:\/\/bodegaoutdoor.cl\/store\/wp-json\/wp\/v2\/product\/56962\/revisions\/70927"}],"wp:featuredmedia":[{"embeddable":true,"href":"https:\/\/bodegaoutdoor.cl\/store\/wp-json\/wp\/v2\/media\/57007"}],"wp:attachment":[{"href":"https:\/\/bodegaoutdoor.cl\/store\/wp-json\/wp\/v2\/media?parent=56962"}],"wp:term":[{"taxonomy":"product_brand","embeddable":true,"href":"https:\/\/bodegaoutdoor.cl\/store\/wp-json\/wp\/v2\/product_brand?post=56962"},{"taxonomy":"product_cat","embeddable":true,"href":"https:\/\/bodegaoutdoor.cl\/store\/wp-json\/wp\/v2\/product_cat?post=56962"},{"taxonomy":"product_tag","embeddable":true,"href":"https:\/\/bodegaoutdoor.cl\/store\/wp-json\/wp\/v2\/product_tag?post=56962"}],"curies":[{"name":"wp","href":"https:\/\/api.w.org\/{rel}","templated":true}]}}