{"id":57709,"date":"2022-06-24T21:47:51","date_gmt":"2022-06-25T01:47:51","guid":{"rendered":"https:\/\/bodegaoutdoor.cl\/store\/product\/gafas-tacticas-de-cara-completa-para-ninos-mascara-de-agua-suave-paintball-air-cs-go-juguetes-pistolas-juegos-de-disparos-para-nerf-motor-a-prueba-de-viento-skii\/"},"modified":"2023-05-04T19:18:45","modified_gmt":"2023-05-04T23:18:45","slug":"gafas-tacticas-de-cara-completa-paintball-deportes-extremos","status":"publish","type":"product","link":"https:\/\/bodegaoutdoor.cl\/store\/product\/gafas-tacticas-de-cara-completa-paintball-deportes-extremos\/","title":{"rendered":"Gafas t\u00e1cticas de cara completa, Paintball Deportes extremos"},"content":{"rendered":"<p style=\"text-align: center;\"><video style=\"max-width: 100%;\" src=\"\/\/cloud.video.taobao.com\/play\/u\/2206436291967\/p\/1\/e\/6\/t\/10301\/288664281633.mp4\" poster=\"https:\/\/ae01.alicdn.com\/kf\/H05cbdbcd90ae4f098231eff0cd0a2d74U\/Gafas-t-cticas-de-cara-completa-para-ni-os-m-scara-de-agua-suave-Paintball-Air.jpg,https:\/\/ae01.alicdn.com\/kf\/H79644594097d4cc8bd6727397f53a65dr\/Gafas-t-cticas-de-cara-completa-para-ni-os-m-scara-de-agua-suave-Paintball-Air.jpg,https:\/\/ae01.alicdn.com\/kf\/Hd4c267dd59074687a70070db34e09c702\/Gafas-t-cticas-de-cara-completa-para-ni-os-m-scara-de-agua-suave-Paintball-Air.jpg,https:\/\/ae01.alicdn.com\/kf\/H417475a41cfa4555a8406481ed37fefdz\/Gafas-t-cticas-de-cara-completa-para-ni-os-m-scara-de-agua-suave-Paintball-Air.jpg,https:\/\/ae01.alicdn.com\/kf\/Hb348ae9f4f374187a22d7bd48e867389E\/Gafas-t-cticas-de-cara-completa-para-ni-os-m-scara-de-agua-suave-Paintball-Air.jpg,https:\/\/ae01.alicdn.com\/kf\/Hb783006713134750a5330dcaacb4ca60F\/Gafas-t-cticas-de-cara-completa-para-ni-os-m-scara-de-agua-suave-Paintball-Air.jpg\" preload=\"auto\" controls=\"controls\" width=\"100%\" height=\"100%\"><\/video><\/p>\n<div>\n<div>\n<div><\/div>\n<div>\n<p style=\"font-family: OpenSans; font-size: 20px; font-weight: 900; line-height: 28px; margin-bottom: 12px;\">Gafas t\u00e1cticas de cara completa para ni\u00f1os, pelota de agua suave, Paintball Air CS, Go, juguetes, pistolas, protecci\u00f3n para juegos de tiro, m\u00e1scara a prueba de viento<\/p>\n<p style=\"font-family: OpenSans; font-size: 14px; font-weight: 300; line-height: 20px; margin-bottom: 12px;\">\u00a1! Color: amarillo, colorido, gris, transparente<br \/>\n\u00a1! Material: TCU (Marco) + PC (lente)<br \/>\n\u00a1! Tama\u00f1o del producto: 5x18x18,5 cm<br \/>\n\u00a1! Peso del producto: 180g<br \/>\n\u00a1! Dimensiones del paquete: 5,8*18,8*19,3 cm<br \/>\n\u00a1! Peso del paquete: 200g<br \/>\n\u00a1! Embalaje: embalaje del bolso del OPP<br \/>\nSituaciones adecuadas: ciclismo; Deporte en motocicleta; Escalada; Conducci\u00f3n; Juegos CS; Deporte al aire libre.<\/p>\n<\/div>\n<div>\n<p style=\"font-family: OpenSans; font-size: 20px; font-weight: 900; line-height: 28px; margin-bottom: 12px;\">Caracter\u00edsticas:<\/p>\n<p style=\"font-family: OpenSans; font-size: 14px; font-weight: 300; line-height: 20px; margin-bottom: 12px;\">1. Antiparras para motocicletas: a prueba de viento, antigolpes, antipolvo, antiniebla, antiuv, t\u00e1cticas y protectoras para deportes al aire libre.<\/p>\n<p>2. Dise\u00f1ado para CS\/Paintball\/Esqu\u00ed\/montar\/moto de nieve\/ciclismo\/Halloween\/baile de disfraces. Marco de espejo reforzado; Ultraligero; Antirreflejo; S\u00faper comodidad.<\/p>\n<p>3. material de calidad superior &#8212; m\u00e1scara compacta de TPU 100% segura\/marco + lente HD PC a prueba de polvo para proporcionarle una mejor vista durante la motocicleta, montar, esquiar y montar. \u00bfVerde de protecci\u00f3n del medio ambiente?<\/p>\n<p>4. Banda el\u00e1stica ajustable: la banda el\u00e1stica alta con hebilla ajustable hace que se ajuste f\u00e1cilmente a m\u00e1s tama\u00f1os de cabeza para hombres, mujeres y j\u00f3venes.<\/p>\n<p>5. La M\u00e1scara desmontable y transpirable proporciona una experiencia de uso c\u00f3moda y protecci\u00f3n adecuada.<\/p>\n<\/div>\n<div>\n<p style=\"font-family: OpenSans; font-size: 20px; font-weight: 900; line-height: 28px; margin-bottom: 12px;\">Nota<\/p>\n<p style=\"font-family: OpenSans; font-size: 14px; font-weight: 300; line-height: 20px; margin-bottom: 12px;\">Adecuado para pistolas de airsoft de juguete para ni\u00f1os, pistolas de balas blandas (para la serie Elite\/Mega\/contragolpes) y pistolas de balas de agua con energ\u00eda cin\u00e9tica de bozal baja. Si el bozal tiene alta energ\u00eda cin\u00e9tica, \u00fasalo con precauci\u00f3n despu\u00e9s de probarlo.<\/p>\n<\/div>\n<div><img decoding=\"async\" title=\"Gafas t\u00e1cticas de cara completa para ni\u00f1os, m\u00e1scara de agua suave, Paintball Air CS Go, juguetes, pistolas, juegos de disparos para Nerf, Motor a prueba de viento Skii\" src=\"https:\/\/bodegaoutdoor.cl\/store\/wp-content\/uploads\/2022\/06\/57709-omxq3v.jpeg\" alt=\"Gafas t\u00e1cticas de cara completa para ni\u00f1os, m\u00e1scara de agua suave, Paintball Air CS Go, juguetes, pistolas, juegos de disparos para Nerf, Motor a prueba de viento Skii\" \/><img decoding=\"async\" title=\"Gafas t\u00e1cticas de cara completa para ni\u00f1os, m\u00e1scara de agua suave, Paintball Air CS Go, juguetes, pistolas, juegos de disparos para Nerf, Motor a prueba de viento Skii\" src=\"https:\/\/bodegaoutdoor.cl\/store\/wp-content\/uploads\/2022\/06\/57709-2f0wh2.jpeg\" alt=\"Gafas t\u00e1cticas de cara completa para ni\u00f1os, m\u00e1scara de agua suave, Paintball Air CS Go, juguetes, pistolas, juegos de disparos para Nerf, Motor a prueba de viento Skii\" \/><img decoding=\"async\" title=\"Gafas t\u00e1cticas de cara completa para ni\u00f1os, m\u00e1scara de agua suave, Paintball Air CS Go, juguetes, pistolas, juegos de disparos para Nerf, Motor a prueba de viento Skii\" src=\"https:\/\/bodegaoutdoor.cl\/store\/wp-content\/uploads\/2022\/06\/57709-kb8svb.jpeg\" alt=\"Gafas t\u00e1cticas de cara completa para ni\u00f1os, m\u00e1scara de agua suave, Paintball Air CS Go, juguetes, pistolas, juegos de disparos para Nerf, Motor a prueba de viento Skii\" \/><img decoding=\"async\" title=\"Gafas t\u00e1cticas de cara completa para ni\u00f1os, m\u00e1scara de agua suave, Paintball Air CS Go, juguetes, pistolas, juegos de disparos para Nerf, Motor a prueba de viento Skii\" src=\"https:\/\/bodegaoutdoor.cl\/store\/wp-content\/uploads\/2022\/06\/57709-gcbynb.jpeg\" alt=\"Gafas t\u00e1cticas de cara completa para ni\u00f1os, m\u00e1scara de agua suave, Paintball Air CS Go, juguetes, pistolas, juegos de disparos para Nerf, Motor a prueba de viento Skii\" \/><img decoding=\"async\" title=\"Gafas t\u00e1cticas de cara completa para ni\u00f1os, m\u00e1scara de agua suave, Paintball Air CS Go, juguetes, pistolas, juegos de disparos para Nerf, Motor a prueba de viento Skii\" src=\"https:\/\/bodegaoutdoor.cl\/store\/wp-content\/uploads\/2022\/06\/57709-vfnqoy.jpeg\" alt=\"Gafas t\u00e1cticas de cara completa para ni\u00f1os, m\u00e1scara de agua suave, Paintball Air CS Go, juguetes, pistolas, juegos de disparos para Nerf, Motor a prueba de viento Skii\" \/><img decoding=\"async\" title=\"Gafas t\u00e1cticas de cara completa para ni\u00f1os, m\u00e1scara de agua suave, Paintball Air CS Go, juguetes, pistolas, juegos de disparos para Nerf, Motor a prueba de viento Skii\" src=\"https:\/\/bodegaoutdoor.cl\/store\/wp-content\/uploads\/2022\/06\/57709-yghysv.jpeg\" alt=\"Gafas t\u00e1cticas de cara completa para ni\u00f1os, m\u00e1scara de agua suave, Paintball Air CS Go, juguetes, pistolas, juegos de disparos para Nerf, Motor a prueba de viento Skii\" \/><\/div>\n<div><img decoding=\"async\" title=\"Gafas t\u00e1cticas de cara completa para ni\u00f1os, m\u00e1scara de agua suave, Paintball Air CS Go, juguetes, pistolas, juegos de disparos para Nerf, Motor a prueba de viento Skii\" src=\"https:\/\/bodegaoutdoor.cl\/store\/wp-content\/uploads\/2022\/06\/57709-vhngqd.jpeg\" alt=\"Gafas t\u00e1cticas de cara completa para ni\u00f1os, m\u00e1scara de agua suave, Paintball Air CS Go, juguetes, pistolas, juegos de disparos para Nerf, Motor a prueba de viento Skii\" \/><img decoding=\"async\" title=\"Gafas t\u00e1cticas de cara completa para ni\u00f1os, m\u00e1scara de agua suave, Paintball Air CS Go, juguetes, pistolas, juegos de disparos para Nerf, Motor a prueba de viento Skii\" src=\"https:\/\/bodegaoutdoor.cl\/store\/wp-content\/uploads\/2022\/06\/57709-kkffej.jpeg\" alt=\"Gafas t\u00e1cticas de cara completa para ni\u00f1os, m\u00e1scara de agua suave, Paintball Air CS Go, juguetes, pistolas, juegos de disparos para Nerf, Motor a prueba de viento Skii\" \/><img decoding=\"async\" title=\"Gafas t\u00e1cticas de cara completa para ni\u00f1os, m\u00e1scara de agua suave, Paintball Air CS Go, juguetes, pistolas, juegos de disparos para Nerf, Motor a prueba de viento Skii\" src=\"https:\/\/bodegaoutdoor.cl\/store\/wp-content\/uploads\/2022\/06\/57709-mec6of.jpeg\" alt=\"Gafas t\u00e1cticas de cara completa para ni\u00f1os, m\u00e1scara de agua suave, Paintball Air CS Go, juguetes, pistolas, juegos de disparos para Nerf, Motor a prueba de viento Skii\" \/><img decoding=\"async\" title=\"Gafas t\u00e1cticas de cara completa para ni\u00f1os, m\u00e1scara de agua suave, Paintball Air CS Go, juguetes, pistolas, juegos de disparos para Nerf, Motor a prueba de viento Skii\" src=\"https:\/\/bodegaoutdoor.cl\/store\/wp-content\/uploads\/2022\/06\/57709-qs0ylz.jpeg\" alt=\"Gafas t\u00e1cticas de cara completa para ni\u00f1os, m\u00e1scara de agua suave, Paintball Air CS Go, juguetes, pistolas, juegos de disparos para Nerf, Motor a prueba de viento Skii\" \/><img decoding=\"async\" title=\"Gafas t\u00e1cticas de cara completa para ni\u00f1os, m\u00e1scara de agua suave, Paintball Air CS Go, juguetes, pistolas, juegos de disparos para Nerf, Motor a prueba de viento Skii\" src=\"https:\/\/bodegaoutdoor.cl\/store\/wp-content\/uploads\/2022\/06\/57709-heb74f.jpeg\" alt=\"Gafas t\u00e1cticas de cara completa para ni\u00f1os, m\u00e1scara de agua suave, Paintball Air CS Go, juguetes, pistolas, juegos de disparos para Nerf, Motor a prueba de viento Skii\" \/><img decoding=\"async\" title=\"Gafas t\u00e1cticas de cara completa para ni\u00f1os, m\u00e1scara de agua suave, Paintball Air CS Go, juguetes, pistolas, juegos de disparos para Nerf, Motor a prueba de viento Skii\" src=\"https:\/\/bodegaoutdoor.cl\/store\/wp-content\/uploads\/2022\/06\/57709-lqezcc.jpeg\" alt=\"Gafas t\u00e1cticas de cara completa para ni\u00f1os, m\u00e1scara de agua suave, Paintball Air CS Go, juguetes, pistolas, juegos de disparos para Nerf, Motor a prueba de viento Skii\" \/><img decoding=\"async\" title=\"Gafas t\u00e1cticas de cara completa para ni\u00f1os, m\u00e1scara de agua suave, Paintball Air CS Go, juguetes, pistolas, juegos de disparos para Nerf, Motor a prueba de viento Skii\" src=\"https:\/\/bodegaoutdoor.cl\/store\/wp-content\/uploads\/2022\/06\/57709-pyfo7o.jpeg\" alt=\"Gafas t\u00e1cticas de cara completa para ni\u00f1os, m\u00e1scara de agua suave, Paintball Air CS Go, juguetes, pistolas, juegos de disparos para Nerf, Motor a prueba de viento Skii\" \/><img decoding=\"async\" title=\"Gafas t\u00e1cticas de cara completa para ni\u00f1os, m\u00e1scara de agua suave, Paintball Air CS Go, juguetes, pistolas, juegos de disparos para Nerf, Motor a prueba de viento Skii\" src=\"https:\/\/bodegaoutdoor.cl\/store\/wp-content\/uploads\/2022\/06\/57709-vhbl2c.jpeg\" alt=\"Gafas t\u00e1cticas de cara completa para ni\u00f1os, m\u00e1scara de agua suave, Paintball Air CS Go, juguetes, pistolas, juegos de disparos para Nerf, Motor a prueba de viento Skii\" \/><img decoding=\"async\" title=\"Gafas t\u00e1cticas de cara completa para ni\u00f1os, m\u00e1scara de agua suave, Paintball Air CS Go, juguetes, pistolas, juegos de disparos para Nerf, Motor a prueba de viento Skii\" src=\"https:\/\/bodegaoutdoor.cl\/store\/wp-content\/uploads\/2022\/06\/57709-omgzf2.jpeg\" alt=\"Gafas t\u00e1cticas de cara completa para ni\u00f1os, m\u00e1scara de agua suave, Paintball Air CS Go, juguetes, pistolas, juegos de disparos para Nerf, Motor a prueba de viento Skii\" \/><img decoding=\"async\" title=\"Gafas t\u00e1cticas de cara completa para ni\u00f1os, m\u00e1scara de agua suave, Paintball Air CS Go, juguetes, pistolas, juegos de disparos para Nerf, Motor a prueba de viento Skii\" src=\"https:\/\/bodegaoutdoor.cl\/store\/wp-content\/uploads\/2022\/06\/57709-u4pwuu.jpeg\" alt=\"Gafas t\u00e1cticas de cara completa para ni\u00f1os, m\u00e1scara de agua suave, Paintball Air CS Go, juguetes, pistolas, juegos de disparos para Nerf, Motor a prueba de viento Skii\" \/><\/div>\n<p>&nbsp;<\/p>\n<\/div>\n<\/div>\n\n    <div class=\"xs_social_share_widget xs_share_url after_content \t\tmain_content  wslu-style-1 wslu-share-box-shaped wslu-fill-colored wslu-none wslu-share-horizontal wslu-theme-font-no wslu-main_content\">\n\n\t\t\n        <ul>\n\t\t\t        <\/ul>\n    <\/div> \n","protected":false},"excerpt":{"rendered":"<p>Gafas t\u00e1cticas de cara completa para ni\u00f1os, pelota de agua suave, Paintball Air CS, Go, juguetes, pistolas, protecci\u00f3n para juegos de tiro, m\u00e1scara a prueba de viento \u00a1! Color: amarillo, colorido, gris, transparente \u00a1! Material: TCU (Marco) + PC (lente) \u00a1! Tama\u00f1o del producto: 5x18x18,5 cm \u00a1! Peso del producto: 180g \u00a1! Dimensiones del paquete: [&hellip;]<\/p>\n","protected":false},"featured_media":57998,"comment_status":"open","ping_status":"closed","template":"","meta":{"jetpack_publicize_message":"","jetpack_publicize_feature_enabled":true,"jetpack_social_post_already_shared":true,"jetpack_social_options":{"image_generator_settings":{"template":"highway","enabled":false},"version":2}},"product_brand":[],"product_cat":[487],"product_tag":[],"class_list":{"0":"post-57709","1":"product","2":"type-product","3":"status-publish","4":"has-post-thumbnail","6":"product_cat-airsoft","8":"first","9":"instock","10":"sale","11":"taxable","12":"shipping-taxable","13":"purchasable","14":"product-type-variable"},"jetpack_publicize_connections":[],"jetpack_sharing_enabled":true,"_links":{"self":[{"href":"https:\/\/bodegaoutdoor.cl\/store\/wp-json\/wp\/v2\/product\/57709","targetHints":{"allow":["GET"]}}],"collection":[{"href":"https:\/\/bodegaoutdoor.cl\/store\/wp-json\/wp\/v2\/product"}],"about":[{"href":"https:\/\/bodegaoutdoor.cl\/store\/wp-json\/wp\/v2\/types\/product"}],"replies":[{"embeddable":true,"href":"https:\/\/bodegaoutdoor.cl\/store\/wp-json\/wp\/v2\/comments?post=57709"}],"version-history":[{"count":2,"href":"https:\/\/bodegaoutdoor.cl\/store\/wp-json\/wp\/v2\/product\/57709\/revisions"}],"predecessor-version":[{"id":70922,"href":"https:\/\/bodegaoutdoor.cl\/store\/wp-json\/wp\/v2\/product\/57709\/revisions\/70922"}],"wp:featuredmedia":[{"embeddable":true,"href":"https:\/\/bodegaoutdoor.cl\/store\/wp-json\/wp\/v2\/media\/57998"}],"wp:attachment":[{"href":"https:\/\/bodegaoutdoor.cl\/store\/wp-json\/wp\/v2\/media?parent=57709"}],"wp:term":[{"taxonomy":"product_brand","embeddable":true,"href":"https:\/\/bodegaoutdoor.cl\/store\/wp-json\/wp\/v2\/product_brand?post=57709"},{"taxonomy":"product_cat","embeddable":true,"href":"https:\/\/bodegaoutdoor.cl\/store\/wp-json\/wp\/v2\/product_cat?post=57709"},{"taxonomy":"product_tag","embeddable":true,"href":"https:\/\/bodegaoutdoor.cl\/store\/wp-json\/wp\/v2\/product_tag?post=57709"}],"curies":[{"name":"wp","href":"https:\/\/api.w.org\/{rel}","templated":true}]}}