{"id":58257,"date":"2022-06-29T07:05:21","date_gmt":"2022-06-29T11:05:21","guid":{"rendered":"https:\/\/bodegaoutdoor.cl\/store\/product\/lemfo-k22-reloj-inteligente-hombre-relogio-inteligente-smart-watch-llamada-bluetooth-relojes-inteligentes-esfera-de-reloj-personalizada-reloj-smartwatch-2022-400-mah-30-days-standby-vs-t-rex-pro-ip67\/"},"modified":"2023-05-04T19:18:44","modified_gmt":"2023-05-04T23:18:44","slug":"reloj-inteligente-hombre-smart-watch-llamada-bluetooth-400-mah-30-days-standby-vs-t-rex-pro-ip67-a-prueba-de-agua","status":"publish","type":"product","link":"https:\/\/bodegaoutdoor.cl\/store\/product\/reloj-inteligente-hombre-smart-watch-llamada-bluetooth-400-mah-30-days-standby-vs-t-rex-pro-ip67-a-prueba-de-agua\/","title":{"rendered":"Reloj inteligente hombre smart watch Llamada Bluetooth 400 mAh 30 Days Standby VS t rex pro IP67 a prueba de agua"},"content":{"rendered":"<p style=\"text-align: center;\"><video style=\"max-width: 100%;\" src=\"\/\/cloud.video.taobao.com\/play\/u\/2596012818\/p\/1\/e\/6\/t\/10301\/346805722652.mp4\" poster=\"https:\/\/ae01.alicdn.com\/kf\/H58c3fcde67474d6c953f4d7d3af52c99u\/LEMFO-K22-reloj-inteligente-hombre-relogio-inteligente-smart-watch-Llamada-Bluetooth-relojes-inteligentes-Esfera-de-reloj.jpg,https:\/\/ae01.alicdn.com\/kf\/H5f02c424d8e041cb9d1c36b370f2ba03N\/LEMFO-K22-reloj-inteligente-hombre-relogio-inteligente-smart-watch-Llamada-Bluetooth-relojes-inteligentes-Esfera-de-reloj.jpg,https:\/\/ae01.alicdn.com\/kf\/H32234c6cce05474d9c4b26e583f2ca23J\/LEMFO-K22-reloj-inteligente-hombre-relogio-inteligente-smart-watch-Llamada-Bluetooth-relojes-inteligentes-Esfera-de-reloj.jpg,https:\/\/ae01.alicdn.com\/kf\/H3b714a2c22a6476ea71b668890979251v\/LEMFO-K22-reloj-inteligente-hombre-relogio-inteligente-smart-watch-Llamada-Bluetooth-relojes-inteligentes-Esfera-de-reloj.jpg,https:\/\/ae01.alicdn.com\/kf\/H2d799296c0f14847bdfe4dcfcf7e2be5Y\/LEMFO-K22-reloj-inteligente-hombre-relogio-inteligente-smart-watch-Llamada-Bluetooth-relojes-inteligentes-Esfera-de-reloj.jpg,https:\/\/ae01.alicdn.com\/kf\/H56336a12b73d4bda9ba74ce40b050896k\/LEMFO-K22-reloj-inteligente-hombre-relogio-inteligente-smart-watch-Llamada-Bluetooth-relojes-inteligentes-Esfera-de-reloj.jpg\" preload=\"auto\" controls=\"controls\" width=\"100%\" height=\"100%\"><\/video><\/p>\n<div>\n<div>\n<p style=\"text-align: center; width: 100%;\" align=\"center\">PK K22 t rex LEMFO LF26 MAX reloj inteligente para hombres llamada Bluetooth 300mAh relojes deportivos reloj inteligente impermeable 2022 1,32 pulgadas 360*360 HD<\/p>\n<div><a href=\"\/\/www.aliexpress.com\/item\/3256804202992390.html?spm\" target=\"_self\" rel=\"noopener\"><img decoding=\"async\" style=\"margin-bottom: 10px;\" title=\"LEMFO K22 reloj inteligente hombre relogio inteligente smart watch Llamada Bluetooth relojes inteligentes Esfera de reloj personalizada reloj smartwatch 2022 400 mAh 30 Days Standby VS t rex pro IP67 a prueba de agua\" src=\"https:\/\/bodegaoutdoor.cl\/store\/wp-content\/uploads\/2022\/06\/58257-aox21d.jpg\" alt=\"LEMFO K22 reloj inteligente hombre relogio inteligente smart watch Llamada Bluetooth relojes inteligentes Esfera de reloj personalizada reloj smartwatch 2022 400 mAh 30 Days Standby VS t rex pro IP67 a prueba de agua\" \/><\/a><\/div>\n<\/div>\n<div>\n<p style=\"text-align: center; width: 100%;\" align=\"center\">Reloj inteligente LEMFO LEM15 GPS LTE 4G reloj inteligente Android 10 4G 128GB tarjeta SIM WiFi C\u00e1mara Dual 900mAh bater\u00eda 2022 para hombres 1,6 pulgadas<\/p>\n<div><a href=\"\/\/www.aliexpress.com\/item\/1005003839454525.html?spm\" target=\"_self\" rel=\"noopener\"><img decoding=\"async\" title=\"LEMFO K22 reloj inteligente hombre relogio inteligente smart watch Llamada Bluetooth relojes inteligentes Esfera de reloj personalizada reloj smartwatch 2022 400 mAh 30 Days Standby VS t rex pro IP67 a prueba de agua\" src=\"https:\/\/bodegaoutdoor.cl\/store\/wp-content\/uploads\/2022\/06\/58257-8wvcbb.jpg\" alt=\"LEMFO K22 reloj inteligente hombre relogio inteligente smart watch Llamada Bluetooth relojes inteligentes Esfera de reloj personalizada reloj smartwatch 2022 400 mAh 30 Days Standby VS t rex pro IP67 a prueba de agua\" \/><\/a><\/div>\n<\/div>\n<div>\n<p style=\"text-align: center; width: 100%;\" align=\"center\">Reloj inteligente LEMFO K22 para hombre, llamada Bluetooth 2021, reloj personalizado, reloj inteligente facial con bater\u00eda de 2021 400mAh, relojes deportivos VS t rex pro para hombres.<\/p>\n<p style=\"font-family: OpenSans; font-size: 14px; font-weight: 300; line-height: 20px; margin-bottom: 12px;\">Chip: Realtek8762C<br \/>\nPantalla: Pantalla t\u00e1ctil completa IPS HD de 1,28 pulgadas<br \/>\nResoluci\u00f3n: 240*240<br \/>\nCapacidad de la bater\u00eda: 400 mAh<br \/>\nM\u00e9todo de carga: Cargador magn\u00e9tico<br \/>\nVersi\u00f3n de Bluetooth: Bluetooth 5,0<br \/>\nAplicaci\u00f3n: Da Fit<br \/>\nResistente al agua: IP67<br \/>\n&#8212; Funciones principales: Llamada Bluetooth, m\u00fasica Bluetooth, esfera de reloj personalizada, monitoreo de frecuencia card\u00edaca, monitoreo de ox\u00edgeno en sangre, monitoreo de presi\u00f3n arterial, monitoreo del sue\u00f1o, recordatorios de llamadas, recordatorios SMS, recordatorio SMS de terceros env\u00edo multiling\u00fce, despertador, recordatorio sedentario, informaci\u00f3n meteorol\u00f3gica<\/p>\n<div><img decoding=\"async\" title=\"LEMFO K22 reloj inteligente hombre relogio inteligente smart watch Llamada Bluetooth relojes inteligentes Esfera de reloj personalizada reloj smartwatch 2022 400 mAh 30 Days Standby VS t rex pro IP67 a prueba de agua\" src=\"https:\/\/bodegaoutdoor.cl\/store\/wp-content\/uploads\/2022\/06\/58257-trwwkx.jpg\" alt=\"LEMFO K22 reloj inteligente hombre relogio inteligente smart watch Llamada Bluetooth relojes inteligentes Esfera de reloj personalizada reloj smartwatch 2022 400 mAh 30 Days Standby VS t rex pro IP67 a prueba de agua\" \/><\/div>\n<\/div>\n<div>\n<p style=\"font-family: OpenSans; font-size: 20px; font-weight: 900; line-height: 28px; margin-bottom: 12px;\">Compatible con Android e iOS<\/p>\n<p style=\"font-family: OpenSans; font-size: 14px; font-weight: 300; line-height: 20px; margin-bottom: 12px;\">&#8212; Sistema de cuerda: compatible con Android 4,4 y superior<br \/>\n&#8212; Sistema iOS: Apple IOS 8,4 y superior<\/p>\n<\/div>\n<div>\n<p style=\"font-family: OpenSans; font-size: 20px; font-weight: 900; line-height: 28px; margin-bottom: 12px;\">Bluetooth llamada<\/p>\n<p style=\"font-family: OpenSans; font-size: 14px; font-weight: 300; line-height: 20px; margin-bottom: 12px;\">&#8212; Despu\u00e9s de conectar el tel\u00e9fono m\u00f3vil y la aplicaci\u00f3n watch, puede usar directamente el reloj para hacer una llamada o marcaci\u00f3n Bluetooth.<\/p>\n<\/div>\n<div>\n<p style=\"font-family: OpenSans; font-size: 20px; font-weight: 900; line-height: 28px; margin-bottom: 12px;\">Reloj personalizado cara<\/p>\n<p style=\"font-family: OpenSans; font-size: 14px; font-weight: 300; line-height: 20px; margin-bottom: 12px;\">-Despu\u00e9s de conectar el tel\u00e9fono m\u00f3vil y la aplicaci\u00f3n watch, las im\u00e1genes del tel\u00e9fono m\u00f3vil se pueden configurar como el patr\u00f3n de pantalla del reloj.<\/p>\n<\/div>\n<div>\n<p style=\"font-family: OpenSans; font-size: 20px; font-weight: 900; line-height: 28px; margin-bottom: 12px;\">Recordatorio de mensaje<\/p>\n<p style=\"font-family: OpenSans; font-size: 14px; font-weight: 300; line-height: 20px; margin-bottom: 12px;\">&#8212; Admite llamadas para recordar, recordatorio SMS, recordatorio de mensajer\u00eda de terceros, pulsaci\u00f3n multiling\u00fce, alarma de reloj, recordatorio de sedentarismo.<\/p>\n<\/div>\n<div>\n<p style=\"font-family: OpenSans; font-size: 20px; font-weight: 900; line-height: 28px; margin-bottom: 12px;\">Vigilancia de la salud<\/p>\n<p style=\"font-family: OpenSans; font-size: 14px; font-weight: 300; line-height: 20px; margin-bottom: 12px;\">&#8212; Admite frecuencia card\u00edaca, presi\u00f3n arterial, ox\u00edgeno en sangre, Detecci\u00f3n del sue\u00f1o (tiempo de sue\u00f1o, calidad del sue\u00f1o) recordatorio.<\/p>\n<\/div>\n<div>\n<p style=\"font-family: OpenSans; font-size: 20px; font-weight: 900; line-height: 28px; margin-bottom: 12px;\">Deportes de vigilancia<\/p>\n<p style=\"font-family: OpenSans; font-size: 14px; font-weight: 300; line-height: 20px; margin-bottom: 12px;\">&#8212; Admite temporizador, pod\u00f3metro, consumo de calor\u00edas, c\u00e1lculo de distancia. Modos deportivos: caminar, correr, ciclismo, cuerda de saltar, b\u00e1dminton, escalada, yoga, abdominales (ocho modos deportivos)<\/p>\n<\/div>\n<div>\n<p style=\"font-family: OpenSans; font-size: 20px; font-weight: 900; line-height: 28px; margin-bottom: 12px;\">IP67 impermeable<\/p>\n<p style=\"font-family: OpenSans; font-size: 14px; font-weight: 300; line-height: 20px; margin-bottom: 12px;\">1. El nivel de impermeabilidad de nuestros productos solo alcanza el nivel de impermeabilidad de por vida<br \/>\n2. Debe quitar el reloj al ba\u00f1arse o nadar para evitar da\u00f1os<br \/>\n3. Pero lavarse las manos a diario, sudar o ser salpicado por la lluvia en nuestros relojes no causar\u00e1 problemas<\/p>\n<\/div>\n<div>\n<p style=\"text-align: center; width: 100%;\" align=\"center\">Idioma para i39<\/p>\n<p style=\"text-align: left; width: 100%;\" align=\"left\">&#8212; Idiomas compatibles con la aplicaci\u00f3n: ingl\u00e9s, chino, japon\u00e9s, coreano, franc\u00e9s, alem\u00e1n, ruso, polaco, espa\u00f1ol, portugu\u00e9s, holand\u00e9s, \u00c1rabe<\/p>\n<p>-Interfaz del reloj idiomas compatibles: chino, ingl\u00e9s, franc\u00e9s, alem\u00e1n, japon\u00e9s, espa\u00f1ol, italiano, ruso, checo, portugu\u00e9s, turco, griego, vietnamita, tailand\u00e9s, \u00e1rabe, polaco, holand\u00e9s<\/p>\n<p>-Idiomas compatibles con push: chino, ingl\u00e9s, franc\u00e9s, alem\u00e1n, japon\u00e9s, espa\u00f1ol, italiano, ruso, checo, portugu\u00e9s, turco, griego, latino, vietnamita, dan\u00e9s, tailand\u00e9s, \u00e1rabe, idiomas polaco, holand\u00e9s, rumano, persa, hebreo<\/p>\n<\/div>\n<div>\n<p style=\"text-align: center; width: 100%;\" align=\"center\">Idioma para K22<\/p>\n<p style=\"font-family: OpenSans; font-size: 14px; font-weight: 300; line-height: 20px; margin-bottom: 12px;\">Idiomas de la interfaz de usuario: ingl\u00e9s, franc\u00e9s, espa\u00f1ol, japon\u00e9s, ruso, portugu\u00e9s<\/p>\n<p>Idiomas de la aplicaci\u00f3n: ingl\u00e9s, alem\u00e1n, franc\u00e9s, espa\u00f1ol, coreano, japon\u00e9s, ruso, ucraniano, \u00e1rabe, portugu\u00e9s, italiano<\/p>\n<\/div>\n<div>\n<p style=\"text-align: center; width: 100%;\" align=\"center\">M\u00e1s detalles para K22<\/p>\n<div><img decoding=\"async\" title=\"LEMFO K22 reloj inteligente hombre relogio inteligente smart watch Llamada Bluetooth relojes inteligentes Esfera de reloj personalizada reloj smartwatch 2022 400 mAh 30 Days Standby VS t rex pro IP67 a prueba de agua\" src=\"https:\/\/bodegaoutdoor.cl\/store\/wp-content\/uploads\/2022\/06\/58257-2bsymn.jpg\" alt=\"LEMFO K22 reloj inteligente hombre relogio inteligente smart watch Llamada Bluetooth relojes inteligentes Esfera de reloj personalizada reloj smartwatch 2022 400 mAh 30 Days Standby VS t rex pro IP67 a prueba de agua\" \/><img decoding=\"async\" title=\"LEMFO K22 reloj inteligente hombre relogio inteligente smart watch Llamada Bluetooth relojes inteligentes Esfera de reloj personalizada reloj smartwatch 2022 400 mAh 30 Days Standby VS t rex pro IP67 a prueba de agua\" src=\"https:\/\/bodegaoutdoor.cl\/store\/wp-content\/uploads\/2022\/06\/58257-7nsqfa.jpg\" alt=\"LEMFO K22 reloj inteligente hombre relogio inteligente smart watch Llamada Bluetooth relojes inteligentes Esfera de reloj personalizada reloj smartwatch 2022 400 mAh 30 Days Standby VS t rex pro IP67 a prueba de agua\" \/><img decoding=\"async\" title=\"LEMFO K22 reloj inteligente hombre relogio inteligente smart watch Llamada Bluetooth relojes inteligentes Esfera de reloj personalizada reloj smartwatch 2022 400 mAh 30 Days Standby VS t rex pro IP67 a prueba de agua\" src=\"https:\/\/bodegaoutdoor.cl\/store\/wp-content\/uploads\/2022\/06\/58257-x8dtkh.jpg\" alt=\"LEMFO K22 reloj inteligente hombre relogio inteligente smart watch Llamada Bluetooth relojes inteligentes Esfera de reloj personalizada reloj smartwatch 2022 400 mAh 30 Days Standby VS t rex pro IP67 a prueba de agua\" \/><img decoding=\"async\" title=\"LEMFO K22 reloj inteligente hombre relogio inteligente smart watch Llamada Bluetooth relojes inteligentes Esfera de reloj personalizada reloj smartwatch 2022 400 mAh 30 Days Standby VS t rex pro IP67 a prueba de agua\" src=\"https:\/\/bodegaoutdoor.cl\/store\/wp-content\/uploads\/2022\/06\/58257-wcozrp.jpg\" alt=\"LEMFO K22 reloj inteligente hombre relogio inteligente smart watch Llamada Bluetooth relojes inteligentes Esfera de reloj personalizada reloj smartwatch 2022 400 mAh 30 Days Standby VS t rex pro IP67 a prueba de agua\" \/><img decoding=\"async\" title=\"LEMFO K22 reloj inteligente hombre relogio inteligente smart watch Llamada Bluetooth relojes inteligentes Esfera de reloj personalizada reloj smartwatch 2022 400 mAh 30 Days Standby VS t rex pro IP67 a prueba de agua\" src=\"https:\/\/bodegaoutdoor.cl\/store\/wp-content\/uploads\/2022\/06\/58257-w9w5t3.jpg\" alt=\"LEMFO K22 reloj inteligente hombre relogio inteligente smart watch Llamada Bluetooth relojes inteligentes Esfera de reloj personalizada reloj smartwatch 2022 400 mAh 30 Days Standby VS t rex pro IP67 a prueba de agua\" \/><img decoding=\"async\" title=\"LEMFO K22 reloj inteligente hombre relogio inteligente smart watch Llamada Bluetooth relojes inteligentes Esfera de reloj personalizada reloj smartwatch 2022 400 mAh 30 Days Standby VS t rex pro IP67 a prueba de agua\" src=\"https:\/\/bodegaoutdoor.cl\/store\/wp-content\/uploads\/2022\/06\/58257-4ahmsi.jpg\" alt=\"LEMFO K22 reloj inteligente hombre relogio inteligente smart watch Llamada Bluetooth relojes inteligentes Esfera de reloj personalizada reloj smartwatch 2022 400 mAh 30 Days Standby VS t rex pro IP67 a prueba de agua\" \/><img decoding=\"async\" title=\"LEMFO K22 reloj inteligente hombre relogio inteligente smart watch Llamada Bluetooth relojes inteligentes Esfera de reloj personalizada reloj smartwatch 2022 400 mAh 30 Days Standby VS t rex pro IP67 a prueba de agua\" src=\"https:\/\/bodegaoutdoor.cl\/store\/wp-content\/uploads\/2022\/06\/58257-s7ugvm.jpg\" alt=\"LEMFO K22 reloj inteligente hombre relogio inteligente smart watch Llamada Bluetooth relojes inteligentes Esfera de reloj personalizada reloj smartwatch 2022 400 mAh 30 Days Standby VS t rex pro IP67 a prueba de agua\" \/><img decoding=\"async\" title=\"LEMFO K22 reloj inteligente hombre relogio inteligente smart watch Llamada Bluetooth relojes inteligentes Esfera de reloj personalizada reloj smartwatch 2022 400 mAh 30 Days Standby VS t rex pro IP67 a prueba de agua\" src=\"https:\/\/bodegaoutdoor.cl\/store\/wp-content\/uploads\/2022\/06\/58257-yxomhi.jpg\" alt=\"LEMFO K22 reloj inteligente hombre relogio inteligente smart watch Llamada Bluetooth relojes inteligentes Esfera de reloj personalizada reloj smartwatch 2022 400 mAh 30 Days Standby VS t rex pro IP67 a prueba de agua\" \/><\/div>\n<\/div>\n<div><img decoding=\"async\" title=\"LEMFO K22 reloj inteligente hombre relogio inteligente smart watch Llamada Bluetooth relojes inteligentes Esfera de reloj personalizada reloj smartwatch 2022 400 mAh 30 Days Standby VS t rex pro IP67 a prueba de agua\" src=\"https:\/\/bodegaoutdoor.cl\/store\/wp-content\/uploads\/2022\/06\/58257-kapcar.jpg\" alt=\"LEMFO K22 reloj inteligente hombre relogio inteligente smart watch Llamada Bluetooth relojes inteligentes Esfera de reloj personalizada reloj smartwatch 2022 400 mAh 30 Days Standby VS t rex pro IP67 a prueba de agua\" \/><img decoding=\"async\" title=\"LEMFO K22 reloj inteligente hombre relogio inteligente smart watch Llamada Bluetooth relojes inteligentes Esfera de reloj personalizada reloj smartwatch 2022 400 mAh 30 Days Standby VS t rex pro IP67 a prueba de agua\" src=\"https:\/\/bodegaoutdoor.cl\/store\/wp-content\/uploads\/2022\/06\/58257-emeg9a.jpg\" alt=\"LEMFO K22 reloj inteligente hombre relogio inteligente smart watch Llamada Bluetooth relojes inteligentes Esfera de reloj personalizada reloj smartwatch 2022 400 mAh 30 Days Standby VS t rex pro IP67 a prueba de agua\" \/><img decoding=\"async\" title=\"LEMFO K22 reloj inteligente hombre relogio inteligente smart watch Llamada Bluetooth relojes inteligentes Esfera de reloj personalizada reloj smartwatch 2022 400 mAh 30 Days Standby VS t rex pro IP67 a prueba de agua\" src=\"https:\/\/bodegaoutdoor.cl\/store\/wp-content\/uploads\/2022\/06\/58257-n0yqfc.jpg\" alt=\"LEMFO K22 reloj inteligente hombre relogio inteligente smart watch Llamada Bluetooth relojes inteligentes Esfera de reloj personalizada reloj smartwatch 2022 400 mAh 30 Days Standby VS t rex pro IP67 a prueba de agua\" \/><img decoding=\"async\" title=\"LEMFO K22 reloj inteligente hombre relogio inteligente smart watch Llamada Bluetooth relojes inteligentes Esfera de reloj personalizada reloj smartwatch 2022 400 mAh 30 Days Standby VS t rex pro IP67 a prueba de agua\" src=\"https:\/\/bodegaoutdoor.cl\/store\/wp-content\/uploads\/2022\/06\/58257-lbmxfb.jpg\" alt=\"LEMFO K22 reloj inteligente hombre relogio inteligente smart watch Llamada Bluetooth relojes inteligentes Esfera de reloj personalizada reloj smartwatch 2022 400 mAh 30 Days Standby VS t rex pro IP67 a prueba de agua\" \/><img decoding=\"async\" title=\"LEMFO K22 reloj inteligente hombre relogio inteligente smart watch Llamada Bluetooth relojes inteligentes Esfera de reloj personalizada reloj smartwatch 2022 400 mAh 30 Days Standby VS t rex pro IP67 a prueba de agua\" src=\"https:\/\/bodegaoutdoor.cl\/store\/wp-content\/uploads\/2022\/06\/58257-ekrddd.jpg\" alt=\"LEMFO K22 reloj inteligente hombre relogio inteligente smart watch Llamada Bluetooth relojes inteligentes Esfera de reloj personalizada reloj smartwatch 2022 400 mAh 30 Days Standby VS t rex pro IP67 a prueba de agua\" \/><img decoding=\"async\" title=\"LEMFO K22 reloj inteligente hombre relogio inteligente smart watch Llamada Bluetooth relojes inteligentes Esfera de reloj personalizada reloj smartwatch 2022 400 mAh 30 Days Standby VS t rex pro IP67 a prueba de agua\" src=\"https:\/\/bodegaoutdoor.cl\/store\/wp-content\/uploads\/2022\/06\/58257-nn717x.jpg\" alt=\"LEMFO K22 reloj inteligente hombre relogio inteligente smart watch Llamada Bluetooth relojes inteligentes Esfera de reloj personalizada reloj smartwatch 2022 400 mAh 30 Days Standby VS t rex pro IP67 a prueba de agua\" \/><img decoding=\"async\" title=\"LEMFO K22 reloj inteligente hombre relogio inteligente smart watch Llamada Bluetooth relojes inteligentes Esfera de reloj personalizada reloj smartwatch 2022 400 mAh 30 Days Standby VS t rex pro IP67 a prueba de agua\" src=\"https:\/\/bodegaoutdoor.cl\/store\/wp-content\/uploads\/2022\/06\/58257-sb9irh.jpg\" alt=\"LEMFO K22 reloj inteligente hombre relogio inteligente smart watch Llamada Bluetooth relojes inteligentes Esfera de reloj personalizada reloj smartwatch 2022 400 mAh 30 Days Standby VS t rex pro IP67 a prueba de agua\" \/><img decoding=\"async\" title=\"LEMFO K22 reloj inteligente hombre relogio inteligente smart watch Llamada Bluetooth relojes inteligentes Esfera de reloj personalizada reloj smartwatch 2022 400 mAh 30 Days Standby VS t rex pro IP67 a prueba de agua\" src=\"https:\/\/bodegaoutdoor.cl\/store\/wp-content\/uploads\/2022\/06\/58257-yipnpt.jpg\" alt=\"LEMFO K22 reloj inteligente hombre relogio inteligente smart watch Llamada Bluetooth relojes inteligentes Esfera de reloj personalizada reloj smartwatch 2022 400 mAh 30 Days Standby VS t rex pro IP67 a prueba de agua\" \/><\/div>\n<div>\n<p style=\"text-align: center; width: 100%;\" align=\"center\">M\u00e1s detalles para i39<\/p>\n<div><\/div>\n<\/div>\n<p>&nbsp;<\/p>\n<\/div>\n\n    <div class=\"xs_social_share_widget xs_share_url after_content \t\tmain_content  wslu-style-1 wslu-share-box-shaped wslu-fill-colored wslu-none wslu-share-horizontal wslu-theme-font-no wslu-main_content\">\n\n\t\t\n        <ul>\n\t\t\t        <\/ul>\n    <\/div> \n","protected":false},"excerpt":{"rendered":"<p>PK K22 t rex LEMFO LF26 MAX reloj inteligente para hombres llamada Bluetooth 300mAh relojes deportivos reloj inteligente impermeable 2022 1,32 pulgadas 360*360 HD Reloj inteligente LEMFO LEM15 GPS LTE 4G reloj inteligente Android 10 4G 128GB tarjeta SIM WiFi C\u00e1mara Dual 900mAh bater\u00eda 2022 para hombres 1,6 pulgadas Reloj inteligente LEMFO K22 para hombre, [&hellip;]<\/p>\n","protected":false},"featured_media":58298,"comment_status":"open","ping_status":"closed","template":"","meta":{"jetpack_publicize_message":"","jetpack_publicize_feature_enabled":true,"jetpack_social_post_already_shared":true,"jetpack_social_options":{"image_generator_settings":{"template":"highway","enabled":false},"version":2}},"product_brand":[],"product_cat":[36],"product_tag":[],"class_list":{"0":"post-58257","1":"product","2":"type-product","3":"status-publish","4":"has-post-thumbnail","6":"product_cat-relojes","8":"first","9":"instock","10":"taxable","11":"shipping-taxable","12":"purchasable","13":"product-type-variable"},"jetpack_publicize_connections":[],"jetpack_sharing_enabled":true,"_links":{"self":[{"href":"https:\/\/bodegaoutdoor.cl\/store\/wp-json\/wp\/v2\/product\/58257","targetHints":{"allow":["GET"]}}],"collection":[{"href":"https:\/\/bodegaoutdoor.cl\/store\/wp-json\/wp\/v2\/product"}],"about":[{"href":"https:\/\/bodegaoutdoor.cl\/store\/wp-json\/wp\/v2\/types\/product"}],"replies":[{"embeddable":true,"href":"https:\/\/bodegaoutdoor.cl\/store\/wp-json\/wp\/v2\/comments?post=58257"}],"version-history":[{"count":2,"href":"https:\/\/bodegaoutdoor.cl\/store\/wp-json\/wp\/v2\/product\/58257\/revisions"}],"predecessor-version":[{"id":70920,"href":"https:\/\/bodegaoutdoor.cl\/store\/wp-json\/wp\/v2\/product\/58257\/revisions\/70920"}],"wp:featuredmedia":[{"embeddable":true,"href":"https:\/\/bodegaoutdoor.cl\/store\/wp-json\/wp\/v2\/media\/58298"}],"wp:attachment":[{"href":"https:\/\/bodegaoutdoor.cl\/store\/wp-json\/wp\/v2\/media?parent=58257"}],"wp:term":[{"taxonomy":"product_brand","embeddable":true,"href":"https:\/\/bodegaoutdoor.cl\/store\/wp-json\/wp\/v2\/product_brand?post=58257"},{"taxonomy":"product_cat","embeddable":true,"href":"https:\/\/bodegaoutdoor.cl\/store\/wp-json\/wp\/v2\/product_cat?post=58257"},{"taxonomy":"product_tag","embeddable":true,"href":"https:\/\/bodegaoutdoor.cl\/store\/wp-json\/wp\/v2\/product_tag?post=58257"}],"curies":[{"name":"wp","href":"https:\/\/api.w.org\/{rel}","templated":true}]}}