{"id":58305,"date":"2022-06-29T07:06:14","date_gmt":"2022-06-29T11:06:14","guid":{"rendered":"https:\/\/bodegaoutdoor.cl\/store\/product\/lemfo-reloj-inteligente-iwo-14-pro-hw67-reloj-inteligente-hombre-llamada-bluetooth-nfc-imagen-de-la-esfera-personalizada-presion-arterial-frecuencia-cardiaca-reloj-inteligente-mujer-smartwatch-soporte\/"},"modified":"2023-05-04T19:18:44","modified_gmt":"2023-05-04T23:18:44","slug":"lemfo-reloj-inteligente-iwo-14-pro-hw67-reloj-inteligente-hombre-llamada-bluetooth-nfc-imagen-de-la-esfera-personalizada-presion-arterial-frecuencia-cardiaca-reloj-inteligente-mujer-smartwatch-soporte","status":"publish","type":"product","link":"https:\/\/bodegaoutdoor.cl\/store\/product\/lemfo-reloj-inteligente-iwo-14-pro-hw67-reloj-inteligente-hombre-llamada-bluetooth-nfc-imagen-de-la-esfera-personalizada-presion-arterial-frecuencia-cardiaca-reloj-inteligente-mujer-smartwatch-soporte\/","title":{"rendered":"Lemfo-reloj inteligente Iwo 14 Pro HW67 reloj inteligente hombre Llamada Bluetooth NFC Imagen de la esfera personalizada Presi\u00f3n arterial Frecuencia card\u00edaca reloj inteligente mujer smartwatch Soporte para  Android Ios"},"content":{"rendered":"<p style=\"text-align: center;\"><video style=\"max-width: 100%;\" src=\"\/\/cloud.video.taobao.com\/play\/u\/2201273007045\/p\/1\/e\/6\/t\/10301\/1100018355019.mp4\" poster=\"https:\/\/ae01.alicdn.com\/kf\/Sfd7b8c156bf143b390225ca3c87faeb81\/Lemfo-reloj-inteligente-Iwo-14-Pro-HW67-reloj-inteligente-hombre-Llamada-Bluetooth-NFC-Imagen-de-la.jpg,https:\/\/ae01.alicdn.com\/kf\/H2e2911d7d169495296341b461d006b4dI\/Lemfo-reloj-inteligente-Iwo-14-Pro-HW67-reloj-inteligente-hombre-Llamada-Bluetooth-NFC-Imagen-de-la.jpg,https:\/\/ae01.alicdn.com\/kf\/Hd4e77f7606684c94a115d1811d56a202D\/Lemfo-reloj-inteligente-Iwo-14-Pro-HW67-reloj-inteligente-hombre-Llamada-Bluetooth-NFC-Imagen-de-la.jpg,https:\/\/ae01.alicdn.com\/kf\/Hf7401918bf814d41b8ea20010156f657Q\/Lemfo-reloj-inteligente-Iwo-14-Pro-HW67-reloj-inteligente-hombre-Llamada-Bluetooth-NFC-Imagen-de-la.jpg,https:\/\/ae01.alicdn.com\/kf\/Hbc70e09564634d389f8b2ab429f439f31\/Lemfo-reloj-inteligente-Iwo-14-Pro-HW67-reloj-inteligente-hombre-Llamada-Bluetooth-NFC-Imagen-de-la.jpg,https:\/\/ae01.alicdn.com\/kf\/H144d55121f094350b677ece227176f75l\/Lemfo-reloj-inteligente-Iwo-14-Pro-HW67-reloj-inteligente-hombre-Llamada-Bluetooth-NFC-Imagen-de-la.jpg\" preload=\"auto\" controls=\"controls\" width=\"100%\" height=\"100%\"><\/video><\/p>\n<p>&nbsp;<\/p>\n<div>\n<p style=\"font-family: OpenSans; font-size: 16px; font-weight: bold; text-align: left; width: 100%;\" align=\"left\">Reloj inteligente Lemfo IWO S7<\/p>\n<p style=\"font-family: OpenSans; font-size: 14px; text-align: center; width: 100%;\" align=\"center\">Para ver 7<\/p>\n<div><img decoding=\"async\" title=\"Lemfo-reloj inteligente Iwo 14 Pro HW67 reloj inteligente hombre Llamada Bluetooth NFC Imagen de la esfera personalizada Presi\u00f3n arterial Frecuencia card\u00edaca reloj inteligente mujer smartwatch Soporte para Android Ios\" src=\"https:\/\/bodegaoutdoor.cl\/store\/wp-content\/uploads\/2022\/06\/58305-xibwum.jpg\" alt=\"Lemfo-reloj inteligente Iwo 14 Pro HW67 reloj inteligente hombre Llamada Bluetooth NFC Imagen de la esfera personalizada Presi\u00f3n arterial Frecuencia card\u00edaca reloj inteligente mujer smartwatch Soporte para Android Ios\" \/><\/div>\n<\/div>\n<div><img decoding=\"async\" title=\"Lemfo-reloj inteligente Iwo 14 Pro HW67 reloj inteligente hombre Llamada Bluetooth NFC Imagen de la esfera personalizada Presi\u00f3n arterial Frecuencia card\u00edaca reloj inteligente mujer smartwatch Soporte para Android Ios\" src=\"https:\/\/bodegaoutdoor.cl\/store\/wp-content\/uploads\/2022\/06\/58305-taslbq.jpg\" alt=\"Lemfo-reloj inteligente Iwo 14 Pro HW67 reloj inteligente hombre Llamada Bluetooth NFC Imagen de la esfera personalizada Presi\u00f3n arterial Frecuencia card\u00edaca reloj inteligente mujer smartwatch Soporte para Android Ios\" \/><\/div>\n<div>\n<p style=\"font-family: OpenSans; font-size: 16px; font-weight: bold; text-align: left; width: 100%;\" align=\"left\">Consejos de compras<\/p>\n<p style=\"font-family: OpenSans; font-size: 14px; text-align: left; width: 100%;\" align=\"left\">Soluci\u00f3n a la falla del tel\u00e9fono inteligente para conectar al reloj.<br \/>\n\u2460 Restaura el reloj a la configuraci\u00f3n de f\u00e1brica.<br \/>\n\u2461 Enciende el Bluetooth del reloj y a\u00f1ade un dispositivo a la aplicaci\u00f3n (Wearfit Pro).<br \/>\n\u2462 Conecte el (llamada de reloj) en el Bluetooth del tel\u00e9fono inteligente de nuevo.(No conecte el reloj en el smartphone Bluetooth)<br \/>\n\u2463 Configure la agenda del Tel\u00e9fono, empuje de informaci\u00f3n y otras funciones en la aplicaci\u00f3n.<br \/>\n\u2464 Para algunas combinaciones con correas adicionales, utilizamos un nuevo paquete de relojes.<\/p>\n<\/div>\n<div>\n<p style=\"font-family: OpenSans; font-size: 20px; font-weight: 900; line-height: 28px; margin-bottom: 12px;\">Notificaci\u00f3n<\/p>\n<p style=\"font-family: OpenSans; font-size: 14px; font-weight: 300; line-height: 20px; margin-bottom: 12px;\">Debido al aumento del volumen de carga internacional, adoptamos un nuevo embalaje peque\u00f1o para mantener el precio sin cambios.<br \/>\nW37 actualiza la apariencia y la pantalla, y el modelo actualizado es S7, con una pantalla m\u00e1s grande y asistencia de voz.<\/p>\n<div><img decoding=\"async\" title=\"Lemfo-reloj inteligente Iwo 14 Pro HW67 reloj inteligente hombre Llamada Bluetooth NFC Imagen de la esfera personalizada Presi\u00f3n arterial Frecuencia card\u00edaca reloj inteligente mujer smartwatch Soporte para Android Ios\" src=\"https:\/\/bodegaoutdoor.cl\/store\/wp-content\/uploads\/2022\/06\/58305-bqxett.jpg\" alt=\"Lemfo-reloj inteligente Iwo 14 Pro HW67 reloj inteligente hombre Llamada Bluetooth NFC Imagen de la esfera personalizada Presi\u00f3n arterial Frecuencia card\u00edaca reloj inteligente mujer smartwatch Soporte para Android Ios\" \/><\/div>\n<\/div>\n<div>\n<div>\n<div id=\"1100011065054\" data-previewurl=\"\/\/ae01.alicdn.com\/kf\/Sdf3921ae4d9746a4b01a770e54071804O.jpg\"><\/div>\n<\/div>\n<\/div>\n<div>\n<p style=\"font-family: OpenSans; font-size: 24px; font-weight: bold; text-align: left; width: 100%;\" align=\"left\">Ver las especificaciones<\/p>\n<p style=\"font-family: OpenSans; font-size: 14px; font-weight: 300; line-height: 20px; margin-bottom: 12px;\">\u25b3CPU:HS6621<br \/>\n\u25b3Size:44*38*10,8mm<br \/>\n\u25b3Weight:50g<br \/>\n\u25b3Charger:<br \/>\n\u25b3Pantalla: Pantalla TFT de 1,75 pulgadas, 320*385 p\u00edxeles<br \/>\n\u25b3Panel t\u00e1ctil: toque m\u00faltiple<br \/>\n\u25b3Bater\u00eda: Bater\u00eda de pol\u00edmero de iones de litio de 230MAH, 150 minutos para carga completa<br \/>\n\u25b3Bluetooth:BT3.0 + 5,0<br \/>\n\u25b3Waterproof: La vida impermeable<br \/>\nNo utilizar en agua caliente o sauna<\/p>\n<\/div>\n<div>\n<p style=\"font-family: OpenSans; font-size: 16px; font-weight: bold; text-align: left; width: 100%;\" align=\"left\">Funci\u00f3n de reloj<\/p>\n<p style=\"font-family: OpenSans; font-size: 14px; font-weight: 300; line-height: 20px; margin-bottom: 12px;\">\u25cfBluetooth llamada y respuesta<br \/>\n\u25cfDIY ver dail<br \/>\n\u25cfCall libro<br \/>\n\u25cfMessage empujar<br \/>\n\u25cfSplit pantalla<br \/>\n\u25cf Medici\u00f3n de frecuencia card\u00edaca y presi\u00f3n arterial<br \/>\n\u25cfSleep registro<br \/>\n\u25cfSport registro de datos<br \/>\n\u25cf Reloj despertador, cron\u00f3metro, control de m\u00fasica, calculadora, fotograf\u00eda remota, protecci\u00f3n con contrase\u00f1a, etc.<\/p>\n<\/div>\n<div>\n<p style=\"font-family: OpenSans; font-size: 16px; font-weight: bold; text-align: left; width: 100%;\" align=\"left\">Idioma<\/p>\n<p style=\"font-family: OpenSans; font-size: 14px; font-weight: 300; line-height: 20px; margin-bottom: 12px;\">Ingl\u00e9s, \u00e1rabe, franc\u00e9s, alem\u00e1n, espa\u00f1ol, portugu\u00e9s, ruso, tailand\u00e9s, polaco, italiano, japon\u00e9s, turco, griego, vietnamita, hebreo, persa, chino, chino tradicional<\/p>\n<\/div>\n<div>\n<p style=\"font-family: OpenSans; font-size: 20px; font-weight: 900; line-height: 28px; margin-bottom: 12px;\">Pantalla<\/p>\n<p style=\"font-family: OpenSans; font-size: 14px; font-weight: 300; line-height: 20px; margin-bottom: 12px;\">1,75 pulgadas de pantalla HD<br \/>\nResoluci\u00f3n de 320&#215;385 p\u00edxeles<br \/>\n80% de saturaci\u00f3n de color<br \/>\nEspecialmente en fondo negro y toda la interfaz est\u00e1 integrada con el borde casi tan negro como la Pantalla AMOLED.<\/p>\n<div><img decoding=\"async\" title=\"Lemfo-reloj inteligente Iwo 14 Pro HW67 reloj inteligente hombre Llamada Bluetooth NFC Imagen de la esfera personalizada Presi\u00f3n arterial Frecuencia card\u00edaca reloj inteligente mujer smartwatch Soporte para Android Ios\" src=\"https:\/\/bodegaoutdoor.cl\/store\/wp-content\/uploads\/2022\/06\/58305-3ch6oe.jpg\" alt=\"Lemfo-reloj inteligente Iwo 14 Pro HW67 reloj inteligente hombre Llamada Bluetooth NFC Imagen de la esfera personalizada Presi\u00f3n arterial Frecuencia card\u00edaca reloj inteligente mujer smartwatch Soporte para Android Ios\" \/><img decoding=\"async\" title=\"Lemfo-reloj inteligente Iwo 14 Pro HW67 reloj inteligente hombre Llamada Bluetooth NFC Imagen de la esfera personalizada Presi\u00f3n arterial Frecuencia card\u00edaca reloj inteligente mujer smartwatch Soporte para Android Ios\" src=\"https:\/\/bodegaoutdoor.cl\/store\/wp-content\/uploads\/2022\/06\/58305-m0jmfw.jpg\" alt=\"Lemfo-reloj inteligente Iwo 14 Pro HW67 reloj inteligente hombre Llamada Bluetooth NFC Imagen de la esfera personalizada Presi\u00f3n arterial Frecuencia card\u00edaca reloj inteligente mujer smartwatch Soporte para Android Ios\" \/><\/div>\n<\/div>\n<div>\n<p style=\"font-family: OpenSans; font-size: 20px; font-weight: 900; line-height: 28px; margin-bottom: 12px;\">Diy reloj<\/p>\n<p style=\"font-family: OpenSans; font-size: 14px; font-weight: 300; line-height: 20px; margin-bottom: 12px;\">1. Puede configurar la imagen en su tel\u00e9fono m\u00f3vil como esfera de su reloj a trav\u00e9s de la aplicaci\u00f3n<br \/>\n2. Puede haber dos interfaces de interfaz de usuario en una pantalla<br \/>\nPuedes configurar funciones comunes en otra interfaz, solo tienes que deslizar para abrirlo.<\/p>\n<div><img decoding=\"async\" title=\"Lemfo-reloj inteligente Iwo 14 Pro HW67 reloj inteligente hombre Llamada Bluetooth NFC Imagen de la esfera personalizada Presi\u00f3n arterial Frecuencia card\u00edaca reloj inteligente mujer smartwatch Soporte para Android Ios\" src=\"https:\/\/bodegaoutdoor.cl\/store\/wp-content\/uploads\/2022\/06\/58305-clkekh.jpg\" alt=\"Lemfo-reloj inteligente Iwo 14 Pro HW67 reloj inteligente hombre Llamada Bluetooth NFC Imagen de la esfera personalizada Presi\u00f3n arterial Frecuencia card\u00edaca reloj inteligente mujer smartwatch Soporte para Android Ios\" \/><\/div>\n<\/div>\n<div>\n<p style=\"font-family: OpenSans; font-size: 20px; font-weight: 900; line-height: 28px; margin-bottom: 12px;\">Operaci\u00f3n r\u00e1pida<\/p>\n<p style=\"font-family: OpenSans; font-size: 14px; font-weight: 300; line-height: 20px; margin-bottom: 12px;\">1. Bot\u00f3n de tornillo:<br \/>\nPuedes girar el bot\u00f3n de tornillo para cambiar la imagen del reloj.<br \/>\nTambi\u00e9n puedes cambiar las opciones de funci\u00f3n<br \/>\n2. Puedes configurar la mu\u00f1eca abatible para iluminar la pantalla.<br \/>\nInformaci\u00f3n y hora f\u00e1ciles de ver<\/p>\n<div><img decoding=\"async\" title=\"Lemfo-reloj inteligente Iwo 14 Pro HW67 reloj inteligente hombre Llamada Bluetooth NFC Imagen de la esfera personalizada Presi\u00f3n arterial Frecuencia card\u00edaca reloj inteligente mujer smartwatch Soporte para Android Ios\" src=\"https:\/\/bodegaoutdoor.cl\/store\/wp-content\/uploads\/2022\/06\/58305-0z0olw.jpg\" alt=\"Lemfo-reloj inteligente Iwo 14 Pro HW67 reloj inteligente hombre Llamada Bluetooth NFC Imagen de la esfera personalizada Presi\u00f3n arterial Frecuencia card\u00edaca reloj inteligente mujer smartwatch Soporte para Android Ios\" \/><img decoding=\"async\" title=\"Lemfo-reloj inteligente Iwo 14 Pro HW67 reloj inteligente hombre Llamada Bluetooth NFC Imagen de la esfera personalizada Presi\u00f3n arterial Frecuencia card\u00edaca reloj inteligente mujer smartwatch Soporte para Android Ios\" src=\"https:\/\/bodegaoutdoor.cl\/store\/wp-content\/uploads\/2022\/06\/58305-xgfkoc.jpg\" alt=\"Lemfo-reloj inteligente Iwo 14 Pro HW67 reloj inteligente hombre Llamada Bluetooth NFC Imagen de la esfera personalizada Presi\u00f3n arterial Frecuencia card\u00edaca reloj inteligente mujer smartwatch Soporte para Android Ios\" \/><\/div>\n<\/div>\n<div>\n<p style=\"font-family: OpenSans; font-size: 20px; font-weight: 900; line-height: 28px; margin-bottom: 12px;\">Pulsador de llamadas y mensajes Bluetooth<\/p>\n<p style=\"font-family: OpenSans; font-size: 14px; font-weight: 300; line-height: 20px; margin-bottom: 12px;\">1. Puedes usar tu reloj para hacer y recibir llamadas<br \/>\nAl mismo tiempo, tiene la funci\u00f3n de agenda telef\u00f3nica y registro de llamadas<br \/>\n2. El reloj puede recibir notificaciones de informaci\u00f3n de aplicaciones convencionales y soporta 25 idiomas comunes.<\/p>\n<div><img decoding=\"async\" title=\"Lemfo-reloj inteligente Iwo 14 Pro HW67 reloj inteligente hombre Llamada Bluetooth NFC Imagen de la esfera personalizada Presi\u00f3n arterial Frecuencia card\u00edaca reloj inteligente mujer smartwatch Soporte para Android Ios\" src=\"https:\/\/bodegaoutdoor.cl\/store\/wp-content\/uploads\/2022\/06\/58305-aqr9kd.jpg\" alt=\"Lemfo-reloj inteligente Iwo 14 Pro HW67 reloj inteligente hombre Llamada Bluetooth NFC Imagen de la esfera personalizada Presi\u00f3n arterial Frecuencia card\u00edaca reloj inteligente mujer smartwatch Soporte para Android Ios\" \/><img decoding=\"async\" title=\"Lemfo-reloj inteligente Iwo 14 Pro HW67 reloj inteligente hombre Llamada Bluetooth NFC Imagen de la esfera personalizada Presi\u00f3n arterial Frecuencia card\u00edaca reloj inteligente mujer smartwatch Soporte para Android Ios\" src=\"https:\/\/bodegaoutdoor.cl\/store\/wp-content\/uploads\/2022\/06\/58305-qyzctf.jpg\" alt=\"Lemfo-reloj inteligente Iwo 14 Pro HW67 reloj inteligente hombre Llamada Bluetooth NFC Imagen de la esfera personalizada Presi\u00f3n arterial Frecuencia card\u00edaca reloj inteligente mujer smartwatch Soporte para Android Ios\" \/><\/div>\n<\/div>\n<div>\n<p style=\"font-family: OpenSans; font-size: 20px; font-weight: 900; line-height: 28px; margin-bottom: 12px;\">La protecci\u00f3n de la salud<\/p>\n<p style=\"font-family: OpenSans; font-size: 14px; font-weight: 300; line-height: 20px; margin-bottom: 12px;\">El reloj utiliza un monitor ECG. Tiene funci\u00f3n de monitorizaci\u00f3n de frecuencia card\u00edaca y presi\u00f3n arterial.<br \/>\nPodr\u00e1 controlar y registrar sus datos de salud y sue\u00f1o todo el d\u00eda.<\/p>\n<div><img decoding=\"async\" title=\"Lemfo-reloj inteligente Iwo 14 Pro HW67 reloj inteligente hombre Llamada Bluetooth NFC Imagen de la esfera personalizada Presi\u00f3n arterial Frecuencia card\u00edaca reloj inteligente mujer smartwatch Soporte para Android Ios\" src=\"https:\/\/bodegaoutdoor.cl\/store\/wp-content\/uploads\/2022\/06\/58305-hwqai9.jpg\" alt=\"Lemfo-reloj inteligente Iwo 14 Pro HW67 reloj inteligente hombre Llamada Bluetooth NFC Imagen de la esfera personalizada Presi\u00f3n arterial Frecuencia card\u00edaca reloj inteligente mujer smartwatch Soporte para Android Ios\" \/><img decoding=\"async\" title=\"Lemfo-reloj inteligente Iwo 14 Pro HW67 reloj inteligente hombre Llamada Bluetooth NFC Imagen de la esfera personalizada Presi\u00f3n arterial Frecuencia card\u00edaca reloj inteligente mujer smartwatch Soporte para Android Ios\" src=\"https:\/\/bodegaoutdoor.cl\/store\/wp-content\/uploads\/2022\/06\/58305-hjfc43.jpg\" alt=\"Lemfo-reloj inteligente Iwo 14 Pro HW67 reloj inteligente hombre Llamada Bluetooth NFC Imagen de la esfera personalizada Presi\u00f3n arterial Frecuencia card\u00edaca reloj inteligente mujer smartwatch Soporte para Android Ios\" \/><img decoding=\"async\" title=\"Lemfo-reloj inteligente Iwo 14 Pro HW67 reloj inteligente hombre Llamada Bluetooth NFC Imagen de la esfera personalizada Presi\u00f3n arterial Frecuencia card\u00edaca reloj inteligente mujer smartwatch Soporte para Android Ios\" src=\"https:\/\/bodegaoutdoor.cl\/store\/wp-content\/uploads\/2022\/06\/58305-or8yjs.jpg\" alt=\"Lemfo-reloj inteligente Iwo 14 Pro HW67 reloj inteligente hombre Llamada Bluetooth NFC Imagen de la esfera personalizada Presi\u00f3n arterial Frecuencia card\u00edaca reloj inteligente mujer smartwatch Soporte para Android Ios\" \/><\/div>\n<\/div>\n<div>\n<p style=\"font-family: OpenSans; font-size: 20px; font-weight: 900; line-height: 28px; margin-bottom: 12px;\">M\u00faltiples deporte modos<\/p>\n<p style=\"font-family: OpenSans; font-size: 14px; font-weight: 300; line-height: 20px; margin-bottom: 12px;\">M\u00e1s de 10 modos deportivos pueden registrar con precisi\u00f3n su consumo de energ\u00eda deportiva y datos deportivos<\/p>\n<div><img decoding=\"async\" title=\"Lemfo-reloj inteligente Iwo 14 Pro HW67 reloj inteligente hombre Llamada Bluetooth NFC Imagen de la esfera personalizada Presi\u00f3n arterial Frecuencia card\u00edaca reloj inteligente mujer smartwatch Soporte para Android Ios\" src=\"https:\/\/bodegaoutdoor.cl\/store\/wp-content\/uploads\/2022\/06\/58305-ch60uk.jpg\" alt=\"Lemfo-reloj inteligente Iwo 14 Pro HW67 reloj inteligente hombre Llamada Bluetooth NFC Imagen de la esfera personalizada Presi\u00f3n arterial Frecuencia card\u00edaca reloj inteligente mujer smartwatch Soporte para Android Ios\" \/><img decoding=\"async\" title=\"Lemfo-reloj inteligente Iwo 14 Pro HW67 reloj inteligente hombre Llamada Bluetooth NFC Imagen de la esfera personalizada Presi\u00f3n arterial Frecuencia card\u00edaca reloj inteligente mujer smartwatch Soporte para Android Ios\" src=\"https:\/\/bodegaoutdoor.cl\/store\/wp-content\/uploads\/2022\/06\/58305-nnw2pn.jpg\" alt=\"Lemfo-reloj inteligente Iwo 14 Pro HW67 reloj inteligente hombre Llamada Bluetooth NFC Imagen de la esfera personalizada Presi\u00f3n arterial Frecuencia card\u00edaca reloj inteligente mujer smartwatch Soporte para Android Ios\" \/><\/div>\n<\/div>\n<div>\n<p style=\"font-family: OpenSans; font-size: 20px; font-weight: 900; line-height: 28px; margin-bottom: 12px;\">Otras funciones<\/p>\n<p style=\"font-family: OpenSans; font-size: 14px; font-weight: 300; line-height: 20px; margin-bottom: 12px;\">El reloj tambi\u00e9n tiene algunas funciones pr\u00e1cticas, como control de m\u00fasica, calculadora y cuenta atr\u00e1s<br \/>\nRegistro de sue\u00f1o, entrenamiento de respiraci\u00f3n, protecci\u00f3n con contrase\u00f1a. Etc.<\/p>\n<div><img decoding=\"async\" title=\"Lemfo-reloj inteligente Iwo 14 Pro HW67 reloj inteligente hombre Llamada Bluetooth NFC Imagen de la esfera personalizada Presi\u00f3n arterial Frecuencia card\u00edaca reloj inteligente mujer smartwatch Soporte para Android Ios\" src=\"https:\/\/bodegaoutdoor.cl\/store\/wp-content\/uploads\/2022\/06\/58305-zt0yoy.jpg\" alt=\"Lemfo-reloj inteligente Iwo 14 Pro HW67 reloj inteligente hombre Llamada Bluetooth NFC Imagen de la esfera personalizada Presi\u00f3n arterial Frecuencia card\u00edaca reloj inteligente mujer smartwatch Soporte para Android Ios\" \/><img decoding=\"async\" title=\"Lemfo-reloj inteligente Iwo 14 Pro HW67 reloj inteligente hombre Llamada Bluetooth NFC Imagen de la esfera personalizada Presi\u00f3n arterial Frecuencia card\u00edaca reloj inteligente mujer smartwatch Soporte para Android Ios\" src=\"https:\/\/bodegaoutdoor.cl\/store\/wp-content\/uploads\/2022\/06\/58305-rdpsqo.jpg\" alt=\"Lemfo-reloj inteligente Iwo 14 Pro HW67 reloj inteligente hombre Llamada Bluetooth NFC Imagen de la esfera personalizada Presi\u00f3n arterial Frecuencia card\u00edaca reloj inteligente mujer smartwatch Soporte para Android Ios\" \/><\/div>\n<\/div>\n<div>\n<p style=\"font-family: OpenSans; font-size: 20px; font-weight: 900; line-height: 28px; margin-bottom: 12px;\">Rendimiento<\/p>\n<p style=\"font-family: OpenSans; font-size: 14px; font-weight: 300; line-height: 20px; margin-bottom: 12px;\">La capacidad de la bater\u00eda del reloj es de 230mah<br \/>\nEl reloj tiene dos modos de espera.<br \/>\nUno es el modo de reloj, que apaga la funci\u00f3n Bluetooth y se puede utilizar durante 5-10 d\u00edas.<br \/>\nEl otro es el modo de llamada, que se puede utilizar durante 2-3 d\u00edas con el m\u00f3dulo Bluetooth todo el d\u00eda.<br \/>\nResistente al agua:<br \/>\nEl reloj puede resistir el ambiente h\u00famedo com\u00fan y se puede usar en d\u00edas lluviosos y cuando se lava las manos.<br \/>\nPero no se puede utilizar en ba\u00f1os calientes y saunas, as\u00ed como en agua de mar, porque el agua caliente y los l\u00edquidos \u00e1cidos pueden corroer los componentes electr\u00f3nicos<\/p>\n<div><img decoding=\"async\" title=\"Lemfo-reloj inteligente Iwo 14 Pro HW67 reloj inteligente hombre Llamada Bluetooth NFC Imagen de la esfera personalizada Presi\u00f3n arterial Frecuencia card\u00edaca reloj inteligente mujer smartwatch Soporte para Android Ios\" src=\"https:\/\/bodegaoutdoor.cl\/store\/wp-content\/uploads\/2022\/06\/58305-linml9.jpg\" alt=\"Lemfo-reloj inteligente Iwo 14 Pro HW67 reloj inteligente hombre Llamada Bluetooth NFC Imagen de la esfera personalizada Presi\u00f3n arterial Frecuencia card\u00edaca reloj inteligente mujer smartwatch Soporte para Android Ios\" \/><img decoding=\"async\" title=\"Lemfo-reloj inteligente Iwo 14 Pro HW67 reloj inteligente hombre Llamada Bluetooth NFC Imagen de la esfera personalizada Presi\u00f3n arterial Frecuencia card\u00edaca reloj inteligente mujer smartwatch Soporte para Android Ios\" src=\"https:\/\/bodegaoutdoor.cl\/store\/wp-content\/uploads\/2022\/06\/58305-upi6a3.jpg\" alt=\"Lemfo-reloj inteligente Iwo 14 Pro HW67 reloj inteligente hombre Llamada Bluetooth NFC Imagen de la esfera personalizada Presi\u00f3n arterial Frecuencia card\u00edaca reloj inteligente mujer smartwatch Soporte para Android Ios\" \/><\/div>\n<\/div>\n<div><img decoding=\"async\" title=\"Lemfo-reloj inteligente Iwo 14 Pro HW67 reloj inteligente hombre Llamada Bluetooth NFC Imagen de la esfera personalizada Presi\u00f3n arterial Frecuencia card\u00edaca reloj inteligente mujer smartwatch Soporte para Android Ios\" src=\"https:\/\/bodegaoutdoor.cl\/store\/wp-content\/uploads\/2022\/06\/58305-32ycrt.jpg\" alt=\"Lemfo-reloj inteligente Iwo 14 Pro HW67 reloj inteligente hombre Llamada Bluetooth NFC Imagen de la esfera personalizada Presi\u00f3n arterial Frecuencia card\u00edaca reloj inteligente mujer smartwatch Soporte para Android Ios\" \/><img decoding=\"async\" title=\"Lemfo-reloj inteligente Iwo 14 Pro HW67 reloj inteligente hombre Llamada Bluetooth NFC Imagen de la esfera personalizada Presi\u00f3n arterial Frecuencia card\u00edaca reloj inteligente mujer smartwatch Soporte para Android Ios\" src=\"https:\/\/bodegaoutdoor.cl\/store\/wp-content\/uploads\/2022\/06\/58305-fkujrs.jpg\" alt=\"Lemfo-reloj inteligente Iwo 14 Pro HW67 reloj inteligente hombre Llamada Bluetooth NFC Imagen de la esfera personalizada Presi\u00f3n arterial Frecuencia card\u00edaca reloj inteligente mujer smartwatch Soporte para Android Ios\" \/><\/div>\n<p>&nbsp;<\/p>\n\n    <div class=\"xs_social_share_widget xs_share_url after_content \t\tmain_content  wslu-style-1 wslu-share-box-shaped wslu-fill-colored wslu-none wslu-share-horizontal wslu-theme-font-no wslu-main_content\">\n\n\t\t\n        <ul>\n\t\t\t        <\/ul>\n    <\/div> \n","protected":false},"excerpt":{"rendered":"<p>&nbsp; Reloj inteligente Lemfo IWO S7 Para ver 7 Consejos de compras Soluci\u00f3n a la falla del tel\u00e9fono inteligente para conectar al reloj. \u2460 Restaura el reloj a la configuraci\u00f3n de f\u00e1brica. \u2461 Enciende el Bluetooth del reloj y a\u00f1ade un dispositivo a la aplicaci\u00f3n (Wearfit Pro). \u2462 Conecte el (llamada de reloj) en el [&hellip;]<\/p>\n","protected":false},"featured_media":58484,"comment_status":"open","ping_status":"closed","template":"","meta":{"jetpack_publicize_message":"","jetpack_publicize_feature_enabled":true,"jetpack_social_post_already_shared":true,"jetpack_social_options":{"image_generator_settings":{"template":"highway","enabled":false},"version":2}},"product_brand":[],"product_cat":[36],"product_tag":[],"class_list":{"0":"post-58305","1":"product","2":"type-product","3":"status-publish","4":"has-post-thumbnail","6":"product_cat-relojes","8":"first","9":"instock","10":"taxable","11":"shipping-taxable","12":"purchasable","13":"product-type-variable"},"jetpack_publicize_connections":[],"jetpack_sharing_enabled":true,"_links":{"self":[{"href":"https:\/\/bodegaoutdoor.cl\/store\/wp-json\/wp\/v2\/product\/58305","targetHints":{"allow":["GET"]}}],"collection":[{"href":"https:\/\/bodegaoutdoor.cl\/store\/wp-json\/wp\/v2\/product"}],"about":[{"href":"https:\/\/bodegaoutdoor.cl\/store\/wp-json\/wp\/v2\/types\/product"}],"replies":[{"embeddable":true,"href":"https:\/\/bodegaoutdoor.cl\/store\/wp-json\/wp\/v2\/comments?post=58305"}],"version-history":[{"count":1,"href":"https:\/\/bodegaoutdoor.cl\/store\/wp-json\/wp\/v2\/product\/58305\/revisions"}],"predecessor-version":[{"id":70919,"href":"https:\/\/bodegaoutdoor.cl\/store\/wp-json\/wp\/v2\/product\/58305\/revisions\/70919"}],"wp:featuredmedia":[{"embeddable":true,"href":"https:\/\/bodegaoutdoor.cl\/store\/wp-json\/wp\/v2\/media\/58484"}],"wp:attachment":[{"href":"https:\/\/bodegaoutdoor.cl\/store\/wp-json\/wp\/v2\/media?parent=58305"}],"wp:term":[{"taxonomy":"product_brand","embeddable":true,"href":"https:\/\/bodegaoutdoor.cl\/store\/wp-json\/wp\/v2\/product_brand?post=58305"},{"taxonomy":"product_cat","embeddable":true,"href":"https:\/\/bodegaoutdoor.cl\/store\/wp-json\/wp\/v2\/product_cat?post=58305"},{"taxonomy":"product_tag","embeddable":true,"href":"https:\/\/bodegaoutdoor.cl\/store\/wp-json\/wp\/v2\/product_tag?post=58305"}],"curies":[{"name":"wp","href":"https:\/\/api.w.org\/{rel}","templated":true}]}}