{"id":59441,"date":"2022-07-11T18:44:10","date_gmt":"2022-07-11T22:44:10","guid":{"rendered":"https:\/\/bodegaoutdoor.cl\/store\/product\/auriculares-de-conduccion-osea-para-xiaomi-y-huawei-cascos-inalambricos-impermeables-ipx8-deportivos-para-correr-al-aire-libre-bluetooth-51\/"},"modified":"2023-05-04T19:18:43","modified_gmt":"2023-05-04T23:18:43","slug":"auriculares-de-conduccion-inalambricos-impermeables-ipx8-deportivos-bluetooth-51","status":"publish","type":"product","link":"https:\/\/bodegaoutdoor.cl\/store\/product\/auriculares-de-conduccion-inalambricos-impermeables-ipx8-deportivos-bluetooth-51\/","title":{"rendered":"Auriculares de conducci\u00f3n  inal\u00e1mbricos impermeables IPX8, deportivos, Bluetooth 5,1"},"content":{"rendered":"<p style=\"text-align: center;\"><video style=\"max-width: 100%;\" src=\"\/\/cloud.video.taobao.com\/play\/u\/2207254997162\/p\/1\/e\/6\/t\/10301\/324230408816.mp4\" poster=\"https:\/\/ae01.alicdn.com\/kf\/S99ec2b4cb1f24849b43f486811b0d762P\/Auriculares-de-conducci-n-sea-para-Xiaomi-y-Huawei-cascos-inal-mbricos-impermeables-IPX8-deportivos-para.jpg,https:\/\/ae01.alicdn.com\/kf\/H0734160c11764cbd84dd83864c782a54F\/Auriculares-de-conducci-n-sea-para-Xiaomi-y-Huawei-cascos-inal-mbricos-impermeables-IPX8-deportivos-para.jpg,https:\/\/ae01.alicdn.com\/kf\/H6ab9b8b8034047d5a3f6ff0f756bb5fc7\/Auriculares-de-conducci-n-sea-para-Xiaomi-y-Huawei-cascos-inal-mbricos-impermeables-IPX8-deportivos-para.jpg,https:\/\/ae01.alicdn.com\/kf\/H2ff5bedf8cba432395f32d212fc4034fq\/Auriculares-de-conducci-n-sea-para-Xiaomi-y-Huawei-cascos-inal-mbricos-impermeables-IPX8-deportivos-para.jpg,https:\/\/ae01.alicdn.com\/kf\/Hd3330e84832749b0b6d6f414062e7f34F\/Auriculares-de-conducci-n-sea-para-Xiaomi-y-Huawei-cascos-inal-mbricos-impermeables-IPX8-deportivos-para.jpg,https:\/\/ae01.alicdn.com\/kf\/H8cc55be962e74fce885a5163cdfba02dr\/Auriculares-de-conducci-n-sea-para-Xiaomi-y-Huawei-cascos-inal-mbricos-impermeables-IPX8-deportivos-para.jpg\" preload=\"auto\" controls=\"controls\" width=\"100%\" height=\"100%\"><\/video><\/p>\n<div>\n<div>\n<div><\/div>\n<div>\n<div>\n<div><\/div>\n<p><strong><span style=\"font-size: 20px;\">Corea entrega en 5 d\u00edas<\/span><\/strong><\/p>\n<div align=\"start\"><strong><span style=\"font-size: 20px;\">Consejos: haga clic en la imagen de abajo y luego entrar\u00e1 en el enlace con la entrega de 5 d\u00edas<\/span><\/strong><\/div>\n<div align=\"start\"><strong><span style=\"font-size: 20px;\">Puedes recibir cada cup\u00f3n 3 veces al d\u00eda<\/span><\/strong><\/div>\n<div align=\"start\"><strong><span style=\"font-size: 20px;\">Los cupones caducan en 5 d\u00edas<\/span><\/strong><\/div>\n<div><a href=\"\/\/www.aliexpress.com\/campaign\/wow\/gcp\/ae\/channel\/ae\/accelerate\/tupr?wh_pid=ae\/channel\/ae\/kr_plaza\/KRfastshipping&amp;wh_weex=true\" target=\"_self\" rel=\"noopener\"><img fetchpriority=\"high\" decoding=\"async\" title=\"Auriculares de conducci\u00f3n \u00f3sea para Xiaomi y Huawei, cascos inal\u00e1mbricos impermeables IPX8, deportivos, para correr al aire libre, Bluetooth 5,1\" src=\"https:\/\/bodegaoutdoor.cl\/store\/wp-content\/uploads\/2022\/07\/59441-x7quog.jpg\" alt=\"Auriculares de conducci\u00f3n \u00f3sea para Xiaomi y Huawei, cascos inal\u00e1mbricos impermeables IPX8, deportivos, para correr al aire libre, Bluetooth 5,1\" width=\"944\" height=\"687\" \/><\/a><\/div>\n<p>&nbsp;<\/p>\n<div><span style=\"font-size: 28px;\"><strong>Nota! Nota<\/strong><\/span><span style=\"font-size: 24px;\"><strong>: \u00a1El 13 de septiembre enviaremos nuevos productos de AliExpress!<\/strong><\/span><\/div>\n<div>\n<div>\n<div>\n<div>\n<p><span style=\"font-size: 26px;\"><strong>Auriculares caracter\u00edsticas:<\/strong><\/span><\/p>\n<p><span style=\"font-size: 24px;\"><strong>1. IPX8 totalmente impermeable<\/strong><\/span><\/p>\n<p><span style=\"font-size: 24px;\"><strong>2. Ba\u00f1arse, nadar y escuchar m\u00fasica son geniales. Duraci\u00f3n de la bater\u00eda del Subwoofer 3. Modo BT + MP3 (almacenamiento BT5.1 + 16GB)<\/strong><\/span><\/p>\n<p><span style=\"font-size: 24px;\"><strong>4. El dise\u00f1o de oreja abierta le permite entender completamente el entorno circundante<\/strong><\/span><\/p>\n<p><span style=\"font-size: 24px;\"><strong>Accesorios: cable de carga de auriculares gratis<\/strong><\/span><\/p>\n<p>&nbsp;<\/p>\n<p><strong><span style=\"font-size: 20px;\">Nacido para deportes<\/span><\/strong><\/p>\n<p><span style=\"font-size: 18px;\"><span style=\"font-size: 18px;\"><span style=\"font-size: 18px; font-family: arial, helvetica, sans-serif;\"><strong>Ampliamente Compatible, se conecta sin l\u00edmites<\/strong><\/span><\/span><\/span><\/p>\n<p><span style=\"font-size: 18px;\"><span style=\"font-size: 18px; font-family: arial, helvetica, sans-serif;\"><span style=\"font-size: 18px;\">Compatible con sistemas Android, IOS y Windows<\/span><\/span><\/span><\/p>\n<div><img decoding=\"async\" title=\"Auriculares de conducci\u00f3n \u00f3sea para Xiaomi y Huawei, cascos inal\u00e1mbricos impermeables IPX8, deportivos, para correr al aire libre, Bluetooth 5,1\" src=\"https:\/\/bodegaoutdoor.cl\/store\/wp-content\/uploads\/2022\/07\/59441-odrcpf.jpg\" alt=\"Auriculares de conducci\u00f3n \u00f3sea para Xiaomi y Huawei, cascos inal\u00e1mbricos impermeables IPX8, deportivos, para correr al aire libre, Bluetooth 5,1\" \/><\/div>\n<div style=\"text-align: center;\" align=\"center\"><\/div>\n<div>\n<div>\n<div>\n<div>\n<div style=\"text-align: center;\" align=\"center\"><strong><span style=\"font-size: 20px;\">Auricular inal\u00e1mbrico abierto, sin orejas, sin dolor.<\/span><\/strong><\/div>\n<\/div>\n<\/div>\n<\/div>\n<\/div>\n<div style=\"text-align: center;\" align=\"center\"><strong><span style=\"font-size: 20px;\">El dise\u00f1o que no est\u00e1 en la oreja permite que las orejas se abran y tengan total comodidad durante el uso<\/span><\/strong><\/div>\n<div style=\"text-align: center;\" align=\"center\"><\/div>\n<div><img decoding=\"async\" title=\"Auriculares de conducci\u00f3n \u00f3sea para Xiaomi y Huawei, cascos inal\u00e1mbricos impermeables IPX8, deportivos, para correr al aire libre, Bluetooth 5,1\" src=\"https:\/\/bodegaoutdoor.cl\/store\/wp-content\/uploads\/2022\/07\/59441-vmzlza.jpg\" alt=\"Auriculares de conducci\u00f3n \u00f3sea para Xiaomi y Huawei, cascos inal\u00e1mbricos impermeables IPX8, deportivos, para correr al aire libre, Bluetooth 5,1\" \/><\/div>\n<div style=\"text-align: center;\" align=\"center\"><strong><span style=\"font-size: 20px;\">IP68 totalmente impermeable<\/span><\/strong><\/div>\n<div style=\"text-align: center;\" align=\"center\"><strong><span style=\"font-size: 20px;\">Te permite disfrutar de la m\u00fasica mientras haces ejercicio<\/span><\/strong><\/div>\n<div><img decoding=\"async\" title=\"Auriculares de conducci\u00f3n \u00f3sea para Xiaomi y Huawei, cascos inal\u00e1mbricos impermeables IPX8, deportivos, para correr al aire libre, Bluetooth 5,1\" src=\"https:\/\/bodegaoutdoor.cl\/store\/wp-content\/uploads\/2022\/07\/59441-ghhdab.jpg\" alt=\"Auriculares de conducci\u00f3n \u00f3sea para Xiaomi y Huawei, cascos inal\u00e1mbricos impermeables IPX8, deportivos, para correr al aire libre, Bluetooth 5,1\" \/><\/div>\n<div style=\"text-align: center;\" align=\"center\"><strong><span style=\"font-size: 20px;\">Lf-18 de conducci\u00f3n \u00f3sea tecnolog\u00eda<\/span><\/strong><\/div>\n<div style=\"text-align: center;\" align=\"center\"><strong><span style=\"font-size: 20px;\">Le permite disfrutar de la m\u00fasica mientras escucha sonidos externos<\/span><\/strong><\/div>\n<div><img decoding=\"async\" title=\"Auriculares de conducci\u00f3n \u00f3sea para Xiaomi y Huawei, cascos inal\u00e1mbricos impermeables IPX8, deportivos, para correr al aire libre, Bluetooth 5,1\" src=\"https:\/\/bodegaoutdoor.cl\/store\/wp-content\/uploads\/2022\/07\/59441-aroyd9.jpg\" alt=\"Auriculares de conducci\u00f3n \u00f3sea para Xiaomi y Huawei, cascos inal\u00e1mbricos impermeables IPX8, deportivos, para correr al aire libre, Bluetooth 5,1\" \/><\/div>\n<div style=\"text-align: center;\" align=\"center\"><strong><span style=\"font-size: 20px;\">Conexi\u00f3n Bluetooth 5,1 con almacenamiento de m\u00fasica de 16GB<\/span><\/strong><\/div>\n<div style=\"text-align: center;\" align=\"center\"><strong><span style=\"font-size: 20px;\">Para que pueda usarlo con el modo bluetooth y el modo MP3,<\/span><\/strong><\/div>\n<div style=\"text-align: center;\" align=\"center\"><strong><span style=\"font-size: 20px;\">Puedes descargar las canciones que te gustan en este auricular<\/span><\/strong><\/div>\n<div><img decoding=\"async\" title=\"Auriculares de conducci\u00f3n \u00f3sea para Xiaomi y Huawei, cascos inal\u00e1mbricos impermeables IPX8, deportivos, para correr al aire libre, Bluetooth 5,1\" src=\"https:\/\/bodegaoutdoor.cl\/store\/wp-content\/uploads\/2022\/07\/59441-vjo7pj.jpg\" alt=\"Auriculares de conducci\u00f3n \u00f3sea para Xiaomi y Huawei, cascos inal\u00e1mbricos impermeables IPX8, deportivos, para correr al aire libre, Bluetooth 5,1\" \/><\/div>\n<div style=\"text-align: center;\" align=\"center\"><strong><span style=\"font-size: 20px;\">16GB de almacenamiento MP3, se pueden descargar m\u00e1s de 3000 canciones<\/span><\/strong><\/div>\n<div><img decoding=\"async\" title=\"Auriculares de conducci\u00f3n \u00f3sea para Xiaomi y Huawei, cascos inal\u00e1mbricos impermeables IPX8, deportivos, para correr al aire libre, Bluetooth 5,1\" src=\"https:\/\/bodegaoutdoor.cl\/store\/wp-content\/uploads\/2022\/07\/59441-pn3opz.jpg\" alt=\"Auriculares de conducci\u00f3n \u00f3sea para Xiaomi y Huawei, cascos inal\u00e1mbricos impermeables IPX8, deportivos, para correr al aire libre, Bluetooth 5,1\" width=\"790\" height=\"1527\" \/><\/div>\n<div style=\"text-align: center;\" align=\"center\"><strong><span style=\"font-size: 20px;\">Peso ligero y estable, dise\u00f1o para deportes<\/span><\/strong><\/div>\n<div><\/div>\n<div><\/div>\n<div><img decoding=\"async\" title=\"Auriculares de conducci\u00f3n \u00f3sea para Xiaomi y Huawei, cascos inal\u00e1mbricos impermeables IPX8, deportivos, para correr al aire libre, Bluetooth 5,1\" src=\"https:\/\/bodegaoutdoor.cl\/store\/wp-content\/uploads\/2022\/07\/59441-ztlakk.jpg\" alt=\"Auriculares de conducci\u00f3n \u00f3sea para Xiaomi y Huawei, cascos inal\u00e1mbricos impermeables IPX8, deportivos, para correr al aire libre, Bluetooth 5,1\" width=\"790\" height=\"1508\" \/><\/div>\n<div style=\"text-align: center;\" align=\"center\"><strong><span style=\"font-size: 20px;\">Viene con un par de tapones para los o\u00eddos para un uso f\u00e1cil cuando<\/span><\/strong><\/div>\n<div style=\"text-align: center;\" align=\"center\"><strong><span style=\"font-size: 20px;\">Nada para evitar que el agua entre en las orejas<\/span><\/strong><\/div>\n<div><img loading=\"lazy\" decoding=\"async\" title=\"Auriculares de conducci\u00f3n \u00f3sea para Xiaomi y Huawei, cascos inal\u00e1mbricos impermeables IPX8, deportivos, para correr al aire libre, Bluetooth 5,1\" src=\"https:\/\/bodegaoutdoor.cl\/store\/wp-content\/uploads\/2022\/07\/59441-2qsbgg.jpg\" alt=\"Auriculares de conducci\u00f3n \u00f3sea para Xiaomi y Huawei, cascos inal\u00e1mbricos impermeables IPX8, deportivos, para correr al aire libre, Bluetooth 5,1\" width=\"790\" height=\"1559\" \/><\/div>\n<div style=\"text-align: center;\" align=\"center\"><\/div>\n<div>\n<div>\n<div>\n<div>\n<div style=\"text-align: center;\" align=\"center\"><strong><span style=\"font-size: 20px;\">Compatible con gafas<\/span><\/strong><\/div>\n<\/div>\n<\/div>\n<\/div>\n<\/div>\n<div style=\"text-align: center;\" align=\"center\"><strong><span style=\"font-size: 20px;\">Tambi\u00e9n puedes usar estos auriculares mientras llevas gafas<\/span><\/strong><\/div>\n<div style=\"text-align: center;\" align=\"center\"><\/div>\n<div><img decoding=\"async\" title=\"Auriculares de conducci\u00f3n \u00f3sea para Xiaomi y Huawei, cascos inal\u00e1mbricos impermeables IPX8, deportivos, para correr al aire libre, Bluetooth 5,1\" src=\"https:\/\/bodegaoutdoor.cl\/store\/wp-content\/uploads\/2022\/07\/59441-wud3yy.jpg\" alt=\"Auriculares de conducci\u00f3n \u00f3sea para Xiaomi y Huawei, cascos inal\u00e1mbricos impermeables IPX8, deportivos, para correr al aire libre, Bluetooth 5,1\" \/><img loading=\"lazy\" decoding=\"async\" title=\"Auriculares de conducci\u00f3n \u00f3sea para Xiaomi y Huawei, cascos inal\u00e1mbricos impermeables IPX8, deportivos, para correr al aire libre, Bluetooth 5,1\" src=\"https:\/\/bodegaoutdoor.cl\/store\/wp-content\/uploads\/2022\/07\/59441-bsabpl.jpg\" alt=\"Auriculares de conducci\u00f3n \u00f3sea para Xiaomi y Huawei, cascos inal\u00e1mbricos impermeables IPX8, deportivos, para correr al aire libre, Bluetooth 5,1\" width=\"790\" height=\"1449\" \/><\/div>\n<div style=\"text-align: center;\" align=\"center\"><strong><span style=\"font-size: 20px;\">Se pueden elegir varios colores<\/span><\/strong><\/div>\n<div><img decoding=\"async\" title=\"Auriculares de conducci\u00f3n \u00f3sea para Xiaomi y Huawei, cascos inal\u00e1mbricos impermeables IPX8, deportivos, para correr al aire libre, Bluetooth 5,1\" src=\"https:\/\/bodegaoutdoor.cl\/store\/wp-content\/uploads\/2022\/07\/59441-emcbkl.jpg\" alt=\"Auriculares de conducci\u00f3n \u00f3sea para Xiaomi y Huawei, cascos inal\u00e1mbricos impermeables IPX8, deportivos, para correr al aire libre, Bluetooth 5,1\" \/><img loading=\"lazy\" decoding=\"async\" title=\"Auriculares de conducci\u00f3n \u00f3sea para Xiaomi y Huawei, cascos inal\u00e1mbricos impermeables IPX8, deportivos, para correr al aire libre, Bluetooth 5,1\" src=\"https:\/\/bodegaoutdoor.cl\/store\/wp-content\/uploads\/2022\/07\/59441-72amru.jpg\" alt=\"Auriculares de conducci\u00f3n \u00f3sea para Xiaomi y Huawei, cascos inal\u00e1mbricos impermeables IPX8, deportivos, para correr al aire libre, Bluetooth 5,1\" width=\"790\" height=\"1196\" \/><\/div>\n<div><\/div>\n<div><\/div>\n<p>&nbsp;<\/p>\n<p>&nbsp;<\/p>\n<\/div>\n<\/div>\n<\/div>\n<\/div>\n<div><\/div>\n<p>&nbsp;<\/p>\n<\/div>\n<\/div>\n<p>&nbsp;<\/p>\n<\/div>\n<\/div>\n\n    <div class=\"xs_social_share_widget xs_share_url after_content \t\tmain_content  wslu-style-1 wslu-share-box-shaped wslu-fill-colored wslu-none wslu-share-horizontal wslu-theme-font-no wslu-main_content\">\n\n\t\t\n        <ul>\n\t\t\t        <\/ul>\n    <\/div> \n","protected":false},"excerpt":{"rendered":"<p>Corea entrega en 5 d\u00edas Consejos: haga clic en la imagen de abajo y luego entrar\u00e1 en el enlace con la entrega de 5 d\u00edas Puedes recibir cada cup\u00f3n 3 veces al d\u00eda Los cupones caducan en 5 d\u00edas &nbsp; Nota! Nota: \u00a1El 13 de septiembre enviaremos nuevos productos de AliExpress! Auriculares caracter\u00edsticas: 1. IPX8 [&hellip;]<\/p>\n","protected":false},"featured_media":59478,"comment_status":"open","ping_status":"closed","template":"","meta":{"jetpack_publicize_message":"","jetpack_publicize_feature_enabled":true,"jetpack_social_post_already_shared":true,"jetpack_social_options":{"image_generator_settings":{"template":"highway","enabled":false},"version":2}},"product_brand":[],"product_cat":[31],"product_tag":[],"class_list":{"0":"post-59441","1":"product","2":"type-product","3":"status-publish","4":"has-post-thumbnail","6":"product_cat-audifonos","8":"first","9":"instock","10":"taxable","11":"shipping-taxable","12":"purchasable","13":"product-type-variable"},"jetpack_publicize_connections":[],"jetpack_sharing_enabled":true,"_links":{"self":[{"href":"https:\/\/bodegaoutdoor.cl\/store\/wp-json\/wp\/v2\/product\/59441","targetHints":{"allow":["GET"]}}],"collection":[{"href":"https:\/\/bodegaoutdoor.cl\/store\/wp-json\/wp\/v2\/product"}],"about":[{"href":"https:\/\/bodegaoutdoor.cl\/store\/wp-json\/wp\/v2\/types\/product"}],"replies":[{"embeddable":true,"href":"https:\/\/bodegaoutdoor.cl\/store\/wp-json\/wp\/v2\/comments?post=59441"}],"version-history":[{"count":2,"href":"https:\/\/bodegaoutdoor.cl\/store\/wp-json\/wp\/v2\/product\/59441\/revisions"}],"predecessor-version":[{"id":70910,"href":"https:\/\/bodegaoutdoor.cl\/store\/wp-json\/wp\/v2\/product\/59441\/revisions\/70910"}],"wp:featuredmedia":[{"embeddable":true,"href":"https:\/\/bodegaoutdoor.cl\/store\/wp-json\/wp\/v2\/media\/59478"}],"wp:attachment":[{"href":"https:\/\/bodegaoutdoor.cl\/store\/wp-json\/wp\/v2\/media?parent=59441"}],"wp:term":[{"taxonomy":"product_brand","embeddable":true,"href":"https:\/\/bodegaoutdoor.cl\/store\/wp-json\/wp\/v2\/product_brand?post=59441"},{"taxonomy":"product_cat","embeddable":true,"href":"https:\/\/bodegaoutdoor.cl\/store\/wp-json\/wp\/v2\/product_cat?post=59441"},{"taxonomy":"product_tag","embeddable":true,"href":"https:\/\/bodegaoutdoor.cl\/store\/wp-json\/wp\/v2\/product_tag?post=59441"}],"curies":[{"name":"wp","href":"https:\/\/api.w.org\/{rel}","templated":true}]}}