{"id":59764,"date":"2022-07-21T19:20:14","date_gmt":"2022-07-21T23:20:14","guid":{"rendered":"https:\/\/bodegaoutdoor.cl\/store\/?post_type=product&#038;p=59764"},"modified":"2023-05-04T19:18:43","modified_gmt":"2023-05-04T23:18:43","slug":"airsoft-mascara-y-gafas-tacticas-de-malla-de-acero-paintball-cs-airsoft","status":"publish","type":"product","link":"https:\/\/bodegaoutdoor.cl\/store\/product\/airsoft-mascara-y-gafas-tacticas-de-malla-de-acero-paintball-cs-airsoft\/","title":{"rendered":"Airsoft-m\u00e1scara y gafas t\u00e1cticas de malla de acero Paintball Cs, Airsoft"},"content":{"rendered":"<p style=\"text-align: center;\"><video style=\"max-width: 100%;\" src=\"\/\/cloud.video.taobao.com\/play\/u\/2927061614\/p\/1\/e\/6\/t\/10301\/1100039919784.mp4\" poster=\"https:\/\/ae01.alicdn.com\/kf\/Sf02779f125f148299cdd716da81287fbF\/Airsoft-m-scara-y-gafas-t-cticas-de-media-cara-m-scara-de-malla-de-acero.jpg,https:\/\/ae01.alicdn.com\/kf\/S8d0ff3da35a94b6d84d6dbb553f32bc5V\/Airsoft-m-scara-y-gafas-t-cticas-de-media-cara-m-scara-de-malla-de-acero.jpg,https:\/\/ae01.alicdn.com\/kf\/S2e00ed0232f64046a4baaeb005ccd0129\/Airsoft-m-scara-y-gafas-t-cticas-de-media-cara-m-scara-de-malla-de-acero.jpg,https:\/\/ae01.alicdn.com\/kf\/Sebc2b072f4124ecb9f58a3a304722d1d7\/Airsoft-m-scara-y-gafas-t-cticas-de-media-cara-m-scara-de-malla-de-acero.jpg,https:\/\/ae01.alicdn.com\/kf\/S947a63003c7b45d6b585eda8daae3539u\/Airsoft-m-scara-y-gafas-t-cticas-de-media-cara-m-scara-de-malla-de-acero.jpg,https:\/\/ae01.alicdn.com\/kf\/Sa084226843fb428899f8a5ae1da66111E\/Airsoft-m-scara-y-gafas-t-cticas-de-media-cara-m-scara-de-malla-de-acero.jpg\" preload=\"auto\" controls=\"controls\" width=\"100%\" height=\"100%\"><\/video><\/p>\n<div>\n<div>\n<div>\n<div>\n<div>\n<div>\n<div>\n<div><\/div>\n<\/div>\n<\/div>\n<\/div>\n<\/div>\n<\/div>\n<\/div>\n<\/div>\n<p><span style=\"font-family: Arial,Helvetica,sans-serif;\"><br \/>\n<strong><span style=\"font-size: 20px;\">M\u00e1scara Airsoft + juego de gafas t\u00e1cticas m\u00e1scaras de malla de acero plegables de media cara para disparar al aire libre Paintball Cs juego protector<\/span><\/strong><\/span><\/p>\n<p><span style=\"font-size: 18px;\"><strong>Especificaciones del producto:<\/strong><br \/>\nNombre: m\u00e1scara de caza t\u00e1ctica con gafas<br \/>\nMaterial de la m\u00e1scara: nailon 1000D + acero bajo en carbono<br \/>\nMaterial de las gafas: TPU + PC<br \/>\nTama\u00f1o de la m\u00e1scara: 24,5x16x14<br \/>\nTama\u00f1o de las gafas: 17,6&#215;7,8 cm<br \/>\nPeso de la m\u00e1scara: aproximadamente 0.095kg<br \/>\nColores: negro, verde, bronceado, Atacs au,Atacs fg,ACU,Multicam,Woodland digital, desierto<br \/>\nDigital, Typhon,Highlander,Mandrake,Nomad,woodland camo<br \/>\nAplicaci\u00f3n: Para Airsoft,Paintball,BB Gun,CS game, caza, Tiro T\u00e1ctico activitie,etc.<\/span><\/p>\n<p><strong>Caracter\u00edsticas:<\/strong><br \/>\n1. Estable: la correa el\u00e1stica de doble cruz puede fijar m\u00e1s firmemente la m\u00e1scara, no moverse<br \/>\n2. Ligero: Ll\u00e9valo en tu cabeza, casi puedes ignorarlo y muy transpirable.<br \/>\n3. La tela de nailon 1000D de alta densidad es usable y f\u00e1cil de limpiar.<br \/>\n4. El marco interior est\u00e1 sentado con espuma suave para un uso c\u00f3modo. Correa el\u00e1stica ajustable.<\/p>\n<p><strong>El paquete incluye:<\/strong>1 mascarilla de airsoft, 1 gafas<\/p>\n<p style=\"text-align: left; margin: 0;\"><img decoding=\"async\" style=\"width: 800px;\" title=\"Airsoft-m\u00e1scara y gafas t\u00e1cticas de media cara, m\u00e1scara de malla de acero plegable para tiro al aire libre, Paintball Cs, juego protector\" src=\"https:\/\/bodegaoutdoor.cl\/store\/wp-content\/uploads\/2022\/07\/59764-o2jz6k.jpg\" alt=\"Airsoft-m\u00e1scara y gafas t\u00e1cticas de media cara, m\u00e1scara de malla de acero plegable para tiro al aire libre, Paintball Cs, juego protector\" \/><img decoding=\"async\" style=\"width: 800px;\" title=\"Airsoft-m\u00e1scara y gafas t\u00e1cticas de media cara, m\u00e1scara de malla de acero plegable para tiro al aire libre, Paintball Cs, juego protector\" src=\"https:\/\/bodegaoutdoor.cl\/store\/wp-content\/uploads\/2022\/07\/59764-ijdvw9.jpg\" alt=\"Airsoft-m\u00e1scara y gafas t\u00e1cticas de media cara, m\u00e1scara de malla de acero plegable para tiro al aire libre, Paintball Cs, juego protector\" \/><img decoding=\"async\" style=\"width: 800px;\" title=\"Airsoft-m\u00e1scara y gafas t\u00e1cticas de media cara, m\u00e1scara de malla de acero plegable para tiro al aire libre, Paintball Cs, juego protector\" src=\"https:\/\/bodegaoutdoor.cl\/store\/wp-content\/uploads\/2022\/07\/59764-yerbms.jpg\" alt=\"Airsoft-m\u00e1scara y gafas t\u00e1cticas de media cara, m\u00e1scara de malla de acero plegable para tiro al aire libre, Paintball Cs, juego protector\" \/><img decoding=\"async\" style=\"width: 800px;\" title=\"Airsoft-m\u00e1scara y gafas t\u00e1cticas de media cara, m\u00e1scara de malla de acero plegable para tiro al aire libre, Paintball Cs, juego protector\" src=\"https:\/\/bodegaoutdoor.cl\/store\/wp-content\/uploads\/2022\/07\/59764-cgnxvx.jpg\" alt=\"Airsoft-m\u00e1scara y gafas t\u00e1cticas de media cara, m\u00e1scara de malla de acero plegable para tiro al aire libre, Paintball Cs, juego protector\" \/><img decoding=\"async\" style=\"width: 800px;\" title=\"Airsoft-m\u00e1scara y gafas t\u00e1cticas de media cara, m\u00e1scara de malla de acero plegable para tiro al aire libre, Paintball Cs, juego protector\" src=\"https:\/\/bodegaoutdoor.cl\/store\/wp-content\/uploads\/2022\/07\/59764-o7zfqu.jpg\" alt=\"Airsoft-m\u00e1scara y gafas t\u00e1cticas de media cara, m\u00e1scara de malla de acero plegable para tiro al aire libre, Paintball Cs, juego protector\" \/><img decoding=\"async\" style=\"width: 800px;\" title=\"Airsoft-m\u00e1scara y gafas t\u00e1cticas de media cara, m\u00e1scara de malla de acero plegable para tiro al aire libre, Paintball Cs, juego protector\" src=\"https:\/\/bodegaoutdoor.cl\/store\/wp-content\/uploads\/2022\/07\/59764-sagsop.jpg\" alt=\"Airsoft-m\u00e1scara y gafas t\u00e1cticas de media cara, m\u00e1scara de malla de acero plegable para tiro al aire libre, Paintball Cs, juego protector\" \/><img decoding=\"async\" style=\"width: 800px;\" title=\"Airsoft-m\u00e1scara y gafas t\u00e1cticas de media cara, m\u00e1scara de malla de acero plegable para tiro al aire libre, Paintball Cs, juego protector\" src=\"https:\/\/bodegaoutdoor.cl\/store\/wp-content\/uploads\/2022\/07\/59764-jn0xxt.jpg\" alt=\"Airsoft-m\u00e1scara y gafas t\u00e1cticas de media cara, m\u00e1scara de malla de acero plegable para tiro al aire libre, Paintball Cs, juego protector\" \/><img decoding=\"async\" style=\"width: 800px;\" title=\"Airsoft-m\u00e1scara y gafas t\u00e1cticas de media cara, m\u00e1scara de malla de acero plegable para tiro al aire libre, Paintball Cs, juego protector\" src=\"https:\/\/bodegaoutdoor.cl\/store\/wp-content\/uploads\/2022\/07\/59764-7ly1sx.jpg\" alt=\"Airsoft-m\u00e1scara y gafas t\u00e1cticas de media cara, m\u00e1scara de malla de acero plegable para tiro al aire libre, Paintball Cs, juego protector\" \/><img decoding=\"async\" style=\"width: 800px;\" title=\"Airsoft-m\u00e1scara y gafas t\u00e1cticas de media cara, m\u00e1scara de malla de acero plegable para tiro al aire libre, Paintball Cs, juego protector\" src=\"https:\/\/bodegaoutdoor.cl\/store\/wp-content\/uploads\/2022\/07\/59764-z6oss5.jpg\" alt=\"Airsoft-m\u00e1scara y gafas t\u00e1cticas de media cara, m\u00e1scara de malla de acero plegable para tiro al aire libre, Paintball Cs, juego protector\" \/><img decoding=\"async\" style=\"width: 800px;\" title=\"Airsoft-m\u00e1scara y gafas t\u00e1cticas de media cara, m\u00e1scara de malla de acero plegable para tiro al aire libre, Paintball Cs, juego protector\" src=\"https:\/\/bodegaoutdoor.cl\/store\/wp-content\/uploads\/2022\/07\/59764-yupsuw.jpg\" alt=\"Airsoft-m\u00e1scara y gafas t\u00e1cticas de media cara, m\u00e1scara de malla de acero plegable para tiro al aire libre, Paintball Cs, juego protector\" \/><img decoding=\"async\" style=\"width: 800px;\" title=\"Airsoft-m\u00e1scara y gafas t\u00e1cticas de media cara, m\u00e1scara de malla de acero plegable para tiro al aire libre, Paintball Cs, juego protector\" src=\"https:\/\/bodegaoutdoor.cl\/store\/wp-content\/uploads\/2022\/07\/59764-teyasf.jpg\" alt=\"Airsoft-m\u00e1scara y gafas t\u00e1cticas de media cara, m\u00e1scara de malla de acero plegable para tiro al aire libre, Paintball Cs, juego protector\" \/><img decoding=\"async\" style=\"width: 800px;\" title=\"Airsoft-m\u00e1scara y gafas t\u00e1cticas de media cara, m\u00e1scara de malla de acero plegable para tiro al aire libre, Paintball Cs, juego protector\" src=\"https:\/\/bodegaoutdoor.cl\/store\/wp-content\/uploads\/2022\/07\/59764-eceru7.jpg\" alt=\"Airsoft-m\u00e1scara y gafas t\u00e1cticas de media cara, m\u00e1scara de malla de acero plegable para tiro al aire libre, Paintball Cs, juego protector\" \/><img decoding=\"async\" style=\"width: 800px;\" title=\"Airsoft-m\u00e1scara y gafas t\u00e1cticas de media cara, m\u00e1scara de malla de acero plegable para tiro al aire libre, Paintball Cs, juego protector\" src=\"https:\/\/bodegaoutdoor.cl\/store\/wp-content\/uploads\/2022\/07\/59764-iczkuu.jpg\" alt=\"Airsoft-m\u00e1scara y gafas t\u00e1cticas de media cara, m\u00e1scara de malla de acero plegable para tiro al aire libre, Paintball Cs, juego protector\" \/><img decoding=\"async\" style=\"width: 800px;\" title=\"Airsoft-m\u00e1scara y gafas t\u00e1cticas de media cara, m\u00e1scara de malla de acero plegable para tiro al aire libre, Paintball Cs, juego protector\" src=\"https:\/\/bodegaoutdoor.cl\/store\/wp-content\/uploads\/2022\/07\/59764-c809mt.jpg\" alt=\"Airsoft-m\u00e1scara y gafas t\u00e1cticas de media cara, m\u00e1scara de malla de acero plegable para tiro al aire libre, Paintball Cs, juego protector\" \/><img decoding=\"async\" style=\"width: 800px;\" title=\"Airsoft-m\u00e1scara y gafas t\u00e1cticas de media cara, m\u00e1scara de malla de acero plegable para tiro al aire libre, Paintball Cs, juego protector\" src=\"https:\/\/bodegaoutdoor.cl\/store\/wp-content\/uploads\/2022\/07\/59764-chywld.jpg\" alt=\"Airsoft-m\u00e1scara y gafas t\u00e1cticas de media cara, m\u00e1scara de malla de acero plegable para tiro al aire libre, Paintball Cs, juego protector\" \/><img decoding=\"async\" style=\"width: 800px;\" title=\"Airsoft-m\u00e1scara y gafas t\u00e1cticas de media cara, m\u00e1scara de malla de acero plegable para tiro al aire libre, Paintball Cs, juego protector\" src=\"https:\/\/bodegaoutdoor.cl\/store\/wp-content\/uploads\/2022\/07\/59764-2k5ho8.jpg\" alt=\"Airsoft-m\u00e1scara y gafas t\u00e1cticas de media cara, m\u00e1scara de malla de acero plegable para tiro al aire libre, Paintball Cs, juego protector\" \/><img decoding=\"async\" style=\"width: 800px;\" title=\"Airsoft-m\u00e1scara y gafas t\u00e1cticas de media cara, m\u00e1scara de malla de acero plegable para tiro al aire libre, Paintball Cs, juego protector\" src=\"https:\/\/bodegaoutdoor.cl\/store\/wp-content\/uploads\/2022\/07\/59764-78liff.jpg\" alt=\"Airsoft-m\u00e1scara y gafas t\u00e1cticas de media cara, m\u00e1scara de malla de acero plegable para tiro al aire libre, Paintball Cs, juego protector\" \/><img decoding=\"async\" style=\"width: 800px;\" title=\"Airsoft-m\u00e1scara y gafas t\u00e1cticas de media cara, m\u00e1scara de malla de acero plegable para tiro al aire libre, Paintball Cs, juego protector\" src=\"https:\/\/bodegaoutdoor.cl\/store\/wp-content\/uploads\/2022\/07\/59764-keg6bp.jpg\" alt=\"Airsoft-m\u00e1scara y gafas t\u00e1cticas de media cara, m\u00e1scara de malla de acero plegable para tiro al aire libre, Paintball Cs, juego protector\" \/><img decoding=\"async\" style=\"width: 800px;\" title=\"Airsoft-m\u00e1scara y gafas t\u00e1cticas de media cara, m\u00e1scara de malla de acero plegable para tiro al aire libre, Paintball Cs, juego protector\" src=\"https:\/\/bodegaoutdoor.cl\/store\/wp-content\/uploads\/2022\/07\/59764-qsoxu3.jpg\" alt=\"Airsoft-m\u00e1scara y gafas t\u00e1cticas de media cara, m\u00e1scara de malla de acero plegable para tiro al aire libre, Paintball Cs, juego protector\" \/><img decoding=\"async\" style=\"width: 800px;\" title=\"Airsoft-m\u00e1scara y gafas t\u00e1cticas de media cara, m\u00e1scara de malla de acero plegable para tiro al aire libre, Paintball Cs, juego protector\" src=\"https:\/\/bodegaoutdoor.cl\/store\/wp-content\/uploads\/2022\/07\/59764-tkqhmx.jpg\" alt=\"Airsoft-m\u00e1scara y gafas t\u00e1cticas de media cara, m\u00e1scara de malla de acero plegable para tiro al aire libre, Paintball Cs, juego protector\" \/><img decoding=\"async\" style=\"width: 800px;\" title=\"Airsoft-m\u00e1scara y gafas t\u00e1cticas de media cara, m\u00e1scara de malla de acero plegable para tiro al aire libre, Paintball Cs, juego protector\" src=\"https:\/\/bodegaoutdoor.cl\/store\/wp-content\/uploads\/2022\/07\/59764-ifc2tr.jpg\" alt=\"Airsoft-m\u00e1scara y gafas t\u00e1cticas de media cara, m\u00e1scara de malla de acero plegable para tiro al aire libre, Paintball Cs, juego protector\" \/><\/p>\n<div style=\"text-align: left;\">\n<div style=\"text-align: left;\"><\/div>\n<div style=\"text-align: left;\">\n<div style=\"margin-bottom: 6.0px; margin-top: 6.0px;\">\n<div style=\"text-align: center;\">\n<div style=\"text-align: left;\">\n<div>\n<div>\n<div><\/div>\n<\/div>\n<\/div>\n<\/div>\n<\/div>\n<\/div>\n<\/div>\n<\/div>\n\n    <div class=\"xs_social_share_widget xs_share_url after_content \t\tmain_content  wslu-style-1 wslu-share-box-shaped wslu-fill-colored wslu-none wslu-share-horizontal wslu-theme-font-no wslu-main_content\">\n\n\t\t\n        <ul>\n\t\t\t        <\/ul>\n    <\/div> \n","protected":false},"excerpt":{"rendered":"<p>M\u00e1scara Airsoft + juego de gafas t\u00e1cticas m\u00e1scaras de malla de acero plegables de media cara para disparar al aire libre Paintball Cs juego protector Especificaciones del producto: Nombre: m\u00e1scara de caza t\u00e1ctica con gafas Material de la m\u00e1scara: nailon 1000D + acero bajo en carbono Material de las gafas: TPU + PC Tama\u00f1o de [&hellip;]<\/p>\n","protected":false},"featured_media":59777,"comment_status":"open","ping_status":"closed","template":"","meta":{"jetpack_publicize_message":"","jetpack_publicize_feature_enabled":true,"jetpack_social_post_already_shared":true,"jetpack_social_options":{"image_generator_settings":{"template":"highway","enabled":false},"version":2}},"product_brand":[],"product_cat":[488,38],"product_tag":[847],"class_list":{"0":"post-59764","1":"product","2":"type-product","3":"status-publish","4":"has-post-thumbnail","6":"product_cat-kits","7":"product_cat-lentes","8":"product_tag-airsoft","10":"first","11":"instock","12":"taxable","13":"shipping-taxable","14":"purchasable","15":"product-type-variable"},"jetpack_publicize_connections":[],"jetpack_sharing_enabled":true,"_links":{"self":[{"href":"https:\/\/bodegaoutdoor.cl\/store\/wp-json\/wp\/v2\/product\/59764","targetHints":{"allow":["GET"]}}],"collection":[{"href":"https:\/\/bodegaoutdoor.cl\/store\/wp-json\/wp\/v2\/product"}],"about":[{"href":"https:\/\/bodegaoutdoor.cl\/store\/wp-json\/wp\/v2\/types\/product"}],"replies":[{"embeddable":true,"href":"https:\/\/bodegaoutdoor.cl\/store\/wp-json\/wp\/v2\/comments?post=59764"}],"version-history":[{"count":2,"href":"https:\/\/bodegaoutdoor.cl\/store\/wp-json\/wp\/v2\/product\/59764\/revisions"}],"predecessor-version":[{"id":70909,"href":"https:\/\/bodegaoutdoor.cl\/store\/wp-json\/wp\/v2\/product\/59764\/revisions\/70909"}],"wp:featuredmedia":[{"embeddable":true,"href":"https:\/\/bodegaoutdoor.cl\/store\/wp-json\/wp\/v2\/media\/59777"}],"wp:attachment":[{"href":"https:\/\/bodegaoutdoor.cl\/store\/wp-json\/wp\/v2\/media?parent=59764"}],"wp:term":[{"taxonomy":"product_brand","embeddable":true,"href":"https:\/\/bodegaoutdoor.cl\/store\/wp-json\/wp\/v2\/product_brand?post=59764"},{"taxonomy":"product_cat","embeddable":true,"href":"https:\/\/bodegaoutdoor.cl\/store\/wp-json\/wp\/v2\/product_cat?post=59764"},{"taxonomy":"product_tag","embeddable":true,"href":"https:\/\/bodegaoutdoor.cl\/store\/wp-json\/wp\/v2\/product_tag?post=59764"}],"curies":[{"name":"wp","href":"https:\/\/api.w.org\/{rel}","templated":true}]}}