{"id":60114,"date":"2022-08-13T12:35:51","date_gmt":"2022-08-13T16:35:51","guid":{"rendered":"https:\/\/bodegaoutdoor.cl\/store\/?post_type=product&#038;p=60114"},"modified":"2024-01-06T10:35:52","modified_gmt":"2024-01-06T13:35:52","slug":"mochila-impermeable-plegable-de-35l-portatil-ligera-camping-viajes-trekking","status":"publish","type":"product","link":"https:\/\/bodegaoutdoor.cl\/store\/product\/mochila-impermeable-plegable-de-35l-portatil-ligera-camping-viajes-trekking\/","title":{"rendered":"Mochila impermeable plegable de 35L ,  port\u00e1til, ligera, ,Camping, viajes, trekking"},"content":{"rendered":"<p style=\"text-align: center;\"><video style=\"max-width: 100%;\" src=\"\/\/cloud.video.taobao.com\/play\/u\/2842843576\/p\/1\/e\/6\/t\/10301\/250811619487.mp4\" poster=\"https:\/\/ae01.alicdn.com\/kf\/He540e35135e34804a36f75ed7f957a69e\/Mochila-impermeable-plegable-de-35L-para-exteriores-bolsa-de-d-a-port-til-ligera-grande-para.jpg,https:\/\/ae01.alicdn.com\/kf\/Ha8a191947492475599d589b04b3fa835t\/Mochila-impermeable-plegable-de-35L-para-exteriores-bolsa-de-d-a-port-til-ligera-grande-para.jpg,https:\/\/ae01.alicdn.com\/kf\/Hda9693c87d9747ce8c1484c1c0042716E\/Mochila-impermeable-plegable-de-35L-para-exteriores-bolsa-de-d-a-port-til-ligera-grande-para.jpg,https:\/\/ae01.alicdn.com\/kf\/H9eb8e06798544e79a2d59e49252e0587C\/Mochila-impermeable-plegable-de-35L-para-exteriores-bolsa-de-d-a-port-til-ligera-grande-para.jpg,https:\/\/ae01.alicdn.com\/kf\/Hf30f33b6fb4141b88c759c4cd7cfb91d7\/Mochila-impermeable-plegable-de-35L-para-exteriores-bolsa-de-d-a-port-til-ligera-grande-para.jpg,https:\/\/ae01.alicdn.com\/kf\/H0068ed7196de494da04977127d783ee0G\/Mochila-impermeable-plegable-de-35L-para-exteriores-bolsa-de-d-a-port-til-ligera-grande-para.jpg\" preload=\"auto\" controls=\"controls\" width=\"100%\" height=\"100%\"><\/video><\/p>\n<div>\n<div>\n<div><\/div>\n<div>\n<div>\n<div>\n<p style=\"font-family: OpenSans; font-size: 20px; font-weight: 900; line-height: 28px; margin-bottom: 12px;\">Mochila impermeable plegable al aire libre de 35L mochila port\u00e1til ligera<\/p>\n<\/div>\n<div>\n<p style=\"font-family: OpenSans; font-size: 20px; font-weight: 900; line-height: 28px; margin-bottom: 12px;\">Especificaciones del producto<\/p>\n<p style=\"font-family: OpenSans; font-size: 14px; font-weight: 300; line-height: 20px; margin-bottom: 12px;\">&#8212; Color: azul claro\/azul oscuro\/negro\/naranja\/rojo estampado\/estampado azul.<br \/>\n&#8212; Material: nailon impermeable<br \/>\n&#8212; Peso neto: 0,32 kg<br \/>\n&#8212; Tama\u00f1o antes del plegado: 35L 30*50*18 cm\/11,8*19,7*7,1 pulgadas<br \/>\n&#8212; Tama\u00f1o despu\u00e9s del plegado: 20*20*4,5 cm\/7,9*7,9*1,8 pulgadas, puede ser un bolso port\u00e1til<\/p>\n<\/div>\n<div>\n<p style=\"font-family: OpenSans; font-size: 20px; font-weight: 900; line-height: 28px; margin-bottom: 12px;\">Caracter\u00edsticas del producto<\/p>\n<p style=\"font-family: OpenSans; font-size: 14px; font-weight: 300; line-height: 20px; margin-bottom: 12px;\">1. Tiene un compartimento principal con cremallera, dos bolsillos delanteros con cremallera y dos bolsillos laterales.<br \/>\n2. El compartimento principal proporciona suficiente espacio (35 litros) sin importar si es un viaje de un d\u00eda o un viaje de una semana.<br \/>\n3. Dos separadores en el compartimento principal son lo suficientemente convenientes para ayudarte a organizar a\u00fan m\u00e1s las cosas.<br \/>\n4. Los dos bolsillos delanteros son buenos para sujetar accesorios peque\u00f1os y para un f\u00e1cil acceso.<br \/>\n5. Los dos bolsillos laterales son buenos para sostener botellas de agua y paraguas.<br \/>\n6. Un verdadero ahorro de espacio.<br \/>\nDobla la mochila en su propio bolsillo para su almacenamiento (no m\u00e1s gastos de exceso de equipaje) y despli\u00e9tela cuando llegue a tu destino.<br \/>\n7. Compacto.<br \/>\nSe pliega en un bolsillo interior con cremallera para adaptarse a cualquier lugar y se despliega del bolsillo a la mochila en segundos.<\/p>\n<\/div>\n<div>\n<p style=\"font-family: OpenSans; font-size: 20px; font-weight: 900; line-height: 28px; margin-bottom: 12px;\">Paquete incluido<\/p>\n<p style=\"font-family: OpenSans; font-size: 14px; font-weight: 300; line-height: 20px; margin-bottom: 12px;\">1 * mochila impermeable plegable<\/p>\n<p>Nota:<br \/>\n1. El producto con logotipo es personalizado, por lo que se tarda una semana en preparar las existencias.<br \/>\nLas existencias del producto sin logotipo son suficientes. Si tiene alguna solicitud, cont\u00e1ctenos; De lo contrario, lo enviaremos al azar<br \/>\n2 como este es un peso neto aproximado de 310g, y le reembolsaremos o volveremos a enviar si hay alg\u00fan problema de env\u00edo, es as\u00ed que cobramos m\u00e1s costos por este art\u00edculo que otros;<\/p>\n<\/div>\n<div><img decoding=\"async\" title=\"Mochila impermeable plegable de 35L para exteriores, bolsa de d\u00eda port\u00e1til ligera, grande, para caza, Camping, viajes, senderismo\" src=\"https:\/\/bodegaoutdoor.cl\/store\/wp-content\/uploads\/2022\/08\/60114-qgomxz.jpg\" alt=\"Mochila impermeable plegable de 35L para exteriores, bolsa de d\u00eda port\u00e1til ligera, grande, para caza, Camping, viajes, senderismo\" \/><img decoding=\"async\" title=\"Mochila impermeable plegable de 35L para exteriores, bolsa de d\u00eda port\u00e1til ligera, grande, para caza, Camping, viajes, senderismo\" src=\"https:\/\/bodegaoutdoor.cl\/store\/wp-content\/uploads\/2022\/08\/60114-er5tbf.jpg\" alt=\"Mochila impermeable plegable de 35L para exteriores, bolsa de d\u00eda port\u00e1til ligera, grande, para caza, Camping, viajes, senderismo\" \/><img decoding=\"async\" title=\"Mochila impermeable plegable de 35L para exteriores, bolsa de d\u00eda port\u00e1til ligera, grande, para caza, Camping, viajes, senderismo\" src=\"https:\/\/bodegaoutdoor.cl\/store\/wp-content\/uploads\/2022\/08\/60114-1kpnci.jpg\" alt=\"Mochila impermeable plegable de 35L para exteriores, bolsa de d\u00eda port\u00e1til ligera, grande, para caza, Camping, viajes, senderismo\" \/><img decoding=\"async\" title=\"Mochila impermeable plegable de 35L para exteriores, bolsa de d\u00eda port\u00e1til ligera, grande, para caza, Camping, viajes, senderismo\" src=\"https:\/\/bodegaoutdoor.cl\/store\/wp-content\/uploads\/2022\/08\/60114-wbn2h0.jpg\" alt=\"Mochila impermeable plegable de 35L para exteriores, bolsa de d\u00eda port\u00e1til ligera, grande, para caza, Camping, viajes, senderismo\" \/><img decoding=\"async\" title=\"Mochila impermeable plegable de 35L para exteriores, bolsa de d\u00eda port\u00e1til ligera, grande, para caza, Camping, viajes, senderismo\" src=\"https:\/\/bodegaoutdoor.cl\/store\/wp-content\/uploads\/2022\/08\/60114-yx45q4.jpg\" alt=\"Mochila impermeable plegable de 35L para exteriores, bolsa de d\u00eda port\u00e1til ligera, grande, para caza, Camping, viajes, senderismo\" \/><img decoding=\"async\" title=\"Mochila impermeable plegable de 35L para exteriores, bolsa de d\u00eda port\u00e1til ligera, grande, para caza, Camping, viajes, senderismo\" src=\"https:\/\/bodegaoutdoor.cl\/store\/wp-content\/uploads\/2022\/08\/60114-m1mgja.jpg\" alt=\"Mochila impermeable plegable de 35L para exteriores, bolsa de d\u00eda port\u00e1til ligera, grande, para caza, Camping, viajes, senderismo\" \/><img decoding=\"async\" title=\"Mochila impermeable plegable de 35L para exteriores, bolsa de d\u00eda port\u00e1til ligera, grande, para caza, Camping, viajes, senderismo\" src=\"https:\/\/bodegaoutdoor.cl\/store\/wp-content\/uploads\/2022\/08\/60114-xilf2t.jpg\" alt=\"Mochila impermeable plegable de 35L para exteriores, bolsa de d\u00eda port\u00e1til ligera, grande, para caza, Camping, viajes, senderismo\" \/><img decoding=\"async\" title=\"Mochila impermeable plegable de 35L para exteriores, bolsa de d\u00eda port\u00e1til ligera, grande, para caza, Camping, viajes, senderismo\" src=\"https:\/\/bodegaoutdoor.cl\/store\/wp-content\/uploads\/2022\/08\/60114-qkaro4.jpg\" alt=\"Mochila impermeable plegable de 35L para exteriores, bolsa de d\u00eda port\u00e1til ligera, grande, para caza, Camping, viajes, senderismo\" \/><img decoding=\"async\" title=\"Mochila impermeable plegable de 35L para exteriores, bolsa de d\u00eda port\u00e1til ligera, grande, para caza, Camping, viajes, senderismo\" src=\"https:\/\/bodegaoutdoor.cl\/store\/wp-content\/uploads\/2022\/08\/60114-fbnrhw.jpg\" alt=\"Mochila impermeable plegable de 35L para exteriores, bolsa de d\u00eda port\u00e1til ligera, grande, para caza, Camping, viajes, senderismo\" \/><img decoding=\"async\" title=\"Mochila impermeable plegable de 35L para exteriores, bolsa de d\u00eda port\u00e1til ligera, grande, para caza, Camping, viajes, senderismo\" src=\"https:\/\/bodegaoutdoor.cl\/store\/wp-content\/uploads\/2022\/08\/60114-yns5rs.jpg\" alt=\"Mochila impermeable plegable de 35L para exteriores, bolsa de d\u00eda port\u00e1til ligera, grande, para caza, Camping, viajes, senderismo\" \/><\/div>\n<div><img decoding=\"async\" title=\"Mochila impermeable plegable de 35L para exteriores, bolsa de d\u00eda port\u00e1til ligera, grande, para caza, Camping, viajes, senderismo\" src=\"https:\/\/bodegaoutdoor.cl\/store\/wp-content\/uploads\/2022\/08\/60114-fc9url.jpg\" alt=\"Mochila impermeable plegable de 35L para exteriores, bolsa de d\u00eda port\u00e1til ligera, grande, para caza, Camping, viajes, senderismo\" \/><img decoding=\"async\" title=\"Mochila impermeable plegable de 35L para exteriores, bolsa de d\u00eda port\u00e1til ligera, grande, para caza, Camping, viajes, senderismo\" src=\"https:\/\/bodegaoutdoor.cl\/store\/wp-content\/uploads\/2022\/08\/60114-rtut92.jpg\" alt=\"Mochila impermeable plegable de 35L para exteriores, bolsa de d\u00eda port\u00e1til ligera, grande, para caza, Camping, viajes, senderismo\" \/><img decoding=\"async\" title=\"Mochila impermeable plegable de 35L para exteriores, bolsa de d\u00eda port\u00e1til ligera, grande, para caza, Camping, viajes, senderismo\" src=\"https:\/\/bodegaoutdoor.cl\/store\/wp-content\/uploads\/2022\/08\/60114-lfvi1p.jpg\" alt=\"Mochila impermeable plegable de 35L para exteriores, bolsa de d\u00eda port\u00e1til ligera, grande, para caza, Camping, viajes, senderismo\" \/><\/div>\n<div><\/div>\n<\/div>\n<\/div>\n<p>&nbsp;<\/p>\n<\/div>\n<\/div>\n\n    <div class=\"xs_social_share_widget xs_share_url after_content \t\tmain_content  wslu-style-1 wslu-share-box-shaped wslu-fill-colored wslu-none wslu-share-horizontal wslu-theme-font-no wslu-main_content\">\n\n\t\t\n        <ul>\n\t\t\t        <\/ul>\n    <\/div> \n","protected":false},"excerpt":{"rendered":"<p>Mochila impermeable plegable al aire libre de 35L mochila port\u00e1til ligera Especificaciones del producto &#8212; Color: azul claro\/azul oscuro\/negro\/naranja\/rojo estampado\/estampado azul. &#8212; Material: nailon impermeable &#8212; Peso neto: 0,32 kg &#8212; Tama\u00f1o antes del plegado: 35L 30*50*18 cm\/11,8*19,7*7,1 pulgadas &#8212; Tama\u00f1o despu\u00e9s del plegado: 20*20*4,5 cm\/7,9*7,9*1,8 pulgadas, puede ser un bolso port\u00e1til Caracter\u00edsticas del producto [&hellip;]<\/p>\n","protected":false},"featured_media":60121,"comment_status":"open","ping_status":"closed","template":"","meta":{"jetpack_publicize_message":"","jetpack_publicize_feature_enabled":true,"jetpack_social_post_already_shared":true,"jetpack_social_options":{"image_generator_settings":{"template":"highway","enabled":false},"version":2}},"product_brand":[],"product_cat":[195,273],"product_tag":[1399,909],"class_list":{"0":"post-60114","1":"product","2":"type-product","3":"status-publish","4":"has-post-thumbnail","6":"product_cat-mochilas","7":"product_cat-mochilas-30-60-litros","8":"product_tag-mochila","9":"product_tag-trekking","11":"first","12":"instock","13":"sale","14":"taxable","15":"shipping-taxable","16":"purchasable","17":"product-type-variable"},"jetpack_publicize_connections":[],"jetpack_sharing_enabled":true,"_links":{"self":[{"href":"https:\/\/bodegaoutdoor.cl\/store\/wp-json\/wp\/v2\/product\/60114","targetHints":{"allow":["GET"]}}],"collection":[{"href":"https:\/\/bodegaoutdoor.cl\/store\/wp-json\/wp\/v2\/product"}],"about":[{"href":"https:\/\/bodegaoutdoor.cl\/store\/wp-json\/wp\/v2\/types\/product"}],"replies":[{"embeddable":true,"href":"https:\/\/bodegaoutdoor.cl\/store\/wp-json\/wp\/v2\/comments?post=60114"}],"version-history":[{"count":17,"href":"https:\/\/bodegaoutdoor.cl\/store\/wp-json\/wp\/v2\/product\/60114\/revisions"}],"predecessor-version":[{"id":60163,"href":"https:\/\/bodegaoutdoor.cl\/store\/wp-json\/wp\/v2\/product\/60114\/revisions\/60163"}],"wp:featuredmedia":[{"embeddable":true,"href":"https:\/\/bodegaoutdoor.cl\/store\/wp-json\/wp\/v2\/media\/60121"}],"wp:attachment":[{"href":"https:\/\/bodegaoutdoor.cl\/store\/wp-json\/wp\/v2\/media?parent=60114"}],"wp:term":[{"taxonomy":"product_brand","embeddable":true,"href":"https:\/\/bodegaoutdoor.cl\/store\/wp-json\/wp\/v2\/product_brand?post=60114"},{"taxonomy":"product_cat","embeddable":true,"href":"https:\/\/bodegaoutdoor.cl\/store\/wp-json\/wp\/v2\/product_cat?post=60114"},{"taxonomy":"product_tag","embeddable":true,"href":"https:\/\/bodegaoutdoor.cl\/store\/wp-json\/wp\/v2\/product_tag?post=60114"}],"curies":[{"name":"wp","href":"https:\/\/api.w.org\/{rel}","templated":true}]}}