{"id":60260,"date":"2022-08-26T14:24:18","date_gmt":"2022-08-26T18:24:18","guid":{"rendered":"https:\/\/bodegaoutdoor.cl\/store\/?post_type=product&#038;p=60260"},"modified":"2026-03-08T23:00:08","modified_gmt":"2026-03-09T02:00:08","slug":"bolso-rpero-mochila-de-gran-capacidad-bolsa-de-viaje-para-montanismo-lona","status":"publish","type":"product","link":"https:\/\/bodegaoutdoor.cl\/store\/product\/bolso-rpero-mochila-de-gran-capacidad-bolsa-de-viaje-para-montanismo-lona\/","title":{"rendered":"Bolso Ropa Mochila de gran capacidad, bolso de hombro Lona"},"content":{"rendered":"<p style=\"text-align: center;\"><video style=\"max-width: 100%;\" src=\"\/\/cloud.video.taobao.com\/play\/u\/2247441138\/p\/1\/e\/6\/t\/10301\/224443645804.mp4\" poster=\"https:\/\/ae01.alicdn.com\/kf\/HTB13vgBSMHqK1RjSZJnq6zNLpXaS\/Mochila-de-gran-capacidad-para-hombre-bolsa-de-viaje-para-monta-ismo-equipaje-masculino-bolso-de.jpg,https:\/\/ae01.alicdn.com\/kf\/HTB1s3EySPTpK1RjSZKPq6y3UpXat\/Mochila-de-gran-capacidad-para-hombre-bolsa-de-viaje-para-monta-ismo-equipaje-masculino-bolso-de.jpg,https:\/\/ae01.alicdn.com\/kf\/HTB1KDgsSNTpK1RjSZR0q6zEwXXaY\/Mochila-de-gran-capacidad-para-hombre-bolsa-de-viaje-para-monta-ismo-equipaje-masculino-bolso-de.jpg,https:\/\/ae01.alicdn.com\/kf\/HTB1mhJSX2c3T1VjSZPfq6AWHXXaX\/Mochila-de-gran-capacidad-para-hombre-bolsa-de-viaje-para-monta-ismo-equipaje-masculino-bolso-de.jpg,https:\/\/ae01.alicdn.com\/kf\/HTB1reAzSMHqK1RjSZFEq6AGMXXa1\/Mochila-de-gran-capacidad-para-hombre-bolsa-de-viaje-para-monta-ismo-equipaje-masculino-bolso-de.jpg,https:\/\/ae01.alicdn.com\/kf\/HTB1CpcrSSzqK1RjSZPxq6A4tVXa2\/Mochila-de-gran-capacidad-para-hombre-bolsa-de-viaje-para-monta-ismo-equipaje-masculino-bolso-de.jpg\" preload=\"auto\" controls=\"controls\" width=\"100%\" height=\"100%\"><\/video><\/p>\n<div>\n<div>\n<div>\n<div style=\"margin-top: -45.4071%; margin-left: 34.8643%; width: 31.6284%;\"><a href=\"\/\/www.aliexpress.com\/item\/detail\/32846145583.html\" target=\"_self\" rel=\"noopener\"><img decoding=\"async\" title=\"Mochila de gran capacidad para hombre, bolsa de viaje para monta\u00f1ismo, equipaje masculino, bolso de hombro, Cubo de lona\" src=\"https:\/\/bodegaoutdoor.cl\/store\/wp-content\/uploads\/2022\/08\/60260-u1duz6.png\" alt=\"Mochila de gran capacidad para hombre, bolsa de viaje para monta\u00f1ismo, equipaje masculino, bolso de hombro, Cubo de lona\" \/><\/a><\/div>\n<div style=\"margin-top: -42.7975%; margin-left: 68.0585%; width: 31.6284%;\"><a href=\"\/\/www.aliexpress.com\/item\/detail\/32897891937.html\" target=\"_self\" rel=\"noopener\"><img decoding=\"async\" title=\"Mochila de gran capacidad para hombre, bolsa de viaje para monta\u00f1ismo, equipaje masculino, bolso de hombro, Cubo de lona\" src=\"https:\/\/bodegaoutdoor.cl\/store\/wp-content\/uploads\/2022\/08\/60260-u1duz6.png\" alt=\"Mochila de gran capacidad para hombre, bolsa de viaje para monta\u00f1ismo, equipaje masculino, bolso de hombro, Cubo de lona\" \/><\/a><\/div>\n<div style=\"margin-top: -44.0501%; margin-left: 0%; width: 33.8205%;\"><a href=\"\/\/www.aliexpress.com\/item\/New-2018-Large-Capacity-Travel-Bag-Man-Mountaineering-Backpack-Male-Luggage-Waterproof-Canvas-Bucket-Shoulder-Bags\/32947766493.html\" target=\"_self\" rel=\"noopener\"><img decoding=\"async\" title=\"Mochila de gran capacidad para hombre, bolsa de viaje para monta\u00f1ismo, equipaje masculino, bolso de hombro, Cubo de lona\" src=\"https:\/\/bodegaoutdoor.cl\/store\/wp-content\/uploads\/2022\/08\/60260-dgjft7.png\" alt=\"Mochila de gran capacidad para hombre, bolsa de viaje para monta\u00f1ismo, equipaje masculino, bolso de hombro, Cubo de lona\" \/><\/a><\/div>\n<\/div>\n<\/div>\n<div style=\"border: 0px;\">\n<p style=\"font-family: arial; text-align: center; margin: 0px; padding: 0px;\" align=\"center\"><a href=\"\/\/www.aliexpress.com\/store\/1455438\" target=\"_self\" rel=\"noopener\"><img decoding=\"async\" title=\"Mochila de gran capacidad para hombre, bolsa de viaje para monta\u00f1ismo, equipaje masculino, bolso de hombro, Cubo de lona\" src=\"https:\/\/bodegaoutdoor.cl\/store\/wp-content\/uploads\/2022\/08\/60260-wttt1u.jpg\" alt=\"Mochila de gran capacidad para hombre, bolsa de viaje para monta\u00f1ismo, equipaje masculino, bolso de hombro, Cubo de lona\" \/><\/a><\/p>\n<p style=\"font-family: arial; margin: 0px; padding: 0px;\">Tama\u00f1o peque\u00f1o: 26cm * 45cm * 20cm (largo * alto * ancho)<\/p>\n<p>&nbsp;<\/p>\n<p style=\"font-family: arial; margin: 0px; padding: 0px;\">Tama\u00f1o grande: 30cm * 55cm * 20cm (largo * alto * ancho)<\/p>\n<p>&nbsp;<\/p>\n<p style=\"font-family: arial; text-align: center; margin: 0px; padding: 0px;\" align=\"center\"><img decoding=\"async\" title=\"Mochila de gran capacidad para hombre, bolsa de viaje para monta\u00f1ismo, equipaje masculino, bolso de hombro, Cubo de lona\" src=\"https:\/\/bodegaoutdoor.cl\/store\/wp-content\/uploads\/2022\/08\/60260-ypxnly.jpg\" alt=\"Mochila de gran capacidad para hombre, bolsa de viaje para monta\u00f1ismo, equipaje masculino, bolso de hombro, Cubo de lona\" \/><img decoding=\"async\" title=\"Mochila de gran capacidad para hombre, bolsa de viaje para monta\u00f1ismo, equipaje masculino, bolso de hombro, Cubo de lona\" src=\"https:\/\/bodegaoutdoor.cl\/store\/wp-content\/uploads\/2022\/08\/60260-cpjpax.jpg\" alt=\"Mochila de gran capacidad para hombre, bolsa de viaje para monta\u00f1ismo, equipaje masculino, bolso de hombro, Cubo de lona\" \/><img decoding=\"async\" title=\"Mochila de gran capacidad para hombre, bolsa de viaje para monta\u00f1ismo, equipaje masculino, bolso de hombro, Cubo de lona\" src=\"https:\/\/bodegaoutdoor.cl\/store\/wp-content\/uploads\/2022\/08\/60260-kdqkwv.jpg\" alt=\"Mochila de gran capacidad para hombre, bolsa de viaje para monta\u00f1ismo, equipaje masculino, bolso de hombro, Cubo de lona\" \/><img decoding=\"async\" title=\"Mochila de gran capacidad para hombre, bolsa de viaje para monta\u00f1ismo, equipaje masculino, bolso de hombro, Cubo de lona\" src=\"https:\/\/bodegaoutdoor.cl\/store\/wp-content\/uploads\/2022\/08\/60260-asulhg.jpg\" alt=\"Mochila de gran capacidad para hombre, bolsa de viaje para monta\u00f1ismo, equipaje masculino, bolso de hombro, Cubo de lona\" \/><img decoding=\"async\" title=\"Mochila de gran capacidad para hombre, bolsa de viaje para monta\u00f1ismo, equipaje masculino, bolso de hombro, Cubo de lona\" src=\"https:\/\/bodegaoutdoor.cl\/store\/wp-content\/uploads\/2022\/08\/60260-4666d2.jpg\" alt=\"Mochila de gran capacidad para hombre, bolsa de viaje para monta\u00f1ismo, equipaje masculino, bolso de hombro, Cubo de lona\" \/><img decoding=\"async\" title=\"Mochila de gran capacidad para hombre, bolsa de viaje para monta\u00f1ismo, equipaje masculino, bolso de hombro, Cubo de lona\" src=\"https:\/\/bodegaoutdoor.cl\/store\/wp-content\/uploads\/2022\/08\/60260-f8c7an.jpg\" alt=\"Mochila de gran capacidad para hombre, bolsa de viaje para monta\u00f1ismo, equipaje masculino, bolso de hombro, Cubo de lona\" \/><img decoding=\"async\" title=\"Mochila de gran capacidad para hombre, bolsa de viaje para monta\u00f1ismo, equipaje masculino, bolso de hombro, Cubo de lona\" src=\"https:\/\/bodegaoutdoor.cl\/store\/wp-content\/uploads\/2022\/08\/60260-22ckwk.jpg\" alt=\"Mochila de gran capacidad para hombre, bolsa de viaje para monta\u00f1ismo, equipaje masculino, bolso de hombro, Cubo de lona\" \/><img decoding=\"async\" title=\"Mochila de gran capacidad para hombre, bolsa de viaje para monta\u00f1ismo, equipaje masculino, bolso de hombro, Cubo de lona\" src=\"https:\/\/bodegaoutdoor.cl\/store\/wp-content\/uploads\/2022\/08\/60260-qmpycg.jpg\" alt=\"Mochila de gran capacidad para hombre, bolsa de viaje para monta\u00f1ismo, equipaje masculino, bolso de hombro, Cubo de lona\" \/><img decoding=\"async\" title=\"Mochila de gran capacidad para hombre, bolsa de viaje para monta\u00f1ismo, equipaje masculino, bolso de hombro, Cubo de lona\" src=\"https:\/\/bodegaoutdoor.cl\/store\/wp-content\/uploads\/2022\/08\/60260-p01iki.jpg\" alt=\"Mochila de gran capacidad para hombre, bolsa de viaje para monta\u00f1ismo, equipaje masculino, bolso de hombro, Cubo de lona\" \/><img decoding=\"async\" title=\"Mochila de gran capacidad para hombre, bolsa de viaje para monta\u00f1ismo, equipaje masculino, bolso de hombro, Cubo de lona\" src=\"https:\/\/bodegaoutdoor.cl\/store\/wp-content\/uploads\/2022\/08\/60260-xved1f.jpg\" alt=\"Mochila de gran capacidad para hombre, bolsa de viaje para monta\u00f1ismo, equipaje masculino, bolso de hombro, Cubo de lona\" \/><img decoding=\"async\" title=\"Mochila de gran capacidad para hombre, bolsa de viaje para monta\u00f1ismo, equipaje masculino, bolso de hombro, Cubo de lona\" src=\"https:\/\/bodegaoutdoor.cl\/store\/wp-content\/uploads\/2022\/08\/60260-ntwpfs.jpg\" alt=\"Mochila de gran capacidad para hombre, bolsa de viaje para monta\u00f1ismo, equipaje masculino, bolso de hombro, Cubo de lona\" \/><img decoding=\"async\" title=\"Mochila de gran capacidad para hombre, bolsa de viaje para monta\u00f1ismo, equipaje masculino, bolso de hombro, Cubo de lona\" src=\"https:\/\/bodegaoutdoor.cl\/store\/wp-content\/uploads\/2022\/08\/60260-olpt1e.jpg\" alt=\"Mochila de gran capacidad para hombre, bolsa de viaje para monta\u00f1ismo, equipaje masculino, bolso de hombro, Cubo de lona\" \/><img decoding=\"async\" title=\"Mochila de gran capacidad para hombre, bolsa de viaje para monta\u00f1ismo, equipaje masculino, bolso de hombro, Cubo de lona\" src=\"https:\/\/bodegaoutdoor.cl\/store\/wp-content\/uploads\/2022\/08\/60260-swqvjj.jpg\" alt=\"Mochila de gran capacidad para hombre, bolsa de viaje para monta\u00f1ismo, equipaje masculino, bolso de hombro, Cubo de lona\" \/><img decoding=\"async\" title=\"Mochila de gran capacidad para hombre, bolsa de viaje para monta\u00f1ismo, equipaje masculino, bolso de hombro, Cubo de lona\" src=\"https:\/\/bodegaoutdoor.cl\/store\/wp-content\/uploads\/2022\/08\/60260-2vxqtw.jpg\" alt=\"Mochila de gran capacidad para hombre, bolsa de viaje para monta\u00f1ismo, equipaje masculino, bolso de hombro, Cubo de lona\" \/><img decoding=\"async\" title=\"Mochila de gran capacidad para hombre, bolsa de viaje para monta\u00f1ismo, equipaje masculino, bolso de hombro, Cubo de lona\" src=\"https:\/\/bodegaoutdoor.cl\/store\/wp-content\/uploads\/2022\/08\/60260-ei5dlp.jpg\" alt=\"Mochila de gran capacidad para hombre, bolsa de viaje para monta\u00f1ismo, equipaje masculino, bolso de hombro, Cubo de lona\" \/><img decoding=\"async\" title=\"Mochila de gran capacidad para hombre, bolsa de viaje para monta\u00f1ismo, equipaje masculino, bolso de hombro, Cubo de lona\" src=\"https:\/\/bodegaoutdoor.cl\/store\/wp-content\/uploads\/2022\/08\/60260-iwqzfr.jpg\" alt=\"Mochila de gran capacidad para hombre, bolsa de viaje para monta\u00f1ismo, equipaje masculino, bolso de hombro, Cubo de lona\" \/><img decoding=\"async\" title=\"Mochila de gran capacidad para hombre, bolsa de viaje para monta\u00f1ismo, equipaje masculino, bolso de hombro, Cubo de lona\" src=\"https:\/\/bodegaoutdoor.cl\/store\/wp-content\/uploads\/2022\/08\/60260-uufgde.jpg\" alt=\"Mochila de gran capacidad para hombre, bolsa de viaje para monta\u00f1ismo, equipaje masculino, bolso de hombro, Cubo de lona\" \/><img decoding=\"async\" title=\"Mochila de gran capacidad para hombre, bolsa de viaje para monta\u00f1ismo, equipaje masculino, bolso de hombro, Cubo de lona\" src=\"https:\/\/bodegaoutdoor.cl\/store\/wp-content\/uploads\/2022\/08\/60260-rysacy.jpg\" alt=\"Mochila de gran capacidad para hombre, bolsa de viaje para monta\u00f1ismo, equipaje masculino, bolso de hombro, Cubo de lona\" \/><img decoding=\"async\" title=\"Mochila de gran capacidad para hombre, bolsa de viaje para monta\u00f1ismo, equipaje masculino, bolso de hombro, Cubo de lona\" src=\"https:\/\/bodegaoutdoor.cl\/store\/wp-content\/uploads\/2022\/08\/60260-xy9x4y.jpg\" alt=\"Mochila de gran capacidad para hombre, bolsa de viaje para monta\u00f1ismo, equipaje masculino, bolso de hombro, Cubo de lona\" \/><img decoding=\"async\" title=\"Mochila de gran capacidad para hombre, bolsa de viaje para monta\u00f1ismo, equipaje masculino, bolso de hombro, Cubo de lona\" src=\"https:\/\/bodegaoutdoor.cl\/store\/wp-content\/uploads\/2022\/08\/60260-dnnobm.jpg\" alt=\"Mochila de gran capacidad para hombre, bolsa de viaje para monta\u00f1ismo, equipaje masculino, bolso de hombro, Cubo de lona\" \/><img decoding=\"async\" title=\"Mochila de gran capacidad para hombre, bolsa de viaje para monta\u00f1ismo, equipaje masculino, bolso de hombro, Cubo de lona\" src=\"https:\/\/bodegaoutdoor.cl\/store\/wp-content\/uploads\/2022\/08\/60260-nzr05x.jpg\" alt=\"Mochila de gran capacidad para hombre, bolsa de viaje para monta\u00f1ismo, equipaje masculino, bolso de hombro, Cubo de lona\" \/><\/p>\n<p style=\"font-family: arial; text-align: center; margin: 0px; padding: 0px;\" align=\"center\"><img decoding=\"async\" title=\"Mochila de gran capacidad para hombre, bolsa de viaje para monta\u00f1ismo, equipaje masculino, bolso de hombro, Cubo de lona\" src=\"https:\/\/bodegaoutdoor.cl\/store\/wp-content\/uploads\/2022\/08\/60260-7aoz6t.jpg\" alt=\"Mochila de gran capacidad para hombre, bolsa de viaje para monta\u00f1ismo, equipaje masculino, bolso de hombro, Cubo de lona\" \/><img decoding=\"async\" title=\"Mochila de gran capacidad para hombre, bolsa de viaje para monta\u00f1ismo, equipaje masculino, bolso de hombro, Cubo de lona\" src=\"https:\/\/bodegaoutdoor.cl\/store\/wp-content\/uploads\/2022\/08\/60260-mdvuoj.jpg\" alt=\"Mochila de gran capacidad para hombre, bolsa de viaje para monta\u00f1ismo, equipaje masculino, bolso de hombro, Cubo de lona\" \/><\/p>\n<p>&nbsp;<\/p>\n<table style=\"border-collapse: collapse; font-size: 0px;\" border=\"0\" cellspacing=\"0\" cellpadding=\"0\">\n<tbody>\n<tr>\n<td><\/td>\n<td><\/td>\n<td><\/td>\n<td><\/td>\n<\/tr>\n<tr>\n<td><\/td>\n<td><\/td>\n<td><\/td>\n<td><\/td>\n<\/tr>\n<\/tbody>\n<\/table>\n<table style=\"border-collapse: collapse; font-size: 0px;\" border=\"0\" cellspacing=\"0\" cellpadding=\"0\">\n<tbody>\n<tr>\n<td><\/td>\n<td><\/td>\n<td><\/td>\n<td><\/td>\n<\/tr>\n<\/tbody>\n<\/table>\n<p style=\"font-family: arial; text-align: center; margin: 0px; padding: 0px;\" align=\"center\">\n<\/div>\n<\/div>\n\n    <div class=\"xs_social_share_widget xs_share_url after_content \t\tmain_content  wslu-style-1 wslu-share-box-shaped wslu-fill-colored wslu-none wslu-share-horizontal wslu-theme-font-no wslu-main_content\">\n\n\t\t\n        <ul>\n\t\t\t        <\/ul>\n    <\/div> \n","protected":false},"excerpt":{"rendered":"<p>Tama\u00f1o peque\u00f1o: 26cm * 45cm * 20cm (largo * alto * ancho) &nbsp; Tama\u00f1o grande: 30cm * 55cm * 20cm (largo * alto * ancho) &nbsp; &nbsp;<\/p>\n","protected":false},"featured_media":60273,"comment_status":"open","ping_status":"closed","template":"","meta":{"jetpack_publicize_message":"","jetpack_publicize_feature_enabled":true,"jetpack_social_post_already_shared":true,"jetpack_social_options":{"image_generator_settings":{"template":"highway","enabled":false},"version":2}},"product_brand":[],"product_cat":[15,274,195],"product_tag":[3804,1399],"class_list":{"0":"post-60260","1":"product","2":"type-product","3":"status-publish","4":"has-post-thumbnail","6":"product_cat-otros","7":"product_cat-bananos-otros","8":"product_cat-mochilas","9":"product_tag-bolso-ropero","10":"product_tag-mochila","12":"first","13":"instock","14":"taxable","15":"shipping-taxable","16":"purchasable","17":"product-type-variable"},"jetpack_publicize_connections":[],"jetpack_sharing_enabled":true,"_links":{"self":[{"href":"https:\/\/bodegaoutdoor.cl\/store\/wp-json\/wp\/v2\/product\/60260","targetHints":{"allow":["GET"]}}],"collection":[{"href":"https:\/\/bodegaoutdoor.cl\/store\/wp-json\/wp\/v2\/product"}],"about":[{"href":"https:\/\/bodegaoutdoor.cl\/store\/wp-json\/wp\/v2\/types\/product"}],"replies":[{"embeddable":true,"href":"https:\/\/bodegaoutdoor.cl\/store\/wp-json\/wp\/v2\/comments?post=60260"}],"version-history":[{"count":34,"href":"https:\/\/bodegaoutdoor.cl\/store\/wp-json\/wp\/v2\/product\/60260\/revisions"}],"predecessor-version":[{"id":89213,"href":"https:\/\/bodegaoutdoor.cl\/store\/wp-json\/wp\/v2\/product\/60260\/revisions\/89213"}],"wp:featuredmedia":[{"embeddable":true,"href":"https:\/\/bodegaoutdoor.cl\/store\/wp-json\/wp\/v2\/media\/60273"}],"wp:attachment":[{"href":"https:\/\/bodegaoutdoor.cl\/store\/wp-json\/wp\/v2\/media?parent=60260"}],"wp:term":[{"taxonomy":"product_brand","embeddable":true,"href":"https:\/\/bodegaoutdoor.cl\/store\/wp-json\/wp\/v2\/product_brand?post=60260"},{"taxonomy":"product_cat","embeddable":true,"href":"https:\/\/bodegaoutdoor.cl\/store\/wp-json\/wp\/v2\/product_cat?post=60260"},{"taxonomy":"product_tag","embeddable":true,"href":"https:\/\/bodegaoutdoor.cl\/store\/wp-json\/wp\/v2\/product_tag?post=60260"}],"curies":[{"name":"wp","href":"https:\/\/api.w.org\/{rel}","templated":true}]}}