{"id":60886,"date":"2022-09-09T19:01:43","date_gmt":"2022-09-09T22:01:43","guid":{"rendered":"https:\/\/bodegaoutdoor.cl\/store\/product\/red-de-camuflaje-tactica-bufanda-de-red-de-camuflaje-para-juego-de-guerra-deportes-caza-tiro-fotografia-salvaje-francotirador-bufandas-de-malla-de-camuflaje\/"},"modified":"2024-05-08T11:49:38","modified_gmt":"2024-05-08T15:49:38","slug":"red-de-camuflaje-tactica-bufanda-de-red-de-camuflaje-para-juego-de-guerra-deportes-caza-tiro-fotografia-salvaje-francotirador-bufandas-de-malla-de-camuflaje","status":"publish","type":"product","link":"https:\/\/bodegaoutdoor.cl\/store\/product\/red-de-camuflaje-tactica-bufanda-de-red-de-camuflaje-para-juego-de-guerra-deportes-caza-tiro-fotografia-salvaje-francotirador-bufandas-de-malla-de-camuflaje\/","title":{"rendered":"Malla de camuflaje t\u00e1ctica, bufanda de camuflaje, deportes, caza, tiro, fotograf\u00eda"},"content":{"rendered":"<div>\n<p><img decoding=\"async\" src=\"https:\/\/bodegaoutdoor.cl\/store\/wp-content\/uploads\/2022\/09\/60886-heq1jo.jpg\" \/><\/p>\n<div>\n<div><img decoding=\"async\" class=\"aligncenter\" src=\"https:\/\/bodegaoutdoor.cl\/store\/wp-content\/uploads\/2022\/09\/60886-6hyd6h.jpg\" data-src=\"\/\/m.media-amazon.com\/images\/S\/aplus-seller-content-images-us-east-1\/ATVPDKIKX0DER\/A82XOIXKVMTZB\/c69c2deb-7c10-41d9-bc04-5dfb4ca94a12._CR0,0,600,180_PT0_SX600__.jpg\" \/> <img decoding=\"async\" class=\"aligncenter\" src=\"https:\/\/bodegaoutdoor.cl\/store\/wp-content\/uploads\/2022\/09\/60886-6hyd6h.jpg\" \/><\/div>\n<\/div>\n<div>\n<div>\n<div><\/div>\n<\/div>\n<\/div>\n<div>\n<div><img decoding=\"async\" src=\"https:\/\/bodegaoutdoor.cl\/store\/wp-content\/uploads\/2022\/09\/60886-dfzykb.jpg\" \/><\/div>\n<\/div>\n<\/div>\n<div>\n<p style=\"font-size: 12px; font-weight: normal; text-align: left; width: 100%; color: #000000;\">Caracter\u00edsticas:<\/p>\n<p style=\"font-size: 12px; font-weight: normal; text-align: left; width: 100%; color: #000000;\">1. Hecho de 65% poli\u00e9ster y 35% algod\u00f3n, suave, transpirable y bien construido, agradable a la piel y absorbe el sudor, le da una experiencia muy c\u00f3moda y fresca. Ultra lite y f\u00e1cil de empacar, llevar y usar.<br \/>\n2. Dimensiones: 75 &#8220;x 35&#8221; (L x W), el tama\u00f1o es perfecto para un camo r\u00e1pido sobre la parte superior del cuerpo y rompe su silueta muy bien para que se mezcle bien.<br \/>\nAspecto cl\u00e1sico y genial<br \/>\n3. Dise\u00f1o: El Material es fuerte pero no es rascador ni r\u00edgido. Envuelve tu arma, tu cara o simplemente cubre todo tu cuerpo mientras te sientes agitando un \u00e1rbol.<br \/>\n4. Multifunci\u00f3n: se puede utilizar como velo de francotirador, bufanda de cuello o toalla de mano. Material de algod\u00f3n ligero ventilado. Excelente para climas c\u00e1lidos.<br \/>\n5. Conserva la transpiraci\u00f3n y permite enfriar simult\u00e1neamente. Muy c\u00e1lido tambi\u00e9n, para las temporadas de caza o temprano, ma\u00f1ana fr\u00eda fuera en la cordillera. Protege la cara y el cuello perfectamente. Lo suficientemente grande como para cubrirse sobre los hombros, lo que proporciona ocultaci\u00f3n y versatilidad adicionales<br \/>\n6. Multiusos: perfecto para juegos de guerra, caza, paintball y otras actividades al aire libre, puede ser una bufanda para el cuello, brillo del desierto, cubierta facial, cubierta para la cabeza (estilo pasamonta\u00f1as),. Cobertura de camuflaje para su arma, como envoltura de rifle, protecci\u00f3n del medio ambiente, art\u00edculo de moda elegante, etc.<\/p>\n<\/div>\n<div><img decoding=\"async\" src=\"https:\/\/bodegaoutdoor.cl\/store\/wp-content\/uploads\/2022\/09\/60886-vjl4ij.jpg\" \/><img decoding=\"async\" src=\"https:\/\/bodegaoutdoor.cl\/store\/wp-content\/uploads\/2022\/09\/60886-bxzwpo.jpg\" \/><img decoding=\"async\" src=\"https:\/\/bodegaoutdoor.cl\/store\/wp-content\/uploads\/2022\/09\/60886-2jn9ev.jpg\" \/><img decoding=\"async\" src=\"https:\/\/bodegaoutdoor.cl\/store\/wp-content\/uploads\/2022\/09\/60886-wg9wzp.jpg\" \/><img decoding=\"async\" src=\"https:\/\/bodegaoutdoor.cl\/store\/wp-content\/uploads\/2022\/09\/60886-rlklyk.jpg\" \/><img decoding=\"async\" src=\"https:\/\/bodegaoutdoor.cl\/store\/wp-content\/uploads\/2022\/09\/60886-xxvhx4.jpg\" \/><img decoding=\"async\" src=\"https:\/\/bodegaoutdoor.cl\/store\/wp-content\/uploads\/2022\/09\/60886-vk9p7v.jpg\" \/><img decoding=\"async\" src=\"https:\/\/bodegaoutdoor.cl\/store\/wp-content\/uploads\/2022\/09\/60886-hs19hv.jpg\" \/><img decoding=\"async\" src=\"\/\/ae01.alicdn.com\/kf\/S19db1e87997341d6b273f9ee50c9234aD.jpg\" \/><img decoding=\"async\" src=\"\/\/ae01.alicdn.com\/kf\/S64db3e9bf12e47ee8b170c5adf81e54aW.jpg\" \/><\/div>\n\n    <div class=\"xs_social_share_widget xs_share_url after_content \t\tmain_content  wslu-style-1 wslu-share-box-shaped wslu-fill-colored wslu-none wslu-share-horizontal wslu-theme-font-no wslu-main_content\">\n\n\t\t\n        <ul>\n\t\t\t        <\/ul>\n    <\/div> \n","protected":false},"excerpt":{"rendered":"<p>Caracter\u00edsticas: 1. Hecho de 65% poli\u00e9ster y 35% algod\u00f3n, suave, transpirable y bien construido, agradable a la piel y absorbe el sudor, le da una experiencia muy c\u00f3moda y fresca. Ultra lite y f\u00e1cil de empacar, llevar y usar. 2. Dimensiones: 75 &#8220;x 35&#8221; (L x W), el tama\u00f1o es perfecto para un camo r\u00e1pido [&hellip;]<\/p>\n","protected":false},"featured_media":60894,"comment_status":"open","ping_status":"closed","template":"","meta":{"jetpack_publicize_message":"","jetpack_publicize_feature_enabled":true,"jetpack_social_post_already_shared":true,"jetpack_social_options":{"image_generator_settings":{"template":"highway","enabled":false},"version":2}},"product_brand":[],"product_cat":[15],"product_tag":[],"class_list":{"0":"post-60886","1":"product","2":"type-product","3":"status-publish","4":"has-post-thumbnail","6":"product_cat-otros","8":"first","9":"instock","10":"sale","11":"taxable","12":"shipping-taxable","13":"purchasable","14":"product-type-variable"},"jetpack_publicize_connections":[],"jetpack_sharing_enabled":true,"_links":{"self":[{"href":"https:\/\/bodegaoutdoor.cl\/store\/wp-json\/wp\/v2\/product\/60886","targetHints":{"allow":["GET"]}}],"collection":[{"href":"https:\/\/bodegaoutdoor.cl\/store\/wp-json\/wp\/v2\/product"}],"about":[{"href":"https:\/\/bodegaoutdoor.cl\/store\/wp-json\/wp\/v2\/types\/product"}],"replies":[{"embeddable":true,"href":"https:\/\/bodegaoutdoor.cl\/store\/wp-json\/wp\/v2\/comments?post=60886"}],"version-history":[{"count":17,"href":"https:\/\/bodegaoutdoor.cl\/store\/wp-json\/wp\/v2\/product\/60886\/revisions"}],"predecessor-version":[{"id":60935,"href":"https:\/\/bodegaoutdoor.cl\/store\/wp-json\/wp\/v2\/product\/60886\/revisions\/60935"}],"wp:featuredmedia":[{"embeddable":true,"href":"https:\/\/bodegaoutdoor.cl\/store\/wp-json\/wp\/v2\/media\/60894"}],"wp:attachment":[{"href":"https:\/\/bodegaoutdoor.cl\/store\/wp-json\/wp\/v2\/media?parent=60886"}],"wp:term":[{"taxonomy":"product_brand","embeddable":true,"href":"https:\/\/bodegaoutdoor.cl\/store\/wp-json\/wp\/v2\/product_brand?post=60886"},{"taxonomy":"product_cat","embeddable":true,"href":"https:\/\/bodegaoutdoor.cl\/store\/wp-json\/wp\/v2\/product_cat?post=60886"},{"taxonomy":"product_tag","embeddable":true,"href":"https:\/\/bodegaoutdoor.cl\/store\/wp-json\/wp\/v2\/product_tag?post=60886"}],"curies":[{"name":"wp","href":"https:\/\/api.w.org\/{rel}","templated":true}]}}