{"id":60936,"date":"2022-09-09T19:08:07","date_gmt":"2022-09-09T22:08:07","guid":{"rendered":"https:\/\/bodegaoutdoor.cl\/store\/product\/linterna-portatil-de-bolsillo-con-clip-de-bolsillo-luz-de-trabajo-outdorr-camping-pesca-escalada-luz-led\/"},"modified":"2023-05-04T19:18:43","modified_gmt":"2023-05-04T23:18:43","slug":"linterna-portatil-de-bolsillo-con-clip-de-bolsillo-luz-de-trabajo-outdorr-camping-pesca-escalada-luz-led","status":"publish","type":"product","link":"https:\/\/bodegaoutdoor.cl\/store\/product\/linterna-portatil-de-bolsillo-con-clip-de-bolsillo-luz-de-trabajo-outdorr-camping-pesca-escalada-luz-led\/","title":{"rendered":"Linterna port\u00e1til de bolsillo con Clip , luz de trabajo, Outdorr, Camping, pesca, LED COB"},"content":{"rendered":"<p style=\"text-align: center;\"><video style=\"max-width: 100%;\" src=\"\/\/cloud.video.taobao.com\/play\/u\/2214233006102\/p\/1\/e\/6\/t\/10301\/1100075386214.mp4\" poster=\"https:\/\/ae01.alicdn.com\/kf\/S2523637ed20746fcb5c05582944320f1a\/Linterna-port-til-de-bolsillo-con-Clip-de-bolsillo-luz-de-trabajo-Outdorr-Camping-pesca-escalada.jpg,https:\/\/ae01.alicdn.com\/kf\/S9d4be9383d994b0d8839e5d2a8bbb877Z\/Linterna-port-til-de-bolsillo-con-Clip-de-bolsillo-luz-de-trabajo-Outdorr-Camping-pesca-escalada.jpg,https:\/\/ae01.alicdn.com\/kf\/S9874e7816fdd488aafd7ac92cbc02733a\/Linterna-port-til-de-bolsillo-con-Clip-de-bolsillo-luz-de-trabajo-Outdorr-Camping-pesca-escalada.jpg,https:\/\/ae01.alicdn.com\/kf\/Sfa50527f791f4e949b3d7177be57a85aP\/Linterna-port-til-de-bolsillo-con-Clip-de-bolsillo-luz-de-trabajo-Outdorr-Camping-pesca-escalada.jpg,https:\/\/ae01.alicdn.com\/kf\/S594d5d3d17b742d98c03efbc0a3892eeH\/Linterna-port-til-de-bolsillo-con-Clip-de-bolsillo-luz-de-trabajo-Outdorr-Camping-pesca-escalada.jpg,https:\/\/ae01.alicdn.com\/kf\/Se94522559bf24b0fb5f73883ff5f0fefx\/Linterna-port-til-de-bolsillo-con-Clip-de-bolsillo-luz-de-trabajo-Outdorr-Camping-pesca-escalada.jpg\" preload=\"auto\" controls=\"controls\" width=\"100%\" height=\"100%\"><\/video><\/p>\n<p align=\"start\"><span style=\"font-size: 20px;\"><strong>DE SERVICIO DE Dropshipping:<\/strong><\/span><\/p>\n<p align=\"start\">Ofrecemos servicios de env\u00edo para un gran n\u00famero de clientes.<\/p>\n<p align=\"start\">1: proporcionamos Almacenamiento de almac\u00e9n gratuito, todos sus pedidos se enviar\u00e1n en 24 horas y no tenemos vacaciones.<\/p>\n<p align=\"start\">2: soportamos la mayor\u00eda de los problemas postventa (p\u00e9rdida de log\u00edstica, paquetes da\u00f1ados, problemas de calidad del producto, etc.)<\/p>\n<p align=\"start\">3: No importa qu\u00e9 producto est\u00e9 vendiendo, le proporcionaremos servicio y le daremos un presupuesto perfecto.<\/p>\n<p align=\"start\">4: aceptamos pagos de cualquier manera y tambi\u00e9n aceptamos formas para procesar pedidos.<\/p>\n<p>Caracter\u00edsticas:<br \/>\n1. Hay cuatro modos de iluminaci\u00f3n: luz fuerte-luz media-estrobosc\u00f3pica-pulsaci\u00f3n larga superbrillante.<br \/>\n2. Se puede utilizar como abrebotellas y est\u00e1 equipado con un dise\u00f1o de base magn\u00e9tica, que se puede fijar en superficies met\u00e1licas.<br \/>\n3. La bater\u00eda recargable integrada puede durar de 1 a 4 horas.<br \/>\n4. Ideal para senderismo o uso diario.<\/p>\n<p>Especificaci\u00f3n:<br \/>\nTipo de fuente de luz: 30 mechas COB<br \/>\nMaterial: aleaci\u00f3n de aluminio + PC<br \/>\nModo de iluminaci\u00f3n: luz fuerte-luz media-flash-pulsaci\u00f3n larga superbrillante<br \/>\nTama\u00f1o del paquete \u00fanico: 95*55*27mm<br \/>\nTama\u00f1o: 6*6*4*2cm<br \/>\nTiempo: 4 horas (1,5 horas resaltadas)<br \/>\nBrillo: 1000 l\u00famenes<br \/>\nCapacidad de la bater\u00eda: 500mAh<br \/>\nM\u00e9todo de carga: carga tipo c<br \/>\nPeso neto\/Peso bruto: 42,9g\/63,9g<br \/>\nSituaciones de aplicaci\u00f3n: apertura de la puerta por la noche, paseo del perro, emergencia por fallo de energ\u00eda, resoluci\u00f3n de problemas, etc.<\/p>\n<p><img decoding=\"async\" style=\"width: 800px; height: 800px;\" src=\"\/\/ae01.alicdn.com\/kf\/Sd2ec18b266fd4dbd8e9e179ad7b47146G.jpg?width=500&amp;height=500&amp;hash=1000\" width=\"800px\" height=\"800px\" \/><img decoding=\"async\" style=\"width: 800px; height: 800px;\" src=\"\/\/ae01.alicdn.com\/kf\/S3748565eb41a4bdf8d0afd6b34868ad9c.jpg?width=1500&amp;height=1500&amp;hash=3000\" width=\"800px\" height=\"800px\" \/><img decoding=\"async\" style=\"width: 800px; height: 827px;\" src=\"\/\/ae01.alicdn.com\/kf\/Sc7b154f2ee444ddabe2239d5c32d81e80.jpg?width=1451&amp;height=1500&amp;hash=2951\" width=\"800px\" height=\"827px\" \/><img decoding=\"async\" style=\"width: 800px; height: 800px;\" src=\"\/\/ae01.alicdn.com\/kf\/S3c0d9f353d584aea87833c85c60fc743M.jpg?width=1500&amp;height=1500&amp;hash=3000\" width=\"800px\" height=\"800px\" \/><img decoding=\"async\" style=\"width: 800px; height: 800px;\" src=\"\/\/ae01.alicdn.com\/kf\/S48ab191cfae7430cba9f0cd034a61a77s.jpg?width=1500&amp;height=1500&amp;hash=3000\" width=\"800px\" height=\"800px\" \/><img decoding=\"async\" style=\"width: 800px; height: 800px;\" src=\"\/\/ae01.alicdn.com\/kf\/Sfddadfacce39446e9f84da8ba5d35cc6Q.jpg?width=1080&amp;height=1080&amp;hash=2160\" width=\"800px\" height=\"800px\" \/><img decoding=\"async\" style=\"width: 800px; height: 800px;\" src=\"\/\/ae01.alicdn.com\/kf\/S5cdf4703ae2f4a4fa40b3f48b8798de3T.jpg?width=1080&amp;height=1080&amp;hash=2160\" width=\"800px\" height=\"800px\" \/><img decoding=\"async\" style=\"width: 800px; height: 800px;\" src=\"\/\/ae01.alicdn.com\/kf\/Sa73709d8be37419b936f1ab987f3bec0o.jpg?width=1080&amp;height=1080&amp;hash=2160\" width=\"800px\" height=\"800px\" \/><\/p>\n\n    <div class=\"xs_social_share_widget xs_share_url after_content \t\tmain_content  wslu-style-1 wslu-share-box-shaped wslu-fill-colored wslu-none wslu-share-horizontal wslu-theme-font-no wslu-main_content\">\n\n\t\t\n        <ul>\n\t\t\t        <\/ul>\n    <\/div> \n","protected":false},"excerpt":{"rendered":"<p>DE SERVICIO DE Dropshipping: Ofrecemos servicios de env\u00edo para un gran n\u00famero de clientes. 1: proporcionamos Almacenamiento de almac\u00e9n gratuito, todos sus pedidos se enviar\u00e1n en 24 horas y no tenemos vacaciones. 2: soportamos la mayor\u00eda de los problemas postventa (p\u00e9rdida de log\u00edstica, paquetes da\u00f1ados, problemas de calidad del producto, etc.) 3: No importa qu\u00e9 [&hellip;]<\/p>\n","protected":false},"featured_media":60943,"comment_status":"open","ping_status":"closed","template":"","meta":{"jetpack_publicize_message":"","jetpack_publicize_feature_enabled":true,"jetpack_social_post_already_shared":true,"jetpack_social_options":{"image_generator_settings":{"template":"highway","enabled":false},"version":2}},"product_brand":[],"product_cat":[35],"product_tag":[483,3819,1445],"class_list":{"0":"post-60936","1":"product","2":"type-product","3":"status-publish","4":"has-post-thumbnail","6":"product_cat-iliminacion","7":"product_tag-camping","8":"product_tag-cob","9":"product_tag-led","11":"first","12":"instock","13":"sale","14":"taxable","15":"shipping-taxable","16":"purchasable","17":"product-type-simple"},"jetpack_publicize_connections":[],"jetpack_sharing_enabled":true,"_links":{"self":[{"href":"https:\/\/bodegaoutdoor.cl\/store\/wp-json\/wp\/v2\/product\/60936","targetHints":{"allow":["GET"]}}],"collection":[{"href":"https:\/\/bodegaoutdoor.cl\/store\/wp-json\/wp\/v2\/product"}],"about":[{"href":"https:\/\/bodegaoutdoor.cl\/store\/wp-json\/wp\/v2\/types\/product"}],"replies":[{"embeddable":true,"href":"https:\/\/bodegaoutdoor.cl\/store\/wp-json\/wp\/v2\/comments?post=60936"}],"version-history":[{"count":12,"href":"https:\/\/bodegaoutdoor.cl\/store\/wp-json\/wp\/v2\/product\/60936\/revisions"}],"predecessor-version":[{"id":60991,"href":"https:\/\/bodegaoutdoor.cl\/store\/wp-json\/wp\/v2\/product\/60936\/revisions\/60991"}],"wp:featuredmedia":[{"embeddable":true,"href":"https:\/\/bodegaoutdoor.cl\/store\/wp-json\/wp\/v2\/media\/60943"}],"wp:attachment":[{"href":"https:\/\/bodegaoutdoor.cl\/store\/wp-json\/wp\/v2\/media?parent=60936"}],"wp:term":[{"taxonomy":"product_brand","embeddable":true,"href":"https:\/\/bodegaoutdoor.cl\/store\/wp-json\/wp\/v2\/product_brand?post=60936"},{"taxonomy":"product_cat","embeddable":true,"href":"https:\/\/bodegaoutdoor.cl\/store\/wp-json\/wp\/v2\/product_cat?post=60936"},{"taxonomy":"product_tag","embeddable":true,"href":"https:\/\/bodegaoutdoor.cl\/store\/wp-json\/wp\/v2\/product_tag?post=60936"}],"curies":[{"name":"wp","href":"https:\/\/api.w.org\/{rel}","templated":true}]}}