{"id":60974,"date":"2022-09-09T19:15:12","date_gmt":"2022-09-09T22:15:12","guid":{"rendered":"https:\/\/bodegaoutdoor.cl\/store\/product\/chaleco-tactico-militar-portador-de-placa-pesada-con-sistema-molle-chaleco-pesado-para-entrenamiento\/"},"modified":"2023-05-04T19:18:42","modified_gmt":"2023-05-04T23:18:42","slug":"chaleco-tactico-militar-portador-de-placa-pesada-con-sistema-molle-chaleco-pesado-para-entrenamiento","status":"publish","type":"product","link":"https:\/\/bodegaoutdoor.cl\/store\/product\/chaleco-tactico-militar-portador-de-placa-pesada-con-sistema-molle-chaleco-pesado-para-entrenamiento\/","title":{"rendered":"Chaleco t\u00e1ctico militar con porta  de placa pesada con sistema Molle, chaleco pesado para entrenamiento"},"content":{"rendered":"<div>\n<div>\n<p>&nbsp;<\/p>\n<div style=\"font-family: arial; font-size: 14px; line-height: 21px; margin: 0px; padding: 0px;\">\n<div style=\"font-family: arial; font-size: 13.3333px; font-weight: 400; letter-spacing: normal; line-height: 21px; text-align: start; border: 0px none; margin: 0px; padding: 0px;\" align=\"start\"><span style=\"font-size: 13px; font-family: inherit;\"><strong>Caracter\u00edsticas:<\/strong><\/span><\/div>\n<div style=\"font-family: arial; font-size: 13.3333px; font-weight: 400; letter-spacing: normal; line-height: 21px; text-align: start; border: 0px none; margin: 0px; padding: 0px;\" align=\"start\"><span style=\"font-size: 13px; font-family: inherit;\">Material del chaleco exterior: 900 Nylon<\/span><\/div>\n<div style=\"font-family: arial; font-size: 13.3333px; font-weight: 400; letter-spacing: normal; line-height: 21px; text-align: start; border: 0px none; margin: 0px; padding: 0px;\" align=\"start\"><span style=\"font-size: 13px; font-family: inherit;\">Peso: alrededor de 1,7 KG<\/span><\/div>\n<div style=\"font-family: arial; font-size: 13.3333px; font-weight: 400; letter-spacing: normal; line-height: 21px; text-align: start; border: 0px none; margin: 0px; padding: 0px;\" align=\"start\"><span style=\"font-size: 13px; font-family: inherit;\">Tama\u00f1o: tama\u00f1o libre<\/span><\/div>\n<div style=\"font-family: arial; font-size: 13.3333px; font-weight: 400; letter-spacing: normal; line-height: 21px; text-align: start; border: 0px none; margin: 0px; padding: 0px;\" align=\"start\"><span style=\"font-size: 13px; font-family: inherit;\">Ajustable, c\u00f3modo y f\u00e1cil de quitar, movimiento flexible, f\u00e1cil extracci\u00f3n.<\/span><\/div>\n<div style=\"font-family: arial; font-size: 13.3333px; font-weight: 400; letter-spacing: normal; line-height: 21px; text-align: start; border: 0px none; margin: 0px; padding: 0px;\" align=\"start\"><span style=\"font-size: 13px; font-family: inherit;\">Puede agregar 2 uds. De placa bal\u00edstica para actualizar el nivel de protecci\u00f3n<\/span><\/div>\n<div style=\"font-family: arial; font-size: 13.3333px; font-weight: 400; letter-spacing: normal; line-height: 21px; text-align: start; border: 0px none; margin: 0px; padding: 0px;\" align=\"start\">PLACAS NO INCLUIDAS<\/div>\n<div style=\"font-family: arial; font-size: 13.3333px; font-weight: 400; letter-spacing: normal; line-height: 21px; text-align: start; border: 0px none; margin: 0px; padding: 0px;\" align=\"start\"><span style=\"font-size: 13px; font-family: inherit;\"><strong>Paquete:<\/strong><\/span><span style=\"font-size: 13px; font-family: inherit;\">1 soporte de placa<\/span><\/div>\n<div style=\"font-family: arial; font-size: 13.3333px; font-weight: 400; letter-spacing: normal; line-height: 21px; text-align: center; border: 0px none; margin: 0px; padding: 0px;\" align=\"center\"><img decoding=\"async\" src=\"\/\/ae01.alicdn.com\/kf\/H1aa6cb2fc78e457c95f7c74dbbdb9840C.jpg\" \/><\/div>\n<div style=\"font-family: arial; font-size: 13.3333px; font-weight: 400; letter-spacing: normal; line-height: 21px; text-align: center; border: 0px none; margin: 0px; padding: 0px;\" align=\"center\"><img decoding=\"async\" src=\"\/\/ae01.alicdn.com\/kf\/H344d8aa966da4051986e7ee7e7778bd50.jpg\" \/><img decoding=\"async\" src=\"\/\/ae01.alicdn.com\/kf\/H9448604bf85c4a848fd1f5a327fdab5cG.jpg\" \/><img decoding=\"async\" src=\"\/\/ae01.alicdn.com\/kf\/Hc9493aa54526459780277d8ed1220702s.jpg\" \/><\/div>\n<div style=\"font-family: arial; font-size: 13.3333px; font-weight: 400; letter-spacing: normal; line-height: 21px; text-align: center; border: 0px none; margin: 0px; padding: 0px;\" align=\"center\"><img decoding=\"async\" src=\"\/\/ae01.alicdn.com\/kf\/H7a13ee1aa5764d04a7d5807a7ef072d24.jpg\" \/><img decoding=\"async\" src=\"\/\/ae01.alicdn.com\/kf\/H2368631d2a2644888b8bc1f3836ef7c7G.jpg\" \/><img decoding=\"async\" src=\"\/\/ae01.alicdn.com\/kf\/Hd04df233016e457a87410a8f44c44bb08.jpg\" \/><img decoding=\"async\" src=\"\/\/ae01.alicdn.com\/kf\/H6ab957da00d94cb5b659a736a497a3f5b.jpg\" \/><img decoding=\"async\" src=\"\/\/ae01.alicdn.com\/kf\/H6d3ea842fe484e49978008507f3767197.jpg\" \/><img decoding=\"async\" src=\"\/\/ae01.alicdn.com\/kf\/Hb0d7ba4e7f094a44b4a099c4bd2fa3bfE.jpg\" \/><img decoding=\"async\" src=\"\/\/ae01.alicdn.com\/kf\/H4506caa63e6646db9b87abed9025711aG.jpg\" \/><img decoding=\"async\" src=\"\/\/ae01.alicdn.com\/kf\/H2a7d574ab5bf4bceae5d04ec83502043w.jpg\" \/><img decoding=\"async\" src=\"\/\/ae01.alicdn.com\/kf\/He4c287704795469193dd7123ae2161c2a.jpg\" \/><img decoding=\"async\" src=\"\/\/ae01.alicdn.com\/kf\/Hc7ac1c49c39a4588ba55dce2f100f988D.jpg\" \/><img decoding=\"async\" src=\"\/\/ae01.alicdn.com\/kf\/H16f9c5647b524e80b73f5a3fc10edaacs.jpg\" \/><img decoding=\"async\" src=\"\/\/ae01.alicdn.com\/kf\/H18934e50616547c88722ba498106e0712.jpg\" \/><img decoding=\"async\" src=\"\/\/ae01.alicdn.com\/kf\/H1f223381570d441ba1ae1171e577c6b5n.jpg\" \/><img decoding=\"async\" src=\"\/\/ae01.alicdn.com\/kf\/H1e5f9aa660a04944bc97ae3d4c991c6d4.jpg\" \/><\/div>\n<\/div>\n<div style=\"font-family: arial; font-size: 14px; line-height: 21px; margin: 0px; padding: 0px;\"><\/div>\n<p>&nbsp;<\/p>\n<\/div>\n<\/div>\n\n    <div class=\"xs_social_share_widget xs_share_url after_content \t\tmain_content  wslu-style-1 wslu-share-box-shaped wslu-fill-colored wslu-none wslu-share-horizontal wslu-theme-font-no wslu-main_content\">\n\n\t\t\n        <ul>\n\t\t\t        <\/ul>\n    <\/div> \n","protected":false},"excerpt":{"rendered":"<p>&nbsp; Caracter\u00edsticas: Material del chaleco exterior: 900 Nylon Peso: alrededor de 1,7 KG Tama\u00f1o: tama\u00f1o libre Ajustable, c\u00f3modo y f\u00e1cil de quitar, movimiento flexible, f\u00e1cil extracci\u00f3n. Puede agregar 2 uds. De placa bal\u00edstica para actualizar el nivel de protecci\u00f3n PLACAS NO INCLUIDAS Paquete:1 soporte de placa &nbsp;<\/p>\n","protected":false},"featured_media":60982,"comment_status":"open","ping_status":"closed","template":"","meta":{"jetpack_publicize_message":"","jetpack_publicize_feature_enabled":true,"jetpack_social_post_already_shared":true,"jetpack_social_options":{"image_generator_settings":{"template":"highway","enabled":false},"version":2}},"product_brand":[],"product_cat":[487],"product_tag":[3821],"class_list":{"0":"post-60974","1":"product","2":"type-product","3":"status-publish","4":"has-post-thumbnail","6":"product_cat-airsoft","7":"product_tag-chaleco-tactico","9":"first","10":"instock","11":"taxable","12":"shipping-taxable","13":"purchasable","14":"product-type-variable"},"jetpack_publicize_connections":[],"jetpack_sharing_enabled":true,"_links":{"self":[{"href":"https:\/\/bodegaoutdoor.cl\/store\/wp-json\/wp\/v2\/product\/60974","targetHints":{"allow":["GET"]}}],"collection":[{"href":"https:\/\/bodegaoutdoor.cl\/store\/wp-json\/wp\/v2\/product"}],"about":[{"href":"https:\/\/bodegaoutdoor.cl\/store\/wp-json\/wp\/v2\/types\/product"}],"replies":[{"embeddable":true,"href":"https:\/\/bodegaoutdoor.cl\/store\/wp-json\/wp\/v2\/comments?post=60974"}],"version-history":[{"count":21,"href":"https:\/\/bodegaoutdoor.cl\/store\/wp-json\/wp\/v2\/product\/60974\/revisions"}],"predecessor-version":[{"id":61034,"href":"https:\/\/bodegaoutdoor.cl\/store\/wp-json\/wp\/v2\/product\/60974\/revisions\/61034"}],"wp:featuredmedia":[{"embeddable":true,"href":"https:\/\/bodegaoutdoor.cl\/store\/wp-json\/wp\/v2\/media\/60982"}],"wp:attachment":[{"href":"https:\/\/bodegaoutdoor.cl\/store\/wp-json\/wp\/v2\/media?parent=60974"}],"wp:term":[{"taxonomy":"product_brand","embeddable":true,"href":"https:\/\/bodegaoutdoor.cl\/store\/wp-json\/wp\/v2\/product_brand?post=60974"},{"taxonomy":"product_cat","embeddable":true,"href":"https:\/\/bodegaoutdoor.cl\/store\/wp-json\/wp\/v2\/product_cat?post=60974"},{"taxonomy":"product_tag","embeddable":true,"href":"https:\/\/bodegaoutdoor.cl\/store\/wp-json\/wp\/v2\/product_tag?post=60974"}],"curies":[{"name":"wp","href":"https:\/\/api.w.org\/{rel}","templated":true}]}}