{"id":61035,"date":"2022-09-09T19:23:41","date_gmt":"2022-09-09T22:23:41","guid":{"rendered":"https:\/\/bodegaoutdoor.cl\/store\/product\/bolsa-tactica-molle-de-nailon-para-rifle-mochila-militar-para-francotirador-airsoft-accesorios-de-caza-81-94-115cm\/"},"modified":"2023-05-04T19:18:42","modified_gmt":"2023-05-04T23:18:42","slug":"bolsa-tactica-molle-de-nailon-para-rifle-mochila-militar-para-francotirador-airsoft-accesorios-de-caza-81-94-115cm","status":"publish","type":"product","link":"https:\/\/bodegaoutdoor.cl\/store\/product\/bolsa-tactica-molle-de-nailon-para-rifle-mochila-militar-para-francotirador-airsoft-accesorios-de-caza-81-94-115cm\/","title":{"rendered":"Bolsa t\u00e1ctica Molle de nailon para Rifle, mochila militar para francotirador, Airsoft, accesorios de caza, 81, 94, 115cm"},"content":{"rendered":"<p style=\"text-align: center;\"><video style=\"max-width: 100%;\" src=\"\/\/cloud.video.taobao.com\/play\/u\/3177832391\/p\/1\/e\/6\/t\/10301\/351239886416.mp4\" poster=\"https:\/\/ae01.alicdn.com\/kf\/Hc34970fe1e9749398592b8a5ea4ca895G\/Bolsa-t-ctica-Molle-de-nailon-para-Rifle-mochila-militar-para-francotirador-Airsoft-accesorios-de-caza.jpg,https:\/\/ae01.alicdn.com\/kf\/Hbcc33654539c4dc5b1901c8a252cfb15R\/Bolsa-t-ctica-Molle-de-nailon-para-Rifle-mochila-militar-para-francotirador-Airsoft-accesorios-de-caza.jpg,https:\/\/ae01.alicdn.com\/kf\/H7a21eee9c17746baa3f84d7dba12ba56a\/Bolsa-t-ctica-Molle-de-nailon-para-Rifle-mochila-militar-para-francotirador-Airsoft-accesorios-de-caza.jpg,https:\/\/ae01.alicdn.com\/kf\/H6b5ae0801df848838eba456152981dbfm\/Bolsa-t-ctica-Molle-de-nailon-para-Rifle-mochila-militar-para-francotirador-Airsoft-accesorios-de-caza.jpg,https:\/\/ae01.alicdn.com\/kf\/Hedb7cfdb9f96450d8f2b8f221f28625aQ\/Bolsa-t-ctica-Molle-de-nailon-para-Rifle-mochila-militar-para-francotirador-Airsoft-accesorios-de-caza.jpg,https:\/\/ae01.alicdn.com\/kf\/H5d3c247a8baf47d8abde2d7b1b12e1edZ\/Bolsa-t-ctica-Molle-de-nailon-para-Rifle-mochila-militar-para-francotirador-Airsoft-accesorios-de-caza.jpg\" preload=\"auto\" controls=\"controls\" width=\"100%\" height=\"100%\"><\/video><\/p>\n<div>\n<div>\n<div><\/div>\n<div><\/div>\n<div><\/div>\n<div><\/div>\n<div>\n<div><\/div>\n<div>\n<p><span style=\"font-size: 28px;\"><strong>Funda de pistolera Rifle Airsoft bolsa de pistola bolsa de caza t\u00e1ctica mochila militar para Camping bolsa de accesorios de pesca<\/strong><\/span><\/p>\n<div><\/div>\n<p><img decoding=\"async\" src=\"\/\/ae01.alicdn.com\/kf\/HTB1M.L5NXzqK1RjSZFCq6zbxVXal.jpg\" \/><\/p>\n<div style=\"font-family: arial;\">\n<ul>\n<li><span style=\"font-size: 18px;\"><span style=\"font-size: inherit;\">Hecho con material de nailon de alta densidad.<\/span><\/span><\/li>\n<li><span style=\"font-size: 18px;\"><span style=\"font-size: inherit;\">Contiene una cubierta extendida capaz de almacenar un rifle con una longitud m\u00e1xima de 50 &#8221;.<\/span><\/span><\/li>\n<li><span style=\"font-size: 18px;\"><span style=\"font-size: inherit;\">Bolsa de pistola m\u00e1s peque\u00f1a capaz de sostener un rifle de 28 pulgadas de largo.<\/span><\/span><\/li>\n<li><span style=\"font-size: 18px;\"><span style=\"font-size: inherit;\">2 cremalleras y 2 bolsas peque\u00f1as de velcro para llevar revistas o engranajes peque\u00f1os.<\/span><\/span><\/li>\n<li><span style=\"font-size: 18px;\"><span style=\"font-size: inherit;\">1 compartimento grande con cremallera en la parte posterior.<\/span><\/span><\/li>\n<li><span style=\"font-size: 18px;\"><span style=\"font-size: inherit;\">Portatarjetas con foto\/nombre en la parte posterior.<\/span><\/span><\/li>\n<li><span style=\"font-size: 18px;\"><span style=\"font-size: inherit;\">Con 2 correas de mano.<\/span><\/span><\/li>\n<li><span style=\"font-size: 18px;\"><span style=\"font-size: inherit;\">Correa de hombro acolchada ajustable y correa de pecho.<\/span><\/span><\/li>\n<li><span style=\"font-size: 18px;\"><span style=\"font-size: inherit;\">Con coj\u00edn grueso acolchado para mayor protecci\u00f3n.<\/span><\/span><\/li>\n<li><span style=\"font-size: 18px;\"><span style=\"font-size: inherit;\">Perfecto para actividades t\u00e1cticas al aire libre<\/span><\/span><\/li>\n<li><\/li>\n<\/ul>\n<\/div>\n<div style=\"font-family: arial;\">\n<p style=\"margin: 0px; padding: 0px;\"><span style=\"font-size: 18px;\">Material<\/span><span style=\"font-size: 18px;\">: Nylon<\/span><\/p>\n<div><\/div>\n<\/div>\n<div style=\"font-family: arial;\"><span style=\"font-size: 18px;\">Color<\/span><span style=\"font-size: 18px;\">: Negro\/Verde\/bronceado\/CP<\/span><\/div>\n<div style=\"font-family: arial;\"><\/div>\n<div style=\"font-family: arial;\">\n<div><\/div>\n<\/div>\n<div style=\"font-family: arial;\"><span style=\"font-size: 18px;\">Peso:<\/span><span style=\"font-size: 18px;\">Alrededor de 1kg\/1,1 kg\/1,2 kg<\/span><\/div>\n<div style=\"font-family: arial;\"><\/div>\n<div style=\"font-family: arial;\"><span style=\"font-size: 18px;\">Lista de paquetes<\/span><span style=\"font-size: 18px;\">: 1 * bolsa de pistola<\/span><\/div>\n<div style=\"font-family: arial;\"><\/div>\n<div style=\"font-family: arial;\"><\/div>\n<div style=\"font-family: arial;\"><\/div>\n<div style=\"font-family: arial;\"><\/div>\n<div style=\"font-family: arial;\"><\/div>\n<div style=\"font-family: arial;\"><span style=\"font-size: 26px;\">Nota<\/span><span style=\"font-size: 26px;\">: Permita diferencias de 1-3cm debido a la medici\u00f3n manual, gracias.<\/span><\/div>\n<p>&nbsp;<\/p>\n<div><\/div>\n<div style=\"font-family: arial;\"><\/div>\n<div style=\"font-family: arial;\">\n<p><img decoding=\"async\" src=\"\/\/ae01.alicdn.com\/kf\/H885b0cb418a84629b9d7ebc2edf7d79fF.jpg?width=800&amp;height=800&amp;hash=1600\" \/><\/p>\n<p><img decoding=\"async\" style=\"width: 800px;\" src=\"\/\/ae01.alicdn.com\/kf\/H9ef2cd805e904f3a91ee1cd18dd93966H.jpg?width=800&amp;height=800&amp;hash=1600\" width=\"800px\" \/><\/p>\n<\/div>\n<div style=\"font-family: arial;\"><img decoding=\"async\" src=\"\/\/ae01.alicdn.com\/kf\/HTB1wqX6NhYaK1RjSZFnq6y80pXa4.jpg\" \/><\/div>\n<div style=\"font-family: arial;\"><\/div>\n<div style=\"font-family: arial;\">\n<p><img decoding=\"async\" src=\"\/\/ae01.alicdn.com\/kf\/HTB1ioBQNXYqK1RjSZLeq6zXppXa9.jpg\" \/><\/p>\n<\/div>\n<div style=\"font-family: arial;\"><\/div>\n<div style=\"font-family: arial;\">\n<p><img decoding=\"async\" src=\"\/\/ae01.alicdn.com\/kf\/H46ace0900fc44a8c9439e4bbad96523cP.jpg?width=800&amp;height=800&amp;hash=1600\" \/><\/p>\n<\/div>\n<div style=\"font-family: arial;\"><img decoding=\"async\" src=\"\/\/ae01.alicdn.com\/kf\/HTB1VLaRae3tHKVjSZSgq6x4QFXaM.jpg\" \/><\/div>\n<div style=\"font-family: arial;\"><\/div>\n<div style=\"font-family: arial;\">\n<p><img decoding=\"async\" src=\"\/\/ae01.alicdn.com\/kf\/HTB1uNNONbvpK1RjSZPiq6zmwXXaU.jpg\" \/><\/p>\n<p><img decoding=\"async\" src=\"\/\/ae01.alicdn.com\/kf\/H0854a9cc15b74923aa89d4ddb6a8449bb.jpg?width=800&amp;height=800&amp;hash=1600\" \/><\/p>\n<p><img decoding=\"async\" src=\"\/\/ae01.alicdn.com\/kf\/HTB1TABQNkvoK1RjSZPfq6xPKFXaV.jpg\" \/><br \/>\n<img decoding=\"async\" src=\"\/\/ae01.alicdn.com\/kf\/H06f9b9b4a97f41aca3953a6d9ed0f3acn.jpg?width=800&amp;height=800&amp;hash=1600\" \/><br \/>\n<img decoding=\"async\" src=\"\/\/ae01.alicdn.com\/kf\/HTB1FfBRNgHqK1RjSZFgq6y7JXXa4.jpg\" \/><img decoding=\"async\" src=\"\/\/ae01.alicdn.com\/kf\/HTB1BqSiNhnaK1RjSZFtq6zC2VXag.jpg\" \/><\/p>\n<p><img decoding=\"async\" src=\"\/\/ae01.alicdn.com\/kf\/Hdd156fbba992470e9b7cfb59304132fe3.jpg?width=800&amp;height=800&amp;hash=1600\" \/><\/p>\n<p><img decoding=\"async\" src=\"\/\/ae01.alicdn.com\/kf\/HTB1bZaiNhnaK1RjSZFtq6zC2VXam.jpg\" \/><\/p>\n<\/div>\n<div style=\"font-family: arial;\"><\/div>\n<div style=\"font-family: arial;\"><\/div>\n<div style=\"font-family: arial;\">\n<p style=\"text-align: left; margin: 0px;\" align=\"left\"><img decoding=\"async\" src=\"\/\/ae01.alicdn.com\/kf\/Hea7d2fac356148e5878095a59daa1141v.jpg?width=800&amp;height=800&amp;hash=1600\" \/><img decoding=\"async\" src=\"\/\/ae01.alicdn.com\/kf\/H3ef5fc81809e450695a79c068409cee9D.jpg?width=800&amp;height=800&amp;hash=1600\" \/><\/p>\n<p><img decoding=\"async\" src=\"\/\/ae01.alicdn.com\/kf\/Hdab89cf4005b4f70879b78b376a622c0y.jpg?width=800&amp;height=800&amp;hash=1600\" \/><\/p>\n<p><img decoding=\"async\" src=\"\/\/ae01.alicdn.com\/kf\/H8f40194fed70423bb1044e2353ed5bf0h.jpg?width=800&amp;height=800&amp;hash=1600\" \/><\/p>\n<p><img decoding=\"async\" src=\"\/\/ae01.alicdn.com\/kf\/H22d0718b65d4481697d41c8b1dd21378G.jpg?width=800&amp;height=800&amp;hash=1600\" \/><\/p>\n<p><img decoding=\"async\" src=\"\/\/ae01.alicdn.com\/kf\/Hbfcb09c5209e4088a66489b23dee8e78z.jpg?width=800&amp;height=800&amp;hash=1600\" \/><\/p>\n<p><img decoding=\"async\" src=\"\/\/ae01.alicdn.com\/kf\/Hf5d4879964a4403bae4f7c2951ae5df18.jpg?width=800&amp;height=800&amp;hash=1600\" \/><\/p>\n<\/div>\n<div style=\"font-family: arial;\">\n<p style=\"text-align: left; margin: 0px;\" align=\"left\"><img decoding=\"async\" style=\"width: 800px;\" src=\"\/\/ae01.alicdn.com\/kf\/H51bd4f3f43ec468b9c6cb2c4573cdd4az.jpg?width=800&amp;height=800&amp;hash=1600\" width=\"800px\" \/><img decoding=\"async\" style=\"width: 800px;\" src=\"\/\/ae01.alicdn.com\/kf\/H7c946f9848004d33bc5ea01c8fcef070k.jpg?width=800&amp;height=800&amp;hash=1600\" width=\"800px\" \/><img decoding=\"async\" style=\"width: 800px;\" src=\"\/\/ae01.alicdn.com\/kf\/H5b4f2c69c4114ff0aeb464cc5e42bb68s.jpg?width=800&amp;height=800&amp;hash=1600\" width=\"800px\" \/><img decoding=\"async\" style=\"width: 800px;\" src=\"\/\/ae01.alicdn.com\/kf\/He0461f2fb4414380a2eb96f906721c8dp.jpg?width=800&amp;height=800&amp;hash=1600\" width=\"800px\" \/><\/p>\n<\/div>\n<div style=\"font-family: arial;\"><\/div>\n<div style=\"font-family: arial;\"><\/div>\n<div style=\"font-family: arial;\"><\/div>\n<div style=\"font-family: arial;\"><img decoding=\"async\" src=\"\/\/ae01.alicdn.com\/kf\/HTB1kGBTNkzoK1RjSZFlq6yi4VXaA.jpg\" \/><\/div>\n<div style=\"font-family: arial;\"><\/div>\n<div style=\"font-family: arial;\"><\/div>\n<div style=\"font-family: arial;\"><\/div>\n<div style=\"font-family: arial;\"><\/div>\n<div style=\"font-family: arial;\"><\/div>\n<div style=\"font-family: arial;\"><\/div>\n<div style=\"font-family: arial;\"><\/div>\n<div style=\"font-family: arial;\"><\/div>\n<div style=\"font-family: arial;\"><\/div>\n<div style=\"font-family: arial;\"><\/div>\n<div style=\"font-family: arial;\"><\/div>\n<div style=\"font-family: arial;\"><\/div>\n<div style=\"font-family: arial;\"><img decoding=\"async\" src=\"\/\/ae01.alicdn.com\/kf\/HTB1G6lONbvpK1RjSZPiq6zmwXXa8.jpg\" \/><\/div>\n<div style=\"font-family: arial;\"><\/div>\n<div style=\"font-family: arial;\"><\/div>\n<div style=\"font-family: arial;\"><\/div>\n<div style=\"font-family: arial;\"><\/div>\n<div style=\"font-family: arial;\"><\/div>\n<div style=\"font-family: arial;\"><\/div>\n<div style=\"font-family: arial;\"><\/div>\n<div style=\"font-family: arial;\"><\/div>\n<div style=\"font-family: arial;\"><\/div>\n<div style=\"font-family: arial;\"><\/div>\n<\/div>\n<\/div>\n<div><\/div>\n<\/div>\n<p>&nbsp;<\/p>\n<\/div>\n\n    <div class=\"xs_social_share_widget xs_share_url after_content \t\tmain_content  wslu-style-1 wslu-share-box-shaped wslu-fill-colored wslu-none wslu-share-horizontal wslu-theme-font-no wslu-main_content\">\n\n\t\t\n        <ul>\n\t\t\t        <\/ul>\n    <\/div> \n","protected":false},"excerpt":{"rendered":"<p>Funda de pistolera Rifle Airsoft bolsa de pistola bolsa de caza t\u00e1ctica mochila militar para Camping bolsa de accesorios de pesca Hecho con material de nailon de alta densidad. Contiene una cubierta extendida capaz de almacenar un rifle con una longitud m\u00e1xima de 50 &#8221;. Bolsa de pistola m\u00e1s peque\u00f1a capaz de sostener un rifle [&hellip;]<\/p>\n","protected":false},"featured_media":61060,"comment_status":"open","ping_status":"closed","template":"","meta":{"jetpack_publicize_message":"","jetpack_publicize_feature_enabled":true,"jetpack_social_post_already_shared":true,"jetpack_social_options":{"image_generator_settings":{"template":"highway","enabled":false},"version":2}},"product_brand":[],"product_cat":[487],"product_tag":[3834,3835,1432],"class_list":{"0":"post-61035","1":"product","2":"type-product","3":"status-publish","4":"has-post-thumbnail","6":"product_cat-airsoft","7":"product_tag-bolso-tactico","8":"product_tag-escopeta","9":"product_tag-porta-pistola","11":"first","12":"instock","13":"taxable","14":"shipping-taxable","15":"purchasable","16":"product-type-variable"},"jetpack_publicize_connections":[],"jetpack_sharing_enabled":true,"_links":{"self":[{"href":"https:\/\/bodegaoutdoor.cl\/store\/wp-json\/wp\/v2\/product\/61035","targetHints":{"allow":["GET"]}}],"collection":[{"href":"https:\/\/bodegaoutdoor.cl\/store\/wp-json\/wp\/v2\/product"}],"about":[{"href":"https:\/\/bodegaoutdoor.cl\/store\/wp-json\/wp\/v2\/types\/product"}],"replies":[{"embeddable":true,"href":"https:\/\/bodegaoutdoor.cl\/store\/wp-json\/wp\/v2\/comments?post=61035"}],"version-history":[{"count":35,"href":"https:\/\/bodegaoutdoor.cl\/store\/wp-json\/wp\/v2\/product\/61035\/revisions"}],"predecessor-version":[{"id":61128,"href":"https:\/\/bodegaoutdoor.cl\/store\/wp-json\/wp\/v2\/product\/61035\/revisions\/61128"}],"wp:featuredmedia":[{"embeddable":true,"href":"https:\/\/bodegaoutdoor.cl\/store\/wp-json\/wp\/v2\/media\/61060"}],"wp:attachment":[{"href":"https:\/\/bodegaoutdoor.cl\/store\/wp-json\/wp\/v2\/media?parent=61035"}],"wp:term":[{"taxonomy":"product_brand","embeddable":true,"href":"https:\/\/bodegaoutdoor.cl\/store\/wp-json\/wp\/v2\/product_brand?post=61035"},{"taxonomy":"product_cat","embeddable":true,"href":"https:\/\/bodegaoutdoor.cl\/store\/wp-json\/wp\/v2\/product_cat?post=61035"},{"taxonomy":"product_tag","embeddable":true,"href":"https:\/\/bodegaoutdoor.cl\/store\/wp-json\/wp\/v2\/product_tag?post=61035"}],"curies":[{"name":"wp","href":"https:\/\/api.w.org\/{rel}","templated":true}]}}