{"id":6126,"date":"2020-07-17T06:47:17","date_gmt":"2020-07-17T06:47:17","guid":{"rendered":"https:\/\/bodegaoutdoor.cl\/store\/product\/exterior-invierno-snowshoes-aluminio-con-polos-ajustables-bolsa-de-transporte-para-mujeres-hombres-botas-de-esqui-encuadernacion-ajustable-bolsa-de-mano\/"},"modified":"2023-05-04T19:19:37","modified_gmt":"2023-05-04T23:19:37","slug":"exterior-invierno-snowshoes-aluminio-con-polos-ajustables-bolsa-de-transporte-para-mujeres-hombres-botas-de-esqui-encuadernacion-ajustable-bolsa-de-mano","status":"publish","type":"product","link":"https:\/\/bodegaoutdoor.cl\/store\/product\/exterior-invierno-snowshoes-aluminio-con-polos-ajustables-bolsa-de-transporte-para-mujeres-hombres-botas-de-esqui-encuadernacion-ajustable-bolsa-de-mano\/","title":{"rendered":"Kit Calzado esqui nieve aluminio con Bastones Trekking ajustables"},"content":{"rendered":"<div style=\"width: px; line-height: 150%; font-family: Arial, Helvetica, sans-serif; font-size: 12px;\">\n<p>El juego de zapatillas de nieve proporciona una gran tracci\u00f3n y comodidad en la nieve abarrotada y los terrenos moderados. Ideal para disfrutar de los largos meses de invierno<\/p>\n<div>\n<div><\/div>\n<div>Senderismo por caminos y bosques.<\/div>\n<div><\/div>\n<div><strong>Caracter\u00edsticas:<\/strong><\/div>\n<div>Hecho de material de aluminio de alta calidad, pr\u00e1ctico y duradero.<\/div>\n<div>Cuenta con un dise\u00f1o ergon\u00f3mico para garantizar un paseo c\u00f3modo y f\u00e1cil.<\/div>\n<div>Con correas ajustables de TPU Para tacones, sujeta tus pies de forma segura y c\u00f3moda.<\/div>\n<div>Los crampones de aluminio de alta resistencia proporcionan tracci\u00f3n para inclinarse por pendientes leves.<\/div>\n<div>Las uniones dobles ajustables con hebillas de liberaci\u00f3n r\u00e1pida hacen que el vestido y el doffing sean r\u00e1pidos y sencillos.<\/div>\n<div>Los postes telesc\u00f3picos para caminar pueden cambiar la altura de 67 cm\/26.4in a 135 cm\/53.1in.<\/div>\n<div>Incluye bolsa de transporte para zapatillas de nieve para un f\u00e1cil transporte y almacenamiento.<\/div>\n<div><\/div>\n<div>\n<div><strong>Especificaci\u00f3n:<\/strong><\/div>\n<div>Tama\u00f1o: 19 pulgadas rojo\/23 pulgadas Amarillo\/27 pulgadas azul\/30 pulgadas verde (opcional)<\/div>\n<div>Material: Aluminio<\/div>\n<div>Tama\u00f1o de los polos: 67-135 cm\/26,4-pulgadas<br \/>\nTama\u00f1o del paquete: 82*30 cm\/32,3 * pulgadas<\/div>\n<div>Peso del paquete: aprox. 3,4-3,95 kg\/119,9-139,3 oz<\/div>\n<\/div>\n<div><\/div>\n<div><strong>Lista de paquetes:<\/strong><\/div>\n<div>1 * par de zapatillas de nieve<\/div>\n<div>1 * bolsa<\/div>\n<div>\n<p>2 * palos trekking<br \/>\n2 * nieve cestas<\/p>\n<p>Nota:<br \/>\n1. Utiliza la tabla de tallas para asegurar el ajuste correcto. Ver detalles en la tabla de tallas.<br \/>\n2. Los zapatos de diferentes tama\u00f1os se embalan con bolsa de diferentes tama\u00f1os.<\/p>\n<\/div>\n<\/div>\n<p style=\"margin-bottom: 6px; margin-top: 6px;\"><img fetchpriority=\"high\" decoding=\"async\" title=\"Exterior invierno SnowShoes aluminio con polos ajustables bolsa de transporte para Mujeres Hombres botas de esqu\u00ed encuadernaci\u00f3n ajustable bolsa de mano\" src=\"https:\/\/bodegaoutdoor.cl\/store\/wp-content\/uploads\/2020\/07\/6126-mdpowk.jpg\" alt=\"Exterior invierno SnowShoes aluminio con polos ajustables bolsa de transporte para Mujeres Hombres botas de esqu\u00ed encuadernaci\u00f3n ajustable bolsa de mano\" width=\"960\" height=\"73\" \/><\/p>\n<p><img decoding=\"async\" title=\"Exterior invierno SnowShoes aluminio con polos ajustables bolsa de transporte para Mujeres Hombres botas de esqu\u00ed encuadernaci\u00f3n ajustable bolsa de mano\" src=\"https:\/\/bodegaoutdoor.cl\/store\/wp-content\/uploads\/2020\/07\/6126-143ejh.jpg\" alt=\"Exterior invierno SnowShoes aluminio con polos ajustables bolsa de transporte para Mujeres Hombres botas de esqu\u00ed encuadernaci\u00f3n ajustable bolsa de mano\" \/><br \/>\n<img decoding=\"async\" title=\"Exterior invierno SnowShoes aluminio con polos ajustables bolsa de transporte para Mujeres Hombres botas de esqu\u00ed encuadernaci\u00f3n ajustable bolsa de mano\" src=\"https:\/\/bodegaoutdoor.cl\/store\/wp-content\/uploads\/2020\/07\/6126-vchiiy.jpg\" alt=\"Exterior invierno SnowShoes aluminio con polos ajustables bolsa de transporte para Mujeres Hombres botas de esqu\u00ed encuadernaci\u00f3n ajustable bolsa de mano\" \/><br \/>\n<img decoding=\"async\" title=\"Exterior invierno SnowShoes aluminio con polos ajustables bolsa de transporte para Mujeres Hombres botas de esqu\u00ed encuadernaci\u00f3n ajustable bolsa de mano\" src=\"https:\/\/bodegaoutdoor.cl\/store\/wp-content\/uploads\/2020\/07\/6126-a2lwxm.jpg\" alt=\"Exterior invierno SnowShoes aluminio con polos ajustables bolsa de transporte para Mujeres Hombres botas de esqu\u00ed encuadernaci\u00f3n ajustable bolsa de mano\" \/><br \/>\n<img decoding=\"async\" title=\"Exterior invierno SnowShoes aluminio con polos ajustables bolsa de transporte para Mujeres Hombres botas de esqu\u00ed encuadernaci\u00f3n ajustable bolsa de mano\" src=\"https:\/\/bodegaoutdoor.cl\/store\/wp-content\/uploads\/2020\/07\/6126-aott2s.jpg\" alt=\"Exterior invierno SnowShoes aluminio con polos ajustables bolsa de transporte para Mujeres Hombres botas de esqu\u00ed encuadernaci\u00f3n ajustable bolsa de mano\" \/><br \/>\n<img decoding=\"async\" title=\"Exterior invierno SnowShoes aluminio con polos ajustables bolsa de transporte para Mujeres Hombres botas de esqu\u00ed encuadernaci\u00f3n ajustable bolsa de mano\" src=\"https:\/\/bodegaoutdoor.cl\/store\/wp-content\/uploads\/2020\/07\/6126-fr1kyr.jpg\" alt=\"Exterior invierno SnowShoes aluminio con polos ajustables bolsa de transporte para Mujeres Hombres botas de esqu\u00ed encuadernaci\u00f3n ajustable bolsa de mano\" \/><br \/>\n<img decoding=\"async\" title=\"Exterior invierno SnowShoes aluminio con polos ajustables bolsa de transporte para Mujeres Hombres botas de esqu\u00ed encuadernaci\u00f3n ajustable bolsa de mano\" src=\"https:\/\/bodegaoutdoor.cl\/store\/wp-content\/uploads\/2020\/07\/6126-grwsll.jpg\" alt=\"Exterior invierno SnowShoes aluminio con polos ajustables bolsa de transporte para Mujeres Hombres botas de esqu\u00ed encuadernaci\u00f3n ajustable bolsa de mano\" \/><br \/>\n<img decoding=\"async\" title=\"Exterior invierno SnowShoes aluminio con polos ajustables bolsa de transporte para Mujeres Hombres botas de esqu\u00ed encuadernaci\u00f3n ajustable bolsa de mano\" src=\"https:\/\/bodegaoutdoor.cl\/store\/wp-content\/uploads\/2020\/07\/6126-0oycn9.jpg\" alt=\"Exterior invierno SnowShoes aluminio con polos ajustables bolsa de transporte para Mujeres Hombres botas de esqu\u00ed encuadernaci\u00f3n ajustable bolsa de mano\" \/><br \/>\n<img decoding=\"async\" title=\"Exterior invierno SnowShoes aluminio con polos ajustables bolsa de transporte para Mujeres Hombres botas de esqu\u00ed encuadernaci\u00f3n ajustable bolsa de mano\" src=\"https:\/\/bodegaoutdoor.cl\/store\/wp-content\/uploads\/2020\/07\/6126-wzdcbo.jpg\" alt=\"Exterior invierno SnowShoes aluminio con polos ajustables bolsa de transporte para Mujeres Hombres botas de esqu\u00ed encuadernaci\u00f3n ajustable bolsa de mano\" \/><br \/>\n<img decoding=\"async\" title=\"Exterior invierno SnowShoes aluminio con polos ajustables bolsa de transporte para Mujeres Hombres botas de esqu\u00ed encuadernaci\u00f3n ajustable bolsa de mano\" src=\"https:\/\/bodegaoutdoor.cl\/store\/wp-content\/uploads\/2020\/07\/6126-uwyojj.jpg\" alt=\"Exterior invierno SnowShoes aluminio con polos ajustables bolsa de transporte para Mujeres Hombres botas de esqu\u00ed encuadernaci\u00f3n ajustable bolsa de mano\" \/><br \/>\n<img decoding=\"async\" title=\"Exterior invierno SnowShoes aluminio con polos ajustables bolsa de transporte para Mujeres Hombres botas de esqu\u00ed encuadernaci\u00f3n ajustable bolsa de mano\" src=\"https:\/\/bodegaoutdoor.cl\/store\/wp-content\/uploads\/2020\/07\/6126-bolcaa.jpg\" alt=\"Exterior invierno SnowShoes aluminio con polos ajustables bolsa de transporte para Mujeres Hombres botas de esqu\u00ed encuadernaci\u00f3n ajustable bolsa de mano\" \/><br \/>\n<img decoding=\"async\" title=\"Exterior invierno SnowShoes aluminio con polos ajustables bolsa de transporte para Mujeres Hombres botas de esqu\u00ed encuadernaci\u00f3n ajustable bolsa de mano\" src=\"https:\/\/bodegaoutdoor.cl\/store\/wp-content\/uploads\/2020\/07\/6126-zq2ms8.jpg\" alt=\"Exterior invierno SnowShoes aluminio con polos ajustables bolsa de transporte para Mujeres Hombres botas de esqu\u00ed encuadernaci\u00f3n ajustable bolsa de mano\" \/><br \/>\n<img decoding=\"async\" title=\"Exterior invierno SnowShoes aluminio con polos ajustables bolsa de transporte para Mujeres Hombres botas de esqu\u00ed encuadernaci\u00f3n ajustable bolsa de mano\" src=\"https:\/\/bodegaoutdoor.cl\/store\/wp-content\/uploads\/2020\/07\/6126-cadshi.jpg\" alt=\"Exterior invierno SnowShoes aluminio con polos ajustables bolsa de transporte para Mujeres Hombres botas de esqu\u00ed encuadernaci\u00f3n ajustable bolsa de mano\" \/><br \/>\n<img decoding=\"async\" title=\"Exterior invierno SnowShoes aluminio con polos ajustables bolsa de transporte para Mujeres Hombres botas de esqu\u00ed encuadernaci\u00f3n ajustable bolsa de mano\" src=\"https:\/\/bodegaoutdoor.cl\/store\/wp-content\/uploads\/2020\/07\/6126-pw1xez.jpg\" alt=\"Exterior invierno SnowShoes aluminio con polos ajustables bolsa de transporte para Mujeres Hombres botas de esqu\u00ed encuadernaci\u00f3n ajustable bolsa de mano\" \/><br \/>\n<img decoding=\"async\" title=\"Exterior invierno SnowShoes aluminio con polos ajustables bolsa de transporte para Mujeres Hombres botas de esqu\u00ed encuadernaci\u00f3n ajustable bolsa de mano\" src=\"https:\/\/bodegaoutdoor.cl\/store\/wp-content\/uploads\/2020\/07\/6126-lmahse.jpg\" alt=\"Exterior invierno SnowShoes aluminio con polos ajustables bolsa de transporte para Mujeres Hombres botas de esqu\u00ed encuadernaci\u00f3n ajustable bolsa de mano\" \/><br \/>\n<img decoding=\"async\" title=\"Exterior invierno SnowShoes aluminio con polos ajustables bolsa de transporte para Mujeres Hombres botas de esqu\u00ed encuadernaci\u00f3n ajustable bolsa de mano\" src=\"https:\/\/bodegaoutdoor.cl\/store\/wp-content\/uploads\/2020\/07\/6126-fkxl3l.jpg\" alt=\"Exterior invierno SnowShoes aluminio con polos ajustables bolsa de transporte para Mujeres Hombres botas de esqu\u00ed encuadernaci\u00f3n ajustable bolsa de mano\" \/><br \/>\n<img decoding=\"async\" title=\"Exterior invierno SnowShoes aluminio con polos ajustables bolsa de transporte para Mujeres Hombres botas de esqu\u00ed encuadernaci\u00f3n ajustable bolsa de mano\" src=\"https:\/\/bodegaoutdoor.cl\/store\/wp-content\/uploads\/2020\/07\/6126-asp2yz.jpg\" alt=\"Exterior invierno SnowShoes aluminio con polos ajustables bolsa de transporte para Mujeres Hombres botas de esqu\u00ed encuadernaci\u00f3n ajustable bolsa de mano\" \/><br \/>\n<img decoding=\"async\" title=\"Exterior invierno SnowShoes aluminio con polos ajustables bolsa de transporte para Mujeres Hombres botas de esqu\u00ed encuadernaci\u00f3n ajustable bolsa de mano\" src=\"https:\/\/bodegaoutdoor.cl\/store\/wp-content\/uploads\/2020\/07\/6126-d2gflh.jpg\" alt=\"Exterior invierno SnowShoes aluminio con polos ajustables bolsa de transporte para Mujeres Hombres botas de esqu\u00ed encuadernaci\u00f3n ajustable bolsa de mano\" \/><br \/>\n<img decoding=\"async\" title=\"Exterior invierno SnowShoes aluminio con polos ajustables bolsa de transporte para Mujeres Hombres botas de esqu\u00ed encuadernaci\u00f3n ajustable bolsa de mano\" src=\"https:\/\/bodegaoutdoor.cl\/store\/wp-content\/uploads\/2020\/07\/6126-p6nwdx.jpg\" alt=\"Exterior invierno SnowShoes aluminio con polos ajustables bolsa de transporte para Mujeres Hombres botas de esqu\u00ed encuadernaci\u00f3n ajustable bolsa de mano\" \/><br \/>\n<img decoding=\"async\" title=\"Exterior invierno SnowShoes aluminio con polos ajustables bolsa de transporte para Mujeres Hombres botas de esqu\u00ed encuadernaci\u00f3n ajustable bolsa de mano\" src=\"https:\/\/bodegaoutdoor.cl\/store\/wp-content\/uploads\/2020\/07\/6126-jsgvsk.jpg\" alt=\"Exterior invierno SnowShoes aluminio con polos ajustables bolsa de transporte para Mujeres Hombres botas de esqu\u00ed encuadernaci\u00f3n ajustable bolsa de mano\" \/><br \/>\n<img decoding=\"async\" title=\"Exterior invierno SnowShoes aluminio con polos ajustables bolsa de transporte para Mujeres Hombres botas de esqu\u00ed encuadernaci\u00f3n ajustable bolsa de mano\" src=\"https:\/\/bodegaoutdoor.cl\/store\/wp-content\/uploads\/2020\/07\/6126-uh99ds.jpg\" alt=\"Exterior invierno SnowShoes aluminio con polos ajustables bolsa de transporte para Mujeres Hombres botas de esqu\u00ed encuadernaci\u00f3n ajustable bolsa de mano\" \/><br \/>\n<img decoding=\"async\" title=\"Exterior invierno SnowShoes aluminio con polos ajustables bolsa de transporte para Mujeres Hombres botas de esqu\u00ed encuadernaci\u00f3n ajustable bolsa de mano\" src=\"https:\/\/bodegaoutdoor.cl\/store\/wp-content\/uploads\/2020\/07\/6126-tcvrhs.jpg\" alt=\"Exterior invierno SnowShoes aluminio con polos ajustables bolsa de transporte para Mujeres Hombres botas de esqu\u00ed encuadernaci\u00f3n ajustable bolsa de mano\" \/><br \/>\n<img decoding=\"async\" title=\"Exterior invierno SnowShoes aluminio con polos ajustables bolsa de transporte para Mujeres Hombres botas de esqu\u00ed encuadernaci\u00f3n ajustable bolsa de mano\" src=\"https:\/\/bodegaoutdoor.cl\/store\/wp-content\/uploads\/2020\/07\/6126-igyruq.jpg\" alt=\"Exterior invierno SnowShoes aluminio con polos ajustables bolsa de transporte para Mujeres Hombres botas de esqu\u00ed encuadernaci\u00f3n ajustable bolsa de mano\" \/><\/p>\n<div style=\"margin-top: 6px;\"><img decoding=\"async\" title=\"Exterior invierno SnowShoes aluminio con polos ajustables bolsa de transporte para Mujeres Hombres botas de esqu\u00ed encuadernaci\u00f3n ajustable bolsa de mano\" src=\"https:\/\/bodegaoutdoor.cl\/store\/wp-content\/uploads\/2020\/07\/6126-zwslsq.jpg\" alt=\"Exterior invierno SnowShoes aluminio con polos ajustables bolsa de transporte para Mujeres Hombres botas de esqu\u00ed encuadernaci\u00f3n ajustable bolsa de mano\" width=\"960\" height=\"850\" \/><br \/>\n<img decoding=\"async\" title=\"Exterior invierno SnowShoes aluminio con polos ajustables bolsa de transporte para Mujeres Hombres botas de esqu\u00ed encuadernaci\u00f3n ajustable bolsa de mano\" src=\"https:\/\/bodegaoutdoor.cl\/store\/wp-content\/uploads\/2020\/07\/6126-rps1wl.jpg\" alt=\"Exterior invierno SnowShoes aluminio con polos ajustables bolsa de transporte para Mujeres Hombres botas de esqu\u00ed encuadernaci\u00f3n ajustable bolsa de mano\" width=\"960\" height=\"305\" \/><img loading=\"lazy\" decoding=\"async\" title=\"Exterior invierno SnowShoes aluminio con polos ajustables bolsa de transporte para Mujeres Hombres botas de esqu\u00ed encuadernaci\u00f3n ajustable bolsa de mano\" src=\"https:\/\/bodegaoutdoor.cl\/store\/wp-content\/uploads\/2020\/07\/6126-mieuq3.jpg\" alt=\"Exterior invierno SnowShoes aluminio con polos ajustables bolsa de transporte para Mujeres Hombres botas de esqu\u00ed encuadernaci\u00f3n ajustable bolsa de mano\" width=\"960\" height=\"271\" \/><\/div>\n<\/div>\n\n    <div class=\"xs_social_share_widget xs_share_url after_content \t\tmain_content  wslu-style-1 wslu-share-box-shaped wslu-fill-colored wslu-none wslu-share-horizontal wslu-theme-font-no wslu-main_content\">\n\n\t\t\n        <ul>\n\t\t\t        <\/ul>\n    <\/div> \n","protected":false},"excerpt":{"rendered":"<p>El juego de zapatillas de nieve proporciona una gran tracci\u00f3n y comodidad en la nieve abarrotada y los terrenos moderados. Ideal para disfrutar de los largos meses de invierno Senderismo por caminos y bosques. Caracter\u00edsticas: Hecho de material de aluminio de alta calidad, pr\u00e1ctico y duradero. Cuenta con un dise\u00f1o ergon\u00f3mico para garantizar un paseo [&hellip;]<\/p>\n","protected":false},"featured_media":6381,"comment_status":"open","ping_status":"closed","template":"","meta":{"jetpack_publicize_message":"","jetpack_publicize_feature_enabled":true,"jetpack_social_post_already_shared":true,"jetpack_social_options":{"image_generator_settings":{"template":"highway","enabled":false},"version":2}},"product_brand":[],"product_cat":[15,41,488,304],"product_tag":[],"class_list":{"0":"post-6126","1":"product","2":"type-product","3":"status-publish","4":"has-post-thumbnail","6":"product_cat-otros","7":"product_cat-calzado","8":"product_cat-kits","9":"product_cat-trekking","11":"first","12":"instock","13":"sale","14":"taxable","15":"shipping-taxable","16":"purchasable","17":"product-type-variable"},"jetpack_publicize_connections":[],"jetpack_sharing_enabled":true,"_links":{"self":[{"href":"https:\/\/bodegaoutdoor.cl\/store\/wp-json\/wp\/v2\/product\/6126","targetHints":{"allow":["GET"]}}],"collection":[{"href":"https:\/\/bodegaoutdoor.cl\/store\/wp-json\/wp\/v2\/product"}],"about":[{"href":"https:\/\/bodegaoutdoor.cl\/store\/wp-json\/wp\/v2\/types\/product"}],"replies":[{"embeddable":true,"href":"https:\/\/bodegaoutdoor.cl\/store\/wp-json\/wp\/v2\/comments?post=6126"}],"version-history":[{"count":2,"href":"https:\/\/bodegaoutdoor.cl\/store\/wp-json\/wp\/v2\/product\/6126\/revisions"}],"predecessor-version":[{"id":71345,"href":"https:\/\/bodegaoutdoor.cl\/store\/wp-json\/wp\/v2\/product\/6126\/revisions\/71345"}],"wp:featuredmedia":[{"embeddable":true,"href":"https:\/\/bodegaoutdoor.cl\/store\/wp-json\/wp\/v2\/media\/6381"}],"wp:attachment":[{"href":"https:\/\/bodegaoutdoor.cl\/store\/wp-json\/wp\/v2\/media?parent=6126"}],"wp:term":[{"taxonomy":"product_brand","embeddable":true,"href":"https:\/\/bodegaoutdoor.cl\/store\/wp-json\/wp\/v2\/product_brand?post=6126"},{"taxonomy":"product_cat","embeddable":true,"href":"https:\/\/bodegaoutdoor.cl\/store\/wp-json\/wp\/v2\/product_cat?post=6126"},{"taxonomy":"product_tag","embeddable":true,"href":"https:\/\/bodegaoutdoor.cl\/store\/wp-json\/wp\/v2\/product_tag?post=6126"}],"curies":[{"name":"wp","href":"https:\/\/api.w.org\/{rel}","templated":true}]}}