{"id":61279,"date":"2022-09-14T22:22:16","date_gmt":"2022-09-15T01:22:16","guid":{"rendered":"https:\/\/bodegaoutdoor.cl\/store\/product\/bolso-de-hombro-de-gran-capacidad-para-hombre-bolsa-de-mensajero-de-cuero-bolso-de-viaje-de-negocios-impermeable-resistente-al-desgaste-se-puede-guardar\/"},"modified":"2023-05-04T19:18:42","modified_gmt":"2023-05-04T23:18:42","slug":"bolso-de-hombro-de-gran-capacidad-para-hombre-bolsa-de-mensajero-de-cuero-bolso-de-viaje-de-negocios-impermeable-resistente-al-desgaste-se-puede-guardar","status":"publish","type":"product","link":"https:\/\/bodegaoutdoor.cl\/store\/product\/bolso-de-hombro-de-gran-capacidad-para-hombre-bolsa-de-mensajero-de-cuero-bolso-de-viaje-de-negocios-impermeable-resistente-al-desgaste-se-puede-guardar\/","title":{"rendered":"Bolso de hombro de gran capacidad, mensajero de cuero, bolso de viaje de negocios, impermeable, resistente al desgaste"},"content":{"rendered":"<p style=\"text-align: center;\"><video style=\"max-width: 100%;\" src=\"\/\/cloud.video.taobao.com\/play\/u\/2213970453934\/p\/1\/e\/6\/t\/10301\/1100029095595.mp4\" poster=\"https:\/\/ae01.alicdn.com\/kf\/S56af5c1b04ca40b88a1a615f9b446676z\/Bolso-de-hombro-de-gran-capacidad-para-hombre-bolsa-de-mensajero-de-cuero-bolso-de-viaje.jpg,https:\/\/ae01.alicdn.com\/kf\/Sd14a7ecb1f134342b3ba3c8b627f6e87U\/Bolso-de-hombro-de-gran-capacidad-para-hombre-bolsa-de-mensajero-de-cuero-bolso-de-viaje.jpg,https:\/\/ae01.alicdn.com\/kf\/S50c58da83802451bbee43d7cad958786L\/Bolso-de-hombro-de-gran-capacidad-para-hombre-bolsa-de-mensajero-de-cuero-bolso-de-viaje.jpg,https:\/\/ae01.alicdn.com\/kf\/Sd54c06a97d1b47dface07edfa83d6acfU\/Bolso-de-hombro-de-gran-capacidad-para-hombre-bolsa-de-mensajero-de-cuero-bolso-de-viaje.jpg,https:\/\/ae01.alicdn.com\/kf\/S522debf9143b47e29d3f407ff2ad1f4fQ\/Bolso-de-hombro-de-gran-capacidad-para-hombre-bolsa-de-mensajero-de-cuero-bolso-de-viaje.jpg,https:\/\/ae01.alicdn.com\/kf\/Secfcb93e749d4e6bb64304c5bcde22acg\/Bolso-de-hombro-de-gran-capacidad-para-hombre-bolsa-de-mensajero-de-cuero-bolso-de-viaje.jpg\" preload=\"auto\" controls=\"controls\" width=\"100%\" height=\"100%\"><\/video><\/p>\n<div>\n<div>\n<p>&nbsp;<\/p>\n<p><strong>Bolso de hombro de gran capacidad, bolso de mensajero de cuero para hombre, bolso de negocios, resistente al agua y al desgaste, se puede guardar.<\/strong><\/p>\n<p>&nbsp;<\/p>\n<p>Producto: bolso de hombro para hombre<\/p>\n<p>Material: piel sint\u00e9tica aut\u00e9ntica<\/p>\n<p>Tama\u00f1o: 20cm (largo) * 7cm (ancho) * 24cm (alto)<\/p>\n<p>Color: como muestra la imagen<\/p>\n<p>Paquete: 1 piezas<\/p>\n<p>Nota: Debido a la medici\u00f3n manual, el tama\u00f1o puede tener un error de 0,5-2 cm. Diferentes pantallas pueden causar un ligero error de color. Si tienes alg\u00fan problema, d\u00e9janos un mensaje.<\/p>\n<p><img decoding=\"async\" title=\"Bolso de hombro de gran capacidad para hombre, bolsa de mensajero de cuero, bolso de viaje de negocios, impermeable, resistente al desgaste, se puede guardar\" src=\"https:\/\/bodegaoutdoor.cl\/store\/wp-content\/uploads\/2022\/09\/61279-f8dvkj.jpg\" alt=\"Bolso de hombro de gran capacidad para hombre, bolsa de mensajero de cuero, bolso de viaje de negocios, impermeable, resistente al desgaste, se puede guardar\" \/><img decoding=\"async\" title=\"Bolso de hombro de gran capacidad para hombre, bolsa de mensajero de cuero, bolso de viaje de negocios, impermeable, resistente al desgaste, se puede guardar\" src=\"https:\/\/bodegaoutdoor.cl\/store\/wp-content\/uploads\/2022\/09\/61279-tzzt6a.jpg\" alt=\"Bolso de hombro de gran capacidad para hombre, bolsa de mensajero de cuero, bolso de viaje de negocios, impermeable, resistente al desgaste, se puede guardar\" \/><img decoding=\"async\" title=\"Bolso de hombro de gran capacidad para hombre, bolsa de mensajero de cuero, bolso de viaje de negocios, impermeable, resistente al desgaste, se puede guardar\" src=\"https:\/\/bodegaoutdoor.cl\/store\/wp-content\/uploads\/2022\/09\/61279-dfl3ou.jpg\" alt=\"Bolso de hombro de gran capacidad para hombre, bolsa de mensajero de cuero, bolso de viaje de negocios, impermeable, resistente al desgaste, se puede guardar\" \/><img decoding=\"async\" title=\"Bolso de hombro de gran capacidad para hombre, bolsa de mensajero de cuero, bolso de viaje de negocios, impermeable, resistente al desgaste, se puede guardar\" src=\"https:\/\/bodegaoutdoor.cl\/store\/wp-content\/uploads\/2022\/09\/61279-3fxeie.jpg\" alt=\"Bolso de hombro de gran capacidad para hombre, bolsa de mensajero de cuero, bolso de viaje de negocios, impermeable, resistente al desgaste, se puede guardar\" \/><img decoding=\"async\" title=\"Bolso de hombro de gran capacidad para hombre, bolsa de mensajero de cuero, bolso de viaje de negocios, impermeable, resistente al desgaste, se puede guardar\" src=\"https:\/\/bodegaoutdoor.cl\/store\/wp-content\/uploads\/2022\/09\/61279-pgef9x.jpg\" alt=\"Bolso de hombro de gran capacidad para hombre, bolsa de mensajero de cuero, bolso de viaje de negocios, impermeable, resistente al desgaste, se puede guardar\" \/><img decoding=\"async\" title=\"Bolso de hombro de gran capacidad para hombre, bolsa de mensajero de cuero, bolso de viaje de negocios, impermeable, resistente al desgaste, se puede guardar\" src=\"https:\/\/bodegaoutdoor.cl\/store\/wp-content\/uploads\/2022\/09\/61279-wyknoa.jpg\" alt=\"Bolso de hombro de gran capacidad para hombre, bolsa de mensajero de cuero, bolso de viaje de negocios, impermeable, resistente al desgaste, se puede guardar\" \/><img decoding=\"async\" title=\"Bolso de hombro de gran capacidad para hombre, bolsa de mensajero de cuero, bolso de viaje de negocios, impermeable, resistente al desgaste, se puede guardar\" src=\"https:\/\/bodegaoutdoor.cl\/store\/wp-content\/uploads\/2022\/09\/61279-uljjf3.jpg\" alt=\"Bolso de hombro de gran capacidad para hombre, bolsa de mensajero de cuero, bolso de viaje de negocios, impermeable, resistente al desgaste, se puede guardar\" \/><img decoding=\"async\" title=\"Bolso de hombro de gran capacidad para hombre, bolsa de mensajero de cuero, bolso de viaje de negocios, impermeable, resistente al desgaste, se puede guardar\" src=\"https:\/\/bodegaoutdoor.cl\/store\/wp-content\/uploads\/2022\/09\/61279-rkpij6.jpg\" alt=\"Bolso de hombro de gran capacidad para hombre, bolsa de mensajero de cuero, bolso de viaje de negocios, impermeable, resistente al desgaste, se puede guardar\" \/><img decoding=\"async\" title=\"Bolso de hombro de gran capacidad para hombre, bolsa de mensajero de cuero, bolso de viaje de negocios, impermeable, resistente al desgaste, se puede guardar\" src=\"https:\/\/bodegaoutdoor.cl\/store\/wp-content\/uploads\/2022\/09\/61279-okzgd5.jpg\" alt=\"Bolso de hombro de gran capacidad para hombre, bolsa de mensajero de cuero, bolso de viaje de negocios, impermeable, resistente al desgaste, se puede guardar\" \/><img decoding=\"async\" title=\"Bolso de hombro de gran capacidad para hombre, bolsa de mensajero de cuero, bolso de viaje de negocios, impermeable, resistente al desgaste, se puede guardar\" src=\"https:\/\/bodegaoutdoor.cl\/store\/wp-content\/uploads\/2022\/09\/61279-efpcrx.jpg\" alt=\"Bolso de hombro de gran capacidad para hombre, bolsa de mensajero de cuero, bolso de viaje de negocios, impermeable, resistente al desgaste, se puede guardar\" \/><img decoding=\"async\" title=\"Bolso de hombro de gran capacidad para hombre, bolsa de mensajero de cuero, bolso de viaje de negocios, impermeable, resistente al desgaste, se puede guardar\" src=\"https:\/\/bodegaoutdoor.cl\/store\/wp-content\/uploads\/2022\/09\/61279-cf9fdw.jpg\" alt=\"Bolso de hombro de gran capacidad para hombre, bolsa de mensajero de cuero, bolso de viaje de negocios, impermeable, resistente al desgaste, se puede guardar\" \/><img decoding=\"async\" title=\"Bolso de hombro de gran capacidad para hombre, bolsa de mensajero de cuero, bolso de viaje de negocios, impermeable, resistente al desgaste, se puede guardar\" src=\"https:\/\/bodegaoutdoor.cl\/store\/wp-content\/uploads\/2022\/09\/61279-mkhlqg.jpg\" alt=\"Bolso de hombro de gran capacidad para hombre, bolsa de mensajero de cuero, bolso de viaje de negocios, impermeable, resistente al desgaste, se puede guardar\" \/><img decoding=\"async\" title=\"Bolso de hombro de gran capacidad para hombre, bolsa de mensajero de cuero, bolso de viaje de negocios, impermeable, resistente al desgaste, se puede guardar\" src=\"https:\/\/bodegaoutdoor.cl\/store\/wp-content\/uploads\/2022\/09\/61279-lre8e3.jpg\" alt=\"Bolso de hombro de gran capacidad para hombre, bolsa de mensajero de cuero, bolso de viaje de negocios, impermeable, resistente al desgaste, se puede guardar\" \/><img decoding=\"async\" title=\"Bolso de hombro de gran capacidad para hombre, bolsa de mensajero de cuero, bolso de viaje de negocios, impermeable, resistente al desgaste, se puede guardar\" src=\"https:\/\/bodegaoutdoor.cl\/store\/wp-content\/uploads\/2022\/09\/61279-sowe5z.jpg\" alt=\"Bolso de hombro de gran capacidad para hombre, bolsa de mensajero de cuero, bolso de viaje de negocios, impermeable, resistente al desgaste, se puede guardar\" \/><img decoding=\"async\" title=\"Bolso de hombro de gran capacidad para hombre, bolsa de mensajero de cuero, bolso de viaje de negocios, impermeable, resistente al desgaste, se puede guardar\" src=\"https:\/\/bodegaoutdoor.cl\/store\/wp-content\/uploads\/2022\/09\/61279-zilo1p.jpg\" alt=\"Bolso de hombro de gran capacidad para hombre, bolsa de mensajero de cuero, bolso de viaje de negocios, impermeable, resistente al desgaste, se puede guardar\" \/><img decoding=\"async\" title=\"Bolso de hombro de gran capacidad para hombre, bolsa de mensajero de cuero, bolso de viaje de negocios, impermeable, resistente al desgaste, se puede guardar\" src=\"https:\/\/bodegaoutdoor.cl\/store\/wp-content\/uploads\/2022\/09\/61279-z3mzdg.jpg\" alt=\"Bolso de hombro de gran capacidad para hombre, bolsa de mensajero de cuero, bolso de viaje de negocios, impermeable, resistente al desgaste, se puede guardar\" \/><img decoding=\"async\" title=\"Bolso de hombro de gran capacidad para hombre, bolsa de mensajero de cuero, bolso de viaje de negocios, impermeable, resistente al desgaste, se puede guardar\" src=\"https:\/\/bodegaoutdoor.cl\/store\/wp-content\/uploads\/2022\/09\/61279-ccnmcw.jpg\" alt=\"Bolso de hombro de gran capacidad para hombre, bolsa de mensajero de cuero, bolso de viaje de negocios, impermeable, resistente al desgaste, se puede guardar\" \/><img decoding=\"async\" title=\"Bolso de hombro de gran capacidad para hombre, bolsa de mensajero de cuero, bolso de viaje de negocios, impermeable, resistente al desgaste, se puede guardar\" src=\"https:\/\/bodegaoutdoor.cl\/store\/wp-content\/uploads\/2022\/09\/61279-zrfaja.jpg\" alt=\"Bolso de hombro de gran capacidad para hombre, bolsa de mensajero de cuero, bolso de viaje de negocios, impermeable, resistente al desgaste, se puede guardar\" \/><img decoding=\"async\" title=\"Bolso de hombro de gran capacidad para hombre, bolsa de mensajero de cuero, bolso de viaje de negocios, impermeable, resistente al desgaste, se puede guardar\" src=\"https:\/\/bodegaoutdoor.cl\/store\/wp-content\/uploads\/2022\/09\/61279-xk7dfi.jpg\" alt=\"Bolso de hombro de gran capacidad para hombre, bolsa de mensajero de cuero, bolso de viaje de negocios, impermeable, resistente al desgaste, se puede guardar\" \/><img decoding=\"async\" title=\"Bolso de hombro de gran capacidad para hombre, bolsa de mensajero de cuero, bolso de viaje de negocios, impermeable, resistente al desgaste, se puede guardar\" src=\"https:\/\/bodegaoutdoor.cl\/store\/wp-content\/uploads\/2022\/09\/61279-6btupq.jpg\" alt=\"Bolso de hombro de gran capacidad para hombre, bolsa de mensajero de cuero, bolso de viaje de negocios, impermeable, resistente al desgaste, se puede guardar\" \/><img decoding=\"async\" title=\"Bolso de hombro de gran capacidad para hombre, bolsa de mensajero de cuero, bolso de viaje de negocios, impermeable, resistente al desgaste, se puede guardar\" src=\"https:\/\/bodegaoutdoor.cl\/store\/wp-content\/uploads\/2022\/09\/61279-xhy4je.jpg\" alt=\"Bolso de hombro de gran capacidad para hombre, bolsa de mensajero de cuero, bolso de viaje de negocios, impermeable, resistente al desgaste, se puede guardar\" \/><img decoding=\"async\" title=\"Bolso de hombro de gran capacidad para hombre, bolsa de mensajero de cuero, bolso de viaje de negocios, impermeable, resistente al desgaste, se puede guardar\" src=\"https:\/\/bodegaoutdoor.cl\/store\/wp-content\/uploads\/2022\/09\/61279-wo7js1.jpg\" alt=\"Bolso de hombro de gran capacidad para hombre, bolsa de mensajero de cuero, bolso de viaje de negocios, impermeable, resistente al desgaste, se puede guardar\" \/><img decoding=\"async\" title=\"Bolso de hombro de gran capacidad para hombre, bolsa de mensajero de cuero, bolso de viaje de negocios, impermeable, resistente al desgaste, se puede guardar\" src=\"https:\/\/bodegaoutdoor.cl\/store\/wp-content\/uploads\/2022\/09\/61279-z2ffme.jpg\" alt=\"Bolso de hombro de gran capacidad para hombre, bolsa de mensajero de cuero, bolso de viaje de negocios, impermeable, resistente al desgaste, se puede guardar\" \/><img decoding=\"async\" title=\"Bolso de hombro de gran capacidad para hombre, bolsa de mensajero de cuero, bolso de viaje de negocios, impermeable, resistente al desgaste, se puede guardar\" src=\"https:\/\/bodegaoutdoor.cl\/store\/wp-content\/uploads\/2022\/09\/61279-3syfxa.jpg\" alt=\"Bolso de hombro de gran capacidad para hombre, bolsa de mensajero de cuero, bolso de viaje de negocios, impermeable, resistente al desgaste, se puede guardar\" \/><img decoding=\"async\" title=\"Bolso de hombro de gran capacidad para hombre, bolsa de mensajero de cuero, bolso de viaje de negocios, impermeable, resistente al desgaste, se puede guardar\" src=\"https:\/\/bodegaoutdoor.cl\/store\/wp-content\/uploads\/2022\/09\/61279-oyqcq9.jpg\" alt=\"Bolso de hombro de gran capacidad para hombre, bolsa de mensajero de cuero, bolso de viaje de negocios, impermeable, resistente al desgaste, se puede guardar\" \/><img decoding=\"async\" title=\"Bolso de hombro de gran capacidad para hombre, bolsa de mensajero de cuero, bolso de viaje de negocios, impermeable, resistente al desgaste, se puede guardar\" src=\"https:\/\/bodegaoutdoor.cl\/store\/wp-content\/uploads\/2022\/09\/61279-m9fh1s.jpg\" alt=\"Bolso de hombro de gran capacidad para hombre, bolsa de mensajero de cuero, bolso de viaje de negocios, impermeable, resistente al desgaste, se puede guardar\" \/><\/p>\n<\/div>\n<\/div>\n\n    <div class=\"xs_social_share_widget xs_share_url after_content \t\tmain_content  wslu-style-1 wslu-share-box-shaped wslu-fill-colored wslu-none wslu-share-horizontal wslu-theme-font-no wslu-main_content\">\n\n\t\t\n        <ul>\n\t\t\t        <\/ul>\n    <\/div> \n","protected":false},"excerpt":{"rendered":"<p>&nbsp; Bolso de hombro de gran capacidad, bolso de mensajero de cuero para hombre, bolso de negocios, resistente al agua y al desgaste, se puede guardar. &nbsp; Producto: bolso de hombro para hombre Material: piel sint\u00e9tica aut\u00e9ntica Tama\u00f1o: 20cm (largo) * 7cm (ancho) * 24cm (alto) Color: como muestra la imagen Paquete: 1 piezas Nota: [&hellip;]<\/p>\n","protected":false},"featured_media":61282,"comment_status":"open","ping_status":"closed","template":"","meta":{"jetpack_publicize_message":"","jetpack_publicize_feature_enabled":true,"jetpack_social_post_already_shared":true,"jetpack_social_options":{"image_generator_settings":{"template":"highway","enabled":false},"version":2}},"product_brand":[],"product_cat":[15],"product_tag":[],"class_list":{"0":"post-61279","1":"product","2":"type-product","3":"status-publish","4":"has-post-thumbnail","6":"product_cat-otros","8":"first","9":"instock","10":"taxable","11":"shipping-taxable","12":"purchasable","13":"product-type-variable"},"jetpack_publicize_connections":[],"jetpack_sharing_enabled":true,"_links":{"self":[{"href":"https:\/\/bodegaoutdoor.cl\/store\/wp-json\/wp\/v2\/product\/61279","targetHints":{"allow":["GET"]}}],"collection":[{"href":"https:\/\/bodegaoutdoor.cl\/store\/wp-json\/wp\/v2\/product"}],"about":[{"href":"https:\/\/bodegaoutdoor.cl\/store\/wp-json\/wp\/v2\/types\/product"}],"replies":[{"embeddable":true,"href":"https:\/\/bodegaoutdoor.cl\/store\/wp-json\/wp\/v2\/comments?post=61279"}],"version-history":[{"count":28,"href":"https:\/\/bodegaoutdoor.cl\/store\/wp-json\/wp\/v2\/product\/61279\/revisions"}],"predecessor-version":[{"id":61656,"href":"https:\/\/bodegaoutdoor.cl\/store\/wp-json\/wp\/v2\/product\/61279\/revisions\/61656"}],"wp:featuredmedia":[{"embeddable":true,"href":"https:\/\/bodegaoutdoor.cl\/store\/wp-json\/wp\/v2\/media\/61282"}],"wp:attachment":[{"href":"https:\/\/bodegaoutdoor.cl\/store\/wp-json\/wp\/v2\/media?parent=61279"}],"wp:term":[{"taxonomy":"product_brand","embeddable":true,"href":"https:\/\/bodegaoutdoor.cl\/store\/wp-json\/wp\/v2\/product_brand?post=61279"},{"taxonomy":"product_cat","embeddable":true,"href":"https:\/\/bodegaoutdoor.cl\/store\/wp-json\/wp\/v2\/product_cat?post=61279"},{"taxonomy":"product_tag","embeddable":true,"href":"https:\/\/bodegaoutdoor.cl\/store\/wp-json\/wp\/v2\/product_tag?post=61279"}],"curies":[{"name":"wp","href":"https:\/\/api.w.org\/{rel}","templated":true}]}}