{"id":61343,"date":"2022-09-14T22:25:47","date_gmt":"2022-09-15T01:25:47","guid":{"rendered":"https:\/\/bodegaoutdoor.cl\/store\/product\/conjunto-de-cinturones-de-combate-de-estilo-militar-para-hombre-cinturon-tactico-de-liberacion-rapida-con-gancho-para-bolsa-a-la-moda-militar-para-caza-al-aire-libre\/"},"modified":"2023-05-04T19:18:42","modified_gmt":"2023-05-04T23:18:42","slug":"conjunto-de-cinturones-de-combate-de-estilo-militar-para-hombre-cinturon-tactico-de-liberacion-rapida-con-gancho-para-bolsa-a-la-moda-militar-para-caza-al-aire-libre","status":"publish","type":"product","link":"https:\/\/bodegaoutdoor.cl\/store\/product\/conjunto-de-cinturones-de-combate-de-estilo-militar-para-hombre-cinturon-tactico-de-liberacion-rapida-con-gancho-para-bolsa-a-la-moda-militar-para-caza-al-aire-libre\/","title":{"rendered":"Kit Oferta cintur\u00f3n t\u00e1ctico de liberaci\u00f3n r\u00e1pida con gancho para bolsa + Bolso + Accesorio"},"content":{"rendered":"<p style=\"text-align: center;\"><video style=\"max-width: 100%;\" src=\"\/\/cloud.video.taobao.com\/play\/u\/2206354004566\/p\/1\/e\/6\/t\/10301\/281652512032.mp4\" poster=\"https:\/\/ae01.alicdn.com\/kf\/S5ffba725ac9f4d02b72169620489eb3ev\/Conjunto-de-cinturones-de-combate-de-estilo-militar-para-hombre-cintur-n-t-ctico-de-liberaci.jpg,https:\/\/ae01.alicdn.com\/kf\/S8258142dfffb47798df8602b41956213n\/Conjunto-de-cinturones-de-combate-de-estilo-militar-para-hombre-cintur-n-t-ctico-de-liberaci.jpg,https:\/\/ae01.alicdn.com\/kf\/S9948f2eaafc6444a86cc72d7ce63a766x\/Conjunto-de-cinturones-de-combate-de-estilo-militar-para-hombre-cintur-n-t-ctico-de-liberaci.jpg,https:\/\/ae01.alicdn.com\/kf\/Sb9c37d4f46a24c3b865a05391408726a3\/Conjunto-de-cinturones-de-combate-de-estilo-militar-para-hombre-cintur-n-t-ctico-de-liberaci.jpg,https:\/\/ae01.alicdn.com\/kf\/Sfdb3eccf3739439db9ee92310e42a663H\/Conjunto-de-cinturones-de-combate-de-estilo-militar-para-hombre-cintur-n-t-ctico-de-liberaci.jpg,https:\/\/ae01.alicdn.com\/kf\/S35bd13d8ff0f42aab03efdd8ff03b404h\/Conjunto-de-cinturones-de-combate-de-estilo-militar-para-hombre-cintur-n-t-ctico-de-liberaci.jpg\" preload=\"auto\" controls=\"controls\" width=\"100%\" height=\"100%\"><\/video><\/p>\n<div>\n<div>\n<div>\n<div>\n<div>\n<div>\n<div>\n<div>\n<div>\n<div>\n<div>\n<div>\n<div>\n<div>\n<div>\n<div><span style=\"font-size: 16.0px;\">Material: lienzo<\/span> <span style=\"font-size: 16.0px;\"><br \/>\n<span style=\"color: #e74c3c;\">Ancho del cintur\u00f3n: 5cm<\/span><\/span> <span style=\"color: #e74c3c;\"><br \/>\n<span style=\"font-size: 16.0px;\">Longitud del cintur\u00f3n: 130cm<\/span><\/span><br \/>\n<span style=\"font-size: 16.0px;\">Color de la hebilla: como en la imagen<br \/>\nESTILO: moda, formal, novedad, casual, negocios<br \/>\nElija el tama\u00f1o correcto. El cintur\u00f3n se puede ajustar seg\u00fan su cintura usted mismo.<\/span><\/div>\n<\/div>\n<div>\n<div>\n<div>\n<p>&nbsp;<\/p>\n<p><img decoding=\"async\" title=\"Conjunto de cinturones de combate de estilo militar para hombre, cintur\u00f3n t\u00e1ctico de liberaci\u00f3n r\u00e1pida con gancho para bolsa, a la moda, militar, para caza al aire libre\" src=\"https:\/\/bodegaoutdoor.cl\/store\/wp-content\/uploads\/2022\/09\/61343-mkz1pt.jpg\" alt=\"Conjunto de cinturones de combate de estilo militar para hombre, cintur\u00f3n t\u00e1ctico de liberaci\u00f3n r\u00e1pida con gancho para bolsa, a la moda, militar, para caza al aire libre\" \/><br \/>\n<img decoding=\"async\" title=\"Conjunto de cinturones de combate de estilo militar para hombre, cintur\u00f3n t\u00e1ctico de liberaci\u00f3n r\u00e1pida con gancho para bolsa, a la moda, militar, para caza al aire libre\" src=\"https:\/\/bodegaoutdoor.cl\/store\/wp-content\/uploads\/2022\/09\/61343-unlcr3.jpg\" alt=\"Conjunto de cinturones de combate de estilo militar para hombre, cintur\u00f3n t\u00e1ctico de liberaci\u00f3n r\u00e1pida con gancho para bolsa, a la moda, militar, para caza al aire libre\" \/> <img decoding=\"async\" title=\"Conjunto de cinturones de combate de estilo militar para hombre, cintur\u00f3n t\u00e1ctico de liberaci\u00f3n r\u00e1pida con gancho para bolsa, a la moda, militar, para caza al aire libre\" src=\"https:\/\/bodegaoutdoor.cl\/store\/wp-content\/uploads\/2022\/09\/61343-pzhgri.jpg\" alt=\"Conjunto de cinturones de combate de estilo militar para hombre, cintur\u00f3n t\u00e1ctico de liberaci\u00f3n r\u00e1pida con gancho para bolsa, a la moda, militar, para caza al aire libre\" \/><img decoding=\"async\" title=\"Conjunto de cinturones de combate de estilo militar para hombre, cintur\u00f3n t\u00e1ctico de liberaci\u00f3n r\u00e1pida con gancho para bolsa, a la moda, militar, para caza al aire libre\" src=\"https:\/\/bodegaoutdoor.cl\/store\/wp-content\/uploads\/2022\/09\/61343-kajfif.jpg\" alt=\"Conjunto de cinturones de combate de estilo militar para hombre, cintur\u00f3n t\u00e1ctico de liberaci\u00f3n r\u00e1pida con gancho para bolsa, a la moda, militar, para caza al aire libre\" \/><img decoding=\"async\" title=\"Conjunto de cinturones de combate de estilo militar para hombre, cintur\u00f3n t\u00e1ctico de liberaci\u00f3n r\u00e1pida con gancho para bolsa, a la moda, militar, para caza al aire libre\" src=\"https:\/\/bodegaoutdoor.cl\/store\/wp-content\/uploads\/2022\/09\/61343-lvnw05.jpg\" alt=\"Conjunto de cinturones de combate de estilo militar para hombre, cintur\u00f3n t\u00e1ctico de liberaci\u00f3n r\u00e1pida con gancho para bolsa, a la moda, militar, para caza al aire libre\" \/> <img decoding=\"async\" title=\"Conjunto de cinturones de combate de estilo militar para hombre, cintur\u00f3n t\u00e1ctico de liberaci\u00f3n r\u00e1pida con gancho para bolsa, a la moda, militar, para caza al aire libre\" src=\"https:\/\/bodegaoutdoor.cl\/store\/wp-content\/uploads\/2022\/09\/61343-tqoe9n.jpg\" alt=\"Conjunto de cinturones de combate de estilo militar para hombre, cintur\u00f3n t\u00e1ctico de liberaci\u00f3n r\u00e1pida con gancho para bolsa, a la moda, militar, para caza al aire libre\" \/><img decoding=\"async\" title=\"Conjunto de cinturones de combate de estilo militar para hombre, cintur\u00f3n t\u00e1ctico de liberaci\u00f3n r\u00e1pida con gancho para bolsa, a la moda, militar, para caza al aire libre\" src=\"https:\/\/bodegaoutdoor.cl\/store\/wp-content\/uploads\/2022\/09\/61343-jaov9c.jpg\" alt=\"Conjunto de cinturones de combate de estilo militar para hombre, cintur\u00f3n t\u00e1ctico de liberaci\u00f3n r\u00e1pida con gancho para bolsa, a la moda, militar, para caza al aire libre\" \/><img decoding=\"async\" title=\"Conjunto de cinturones de combate de estilo militar para hombre, cintur\u00f3n t\u00e1ctico de liberaci\u00f3n r\u00e1pida con gancho para bolsa, a la moda, militar, para caza al aire libre\" src=\"https:\/\/bodegaoutdoor.cl\/store\/wp-content\/uploads\/2022\/09\/61343-57tbjd.jpg\" alt=\"Conjunto de cinturones de combate de estilo militar para hombre, cintur\u00f3n t\u00e1ctico de liberaci\u00f3n r\u00e1pida con gancho para bolsa, a la moda, militar, para caza al aire libre\" \/><img decoding=\"async\" title=\"Conjunto de cinturones de combate de estilo militar para hombre, cintur\u00f3n t\u00e1ctico de liberaci\u00f3n r\u00e1pida con gancho para bolsa, a la moda, militar, para caza al aire libre\" src=\"https:\/\/bodegaoutdoor.cl\/store\/wp-content\/uploads\/2022\/09\/61343-tcjo15.jpg\" alt=\"Conjunto de cinturones de combate de estilo militar para hombre, cintur\u00f3n t\u00e1ctico de liberaci\u00f3n r\u00e1pida con gancho para bolsa, a la moda, militar, para caza al aire libre\" \/><br \/>\n<img decoding=\"async\" title=\"Conjunto de cinturones de combate de estilo militar para hombre, cintur\u00f3n t\u00e1ctico de liberaci\u00f3n r\u00e1pida con gancho para bolsa, a la moda, militar, para caza al aire libre\" src=\"https:\/\/bodegaoutdoor.cl\/store\/wp-content\/uploads\/2022\/09\/61343-8nvxs4.jpg\" alt=\"Conjunto de cinturones de combate de estilo militar para hombre, cintur\u00f3n t\u00e1ctico de liberaci\u00f3n r\u00e1pida con gancho para bolsa, a la moda, militar, para caza al aire libre\" \/><\/p>\n<\/div>\n<\/div>\n<\/div>\n<div><\/div>\n<div><\/div>\n<\/div>\n<\/div>\n<div>\n<div><\/div>\n<\/div>\n<\/div>\n<\/div>\n<\/div>\n<\/div>\n<\/div>\n<\/div>\n<\/div>\n<\/div>\n<\/div>\n<\/div>\n<\/div>\n<\/div>\n\n    <div class=\"xs_social_share_widget xs_share_url after_content \t\tmain_content  wslu-style-1 wslu-share-box-shaped wslu-fill-colored wslu-none wslu-share-horizontal wslu-theme-font-no wslu-main_content\">\n\n\t\t\n        <ul>\n\t\t\t        <\/ul>\n    <\/div> \n","protected":false},"excerpt":{"rendered":"<p>Material: lienzo Ancho del cintur\u00f3n: 5cm Longitud del cintur\u00f3n: 130cm Color de la hebilla: como en la imagen ESTILO: moda, formal, novedad, casual, negocios Elija el tama\u00f1o correcto. El cintur\u00f3n se puede ajustar seg\u00fan su cintura usted mismo. &nbsp;<\/p>\n","protected":false},"featured_media":61368,"comment_status":"open","ping_status":"closed","template":"","meta":{"jetpack_publicize_message":"","jetpack_publicize_feature_enabled":true,"jetpack_social_post_already_shared":true,"jetpack_social_options":{"image_generator_settings":{"template":"highway","enabled":false},"version":2}},"product_brand":[],"product_cat":[15,489,488],"product_tag":[],"class_list":{"0":"post-61343","1":"product","2":"type-product","3":"status-publish","4":"has-post-thumbnail","6":"product_cat-otros","7":"product_cat-cinturones","8":"product_cat-kits","10":"first","11":"instock","12":"taxable","13":"shipping-taxable","14":"purchasable","15":"product-type-variable"},"jetpack_publicize_connections":[],"jetpack_sharing_enabled":true,"_links":{"self":[{"href":"https:\/\/bodegaoutdoor.cl\/store\/wp-json\/wp\/v2\/product\/61343","targetHints":{"allow":["GET"]}}],"collection":[{"href":"https:\/\/bodegaoutdoor.cl\/store\/wp-json\/wp\/v2\/product"}],"about":[{"href":"https:\/\/bodegaoutdoor.cl\/store\/wp-json\/wp\/v2\/types\/product"}],"replies":[{"embeddable":true,"href":"https:\/\/bodegaoutdoor.cl\/store\/wp-json\/wp\/v2\/comments?post=61343"}],"version-history":[{"count":13,"href":"https:\/\/bodegaoutdoor.cl\/store\/wp-json\/wp\/v2\/product\/61343\/revisions"}],"predecessor-version":[{"id":61419,"href":"https:\/\/bodegaoutdoor.cl\/store\/wp-json\/wp\/v2\/product\/61343\/revisions\/61419"}],"wp:featuredmedia":[{"embeddable":true,"href":"https:\/\/bodegaoutdoor.cl\/store\/wp-json\/wp\/v2\/media\/61368"}],"wp:attachment":[{"href":"https:\/\/bodegaoutdoor.cl\/store\/wp-json\/wp\/v2\/media?parent=61343"}],"wp:term":[{"taxonomy":"product_brand","embeddable":true,"href":"https:\/\/bodegaoutdoor.cl\/store\/wp-json\/wp\/v2\/product_brand?post=61343"},{"taxonomy":"product_cat","embeddable":true,"href":"https:\/\/bodegaoutdoor.cl\/store\/wp-json\/wp\/v2\/product_cat?post=61343"},{"taxonomy":"product_tag","embeddable":true,"href":"https:\/\/bodegaoutdoor.cl\/store\/wp-json\/wp\/v2\/product_tag?post=61343"}],"curies":[{"name":"wp","href":"https:\/\/api.w.org\/{rel}","templated":true}]}}