{"id":61421,"date":"2022-09-15T00:23:13","date_gmt":"2022-09-15T03:23:13","guid":{"rendered":"https:\/\/bodegaoutdoor.cl\/store\/product\/bolsa-tactica-molle-de-nailon-para-botella-de-agua-de-acampada-al-aire-libre-funda-para-cantimplora-bolsas-de-viaje-soporte-para-botella-de-agua-de-escalada\/"},"modified":"2023-05-04T19:18:41","modified_gmt":"2023-05-04T23:18:41","slug":"bolsa-tactica-molle-de-nailon-para-botella-de-agua-de-acampada-al-aire-libre-funda-para-cantimplora-bolsas-de-viaje-soporte-para-botella-de-agua-de-escalada","status":"publish","type":"product","link":"https:\/\/bodegaoutdoor.cl\/store\/product\/bolsa-tactica-molle-de-nailon-para-botella-de-agua-de-acampada-al-aire-libre-funda-para-cantimplora-bolsas-de-viaje-soporte-para-botella-de-agua-de-escalada\/","title":{"rendered":"Bolso t\u00e1ctica Molle para botella de agua, funda para cantimplora, para botella de agua"},"content":{"rendered":"<p style=\"text-align: center;\"><video style=\"max-width: 100%;\" src=\"\/\/cloud.video.taobao.com\/play\/u\/2049051692\/p\/1\/e\/6\/t\/10301\/1100015431131.mp4\" poster=\"https:\/\/ae01.alicdn.com\/kf\/H9587c15058d1462db01235f03bfdd9cab\/Bolsa-t-ctica-Molle-de-nailon-para-botella-de-agua-de-acampada-al-aire-libre-funda.jpg,https:\/\/ae01.alicdn.com\/kf\/H37f440c6bf184805a3a346d6380369acY\/Bolsa-t-ctica-Molle-de-nailon-para-botella-de-agua-de-acampada-al-aire-libre-funda.jpg,https:\/\/ae01.alicdn.com\/kf\/H9465696ddbe64347a48f36089b09a7fdE\/Bolsa-t-ctica-Molle-de-nailon-para-botella-de-agua-de-acampada-al-aire-libre-funda.jpg,https:\/\/ae01.alicdn.com\/kf\/H1466e983be3843ba8d9d7a2aabbb2da0l\/Bolsa-t-ctica-Molle-de-nailon-para-botella-de-agua-de-acampada-al-aire-libre-funda.jpg,https:\/\/ae01.alicdn.com\/kf\/Hec13ff8a64f14fa79f72220b4ac5d9den\/Bolsa-t-ctica-Molle-de-nailon-para-botella-de-agua-de-acampada-al-aire-libre-funda.jpg,https:\/\/ae01.alicdn.com\/kf\/Haf93aad745d24a9ab95a85c2ebce6485p\/Bolsa-t-ctica-Molle-de-nailon-para-botella-de-agua-de-acampada-al-aire-libre-funda.jpg\" preload=\"auto\" controls=\"controls\" width=\"100%\" height=\"100%\"><\/video><\/p>\n<div>\n<div>\n<div>\n<div>\n<div>\n<div>\n<p>Material: Material de Nylon<br \/>\nTama\u00f1o: el di\u00e1metro se puede ajustar 6-10cm, la altura se puede ajustar 17-22cm<br \/>\nPeso: 0,15 kg<br \/>\nColor: negro, marr\u00f3n, gris, verde, CP, Escorpi\u00f3n Negro<br \/>\nCapacidad: puede contener 300ml-850ml hervidor o bebidas<br \/>\nProp\u00f3sito: Se puede cargar en una bolsa grande o colocar en un cintur\u00f3n para su uso<br \/>\nAdecuado para: ir de compras para trabajo, deportes y fitness, viajes al aire libre, ciclismo de monta\u00f1a, es una buena opci\u00f3n para ti, tanto hombres como mujeres, j\u00f3venes y mayores<br \/>\nLista de embalaje: bolsa para hervidor * 1 (botella no incluida)<\/p>\n<p>Caracter\u00edsticas:<br \/>\n1: Hecho de nailon de alta calidad, resistente al agua y al desgaste. Es una herramienta esencial para actividades al aire libre.<br \/>\n2: La artesan\u00eda de esta bolsa de botella de agua es exquisita y la costura es duradera, lo que aumenta la vida \u00fatil de la bolsa.<br \/>\n3: La bolsa para botella de agua es adecuada para varias botellas de agua con una capacidad de 0,3l a 0,85 L (la correa se puede ajustar).<br \/>\n4: Sistema Molle: La bolsa t\u00e1ctica para botellas de agua es f\u00e1cil de conectar con otros equipos de molinos, f\u00e1cil de fortalecer, para evitar que se tire hacia abajo o se gire debido a la gravedad al caminar o correr.<br \/>\n5: esta botella es ligera y port\u00e1til, es una necesidad para ti ir de excursi\u00f3n, camping y senderismo. Puedes llevarlo a mano, colgarlo en el cintur\u00f3n, colgarlo en la mochila, la bicicleta, el coche, etc.<\/p>\n<p>&nbsp;<\/p>\n<p>&nbsp;<\/p>\n<p><img decoding=\"async\" title=\"Bolsa t\u00e1ctica Molle de nailon para botella de agua de acampada al aire libre, funda para cantimplora, bolsas de viaje, soporte para botella de agua de escalada\" src=\"https:\/\/bodegaoutdoor.cl\/store\/wp-content\/uploads\/2022\/09\/61421-9ez6em.jpg\" alt=\"Bolsa t\u00e1ctica Molle de nailon para botella de agua de acampada al aire libre, funda para cantimplora, bolsas de viaje, soporte para botella de agua de escalada\" \/><img decoding=\"async\" title=\"Bolsa t\u00e1ctica Molle de nailon para botella de agua de acampada al aire libre, funda para cantimplora, bolsas de viaje, soporte para botella de agua de escalada\" src=\"https:\/\/bodegaoutdoor.cl\/store\/wp-content\/uploads\/2022\/09\/61421-ouwabo.jpg\" alt=\"Bolsa t\u00e1ctica Molle de nailon para botella de agua de acampada al aire libre, funda para cantimplora, bolsas de viaje, soporte para botella de agua de escalada\" \/><img decoding=\"async\" title=\"Bolsa t\u00e1ctica Molle de nailon para botella de agua de acampada al aire libre, funda para cantimplora, bolsas de viaje, soporte para botella de agua de escalada\" src=\"https:\/\/bodegaoutdoor.cl\/store\/wp-content\/uploads\/2022\/09\/61421-hnzrlh.jpg\" alt=\"Bolsa t\u00e1ctica Molle de nailon para botella de agua de acampada al aire libre, funda para cantimplora, bolsas de viaje, soporte para botella de agua de escalada\" \/><img decoding=\"async\" title=\"Bolsa t\u00e1ctica Molle de nailon para botella de agua de acampada al aire libre, funda para cantimplora, bolsas de viaje, soporte para botella de agua de escalada\" src=\"https:\/\/bodegaoutdoor.cl\/store\/wp-content\/uploads\/2022\/09\/61421-5eqqfc.jpg\" alt=\"Bolsa t\u00e1ctica Molle de nailon para botella de agua de acampada al aire libre, funda para cantimplora, bolsas de viaje, soporte para botella de agua de escalada\" \/><img decoding=\"async\" title=\"Bolsa t\u00e1ctica Molle de nailon para botella de agua de acampada al aire libre, funda para cantimplora, bolsas de viaje, soporte para botella de agua de escalada\" src=\"https:\/\/bodegaoutdoor.cl\/store\/wp-content\/uploads\/2022\/09\/61421-s1fz7p.jpg\" alt=\"Bolsa t\u00e1ctica Molle de nailon para botella de agua de acampada al aire libre, funda para cantimplora, bolsas de viaje, soporte para botella de agua de escalada\" \/><img decoding=\"async\" title=\"Bolsa t\u00e1ctica Molle de nailon para botella de agua de acampada al aire libre, funda para cantimplora, bolsas de viaje, soporte para botella de agua de escalada\" src=\"https:\/\/bodegaoutdoor.cl\/store\/wp-content\/uploads\/2022\/09\/61421-y14c5b.jpg\" alt=\"Bolsa t\u00e1ctica Molle de nailon para botella de agua de acampada al aire libre, funda para cantimplora, bolsas de viaje, soporte para botella de agua de escalada\" \/><\/p>\n<\/div>\n<\/div>\n<div><\/div>\n<\/div>\n<\/div>\n<p>&nbsp;<\/p>\n<\/div>\n<\/div>\n\n    <div class=\"xs_social_share_widget xs_share_url after_content \t\tmain_content  wslu-style-1 wslu-share-box-shaped wslu-fill-colored wslu-none wslu-share-horizontal wslu-theme-font-no wslu-main_content\">\n\n\t\t\n        <ul>\n\t\t\t        <\/ul>\n    <\/div> \n","protected":false},"excerpt":{"rendered":"<p>Material: Material de Nylon Tama\u00f1o: el di\u00e1metro se puede ajustar 6-10cm, la altura se puede ajustar 17-22cm Peso: 0,15 kg Color: negro, marr\u00f3n, gris, verde, CP, Escorpi\u00f3n Negro Capacidad: puede contener 300ml-850ml hervidor o bebidas Prop\u00f3sito: Se puede cargar en una bolsa grande o colocar en un cintur\u00f3n para su uso Adecuado para: ir de [&hellip;]<\/p>\n","protected":false},"featured_media":61434,"comment_status":"open","ping_status":"closed","template":"","meta":{"jetpack_publicize_message":"","jetpack_publicize_feature_enabled":true,"jetpack_social_post_already_shared":true,"jetpack_social_options":{"image_generator_settings":{"template":"highway","enabled":false},"version":2}},"product_brand":[],"product_cat":[274,195],"product_tag":[],"class_list":{"0":"post-61421","1":"product","2":"type-product","3":"status-publish","4":"has-post-thumbnail","6":"product_cat-bananos-otros","7":"product_cat-mochilas","9":"first","10":"instock","11":"taxable","12":"shipping-taxable","13":"purchasable","14":"product-type-variable"},"jetpack_publicize_connections":[],"jetpack_sharing_enabled":true,"_links":{"self":[{"href":"https:\/\/bodegaoutdoor.cl\/store\/wp-json\/wp\/v2\/product\/61421","targetHints":{"allow":["GET"]}}],"collection":[{"href":"https:\/\/bodegaoutdoor.cl\/store\/wp-json\/wp\/v2\/product"}],"about":[{"href":"https:\/\/bodegaoutdoor.cl\/store\/wp-json\/wp\/v2\/types\/product"}],"replies":[{"embeddable":true,"href":"https:\/\/bodegaoutdoor.cl\/store\/wp-json\/wp\/v2\/comments?post=61421"}],"version-history":[{"count":10,"href":"https:\/\/bodegaoutdoor.cl\/store\/wp-json\/wp\/v2\/product\/61421\/revisions"}],"predecessor-version":[{"id":62172,"href":"https:\/\/bodegaoutdoor.cl\/store\/wp-json\/wp\/v2\/product\/61421\/revisions\/62172"}],"wp:featuredmedia":[{"embeddable":true,"href":"https:\/\/bodegaoutdoor.cl\/store\/wp-json\/wp\/v2\/media\/61434"}],"wp:attachment":[{"href":"https:\/\/bodegaoutdoor.cl\/store\/wp-json\/wp\/v2\/media?parent=61421"}],"wp:term":[{"taxonomy":"product_brand","embeddable":true,"href":"https:\/\/bodegaoutdoor.cl\/store\/wp-json\/wp\/v2\/product_brand?post=61421"},{"taxonomy":"product_cat","embeddable":true,"href":"https:\/\/bodegaoutdoor.cl\/store\/wp-json\/wp\/v2\/product_cat?post=61421"},{"taxonomy":"product_tag","embeddable":true,"href":"https:\/\/bodegaoutdoor.cl\/store\/wp-json\/wp\/v2\/product_tag?post=61421"}],"curies":[{"name":"wp","href":"https:\/\/api.w.org\/{rel}","templated":true}]}}