{"id":61465,"date":"2022-09-15T00:24:11","date_gmt":"2022-09-15T03:24:11","guid":{"rendered":"https:\/\/bodegaoutdoor.cl\/store\/product\/chaleco-tactico-de-airsoft-conjunto-de-traje-de-armadura-militar-ajustable-equipo-de-proteccion-para-el-pecho-de-caza-tiro-de-paintball-cs-chaleco-de-juego-de-guerra\/"},"modified":"2023-05-04T19:18:41","modified_gmt":"2023-05-04T23:18:41","slug":"chaleco-tactico-de-airsoft-conjunto-de-traje-de-armadura-militar-ajustable-equipo-de-proteccion-para-el-pecho-de-caza-tiro-de-paintball-cs-chaleco-de-juego-de-guerra","status":"publish","type":"product","link":"https:\/\/bodegaoutdoor.cl\/store\/product\/chaleco-tactico-de-airsoft-conjunto-de-traje-de-armadura-militar-ajustable-equipo-de-proteccion-para-el-pecho-de-caza-tiro-de-paintball-cs-chaleco-de-juego-de-guerra\/","title":{"rendered":"Kit t\u00e1ctico de Airsoft, conjunto militar ajustable, equipo de protecci\u00f3n caza, tiro de Paintball ,Airsoft , entrenamiento"},"content":{"rendered":"<div>\n<div>\n<p><span style=\"font-size: 20px;\"><strong>Chaleco t\u00e1ctico Airsoft, conjunto de traje de armadura, equipo de protecci\u00f3n de pecho de caza militar ajustable, chaleco CS de tiro con Paintball<\/strong><\/span><\/p>\n<p>&nbsp;<\/p>\n<p><strong>Especificaci\u00f3n<\/strong><br \/>\nNombre: conjunto de armadura t\u00e1ctica<br \/>\nColor: negro, marr\u00f3n, verde, gris, multicam<br \/>\nTama\u00f1o: adecuado para una altura de 165-190cm<br \/>\nMaterial:PC<br \/>\nPeso neto: alrededor de 2,5 kg<br \/>\nAdecuado para escenarios: diversas actividades al aire libre e interiores<br \/>\nPosici\u00f3n protectora: protector de pecho, protector de hombro, protector de codo, protector de marchas, protector trasero<\/p>\n<p><strong>Caracter\u00edstica:<\/strong><br \/>\n1. Hebilla r\u00e1pida, desmontaje r\u00e1pido<br \/>\n2. Extra\u00edble para limpiar<br \/>\n3. material de PC, protecci\u00f3n y a prueba de explosiones<br \/>\n<strong><br \/>\n<\/strong><strong>Embalaje:<\/strong><br \/>\nArmadura traje * 1<strong>\u00a0<\/strong><strong>(Nota: casco no incluido)<\/strong><\/p>\n<p><img decoding=\"async\" title=\"Chaleco t\u00e1ctico de Airsoft, conjunto de traje de armadura militar ajustable, equipo de protecci\u00f3n para el pecho de caza, tiro de Paintball CS, chaleco de juego de guerra\" src=\"https:\/\/bodegaoutdoor.cl\/store\/wp-content\/uploads\/2022\/09\/61465-qxlu2g-scaled.jpg\" alt=\"Chaleco t\u00e1ctico de Airsoft, conjunto de traje de armadura militar ajustable, equipo de protecci\u00f3n para el pecho de caza, tiro de Paintball CS, chaleco de juego de guerra\" \/><img decoding=\"async\" title=\"Chaleco t\u00e1ctico de Airsoft, conjunto de traje de armadura militar ajustable, equipo de protecci\u00f3n para el pecho de caza, tiro de Paintball CS, chaleco de juego de guerra\" src=\"https:\/\/bodegaoutdoor.cl\/store\/wp-content\/uploads\/2022\/09\/61465-n4nt4j-scaled.jpg\" alt=\"Chaleco t\u00e1ctico de Airsoft, conjunto de traje de armadura militar ajustable, equipo de protecci\u00f3n para el pecho de caza, tiro de Paintball CS, chaleco de juego de guerra\" \/><\/p>\n<p><img decoding=\"async\" title=\"Chaleco t\u00e1ctico de Airsoft, conjunto de traje de armadura militar ajustable, equipo de protecci\u00f3n para el pecho de caza, tiro de Paintball CS, chaleco de juego de guerra\" src=\"https:\/\/bodegaoutdoor.cl\/store\/wp-content\/uploads\/2022\/09\/61465-eflekq.jpg\" alt=\"Chaleco t\u00e1ctico de Airsoft, conjunto de traje de armadura militar ajustable, equipo de protecci\u00f3n para el pecho de caza, tiro de Paintball CS, chaleco de juego de guerra\" \/><img decoding=\"async\" title=\"Chaleco t\u00e1ctico de Airsoft, conjunto de traje de armadura militar ajustable, equipo de protecci\u00f3n para el pecho de caza, tiro de Paintball CS, chaleco de juego de guerra\" src=\"https:\/\/bodegaoutdoor.cl\/store\/wp-content\/uploads\/2022\/09\/61465-za5eck.jpg\" alt=\"Chaleco t\u00e1ctico de Airsoft, conjunto de traje de armadura militar ajustable, equipo de protecci\u00f3n para el pecho de caza, tiro de Paintball CS, chaleco de juego de guerra\" \/><img decoding=\"async\" title=\"Chaleco t\u00e1ctico de Airsoft, conjunto de traje de armadura militar ajustable, equipo de protecci\u00f3n para el pecho de caza, tiro de Paintball CS, chaleco de juego de guerra\" src=\"https:\/\/bodegaoutdoor.cl\/store\/wp-content\/uploads\/2022\/09\/61465-kadidb.jpg\" alt=\"Chaleco t\u00e1ctico de Airsoft, conjunto de traje de armadura militar ajustable, equipo de protecci\u00f3n para el pecho de caza, tiro de Paintball CS, chaleco de juego de guerra\" \/><img decoding=\"async\" title=\"Chaleco t\u00e1ctico de Airsoft, conjunto de traje de armadura militar ajustable, equipo de protecci\u00f3n para el pecho de caza, tiro de Paintball CS, chaleco de juego de guerra\" src=\"https:\/\/bodegaoutdoor.cl\/store\/wp-content\/uploads\/2022\/09\/61465-gljuwn.jpg\" alt=\"Chaleco t\u00e1ctico de Airsoft, conjunto de traje de armadura militar ajustable, equipo de protecci\u00f3n para el pecho de caza, tiro de Paintball CS, chaleco de juego de guerra\" \/><\/p>\n<p>&nbsp;<\/p>\n<\/div>\n<\/div>\n\n    <div class=\"xs_social_share_widget xs_share_url after_content \t\tmain_content  wslu-style-1 wslu-share-box-shaped wslu-fill-colored wslu-none wslu-share-horizontal wslu-theme-font-no wslu-main_content\">\n\n\t\t\n        <ul>\n\t\t\t        <\/ul>\n    <\/div> \n","protected":false},"excerpt":{"rendered":"<p>Chaleco t\u00e1ctico Airsoft, conjunto de traje de armadura, equipo de protecci\u00f3n de pecho de caza militar ajustable, chaleco CS de tiro con Paintball &nbsp; Especificaci\u00f3n Nombre: conjunto de armadura t\u00e1ctica Color: negro, marr\u00f3n, verde, gris, multicam Tama\u00f1o: adecuado para una altura de 165-190cm Material:PC Peso neto: alrededor de 2,5 kg Adecuado para escenarios: diversas actividades [&hellip;]<\/p>\n","protected":false},"featured_media":61544,"comment_status":"open","ping_status":"closed","template":"","meta":{"jetpack_publicize_message":"","jetpack_publicize_feature_enabled":true,"jetpack_social_post_already_shared":true,"jetpack_social_options":{"image_generator_settings":{"template":"highway","enabled":false},"version":2}},"product_brand":[],"product_cat":[487],"product_tag":[847,1591,2864],"class_list":{"0":"post-61465","1":"product","2":"type-product","3":"status-publish","4":"has-post-thumbnail","6":"product_cat-airsoft","7":"product_tag-airsoft","8":"product_tag-kit","9":"product_tag-protecciones","11":"first","12":"instock","13":"taxable","14":"shipping-taxable","15":"purchasable","16":"product-type-variable"},"jetpack_publicize_connections":[],"jetpack_sharing_enabled":true,"_links":{"self":[{"href":"https:\/\/bodegaoutdoor.cl\/store\/wp-json\/wp\/v2\/product\/61465","targetHints":{"allow":["GET"]}}],"collection":[{"href":"https:\/\/bodegaoutdoor.cl\/store\/wp-json\/wp\/v2\/product"}],"about":[{"href":"https:\/\/bodegaoutdoor.cl\/store\/wp-json\/wp\/v2\/types\/product"}],"replies":[{"embeddable":true,"href":"https:\/\/bodegaoutdoor.cl\/store\/wp-json\/wp\/v2\/comments?post=61465"}],"version-history":[{"count":10,"href":"https:\/\/bodegaoutdoor.cl\/store\/wp-json\/wp\/v2\/product\/61465\/revisions"}],"predecessor-version":[{"id":62174,"href":"https:\/\/bodegaoutdoor.cl\/store\/wp-json\/wp\/v2\/product\/61465\/revisions\/62174"}],"wp:featuredmedia":[{"embeddable":true,"href":"https:\/\/bodegaoutdoor.cl\/store\/wp-json\/wp\/v2\/media\/61544"}],"wp:attachment":[{"href":"https:\/\/bodegaoutdoor.cl\/store\/wp-json\/wp\/v2\/media?parent=61465"}],"wp:term":[{"taxonomy":"product_brand","embeddable":true,"href":"https:\/\/bodegaoutdoor.cl\/store\/wp-json\/wp\/v2\/product_brand?post=61465"},{"taxonomy":"product_cat","embeddable":true,"href":"https:\/\/bodegaoutdoor.cl\/store\/wp-json\/wp\/v2\/product_cat?post=61465"},{"taxonomy":"product_tag","embeddable":true,"href":"https:\/\/bodegaoutdoor.cl\/store\/wp-json\/wp\/v2\/product_tag?post=61465"}],"curies":[{"name":"wp","href":"https:\/\/api.w.org\/{rel}","templated":true}]}}