{"id":61478,"date":"2022-09-15T00:24:37","date_gmt":"2022-09-15T03:24:37","guid":{"rendered":"https:\/\/bodegaoutdoor.cl\/store\/product\/chaleco-protector-de-caza-del-ejercito-hebilla-de-liberacion-rapida-airsoft-chalecos-de-armadura-de-combate-tactico-molle-chaleco-de-juego-de-guerra-del-ejercito-militar\/"},"modified":"2023-05-04T19:18:41","modified_gmt":"2023-05-04T23:18:41","slug":"chaleco-protector-de-caza-del-ejercito-hebilla-de-liberacion-rapida-airsoft-chalecos-de-armadura-de-combate-tactico-molle-chaleco-de-juego-de-guerra-del-ejercito-militar","status":"publish","type":"product","link":"https:\/\/bodegaoutdoor.cl\/store\/product\/chaleco-protector-de-caza-del-ejercito-hebilla-de-liberacion-rapida-airsoft-chalecos-de-armadura-de-combate-tactico-molle-chaleco-de-juego-de-guerra-del-ejercito-militar\/","title":{"rendered":"Chaleco protector con hebilla de liberaci\u00f3n r\u00e1pida Airsoft, chalecos de combate t\u00e1ctico Molle, Airsoft, Entrenamiento"},"content":{"rendered":"<p><span style=\"font-family: Verdana,Geneva,sans-serif;\"><strong><span style=\"font-size: 20px;\">Chaleco protector de caza del ej\u00e9rcito hebilla de liberaci\u00f3n r\u00e1pida Airsoft chalecos de armadura de combate t\u00e1ctico Molle Chaleco de Guerra del Ej\u00e9rcito de combate militar<\/span><\/strong><\/span><\/p>\n<p><span style=\"font-family: Verdana,Geneva,sans-serif;\"><span style=\"font-size: 18px;\"><b><span style=\"font-weight: bold;\">Especificaciones del producto:<\/span><\/b><\/span><\/span><\/p>\n<p><span style=\"font-family: Verdana,Geneva,sans-serif;\"><span style=\"font-size: 18px;\">\u25cfName: chaleco t\u00e1ctico<\/span><\/span><\/p>\n<p><span style=\"font-family: Verdana,Geneva,sans-serif;\"><span style=\"font-size: 18px;\">\u25cf Material: ABS + nailon<\/span><\/span><\/p>\n<p><span style=\"font-family: Verdana,Geneva,sans-serif;\"><span style=\"font-size: 18px;\">\u25cf Colores: negro, tostado, gris, multicam<\/span><\/span><\/p>\n<p><span style=\"font-family: Verdana,Geneva,sans-serif;\"><span style=\"font-size: 18px;\">\u25cf Peso: aproximadamente 1,98 kg<\/span><\/span><\/p>\n<p><span style=\"font-family: Verdana,Geneva,sans-serif;\"><span style=\"font-size: 18px;\">\u25cf Aplicable: caza al aire libre, tiro, deportes t\u00e1cticos militares airsoft.<\/span><\/span><\/p>\n<p>&nbsp;<\/p>\n<p><span style=\"font-family: Verdana,Geneva,sans-serif;\"><span style=\"font-size: 18px;\"><b><span style=\"font-weight: bold;\"><br \/>\nChaleco caracter\u00edsticas:<\/span><\/b><\/span><\/span><\/p>\n<p><span style=\"font-family: Verdana,Geneva,sans-serif;\"><span style=\"font-size: 18px;\">\u25cf Hecho de ABS de alta calidad y material de nailon, resistente y duradero, se puede usar durante mucho tiempo.<\/span><\/span><\/p>\n<p><span style=\"font-family: Verdana,Geneva,sans-serif;\"><span style=\"font-size: 18px;\">\u25cf Las hebillas de metal de liberaci\u00f3n r\u00e1pida en ambos lados del hombro y la cintura hacen que sea f\u00e1cil de poner y quitar.<\/span><\/span><\/p>\n<p><span style=\"font-family: Verdana,Geneva,sans-serif;\"><span style=\"font-size: 18px;\">\u25cf Parte trasera de la cintura del dise\u00f1o con placa de soporte, rodamiento de peso completo y puede llevar bolsas de accesorios.<\/span><\/span><\/p>\n<p><span style=\"font-family: Verdana,Geneva,sans-serif;\"><span style=\"font-size: 18px;\">\u25cf Dise\u00f1o con sistema molle en ambos lados, puede colgar otras bolsas de accesorios. La parte posterior con mango de rescate de emergencia.<\/span><\/span><\/p>\n<p>&nbsp;<\/p>\n<p><span style=\"font-family: Verdana,Geneva,sans-serif;\"><span style=\"font-size: 18px;\"><b><span style=\"font-weight: bold;\"><br \/>\nContenido del paquete:<\/span><\/b>1 * chaleco t\u00e1ctico<\/span><\/span><\/p>\n<p>&nbsp;<\/p>\n<p style=\"text-align: left; margin: 0;\"><img decoding=\"async\" style=\"width: 800px;\" title=\"Chaleco protector de caza del ej\u00e9rcito, hebilla de liberaci\u00f3n r\u00e1pida Airsoft, chalecos de armadura de combate t\u00e1ctico Molle, chaleco de juego de guerra del ej\u00e9rcito militar\" src=\"https:\/\/bodegaoutdoor.cl\/store\/wp-content\/uploads\/2022\/09\/61478-laaxne.jpg\" alt=\"Chaleco protector de caza del ej\u00e9rcito, hebilla de liberaci\u00f3n r\u00e1pida Airsoft, chalecos de armadura de combate t\u00e1ctico Molle, chaleco de juego de guerra del ej\u00e9rcito militar\" \/><img decoding=\"async\" style=\"width: 800px;\" title=\"Chaleco protector de caza del ej\u00e9rcito, hebilla de liberaci\u00f3n r\u00e1pida Airsoft, chalecos de armadura de combate t\u00e1ctico Molle, chaleco de juego de guerra del ej\u00e9rcito militar\" src=\"https:\/\/bodegaoutdoor.cl\/store\/wp-content\/uploads\/2022\/09\/61478-r1wyso.jpg\" alt=\"Chaleco protector de caza del ej\u00e9rcito, hebilla de liberaci\u00f3n r\u00e1pida Airsoft, chalecos de armadura de combate t\u00e1ctico Molle, chaleco de juego de guerra del ej\u00e9rcito militar\" \/><img decoding=\"async\" style=\"width: 800px;\" title=\"Chaleco protector de caza del ej\u00e9rcito, hebilla de liberaci\u00f3n r\u00e1pida Airsoft, chalecos de armadura de combate t\u00e1ctico Molle, chaleco de juego de guerra del ej\u00e9rcito militar\" src=\"https:\/\/bodegaoutdoor.cl\/store\/wp-content\/uploads\/2022\/09\/61478-854snq.jpg\" alt=\"Chaleco protector de caza del ej\u00e9rcito, hebilla de liberaci\u00f3n r\u00e1pida Airsoft, chalecos de armadura de combate t\u00e1ctico Molle, chaleco de juego de guerra del ej\u00e9rcito militar\" \/><img decoding=\"async\" style=\"width: 800px;\" title=\"Chaleco protector de caza del ej\u00e9rcito, hebilla de liberaci\u00f3n r\u00e1pida Airsoft, chalecos de armadura de combate t\u00e1ctico Molle, chaleco de juego de guerra del ej\u00e9rcito militar\" src=\"https:\/\/bodegaoutdoor.cl\/store\/wp-content\/uploads\/2022\/09\/61478-orugst.jpg\" alt=\"Chaleco protector de caza del ej\u00e9rcito, hebilla de liberaci\u00f3n r\u00e1pida Airsoft, chalecos de armadura de combate t\u00e1ctico Molle, chaleco de juego de guerra del ej\u00e9rcito militar\" \/><img decoding=\"async\" style=\"width: 800px;\" title=\"Chaleco protector de caza del ej\u00e9rcito, hebilla de liberaci\u00f3n r\u00e1pida Airsoft, chalecos de armadura de combate t\u00e1ctico Molle, chaleco de juego de guerra del ej\u00e9rcito militar\" src=\"https:\/\/bodegaoutdoor.cl\/store\/wp-content\/uploads\/2022\/09\/61478-zqem7z.jpg\" alt=\"Chaleco protector de caza del ej\u00e9rcito, hebilla de liberaci\u00f3n r\u00e1pida Airsoft, chalecos de armadura de combate t\u00e1ctico Molle, chaleco de juego de guerra del ej\u00e9rcito militar\" \/><img decoding=\"async\" style=\"width: 800px;\" title=\"Chaleco protector de caza del ej\u00e9rcito, hebilla de liberaci\u00f3n r\u00e1pida Airsoft, chalecos de armadura de combate t\u00e1ctico Molle, chaleco de juego de guerra del ej\u00e9rcito militar\" src=\"https:\/\/bodegaoutdoor.cl\/store\/wp-content\/uploads\/2022\/09\/61478-ckq5gc.jpg\" alt=\"Chaleco protector de caza del ej\u00e9rcito, hebilla de liberaci\u00f3n r\u00e1pida Airsoft, chalecos de armadura de combate t\u00e1ctico Molle, chaleco de juego de guerra del ej\u00e9rcito militar\" \/><img decoding=\"async\" style=\"width: 800px;\" title=\"Chaleco protector de caza del ej\u00e9rcito, hebilla de liberaci\u00f3n r\u00e1pida Airsoft, chalecos de armadura de combate t\u00e1ctico Molle, chaleco de juego de guerra del ej\u00e9rcito militar\" src=\"https:\/\/bodegaoutdoor.cl\/store\/wp-content\/uploads\/2022\/09\/61478-t8wnub.jpg\" alt=\"Chaleco protector de caza del ej\u00e9rcito, hebilla de liberaci\u00f3n r\u00e1pida Airsoft, chalecos de armadura de combate t\u00e1ctico Molle, chaleco de juego de guerra del ej\u00e9rcito militar\" \/><img decoding=\"async\" style=\"width: 800px;\" title=\"Chaleco protector de caza del ej\u00e9rcito, hebilla de liberaci\u00f3n r\u00e1pida Airsoft, chalecos de armadura de combate t\u00e1ctico Molle, chaleco de juego de guerra del ej\u00e9rcito militar\" src=\"https:\/\/bodegaoutdoor.cl\/store\/wp-content\/uploads\/2022\/09\/61478-fqjavc.jpg\" alt=\"Chaleco protector de caza del ej\u00e9rcito, hebilla de liberaci\u00f3n r\u00e1pida Airsoft, chalecos de armadura de combate t\u00e1ctico Molle, chaleco de juego de guerra del ej\u00e9rcito militar\" \/><img decoding=\"async\" style=\"width: 800px;\" title=\"Chaleco protector de caza del ej\u00e9rcito, hebilla de liberaci\u00f3n r\u00e1pida Airsoft, chalecos de armadura de combate t\u00e1ctico Molle, chaleco de juego de guerra del ej\u00e9rcito militar\" src=\"https:\/\/bodegaoutdoor.cl\/store\/wp-content\/uploads\/2022\/09\/61478-rdrxio.jpg\" alt=\"Chaleco protector de caza del ej\u00e9rcito, hebilla de liberaci\u00f3n r\u00e1pida Airsoft, chalecos de armadura de combate t\u00e1ctico Molle, chaleco de juego de guerra del ej\u00e9rcito militar\" \/><img decoding=\"async\" style=\"width: 800px;\" title=\"Chaleco protector de caza del ej\u00e9rcito, hebilla de liberaci\u00f3n r\u00e1pida Airsoft, chalecos de armadura de combate t\u00e1ctico Molle, chaleco de juego de guerra del ej\u00e9rcito militar\" src=\"https:\/\/bodegaoutdoor.cl\/store\/wp-content\/uploads\/2022\/09\/61478-0bxuau.jpg\" alt=\"Chaleco protector de caza del ej\u00e9rcito, hebilla de liberaci\u00f3n r\u00e1pida Airsoft, chalecos de armadura de combate t\u00e1ctico Molle, chaleco de juego de guerra del ej\u00e9rcito militar\" \/><img decoding=\"async\" style=\"width: 800px;\" title=\"Chaleco protector de caza del ej\u00e9rcito, hebilla de liberaci\u00f3n r\u00e1pida Airsoft, chalecos de armadura de combate t\u00e1ctico Molle, chaleco de juego de guerra del ej\u00e9rcito militar\" src=\"https:\/\/bodegaoutdoor.cl\/store\/wp-content\/uploads\/2022\/09\/61478-e3kv8m.jpg\" alt=\"Chaleco protector de caza del ej\u00e9rcito, hebilla de liberaci\u00f3n r\u00e1pida Airsoft, chalecos de armadura de combate t\u00e1ctico Molle, chaleco de juego de guerra del ej\u00e9rcito militar\" \/><img decoding=\"async\" style=\"width: 800px;\" title=\"Chaleco protector de caza del ej\u00e9rcito, hebilla de liberaci\u00f3n r\u00e1pida Airsoft, chalecos de armadura de combate t\u00e1ctico Molle, chaleco de juego de guerra del ej\u00e9rcito militar\" src=\"https:\/\/bodegaoutdoor.cl\/store\/wp-content\/uploads\/2022\/09\/61478-2dgfpq.jpg\" alt=\"Chaleco protector de caza del ej\u00e9rcito, hebilla de liberaci\u00f3n r\u00e1pida Airsoft, chalecos de armadura de combate t\u00e1ctico Molle, chaleco de juego de guerra del ej\u00e9rcito militar\" \/><img decoding=\"async\" style=\"width: 800px;\" title=\"Chaleco protector de caza del ej\u00e9rcito, hebilla de liberaci\u00f3n r\u00e1pida Airsoft, chalecos de armadura de combate t\u00e1ctico Molle, chaleco de juego de guerra del ej\u00e9rcito militar\" src=\"https:\/\/bodegaoutdoor.cl\/store\/wp-content\/uploads\/2022\/09\/61478-0iglwg.jpg\" alt=\"Chaleco protector de caza del ej\u00e9rcito, hebilla de liberaci\u00f3n r\u00e1pida Airsoft, chalecos de armadura de combate t\u00e1ctico Molle, chaleco de juego de guerra del ej\u00e9rcito militar\" \/><img decoding=\"async\" style=\"width: 800px;\" title=\"Chaleco protector de caza del ej\u00e9rcito, hebilla de liberaci\u00f3n r\u00e1pida Airsoft, chalecos de armadura de combate t\u00e1ctico Molle, chaleco de juego de guerra del ej\u00e9rcito militar\" src=\"https:\/\/bodegaoutdoor.cl\/store\/wp-content\/uploads\/2022\/09\/61478-kaabxd.jpg\" alt=\"Chaleco protector de caza del ej\u00e9rcito, hebilla de liberaci\u00f3n r\u00e1pida Airsoft, chalecos de armadura de combate t\u00e1ctico Molle, chaleco de juego de guerra del ej\u00e9rcito militar\" \/><img decoding=\"async\" style=\"width: 800px;\" title=\"Chaleco protector de caza del ej\u00e9rcito, hebilla de liberaci\u00f3n r\u00e1pida Airsoft, chalecos de armadura de combate t\u00e1ctico Molle, chaleco de juego de guerra del ej\u00e9rcito militar\" src=\"https:\/\/bodegaoutdoor.cl\/store\/wp-content\/uploads\/2022\/09\/61478-wvwv9o.jpg\" alt=\"Chaleco protector de caza del ej\u00e9rcito, hebilla de liberaci\u00f3n r\u00e1pida Airsoft, chalecos de armadura de combate t\u00e1ctico Molle, chaleco de juego de guerra del ej\u00e9rcito militar\" \/> <img decoding=\"async\" title=\"Chaleco protector de caza del ej\u00e9rcito, hebilla de liberaci\u00f3n r\u00e1pida Airsoft, chalecos de armadura de combate t\u00e1ctico Molle, chaleco de juego de guerra del ej\u00e9rcito militar\" src=\"https:\/\/bodegaoutdoor.cl\/store\/wp-content\/uploads\/2022\/09\/61478-0o8jvg.jpg\" alt=\"Chaleco protector de caza del ej\u00e9rcito, hebilla de liberaci\u00f3n r\u00e1pida Airsoft, chalecos de armadura de combate t\u00e1ctico Molle, chaleco de juego de guerra del ej\u00e9rcito militar\" \/><\/p>\n<p><img decoding=\"async\" title=\"Chaleco protector de caza del ej\u00e9rcito, hebilla de liberaci\u00f3n r\u00e1pida Airsoft, chalecos de armadura de combate t\u00e1ctico Molle, chaleco de juego de guerra del ej\u00e9rcito militar\" src=\"https:\/\/bodegaoutdoor.cl\/store\/wp-content\/uploads\/2022\/09\/61478-lbukds.jpg\" alt=\"Chaleco protector de caza del ej\u00e9rcito, hebilla de liberaci\u00f3n r\u00e1pida Airsoft, chalecos de armadura de combate t\u00e1ctico Molle, chaleco de juego de guerra del ej\u00e9rcito militar\" \/><\/p>\n\n    <div class=\"xs_social_share_widget xs_share_url after_content \t\tmain_content  wslu-style-1 wslu-share-box-shaped wslu-fill-colored wslu-none wslu-share-horizontal wslu-theme-font-no wslu-main_content\">\n\n\t\t\n        <ul>\n\t\t\t        <\/ul>\n    <\/div> \n","protected":false},"excerpt":{"rendered":"<p>Chaleco protector de caza del ej\u00e9rcito hebilla de liberaci\u00f3n r\u00e1pida Airsoft chalecos de armadura de combate t\u00e1ctico Molle Chaleco de Guerra del Ej\u00e9rcito de combate militar Especificaciones del producto: \u25cfName: chaleco t\u00e1ctico \u25cf Material: ABS + nailon \u25cf Colores: negro, tostado, gris, multicam \u25cf Peso: aproximadamente 1,98 kg \u25cf Aplicable: caza al aire libre, tiro, [&hellip;]<\/p>\n","protected":false},"featured_media":61573,"comment_status":"open","ping_status":"closed","template":"","meta":{"jetpack_publicize_message":"","jetpack_publicize_feature_enabled":true,"jetpack_social_post_already_shared":true,"jetpack_social_options":{"image_generator_settings":{"template":"highway","enabled":false},"version":2}},"product_brand":[],"product_cat":[487],"product_tag":[1297,2044],"class_list":{"0":"post-61478","1":"product","2":"type-product","3":"status-publish","4":"has-post-thumbnail","6":"product_cat-airsoft","7":"product_tag-chaleco","8":"product_tag-tactico","10":"first","11":"instock","12":"taxable","13":"shipping-taxable","14":"purchasable","15":"product-type-variable"},"jetpack_publicize_connections":[],"jetpack_sharing_enabled":true,"_links":{"self":[{"href":"https:\/\/bodegaoutdoor.cl\/store\/wp-json\/wp\/v2\/product\/61478","targetHints":{"allow":["GET"]}}],"collection":[{"href":"https:\/\/bodegaoutdoor.cl\/store\/wp-json\/wp\/v2\/product"}],"about":[{"href":"https:\/\/bodegaoutdoor.cl\/store\/wp-json\/wp\/v2\/types\/product"}],"replies":[{"embeddable":true,"href":"https:\/\/bodegaoutdoor.cl\/store\/wp-json\/wp\/v2\/comments?post=61478"}],"version-history":[{"count":25,"href":"https:\/\/bodegaoutdoor.cl\/store\/wp-json\/wp\/v2\/product\/61478\/revisions"}],"predecessor-version":[{"id":62176,"href":"https:\/\/bodegaoutdoor.cl\/store\/wp-json\/wp\/v2\/product\/61478\/revisions\/62176"}],"wp:featuredmedia":[{"embeddable":true,"href":"https:\/\/bodegaoutdoor.cl\/store\/wp-json\/wp\/v2\/media\/61573"}],"wp:attachment":[{"href":"https:\/\/bodegaoutdoor.cl\/store\/wp-json\/wp\/v2\/media?parent=61478"}],"wp:term":[{"taxonomy":"product_brand","embeddable":true,"href":"https:\/\/bodegaoutdoor.cl\/store\/wp-json\/wp\/v2\/product_brand?post=61478"},{"taxonomy":"product_cat","embeddable":true,"href":"https:\/\/bodegaoutdoor.cl\/store\/wp-json\/wp\/v2\/product_cat?post=61478"},{"taxonomy":"product_tag","embeddable":true,"href":"https:\/\/bodegaoutdoor.cl\/store\/wp-json\/wp\/v2\/product_tag?post=61478"}],"curies":[{"name":"wp","href":"https:\/\/api.w.org\/{rel}","templated":true}]}}