{"id":61483,"date":"2022-09-15T00:24:44","date_gmt":"2022-09-15T03:24:44","guid":{"rendered":"https:\/\/bodegaoutdoor.cl\/store\/product\/abay-tf3-chaleco-tactico-swat-airsoft-ejercito-militar-armadura-corporal-transformador-paintball-juego-de-guerra-tiro-caza-chalecos-de-combate\/"},"modified":"2023-05-04T19:18:41","modified_gmt":"2023-05-04T23:18:41","slug":"abay-tf3-chaleco-tactico-swat-airsoft-ejercito-militar-armadura-corporal-transformador-paintball-juego-de-guerra-tiro-caza-chalecos-de-combate","status":"publish","type":"product","link":"https:\/\/bodegaoutdoor.cl\/store\/product\/abay-tf3-chaleco-tactico-swat-airsoft-ejercito-militar-armadura-corporal-transformador-paintball-juego-de-guerra-tiro-caza-chalecos-de-combate\/","title":{"rendered":"Abay TF3-chaleco t\u00e1ctico Swat, Airsoft, ej\u00e9rcito militar, armadura corporal, Airsoft, Paintball, chaleco de combate"},"content":{"rendered":"<div style=\"margin: 10px auto 0; max-width: 100%;\">\n<p>&nbsp;<\/p>\n<\/div>\n<div>\n<div>Material: 1000D de nylon cordura<\/div>\n<div>Plataforma de chaleco principal hecha de pl\u00e1stico de nailon muy duradero y ligero<\/div>\n<div>La cintura y los hombros son completamente ajustables, la cintura se puede ajustar de 30 &#8221; &#8211; 48&#8243;<\/div>\n<div>Clip de hombro de liberaci\u00f3n r\u00e1pida con parche de velcro ajustable en el interior f\u00e1cil de llevar.<\/div>\n<div>Correas MOLLE en paneles delanteros perfectas para bolsas de revistas r\u00e1pidas<\/div>\n<div>Fuerte bot\u00f3n remaches asegurar placas para chaleco plataforma<\/div>\n<div>Tres correas ajustables en cada lado para un ajuste perfecto<\/div>\n<div>Las hebillas Cobra sujetan las correas del hombro de forma segura<\/div>\n<div>Hombros ajustables mediante superposici\u00f3n de velcro y correas de nailon.<\/div>\n<div>Placa exterior ligera de espuma dura de neopreno en la parte delantera y trasera.<\/div>\n<div>La bolsa de la revista FastMAG Gen3 est\u00e1 incluida<\/div>\n<div>Placa de espuma dura de neopreno unida piezas serverales, para que se mueva f\u00e1cilmente mientras est\u00e1 en movimiento neopreno suave como interior para una mayor comodidad 2 filas x 6 columnas<\/div>\n<div>Las placas de armadura de neopreno duro proporcionan una protecci\u00f3n c\u00f3moda sin pesarte.<\/div>\n<div><\/div>\n<div>\n<div>Este chaleco TF3 viene del transformador moive, es por eso que se llama un Chaleco &#8220;cosplay&#8221;, sin embargo, nada moe, ni los robots lo usan, pero ser\u00eda imprescindible para los ventiladores del transformador, \u00a1se ve tan genial! Las placas de pl\u00e1stico suave lo hacen m\u00e1s fresco que los chalecos airsoft originales; Correas ajustables, as\u00ed que aj\u00fastelo para adaptarse a su tama\u00f1o; Con 2 bolsas magn\u00e9ticas duras en la parte delantera; la placa medir\u00eda algo alrededor de 55cm x 40cm, el grosor es de aproximadamente 1 a 2 cm por cada lado. Esta armadura corporal futurista se ve extremadamente agresiva cuando se combina con los accesorios adecuados. Combina el chaleco TF3 con un cintur\u00f3n t\u00e1ctico y tienes la carga m\u00e1xima de alta velocidad para CQB, juegos de campo y cualquier cosa intermedia. Es la plataforma perfecta para una carga ligera.<\/div>\n<div><img decoding=\"async\" title=\"Abay TF3-chaleco t\u00e1ctico Swat, Airsoft, ej\u00e9rcito militar, armadura corporal, transformador, Paintball, juego de guerra, tiro, caza, chalecos de combate\" src=\"https:\/\/bodegaoutdoor.cl\/store\/wp-content\/uploads\/2022\/09\/61483-wsujgd.jpg\" alt=\"Abay TF3-chaleco t\u00e1ctico Swat, Airsoft, ej\u00e9rcito militar, armadura corporal, transformador, Paintball, juego de guerra, tiro, caza, chalecos de combate\" \/> <img decoding=\"async\" title=\"Abay TF3-chaleco t\u00e1ctico Swat, Airsoft, ej\u00e9rcito militar, armadura corporal, transformador, Paintball, juego de guerra, tiro, caza, chalecos de combate\" src=\"https:\/\/bodegaoutdoor.cl\/store\/wp-content\/uploads\/2022\/09\/61483-9dlabt.jpg\" alt=\"Abay TF3-chaleco t\u00e1ctico Swat, Airsoft, ej\u00e9rcito militar, armadura corporal, transformador, Paintball, juego de guerra, tiro, caza, chalecos de combate\" \/> <img decoding=\"async\" title=\"Abay TF3-chaleco t\u00e1ctico Swat, Airsoft, ej\u00e9rcito militar, armadura corporal, transformador, Paintball, juego de guerra, tiro, caza, chalecos de combate\" src=\"https:\/\/bodegaoutdoor.cl\/store\/wp-content\/uploads\/2022\/09\/61483-zcrstu.jpg\" alt=\"Abay TF3-chaleco t\u00e1ctico Swat, Airsoft, ej\u00e9rcito militar, armadura corporal, transformador, Paintball, juego de guerra, tiro, caza, chalecos de combate\" \/> <img decoding=\"async\" title=\"Abay TF3-chaleco t\u00e1ctico Swat, Airsoft, ej\u00e9rcito militar, armadura corporal, transformador, Paintball, juego de guerra, tiro, caza, chalecos de combate\" src=\"https:\/\/bodegaoutdoor.cl\/store\/wp-content\/uploads\/2022\/09\/61483-zd811c.jpg\" alt=\"Abay TF3-chaleco t\u00e1ctico Swat, Airsoft, ej\u00e9rcito militar, armadura corporal, transformador, Paintball, juego de guerra, tiro, caza, chalecos de combate\" \/> <img decoding=\"async\" title=\"Abay TF3-chaleco t\u00e1ctico Swat, Airsoft, ej\u00e9rcito militar, armadura corporal, transformador, Paintball, juego de guerra, tiro, caza, chalecos de combate\" src=\"https:\/\/bodegaoutdoor.cl\/store\/wp-content\/uploads\/2022\/09\/61483-muatbv.jpg\" alt=\"Abay TF3-chaleco t\u00e1ctico Swat, Airsoft, ej\u00e9rcito militar, armadura corporal, transformador, Paintball, juego de guerra, tiro, caza, chalecos de combate\" \/><\/div>\n<\/div>\n<\/div>\n\n    <div class=\"xs_social_share_widget xs_share_url after_content \t\tmain_content  wslu-style-1 wslu-share-box-shaped wslu-fill-colored wslu-none wslu-share-horizontal wslu-theme-font-no wslu-main_content\">\n\n\t\t\n        <ul>\n\t\t\t        <\/ul>\n    <\/div> \n","protected":false},"excerpt":{"rendered":"<p>&nbsp; Material: 1000D de nylon cordura Plataforma de chaleco principal hecha de pl\u00e1stico de nailon muy duradero y ligero La cintura y los hombros son completamente ajustables, la cintura se puede ajustar de 30 &#8221; &#8211; 48&#8243; Clip de hombro de liberaci\u00f3n r\u00e1pida con parche de velcro ajustable en el interior f\u00e1cil de llevar. Correas [&hellip;]<\/p>\n","protected":false},"featured_media":61628,"comment_status":"open","ping_status":"closed","template":"","meta":{"jetpack_publicize_message":"","jetpack_publicize_feature_enabled":true,"jetpack_social_post_already_shared":true,"jetpack_social_options":{"image_generator_settings":{"template":"highway","enabled":false},"version":2}},"product_brand":[],"product_cat":[487],"product_tag":[],"class_list":{"0":"post-61483","1":"product","2":"type-product","3":"status-publish","4":"has-post-thumbnail","6":"product_cat-airsoft","8":"first","9":"instock","10":"taxable","11":"shipping-taxable","12":"purchasable","13":"product-type-variable"},"jetpack_publicize_connections":[],"jetpack_sharing_enabled":true,"_links":{"self":[{"href":"https:\/\/bodegaoutdoor.cl\/store\/wp-json\/wp\/v2\/product\/61483","targetHints":{"allow":["GET"]}}],"collection":[{"href":"https:\/\/bodegaoutdoor.cl\/store\/wp-json\/wp\/v2\/product"}],"about":[{"href":"https:\/\/bodegaoutdoor.cl\/store\/wp-json\/wp\/v2\/types\/product"}],"replies":[{"embeddable":true,"href":"https:\/\/bodegaoutdoor.cl\/store\/wp-json\/wp\/v2\/comments?post=61483"}],"version-history":[{"count":10,"href":"https:\/\/bodegaoutdoor.cl\/store\/wp-json\/wp\/v2\/product\/61483\/revisions"}],"predecessor-version":[{"id":62177,"href":"https:\/\/bodegaoutdoor.cl\/store\/wp-json\/wp\/v2\/product\/61483\/revisions\/62177"}],"wp:featuredmedia":[{"embeddable":true,"href":"https:\/\/bodegaoutdoor.cl\/store\/wp-json\/wp\/v2\/media\/61628"}],"wp:attachment":[{"href":"https:\/\/bodegaoutdoor.cl\/store\/wp-json\/wp\/v2\/media?parent=61483"}],"wp:term":[{"taxonomy":"product_brand","embeddable":true,"href":"https:\/\/bodegaoutdoor.cl\/store\/wp-json\/wp\/v2\/product_brand?post=61483"},{"taxonomy":"product_cat","embeddable":true,"href":"https:\/\/bodegaoutdoor.cl\/store\/wp-json\/wp\/v2\/product_cat?post=61483"},{"taxonomy":"product_tag","embeddable":true,"href":"https:\/\/bodegaoutdoor.cl\/store\/wp-json\/wp\/v2\/product_tag?post=61483"}],"curies":[{"name":"wp","href":"https:\/\/api.w.org\/{rel}","templated":true}]}}