{"id":61660,"date":"2022-09-21T11:20:32","date_gmt":"2022-09-21T14:20:32","guid":{"rendered":"https:\/\/bodegaoutdoor.cl\/store\/product\/conjunto-de-adaptador-de-auriculares-tactico-para-paintball-montaje-rapido-de-riel-soporte-de-suspension-rotacion-de-360-grados\/"},"modified":"2023-05-04T19:18:41","modified_gmt":"2023-05-04T23:18:41","slug":"conjunto-de-adaptador-de-auriculares-tactico-para-paintball-montaje-rapido-de-riel-soporte-de-suspension-rotacion-de-360-grados","status":"publish","type":"product","link":"https:\/\/bodegaoutdoor.cl\/store\/product\/conjunto-de-adaptador-de-auriculares-tactico-para-paintball-montaje-rapido-de-riel-soporte-de-suspension-rotacion-de-360-grados\/","title":{"rendered":"Conjunto adaptador de auriculares t\u00e1ctico para Paintball, montaje r\u00e1pido de riel, soporte de suspensi\u00f3n, rotaci\u00f3n de 360 grados"},"content":{"rendered":"<p style=\"text-align: center;\"><video style=\"max-width: 100%;\" src=\"\/\/cloud.video.taobao.com\/play\/u\/2206621186195\/p\/1\/e\/6\/t\/10301\/292201643892.mp4\" poster=\"https:\/\/ae01.alicdn.com\/kf\/Hbefaaf03730b4e12a2c52fae2845f954A\/Conjunto-de-adaptador-de-auriculares-t-ctico-para-Paintball-montaje-r-pido-de-riel-soporte-de.jpg,https:\/\/ae01.alicdn.com\/kf\/Hd42afde1b43a456e8139dc4fb543efb6y\/Conjunto-de-adaptador-de-auriculares-t-ctico-para-Paintball-montaje-r-pido-de-riel-soporte-de.jpg,https:\/\/ae01.alicdn.com\/kf\/H8e002b15e1b44c57908d2e3057724ba8t\/Conjunto-de-adaptador-de-auriculares-t-ctico-para-Paintball-montaje-r-pido-de-riel-soporte-de.jpg,https:\/\/ae01.alicdn.com\/kf\/H6b8c54bc1f9d413a89782f73ca965d83L\/Conjunto-de-adaptador-de-auriculares-t-ctico-para-Paintball-montaje-r-pido-de-riel-soporte-de.jpg,https:\/\/ae01.alicdn.com\/kf\/Ha46c19d8e77247a9b031f2277d494620i\/Conjunto-de-adaptador-de-auriculares-t-ctico-para-Paintball-montaje-r-pido-de-riel-soporte-de.jpg,https:\/\/ae01.alicdn.com\/kf\/Hf29d4171751c4360a8b966c85737a049A\/Conjunto-de-adaptador-de-auriculares-t-ctico-para-Paintball-montaje-r-pido-de-riel-soporte-de.jpg\" preload=\"auto\" controls=\"controls\" width=\"100%\" height=\"100%\"><\/video><\/p>\n<div>\n<div style=\"margin: 10px auto 0; max-width: 100%;\"><\/div>\n<h3><strong><span style=\"font-size: 26px;\">Especificaciones:<\/span><\/strong><\/h3>\n<h3>Nombre del producto: Soporte de suspensi\u00f3n de riel de casco r\u00e1pido<br \/>\nMaterial: nailon + aleaci\u00f3n<br \/>\nTama\u00f1o: 15*9*4,5 cm<br \/>\nPeso neto: 0,13 kg<br \/>\nAdecuado: para todos los rieles de gu\u00eda de casco de 19-21mm<\/h3>\n<p><span style=\"font-size: 26px;\"><strong>Caracter\u00edsticas:<\/strong><\/span><\/p>\n<p>&nbsp;<\/p>\n<div>1. Nailon de alta calidad + material de aleaci\u00f3n.<\/p>\n<p>2.360 Ajuste de rotaci\u00f3n.<\/p>\n<p>3. Adecuado para todos los rieles de gu\u00eda de casco de 19-21mm.<\/p>\n<p><img fetchpriority=\"high\" decoding=\"async\" title=\"Conjunto de adaptador de auriculares t\u00e1ctico para Paintball, montaje r\u00e1pido de riel, soporte de suspensi\u00f3n, rotaci\u00f3n de 360 grados\" src=\"https:\/\/bodegaoutdoor.cl\/store\/wp-content\/uploads\/2022\/09\/61660-mojitz-scaled.jpg\" alt=\"Conjunto de adaptador de auriculares t\u00e1ctico para Paintball, montaje r\u00e1pido de riel, soporte de suspensi\u00f3n, rotaci\u00f3n de 360 grados\" width=\"999\" height=\"4099\" \/><br \/>\n<img decoding=\"async\" title=\"Conjunto de adaptador de auriculares t\u00e1ctico para Paintball, montaje r\u00e1pido de riel, soporte de suspensi\u00f3n, rotaci\u00f3n de 360 grados\" src=\"https:\/\/bodegaoutdoor.cl\/store\/wp-content\/uploads\/2022\/09\/61660-ha7hsy-scaled.jpg\" alt=\"Conjunto de adaptador de auriculares t\u00e1ctico para Paintball, montaje r\u00e1pido de riel, soporte de suspensi\u00f3n, rotaci\u00f3n de 360 grados\" \/><\/div>\n<div><\/div>\n<h4><strong>Acerca del pago<\/strong><\/h4>\n<p>1) El comprador es responsable de cualquier impuesto o tasa cargados por su pa\u00eds.<br \/>\n2) Si tienes alg\u00fan requisito especial sobre tu pedido, cont\u00e1ctanos antes del pago, o usaremos los paquetes predeterminados.<br \/>\n3) una vez que se confirme la p\u00e9rdida del paquete, lo reenviaremos o reembolsaremos. Si recibiste el art\u00edculo incorrecto, toma una foto del paquete y del art\u00edculo que recibiste, luego Cont\u00e1ctanos directamente. Le daremos una buena soluci\u00f3n.<\/p>\n<p><strong>Acerca del env\u00edo<\/strong><\/p>\n<p>1) enviamos 6 d\u00edas a la semana, excepto s\u00e1bados y festivos.<br \/>\n2) Despu\u00e9s de enviarlo, le proporcionaremos el n\u00famero de seguimiento.<br \/>\n3) esperamos que tu art\u00edculo llegue a tiempo, pero como se trata de una entrega internacional, el tiempo de env\u00edo depende en gran medida de las empresas de mensajer\u00eda y los aranceles aduaneros locales.<\/p>\n<p><strong>Devoluci\u00f3n y reembolso<\/strong><\/p>\n<p>1) Si el art\u00edculo que recibiste no es aceptable, est\u00e1 defectuoso, roto o agotado, notif\u00edcanos lo antes posible.<br \/>\n2) le ofrecemos reemplazo gratuito o reembolso completo si el producto tiene alg\u00fan problema de calidad.<\/p>\n<p>&nbsp;<\/p>\n<div style=\"margin: 10px auto 0; max-width: 100%;\"><\/div>\n<\/div>\n\n    <div class=\"xs_social_share_widget xs_share_url after_content \t\tmain_content  wslu-style-1 wslu-share-box-shaped wslu-fill-colored wslu-none wslu-share-horizontal wslu-theme-font-no wslu-main_content\">\n\n\t\t\n        <ul>\n\t\t\t        <\/ul>\n    <\/div> \n","protected":false},"excerpt":{"rendered":"<p>Especificaciones: Nombre del producto: Soporte de suspensi\u00f3n de riel de casco r\u00e1pido Material: nailon + aleaci\u00f3n Tama\u00f1o: 15*9*4,5 cm Peso neto: 0,13 kg Adecuado: para todos los rieles de gu\u00eda de casco de 19-21mm Caracter\u00edsticas: &nbsp; 1. Nailon de alta calidad + material de aleaci\u00f3n. 2.360 Ajuste de rotaci\u00f3n. 3. Adecuado para todos los rieles [&hellip;]<\/p>\n","protected":false},"featured_media":61664,"comment_status":"open","ping_status":"closed","template":"","meta":{"jetpack_publicize_message":"","jetpack_publicize_feature_enabled":true,"jetpack_social_post_already_shared":true,"jetpack_social_options":{"image_generator_settings":{"template":"highway","enabled":false},"version":2}},"product_brand":[],"product_cat":[487],"product_tag":[],"class_list":{"0":"post-61660","1":"product","2":"type-product","3":"status-publish","4":"has-post-thumbnail","6":"product_cat-airsoft","8":"first","9":"instock","10":"taxable","11":"shipping-taxable","12":"purchasable","13":"product-type-variable"},"jetpack_publicize_connections":[],"jetpack_sharing_enabled":true,"_links":{"self":[{"href":"https:\/\/bodegaoutdoor.cl\/store\/wp-json\/wp\/v2\/product\/61660","targetHints":{"allow":["GET"]}}],"collection":[{"href":"https:\/\/bodegaoutdoor.cl\/store\/wp-json\/wp\/v2\/product"}],"about":[{"href":"https:\/\/bodegaoutdoor.cl\/store\/wp-json\/wp\/v2\/types\/product"}],"replies":[{"embeddable":true,"href":"https:\/\/bodegaoutdoor.cl\/store\/wp-json\/wp\/v2\/comments?post=61660"}],"version-history":[{"count":10,"href":"https:\/\/bodegaoutdoor.cl\/store\/wp-json\/wp\/v2\/product\/61660\/revisions"}],"predecessor-version":[{"id":62179,"href":"https:\/\/bodegaoutdoor.cl\/store\/wp-json\/wp\/v2\/product\/61660\/revisions\/62179"}],"wp:featuredmedia":[{"embeddable":true,"href":"https:\/\/bodegaoutdoor.cl\/store\/wp-json\/wp\/v2\/media\/61664"}],"wp:attachment":[{"href":"https:\/\/bodegaoutdoor.cl\/store\/wp-json\/wp\/v2\/media?parent=61660"}],"wp:term":[{"taxonomy":"product_brand","embeddable":true,"href":"https:\/\/bodegaoutdoor.cl\/store\/wp-json\/wp\/v2\/product_brand?post=61660"},{"taxonomy":"product_cat","embeddable":true,"href":"https:\/\/bodegaoutdoor.cl\/store\/wp-json\/wp\/v2\/product_cat?post=61660"},{"taxonomy":"product_tag","embeddable":true,"href":"https:\/\/bodegaoutdoor.cl\/store\/wp-json\/wp\/v2\/product_tag?post=61660"}],"curies":[{"name":"wp","href":"https:\/\/api.w.org\/{rel}","templated":true}]}}