{"id":6183,"date":"2020-07-17T06:49:36","date_gmt":"2020-07-17T06:49:36","guid":{"rendered":"https:\/\/bodegaoutdoor.cl\/store\/product\/reloj-skmei-con-bateria-de-10-anos-para-hombre-reloj-deportivo-con-alarma-resistente-al-agua-de-100m-reloj-de-pulsera-led-digital-para-hombre-reloj-masculino-1560\/"},"modified":"2023-05-04T19:19:37","modified_gmt":"2023-05-04T23:19:37","slug":"reloj-skmei-con-bateria-de-10-anos-para-hombre-reloj-deportivo-con-alarma-resistente-al-agua-de-100m-reloj-de-pulsera-led-digital-para-hombre-reloj-masculino-1560","status":"publish","type":"product","link":"https:\/\/bodegaoutdoor.cl\/store\/product\/reloj-skmei-con-bateria-de-10-anos-para-hombre-reloj-deportivo-con-alarma-resistente-al-agua-de-100m-reloj-de-pulsera-led-digital-para-hombre-reloj-masculino-1560\/","title":{"rendered":"Reloj SKMEI  bater\u00eda 10 a\u00f1os para hombre, water resist 100M"},"content":{"rendered":"<p style=\"text-align: center;\"><video style=\"max-width: 100%;\" src=\"\/\/cloud.video.taobao.com\/play\/u\/2785050808\/p\/1\/e\/6\/t\/10301\/266571396564.mp4\" poster=\"https:\/\/ae01.alicdn.com\/kf\/H32910e68b66842b5aa8708d183c2e8aas\/Reloj-SKMEI-con-bater-a-de-10-a-os-para-hombre-reloj-deportivo-con-alarma-resistente.jpg,https:\/\/ae01.alicdn.com\/kf\/H0e65bbdde71f4b3e8d2e3b245daa6f21D\/Reloj-SKMEI-con-bater-a-de-10-a-os-para-hombre-reloj-deportivo-con-alarma-resistente.jpg,https:\/\/ae01.alicdn.com\/kf\/Hc45b63f5910348fc918f640c15d326eeK\/Reloj-SKMEI-con-bater-a-de-10-a-os-para-hombre-reloj-deportivo-con-alarma-resistente.jpg,https:\/\/ae01.alicdn.com\/kf\/H8e5f51357ea6406e84836717cc96e881n\/Reloj-SKMEI-con-bater-a-de-10-a-os-para-hombre-reloj-deportivo-con-alarma-resistente.jpg,https:\/\/ae01.alicdn.com\/kf\/H146da01ffc7c4e678bf2d00c630fedb4d\/Reloj-SKMEI-con-bater-a-de-10-a-os-para-hombre-reloj-deportivo-con-alarma-resistente.jpg,https:\/\/ae01.alicdn.com\/kf\/Hb7269c54be9a4486900553d759d70074o\/Reloj-SKMEI-con-bater-a-de-10-a-os-para-hombre-reloj-deportivo-con-alarma-resistente.jpg\" preload=\"auto\" controls=\"controls\" width=\"100%\" height=\"100%\"><\/video><\/p>\n<div><a href=\"\/\/www.aliexpress.com\/item\/32610132129.html?spm=a2g0o.productlist.0.0.2bd52c33mXkoog&amp;algo_pvid=71c5f009-8b3f-4af2-adcd-99a30ffdeb45&amp;algo_expid=71c5f009-8b3f-4af2-adcd-99a30ffdeb45-0&amp;btsid=0bb47a1915872011750155904ed4a8&amp;ws_ab_test=searchweb0_0,searchweb201602_,searchweb201603_\"><img decoding=\"async\" style=\"margin-bottom: 10px;\" title=\"Reloj SKMEI con bater\u00eda de 10 a\u00f1os para hombre, reloj deportivo con alarma resistente al agua de 100M, reloj de pulsera LED Digital para hombre, reloj masculino 1560\" src=\"https:\/\/bodegaoutdoor.cl\/store\/wp-content\/uploads\/2020\/07\/6183-d8plwe.jpg\" alt=\"Reloj SKMEI con bater\u00eda de 10 a\u00f1os para hombre, reloj deportivo con alarma resistente al agua de 100M, reloj de pulsera LED Digital para hombre, reloj masculino 1560\" \/><\/a><a href=\"\/\/www.aliexpress.com\/item\/4000822867674.html?gps-id=pcStoreNewArrivals&amp;scm=1007.23409.123629.0&amp;scm_id=1007.23409.123629.0&amp;scm-url=1007.23409.123629.0&amp;pvid=a6ee51d5-aea6-44a3-99e0-484926a0ae78&amp;spm=a2g0o.store_home.smartNewArrivals_996586510.4000822867674\"><img decoding=\"async\" style=\"margin-bottom: 10px;\" title=\"Reloj SKMEI con bater\u00eda de 10 a\u00f1os para hombre, reloj deportivo con alarma resistente al agua de 100M, reloj de pulsera LED Digital para hombre, reloj masculino 1560\" src=\"https:\/\/bodegaoutdoor.cl\/store\/wp-content\/uploads\/2020\/07\/6183-infmpa.jpg\" alt=\"Reloj SKMEI con bater\u00eda de 10 a\u00f1os para hombre, reloj deportivo con alarma resistente al agua de 100M, reloj de pulsera LED Digital para hombre, reloj masculino 1560\" \/><\/a><\/div>\n<div>\n<p style=\"font-family: 'OpenSans'; color: #000; font-weight: 900; font-size: 20px; line-height: 28px; margin-bottom: 12px;\">Reloj SKMEI con bater\u00eda de 10 a\u00f1os para hombre, reloj deportivo con alarma resistente al agua de 100M, reloj de pulsera LED Digital para hombre, reloj masculino 1560<\/p>\n<p style=\"font-family: 'OpenSans'; color: #000; font-weight: 300; font-size: 14px; line-height: 20px; margin-bottom: 12px;\">\u25aaG\u00e9nero: hombres\/hombres<br \/>\n\u25aaMovimiento: movimiento Digital<br \/>\n\u25aaMaterial: de pl\u00e1stico<br \/>\n\u25aaTipo de Material de la correa: PU<br \/>\n\u25aaEspejo Material: resina<br \/>\n\u25aaLongitud de la Correa: 253mm<br \/>\n\u25aaAncho de la Correa: 22mm<br \/>\n\u25aaGrosor de la carcasa: 14mm<br \/>\n\u25aaDi\u00e1metro del Dial: 47mm<br \/>\n\u25aaTipo del corchete: Hebilla<br \/>\n\u25aaResistente al agua: 100m<br \/>\n\u25aaCaracter\u00edsticas: alarma, luz trasera, resistente al agua, resistente a los golpes, calendario completo, cron\u00f3grafo, pantalla de semana, pantalla LED<br \/>\nTenga en cuenta amablemente:<br \/>\nRendimiento impermeable de 1-100M, duraci\u00f3n de la bater\u00eda de hasta 10 a\u00f1os, no presione ning\u00fan bot\u00f3n bajo el agua<br \/>\n2 temporizador limitado a 30 minutos<\/p>\n<\/div>\n<div>\n<div>\n<p style=\"text-align: center;\"><img decoding=\"async\" title=\"Reloj SKMEI con bater\u00eda de 10 a\u00f1os para hombre, reloj deportivo con alarma resistente al agua de 100M, reloj de pulsera LED Digital para hombre, reloj masculino 1560\" src=\"https:\/\/bodegaoutdoor.cl\/store\/wp-content\/uploads\/2020\/07\/6183-wryhwv.png\" alt=\"Reloj SKMEI con bater\u00eda de 10 a\u00f1os para hombre, reloj deportivo con alarma resistente al agua de 100M, reloj de pulsera LED Digital para hombre, reloj masculino 1560\" \/><img decoding=\"async\" title=\"Reloj SKMEI con bater\u00eda de 10 a\u00f1os para hombre, reloj deportivo con alarma resistente al agua de 100M, reloj de pulsera LED Digital para hombre, reloj masculino 1560\" src=\"https:\/\/bodegaoutdoor.cl\/store\/wp-content\/uploads\/2020\/07\/6183-dnhrec.png\" alt=\"Reloj SKMEI con bater\u00eda de 10 a\u00f1os para hombre, reloj deportivo con alarma resistente al agua de 100M, reloj de pulsera LED Digital para hombre, reloj masculino 1560\" \/><img decoding=\"async\" title=\"Reloj SKMEI con bater\u00eda de 10 a\u00f1os para hombre, reloj deportivo con alarma resistente al agua de 100M, reloj de pulsera LED Digital para hombre, reloj masculino 1560\" src=\"https:\/\/bodegaoutdoor.cl\/store\/wp-content\/uploads\/2020\/07\/6183-ym6ocz.png\" alt=\"Reloj SKMEI con bater\u00eda de 10 a\u00f1os para hombre, reloj deportivo con alarma resistente al agua de 100M, reloj de pulsera LED Digital para hombre, reloj masculino 1560\" \/><img decoding=\"async\" title=\"Reloj SKMEI con bater\u00eda de 10 a\u00f1os para hombre, reloj deportivo con alarma resistente al agua de 100M, reloj de pulsera LED Digital para hombre, reloj masculino 1560\" src=\"https:\/\/bodegaoutdoor.cl\/store\/wp-content\/uploads\/2020\/07\/6183-rko4ou.png\" alt=\"Reloj SKMEI con bater\u00eda de 10 a\u00f1os para hombre, reloj deportivo con alarma resistente al agua de 100M, reloj de pulsera LED Digital para hombre, reloj masculino 1560\" \/><img decoding=\"async\" title=\"Reloj SKMEI con bater\u00eda de 10 a\u00f1os para hombre, reloj deportivo con alarma resistente al agua de 100M, reloj de pulsera LED Digital para hombre, reloj masculino 1560\" src=\"https:\/\/bodegaoutdoor.cl\/store\/wp-content\/uploads\/2020\/07\/6183-klpmwx.png\" alt=\"Reloj SKMEI con bater\u00eda de 10 a\u00f1os para hombre, reloj deportivo con alarma resistente al agua de 100M, reloj de pulsera LED Digital para hombre, reloj masculino 1560\" \/><img decoding=\"async\" title=\"Reloj SKMEI con bater\u00eda de 10 a\u00f1os para hombre, reloj deportivo con alarma resistente al agua de 100M, reloj de pulsera LED Digital para hombre, reloj masculino 1560\" src=\"https:\/\/bodegaoutdoor.cl\/store\/wp-content\/uploads\/2020\/07\/6183-qidjku.png\" alt=\"Reloj SKMEI con bater\u00eda de 10 a\u00f1os para hombre, reloj deportivo con alarma resistente al agua de 100M, reloj de pulsera LED Digital para hombre, reloj masculino 1560\" \/><img decoding=\"async\" title=\"Reloj SKMEI con bater\u00eda de 10 a\u00f1os para hombre, reloj deportivo con alarma resistente al agua de 100M, reloj de pulsera LED Digital para hombre, reloj masculino 1560\" src=\"https:\/\/bodegaoutdoor.cl\/store\/wp-content\/uploads\/2020\/07\/6183-wfjtqi.png\" alt=\"Reloj SKMEI con bater\u00eda de 10 a\u00f1os para hombre, reloj deportivo con alarma resistente al agua de 100M, reloj de pulsera LED Digital para hombre, reloj masculino 1560\" \/><img decoding=\"async\" title=\"Reloj SKMEI con bater\u00eda de 10 a\u00f1os para hombre, reloj deportivo con alarma resistente al agua de 100M, reloj de pulsera LED Digital para hombre, reloj masculino 1560\" src=\"https:\/\/bodegaoutdoor.cl\/store\/wp-content\/uploads\/2020\/07\/6183-vudhcn.png\" alt=\"Reloj SKMEI con bater\u00eda de 10 a\u00f1os para hombre, reloj deportivo con alarma resistente al agua de 100M, reloj de pulsera LED Digital para hombre, reloj masculino 1560\" \/><img decoding=\"async\" title=\"Reloj SKMEI con bater\u00eda de 10 a\u00f1os para hombre, reloj deportivo con alarma resistente al agua de 100M, reloj de pulsera LED Digital para hombre, reloj masculino 1560\" src=\"https:\/\/bodegaoutdoor.cl\/store\/wp-content\/uploads\/2020\/07\/6183-xujxro.png\" alt=\"Reloj SKMEI con bater\u00eda de 10 a\u00f1os para hombre, reloj deportivo con alarma resistente al agua de 100M, reloj de pulsera LED Digital para hombre, reloj masculino 1560\" \/><img decoding=\"async\" title=\"Reloj SKMEI con bater\u00eda de 10 a\u00f1os para hombre, reloj deportivo con alarma resistente al agua de 100M, reloj de pulsera LED Digital para hombre, reloj masculino 1560\" src=\"https:\/\/bodegaoutdoor.cl\/store\/wp-content\/uploads\/2020\/07\/6183-lqg8kq.png\" alt=\"Reloj SKMEI con bater\u00eda de 10 a\u00f1os para hombre, reloj deportivo con alarma resistente al agua de 100M, reloj de pulsera LED Digital para hombre, reloj masculino 1560\" \/><img decoding=\"async\" title=\"Reloj SKMEI con bater\u00eda de 10 a\u00f1os para hombre, reloj deportivo con alarma resistente al agua de 100M, reloj de pulsera LED Digital para hombre, reloj masculino 1560\" src=\"https:\/\/bodegaoutdoor.cl\/store\/wp-content\/uploads\/2020\/07\/6183-a6d0gw.png\" alt=\"Reloj SKMEI con bater\u00eda de 10 a\u00f1os para hombre, reloj deportivo con alarma resistente al agua de 100M, reloj de pulsera LED Digital para hombre, reloj masculino 1560\" \/><img decoding=\"async\" title=\"Reloj SKMEI con bater\u00eda de 10 a\u00f1os para hombre, reloj deportivo con alarma resistente al agua de 100M, reloj de pulsera LED Digital para hombre, reloj masculino 1560\" src=\"https:\/\/bodegaoutdoor.cl\/store\/wp-content\/uploads\/2020\/07\/6183-llntcf.png\" alt=\"Reloj SKMEI con bater\u00eda de 10 a\u00f1os para hombre, reloj deportivo con alarma resistente al agua de 100M, reloj de pulsera LED Digital para hombre, reloj masculino 1560\" \/><img decoding=\"async\" title=\"Reloj SKMEI con bater\u00eda de 10 a\u00f1os para hombre, reloj deportivo con alarma resistente al agua de 100M, reloj de pulsera LED Digital para hombre, reloj masculino 1560\" src=\"https:\/\/bodegaoutdoor.cl\/store\/wp-content\/uploads\/2020\/07\/6183-xlwmf5.png\" alt=\"Reloj SKMEI con bater\u00eda de 10 a\u00f1os para hombre, reloj deportivo con alarma resistente al agua de 100M, reloj de pulsera LED Digital para hombre, reloj masculino 1560\" \/><img decoding=\"async\" title=\"Reloj SKMEI con bater\u00eda de 10 a\u00f1os para hombre, reloj deportivo con alarma resistente al agua de 100M, reloj de pulsera LED Digital para hombre, reloj masculino 1560\" src=\"https:\/\/bodegaoutdoor.cl\/store\/wp-content\/uploads\/2020\/07\/6183-8zf2sx.png\" alt=\"Reloj SKMEI con bater\u00eda de 10 a\u00f1os para hombre, reloj deportivo con alarma resistente al agua de 100M, reloj de pulsera LED Digital para hombre, reloj masculino 1560\" \/><img decoding=\"async\" title=\"Reloj SKMEI con bater\u00eda de 10 a\u00f1os para hombre, reloj deportivo con alarma resistente al agua de 100M, reloj de pulsera LED Digital para hombre, reloj masculino 1560\" src=\"https:\/\/bodegaoutdoor.cl\/store\/wp-content\/uploads\/2020\/07\/6183-drillt.png\" alt=\"Reloj SKMEI con bater\u00eda de 10 a\u00f1os para hombre, reloj deportivo con alarma resistente al agua de 100M, reloj de pulsera LED Digital para hombre, reloj masculino 1560\" \/><\/p>\n<\/div>\n<\/div>\n\n    <div class=\"xs_social_share_widget xs_share_url after_content \t\tmain_content  wslu-style-1 wslu-share-box-shaped wslu-fill-colored wslu-none wslu-share-horizontal wslu-theme-font-no wslu-main_content\">\n\n\t\t\n        <ul>\n\t\t\t        <\/ul>\n    <\/div> \n","protected":false},"excerpt":{"rendered":"<p>Reloj SKMEI con bater\u00eda de 10 a\u00f1os para hombre, reloj deportivo con alarma resistente al agua de 100M, reloj de pulsera LED Digital para hombre, reloj masculino 1560 \u25aaG\u00e9nero: hombres\/hombres \u25aaMovimiento: movimiento Digital \u25aaMaterial: de pl\u00e1stico \u25aaTipo de Material de la correa: PU \u25aaEspejo Material: resina \u25aaLongitud de la Correa: 253mm \u25aaAncho de la Correa: [&hellip;]<\/p>\n","protected":false},"featured_media":6439,"comment_status":"open","ping_status":"closed","template":"","meta":{"jetpack_publicize_message":"","jetpack_publicize_feature_enabled":true,"jetpack_social_post_already_shared":true,"jetpack_social_options":{"image_generator_settings":{"template":"highway","enabled":false},"version":2}},"product_brand":[],"product_cat":[15,36],"product_tag":[485,481,486,484],"class_list":{"0":"post-6183","1":"product","2":"type-product","3":"status-publish","4":"has-post-thumbnail","6":"product_cat-otros","7":"product_cat-relojes","8":"product_tag-mountain","9":"product_tag-outdoor","10":"product_tag-reloj","11":"product_tag-watch","13":"first","14":"instock","15":"sale","16":"taxable","17":"shipping-taxable","18":"purchasable","19":"product-type-variable"},"jetpack_publicize_connections":[],"jetpack_sharing_enabled":true,"_links":{"self":[{"href":"https:\/\/bodegaoutdoor.cl\/store\/wp-json\/wp\/v2\/product\/6183","targetHints":{"allow":["GET"]}}],"collection":[{"href":"https:\/\/bodegaoutdoor.cl\/store\/wp-json\/wp\/v2\/product"}],"about":[{"href":"https:\/\/bodegaoutdoor.cl\/store\/wp-json\/wp\/v2\/types\/product"}],"replies":[{"embeddable":true,"href":"https:\/\/bodegaoutdoor.cl\/store\/wp-json\/wp\/v2\/comments?post=6183"}],"version-history":[{"count":2,"href":"https:\/\/bodegaoutdoor.cl\/store\/wp-json\/wp\/v2\/product\/6183\/revisions"}],"predecessor-version":[{"id":71343,"href":"https:\/\/bodegaoutdoor.cl\/store\/wp-json\/wp\/v2\/product\/6183\/revisions\/71343"}],"wp:featuredmedia":[{"embeddable":true,"href":"https:\/\/bodegaoutdoor.cl\/store\/wp-json\/wp\/v2\/media\/6439"}],"wp:attachment":[{"href":"https:\/\/bodegaoutdoor.cl\/store\/wp-json\/wp\/v2\/media?parent=6183"}],"wp:term":[{"taxonomy":"product_brand","embeddable":true,"href":"https:\/\/bodegaoutdoor.cl\/store\/wp-json\/wp\/v2\/product_brand?post=6183"},{"taxonomy":"product_cat","embeddable":true,"href":"https:\/\/bodegaoutdoor.cl\/store\/wp-json\/wp\/v2\/product_cat?post=6183"},{"taxonomy":"product_tag","embeddable":true,"href":"https:\/\/bodegaoutdoor.cl\/store\/wp-json\/wp\/v2\/product_tag?post=6183"}],"curies":[{"name":"wp","href":"https:\/\/api.w.org\/{rel}","templated":true}]}}