{"id":62061,"date":"2022-09-21T11:38:25","date_gmt":"2022-09-21T14:38:25","guid":{"rendered":"https:\/\/bodegaoutdoor.cl\/store\/product\/spark-tac-ropa-del-ejercito-para-hombre-pantalones-tacticos-con-rodilleras-g3-uniforme-militar-de-combate-pantalones-verdes-de-policia\/"},"modified":"2023-05-04T19:18:41","modified_gmt":"2023-05-04T23:18:41","slug":"spark-tac-ropa-del-ejercito-para-hombre-pantalones-tacticos-con-rodilleras-g3-uniforme-militar-de-combate-pantalones-verdes-de-policia","status":"publish","type":"product","link":"https:\/\/bodegaoutdoor.cl\/store\/product\/spark-tac-ropa-del-ejercito-para-hombre-pantalones-tacticos-con-rodilleras-g3-uniforme-militar-de-combate-pantalones-verdes-de-policia\/","title":{"rendered":"SPARK TAC-Pantalones t\u00e1cticos con rodilleras G3, uniforme militar de combate, Entrenamiento"},"content":{"rendered":"<div>\n<div>\n<div><img decoding=\"async\" title=\"SPARK TAC-ropa del ej\u00e9rcito para hombre, pantalones t\u00e1cticos con rodilleras G3, uniforme militar de combate, pantalones verdes de polic\u00eda\" src=\"https:\/\/bodegaoutdoor.cl\/store\/wp-content\/uploads\/2022\/09\/62061-oyml8o.jpg\" alt=\"SPARK TAC-ropa del ej\u00e9rcito para hombre, pantalones t\u00e1cticos con rodilleras G3, uniforme militar de combate, pantalones verdes de polic\u00eda\" \/><\/div>\n<div>\n<p style=\"font-size: 20px; font-weight: bold;\">Descripciones de art\u00edculos<\/p>\n<p style=\"font-size: 16px; font-weight: normal; text-align: left; width: 100%;\" align=\"left\">G3 pantalones de combate V1<\/p>\n<p>Marca: drag\u00f3n borde<\/p>\n<p>Art\u00edculo: 2760 RG<\/p>\n<p>Material: 50% Algod\u00f3n y 50% poli\u00e9ster tejido resistente al desgarro con tratamiento a prueba de agua<\/p>\n<p>Cremalleras de calidad de la marca YKK,<\/p>\n<p>100% gancho y lazo de nailon,<\/p>\n<p>Rodilleras anticolisi\u00f3n.<\/p>\n<\/div>\n<div>\n<p style=\"font-size: 20px; font-weight: bold;\">Funci\u00f3n:<\/p>\n<p style=\"font-size: 16px; font-weight: normal;\">10 bolsillos m\u00faltiples para satisfacer una variedad de EDC.<\/p>\n<p>Pantalones t\u00e1cticos con 2 bolsillos delanteros inclinados, 2 bolsillos para el muslo incorporados en un dispositivo de altura ajustable kneed, 2 bolsillos de carga de gran capacidad, 2 bolsillos traseros con cremallera y 2 bolsillos con dobladillo.<\/p>\n<p>Los pantalones se pueden usar a diario despu\u00e9s de quitar las rodilleras.<\/p>\n<\/div>\n<div>\n<p style=\"font-size: 16px; font-weight: normal;\">Tejido el\u00e1stico que, con tecnolog\u00eda especial para las rodillas y la cadera trasera, hace que el cuerpo humano se relaje y tenga un alto rendimiento.<\/p>\n<\/div>\n<div><img decoding=\"async\" title=\"SPARK TAC-ropa del ej\u00e9rcito para hombre, pantalones t\u00e1cticos con rodilleras G3, uniforme militar de combate, pantalones verdes de polic\u00eda\" src=\"https:\/\/bodegaoutdoor.cl\/store\/wp-content\/uploads\/2022\/09\/62061-6ujnff.jpg\" alt=\"SPARK TAC-ropa del ej\u00e9rcito para hombre, pantalones t\u00e1cticos con rodilleras G3, uniforme militar de combate, pantalones verdes de polic\u00eda\" \/><\/div>\n<div>\n<p style=\"font-size: 16px; font-weight: bold;\">M\u00faltiples bolsillos para satisfacer una variedad de EDC.<\/p>\n<div><img decoding=\"async\" title=\"SPARK TAC-ropa del ej\u00e9rcito para hombre, pantalones t\u00e1cticos con rodilleras G3, uniforme militar de combate, pantalones verdes de polic\u00eda\" src=\"https:\/\/bodegaoutdoor.cl\/store\/wp-content\/uploads\/2022\/09\/62061-mijen3.jpg\" alt=\"SPARK TAC-ropa del ej\u00e9rcito para hombre, pantalones t\u00e1cticos con rodilleras G3, uniforme militar de combate, pantalones verdes de polic\u00eda\" \/><\/div>\n<\/div>\n<div>\n<p style=\"font-size: 20px; font-weight: bold;\">Cremallera con cierre de velcro.<\/p>\n<div><img decoding=\"async\" title=\"SPARK TAC-ropa del ej\u00e9rcito para hombre, pantalones t\u00e1cticos con rodilleras G3, uniforme militar de combate, pantalones verdes de polic\u00eda\" src=\"https:\/\/bodegaoutdoor.cl\/store\/wp-content\/uploads\/2022\/09\/62061-ffkowe.jpg\" alt=\"SPARK TAC-ropa del ej\u00e9rcito para hombre, pantalones t\u00e1cticos con rodilleras G3, uniforme militar de combate, pantalones verdes de polic\u00eda\" \/><\/div>\n<\/div>\n<div>\n<p style=\"font-size: 16px; font-weight: bold;\">La cintura acolchada se ajusta a diferentes tama\u00f1os del cuerpo, se ajusta en 4 direcciones con gancho y lazo.<\/p>\n<div><img decoding=\"async\" title=\"SPARK TAC-ropa del ej\u00e9rcito para hombre, pantalones t\u00e1cticos con rodilleras G3, uniforme militar de combate, pantalones verdes de polic\u00eda\" src=\"https:\/\/bodegaoutdoor.cl\/store\/wp-content\/uploads\/2022\/09\/62061-fu4mna.jpg\" alt=\"SPARK TAC-ropa del ej\u00e9rcito para hombre, pantalones t\u00e1cticos con rodilleras G3, uniforme militar de combate, pantalones verdes de polic\u00eda\" \/><\/div>\n<\/div>\n<div>\n<p style=\"font-size: 20px; font-weight: bold;\">Espalda rodilla y dobladillo ajustable por solapas.<\/p>\n<div><img decoding=\"async\" title=\"SPARK TAC-ropa del ej\u00e9rcito para hombre, pantalones t\u00e1cticos con rodilleras G3, uniforme militar de combate, pantalones verdes de polic\u00eda\" src=\"https:\/\/bodegaoutdoor.cl\/store\/wp-content\/uploads\/2022\/09\/62061-s2784c.jpg\" alt=\"SPARK TAC-ropa del ej\u00e9rcito para hombre, pantalones t\u00e1cticos con rodilleras G3, uniforme militar de combate, pantalones verdes de polic\u00eda\" \/><\/div>\n<\/div>\n<div>\n<p style=\"font-size: 20px; font-weight: bold;\">Duradero con entrepierna de refuerzo y costura de doble puntada.<\/p>\n<div><img decoding=\"async\" title=\"SPARK TAC-ropa del ej\u00e9rcito para hombre, pantalones t\u00e1cticos con rodilleras G3, uniforme militar de combate, pantalones verdes de polic\u00eda\" src=\"https:\/\/bodegaoutdoor.cl\/store\/wp-content\/uploads\/2022\/09\/62061-turwfe.jpg\" alt=\"SPARK TAC-ropa del ej\u00e9rcito para hombre, pantalones t\u00e1cticos con rodilleras G3, uniforme militar de combate, pantalones verdes de polic\u00eda\" \/><\/div>\n<\/div>\n<div>\n<p style=\"font-size: 20px; font-weight: normal;\">Rodilleras t\u00e1cticas que tienen un dise\u00f1o de doble capa y usan diferentes materiales (capa exterior de TPU y capa interna de EVA) para mantener las rodilleras anticolisi\u00f3n.<\/p>\n<div><img decoding=\"async\" title=\"SPARK TAC-ropa del ej\u00e9rcito para hombre, pantalones t\u00e1cticos con rodilleras G3, uniforme militar de combate, pantalones verdes de polic\u00eda\" src=\"https:\/\/bodegaoutdoor.cl\/store\/wp-content\/uploads\/2022\/09\/62061-qxv0go.jpg\" alt=\"SPARK TAC-ropa del ej\u00e9rcito para hombre, pantalones t\u00e1cticos con rodilleras G3, uniforme militar de combate, pantalones verdes de polic\u00eda\" \/><\/div>\n<\/div>\n<div><img decoding=\"async\" title=\"SPARK TAC-ropa del ej\u00e9rcito para hombre, pantalones t\u00e1cticos con rodilleras G3, uniforme militar de combate, pantalones verdes de polic\u00eda\" src=\"https:\/\/bodegaoutdoor.cl\/store\/wp-content\/uploads\/2022\/09\/62061-upvkzs.jpg\" alt=\"SPARK TAC-ropa del ej\u00e9rcito para hombre, pantalones t\u00e1cticos con rodilleras G3, uniforme militar de combate, pantalones verdes de polic\u00eda\" \/><\/div>\n<p>&nbsp;<\/p>\n<\/div>\n<\/div>\n\n    <div class=\"xs_social_share_widget xs_share_url after_content \t\tmain_content  wslu-style-1 wslu-share-box-shaped wslu-fill-colored wslu-none wslu-share-horizontal wslu-theme-font-no wslu-main_content\">\n\n\t\t\n        <ul>\n\t\t\t        <\/ul>\n    <\/div> \n","protected":false},"excerpt":{"rendered":"<p>Descripciones de art\u00edculos G3 pantalones de combate V1 Marca: drag\u00f3n borde Art\u00edculo: 2760 RG Material: 50% Algod\u00f3n y 50% poli\u00e9ster tejido resistente al desgarro con tratamiento a prueba de agua Cremalleras de calidad de la marca YKK, 100% gancho y lazo de nailon, Rodilleras anticolisi\u00f3n. Funci\u00f3n: 10 bolsillos m\u00faltiples para satisfacer una variedad de EDC. [&hellip;]<\/p>\n","protected":false},"featured_media":62107,"comment_status":"open","ping_status":"closed","template":"","meta":{"jetpack_publicize_message":"","jetpack_publicize_feature_enabled":true,"jetpack_social_post_already_shared":true,"jetpack_social_options":{"image_generator_settings":{"template":"highway","enabled":false},"version":2}},"product_brand":[],"product_cat":[190,62],"product_tag":[],"class_list":{"0":"post-62061","1":"product","2":"type-product","3":"status-publish","4":"has-post-thumbnail","6":"product_cat-pantalones-hombre","7":"product_cat-vestuario-hombre","9":"first","10":"instock","11":"taxable","12":"shipping-taxable","13":"purchasable","14":"product-type-variable"},"jetpack_publicize_connections":[],"jetpack_sharing_enabled":true,"_links":{"self":[{"href":"https:\/\/bodegaoutdoor.cl\/store\/wp-json\/wp\/v2\/product\/62061","targetHints":{"allow":["GET"]}}],"collection":[{"href":"https:\/\/bodegaoutdoor.cl\/store\/wp-json\/wp\/v2\/product"}],"about":[{"href":"https:\/\/bodegaoutdoor.cl\/store\/wp-json\/wp\/v2\/types\/product"}],"replies":[{"embeddable":true,"href":"https:\/\/bodegaoutdoor.cl\/store\/wp-json\/wp\/v2\/comments?post=62061"}],"version-history":[{"count":12,"href":"https:\/\/bodegaoutdoor.cl\/store\/wp-json\/wp\/v2\/product\/62061\/revisions"}],"predecessor-version":[{"id":62184,"href":"https:\/\/bodegaoutdoor.cl\/store\/wp-json\/wp\/v2\/product\/62061\/revisions\/62184"}],"wp:featuredmedia":[{"embeddable":true,"href":"https:\/\/bodegaoutdoor.cl\/store\/wp-json\/wp\/v2\/media\/62107"}],"wp:attachment":[{"href":"https:\/\/bodegaoutdoor.cl\/store\/wp-json\/wp\/v2\/media?parent=62061"}],"wp:term":[{"taxonomy":"product_brand","embeddable":true,"href":"https:\/\/bodegaoutdoor.cl\/store\/wp-json\/wp\/v2\/product_brand?post=62061"},{"taxonomy":"product_cat","embeddable":true,"href":"https:\/\/bodegaoutdoor.cl\/store\/wp-json\/wp\/v2\/product_cat?post=62061"},{"taxonomy":"product_tag","embeddable":true,"href":"https:\/\/bodegaoutdoor.cl\/store\/wp-json\/wp\/v2\/product_tag?post=62061"}],"curies":[{"name":"wp","href":"https:\/\/api.w.org\/{rel}","templated":true}]}}