{"id":62567,"date":"2022-09-30T15:44:24","date_gmt":"2022-09-30T18:44:24","guid":{"rendered":"https:\/\/bodegaoutdoor.cl\/store\/?post_type=product&#038;p=62567"},"modified":"2023-05-04T19:18:40","modified_gmt":"2023-05-04T23:18:40","slug":"carpa-iglu-nautika-cherokee-2-3-personas","status":"publish","type":"product","link":"https:\/\/bodegaoutdoor.cl\/store\/product\/carpa-iglu-nautika-cherokee-2-3-personas\/","title":{"rendered":"Carpa Igl\u00fa Nautika Cherokee 2\/3 personas"},"content":{"rendered":"<p>Esta carpa pertenece a la l\u00ednea Cherokee GT, que es la l\u00ednea de carpas premium de Nautika. Su dise\u00f1o de \u00faltima tecnolog\u00eda est\u00e1 enfocado en entregar un sue\u00f1o c\u00f3modo y reparador al usuario. Dentro de sus caracter\u00edsticas se encuentran su tela ultra fina respirable que permite ventilaci\u00f3n constante y su tela de mosquitero interior que evita el ingreso de cualquier tipo de insectos y mosquitos, garantizando un descanso sin interrupciones. En cuanto a sus atributos t\u00e9cnicos, su estructura de igl\u00fa posee gran estabilidad gracias a sus varillas de fibra de vidrio altamente flexibles y resistentes.<\/p>\n<p><strong>Caracter\u00edsticas Generales:<\/strong><\/p>\n<ul>\n<li>Capacidad: 2-3 personas<\/li>\n<li>Estaciones: 3<\/li>\n<li>Peso: 2.6 kilos<\/li>\n<li>Dimensiones carpa armada: largo: 210 cms, ancho 155 cms, alto 115 cms<\/li>\n<li>Dimensiones de embalaje: 60 x 13 x 13 cms<\/li>\n<\/ul>\n<p><strong>Caracter\u00edsticas Materiales:<\/strong><\/p>\n<ul>\n<li>Cubretecho: Poli\u00e9ster 190T impermeabilizado con Poliuretano en 2.500 mm de columna de agua.<\/li>\n<li>Interior: Tela mosquitero ultra fina que evita la entrada de todo tipo de mosquitos e insectos.<\/li>\n<li>Piso: Polietileno de alta densidad, anti-hongo.<\/li>\n<li>Estructura: Varillas de fibra de vidrio de mayor di\u00e1metro que las convencionales, unidas por el\u00e1sticos internos y fabricadas con tecnolog\u00eda Nano Fiber (blanca) y Flex Max (Roja) con materiales 100% v\u00edrgenes que proporcionan mayor resistencia y flexibilidad.<\/li>\n<li>Otras caracter\u00edsticas: \u00c1bside especial con toldo. Cumple con los requisitos de inflamabilidad CPAI-84 (telas con tratamiento piroretardante). Costuras selladas.<\/li>\n<\/ul>\n<p><img fetchpriority=\"high\" decoding=\"async\" class=\"alignnone size-full wp-image-62569\" src=\"https:\/\/bodegaoutdoor.cl\/store\/wp-content\/uploads\/2022\/09\/productos_021907520000000.jpg\" alt=\"\" width=\"2000\" height=\"2000\" srcset=\"https:\/\/bodegaoutdoor.cl\/store\/wp-content\/uploads\/2022\/09\/productos_021907520000000.jpg 2000w, https:\/\/bodegaoutdoor.cl\/store\/wp-content\/uploads\/2022\/09\/productos_021907520000000-300x300.jpg 300w, https:\/\/bodegaoutdoor.cl\/store\/wp-content\/uploads\/2022\/09\/productos_021907520000000-100x100.jpg 100w, https:\/\/bodegaoutdoor.cl\/store\/wp-content\/uploads\/2022\/09\/productos_021907520000000-600x600.jpg 600w, https:\/\/bodegaoutdoor.cl\/store\/wp-content\/uploads\/2022\/09\/productos_021907520000000-150x150.jpg 150w, https:\/\/bodegaoutdoor.cl\/store\/wp-content\/uploads\/2022\/09\/productos_021907520000000-768x768.jpg 768w, https:\/\/bodegaoutdoor.cl\/store\/wp-content\/uploads\/2022\/09\/productos_021907520000000-32x32.jpg 32w, https:\/\/bodegaoutdoor.cl\/store\/wp-content\/uploads\/2022\/09\/productos_021907520000000-1536x1536.jpg 1536w\" sizes=\"(max-width: 2000px) 100vw, 2000px\" \/><\/p>\n\n    <div class=\"xs_social_share_widget xs_share_url after_content \t\tmain_content  wslu-style-1 wslu-share-box-shaped wslu-fill-colored wslu-none wslu-share-horizontal wslu-theme-font-no wslu-main_content\">\n\n\t\t\n        <ul>\n\t\t\t        <\/ul>\n    <\/div> \n","protected":false},"excerpt":{"rendered":"<p>Esta carpa pertenece a la l\u00ednea Cherokee GT, que es la l\u00ednea de carpas premium de Nautika. Su dise\u00f1o de \u00faltima tecnolog\u00eda est\u00e1 enfocado en entregar un sue\u00f1o c\u00f3modo y reparador al usuario. Dentro de sus caracter\u00edsticas se encuentran su tela ultra fina respirable que permite ventilaci\u00f3n constante y su tela de mosquitero interior que [&hellip;]<\/p>\n","protected":false},"featured_media":62570,"comment_status":"open","ping_status":"closed","template":"","meta":{"jetpack_publicize_message":"","jetpack_publicize_feature_enabled":true,"jetpack_social_post_already_shared":true,"jetpack_social_options":{"image_generator_settings":{"template":"highway","enabled":false},"version":2}},"product_brand":[],"product_cat":[227,67],"product_tag":[],"class_list":{"0":"post-62567","1":"product","2":"type-product","3":"status-publish","4":"has-post-thumbnail","6":"product_cat-carpas-1-2-personas","7":"product_cat-carpas-camping","9":"first","10":"instock","11":"taxable","12":"shipping-taxable","13":"product-type-simple"},"jetpack_publicize_connections":[],"jetpack_sharing_enabled":true,"_links":{"self":[{"href":"https:\/\/bodegaoutdoor.cl\/store\/wp-json\/wp\/v2\/product\/62567","targetHints":{"allow":["GET"]}}],"collection":[{"href":"https:\/\/bodegaoutdoor.cl\/store\/wp-json\/wp\/v2\/product"}],"about":[{"href":"https:\/\/bodegaoutdoor.cl\/store\/wp-json\/wp\/v2\/types\/product"}],"replies":[{"embeddable":true,"href":"https:\/\/bodegaoutdoor.cl\/store\/wp-json\/wp\/v2\/comments?post=62567"}],"version-history":[{"count":2,"href":"https:\/\/bodegaoutdoor.cl\/store\/wp-json\/wp\/v2\/product\/62567\/revisions"}],"predecessor-version":[{"id":62572,"href":"https:\/\/bodegaoutdoor.cl\/store\/wp-json\/wp\/v2\/product\/62567\/revisions\/62572"}],"wp:featuredmedia":[{"embeddable":true,"href":"https:\/\/bodegaoutdoor.cl\/store\/wp-json\/wp\/v2\/media\/62570"}],"wp:attachment":[{"href":"https:\/\/bodegaoutdoor.cl\/store\/wp-json\/wp\/v2\/media?parent=62567"}],"wp:term":[{"taxonomy":"product_brand","embeddable":true,"href":"https:\/\/bodegaoutdoor.cl\/store\/wp-json\/wp\/v2\/product_brand?post=62567"},{"taxonomy":"product_cat","embeddable":true,"href":"https:\/\/bodegaoutdoor.cl\/store\/wp-json\/wp\/v2\/product_cat?post=62567"},{"taxonomy":"product_tag","embeddable":true,"href":"https:\/\/bodegaoutdoor.cl\/store\/wp-json\/wp\/v2\/product_tag?post=62567"}],"curies":[{"name":"wp","href":"https:\/\/api.w.org\/{rel}","templated":true}]}}