{"id":62573,"date":"2022-09-30T15:50:12","date_gmt":"2022-09-30T18:50:12","guid":{"rendered":"https:\/\/bodegaoutdoor.cl\/store\/?post_type=product&#038;p=62573"},"modified":"2023-05-04T19:18:40","modified_gmt":"2023-05-04T23:18:40","slug":"carpa-iglu-nautika-falcon-2","status":"publish","type":"product","link":"https:\/\/bodegaoutdoor.cl\/store\/product\/carpa-iglu-nautika-falcon-2\/","title":{"rendered":"Carpa Igl\u00fa Nautika Falcon 2"},"content":{"rendered":"<p>La carpa Falcon 2 tiene la capacidad de albergar c\u00f3modamente a una persona de hasta 1,90m. Considerada como la mejor compa\u00f1era de aventuras por muchos campistas, la Falcon 2 es muy liviana y vers\u00e1til. Su dise\u00f1o protege contra lluvias ligeras y a la vez cuenta con una peque\u00f1a ventana para ventilaci\u00f3n.<\/p>\n<p><strong>Car\u00e1cter\u00edsticas Generales:<\/strong><\/p>\n<ul>\n<li>Capacidad: 2 personas<\/li>\n<li>Estaciones: 2<\/li>\n<li>Peso: 1,8 kg<\/li>\n<li>Dimensiones carpa armada: largo: 200 cms, \u00e1bside: 30 cms, ancho: 130 cms, alto: 100 cms<\/li>\n<li>Dimensiones de embalaje: 53 x 11 x 12 cms<\/li>\n<\/ul>\n<p><strong>Caracter\u00edsticas Materiales:<\/strong><\/p>\n<ul>\n<li>Cubretecho: poli\u00e9ster 190T impermeabilizado con Poliuretano de 1.000 mm de columna de agua.<\/li>\n<li>Interior: poli\u00e9ster 190T respirable y tela mosquitero.<\/li>\n<li>Piso: polietileno de alta densidad, anti-hongos.<\/li>\n<li>Estructura: varillas de fibra de vidrio.<\/li>\n<\/ul>\n<p><img fetchpriority=\"high\" decoding=\"async\" class=\"alignnone size-full wp-image-62575\" src=\"https:\/\/bodegaoutdoor.cl\/store\/wp-content\/uploads\/2022\/09\/D_NQ_NP_867241-MLC31872387765_082019-O.jpg\" alt=\"\" width=\"470\" height=\"500\" \/> <img decoding=\"async\" class=\"alignnone size-full wp-image-62577\" src=\"https:\/\/bodegaoutdoor.cl\/store\/wp-content\/uploads\/2022\/09\/productos_271608540000001.jpg\" alt=\"\" width=\"800\" height=\"800\" srcset=\"https:\/\/bodegaoutdoor.cl\/store\/wp-content\/uploads\/2022\/09\/productos_271608540000001.jpg 800w, https:\/\/bodegaoutdoor.cl\/store\/wp-content\/uploads\/2022\/09\/productos_271608540000001-300x300.jpg 300w, https:\/\/bodegaoutdoor.cl\/store\/wp-content\/uploads\/2022\/09\/productos_271608540000001-100x100.jpg 100w, https:\/\/bodegaoutdoor.cl\/store\/wp-content\/uploads\/2022\/09\/productos_271608540000001-600x600.jpg 600w, https:\/\/bodegaoutdoor.cl\/store\/wp-content\/uploads\/2022\/09\/productos_271608540000001-150x150.jpg 150w, https:\/\/bodegaoutdoor.cl\/store\/wp-content\/uploads\/2022\/09\/productos_271608540000001-768x768.jpg 768w, https:\/\/bodegaoutdoor.cl\/store\/wp-content\/uploads\/2022\/09\/productos_271608540000001-32x32.jpg 32w\" sizes=\"(max-width: 800px) 100vw, 800px\" \/> <img decoding=\"async\" class=\"alignnone size-full wp-image-62578\" src=\"https:\/\/bodegaoutdoor.cl\/store\/wp-content\/uploads\/2022\/09\/productos_271608540000002.jpg\" alt=\"\" width=\"800\" height=\"800\" srcset=\"https:\/\/bodegaoutdoor.cl\/store\/wp-content\/uploads\/2022\/09\/productos_271608540000002.jpg 800w, https:\/\/bodegaoutdoor.cl\/store\/wp-content\/uploads\/2022\/09\/productos_271608540000002-300x300.jpg 300w, https:\/\/bodegaoutdoor.cl\/store\/wp-content\/uploads\/2022\/09\/productos_271608540000002-100x100.jpg 100w, https:\/\/bodegaoutdoor.cl\/store\/wp-content\/uploads\/2022\/09\/productos_271608540000002-600x600.jpg 600w, https:\/\/bodegaoutdoor.cl\/store\/wp-content\/uploads\/2022\/09\/productos_271608540000002-150x150.jpg 150w, https:\/\/bodegaoutdoor.cl\/store\/wp-content\/uploads\/2022\/09\/productos_271608540000002-768x768.jpg 768w, https:\/\/bodegaoutdoor.cl\/store\/wp-content\/uploads\/2022\/09\/productos_271608540000002-32x32.jpg 32w\" sizes=\"(max-width: 800px) 100vw, 800px\" \/><\/p>\n<p>&nbsp;<\/p>\n\n    <div class=\"xs_social_share_widget xs_share_url after_content \t\tmain_content  wslu-style-1 wslu-share-box-shaped wslu-fill-colored wslu-none wslu-share-horizontal wslu-theme-font-no wslu-main_content\">\n\n\t\t\n        <ul>\n\t\t\t        <\/ul>\n    <\/div> \n","protected":false},"excerpt":{"rendered":"<p>La carpa Falcon 2 tiene la capacidad de albergar c\u00f3modamente a una persona de hasta 1,90m. Considerada como la mejor compa\u00f1era de aventuras por muchos campistas, la Falcon 2 es muy liviana y vers\u00e1til. Su dise\u00f1o protege contra lluvias ligeras y a la vez cuenta con una peque\u00f1a ventana para ventilaci\u00f3n. Car\u00e1cter\u00edsticas Generales: Capacidad: 2 [&hellip;]<\/p>\n","protected":false},"featured_media":62576,"comment_status":"open","ping_status":"closed","template":"","meta":{"jetpack_publicize_message":"","jetpack_publicize_feature_enabled":true,"jetpack_social_post_already_shared":true,"jetpack_social_options":{"image_generator_settings":{"template":"highway","enabled":false},"version":2}},"product_brand":[],"product_cat":[227,67],"product_tag":[],"class_list":{"0":"post-62573","1":"product","2":"type-product","3":"status-publish","4":"has-post-thumbnail","6":"product_cat-carpas-1-2-personas","7":"product_cat-carpas-camping","9":"first","10":"instock","11":"sale","12":"taxable","13":"shipping-taxable","14":"purchasable","15":"product-type-simple"},"jetpack_publicize_connections":[],"jetpack_sharing_enabled":true,"_links":{"self":[{"href":"https:\/\/bodegaoutdoor.cl\/store\/wp-json\/wp\/v2\/product\/62573","targetHints":{"allow":["GET"]}}],"collection":[{"href":"https:\/\/bodegaoutdoor.cl\/store\/wp-json\/wp\/v2\/product"}],"about":[{"href":"https:\/\/bodegaoutdoor.cl\/store\/wp-json\/wp\/v2\/types\/product"}],"replies":[{"embeddable":true,"href":"https:\/\/bodegaoutdoor.cl\/store\/wp-json\/wp\/v2\/comments?post=62573"}],"version-history":[{"count":1,"href":"https:\/\/bodegaoutdoor.cl\/store\/wp-json\/wp\/v2\/product\/62573\/revisions"}],"predecessor-version":[{"id":62579,"href":"https:\/\/bodegaoutdoor.cl\/store\/wp-json\/wp\/v2\/product\/62573\/revisions\/62579"}],"wp:featuredmedia":[{"embeddable":true,"href":"https:\/\/bodegaoutdoor.cl\/store\/wp-json\/wp\/v2\/media\/62576"}],"wp:attachment":[{"href":"https:\/\/bodegaoutdoor.cl\/store\/wp-json\/wp\/v2\/media?parent=62573"}],"wp:term":[{"taxonomy":"product_brand","embeddable":true,"href":"https:\/\/bodegaoutdoor.cl\/store\/wp-json\/wp\/v2\/product_brand?post=62573"},{"taxonomy":"product_cat","embeddable":true,"href":"https:\/\/bodegaoutdoor.cl\/store\/wp-json\/wp\/v2\/product_cat?post=62573"},{"taxonomy":"product_tag","embeddable":true,"href":"https:\/\/bodegaoutdoor.cl\/store\/wp-json\/wp\/v2\/product_tag?post=62573"}],"curies":[{"name":"wp","href":"https:\/\/api.w.org\/{rel}","templated":true}]}}