{"id":62580,"date":"2022-09-30T16:00:09","date_gmt":"2022-09-30T19:00:09","guid":{"rendered":"https:\/\/bodegaoutdoor.cl\/store\/?post_type=product&#038;p=62580"},"modified":"2023-05-04T19:18:40","modified_gmt":"2023-05-04T23:18:40","slug":"saco-de-dormir-nautika-mummy","status":"publish","type":"product","link":"https:\/\/bodegaoutdoor.cl\/store\/product\/saco-de-dormir-nautika-mummy\/","title":{"rendered":"Saco de Dormir Nautika Mummy"},"content":{"rendered":"<h4><strong>Saco de Dormir Nautika Mummy<\/strong><\/h4>\n<p><strong>Descripci\u00f3n:<\/strong><\/p>\n<p>Este saco te mantendr\u00e1 c\u00f3modo y c\u00e1lido durante tus noches de camping. Elaborado de algod\u00f3n en su interior y poli\u00e9ster en su exterior, este saco garantiza un sue\u00f1o reponedor.<\/p>\n<p>&nbsp;<\/p>\n<p><strong>Caracter\u00edsticas Generales:<\/strong><\/p>\n<p>Saco de dormir tipo momia que minimiza la p\u00e9rdida de calor<\/p>\n<p>Posee sistema de ajuste que permite cerrar completamente la capucha<\/p>\n<p>Incluye huinchas compactadoras<\/p>\n<p>Temperatura de confort: 8\u00baC<\/p>\n<p>Temperatura extrema: -1\u00baC<\/p>\n<p>DISPONIBILIDAD DE COLOR SEG\u00daN STOCK<\/p>\n<p><strong>Materiales:<\/strong><\/p>\n<p>Tela exterior: Nylon ripstop (anti-desgarro) 21 OT<\/p>\n<p>Tela interior: Algod\u00f3n con poli\u00e9ster<\/p>\n<p>Relleno: 300 gr\/m2 de Hollow Fiber<\/p>\n<p>&nbsp;<\/p>\n<p><strong>Dimensiones:<\/strong><\/p>\n<p>Largo: 230 cms<\/p>\n<p>Ancho: 80 cms m\u00e1ximo y 55 cms m\u00ednimo<\/p>\n<p>Peso: 1,5 kg<\/p>\n<p>&nbsp;<\/p>\n<p><strong>Dimensiones Bulto:<\/strong><\/p>\n<p>Largo: 42 cms<\/p>\n<p>Di\u00e1metro: 22 cms<\/p>\n<p>&nbsp;<\/p>\n<p>&nbsp;<\/p>\n\n    <div class=\"xs_social_share_widget xs_share_url after_content \t\tmain_content  wslu-style-1 wslu-share-box-shaped wslu-fill-colored wslu-none wslu-share-horizontal wslu-theme-font-no wslu-main_content\">\n\n\t\t\n        <ul>\n\t\t\t        <\/ul>\n    <\/div> \n","protected":false},"excerpt":{"rendered":"<p>Saco de Dormir Nautika Mummy Descripci\u00f3n: Este saco te mantendr\u00e1 c\u00f3modo y c\u00e1lido durante tus noches de camping. Elaborado de algod\u00f3n en su interior y poli\u00e9ster en su exterior, este saco garantiza un sue\u00f1o reponedor. &nbsp; Caracter\u00edsticas Generales: Saco de dormir tipo momia que minimiza la p\u00e9rdida de calor Posee sistema de ajuste que permite [&hellip;]<\/p>\n","protected":false},"featured_media":62581,"comment_status":"open","ping_status":"closed","template":"","meta":{"jetpack_publicize_message":"","jetpack_publicize_feature_enabled":true,"jetpack_social_post_already_shared":true,"jetpack_social_options":{"image_generator_settings":{"template":"highway","enabled":false},"version":2}},"product_brand":[],"product_cat":[533],"product_tag":[2976],"class_list":{"0":"post-62580","1":"product","2":"type-product","3":"status-publish","4":"has-post-thumbnail","6":"product_cat-saco-de-dormir","7":"product_tag-saco-dormir","9":"first","10":"instock","11":"sale","12":"taxable","13":"shipping-taxable","14":"purchasable","15":"product-type-simple"},"jetpack_publicize_connections":[],"jetpack_sharing_enabled":true,"_links":{"self":[{"href":"https:\/\/bodegaoutdoor.cl\/store\/wp-json\/wp\/v2\/product\/62580","targetHints":{"allow":["GET"]}}],"collection":[{"href":"https:\/\/bodegaoutdoor.cl\/store\/wp-json\/wp\/v2\/product"}],"about":[{"href":"https:\/\/bodegaoutdoor.cl\/store\/wp-json\/wp\/v2\/types\/product"}],"replies":[{"embeddable":true,"href":"https:\/\/bodegaoutdoor.cl\/store\/wp-json\/wp\/v2\/comments?post=62580"}],"version-history":[{"count":1,"href":"https:\/\/bodegaoutdoor.cl\/store\/wp-json\/wp\/v2\/product\/62580\/revisions"}],"predecessor-version":[{"id":62585,"href":"https:\/\/bodegaoutdoor.cl\/store\/wp-json\/wp\/v2\/product\/62580\/revisions\/62585"}],"wp:featuredmedia":[{"embeddable":true,"href":"https:\/\/bodegaoutdoor.cl\/store\/wp-json\/wp\/v2\/media\/62581"}],"wp:attachment":[{"href":"https:\/\/bodegaoutdoor.cl\/store\/wp-json\/wp\/v2\/media?parent=62580"}],"wp:term":[{"taxonomy":"product_brand","embeddable":true,"href":"https:\/\/bodegaoutdoor.cl\/store\/wp-json\/wp\/v2\/product_brand?post=62580"},{"taxonomy":"product_cat","embeddable":true,"href":"https:\/\/bodegaoutdoor.cl\/store\/wp-json\/wp\/v2\/product_cat?post=62580"},{"taxonomy":"product_tag","embeddable":true,"href":"https:\/\/bodegaoutdoor.cl\/store\/wp-json\/wp\/v2\/product_tag?post=62580"}],"curies":[{"name":"wp","href":"https:\/\/api.w.org\/{rel}","templated":true}]}}