{"id":62592,"date":"2022-09-30T16:05:55","date_gmt":"2022-09-30T19:05:55","guid":{"rendered":"https:\/\/bodegaoutdoor.cl\/store\/?post_type=product&#038;p=62592"},"modified":"2023-05-04T19:18:40","modified_gmt":"2023-05-04T23:18:40","slug":"saco-de-dormir-nautika-viper","status":"publish","type":"product","link":"https:\/\/bodegaoutdoor.cl\/store\/product\/saco-de-dormir-nautika-viper\/","title":{"rendered":"Saco de Dormir Nautika Viper"},"content":{"rendered":"<p><strong>Caracter\u00edsticas Generales:<\/strong><\/p>\n<p>Saco de dormir Kupl\u00e9 doble esta dise\u00f1ado especialmente para los paseos en pareja, es de 2 plazas, posee 2 almohadas y viene con compactador de sacos. Kupl\u00e9 tiene la particularidad de dividirse y formar dos sacos individuales donde uno mide 1.90 m de alto y el otro 2.10 m de alto, permitiendo as\u00ed facilitar su transporte.<\/p>\n<p>\u2022 Rango de temperatura: -5\u00b0C a 5\u00b0C<br \/>\n\u2022 Viene con una bolsa de transporte con cinta de compresi\u00f3n<br \/>\n\u2022 Capucha incorporada en la parte superior<br \/>\n\u2022 Tiene dos almohada\u2022 Material interior: Algod\u00f3n con poli\u00e9ster cepillado<br \/>\n\u2022 Material exterior: Poli\u00e9ster 210T<br \/>\n\u2022 Relleno: Fibra hueca<br \/>\n\u2022 Peso del producto:<br \/>\n4,5 kg \u2022 Dimensiones: 2,1 m x 1,5 m<br \/>\n\u2022 Marca: NTK<\/p>\n<p>&nbsp;<\/p>\n<p><strong>Material:<\/strong><\/p>\n<ul>\n<li>Tela exterior: Rip stop rombo<\/li>\n<li>Tela interior: Algod\u00f3n<\/li>\n<\/ul>\n<p><strong>Dimensiones:<\/strong><\/p>\n<ul>\n<li>Alto: 2.10 metros<\/li>\n<li>Largo: 1.50 metros<\/li>\n<li>Rango de temperatura: -5\u00b0C extrema, hasta 5\u00b0C confort<\/li>\n<li>Peso 4.5 Kg<\/li>\n<\/ul>\n\n    <div class=\"xs_social_share_widget xs_share_url after_content \t\tmain_content  wslu-style-1 wslu-share-box-shaped wslu-fill-colored wslu-none wslu-share-horizontal wslu-theme-font-no wslu-main_content\">\n\n\t\t\n        <ul>\n\t\t\t        <\/ul>\n    <\/div> \n","protected":false},"excerpt":{"rendered":"<p>Caracter\u00edsticas Generales: Saco de dormir Kupl\u00e9 doble esta dise\u00f1ado especialmente para los paseos en pareja, es de 2 plazas, posee 2 almohadas y viene con compactador de sacos. Kupl\u00e9 tiene la particularidad de dividirse y formar dos sacos individuales donde uno mide 1.90 m de alto y el otro 2.10 m de alto, permitiendo as\u00ed [&hellip;]<\/p>\n","protected":false},"featured_media":62595,"comment_status":"open","ping_status":"closed","template":"","meta":{"jetpack_publicize_message":"","jetpack_publicize_feature_enabled":true,"jetpack_social_post_already_shared":true,"jetpack_social_options":{"image_generator_settings":{"template":"highway","enabled":false},"version":2}},"product_brand":[],"product_cat":[533],"product_tag":[],"class_list":{"0":"post-62592","1":"product","2":"type-product","3":"status-publish","4":"has-post-thumbnail","6":"product_cat-saco-de-dormir","8":"first","9":"instock","10":"sale","11":"taxable","12":"shipping-taxable","13":"purchasable","14":"product-type-simple"},"jetpack_publicize_connections":[],"jetpack_sharing_enabled":true,"_links":{"self":[{"href":"https:\/\/bodegaoutdoor.cl\/store\/wp-json\/wp\/v2\/product\/62592","targetHints":{"allow":["GET"]}}],"collection":[{"href":"https:\/\/bodegaoutdoor.cl\/store\/wp-json\/wp\/v2\/product"}],"about":[{"href":"https:\/\/bodegaoutdoor.cl\/store\/wp-json\/wp\/v2\/types\/product"}],"replies":[{"embeddable":true,"href":"https:\/\/bodegaoutdoor.cl\/store\/wp-json\/wp\/v2\/comments?post=62592"}],"version-history":[{"count":1,"href":"https:\/\/bodegaoutdoor.cl\/store\/wp-json\/wp\/v2\/product\/62592\/revisions"}],"predecessor-version":[{"id":62596,"href":"https:\/\/bodegaoutdoor.cl\/store\/wp-json\/wp\/v2\/product\/62592\/revisions\/62596"}],"wp:featuredmedia":[{"embeddable":true,"href":"https:\/\/bodegaoutdoor.cl\/store\/wp-json\/wp\/v2\/media\/62595"}],"wp:attachment":[{"href":"https:\/\/bodegaoutdoor.cl\/store\/wp-json\/wp\/v2\/media?parent=62592"}],"wp:term":[{"taxonomy":"product_brand","embeddable":true,"href":"https:\/\/bodegaoutdoor.cl\/store\/wp-json\/wp\/v2\/product_brand?post=62592"},{"taxonomy":"product_cat","embeddable":true,"href":"https:\/\/bodegaoutdoor.cl\/store\/wp-json\/wp\/v2\/product_cat?post=62592"},{"taxonomy":"product_tag","embeddable":true,"href":"https:\/\/bodegaoutdoor.cl\/store\/wp-json\/wp\/v2\/product_tag?post=62592"}],"curies":[{"name":"wp","href":"https:\/\/api.w.org\/{rel}","templated":true}]}}