{"id":62619,"date":"2022-09-30T16:27:11","date_gmt":"2022-09-30T19:27:11","guid":{"rendered":"https:\/\/bodegaoutdoor.cl\/store\/?post_type=product&#038;p=62619"},"modified":"2023-05-04T19:18:39","modified_gmt":"2023-05-04T23:18:39","slug":"colchon-inflable-nautika-zenite-single","status":"publish","type":"product","link":"https:\/\/bodegaoutdoor.cl\/store\/product\/colchon-inflable-nautika-zenite-single\/","title":{"rendered":"Colch\u00f3n inflable Nautika Zenite Single"},"content":{"rendered":"<p><strong>Caracter\u00edsticas Generales:<\/strong><\/p>\n<ul>\n<li>Colch\u00f3n inflable tama\u00f1o single<\/li>\n<li>Con inflador incorporado<\/li>\n<li>Posee dos v\u00e1lvulas, una de inflado y otra con sistema de vaciado r\u00e1pido<\/li>\n<li>Incluye kit de reparaci\u00f3n<\/li>\n<\/ul>\n<p><strong>Materiales:<\/strong><\/p>\n<ul>\n<li>Parte superior: PVC aterciopelado<\/li>\n<li>Parte inferior: PVC<\/li>\n<\/ul>\n<p><strong>Dimensiones:<\/strong><\/p>\n<ul>\n<li>Largo: 187 cms<\/li>\n<li>Ancho: 77 cms<\/li>\n<li>Alto: 23 cms<\/li>\n<li>Peso: 2,1 kg<\/li>\n<\/ul>\n<p><strong>Dimensiones Embalaje:<\/strong><\/p>\n<ul>\n<li>Largo: 33 cms<\/li>\n<li>Ancho: 28 cms<\/li>\n<li>Alto: 12 cms<\/li>\n<\/ul>\n\n    <div class=\"xs_social_share_widget xs_share_url after_content \t\tmain_content  wslu-style-1 wslu-share-box-shaped wslu-fill-colored wslu-none wslu-share-horizontal wslu-theme-font-no wslu-main_content\">\n\n\t\t\n        <ul>\n\t\t\t        <\/ul>\n    <\/div> \n","protected":false},"excerpt":{"rendered":"<p>Caracter\u00edsticas Generales: Colch\u00f3n inflable tama\u00f1o single Con inflador incorporado Posee dos v\u00e1lvulas, una de inflado y otra con sistema de vaciado r\u00e1pido Incluye kit de reparaci\u00f3n Materiales: Parte superior: PVC aterciopelado Parte inferior: PVC Dimensiones: Largo: 187 cms Ancho: 77 cms Alto: 23 cms Peso: 2,1 kg Dimensiones Embalaje: Largo: 33 cms Ancho: 28 cms [&hellip;]<\/p>\n","protected":false},"featured_media":62620,"comment_status":"open","ping_status":"closed","template":"","meta":{"jetpack_publicize_message":"","jetpack_publicize_feature_enabled":true,"jetpack_social_post_already_shared":true,"jetpack_social_options":{"image_generator_settings":{"template":"highway","enabled":false},"version":2}},"product_brand":[],"product_cat":[710],"product_tag":[],"class_list":{"0":"post-62619","1":"product","2":"type-product","3":"status-publish","4":"has-post-thumbnail","6":"product_cat-colchonetas-camping","8":"first","9":"instock","10":"sale","11":"taxable","12":"shipping-taxable","13":"purchasable","14":"product-type-simple"},"jetpack_publicize_connections":[],"jetpack_sharing_enabled":true,"_links":{"self":[{"href":"https:\/\/bodegaoutdoor.cl\/store\/wp-json\/wp\/v2\/product\/62619","targetHints":{"allow":["GET"]}}],"collection":[{"href":"https:\/\/bodegaoutdoor.cl\/store\/wp-json\/wp\/v2\/product"}],"about":[{"href":"https:\/\/bodegaoutdoor.cl\/store\/wp-json\/wp\/v2\/types\/product"}],"replies":[{"embeddable":true,"href":"https:\/\/bodegaoutdoor.cl\/store\/wp-json\/wp\/v2\/comments?post=62619"}],"version-history":[{"count":1,"href":"https:\/\/bodegaoutdoor.cl\/store\/wp-json\/wp\/v2\/product\/62619\/revisions"}],"predecessor-version":[{"id":62626,"href":"https:\/\/bodegaoutdoor.cl\/store\/wp-json\/wp\/v2\/product\/62619\/revisions\/62626"}],"wp:featuredmedia":[{"embeddable":true,"href":"https:\/\/bodegaoutdoor.cl\/store\/wp-json\/wp\/v2\/media\/62620"}],"wp:attachment":[{"href":"https:\/\/bodegaoutdoor.cl\/store\/wp-json\/wp\/v2\/media?parent=62619"}],"wp:term":[{"taxonomy":"product_brand","embeddable":true,"href":"https:\/\/bodegaoutdoor.cl\/store\/wp-json\/wp\/v2\/product_brand?post=62619"},{"taxonomy":"product_cat","embeddable":true,"href":"https:\/\/bodegaoutdoor.cl\/store\/wp-json\/wp\/v2\/product_cat?post=62619"},{"taxonomy":"product_tag","embeddable":true,"href":"https:\/\/bodegaoutdoor.cl\/store\/wp-json\/wp\/v2\/product_tag?post=62619"}],"curies":[{"name":"wp","href":"https:\/\/api.w.org\/{rel}","templated":true}]}}