{"id":62796,"date":"2022-10-07T10:02:25","date_gmt":"2022-10-07T13:02:25","guid":{"rendered":"https:\/\/bodegaoutdoor.cl\/store\/product\/wosawe-chaqueta-de-armadura-de-motocicleta-chaleco-de-armadura-elastica-equipo-de-carreras-motocross-bicicleta-de-carretera-ropa-de-proteccion-corporal\/"},"modified":"2023-05-04T19:18:39","modified_gmt":"2023-05-04T23:18:39","slug":"wosawe-chaqueta-de-armadura-de-motocicleta-chaleco-de-armadura-elastica-equipo-de-carreras-motocross-bicicleta-de-carretera-ropa-de-proteccion-corporal","status":"publish","type":"product","link":"https:\/\/bodegaoutdoor.cl\/store\/product\/wosawe-chaqueta-de-armadura-de-motocicleta-chaleco-de-armadura-elastica-equipo-de-carreras-motocross-bicicleta-de-carretera-ropa-de-proteccion-corporal\/","title":{"rendered":"WOSAWE-Jofa Proteccion moto Chaqueta  de motocicleta, chaleco de el\u00e1stica, equipo de carreras, Motocross, ropa de protecci\u00f3n corporal"},"content":{"rendered":"<div>\n<p style=\"font-family: 'OpenSans'; color: #000; font-weight: 900; font-size: 20px; line-height: 28px; margin-bottom: 12px;\">WOSAWE-Chaqueta de armadura el\u00e1stica para motocicleta, chaleco de protecci\u00f3n corporal para el pecho, para Motocross, todoterreno<\/p>\n<p style=\"font-family: 'OpenSans'; color: #000; font-weight: 300; font-size: 14px; line-height: 20px; margin-bottom: 12px;\">Descripci\u00f3n:<\/p>\n<p>La armadura de motocicleta WOSAWE puede estar disponible para proteger al m\u00e1ximo el pecho, la espalda, la cintura y otras partes importantes. Gran protector para dirt bike, bicicleta de monta\u00f1a, motocicleta, ciclismo, skateboarding, esqu\u00ed y otros deportes al aire libre.<\/p>\n<p>Caracter\u00edsticas del producto:<\/p>\n<p>Dise\u00f1o ergon\u00f3mico<\/p>\n<p>Material EVA amortiguador<\/p>\n<p>Tela Interior suave y agradable a la piel<\/p>\n<p>Reflectante y dise\u00f1o novedoso de moda, m\u00e1s seguro<\/p>\n<p>Carcasa protectora de PE anticolisi\u00f3n, duradera y resistente<\/p>\n<p>El equipo de protecci\u00f3n se puede doblar, movimiento m\u00e1s flexible<\/p>\n<p>M\u00faltiples orificios de ventilaci\u00f3n en la carcasa protectora, buena permeabilidad al aire<\/p>\n<p>Pegatina m\u00e1gica ajustable, hebilla ajustable y dise\u00f1o de armadura de pecho extra\u00edble<\/p>\n<p>El paquete incluye: 1 armadura de motocicleta<\/p>\n<p>Especificaciones:<\/p>\n<p>Marca: WOSAWE<\/p>\n<p>Nombre del producto: Armadura de motocicleta<\/p>\n<p>Modelo: ML216<\/p>\n<p>Color: Negro<\/p>\n<p>G\u00e9nero: Unisex<\/p>\n<p>Peso: aproximadamente 658G\/1.45LB<\/p>\n<p>Paquete: bolsa de malla<\/p>\n<p>Tama\u00f1o: talla \u00fanica para todos los adultos<\/p>\n<p>Material: EVA + PE<\/p>\n<p>Aplicaci\u00f3n: motocicleta, moto de cross, bicicleta de monta\u00f1a, ciclismo, Skateboarding, esqu\u00ed, etc.<\/p>\n<p><img decoding=\"async\" src=\"https:\/\/bodegaoutdoor.cl\/store\/wp-content\/uploads\/2022\/10\/62796-ovkbpe.jpg\" \/><img decoding=\"async\" src=\"https:\/\/bodegaoutdoor.cl\/store\/wp-content\/uploads\/2022\/10\/62796-uphnhu.jpg\" \/><img decoding=\"async\" src=\"https:\/\/bodegaoutdoor.cl\/store\/wp-content\/uploads\/2022\/10\/62796-lfx9tg.jpg\" \/><img decoding=\"async\" src=\"https:\/\/bodegaoutdoor.cl\/store\/wp-content\/uploads\/2022\/10\/62796-u3kgfy.jpg\" \/><img decoding=\"async\" src=\"https:\/\/bodegaoutdoor.cl\/store\/wp-content\/uploads\/2022\/10\/62796-iesfwg.jpg\" \/><img decoding=\"async\" src=\"https:\/\/bodegaoutdoor.cl\/store\/wp-content\/uploads\/2022\/10\/62796-notzay.jpg\" \/><img decoding=\"async\" src=\"https:\/\/bodegaoutdoor.cl\/store\/wp-content\/uploads\/2022\/10\/62796-gg9njo.jpg\" \/><img decoding=\"async\" src=\"https:\/\/bodegaoutdoor.cl\/store\/wp-content\/uploads\/2022\/10\/62796-oqb9tf.jpg\" \/><img decoding=\"async\" src=\"https:\/\/bodegaoutdoor.cl\/store\/wp-content\/uploads\/2022\/10\/62796-g8kgd9.jpg\" \/><img decoding=\"async\" src=\"https:\/\/bodegaoutdoor.cl\/store\/wp-content\/uploads\/2022\/10\/62796-5zzaug.jpg\" \/><img decoding=\"async\" src=\"https:\/\/bodegaoutdoor.cl\/store\/wp-content\/uploads\/2022\/10\/62796-c8kdr3.jpg\" \/><img decoding=\"async\" src=\"https:\/\/bodegaoutdoor.cl\/store\/wp-content\/uploads\/2022\/10\/62796-c5iwsm.jpg\" \/><img decoding=\"async\" src=\"https:\/\/bodegaoutdoor.cl\/store\/wp-content\/uploads\/2022\/10\/62796-xomh2j.jpg\" \/><img decoding=\"async\" src=\"https:\/\/bodegaoutdoor.cl\/store\/wp-content\/uploads\/2022\/10\/62796-rfvf8m.jpg\" \/><img decoding=\"async\" src=\"https:\/\/bodegaoutdoor.cl\/store\/wp-content\/uploads\/2022\/10\/62796-4nrqzs.jpg\" \/><img decoding=\"async\" src=\"https:\/\/bodegaoutdoor.cl\/store\/wp-content\/uploads\/2022\/10\/62796-ovlxty.jpg\" \/><img decoding=\"async\" src=\"https:\/\/bodegaoutdoor.cl\/store\/wp-content\/uploads\/2022\/10\/62796-aaxlqc.jpg\" \/><img decoding=\"async\" src=\"https:\/\/bodegaoutdoor.cl\/store\/wp-content\/uploads\/2022\/10\/62796-lom6bd.jpg\" \/><img decoding=\"async\" src=\"https:\/\/bodegaoutdoor.cl\/store\/wp-content\/uploads\/2022\/10\/62796-dsuhyo.jpg\" \/><img decoding=\"async\" src=\"https:\/\/bodegaoutdoor.cl\/store\/wp-content\/uploads\/2022\/10\/62796-tfhihc.jpg\" \/><img decoding=\"async\" src=\"https:\/\/bodegaoutdoor.cl\/store\/wp-content\/uploads\/2022\/10\/62796-kx0qpa.jpg\" \/><img decoding=\"async\" src=\"https:\/\/bodegaoutdoor.cl\/store\/wp-content\/uploads\/2022\/10\/62796-jwej5x.jpg\" \/><img decoding=\"async\" src=\"https:\/\/bodegaoutdoor.cl\/store\/wp-content\/uploads\/2022\/10\/62796-lqafe6.jpg\" \/><img decoding=\"async\" src=\"https:\/\/bodegaoutdoor.cl\/store\/wp-content\/uploads\/2022\/10\/62796-ihqhi1.jpg\" \/><img decoding=\"async\" src=\"https:\/\/bodegaoutdoor.cl\/store\/wp-content\/uploads\/2022\/10\/62796-hjqy5v.jpg\" \/><img decoding=\"async\" src=\"https:\/\/bodegaoutdoor.cl\/store\/wp-content\/uploads\/2022\/10\/62796-xwwwax.jpg\" \/><img decoding=\"async\" src=\"https:\/\/bodegaoutdoor.cl\/store\/wp-content\/uploads\/2022\/10\/62796-6animq.jpg\" \/><img decoding=\"async\" src=\"https:\/\/bodegaoutdoor.cl\/store\/wp-content\/uploads\/2022\/10\/62796-r3dnbl.jpg\" \/><img decoding=\"async\" src=\"https:\/\/bodegaoutdoor.cl\/store\/wp-content\/uploads\/2022\/10\/62796-fbtzhm.jpg\" \/><img decoding=\"async\" src=\"https:\/\/bodegaoutdoor.cl\/store\/wp-content\/uploads\/2022\/10\/62796-gaeayq.jpg\" \/><img decoding=\"async\" src=\"https:\/\/bodegaoutdoor.cl\/store\/wp-content\/uploads\/2022\/10\/62796-mop3ia.jpg\" \/><img decoding=\"async\" src=\"https:\/\/bodegaoutdoor.cl\/store\/wp-content\/uploads\/2022\/10\/62796-ahdl6f.jpg\" \/><img decoding=\"async\" src=\"https:\/\/bodegaoutdoor.cl\/store\/wp-content\/uploads\/2022\/10\/62796-r2bbv2.jpg\" \/><img decoding=\"async\" src=\"\/\/ae01.alicdn.com\/kf\/H5880a9f0ac914b96acfb8fda15da082av.jpg\" \/><img decoding=\"async\" src=\"\/\/ae01.alicdn.com\/kf\/H6dd73a8245c943eaa734e18d7f1069670.jpg\" \/><img decoding=\"async\" src=\"\/\/ae01.alicdn.com\/kf\/Hc3210d292ec14f36be67df14e1cd43c6M.jpg\" \/><img decoding=\"async\" src=\"\/\/ae01.alicdn.com\/kf\/H333051ec4601472aada6ce84e05e01b94.jpg\" \/><img decoding=\"async\" src=\"\/\/ae01.alicdn.com\/kf\/He131dc1ffd074ca981e0b7743c94cfe4t.jpg\" \/><img decoding=\"async\" src=\"\/\/ae01.alicdn.com\/kf\/H33b3b96e3aae4d6ca31c4e37b4b3b0c7h.jpg\" \/><\/p>\n<\/div>\n\n    <div class=\"xs_social_share_widget xs_share_url after_content \t\tmain_content  wslu-style-1 wslu-share-box-shaped wslu-fill-colored wslu-none wslu-share-horizontal wslu-theme-font-no wslu-main_content\">\n\n\t\t\n        <ul>\n\t\t\t        <\/ul>\n    <\/div> \n","protected":false},"excerpt":{"rendered":"<p>WOSAWE-Chaqueta de armadura el\u00e1stica para motocicleta, chaleco de protecci\u00f3n corporal para el pecho, para Motocross, todoterreno Descripci\u00f3n: La armadura de motocicleta WOSAWE puede estar disponible para proteger al m\u00e1ximo el pecho, la espalda, la cintura y otras partes importantes. Gran protector para dirt bike, bicicleta de monta\u00f1a, motocicleta, ciclismo, skateboarding, esqu\u00ed y otros deportes al [&hellip;]<\/p>\n","protected":false},"featured_media":62797,"comment_status":"open","ping_status":"closed","template":"","meta":{"jetpack_publicize_message":"","jetpack_publicize_feature_enabled":true,"jetpack_social_post_already_shared":true,"jetpack_social_options":{"image_generator_settings":{"template":"highway","enabled":false},"version":2}},"product_brand":[],"product_cat":[1159],"product_tag":[3980,2797],"class_list":{"0":"post-62796","1":"product","2":"type-product","3":"status-publish","4":"has-post-thumbnail","6":"product_cat-protecciones","7":"product_tag-jofas","8":"product_tag-motocross","10":"first","11":"instock","12":"taxable","13":"shipping-taxable","14":"purchasable","15":"product-type-simple"},"jetpack_publicize_connections":[],"jetpack_sharing_enabled":true,"_links":{"self":[{"href":"https:\/\/bodegaoutdoor.cl\/store\/wp-json\/wp\/v2\/product\/62796","targetHints":{"allow":["GET"]}}],"collection":[{"href":"https:\/\/bodegaoutdoor.cl\/store\/wp-json\/wp\/v2\/product"}],"about":[{"href":"https:\/\/bodegaoutdoor.cl\/store\/wp-json\/wp\/v2\/types\/product"}],"replies":[{"embeddable":true,"href":"https:\/\/bodegaoutdoor.cl\/store\/wp-json\/wp\/v2\/comments?post=62796"}],"version-history":[{"count":43,"href":"https:\/\/bodegaoutdoor.cl\/store\/wp-json\/wp\/v2\/product\/62796\/revisions"}],"predecessor-version":[{"id":62884,"href":"https:\/\/bodegaoutdoor.cl\/store\/wp-json\/wp\/v2\/product\/62796\/revisions\/62884"}],"wp:featuredmedia":[{"embeddable":true,"href":"https:\/\/bodegaoutdoor.cl\/store\/wp-json\/wp\/v2\/media\/62797"}],"wp:attachment":[{"href":"https:\/\/bodegaoutdoor.cl\/store\/wp-json\/wp\/v2\/media?parent=62796"}],"wp:term":[{"taxonomy":"product_brand","embeddable":true,"href":"https:\/\/bodegaoutdoor.cl\/store\/wp-json\/wp\/v2\/product_brand?post=62796"},{"taxonomy":"product_cat","embeddable":true,"href":"https:\/\/bodegaoutdoor.cl\/store\/wp-json\/wp\/v2\/product_cat?post=62796"},{"taxonomy":"product_tag","embeddable":true,"href":"https:\/\/bodegaoutdoor.cl\/store\/wp-json\/wp\/v2\/product_tag?post=62796"}],"curies":[{"name":"wp","href":"https:\/\/api.w.org\/{rel}","templated":true}]}}