{"id":63081,"date":"2022-10-26T08:53:22","date_gmt":"2022-10-26T11:53:22","guid":{"rendered":"https:\/\/bodegaoutdoor.cl\/store\/product\/senbono-reloj-inteligente-para-hombre-pulsera-con-bateria-grande-rastreador-de-actividad-llamadas-bluetooth-para-ios-y-android-novedad-de-2022\/"},"modified":"2023-05-04T19:18:39","modified_gmt":"2023-05-04T23:18:39","slug":"senbono-reloj-inteligente-gran-capacidad-de-bateria-rastreador-de-actividad-llamadas-bluetooth-para-ios-y-android","status":"publish","type":"product","link":"https:\/\/bodegaoutdoor.cl\/store\/product\/senbono-reloj-inteligente-gran-capacidad-de-bateria-rastreador-de-actividad-llamadas-bluetooth-para-ios-y-android\/","title":{"rendered":"SENBONO-reloj inteligente ,gran capacidad de Bater\u00eda , rastreador de actividad, llamadas, Bluetooth, para IOS y Android"},"content":{"rendered":"<p style=\"text-align: center;\"><video style=\"max-width: 100%;\" src=\"\/\/cloud.video.taobao.com\/play\/u\/1636497676\/p\/1\/e\/6\/t\/10301\/1100084111412.mp4\" poster=\"https:\/\/ae01.alicdn.com\/kf\/A799e146ff8364b4cab1a558ba04c425b5\/SENBONO-reloj-inteligente-para-hombre-pulsera-con-Bater-a-grande-rastreador-de-actividad-llamadas-Bluetooth-para.jpg,https:\/\/ae01.alicdn.com\/kf\/S04a5271924384b00993f2b354fc99888S\/SENBONO-reloj-inteligente-para-hombre-pulsera-con-Bater-a-grande-rastreador-de-actividad-llamadas-Bluetooth-para.jpg,https:\/\/ae01.alicdn.com\/kf\/S9f426239759a429e8317da3df9feb13fQ\/SENBONO-reloj-inteligente-para-hombre-pulsera-con-Bater-a-grande-rastreador-de-actividad-llamadas-Bluetooth-para.jpg,https:\/\/ae01.alicdn.com\/kf\/S4d78a10f0e6f4a64b356113a544a59442\/SENBONO-reloj-inteligente-para-hombre-pulsera-con-Bater-a-grande-rastreador-de-actividad-llamadas-Bluetooth-para.jpg,https:\/\/ae01.alicdn.com\/kf\/S42036827e80d4566a255845ff16ba829C\/SENBONO-reloj-inteligente-para-hombre-pulsera-con-Bater-a-grande-rastreador-de-actividad-llamadas-Bluetooth-para.jpg,https:\/\/ae01.alicdn.com\/kf\/S90e91cc333064528bde2b6ee5aa614d3i\/SENBONO-reloj-inteligente-para-hombre-pulsera-con-Bater-a-grande-rastreador-de-actividad-llamadas-Bluetooth-para.jpg\" preload=\"auto\" controls=\"controls\" width=\"100%\" height=\"100%\"><\/video><\/p>\n<div>\n<div>\n<p>&nbsp;<\/p>\n<p>&nbsp;<\/p>\n<p>&nbsp;<\/p>\n<p>&nbsp;<\/p>\n<p>&nbsp;<\/p>\n<p>&nbsp;<\/p>\n<p>&nbsp;<\/p>\n<div><\/div>\n<div>\n<div>\n<div>\n<div>\n<div>\n<div style=\"overflow: hidden; height: 0px;\">Modname = ckeditor<\/div>\n<div>\n<div><\/div>\n<div><\/div>\n<div>\n<div>\n<div>\n<div id=\"1100091617943\" data-previewurl=\"\/\/ae01.alicdn.com\/kf\/Sdd2d3c5e996d450b9c2d53c3bff197398.jpg\"><\/div>\n<\/div>\n<\/div>\n<\/div>\n<div><\/div>\n<p><span style=\"font-size: 16px;\">Nombre de la aplicaci\u00f3n: DaFit<\/span><\/p>\n<p><span style=\"font-size: 16px;\">Idioma de la aplicaci\u00f3n:<\/span>\u00c1rabe, b\u00falgaro, polaco, bosnio, dan\u00e9s, alem\u00e1n, ruso, franc\u00e9s, chino tradicional, finland\u00e9s, coreano, holand\u00e9s, chino simplificado, checo, croata, rumano, noruego, portugu\u00e9s, Pashto, japon\u00e9s, sueco, eslovaco, tailand\u00e9s, turco, ucraniano, espa\u00f1ol, griego, h\u00fangaro, italiano, Hindi, indonesio, ingl\u00e9s, vietnamita<\/p>\n<p><span style=\"font-size: 16px;\">Idioma del reloj:<\/span>Chino, chino tradicional, ingl\u00e9s, alem\u00e1n, coreano, espa\u00f1ol, japon\u00e9s, franc\u00e9s, ruso, \u00e1rabe, ucraniano, italiano, portugu\u00e9s<\/p>\n<p>Caracter\u00edsticas:<\/p>\n<p>1. Pantalla IPS HD de pulgadas;<\/p>\n<p>Bater\u00eda de 2.320mAh;<\/p>\n<p>3. Resistencia al agua IP67;<\/p>\n<p>4. Rastreador de deportes GPS. Puedes usarlo en la aplicaci\u00f3n;.<\/p>\n<p>5. Rastreador de Fitness;<\/p>\n<p>6. Esferas personalizadas;<\/p>\n<p>7. Reloj inteligente para IOS android;<\/p>\n<p><img decoding=\"async\" title=\"SENBONO-reloj inteligente para hombre, pulsera con Bater\u00eda grande, rastreador de actividad, llamadas, Bluetooth, para IOS y Android, novedad de 2022\" src=\"https:\/\/bodegaoutdoor.cl\/store\/wp-content\/uploads\/2022\/10\/63081-mh3jsh.jpg\" alt=\"SENBONO-reloj inteligente para hombre, pulsera con Bater\u00eda grande, rastreador de actividad, llamadas, Bluetooth, para IOS y Android, novedad de 2022\" \/><\/p>\n<p>Recordatorio de llamada y pulsador de mensaje, no se pierda una llamada importante.<\/p>\n<p><img decoding=\"async\" title=\"SENBONO-reloj inteligente para hombre, pulsera con Bater\u00eda grande, rastreador de actividad, llamadas, Bluetooth, para IOS y Android, novedad de 2022\" src=\"https:\/\/bodegaoutdoor.cl\/store\/wp-content\/uploads\/2022\/10\/63081-1l0qmc.jpg\" alt=\"SENBONO-reloj inteligente para hombre, pulsera con Bater\u00eda grande, rastreador de actividad, llamadas, Bluetooth, para IOS y Android, novedad de 2022\" \/><\/p>\n<p><img decoding=\"async\" title=\"SENBONO-reloj inteligente para hombre, pulsera con Bater\u00eda grande, rastreador de actividad, llamadas, Bluetooth, para IOS y Android, novedad de 2022\" src=\"https:\/\/bodegaoutdoor.cl\/store\/wp-content\/uploads\/2022\/10\/63081-r0ofsn.jpg\" alt=\"SENBONO-reloj inteligente para hombre, pulsera con Bater\u00eda grande, rastreador de actividad, llamadas, Bluetooth, para IOS y Android, novedad de 2022\" \/><\/p>\n<p><img decoding=\"async\" title=\"SENBONO-reloj inteligente para hombre, pulsera con Bater\u00eda grande, rastreador de actividad, llamadas, Bluetooth, para IOS y Android, novedad de 2022\" src=\"https:\/\/bodegaoutdoor.cl\/store\/wp-content\/uploads\/2022\/10\/63081-wmbrbf.jpg\" alt=\"SENBONO-reloj inteligente para hombre, pulsera con Bater\u00eda grande, rastreador de actividad, llamadas, Bluetooth, para IOS y Android, novedad de 2022\" \/><\/p>\n<p><img decoding=\"async\" title=\"SENBONO-reloj inteligente para hombre, pulsera con Bater\u00eda grande, rastreador de actividad, llamadas, Bluetooth, para IOS y Android, novedad de 2022\" src=\"https:\/\/bodegaoutdoor.cl\/store\/wp-content\/uploads\/2022\/10\/63081-mzad9i.jpg\" alt=\"SENBONO-reloj inteligente para hombre, pulsera con Bater\u00eda grande, rastreador de actividad, llamadas, Bluetooth, para IOS y Android, novedad de 2022\" \/><\/p>\n<p>Reproductor de m\u00fasica<\/p>\n<p><img decoding=\"async\" title=\"SENBONO-reloj inteligente para hombre, pulsera con Bater\u00eda grande, rastreador de actividad, llamadas, Bluetooth, para IOS y Android, novedad de 2022\" src=\"https:\/\/bodegaoutdoor.cl\/store\/wp-content\/uploads\/2022\/10\/63081-jjxomf.jpg\" alt=\"SENBONO-reloj inteligente para hombre, pulsera con Bater\u00eda grande, rastreador de actividad, llamadas, Bluetooth, para IOS y Android, novedad de 2022\" \/><\/p>\n<p><img decoding=\"async\" title=\"SENBONO-reloj inteligente para hombre, pulsera con Bater\u00eda grande, rastreador de actividad, llamadas, Bluetooth, para IOS y Android, novedad de 2022\" src=\"https:\/\/bodegaoutdoor.cl\/store\/wp-content\/uploads\/2022\/10\/63081-wrxhsq.jpg\" alt=\"SENBONO-reloj inteligente para hombre, pulsera con Bater\u00eda grande, rastreador de actividad, llamadas, Bluetooth, para IOS y Android, novedad de 2022\" \/><\/p>\n<p><span style=\"font-size: 16px;\">Preguntas Frecuentes<\/span><\/p>\n<div><\/div>\n<p><span style=\"font-size: 16px;\">P1: \u00bfCu\u00e1nto tiempo se tarda en cargar y cu\u00e1nto tiempo dura?<\/span><\/p>\n<div><\/div>\n<p><span style=\"font-size: 16px;\">Aproximadamente 2h,5-7 d\u00edas de uso, aproximadamente 20-30 d\u00edas de espera.<\/span><\/p>\n<div><\/div>\n<p><span style=\"font-size: 16px;\">P2: \u00bfsi este reloj inteligente puede tomar la piscina de ba\u00f1o?<\/span><\/p>\n<div><\/div>\n<p><span style=\"font-size: 16px;\">No se recomienda usar un reloj para nadar o ba\u00f1arse, porque solo tiene resistencia al agua. L\u00e1vese las manos, lave la ropa, etc., para que pueda usarla sin preocupaciones (no admite agua caliente o sauna)<\/span><\/p>\n<div><\/div>\n<p><span style=\"font-size: 16px;\">P3: \u00bfse empaquetar\u00e1 cada reloj?<\/span><\/p>\n<div><\/div>\n<p><span style=\"font-size: 16px;\">S\u00ed, cada reloj tendr\u00e1 una caja de embalaje, intente asegurarse de que el paquete est\u00e9 da\u00f1ado.<\/span><\/p>\n<div><\/div>\n<p><span style=\"font-size: 16px;\">P4: \u00bfes precisa la frecuencia card\u00edaca, la presi\u00f3n arterial u otra funci\u00f3n?<\/span><\/p>\n<div><\/div>\n<p><span style=\"font-size: 16px;\">Para ser honesto, es solo un asistente deportivo y de salud, no se puede considerar como equipo m\u00e9dico, le sugerimos que compre un dispositivo m\u00e9dico profesional si es necesario.<\/span><\/p>\n<div><\/div>\n<p><span style=\"font-size: 16px;\">P5: \u00bfpor qu\u00e9 el bluetooth no funciona?<\/span><\/p>\n<div><\/div>\n<p><span style=\"font-size: 16px;\">El servicio bluetooth de algunos tel\u00e9fonos puede ocasionalmente no ser normal al reiniciar, y generalmente se puede resolver despu\u00e9s de reiniciar.<\/span><\/p>\n<div><\/div>\n<p><span style=\"font-size: 16px;\">P6: \u00bfAdmite pantalla personalizada como esfera de reloj?<\/span><\/p>\n<div><\/div>\n<p><span style=\"font-size: 16px;\">S\u00ed. Puedes hacer una foto como esfera de reloj.<\/span><\/p>\n<div><\/div>\n<p><span style=\"font-size: 16px;\">Aviso: No lo compares con el equipo hospitalario para leer, \u00a1no es un dispositivo m\u00e9dico! Antes de usar, escanee el c\u00f3digo QR en el manual para descargar la aplicaci\u00f3n y con\u00e9ctelo al reloj con la aplicaci\u00f3n.<\/span><\/p>\n<div><\/div>\n<p><span style=\"font-size: 16px;\">\u00bfPor qu\u00e9 elegirnos?<\/span><\/p>\n<div><\/div>\n<p><span style=\"font-size: 16px;\">* Promesa 100% Original &#8212;&#8212;&#8211; \u00a1pida directamente de f\u00e1brica con la caja original del paquete!<\/span><\/p>\n<div><\/div>\n<p><span style=\"font-size: 16px;\">* Admite venta al por mayor y triangulaci\u00f3n de compras, \u00a1Bienvenido a unirse a nosotros!<\/span><\/p>\n<\/div>\n<\/div>\n<\/div>\n<\/div>\n<p>&nbsp;<\/p>\n<\/div>\n<\/div>\n<p>&nbsp;<\/p>\n<p>&nbsp;<\/p>\n<p>&nbsp;<\/p>\n<p>&nbsp;<\/p>\n<p>&nbsp;<\/p>\n<p>&nbsp;<\/p>\n<p>&nbsp;<\/p>\n<p>&nbsp;<\/p>\n<p>&nbsp;<\/p>\n<p>&nbsp;<\/p>\n<p>&nbsp;<\/p>\n<p>&nbsp;<\/p>\n<p>&nbsp;<\/p>\n<p>&nbsp;<\/p>\n<\/div>\n<\/div>\n\n    <div class=\"xs_social_share_widget xs_share_url after_content \t\tmain_content  wslu-style-1 wslu-share-box-shaped wslu-fill-colored wslu-none wslu-share-horizontal wslu-theme-font-no wslu-main_content\">\n\n\t\t\n        <ul>\n\t\t\t        <\/ul>\n    <\/div> \n","protected":false},"excerpt":{"rendered":"<p>&nbsp; &nbsp; &nbsp; &nbsp; &nbsp; &nbsp; &nbsp; Modname = ckeditor Nombre de la aplicaci\u00f3n: DaFit Idioma de la aplicaci\u00f3n:\u00c1rabe, b\u00falgaro, polaco, bosnio, dan\u00e9s, alem\u00e1n, ruso, franc\u00e9s, chino tradicional, finland\u00e9s, coreano, holand\u00e9s, chino simplificado, checo, croata, rumano, noruego, portugu\u00e9s, Pashto, japon\u00e9s, sueco, eslovaco, tailand\u00e9s, turco, ucraniano, espa\u00f1ol, griego, h\u00fangaro, italiano, Hindi, indonesio, ingl\u00e9s, vietnamita Idioma del [&hellip;]<\/p>\n","protected":false},"featured_media":63122,"comment_status":"open","ping_status":"closed","template":"","meta":{"jetpack_publicize_message":"","jetpack_publicize_feature_enabled":true,"jetpack_social_post_already_shared":true,"jetpack_social_options":{"image_generator_settings":{"template":"highway","enabled":false},"version":2}},"product_brand":[],"product_cat":[36],"product_tag":[],"class_list":{"0":"post-63081","1":"product","2":"type-product","3":"status-publish","4":"has-post-thumbnail","6":"product_cat-relojes","8":"first","9":"instock","10":"taxable","11":"shipping-taxable","12":"purchasable","13":"product-type-variable"},"jetpack_publicize_connections":[],"jetpack_sharing_enabled":true,"_links":{"self":[{"href":"https:\/\/bodegaoutdoor.cl\/store\/wp-json\/wp\/v2\/product\/63081","targetHints":{"allow":["GET"]}}],"collection":[{"href":"https:\/\/bodegaoutdoor.cl\/store\/wp-json\/wp\/v2\/product"}],"about":[{"href":"https:\/\/bodegaoutdoor.cl\/store\/wp-json\/wp\/v2\/types\/product"}],"replies":[{"embeddable":true,"href":"https:\/\/bodegaoutdoor.cl\/store\/wp-json\/wp\/v2\/comments?post=63081"}],"version-history":[{"count":10,"href":"https:\/\/bodegaoutdoor.cl\/store\/wp-json\/wp\/v2\/product\/63081\/revisions"}],"predecessor-version":[{"id":63188,"href":"https:\/\/bodegaoutdoor.cl\/store\/wp-json\/wp\/v2\/product\/63081\/revisions\/63188"}],"wp:featuredmedia":[{"embeddable":true,"href":"https:\/\/bodegaoutdoor.cl\/store\/wp-json\/wp\/v2\/media\/63122"}],"wp:attachment":[{"href":"https:\/\/bodegaoutdoor.cl\/store\/wp-json\/wp\/v2\/media?parent=63081"}],"wp:term":[{"taxonomy":"product_brand","embeddable":true,"href":"https:\/\/bodegaoutdoor.cl\/store\/wp-json\/wp\/v2\/product_brand?post=63081"},{"taxonomy":"product_cat","embeddable":true,"href":"https:\/\/bodegaoutdoor.cl\/store\/wp-json\/wp\/v2\/product_cat?post=63081"},{"taxonomy":"product_tag","embeddable":true,"href":"https:\/\/bodegaoutdoor.cl\/store\/wp-json\/wp\/v2\/product_tag?post=63081"}],"curies":[{"name":"wp","href":"https:\/\/api.w.org\/{rel}","templated":true}]}}