{"id":63205,"date":"2022-11-11T16:27:53","date_gmt":"2022-11-11T19:27:53","guid":{"rendered":"https:\/\/bodegaoutdoor.cl\/store\/?post_type=product&#038;p=63205"},"modified":"2023-05-04T19:18:39","modified_gmt":"2023-05-04T23:18:39","slug":"luz-delantera-con-parlante-bluetooth-y-banco-de-carga","status":"publish","type":"product","link":"https:\/\/bodegaoutdoor.cl\/store\/product\/luz-delantera-con-parlante-bluetooth-y-banco-de-carga\/","title":{"rendered":"Luz delantera con parlante Bluetooth y banco de carga"},"content":{"rendered":"<p>Luz delantera recargable con parlante para conectar con tu dispositivo m\u00f3vil v\u00eda bluetooth y escuchar tu m\u00fasica favorita.<\/p>\n<p>Ademas sirve como banco de carga para cuando te quedes con poca bater\u00eda puedas recargar el celular en este producto multifuncional.<\/p>\n<p>&nbsp;<\/p>\n<p><img fetchpriority=\"high\" decoding=\"async\" class=\"alignnone size-medium wp-image-63212\" src=\"https:\/\/bodegaoutdoor.cl\/store\/wp-content\/uploads\/2022\/11\/1637355603164_edit_94462831409022-1.jpg\" alt=\"\" width=\"1000\" height=\"1000\" srcset=\"https:\/\/bodegaoutdoor.cl\/store\/wp-content\/uploads\/2022\/11\/1637355603164_edit_94462831409022-1.jpg 1000w, https:\/\/bodegaoutdoor.cl\/store\/wp-content\/uploads\/2022\/11\/1637355603164_edit_94462831409022-1-300x300.jpg 300w, https:\/\/bodegaoutdoor.cl\/store\/wp-content\/uploads\/2022\/11\/1637355603164_edit_94462831409022-1-100x100.jpg 100w, https:\/\/bodegaoutdoor.cl\/store\/wp-content\/uploads\/2022\/11\/1637355603164_edit_94462831409022-1-600x600.jpg 600w, https:\/\/bodegaoutdoor.cl\/store\/wp-content\/uploads\/2022\/11\/1637355603164_edit_94462831409022-1-150x150.jpg 150w, https:\/\/bodegaoutdoor.cl\/store\/wp-content\/uploads\/2022\/11\/1637355603164_edit_94462831409022-1-768x768.jpg 768w, https:\/\/bodegaoutdoor.cl\/store\/wp-content\/uploads\/2022\/11\/1637355603164_edit_94462831409022-1-32x32.jpg 32w\" sizes=\"(max-width: 1000px) 100vw, 1000px\" \/> <img decoding=\"async\" class=\"alignnone size-medium wp-image-63213\" src=\"https:\/\/bodegaoutdoor.cl\/store\/wp-content\/uploads\/2022\/11\/1637355609043-1.jpg\" alt=\"\" width=\"1000\" height=\"1000\" srcset=\"https:\/\/bodegaoutdoor.cl\/store\/wp-content\/uploads\/2022\/11\/1637355609043-1.jpg 1000w, https:\/\/bodegaoutdoor.cl\/store\/wp-content\/uploads\/2022\/11\/1637355609043-1-300x300.jpg 300w, https:\/\/bodegaoutdoor.cl\/store\/wp-content\/uploads\/2022\/11\/1637355609043-1-100x100.jpg 100w, https:\/\/bodegaoutdoor.cl\/store\/wp-content\/uploads\/2022\/11\/1637355609043-1-600x600.jpg 600w, https:\/\/bodegaoutdoor.cl\/store\/wp-content\/uploads\/2022\/11\/1637355609043-1-150x150.jpg 150w, https:\/\/bodegaoutdoor.cl\/store\/wp-content\/uploads\/2022\/11\/1637355609043-1-768x768.jpg 768w, https:\/\/bodegaoutdoor.cl\/store\/wp-content\/uploads\/2022\/11\/1637355609043-1-32x32.jpg 32w\" sizes=\"(max-width: 1000px) 100vw, 1000px\" \/> <img decoding=\"async\" class=\"alignnone size-medium wp-image-63214\" src=\"https:\/\/bodegaoutdoor.cl\/store\/wp-content\/uploads\/2022\/11\/1637355614914-1.jpg\" alt=\"\" width=\"1000\" height=\"1000\" srcset=\"https:\/\/bodegaoutdoor.cl\/store\/wp-content\/uploads\/2022\/11\/1637355614914-1.jpg 1000w, https:\/\/bodegaoutdoor.cl\/store\/wp-content\/uploads\/2022\/11\/1637355614914-1-300x300.jpg 300w, https:\/\/bodegaoutdoor.cl\/store\/wp-content\/uploads\/2022\/11\/1637355614914-1-100x100.jpg 100w, https:\/\/bodegaoutdoor.cl\/store\/wp-content\/uploads\/2022\/11\/1637355614914-1-600x600.jpg 600w, https:\/\/bodegaoutdoor.cl\/store\/wp-content\/uploads\/2022\/11\/1637355614914-1-150x150.jpg 150w, https:\/\/bodegaoutdoor.cl\/store\/wp-content\/uploads\/2022\/11\/1637355614914-1-768x768.jpg 768w, https:\/\/bodegaoutdoor.cl\/store\/wp-content\/uploads\/2022\/11\/1637355614914-1-32x32.jpg 32w\" sizes=\"(max-width: 1000px) 100vw, 1000px\" \/> <img loading=\"lazy\" decoding=\"async\" class=\"alignnone size-medium wp-image-63215\" src=\"https:\/\/bodegaoutdoor.cl\/store\/wp-content\/uploads\/2022\/11\/1637355619672-1.jpg\" alt=\"\" width=\"1000\" height=\"1000\" srcset=\"https:\/\/bodegaoutdoor.cl\/store\/wp-content\/uploads\/2022\/11\/1637355619672-1.jpg 1000w, https:\/\/bodegaoutdoor.cl\/store\/wp-content\/uploads\/2022\/11\/1637355619672-1-300x300.jpg 300w, https:\/\/bodegaoutdoor.cl\/store\/wp-content\/uploads\/2022\/11\/1637355619672-1-100x100.jpg 100w, https:\/\/bodegaoutdoor.cl\/store\/wp-content\/uploads\/2022\/11\/1637355619672-1-600x600.jpg 600w, https:\/\/bodegaoutdoor.cl\/store\/wp-content\/uploads\/2022\/11\/1637355619672-1-150x150.jpg 150w, https:\/\/bodegaoutdoor.cl\/store\/wp-content\/uploads\/2022\/11\/1637355619672-1-768x768.jpg 768w, https:\/\/bodegaoutdoor.cl\/store\/wp-content\/uploads\/2022\/11\/1637355619672-1-32x32.jpg 32w\" sizes=\"(max-width: 1000px) 100vw, 1000px\" \/> <img loading=\"lazy\" decoding=\"async\" class=\"alignnone size-medium wp-image-63216\" src=\"https:\/\/bodegaoutdoor.cl\/store\/wp-content\/uploads\/2022\/11\/1637355702433-1.jpg\" alt=\"\" width=\"790\" height=\"1114\" srcset=\"https:\/\/bodegaoutdoor.cl\/store\/wp-content\/uploads\/2022\/11\/1637355702433-1.jpg 790w, https:\/\/bodegaoutdoor.cl\/store\/wp-content\/uploads\/2022\/11\/1637355702433-1-600x846.jpg 600w, https:\/\/bodegaoutdoor.cl\/store\/wp-content\/uploads\/2022\/11\/1637355702433-1-768x1083.jpg 768w\" sizes=\"(max-width: 790px) 100vw, 790px\" \/> <img loading=\"lazy\" decoding=\"async\" class=\"alignnone size-medium wp-image-63217\" src=\"https:\/\/bodegaoutdoor.cl\/store\/wp-content\/uploads\/2022\/11\/mmexport1637355510195-1.jpg\" alt=\"\" width=\"348\" height=\"640\" \/><\/p>\n\n    <div class=\"xs_social_share_widget xs_share_url after_content \t\tmain_content  wslu-style-1 wslu-share-box-shaped wslu-fill-colored wslu-none wslu-share-horizontal wslu-theme-font-no wslu-main_content\">\n\n\t\t\n        <ul>\n\t\t\t        <\/ul>\n    <\/div> \n","protected":false},"excerpt":{"rendered":"<p>Luz delantera recargable con parlante para conectar con tu dispositivo m\u00f3vil v\u00eda bluetooth y escuchar tu m\u00fasica favorita. Ademas sirve como banco de carga para cuando te quedes con poca bater\u00eda puedas recargar el celular en este producto multifuncional. &nbsp;<\/p>\n","protected":false},"featured_media":63212,"comment_status":"open","ping_status":"closed","template":"","meta":{"jetpack_publicize_message":"","jetpack_publicize_feature_enabled":true,"jetpack_social_post_already_shared":true,"jetpack_social_options":{"image_generator_settings":{"template":"highway","enabled":false},"version":2}},"product_brand":[],"product_cat":[2814,1295,35,957],"product_tag":[],"class_list":{"0":"post-63205","1":"product","2":"type-product","3":"status-publish","4":"has-post-thumbnail","6":"product_cat-camping","7":"product_cat-ciclismo","8":"product_cat-iliminacion","9":"product_cat-pesca","11":"first","12":"instock","13":"sale","14":"taxable","15":"shipping-taxable","16":"purchasable","17":"product-type-simple"},"jetpack_publicize_connections":[],"jetpack_sharing_enabled":true,"_links":{"self":[{"href":"https:\/\/bodegaoutdoor.cl\/store\/wp-json\/wp\/v2\/product\/63205","targetHints":{"allow":["GET"]}}],"collection":[{"href":"https:\/\/bodegaoutdoor.cl\/store\/wp-json\/wp\/v2\/product"}],"about":[{"href":"https:\/\/bodegaoutdoor.cl\/store\/wp-json\/wp\/v2\/types\/product"}],"replies":[{"embeddable":true,"href":"https:\/\/bodegaoutdoor.cl\/store\/wp-json\/wp\/v2\/comments?post=63205"}],"version-history":[{"count":1,"href":"https:\/\/bodegaoutdoor.cl\/store\/wp-json\/wp\/v2\/product\/63205\/revisions"}],"predecessor-version":[{"id":63218,"href":"https:\/\/bodegaoutdoor.cl\/store\/wp-json\/wp\/v2\/product\/63205\/revisions\/63218"}],"wp:featuredmedia":[{"embeddable":true,"href":"https:\/\/bodegaoutdoor.cl\/store\/wp-json\/wp\/v2\/media\/63212"}],"wp:attachment":[{"href":"https:\/\/bodegaoutdoor.cl\/store\/wp-json\/wp\/v2\/media?parent=63205"}],"wp:term":[{"taxonomy":"product_brand","embeddable":true,"href":"https:\/\/bodegaoutdoor.cl\/store\/wp-json\/wp\/v2\/product_brand?post=63205"},{"taxonomy":"product_cat","embeddable":true,"href":"https:\/\/bodegaoutdoor.cl\/store\/wp-json\/wp\/v2\/product_cat?post=63205"},{"taxonomy":"product_tag","embeddable":true,"href":"https:\/\/bodegaoutdoor.cl\/store\/wp-json\/wp\/v2\/product_tag?post=63205"}],"curies":[{"name":"wp","href":"https:\/\/api.w.org\/{rel}","templated":true}]}}