{"id":63239,"date":"2022-11-11T16:50:15","date_gmt":"2022-11-11T19:50:15","guid":{"rendered":"https:\/\/bodegaoutdoor.cl\/store\/?post_type=product&#038;p=63239"},"modified":"2023-05-04T19:18:39","modified_gmt":"2023-05-04T23:18:39","slug":"bicicleta-mtb-aluminio-aro-27-5","status":"publish","type":"product","link":"https:\/\/bodegaoutdoor.cl\/store\/product\/bicicleta-mtb-aluminio-aro-27-5\/","title":{"rendered":"Bicicleta MTB aluminio aro 27.5"},"content":{"rendered":"<ul>\n<li>Tipo de bicicleta: MTB<\/li>\n<li>Marca: DOOK<\/li>\n<li>Modelo: MTB<\/li>\n<li>Material del marco: Aluminio<\/li>\n<li>Aro: 27.5<\/li>\n<li>Numero de cambios: 1\u00d711<\/li>\n<li>Suspensi\u00f3n: Delantera con bloqueo<\/li>\n<li>Frenos: Hidr\u00e1ulicos<\/li>\n<li>Pedales: Aluminio<\/li>\n<li>Sill\u00edn: ergon\u00f3mico anti prost\u00e1tico<\/li>\n<li>Neum\u00e1ticos: 27.5\u00d72.10<\/li>\n<li>Accesorios: Pata de apoyo<\/li>\n<li>Pa\u00eds de origen: China<\/li>\n<\/ul>\n\n    <div class=\"xs_social_share_widget xs_share_url after_content \t\tmain_content  wslu-style-1 wslu-share-box-shaped wslu-fill-colored wslu-none wslu-share-horizontal wslu-theme-font-no wslu-main_content\">\n\n\t\t\n        <ul>\n\t\t\t        <\/ul>\n    <\/div> \n","protected":false},"excerpt":{"rendered":"<p>Tipo de bicicleta: MTB Marca: DOOK Modelo: MTB Material del marco: Aluminio Aro: 27.5 Numero de cambios: 1\u00d711 Suspensi\u00f3n: Delantera con bloqueo Frenos: Hidr\u00e1ulicos Pedales: Aluminio Sill\u00edn: ergon\u00f3mico anti prost\u00e1tico Neum\u00e1ticos: 27.5\u00d72.10 Accesorios: Pata de apoyo Pa\u00eds de origen: China<\/p>\n","protected":false},"featured_media":63244,"comment_status":"open","ping_status":"closed","template":"","meta":{"jetpack_publicize_message":"","jetpack_publicize_feature_enabled":true,"jetpack_social_post_already_shared":true,"jetpack_social_options":{"image_generator_settings":{"template":"highway","enabled":false},"version":2}},"product_brand":[],"product_cat":[3991],"product_tag":[],"class_list":{"0":"post-63239","1":"product","2":"type-product","3":"status-publish","4":"has-post-thumbnail","6":"product_cat-bicicletas","8":"first","9":"instock","10":"sale","11":"taxable","12":"shipping-taxable","13":"purchasable","14":"product-type-variable"},"jetpack_publicize_connections":[],"jetpack_sharing_enabled":true,"_links":{"self":[{"href":"https:\/\/bodegaoutdoor.cl\/store\/wp-json\/wp\/v2\/product\/63239","targetHints":{"allow":["GET"]}}],"collection":[{"href":"https:\/\/bodegaoutdoor.cl\/store\/wp-json\/wp\/v2\/product"}],"about":[{"href":"https:\/\/bodegaoutdoor.cl\/store\/wp-json\/wp\/v2\/types\/product"}],"replies":[{"embeddable":true,"href":"https:\/\/bodegaoutdoor.cl\/store\/wp-json\/wp\/v2\/comments?post=63239"}],"version-history":[{"count":1,"href":"https:\/\/bodegaoutdoor.cl\/store\/wp-json\/wp\/v2\/product\/63239\/revisions"}],"predecessor-version":[{"id":63250,"href":"https:\/\/bodegaoutdoor.cl\/store\/wp-json\/wp\/v2\/product\/63239\/revisions\/63250"}],"wp:featuredmedia":[{"embeddable":true,"href":"https:\/\/bodegaoutdoor.cl\/store\/wp-json\/wp\/v2\/media\/63244"}],"wp:attachment":[{"href":"https:\/\/bodegaoutdoor.cl\/store\/wp-json\/wp\/v2\/media?parent=63239"}],"wp:term":[{"taxonomy":"product_brand","embeddable":true,"href":"https:\/\/bodegaoutdoor.cl\/store\/wp-json\/wp\/v2\/product_brand?post=63239"},{"taxonomy":"product_cat","embeddable":true,"href":"https:\/\/bodegaoutdoor.cl\/store\/wp-json\/wp\/v2\/product_cat?post=63239"},{"taxonomy":"product_tag","embeddable":true,"href":"https:\/\/bodegaoutdoor.cl\/store\/wp-json\/wp\/v2\/product_tag?post=63239"}],"curies":[{"name":"wp","href":"https:\/\/api.w.org\/{rel}","templated":true}]}}