{"id":63322,"date":"2022-11-12T13:30:57","date_gmt":"2022-11-12T16:30:57","guid":{"rendered":"https:\/\/bodegaoutdoor.cl\/store\/?post_type=product&#038;p=63322"},"modified":"2023-05-04T19:18:38","modified_gmt":"2023-05-04T23:18:38","slug":"silla-plegable-corta","status":"publish","type":"product","link":"https:\/\/bodegaoutdoor.cl\/store\/product\/silla-plegable-corta\/","title":{"rendered":"Silla camping plegable corta"},"content":{"rendered":"<p>El marco de la silla es de hierro.<\/p>\n<p>El material de la tela es resistente al desgarro.<\/p>\n<p>La malla que tiene ayuda a evitar la sudoraci\u00f3n.<\/p>\n<p>El empaque de la silla desarmada es muy peque\u00f1o y f\u00e1cil de llevar.<\/p>\n<p><img fetchpriority=\"high\" decoding=\"async\" class=\"alignnone size-full wp-image-63337\" src=\"https:\/\/bodegaoutdoor.cl\/store\/wp-content\/uploads\/2022\/11\/WeChat-Image_20220811122125.jpg\" alt=\"\" width=\"800\" height=\"800\" srcset=\"https:\/\/bodegaoutdoor.cl\/store\/wp-content\/uploads\/2022\/11\/WeChat-Image_20220811122125.jpg 800w, https:\/\/bodegaoutdoor.cl\/store\/wp-content\/uploads\/2022\/11\/WeChat-Image_20220811122125-300x300.jpg 300w, https:\/\/bodegaoutdoor.cl\/store\/wp-content\/uploads\/2022\/11\/WeChat-Image_20220811122125-100x100.jpg 100w, https:\/\/bodegaoutdoor.cl\/store\/wp-content\/uploads\/2022\/11\/WeChat-Image_20220811122125-600x600.jpg 600w, https:\/\/bodegaoutdoor.cl\/store\/wp-content\/uploads\/2022\/11\/WeChat-Image_20220811122125-150x150.jpg 150w, https:\/\/bodegaoutdoor.cl\/store\/wp-content\/uploads\/2022\/11\/WeChat-Image_20220811122125-768x768.jpg 768w, https:\/\/bodegaoutdoor.cl\/store\/wp-content\/uploads\/2022\/11\/WeChat-Image_20220811122125-32x32.jpg 32w\" sizes=\"(max-width: 800px) 100vw, 800px\" \/> <img decoding=\"async\" class=\"alignnone size-medium wp-image-63336\" src=\"https:\/\/bodegaoutdoor.cl\/store\/wp-content\/uploads\/2022\/11\/30-21-NEGRO.png\" alt=\"\" width=\"800\" height=\"800\" srcset=\"https:\/\/bodegaoutdoor.cl\/store\/wp-content\/uploads\/2022\/11\/30-21-NEGRO.png 800w, https:\/\/bodegaoutdoor.cl\/store\/wp-content\/uploads\/2022\/11\/30-21-NEGRO-300x300.png 300w, https:\/\/bodegaoutdoor.cl\/store\/wp-content\/uploads\/2022\/11\/30-21-NEGRO-100x100.png 100w, https:\/\/bodegaoutdoor.cl\/store\/wp-content\/uploads\/2022\/11\/30-21-NEGRO-600x600.png 600w, https:\/\/bodegaoutdoor.cl\/store\/wp-content\/uploads\/2022\/11\/30-21-NEGRO-150x150.png 150w, https:\/\/bodegaoutdoor.cl\/store\/wp-content\/uploads\/2022\/11\/30-21-NEGRO-768x768.png 768w, https:\/\/bodegaoutdoor.cl\/store\/wp-content\/uploads\/2022\/11\/30-21-NEGRO-32x32.png 32w\" sizes=\"(max-width: 800px) 100vw, 800px\" \/> <img decoding=\"async\" class=\"alignnone size-medium wp-image-63333\" src=\"https:\/\/bodegaoutdoor.cl\/store\/wp-content\/uploads\/2022\/11\/30-21-GRIS.png\" alt=\"\" width=\"800\" height=\"800\" srcset=\"https:\/\/bodegaoutdoor.cl\/store\/wp-content\/uploads\/2022\/11\/30-21-GRIS.png 800w, https:\/\/bodegaoutdoor.cl\/store\/wp-content\/uploads\/2022\/11\/30-21-GRIS-300x300.png 300w, https:\/\/bodegaoutdoor.cl\/store\/wp-content\/uploads\/2022\/11\/30-21-GRIS-100x100.png 100w, https:\/\/bodegaoutdoor.cl\/store\/wp-content\/uploads\/2022\/11\/30-21-GRIS-600x600.png 600w, https:\/\/bodegaoutdoor.cl\/store\/wp-content\/uploads\/2022\/11\/30-21-GRIS-150x150.png 150w, https:\/\/bodegaoutdoor.cl\/store\/wp-content\/uploads\/2022\/11\/30-21-GRIS-768x768.png 768w, https:\/\/bodegaoutdoor.cl\/store\/wp-content\/uploads\/2022\/11\/30-21-GRIS-32x32.png 32w\" sizes=\"(max-width: 800px) 100vw, 800px\" \/> <img loading=\"lazy\" decoding=\"async\" class=\"alignnone size-medium wp-image-63331\" src=\"https:\/\/bodegaoutdoor.cl\/store\/wp-content\/uploads\/2022\/11\/30-21-BLANCO.png\" alt=\"\" width=\"800\" height=\"800\" srcset=\"https:\/\/bodegaoutdoor.cl\/store\/wp-content\/uploads\/2022\/11\/30-21-BLANCO.png 800w, https:\/\/bodegaoutdoor.cl\/store\/wp-content\/uploads\/2022\/11\/30-21-BLANCO-300x300.png 300w, https:\/\/bodegaoutdoor.cl\/store\/wp-content\/uploads\/2022\/11\/30-21-BLANCO-100x100.png 100w, https:\/\/bodegaoutdoor.cl\/store\/wp-content\/uploads\/2022\/11\/30-21-BLANCO-600x600.png 600w, https:\/\/bodegaoutdoor.cl\/store\/wp-content\/uploads\/2022\/11\/30-21-BLANCO-150x150.png 150w, https:\/\/bodegaoutdoor.cl\/store\/wp-content\/uploads\/2022\/11\/30-21-BLANCO-768x768.png 768w, https:\/\/bodegaoutdoor.cl\/store\/wp-content\/uploads\/2022\/11\/30-21-BLANCO-32x32.png 32w\" sizes=\"(max-width: 800px) 100vw, 800px\" \/> <img loading=\"lazy\" decoding=\"async\" class=\"alignnone size-medium wp-image-63330\" src=\"https:\/\/bodegaoutdoor.cl\/store\/wp-content\/uploads\/2022\/11\/30-21-AZUL.png\" alt=\"\" width=\"800\" height=\"800\" srcset=\"https:\/\/bodegaoutdoor.cl\/store\/wp-content\/uploads\/2022\/11\/30-21-AZUL.png 800w, https:\/\/bodegaoutdoor.cl\/store\/wp-content\/uploads\/2022\/11\/30-21-AZUL-300x300.png 300w, https:\/\/bodegaoutdoor.cl\/store\/wp-content\/uploads\/2022\/11\/30-21-AZUL-100x100.png 100w, https:\/\/bodegaoutdoor.cl\/store\/wp-content\/uploads\/2022\/11\/30-21-AZUL-600x600.png 600w, https:\/\/bodegaoutdoor.cl\/store\/wp-content\/uploads\/2022\/11\/30-21-AZUL-150x150.png 150w, https:\/\/bodegaoutdoor.cl\/store\/wp-content\/uploads\/2022\/11\/30-21-AZUL-768x768.png 768w, https:\/\/bodegaoutdoor.cl\/store\/wp-content\/uploads\/2022\/11\/30-21-AZUL-32x32.png 32w\" sizes=\"(max-width: 800px) 100vw, 800px\" \/> <img loading=\"lazy\" decoding=\"async\" class=\"alignnone size-full wp-image-63329\" src=\"https:\/\/bodegaoutdoor.cl\/store\/wp-content\/uploads\/2022\/11\/30-21-5.png\" alt=\"\" width=\"790\" height=\"1414\" srcset=\"https:\/\/bodegaoutdoor.cl\/store\/wp-content\/uploads\/2022\/11\/30-21-5.png 790w, https:\/\/bodegaoutdoor.cl\/store\/wp-content\/uploads\/2022\/11\/30-21-5-600x1074.png 600w, https:\/\/bodegaoutdoor.cl\/store\/wp-content\/uploads\/2022\/11\/30-21-5-768x1375.png 768w\" sizes=\"(max-width: 790px) 100vw, 790px\" \/><\/p>\n<p>&nbsp;<\/p>\n\n    <div class=\"xs_social_share_widget xs_share_url after_content \t\tmain_content  wslu-style-1 wslu-share-box-shaped wslu-fill-colored wslu-none wslu-share-horizontal wslu-theme-font-no wslu-main_content\">\n\n\t\t\n        <ul>\n\t\t\t        <\/ul>\n    <\/div> \n","protected":false},"excerpt":{"rendered":"<p>El marco de la silla es de hierro. El material de la tela es resistente al desgarro. La malla que tiene ayuda a evitar la sudoraci\u00f3n. El empaque de la silla desarmada es muy peque\u00f1o y f\u00e1cil de llevar. &nbsp;<\/p>\n","protected":false},"featured_media":63330,"comment_status":"open","ping_status":"closed","template":"","meta":{"jetpack_publicize_message":"","jetpack_publicize_feature_enabled":true,"jetpack_social_post_already_shared":true,"jetpack_social_options":{"image_generator_settings":{"template":"highway","enabled":false},"version":2}},"product_brand":[],"product_cat":[2814],"product_tag":[],"class_list":{"0":"post-63322","1":"product","2":"type-product","3":"status-publish","4":"has-post-thumbnail","6":"product_cat-camping","8":"first","9":"instock","10":"sale","11":"taxable","12":"shipping-taxable","13":"purchasable","14":"product-type-variable"},"jetpack_publicize_connections":[],"jetpack_sharing_enabled":true,"_links":{"self":[{"href":"https:\/\/bodegaoutdoor.cl\/store\/wp-json\/wp\/v2\/product\/63322","targetHints":{"allow":["GET"]}}],"collection":[{"href":"https:\/\/bodegaoutdoor.cl\/store\/wp-json\/wp\/v2\/product"}],"about":[{"href":"https:\/\/bodegaoutdoor.cl\/store\/wp-json\/wp\/v2\/types\/product"}],"replies":[{"embeddable":true,"href":"https:\/\/bodegaoutdoor.cl\/store\/wp-json\/wp\/v2\/comments?post=63322"}],"version-history":[{"count":2,"href":"https:\/\/bodegaoutdoor.cl\/store\/wp-json\/wp\/v2\/product\/63322\/revisions"}],"predecessor-version":[{"id":63339,"href":"https:\/\/bodegaoutdoor.cl\/store\/wp-json\/wp\/v2\/product\/63322\/revisions\/63339"}],"wp:featuredmedia":[{"embeddable":true,"href":"https:\/\/bodegaoutdoor.cl\/store\/wp-json\/wp\/v2\/media\/63330"}],"wp:attachment":[{"href":"https:\/\/bodegaoutdoor.cl\/store\/wp-json\/wp\/v2\/media?parent=63322"}],"wp:term":[{"taxonomy":"product_brand","embeddable":true,"href":"https:\/\/bodegaoutdoor.cl\/store\/wp-json\/wp\/v2\/product_brand?post=63322"},{"taxonomy":"product_cat","embeddable":true,"href":"https:\/\/bodegaoutdoor.cl\/store\/wp-json\/wp\/v2\/product_cat?post=63322"},{"taxonomy":"product_tag","embeddable":true,"href":"https:\/\/bodegaoutdoor.cl\/store\/wp-json\/wp\/v2\/product_tag?post=63322"}],"curies":[{"name":"wp","href":"https:\/\/api.w.org\/{rel}","templated":true}]}}